{"id":9879,"date":"2023-05-05T10:30:57","date_gmt":"2023-05-05T10:30:57","guid":{"rendered":"https:\/\/www.eldo.com\/guide\/?page_id=9879"},"modified":"2024-02-09T14:13:43","modified_gmt":"2024-02-09T14:13:43","slug":"reglementation-de-peinture-exterieure","status":"publish","type":"page","link":"https:\/\/www.eldo.com\/guide\/peinture\/exterieure\/reglementation","title":{"rendered":"R\u00e9glementation de peinture ext\u00e9rieure"},"content":{"rendered":"<section class=\"l-section wpb_row us_custom_e4eb24e1 height_auto width_full with_overlay\"><div class=\"l-section-overlay\" style=\"background: #ffffff\"><\/div><div class=\"l-section-h i-cf\"><div class=\"g-cols vc_row type_boxes valign_middle gap-10px\"><style>.g-cols.gap-10px{margin:0 -10px}.gap-10px > .vc_column_container {padding:10px}<\/style><div class=\"vc_col-sm-12 wpb_column vc_column_container has-fill has_text_color\"><div class=\"vc_column-inner us_custom_5a952136\"><div class=\"wpb_wrapper\"><div class=\"wpb_text_column us_custom_cef92e06 has_text_color\" ><div class=\"wpb_wrapper\"><h1 style=\"text-align: center;\"><span style=\"font-weight: 400;\">R\u00e9glementation pour des travaux de peinture ext\u00e9rieure<\/span><\/h1>\n<\/div><\/div><div class=\"w-separator size_medium\"><\/div><ol class=\"g-breadcrumbs us_custom_cef92e06 separator_icon align_left has_text_color\"><li class=\"g-breadcrumbs-item\"><a href=\"https:\/\/www.eldo.com\/guide\/\">Guides travaux<\/a><meta content=\"1\"\/><\/li><li class=\"g-breadcrumbs-separator\"><i class=\"far fa-angle-right\"><\/i><\/li><li class=\"g-breadcrumbs-item\">Pages<\/li><\/ol><\/div><\/div><\/div><div class=\"vc_col-sm-12 wpb_column vc_column_container\"><div class=\"vc_column-inner\"><div class=\"wpb_wrapper\"><div class=\"wpb_text_column us_custom_ae99f6aa has_text_color\" ><div class=\"wpb_wrapper\">\n<\/div><\/div><div class=\"wpb_text_column us_custom_ae99f6aa has_text_color\" ><div class=\"wpb_wrapper\"><p><span style=\"font-weight: 400;\">Pour maintenir le bon \u00e9tat des rev\u00eatements et mat\u00e9riaux de votre b\u00e2timent, il est recommand\u00e9 de proc\u00e9der p\u00e9riodiquement, tous les 10 ou 15 ans, \u00e0 des travaux de r\u00e9novation de fa\u00e7ade. Ces travaux peuvent consister en un ravalement de fa\u00e7ades en profondeur ou en l\u2019application de peinture ext\u00e9rieure.<\/span><\/p>\n<p><span style=\"font-weight: 400;\">En effet, la peinture ext\u00e9rieure est une solution efficace pour prot\u00e9ger les mat\u00e9riaux des fa\u00e7ades et d\u00e9corer l\u2019aspect ext\u00e9rieur de votre maison. Mais avant de songer d\u2019appliquer de la peinture acrylique, glyc\u00e9ro ou \u00e9poxy sur vos murs ext\u00e9rieurs, il y a des formalit\u00e9s et d\u00e9marches administratives \u00e0 faire.<\/span><\/p>\n<p><span style=\"font-weight: 400;\">Pour la plupart, ces exigences sont contenues dans le code de l\u2019urbanisme, le code de la construction et le Plan Local d\u2019Urbanisation des r\u00e9gions qui en dispose. Mais d\u00e9j\u00e0, vous pouvez trouver dans cet article les d\u00e9marches administratives g\u00e9n\u00e9ralement recommand\u00e9es.<\/span><\/p>\n<\/div><\/div><div class=\"w-separator size_medium\"><\/div><div class=\"w-image align_center\"><div class=\"w-image-h\"><img width=\"600\" height=\"400\" src=\"https:\/\/www.eldo.com\/guide\/wp-content\/uploads\/2023\/05\/peinture-exterieur-01-600x400.jpg\" class=\"attachment-us_600_400 size-us_600_400\" alt=\"\" srcset=\"https:\/\/www.eldo.com\/guide\/wp-content\/uploads\/2023\/05\/peinture-exterieur-01-600x400.jpg 600w, https:\/\/www.eldo.com\/guide\/wp-content\/uploads\/2023\/05\/peinture-exterieur-01-300x200.jpg 300w, https:\/\/www.eldo.com\/guide\/wp-content\/uploads\/2023\/05\/peinture-exterieur-01-800x533.jpg 800w, https:\/\/www.eldo.com\/guide\/wp-content\/uploads\/2023\/05\/peinture-exterieur-01.jpg 512w\" sizes=\"(max-width: 600px) 100vw, 600px\" \/><\/div><\/div><\/div><\/div><\/div><\/div><\/div><\/section><section class=\"l-section wpb_row height_auto width_full with_overlay\"><div class=\"l-section-overlay\" style=\"background: #ffffff\"><\/div><div class=\"l-section-h i-cf\"><div class=\"g-cols vc_row type_boxes valign_middle gap-10px\"><style>.g-cols.gap-10px{margin:0 -10px}.gap-10px > .vc_column_container {padding:10px}<\/style><div class=\"vc_col-sm-12 wpb_column vc_column_container has-fill\"><div class=\"vc_column-inner us_custom_4fb9e5a3\"><div class=\"wpb_wrapper\"><div \" class=\"faq_question_container\"><h2 class=\"faq_question_title\">Quelles autorisations demand\u00e9es pour repeindre son ext\u00e9rieur\u2009?<\/h2><div class=\"faq_question_content\"><p><span style=\"font-weight: 400;\">La r\u00e9glementation fran\u00e7aise pr\u00e9voit diff\u00e9rentes formalit\u00e9s administratives obligatoires avant de lancer les travaux de peinture ext\u00e9rieure.<\/span><\/p>\n<h3><span style=\"font-weight: 400;\">Le ravalement de fa\u00e7ade, une obligation l\u00e9gale<\/span><\/h3>\n<p><span style=\"font-weight: 400;\">C\u2019est l\u2019article\u00a0L132-1 du Code de la construction qui fait obligation d\u2019entretien p\u00e9riodique des fa\u00e7ades. En effet, aux termes des dispositions de cet article, les fa\u00e7ades des immeubles doivent constamment \u00eatre tenues en bon \u00e9tat de propret\u00e9. Ce m\u00eame article pr\u00e9voit une p\u00e9riodicit\u00e9 de dix ans pour les travaux. Toutefois, elles pr\u00e9cisent que l\u2019entretien d\u00e9cennal doit \u00eatre fait sur l\u2019injonction de l\u2019autorit\u00e9 municipale au propri\u00e9taire du b\u00e2timent.\u00a0<\/span><\/p>\n<p><span style=\"font-weight: 400;\">En cons\u00e9quence, tout propri\u00e9taire d\u2019immeuble a l\u2019obligation de r\u00e9aliser le ravalement de fa\u00e7ade de son immeuble au moins une fois tous les 10 ans. Cette disposition, par contre, ne pr\u00e9cise pas explicitement si le ravalement de la fa\u00e7ade doit \u00eatre suivi de travaux de peinture.<\/span><\/p>\n<p><span style=\"font-weight: 400;\">Cependant, appliquer des couches d\u2019enduits et de peintures peut s\u2019av\u00e9rer \u00eatre une n\u00e9cessit\u00e9 subs\u00e9quente aux travaux de ravalement. En effet, en fonction de l\u2019\u00e9tat de vos murs suite aux travaux de r\u00e9novation, vous pouvez implicitement \u00eatre amen\u00e9 \u00e0 repeindre la fa\u00e7ade du b\u00e2timent.\u00a0<\/span><\/p>\n<p><span style=\"font-weight: 400;\">Bien que ces travaux soient \u00e0 la charge du propri\u00e9taire, il est mis en place un dispositif de subvention et d\u2019aides financi\u00e8res pour accompagner les foyers modestes pour la r\u00e9alisation des travaux.<\/span><\/p>\n<\/div><\/div><div class=\"w-separator size_medium\"><\/div><div class=\"w-btn-wrapper width_auto align_center\"><a class=\"w-btn us-btn-style_2\" title=\"Demander un devis\" href=\"https:\/\/devis.eldo.com\/ravalement-de-facade-new\/france?utm_source=SEO&amp;utm_medium=Guide&amp;utm_campaign=ravalement-facade-peinture-exterieure-reglementation\"><span class=\"w-btn-label\">Demander conseil<\/span><\/a><\/div><div class=\"w-separator size_medium\"><\/div><div class=\"w-image align_center\"><div class=\"w-image-h\"><img width=\"509\" height=\"339\" src=\"https:\/\/www.eldo.com\/guide\/wp-content\/uploads\/2023\/04\/peinture_exterieure.webp\" class=\"attachment-us_600_400 size-us_600_400\" alt=\"\" srcset=\"https:\/\/www.eldo.com\/guide\/wp-content\/uploads\/2023\/04\/peinture_exterieure.webp 509w, https:\/\/www.eldo.com\/guide\/wp-content\/uploads\/2023\/04\/peinture_exterieure-300x200.webp 300w\" sizes=\"(max-width: 509px) 100vw, 509px\" \/><\/div><\/div><div class=\"w-separator size_medium\"><\/div><div class=\"wpb_text_column\" ><div class=\"wpb_wrapper\"><h3><span style=\"font-weight: 400;\">La d\u00e9claration pr\u00e9alable de travaux<\/span><\/h3>\n<p><span style=\"font-weight: 400;\">Lorsque vous envisagez de lancer les travaux de peinture de la fa\u00e7ade de votre habitation, vous n\u2019avez pas la libert\u00e9 de choisir la couleur et les tons de la peinture \u00e0 appliquer. En effet, votre immeuble s\u2019int\u00e8gre au paysage de votre quartier. En cons\u00e9quence, vous ne pouvez appliquer n\u2019importe quelle couleur, au risque de faire d\u00e9noter l\u2019esth\u00e9tisme du voisinage.\u00a0<\/span><\/p>\n<p><span style=\"font-weight: 400;\">Lorsque vous voulez passer une nouvelle peinture sur votre fa\u00e7ade, vous avez l\u2019obligation d\u2019informer le service d\u2019urbanisme comp\u00e9tent. Cela se fait \u00e0 travers le d\u00e9p\u00f4t d\u2019une d\u00e9claration pr\u00e9alable de travaux. La d\u00e9claration pr\u00e9alable de travaux est adress\u00e9e \u00e0 votre mairie.<\/span><\/p>\n<p><span style=\"font-weight: 400;\">Ensuite, les services comp\u00e9tents de l\u2019urbanisme de votre commune vont se charger d\u2019\u00e9tudier votre demande et s\u2019assurer que la couleur que vous voulez appliquer sur la fa\u00e7ade figure dans la liste \u00e9tablie. Dans le cas contraire, vous pouvez recevoir une notification de refus \u00e0 votre demande.\u00a0<\/span><\/p>\n<p><span style=\"font-weight: 400;\">Il est important de souligner que les services de la mairie disposent d\u2019un d\u00e9lai d\u2019un mois pour \u00e9tudier votre demande et de vous adresser sa r\u00e9ponse d\u2019acceptation ou de refus. Pass\u00e9 ce d\u00e9lai, si la mairie ne vous a pas envoy\u00e9 de r\u00e9ponse, cela implique une acceptation implicite. Vous pourrez alors lancer les travaux de peinture de fa\u00e7ade avec la couleur que vous avez indiqu\u00e9e dans la d\u00e9claration pr\u00e9alable.<\/span><\/p>\n<\/div><\/div><div class=\"w-separator size_medium\"><\/div><div class=\"w-btn-wrapper width_auto align_center\"><a class=\"w-btn us-btn-style_2\" title=\"Demander un devis\" href=\"https:\/\/devis.eldo.com\/ravalement-de-facade-new\/france?utm_source=SEO&amp;utm_medium=Guide&amp;utm_campaign=ravalement-facade-peinture-exterieure-reglementation\"><span class=\"w-btn-label\">Demander un devis<\/span><\/a><\/div><div class=\"w-separator size_medium\"><\/div><div class=\"w-image align_center\"><div class=\"w-image-h\"><img width=\"600\" height=\"400\" src=\"https:\/\/www.eldo.com\/guide\/wp-content\/uploads\/2023\/04\/peintre-exterieur-600x400.jpg\" class=\"attachment-us_600_400 size-us_600_400\" alt=\"\" srcset=\"https:\/\/www.eldo.com\/guide\/wp-content\/uploads\/2023\/04\/peintre-exterieur-600x400.jpg 600w, https:\/\/www.eldo.com\/guide\/wp-content\/uploads\/2023\/04\/peintre-exterieur-300x200.jpg 300w, https:\/\/www.eldo.com\/guide\/wp-content\/uploads\/2023\/04\/peintre-exterieur-800x534.jpg 800w, https:\/\/www.eldo.com\/guide\/wp-content\/uploads\/2023\/04\/peintre-exterieur.jpg 512w\" sizes=\"(max-width: 600px) 100vw, 600px\" \/><\/div><\/div><div class=\"w-separator size_medium\"><\/div><div class=\"wpb_text_column\" ><div class=\"wpb_wrapper\"><h3><span style=\"font-weight: 400;\">Les autres formalit\u00e9s administratives\u00a0<\/span><\/h3>\n<p><span style=\"font-weight: 400;\">Lorsque votre b\u00e2timent est en bord de la route, les travaux de peinture sont susceptibles d\u2019empi\u00e9ter sur la voirie. Bien entendu, cela demande une autorisation sp\u00e9ciale de la mairie. Ainsi, lorsque vous \u00eates dans ce cas, il vous faut d\u00e9poser une demande d\u2019autorisation pr\u00e9alable avant de r\u00e9aliser des travaux pour la pose d\u2019un \u00e9chafaudage sur le domaine public.<\/span><\/p>\n<p><span style=\"font-weight: 400;\">Cette demande d\u2019autorisation pr\u00e9alable se fait en compl\u00e9ment de votre d\u00e9claration pr\u00e9alable de travaux. Rendez-vous dans les locaux de votre mairie pour obtenir les formulaires pr\u00e9vus \u00e0 cet effet.<\/span><\/p>\n<\/div><\/div><div class=\"w-separator size_medium\"><\/div><div class=\"w-btn-wrapper width_auto align_center\"><a class=\"w-btn us-btn-style_2\" title=\"Demander un devis\" href=\"https:\/\/devis.eldo.com\/ravalement-de-facade-new\/france?utm_source=SEO&amp;utm_medium=Guide&amp;utm_campaign=ravalement-facade-peinture-exterieure-reglementation\"><span class=\"w-btn-label\">Trouver un pro de confiance<\/span><\/a><\/div><\/div><\/div><\/div><\/div><\/div><\/section><section class=\"l-section wpb_row height_medium\"><div class=\"l-section-h i-cf\"><div class=\"g-cols vc_row type_default valign_top\"><div class=\"vc_col-sm-12 wpb_column vc_column_container\"><div class=\"vc_column-inner\"><div class=\"wpb_wrapper\"><h4 class=\"w-grid-none\">Aucun r\u00e9sultat.<\/h4><\/div><\/div><\/div><\/div><\/div><\/section><section class=\"l-section wpb_row us_custom_e91755c2 height_auto width_full with_overlay\"><div class=\"l-section-overlay\" style=\"background: #ebebeb\"><\/div><div class=\"l-section-h i-cf\"><div class=\"g-cols vc_row type_boxes valign_middle\"><div class=\"vc_col-sm-12 wpb_column vc_column_container has-fill\"><div class=\"vc_column-inner us_custom_3d836620\"><div class=\"wpb_wrapper\"><p class=\"w-itext us_custom_6df4bc3a type_typingChars align_center\" onclick='return {&quot;duration&quot;:300,&quot;delay&quot;:2000,&quot;disablePartAnimation&quot;:false,&quot;dynamicColor&quot;:&quot;#ffffff&quot;,&quot;html_nbsp_char&quot;:true}'>Je\u00a0cherche\u00a0un\u00a0pro\u00a0\u00e0\u00a0<span class=\"w-itext-part changesat_0 changesat_1 changesat_2 changesat_3 changesat_4 dynamic\" style=\"color:#ffffff\" onclick='return [&quot;Bordeaux&quot;,&quot;Toulouse&quot;,&quot;Paris&quot;,&quot;Nantes&quot;,&quot;Marseille&quot;]'><span>Bordeaux<\/span><i class=\"w-itext-cursor\"><\/i><\/span><\/p><\/div><\/div><\/div><\/div><\/div><\/section>\n","protected":false},"excerpt":{"rendered":"R\u00e9glementation pour des travaux de peinture ext\u00e9rieure Guides travauxPages Pour maintenir le bon \u00e9tat des rev\u00eatements et mat\u00e9riaux de votre b\u00e2timent, il est recommand\u00e9 de proc\u00e9der p\u00e9riodiquement, tous les 10 ou 15 ans, \u00e0 des travaux de r\u00e9novation de fa\u00e7ade. Ces travaux peuvent consister en un ravalement de fa\u00e7ades en profondeur ou en l\u2019application de...","protected":false},"author":5,"featured_media":9880,"parent":9861,"menu_order":0,"comment_status":"closed","ping_status":"closed","template":"","meta":[],"page_tags":[],"_links":{"self":[{"href":"https:\/\/www.eldo.com\/guide\/wp-json\/wp\/v2\/pages\/9879"}],"collection":[{"href":"https:\/\/www.eldo.com\/guide\/wp-json\/wp\/v2\/pages"}],"about":[{"href":"https:\/\/www.eldo.com\/guide\/wp-json\/wp\/v2\/types\/page"}],"author":[{"embeddable":true,"href":"https:\/\/www.eldo.com\/guide\/wp-json\/wp\/v2\/users\/5"}],"replies":[{"embeddable":true,"href":"https:\/\/www.eldo.com\/guide\/wp-json\/wp\/v2\/comments?post=9879"}],"version-history":[{"count":2,"href":"https:\/\/www.eldo.com\/guide\/wp-json\/wp\/v2\/pages\/9879\/revisions"}],"predecessor-version":[{"id":10814,"href":"https:\/\/www.eldo.com\/guide\/wp-json\/wp\/v2\/pages\/9879\/revisions\/10814"}],"up":[{"embeddable":true,"href":"https:\/\/www.eldo.com\/guide\/wp-json\/wp\/v2\/pages\/9861"}],"wp:featuredmedia":[{"embeddable":true,"href":"https:\/\/www.eldo.com\/guide\/wp-json\/wp\/v2\/media\/9880"}],"wp:attachment":[{"href":"https:\/\/www.eldo.com\/guide\/wp-json\/wp\/v2\/media?parent=9879"}],"wp:term":[{"taxonomy":"page_tags","embeddable":true,"href":"https:\/\/www.eldo.com\/guide\/wp-json\/wp\/v2\/page_tags?post=9879"}],"curies":[{"name":"wp","href":"https:\/\/api.w.org\/{rel}","templated":true}]}}