{"id":9712,"date":"2023-02-15T16:29:32","date_gmt":"2023-02-15T16:29:32","guid":{"rendered":"https:\/\/www.eldo.com\/guide\/?page_id=9712"},"modified":"2023-02-23T15:40:35","modified_gmt":"2023-02-23T15:40:35","slug":"serrurerie-fonctionnement","status":"publish","type":"page","link":"https:\/\/www.eldo.com\/guide\/serrurerie\/fonctionnement","title":{"rendered":"Serrurerie fonctionnement"},"content":{"rendered":"<section class=\"l-section wpb_row us_custom_e4eb24e1 height_auto width_full with_overlay\"><div class=\"l-section-overlay\" style=\"background: #ffffff\"><\/div><div class=\"l-section-h i-cf\"><div class=\"g-cols vc_row type_boxes valign_middle gap-10px\"><style>.g-cols.gap-10px{margin:0 -10px}.gap-10px > .vc_column_container {padding:10px}<\/style><div class=\"vc_col-sm-12 wpb_column vc_column_container has-fill has_text_color\"><div class=\"vc_column-inner us_custom_4d09b8dc\"><div class=\"wpb_wrapper\"><div class=\"wpb_text_column us_custom_cef92e06 has_text_color\" ><div class=\"wpb_wrapper\"><h1 style=\"text-align: center;\"><span style=\"font-weight: 400;\">Comment fonctionne une serrure\u2009?<\/span><\/h1>\n<\/div><\/div><div class=\"w-separator size_medium\"><\/div><ol class=\"g-breadcrumbs us_custom_cef92e06 separator_icon align_left has_text_color\"><li class=\"g-breadcrumbs-item\"><a href=\"https:\/\/www.eldo.com\/guide\/\">Guides travaux<\/a><meta content=\"1\"\/><\/li><li class=\"g-breadcrumbs-separator\"><i class=\"far fa-angle-right\"><\/i><\/li><li class=\"g-breadcrumbs-item\">Pages<\/li><\/ol><\/div><\/div><\/div><div class=\"vc_col-sm-12 wpb_column vc_column_container\"><div class=\"vc_column-inner\"><div class=\"wpb_wrapper\"><div class=\"wpb_text_column us_custom_ae99f6aa has_text_color\" ><div class=\"wpb_wrapper\">\n<\/div><\/div><div class=\"wpb_text_column us_custom_ae99f6aa has_text_color\" ><div class=\"wpb_wrapper\"><p><span style=\"font-weight: 400;\">Ouvrir une porte et la fermer est facile gr\u00e2ce au jeu de poign\u00e9e et du p\u00eane demi-tour. Mais, pour verrouiller et d\u00e9verrouiller, la serrure suit un m\u00e9canisme qui assure de bloquer la porte d\u2019entr\u00e9e sur un ou plusieurs points d\u2019ancrage.<\/span><\/p>\n<p><span style=\"font-weight: 400;\">Le verrouillage et le d\u00e9verrouillage d\u2019une porte, quel que soit son type, m\u00eame une porte blind\u00e9e, est devenu compl\u00e8tement anodin si bien qu\u2019on oublie qu\u2019il s\u2019agit d\u2019un m\u00e9canisme assez \u00e9labor\u00e9.<\/span><\/p>\n<\/div><\/div><div class=\"w-separator size_medium\"><\/div><div class=\"w-image align_center\"><div class=\"w-image-h\"><img width=\"600\" height=\"400\" src=\"https:\/\/www.eldo.com\/guide\/wp-content\/uploads\/2023\/02\/woman-hand-unlocking-door-with-key-2-600x400.jpg\" class=\"attachment-us_600_400 size-us_600_400\" alt=\"\" srcset=\"https:\/\/www.eldo.com\/guide\/wp-content\/uploads\/2023\/02\/woman-hand-unlocking-door-with-key-2-600x400.jpg 600w, https:\/\/www.eldo.com\/guide\/wp-content\/uploads\/2023\/02\/woman-hand-unlocking-door-with-key-2-300x200.jpg 300w, https:\/\/www.eldo.com\/guide\/wp-content\/uploads\/2023\/02\/woman-hand-unlocking-door-with-key-2-1024x683.jpg 1024w, https:\/\/www.eldo.com\/guide\/wp-content\/uploads\/2023\/02\/woman-hand-unlocking-door-with-key-2-800x534.jpg 800w, https:\/\/www.eldo.com\/guide\/wp-content\/uploads\/2023\/02\/woman-hand-unlocking-door-with-key-2.jpg 512w\" sizes=\"(max-width: 600px) 100vw, 600px\" \/><\/div><\/div><\/div><\/div><\/div><\/div><\/div><\/section><section class=\"l-section wpb_row height_auto width_full with_overlay\"><div class=\"l-section-overlay\" style=\"background: #ffffff\"><\/div><div class=\"l-section-h i-cf\"><div class=\"g-cols vc_row type_boxes valign_middle gap-10px\"><style>.g-cols.gap-10px{margin:0 -10px}.gap-10px > .vc_column_container {padding:10px}<\/style><div class=\"vc_col-sm-12 wpb_column vc_column_container has-fill\"><div class=\"vc_column-inner us_custom_4fb9e5a3\"><div class=\"wpb_wrapper\"><div \" class=\"faq_question_container\"><h2 class=\"faq_question_title\">Comment et quel est le fonctionnement d\u2019une serrure\u2009?<\/h2><div class=\"faq_question_content\"><p><span style=\"font-weight: 400;\">Les serrures suivent un fonctionnement assez complexe, contrairement \u00e0 ce que l\u2019on peut imaginer. En effet, l\u2019int\u00e9rieur d\u2019une serrure est compos\u00e9 de diff\u00e9rents \u00e9l\u00e9ments de tr\u00e8s petite taille et assumant une fonction bien pr\u00e9cise.<\/span><\/p>\n<h3><span style=\"font-weight: 400;\">Le m\u00e9canisme de fonctionnement des serrures<\/span><\/h3>\n<p><span style=\"font-weight: 400;\">Chaque composant de la serrure (p\u00eane, goupille, <a href=\"https:\/\/www.eldo.com\/guide\/serrurerie\/fonctionnement\/gache\">g\u00e2che<\/a>, cylindre ou barillet et vis) assume une fonction sp\u00e9cifique dans le processus d\u2019ouverture de porte. Par exemple, lorsque l\u2019on ins\u00e8re une clef dans le cylindre de serrure, cela conduit au rel\u00e8vement des goupilles et \u00e0 l\u2019alignement des contre-goupilles.<\/span><\/p>\n<p><span style=\"font-weight: 400;\">Lorsque la cl\u00e9 correspond, l\u2019alignement des goupilles permet de tourner la cl\u00e9 et entra\u00eener le mouvement de la g\u00e2che dans la g\u00e2che ou hors de la g\u00e2che. Le mouvement du p\u00eane dans la serrure et son retour sont possibles gr\u00e2ce \u00e0 la compression des ressorts dans le coffre. Cette compression est caus\u00e9e par le mouvement de rotation de la cl\u00e9 dans le cylindre.<\/span><\/p>\n<p><span style=\"font-weight: 400;\">Lorsque le p\u00eane entre dans la g\u00e2che, cela bloque la porte et, \u00e0 l\u2019inverse, la d\u00e9bloque lorsque le p\u00eane est hors de la g\u00e2che. Il est \u00e0 noter que si toutes les marques de serrure respectent le m\u00eame mode de fonction, il existe certaines diff\u00e9rences en fonction du type de serrure.<\/span><\/p>\n<p><span style=\"font-weight: 400;\">Ainsi, selon le mod\u00e8le, la serrure peut verrouiller une porte au niveau d\u2019un ou de plusieurs points d\u2019ancrage. On parle de serrure monopoint pour les serrures classiques disposant d\u2019un seul p\u00eane, donc un point d\u2019ancrage. Au contraire, les serrures multipoints pr\u00e9sentent entre trois et cinq points d\u2019ancrage. Il s\u2019agit de serrures haute s\u00e9curit\u00e9 vous mettant parfaitement \u00e0 l\u2019abri de toute tentative d\u2019effraction et de cambriolage. De plus, la serrure multipoints est, dans sa grande majorit\u00e9 de mod\u00e8les, une serrure brevet\u00e9e, aux normes NF ou certifi\u00e9e A2P. Toutes ces certifications sont autant de garanties de la bonne qualit\u00e9 et de la solidit\u00e9 des serrures.\u00a0<\/span><\/p>\n<p><span style=\"font-weight: 400;\">La serrure multipoints est g\u00e9n\u00e9ralement pr\u00e9f\u00e9r\u00e9e pour verrouiller une porte blind\u00e9e, un coffre-fort, mais aussi des portes d\u2019entr\u00e9e et m\u00eame une porte de garage.\u00a0<\/span><\/p>\n<h3><span style=\"font-weight: 400;\">Que faire lorsque votre serrure est bloqu\u00e9e\u2009?\u00a0<\/span><\/h3>\n<p><span style=\"font-weight: 400;\">Lorsque l\u2019un des composants de la serrure est d\u00e9fectueux, il peut se manifester certains dysfonctionnements. En effet, la probabilit\u00e9 est forte que la cl\u00e9 se coince dans une serrure d\u00e9fectueuse. Une porte claqu\u00e9e ou une serrure qui coince sont les principales manifestations d\u2019un probl\u00e8me de serrure.<\/span><\/p>\n<p><span style=\"font-weight: 400;\">Pour y rem\u00e9dier, il est recommand\u00e9 de rapidement faire appel \u00e0 un artisan <a href=\"https:\/\/www.eldo.com\/guide\/serrurerie\/pros\">serrurier<\/a> en vue d\u2019un d\u00e9pannage d\u2019urgence. Le d\u00e9pannage serrurier peut constituer en une intervention urgente afin de remplacer la serrure, installer une nouvelle serrure, afin de pouvoir ouvrir la porte. \u00c0 d\u00e9faut, vous pouvez simplement changer de cylindre et obtenir un jeu de cl\u00e9s. Faire un double des cl\u00e9s pour avoir des cl\u00e9s secours. En effet, les cas de cl\u00e9 perdue ou \u00e9gar\u00e9e sont beaucoup plus fr\u00e9quents que vous pouvez l\u2019imaginer.<\/span><\/p>\n<\/div><\/div><div class=\"w-separator size_medium\"><\/div><div class=\"w-btn-wrapper width_auto align_center\"><a class=\"w-btn us-btn-style_2\" title=\"Demander un devis\" href=\"https:\/\/www.eldo.com\/demande-devis?utm_source=gmb&amp;utm_medium=SEO&amp;utm_campaign=serrurerie-fonctionnement\"><span class=\"w-btn-label\">Demander conseil<\/span><\/a><\/div><div class=\"w-separator size_medium\"><\/div><div class=\"w-image align_center\"><div class=\"w-image-h\"><img width=\"600\" height=\"400\" src=\"https:\/\/www.eldo.com\/guide\/wp-content\/uploads\/2023\/02\/AdobeStock_66962245-scaled.jpeg\" class=\"attachment-us_600_400 size-us_600_400\" alt=\"\" srcset=\"https:\/\/www.eldo.com\/guide\/wp-content\/uploads\/2023\/02\/AdobeStock_66962245-scaled.jpeg 2560w, https:\/\/www.eldo.com\/guide\/wp-content\/uploads\/2023\/02\/AdobeStock_66962245-300x200.jpeg 300w, https:\/\/www.eldo.com\/guide\/wp-content\/uploads\/2023\/02\/AdobeStock_66962245-1024x683.jpeg 1024w\" sizes=\"(max-width: 600px) 100vw, 600px\" \/><\/div><\/div><div class=\"w-separator size_medium\"><\/div><div class=\"wpb_text_column\" ><div class=\"wpb_wrapper\"><h2><span style=\"font-weight: 400;\">Les composants d\u2019une serrure<\/span><\/h2>\n<p><span style=\"font-weight: 400;\">En fonction du type de serrure utilis\u00e9 pour limiter les cambriolages et effractions, il existe diff\u00e9rents \u00e9l\u00e9ments qui entrent dans le syst\u00e8me de verrouillage de votre serrure. Toutefois, il y a des \u00e9l\u00e9ments indispensables pour les m\u00e9canismes qui permettent de verrouiller ou d\u00e9verrouiller la porte.<\/span><\/p>\n<p><span style=\"font-weight: 400;\">Comme mentionn\u00e9 plus haut, chaque pi\u00e8ce de votre serrure a une fonction bien pr\u00e9cise.<\/span><\/p>\n<h3><span style=\"font-weight: 400;\">Le p\u00eane<\/span><\/h3>\n<p><span style=\"font-weight: 400;\">Pi\u00e8ce mobile situ\u00e9e \u00e0 l\u2019int\u00e9rieur du bo\u00eetier d\u2019une serrure, le p\u00eane est le composant de la serrure porte qui permet de bloquer le verrou. C\u2019est la qualit\u00e9 du p\u00eane qui d\u00e9termine le niveau de s\u00e9curit\u00e9 de tous <a href=\"https:\/\/www.eldo.com\/guide\/serrurerie\/types\">types de serrures<\/a>.\u00a0<\/span><\/p>\n<p><span style=\"font-weight: 400;\">En effet, qu\u2019il s\u2019agisse d\u2019une serrure \u00e0 encastrer (\u00e0 mortaiser ou \u00e0 larder) ou d\u2019une serrure en applique, le p\u00eane peut \u00eatre reli\u00e9 \u00e0 plusieurs verrous afin de limiter les risques de crochetage. La serrure \u00e0 encastrer ou la serrure \u00e0 larder peut pr\u00e9senter trois \u00e0 cinq points d\u2019ancrage pour vous \u00e9loigner des cambrioleurs et de toute tentative d\u2019effraction.\u00a0<\/span><\/p>\n<p><span style=\"font-weight: 400;\">Pour assumer cette fonction, le p\u00eane est activ\u00e9 par un cylindre encore appel\u00e9 barillet. Toutefois, il y a lieu de pr\u00e9ciser que les cylindres activent le p\u00eane de fa\u00e7on indirecte. En effet, c\u2019est gr\u00e2ce au mouvement de la clef dans le barillet serrure que le mouvement lat\u00e9ral du p\u00eane est possible.<\/span><\/p>\n<p><span style=\"font-weight: 400;\">Enfin, il existe diff\u00e9rents types de p\u00eanes qui d\u00e9terminent le niveau de s\u00e9curit\u00e9 de la serrure. Par exemple, c\u2019est en fonction du type de p\u00eane que l\u2019on peut reconna\u00eetre une serrure de s\u00e9curit\u00e9 ou une serrure antipanique. Les diff\u00e9rents types de p\u00eanes sont entre autres\u00a0:\u00a0<\/span><\/p>\n<ul>\n<li style=\"font-weight: 400;\" aria-level=\"1\"><span style=\"font-weight: 400;\">Le p\u00eane dormant<\/span><span style=\"font-weight: 400;\">\u2009<\/span><span style=\"font-weight: 400;\">;\u00a0<\/span><\/li>\n<li style=\"font-weight: 400;\" aria-level=\"1\"><span style=\"font-weight: 400;\">La b\u00e9narde<\/span><span style=\"font-weight: 400;\">\u2009<\/span><span style=\"font-weight: 400;\">;\u00a0<\/span><\/li>\n<li style=\"font-weight: 400;\" aria-level=\"1\"><span style=\"font-weight: 400;\">La camarde<\/span><span style=\"font-weight: 400;\">\u2009<\/span><span style=\"font-weight: 400;\">;\u00a0<\/span><\/li>\n<li style=\"font-weight: 400;\" aria-level=\"1\"><span style=\"font-weight: 400;\">Le p\u00eane demi-tour<\/span><span style=\"font-weight: 400;\">\u2009<\/span><span style=\"font-weight: 400;\">;\u00a0<\/span><\/li>\n<li style=\"font-weight: 400;\" aria-level=\"1\"><span style=\"font-weight: 400;\">Le p\u00eane quart de tour.\u00a0\u00a0<\/span><\/li>\n<\/ul>\n<h3><span style=\"font-weight: 400;\">La g\u00e2che<\/span><\/h3>\n<p><span style=\"font-weight: 400;\">En serrurerie, la g\u00e2che est la seule pi\u00e8ce qui n\u2019est pas un composant bo\u00eetier. En effet, il s\u2019agit d\u2019une pi\u00e8ce de m\u00e9tal fix\u00e9e et viss\u00e9e sur le chambranle de la porte. De sa position, la g\u00e2che permet de renforcer la fermeture de porte. En effet, dans son mouvement lat\u00e9ral, le p\u00eane vient s\u2019ins\u00e9rer dans la g\u00e2che, permettant alors de verrouiller une porte d\u2019entr\u00e9e ou une porte blind\u00e9e. C\u2019est donc la solidit\u00e9 de la g\u00e2che qui permet d\u2019assurer le niveau de s\u00e9curit\u00e9 d\u2019une serrure barillet. Ainsi, plus la g\u00e2che est solide, plus la serrure sera de haute s\u00e9curit\u00e9.<\/span><\/p>\n<p><span style=\"font-weight: 400;\">Le choix de la g\u00e2che permet donc de mettre votre maison et vos biens \u00e0 l\u2019abri des cambrioleurs ou de toute tentative d\u2019effraction. Enfin, il existe deux types de g\u00e2ches\u00a0: la g\u00e2che m\u00e9canique et la g\u00e2che \u00e9lectrique. Pour installer une serrure, la g\u00e2che m\u00e9canique est la plus pl\u00e9biscit\u00e9e en raison de son prix abordable.<\/span><\/p>\n<h3><span style=\"font-weight: 400;\">Le cylindre<\/span><\/h3>\n<p><span style=\"font-weight: 400;\">Pi\u00e8ce ma\u00eetresse du m\u00e9canisme de blocage de porte, le <a href=\"https:\/\/www.eldo.com\/guide\/serrurerie\/fonctionnement\/gache\">cylindre<\/a> de serrure est aussi appel\u00e9 canon, barillet ou profil de serrure. L\u2019alignement des goupilles se fait lorsque la cl\u00e9 plate est ins\u00e9r\u00e9e dans le cylindre. En cons\u00e9quence, le cylindre est l\u2019\u00e9l\u00e9ment sans lequel l\u2019ouverture de porte est tout simplement impossible.<\/span><\/p>\n<p><span style=\"font-weight: 400;\">Ainsi, le remplacement du cylindre, au lieu de changer de serrure, est parfois recommand\u00e9 par les serruriers lorsque l\u2019intervention ne n\u00e9cessite pas la pose de serrure nouvelle.<\/span><\/p>\n<h3><span style=\"font-weight: 400;\">Le prot\u00e8ge cylindre<\/span><\/h3>\n<p><span style=\"font-weight: 400;\">Les principales m\u00e9thodes d\u2019effraction des cambrioleurs sont le crochetage, le per\u00e7age, la destruction ou tout simplement l\u2019arrachement du cylindre. Cette pi\u00e8ce ma\u00eetresse de votre serrure est donc tr\u00e8s souvent expos\u00e9e.\u00a0<\/span><\/p>\n<p><span style=\"font-weight: 400;\">Pour mieux prot\u00e9ger le cylindre de serrure, vous pouvez y placer une pi\u00e8ce sp\u00e9ciale qui va le couvrir et le mettre \u00e0 l\u2019abri de crochet ou tout autre \u00e9quipement de vol. Le prot\u00e8ge cylindre couvre le cylindre de porte et emp\u00eache l\u2019insertion de tout dispositif susceptible d\u2019ouvrir la serrure sans la cl\u00e9 ou de forcer la serrure.<\/span><\/p>\n<h3><span style=\"font-weight: 400;\">La t\u00eati\u00e8re de serrure<\/span><\/h3>\n<p><span style=\"font-weight: 400;\">La t\u00eati\u00e8re est la partie visible de la serrure situ\u00e9e sur le profil d\u2019une porte lorsque cette derni\u00e8re est ouverte. Ainsi, lorsque la porte est ferm\u00e9e, la t\u00eati\u00e8re de porte fait face \u00e0 la g\u00e2che. Il s\u2019agit d\u2019une pi\u00e8ce de finition qui permet de limiter les entraves lors du m\u00e9canisme d\u2019ouverture et de fermeture de la porte.\u00a0\u00a0<\/span><\/p>\n<h3><span style=\"font-weight: 400;\">Le loqueteau \u00e0 pression<\/span><\/h3>\n<p><span style=\"font-weight: 400;\">G\u00e9n\u00e9ralement install\u00e9 sur les portes d\u00e9pourvues de serrure, le loqueteau \u00e0 pression est un syst\u00e8me de verrouillage dont le niveau de s\u00e9curit\u00e9 de la fermeture est assez faible. Le plus souvent, ils ne sont pas verrouill\u00e9s et sont plac\u00e9s pour fermer une porte de placard, de volets roulants, de loggia ou encore de meubles.<\/span><\/p>\n<\/div><\/div><div class=\"w-separator size_medium\"><\/div><div class=\"w-btn-wrapper width_auto align_center\"><a class=\"w-btn us-btn-style_2\" title=\"Demander un devis\" href=\"https:\/\/www.eldo.com\/demande-devis?utm_source=gmb&amp;utm_medium=SEO&amp;utm_campaign=serrurerie-fonctionnement\"><span class=\"w-btn-label\">Demander un devis<\/span><\/a><\/div><\/div><\/div><\/div><\/div><\/div><\/section><section class=\"l-section wpb_row height_medium\"><div class=\"l-section-h i-cf\"><div class=\"g-cols vc_row type_default valign_top\"><div class=\"vc_col-sm-12 wpb_column vc_column_container\"><div class=\"vc_column-inner\"><div class=\"wpb_wrapper\"><div class=\"w-grid type_grid layout_portfolio_3 cols_2 valign_center ratio_1x1\" id=\"us_grid_1\"><style id=\"us_grid_1_css\">#us_grid_1 .w-grid-item{padding:1.5rem}#us_grid_1 .w-grid-list{margin:-1.5rem}.w-grid + #us_grid_1 .w-grid-list{margin-top:1.5rem}@media (max-width:599px){#us_grid_1 .w-grid-list{margin:0}#us_grid_1 .w-grid-item{width:100.0000%;padding:0;margin-bottom:1.5rem}}<\/style><style>.layout_portfolio_3 .w-grid-item-h:before{padding-bottom:100.0000%}@media (min-width:600px){.layout_portfolio_3 .w-grid-item.size_1x2 .w-grid-item-h:before{padding-bottom:calc(200.0000% + 1.5rem + 1.5rem)}.layout_portfolio_3 .w-grid-item.size_2x1 .w-grid-item-h:before{padding-bottom:calc(50.0000% - 1.5rem * 1.0000)}.layout_portfolio_3 .w-grid-item.size_2x2 .w-grid-item-h:before{padding-bottom:calc(100.0000% - 1.5rem * 0)}}.layout_portfolio_3 .w-grid-item-h{}.layout_portfolio_3 .usg_post_image_1{transition-duration:0.4s;transform-origin:50% 50%;transform:scale(1) translate(0,0);opacity:0.25}.layout_portfolio_3 .w-grid-item-h:hover .usg_post_image_1{transform:scale(1) translate(0,0);opacity:1}.layout_portfolio_3 .usg_post_title_1{transition-duration:0.3s;transform-origin:50% 50%;transform:scale(1) translate(0,0)}.layout_portfolio_3 .w-grid-item-h:hover .usg_post_title_1{transform:scale(1) translate(0,-100%);opacity:0}.layout_portfolio_3 .usg_post_taxonomy_1{transition-duration:0.3s;transform-origin:50% 50%;transform:scale(1) translate(0,0)}.layout_portfolio_3 .w-grid-item-h:hover .usg_post_taxonomy_1{transform:scale(1) translate(0,100%);opacity:0}.layout_portfolio_3 .usg_post_image_1{position:absolute!important;top:0!important;right:0!important;bottom:0!important;left:0!important}.layout_portfolio_3 .usg_vwrapper_1{position:absolute!important;top:0!important;right:0!important;bottom:0!important;left:0!important;padding:2rem!important}.layout_portfolio_3 .usg_post_title_1{color:inherit!important;font-size:1.4rem!important}<\/style><div class=\"w-grid-list\" >\t<article class=\"w-grid-item size_1x1 post-9724 page type-page status-publish has-post-thumbnail hentry\" data-id=\"9724\">\r\n\t\t<div class=\"w-grid-item-h\">\r\n\t\t\t\t\t\t\t<a class=\"w-grid-item-anchor\" href=\"https:\/\/www.eldo.com\/guide\/serrurerie\/fonctionnement\/cylindre\" rel=\"bookmark\" aria-label=\"Qu\u2019est-ce qu\u2019un cache cylindre ?\"><\/a>\r\n\t\t\t\t\t\t<div class=\"w-post-elm post_image usg_post_image_1 stretched\"><img width=\"1024\" height=\"681\" src=\"https:\/\/www.eldo.com\/guide\/wp-content\/uploads\/2023\/02\/AdobeStock_538173153-scaled.jpeg\" class=\"attachment-large size-large wp-post-image\" alt=\"\" srcset=\"https:\/\/www.eldo.com\/guide\/wp-content\/uploads\/2023\/02\/AdobeStock_538173153-scaled.jpeg 2560w, https:\/\/www.eldo.com\/guide\/wp-content\/uploads\/2023\/02\/AdobeStock_538173153-300x200.jpeg 300w\" sizes=\"(max-width: 1024px) 100vw, 1024px\" \/><\/div><div class=\"w-vwrapper usg_vwrapper_1 align_center valign_middle\"><h2 class=\"w-post-elm post_title usg_post_title_1 entry-title color_link_inherit has_text_color\">Qu\u2019est-ce qu\u2019un cache cylindre ?<\/h2><\/div>\t\t<\/div>\r\n\t<\/article>\r\n\t<article class=\"w-grid-item size_1x1 post-9715 page type-page status-publish has-post-thumbnail hentry\" data-id=\"9715\">\r\n\t\t<div class=\"w-grid-item-h\">\r\n\t\t\t\t\t\t\t<a class=\"w-grid-item-anchor\" href=\"https:\/\/www.eldo.com\/guide\/serrurerie\/fonctionnement\/gache\" rel=\"bookmark\" aria-label=\"Serrurerie fonctionnement de la g\u00e2che\"><\/a>\r\n\t\t\t\t\t\t<div class=\"w-post-elm post_image usg_post_image_1 stretched\"><img width=\"1024\" height=\"538\" src=\"https:\/\/www.eldo.com\/guide\/wp-content\/uploads\/2023\/02\/serrure-de-porte-1024x538.jpg\" class=\"attachment-large size-large wp-post-image\" alt=\"\" srcset=\"https:\/\/www.eldo.com\/guide\/wp-content\/uploads\/2023\/02\/serrure-de-porte-1024x538.jpg 1024w, https:\/\/www.eldo.com\/guide\/wp-content\/uploads\/2023\/02\/serrure-de-porte-300x158.jpg 300w, https:\/\/www.eldo.com\/guide\/wp-content\/uploads\/2023\/02\/serrure-de-porte-600x315.jpg 600w, https:\/\/www.eldo.com\/guide\/wp-content\/uploads\/2023\/02\/serrure-de-porte-800x420.jpg 800w, https:\/\/www.eldo.com\/guide\/wp-content\/uploads\/2023\/02\/serrure-de-porte.jpg 512w\" sizes=\"(max-width: 1024px) 100vw, 1024px\" \/><\/div><div class=\"w-vwrapper usg_vwrapper_1 align_center valign_middle\"><h2 class=\"w-post-elm post_title usg_post_title_1 entry-title color_link_inherit has_text_color\">Serrurerie fonctionnement de la g\u00e2che<\/h2><\/div>\t\t<\/div>\r\n\t<\/article>\r\n<\/div><div class=\"w-grid-preloader\"><div class=\"g-preloader type_1\">\r\n\t<div><\/div>\r\n<\/div>\r\n<\/div>\t<div class=\"w-grid-json hidden\" onclick='return {&quot;action&quot;:&quot;us_ajax_grid&quot;,&quot;ajax_url&quot;:&quot;https:\\\/\\\/www.eldo.com\\\/guide\\\/wp-admin\\\/admin-ajax.php&quot;,&quot;infinite_scroll&quot;:0,&quot;max_num_pages&quot;:1,&quot;pagination&quot;:&quot;none&quot;,&quot;permalink_url&quot;:&quot;https:\\\/\\\/www.eldo.com\\\/guide\\\/wp-json\\\/wp\\\/v2\\\/pages\\\/9712&quot;,&quot;template_vars&quot;:{&quot;columns&quot;:&quot;2&quot;,&quot;exclude_items&quot;:&quot;none&quot;,&quot;img_size&quot;:&quot;default&quot;,&quot;ignore_items_size&quot;:false,&quot;items_layout&quot;:&quot;portfolio_3&quot;,&quot;items_offset&quot;:&quot;1&quot;,&quot;load_animation&quot;:&quot;none&quot;,&quot;overriding_link&quot;:&quot;post&quot;,&quot;post_id&quot;:9712,&quot;query_args&quot;:{&quot;ignore_sticky_posts&quot;:1,&quot;post_type&quot;:&quot;any&quot;,&quot;post__in&quot;:[&quot;9715&quot;,&quot;9724&quot;],&quot;posts_per_page&quot;:&quot;10&quot;},&quot;orderby_query_args&quot;:{&quot;orderby&quot;:{&quot;date&quot;:&quot;DESC&quot;}},&quot;type&quot;:&quot;grid&quot;,&quot;us_grid_ajax_index&quot;:1,&quot;us_grid_filter_params&quot;:null,&quot;us_grid_index&quot;:1,&quot;_us_grid_post_type&quot;:&quot;ids&quot;}}'><\/div>\r\n\t<\/div><\/div><\/div><\/div><\/div><\/div><\/section><section class=\"l-section wpb_row us_custom_e91755c2 height_auto width_full with_overlay\"><div class=\"l-section-overlay\" style=\"background: #ebebeb\"><\/div><div class=\"l-section-h i-cf\"><div class=\"g-cols vc_row type_boxes valign_middle\"><div class=\"vc_col-sm-12 wpb_column vc_column_container has-fill\"><div class=\"vc_column-inner us_custom_54826e58\"><div class=\"wpb_wrapper\"><p class=\"w-itext us_custom_6df4bc3a type_typingChars align_center\" onclick='return {&quot;duration&quot;:300,&quot;delay&quot;:2000,&quot;disablePartAnimation&quot;:false,&quot;dynamicColor&quot;:&quot;#ffffff&quot;,&quot;html_nbsp_char&quot;:true}'>Je\u00a0cherche\u00a0un\u00a0pro\u00a0\u00e0\u00a0<span class=\"w-itext-part changesat_0 changesat_1 changesat_2 changesat_3 changesat_4 dynamic\" style=\"color:#ffffff\" onclick='return [&quot;Bordeaux&quot;,&quot;Toulouse&quot;,&quot;Paris&quot;,&quot;Nantes&quot;,&quot;Marseille&quot;]'><span>Bordeaux<\/span><i class=\"w-itext-cursor\"><\/i><\/span><\/p><\/div><\/div><\/div><\/div><\/div><\/section>\n","protected":false},"excerpt":{"rendered":"\u00c0 quoi sert une g\u00e2che pour sa serrure\u2009? Guides travauxPages Pi\u00e8ce m\u00e9tallique viss\u00e9e au niveau du chambranle d\u2019une porte, la g\u00e2che permet de renforcer le verrouillage d\u2019une porte. En effet, le p\u00eane, en s\u2019ins\u00e9rant dans la g\u00e2che constitue un point d\u2019ancrage qui augmente la solidit\u00e9 de la fermeture de la porte. Tout ce qu\u2019il y...","protected":false},"author":5,"featured_media":9713,"parent":9602,"menu_order":0,"comment_status":"closed","ping_status":"closed","template":"","meta":[],"page_tags":[],"_links":{"self":[{"href":"https:\/\/www.eldo.com\/guide\/wp-json\/wp\/v2\/pages\/9712"}],"collection":[{"href":"https:\/\/www.eldo.com\/guide\/wp-json\/wp\/v2\/pages"}],"about":[{"href":"https:\/\/www.eldo.com\/guide\/wp-json\/wp\/v2\/types\/page"}],"author":[{"embeddable":true,"href":"https:\/\/www.eldo.com\/guide\/wp-json\/wp\/v2\/users\/5"}],"replies":[{"embeddable":true,"href":"https:\/\/www.eldo.com\/guide\/wp-json\/wp\/v2\/comments?post=9712"}],"version-history":[{"count":3,"href":"https:\/\/www.eldo.com\/guide\/wp-json\/wp\/v2\/pages\/9712\/revisions"}],"predecessor-version":[{"id":9759,"href":"https:\/\/www.eldo.com\/guide\/wp-json\/wp\/v2\/pages\/9712\/revisions\/9759"}],"up":[{"embeddable":true,"href":"https:\/\/www.eldo.com\/guide\/wp-json\/wp\/v2\/pages\/9602"}],"wp:featuredmedia":[{"embeddable":true,"href":"https:\/\/www.eldo.com\/guide\/wp-json\/wp\/v2\/media\/9713"}],"wp:attachment":[{"href":"https:\/\/www.eldo.com\/guide\/wp-json\/wp\/v2\/media?parent=9712"}],"wp:term":[{"taxonomy":"page_tags","embeddable":true,"href":"https:\/\/www.eldo.com\/guide\/wp-json\/wp\/v2\/page_tags?post=9712"}],"curies":[{"name":"wp","href":"https:\/\/api.w.org\/{rel}","templated":true}]}}