{"id":9661,"date":"2023-02-15T14:52:43","date_gmt":"2023-02-15T14:52:43","guid":{"rendered":"https:\/\/www.eldo.com\/guide\/?page_id=9661"},"modified":"2023-02-23T15:04:19","modified_gmt":"2023-02-23T15:04:19","slug":"clefs-verrouillage-dune-serrurerie","status":"publish","type":"page","link":"https:\/\/www.eldo.com\/guide\/serrurerie\/clefs","title":{"rendered":"Clefs &#038; verrouillage d&rsquo;une serrurerie"},"content":{"rendered":"<section class=\"l-section wpb_row us_custom_e4eb24e1 height_auto width_full with_overlay\"><div class=\"l-section-overlay\" style=\"background: #ffffff\"><\/div><div class=\"l-section-h i-cf\"><div class=\"g-cols vc_row type_boxes valign_middle gap-10px\"><style>.g-cols.gap-10px{margin:0 -10px}.gap-10px > .vc_column_container {padding:10px}<\/style><div class=\"vc_col-sm-12 wpb_column vc_column_container has-fill has_text_color\"><div class=\"vc_column-inner us_custom_87d1fe33\"><div class=\"wpb_wrapper\"><div class=\"wpb_text_column us_custom_cef92e06 has_text_color\" ><div class=\"wpb_wrapper\"><h1 style=\"text-align: center;\"><span style=\"font-weight: 400;\">Diff\u00e9rentes clefs et syst\u00e8mes de verrouillage<\/span><\/h1>\n<\/div><\/div><div class=\"w-separator size_medium\"><\/div><ol class=\"g-breadcrumbs us_custom_cef92e06 separator_icon align_left has_text_color\"><li class=\"g-breadcrumbs-item\"><a href=\"https:\/\/www.eldo.com\/guide\/\">Guides travaux<\/a><meta content=\"1\"\/><\/li><li class=\"g-breadcrumbs-separator\"><i class=\"far fa-angle-right\"><\/i><\/li><li class=\"g-breadcrumbs-item\">Pages<\/li><\/ol><\/div><\/div><\/div><div class=\"vc_col-sm-12 wpb_column vc_column_container\"><div class=\"vc_column-inner\"><div class=\"wpb_wrapper\"><div class=\"wpb_text_column us_custom_ae99f6aa has_text_color\" ><div class=\"wpb_wrapper\">\n<\/div><\/div><div class=\"wpb_text_column us_custom_ae99f6aa has_text_color\" ><div class=\"wpb_wrapper\"><p><span style=\"font-weight: 400;\">\u00c9l\u00e9ment le plus couramment utilis\u00e9 pour d\u00e9bloquer les serrures et autres syst\u00e8mes de verrouillages, les cl\u00e9s sont, dans leur grande majorit\u00e9, assez similaires. Toutefois, lorsqu\u2019il s\u2019agit de <a href=\"https:\/\/www.eldo.com\/guide\/serrurerie\/choix\">choisir<\/a> sa serrure, dans le cas de l\u2019installation d\u2019une nouvelle serrure ou tout simplement pour changer de serrure, il est important de bien d\u00e9terminer le type de cl\u00e9 associ\u00e9e.\u00a0<\/span><\/p>\n<p><span style=\"font-weight: 400;\">En effet, le m\u00e9canisme de verrouillage de certaines cl\u00e9s a un meilleur niveau de s\u00e9curit\u00e9 que d\u2019autres. Ainsi, bien que la grande majorit\u00e9 des clefs soit compos\u00e9e des m\u00eames parties (la tige, l\u2019embase, le panneton et l\u2019anneau), une cl\u00e9 de serrure peut facilement se distinguer des autres.<\/span><\/p>\n<p><span style=\"font-weight: 400;\">D\u00e9couvrez dans cet article tous les diff\u00e9rents types de cl\u00e9s ainsi que les syst\u00e8mes de verrouillage. <\/span><\/p>\n<\/div><\/div><div class=\"w-separator size_medium\"><\/div><div class=\"w-image align_center\"><div class=\"w-image-h\"><img width=\"600\" height=\"400\" src=\"https:\/\/www.eldo.com\/guide\/wp-content\/uploads\/2023\/02\/AdobeStock_52815271-600x400.jpeg\" class=\"attachment-us_600_400 size-us_600_400\" alt=\"\" srcset=\"https:\/\/www.eldo.com\/guide\/wp-content\/uploads\/2023\/02\/AdobeStock_52815271-600x400.jpeg 600w, https:\/\/www.eldo.com\/guide\/wp-content\/uploads\/2023\/02\/AdobeStock_52815271-300x200.jpeg 300w, https:\/\/www.eldo.com\/guide\/wp-content\/uploads\/2023\/02\/AdobeStock_52815271-1024x683.jpeg 1024w, https:\/\/www.eldo.com\/guide\/wp-content\/uploads\/2023\/02\/AdobeStock_52815271-800x533.jpeg 800w, https:\/\/www.eldo.com\/guide\/wp-content\/uploads\/2023\/02\/AdobeStock_52815271-scaled.jpeg 512w\" sizes=\"(max-width: 600px) 100vw, 600px\" \/><\/div><\/div><\/div><\/div><\/div><\/div><\/div><\/section><section class=\"l-section wpb_row height_auto width_full with_overlay\"><div class=\"l-section-overlay\" style=\"background: #ffffff\"><\/div><div class=\"l-section-h i-cf\"><div class=\"g-cols vc_row type_boxes valign_middle gap-10px\"><style>.g-cols.gap-10px{margin:0 -10px}.gap-10px > .vc_column_container {padding:10px}<\/style><div class=\"vc_col-sm-12 wpb_column vc_column_container has-fill\"><div class=\"vc_column-inner us_custom_4fb9e5a3\"><div class=\"wpb_wrapper\"><div class=\"wpb_text_column\" ><div class=\"wpb_wrapper\"><h2><span style=\"font-weight: 400;\">Types de clefs possibles et tarifs<\/span><\/h2>\n<p><span style=\"font-weight: 400;\">Comme mentionn\u00e9 plus haut, il existe diff\u00e9rents <a href=\"https:\/\/www.eldo.com\/guide\/serrurerie\/types\">types de cl\u00e9s<\/a> en fonction du niveau de s\u00e9curit\u00e9 du m\u00e9canisme de verrouillage. Ces cl\u00e9s sont utilisables en d\u00e9pit des types de serrures\u00a0: serrure \u00e0 encastrer (ou \u00e0 larder, \u00e0 mortaiser) ou encore serrure en applique.\u00a0<\/span><\/p>\n<h3><span style=\"font-weight: 400;\">Clef plate classique serrure goupilles<\/span><\/h3>\n<p><span style=\"font-weight: 400;\">Type de cl\u00e9 le plus r\u00e9pandu et le plus utilis\u00e9 pour ouvrir et fermer une porte, la clef plate est aussi celle qui a le niveau de s\u00e9curit\u00e9 le plus basique. Aussi, sa simplicit\u00e9 fait qu\u2019elle est tr\u00e8s appr\u00e9ci\u00e9e lorsqu\u2019il s\u2019agit de verrouiller une porte d\u2019entr\u00e9e, une porte de garage et autres. Elle pr\u00e9sente des dents sur le profil de sa tige, parfois certains mod\u00e8les sont dot\u00e9s de dents sur les deux profils afin d\u2019augmenter la s\u00e9curit\u00e9, les rendant plus difficiles \u00e0 crocheter.\u00a0<\/span><\/p>\n<p><span style=\"font-weight: 400;\">Encore appel\u00e9e cl\u00e9 \u00e0 dent ou cl\u00e9 crant\u00e9e, la clef plate classique est utilis\u00e9e pour d\u00e9verrouiller les serrures \u00e0 goupilles. En effet, ses diff\u00e9rentes dents correspondent \u00e0 une goupille en particulier. Ainsi, lorsque vous ins\u00e9rez la cl\u00e9 \u00e0 goupilles dans le cylindre de serrure, elle permet l\u2019alignement parfait des goupilles afin d\u2019ouvrir la porte.\u00a0\u00a0<\/span><\/p>\n<p><span style=\"font-weight: 400;\">La cl\u00e9 plate classique est une cl\u00e9 dont la reproduction est facile, vous pouvez tr\u00e8s ais\u00e9ment donner un double \u00e0 des amis.<\/span><\/p>\n<h3><span style=\"font-weight: 400;\">Clef \u00e0 bille serrure de s\u00e9curit\u00e9<\/span><\/h3>\n<p><span style=\"font-weight: 400;\">Pr\u00e9sentant un fonctionnement similaire \u00e0 celui des cl\u00e9s plates classiques, la cl\u00e9 \u00e0 bille est utilis\u00e9e pour les syst\u00e8mes de verrouillage disposant de m\u00e9canismes beaucoup plus fins et petits. En effet, la cl\u00e9 \u00e0 bille est plus indiqu\u00e9e pour les serrures de s\u00e9curit\u00e9 am\u00e9lior\u00e9e, aux normes NF et A2P.\u00a0<\/span><\/p>\n<p><span style=\"font-weight: 400;\">Elle est reconnaissable par sa tige crant\u00e9e, \u00e0 l\u2019image d\u2019une cl\u00e9 plate, mais qui est \u00e9galement orn\u00e9e d\u2019une bille de protection. Ainsi, les crans (ou les dents de la cl\u00e9) se chargent toujours d\u2019aligner les goupilles, mais en plus la bille interagit avec le cylindre afin de lib\u00e9rer l\u2019axe de rotation.<\/span><\/p>\n<p><span style=\"font-weight: 400;\">Une cl\u00e9 plate pr\u00e9sentant les m\u00eames crans que la cl\u00e9 \u00e0 bille ne sera pas en mesure de faire actionner le p\u00eane si elle est d\u00e9pourvue de bille. Toutefois, le m\u00e9canisme d\u2019une serrurerie \u00e0 bille exige des \u00e9l\u00e9ments beaucoup plus petits. Cela a pour principale cons\u00e9quence que le <a href=\"https:\/\/www.eldo.com\/guide\/serruerrie\/tarifs\">co\u00fbt de fabrication<\/a> de la serrure \u00e0 cl\u00e9 tout comme celui de la cl\u00e9 est nettement plus \u00e9lev\u00e9.\u00a0\u00a0\u00a0<\/span><\/p>\n<h3><span style=\"font-weight: 400;\">Clef haute s\u00e9curit\u00e9 pour serrure haute s\u00e9curit\u00e9\u00a03 \u00e0 9 points<\/span><\/h3>\n<p><span style=\"font-weight: 400;\">G\u00e9n\u00e9ralement associ\u00e9e aux serrures performantes telles que la serrure multipoints, la cl\u00e9 de haute s\u00e9curit\u00e9 permet de bloquer une porte \u00e0 partir de trois, voire cinq points d\u2019ancrage. Elle est donc recommand\u00e9e pour verrouiller les coffres-forts, une porte blind\u00e9e ou une porte d\u2019entr\u00e9e.\u00a0<\/span><\/p>\n<p><span style=\"font-weight: 400;\">Il existe diff\u00e9rents mod\u00e8les de cl\u00e9 haute s\u00e9curit\u00e9 qui peuvent tout aussi bien \u00eatre utilis\u00e9s pour l\u2019ouverture et fermeture de portes blind\u00e9es ou portes simples. Il s\u2019agit de\u00a0:\u00a0<\/span><\/p>\n<ul>\n<li style=\"font-weight: 400;\" aria-level=\"1\"><span style=\"font-weight: 400;\">La cl\u00e9 radiale\u00a0: elle se pr\u00e9sente comme une cl\u00e9 plate ne disposant pas de dent ou de cran. Les cl\u00e9s radiales sont creus\u00e9es au niveau de leur face et sont g\u00e9n\u00e9ralement utilis\u00e9es pour des serrures tubulaires \u00e0 goupille<\/span><span style=\"font-weight: 400;\">\u2009<\/span><span style=\"font-weight: 400;\">;<\/span><\/li>\n<li style=\"font-weight: 400;\" aria-level=\"1\"><span style=\"font-weight: 400;\">Les cl\u00e9s \u00e0 billes\u00a0: elles peuvent \u00eatre radiales ou crant\u00e9es, mais dont la face est incrust\u00e9e de billes de s\u00e9curit\u00e9. Ces mod\u00e8les sont quasiment uniques et tr\u00e8s difficiles \u00e0 copier ou reproduire<\/span><span style=\"font-weight: 400;\">\u2009<\/span><span style=\"font-weight: 400;\">;\u00a0<\/span><\/li>\n<li style=\"font-weight: 400;\" aria-level=\"1\"><span style=\"font-weight: 400;\">La cl\u00e9 \u00e0 pompe\u00a0: pour utiliser ce mod\u00e8le de cl\u00e9 haute s\u00e9curit\u00e9, l\u2019utilisateur doit, au pr\u00e9alable, appuyer sur la cl\u00e9 avant de faire tourner le barillet<\/span><span style=\"font-weight: 400;\">\u2009<\/span><span style=\"font-weight: 400;\">;<\/span><\/li>\n<li style=\"font-weight: 400;\" aria-level=\"1\"><span style=\"font-weight: 400;\">La cl\u00e9 incopiable\u00a0: il s\u2019agit de cl\u00e9s r\u00e9alis\u00e9es par impression num\u00e9rique 3D. Ainsi, leur reproduction ne peut \u00eatre faite que par un <a href=\"https:\/\/www.eldo.com\/guide\/serrurerie\/pros\">serrurier<\/a> professionnel<\/span><span style=\"font-weight: 400;\">\u2009<\/span><span style=\"font-weight: 400;\">;<\/span><\/li>\n<li style=\"font-weight: 400;\" aria-level=\"1\"><span style=\"font-weight: 400;\">Les cl\u00e9s magn\u00e9tiques\u00a0: comme leur nom l\u2019indique, le syst\u00e8me de verrouillage des serrures correspondant \u00e0 ces cl\u00e9s n\u2019est pas m\u00e9canique. En effet, la serrure s\u2019active gr\u00e2ce \u00e0 une s\u00e9rie d\u2019aimants positifs et n\u00e9gatifs align\u00e9s de fa\u00e7on sp\u00e9cifique.\u00a0<\/span><\/li>\n<\/ul>\n<h3><span style=\"font-weight: 400;\">Clef porte blind\u00e9e<\/span><\/h3>\n<p><span style=\"font-weight: 400;\">La cl\u00e9 porte blind\u00e9e est un type de cl\u00e9 qui est utilis\u00e9e pour d\u00e9verrouiller des m\u00e9canismes de verrouillage de tr\u00e8s haute s\u00e9curit\u00e9. Ces types de cl\u00e9s sont con\u00e7us pour d\u00e9courager les cambrioleurs et toute tentative d\u2019effraction. En effet, les clefs portes blind\u00e9es sont associ\u00e9es \u00e0 des syst\u00e8mes de verrouillage destin\u00e9s \u00e0 supporter les effractions faites par crochetage, sciage, arrachage, per\u00e7age ou encore par for\u00e7age.\u00a0<\/span><\/p>\n<h3><span style=\"font-weight: 400;\">Clef serrure passe partout<\/span><\/h3>\n<p><span style=\"font-weight: 400;\">Il s\u2019agit d\u2019un type de cl\u00e9 qui peut pr\u00e9senter diff\u00e9rentes formes\u00a0: cl\u00e9 \u00e0 bille, cl\u00e9 plate, cl\u00e9 tubulaire ou cl\u00e9 \u00e0 pompe. Elle occupe une place de choix dans un organigramme de cl\u00e9 gr\u00e2ce \u00e0 sa capacit\u00e9 \u00e0 ouvrir diff\u00e9rentes portes d\u2019entr\u00e9e dot\u00e9es du m\u00eame type de serrure. En effet, les cl\u00e9s passe-partout pr\u00e9sentent des crans assez complexes qui permettent d\u2019ouvrir des serrures disposant de cylindres diff\u00e9rents.<\/span><\/p>\n<p><span style=\"font-weight: 400;\">Toutefois, il faut souligner que la cl\u00e9 passe-partout n\u2019est pas une cl\u00e9 universelle et ne constitue pas un \u00e9l\u00e9ment ill\u00e9gal. Il s\u2019agit juste d\u2019une cl\u00e9 qui fonctionne avec les cylindres pour lesquels elle a \u00e9t\u00e9 cr\u00e9\u00e9e.<\/span><\/p>\n<\/div><\/div><div class=\"w-separator size_medium\"><\/div><div class=\"w-btn-wrapper width_auto align_center\"><a class=\"w-btn us-btn-style_2\" title=\"Demander un devis\" href=\"https:\/\/www.eldo.com\/demande-devis?utm_source=gmb&amp;utm_medium=SEO&amp;utm_campaign=serrurerie-clefs-verrouillage\"><span class=\"w-btn-label\">Demander conseil<\/span><\/a><\/div><div class=\"w-separator size_medium\"><\/div><div class=\"w-image align_center\"><div class=\"w-image-h\"><img width=\"600\" height=\"400\" src=\"https:\/\/www.eldo.com\/guide\/wp-content\/uploads\/2023\/02\/confiance-serrurier-Grenoble-600x400.jpg\" class=\"attachment-us_600_400 size-us_600_400\" alt=\"\" srcset=\"https:\/\/www.eldo.com\/guide\/wp-content\/uploads\/2023\/02\/confiance-serrurier-Grenoble-600x400.jpg 600w, https:\/\/www.eldo.com\/guide\/wp-content\/uploads\/2023\/02\/confiance-serrurier-Grenoble-300x200.jpg 300w, https:\/\/www.eldo.com\/guide\/wp-content\/uploads\/2023\/02\/confiance-serrurier-Grenoble-1024x683.jpg 1024w, https:\/\/www.eldo.com\/guide\/wp-content\/uploads\/2023\/02\/confiance-serrurier-Grenoble-800x533.jpg 800w, https:\/\/www.eldo.com\/guide\/wp-content\/uploads\/2023\/02\/confiance-serrurier-Grenoble.jpg 512w\" sizes=\"(max-width: 600px) 100vw, 600px\" \/><\/div><\/div><div class=\"w-separator size_medium\"><\/div><div class=\"wpb_text_column\" ><div class=\"wpb_wrapper\"><h2><span style=\"font-weight: 400;\">Syst\u00e8me de verrouillage selon votre situation<\/span><\/h2>\n<p><span style=\"font-weight: 400;\">Au-del\u00e0 des serrures qui ont un excellent m\u00e9canisme de s\u00e9curit\u00e9 pour verrouiller et d\u00e9verrouiller une porte, diff\u00e9rents autres syst\u00e8mes de verrouillage sont utilis\u00e9s en fonction des utilit\u00e9s.\u00a0<\/span><\/p>\n<h3><span style=\"font-weight: 400;\">Un loquet<\/span><\/h3>\n<p><span style=\"font-weight: 400;\">Encore appel\u00e9 loqueteau, le loquet est un ensemble de petites pi\u00e8ces de quincaillerie utilis\u00e9es en serrurerie afin de fermer une porte qui ne dispose pas de serrure. Il constitue le plus ancien dispositif de verrouillage \u00e9labor\u00e9 par l\u2019homme (apr\u00e8s le crochet) et se compose d\u2019une barre pivotante qui se d\u00e9place sur un \u00e9trier.<\/span><\/p>\n<p><span style=\"font-weight: 400;\">Ainsi, pour bloquer la porte, il suffit de placer le bout de la barre dans le mentonnet fix\u00e9 sur le cadre de la porte.<\/span><\/p>\n<h3><span style=\"font-weight: 400;\">Un verrou<\/span><\/h3>\n<p><span style=\"font-weight: 400;\">Encore appel\u00e9 serrure \u00e0 p\u00eane dormant, le verrou est un m\u00e9canisme de verrouillage compos\u00e9 d\u2019une pi\u00e8ce m\u00e9tallique allong\u00e9e, qui peut \u00eatre d\u00e9plac\u00e9e afin de s\u2019ins\u00e9rer dans une g\u00e2che ou une patine.<\/span><\/p>\n<p><span style=\"font-weight: 400;\">Le plus couramment utilis\u00e9 est le verrou de boulon \u00e0 ressort qui, comme son nom l\u2019indique, utilise un ressort servant \u00e0 maintenir le boulon en place. Il suffit alors d\u2019exercer une l\u00e9g\u00e8re pression sur le boulon afin de permettre sa r\u00e9tractation. Les verrous sont souvent utilis\u00e9s afin de renforcer la s\u00e9curit\u00e9 d\u2019une serrure porte.<\/span><\/p>\n<h3><span style=\"font-weight: 400;\">Une corni\u00e8re anti-effraction<\/span><\/h3>\n<p><span style=\"font-weight: 400;\">Encore appel\u00e9e corni\u00e8re anti-pince, la corni\u00e8re anti-effraction est un dispositif qui se place au niveau d\u2019une porte afin de renforcer sa r\u00e9sistance aux effractions. Il s\u2019agit d\u2019un outil de blindage qui emp\u00eache les cambrioleurs de forcer une porte \u00e0 l\u2019aide de pied-de-biche. En effet, la corni\u00e8re anti-effraction est compos\u00e9e de vis ind\u00e9vissables (ou vis involtures) qui emp\u00eache tout cambrioleur de la d\u00e9monter et faire sauter les paumelles et les serrures de la porte.\u00a0<\/span><\/p>\n<h3><span style=\"font-weight: 400;\">Un bec de cane<\/span><\/h3>\n<p><span style=\"font-weight: 400;\">Un bec de cane est un syst\u00e8me de fermeture compos\u00e9 d\u2019une poign\u00e9e et d\u2019une b\u00e9quille (encore appel\u00e9 bouton olive) que l\u2019on peut faire pivoter afin de verrouiller ou d\u00e9verrouiller une porte. Il s\u2019agit d\u2019un syst\u00e8me de verrouillage rapide et pratique, mais qui ne garantit pas une bonne s\u00e9curit\u00e9.\u00a0<\/span><\/p>\n<h3><span style=\"font-weight: 400;\">Un cadenas ou un antivol<\/span><\/h3>\n<p><span style=\"font-weight: 400;\">Le cadenas est un syst\u00e8me de verrouillage compos\u00e9 d\u2019un bo\u00eetier contenant le m\u00e9canisme de serrure et d\u2019un anneau m\u00e9tallique. Le m\u00e9canisme de serrure peut \u00eatre actionn\u00e9 par une cl\u00e9 ou par un syst\u00e8me de roue chiffr\u00e9.<\/span><\/p>\n<p><span style=\"font-weight: 400;\">Toutefois, pour \u00eatre utile, le cadenas doit \u00eatre associ\u00e9 \u00e0 une petite pi\u00e8ce, le porte cadenas afin de permettre \u00e0 l\u2019anneau de condamner la porte une fois qu\u2019il est ferm\u00e9. S\u2019installant sur une porte \u00e0 champ droit, le porte-cadenas est compos\u00e9 d\u2019une plaque m\u00e9tallique articul\u00e9e et ajour\u00e9e afin de permettre le passage d\u2019un \u0153illet.<\/span><\/p>\n<p><span style=\"font-weight: 400;\">Ainsi, l\u2019\u0153illet est fix\u00e9 \u00e0 la porte et la plaque m\u00e9tallique articul\u00e9e au cadre de la porte de sorte que la partie ajour\u00e9e puisse laisser passer l\u2019\u0153illet. Il ne reste ensuite plus qu\u2019\u00e0 faire passer l\u2019anneau du cadenas sur l\u2019ensemble avant de le fermer pour bloquer la porte.<\/span><\/p>\n<\/div><\/div><div class=\"w-separator size_medium\"><\/div><div class=\"w-btn-wrapper width_auto align_center\"><a class=\"w-btn us-btn-style_2\" title=\"Demander un devis\" href=\"https:\/\/www.eldo.com\/demande-devis?utm_source=gmb&amp;utm_medium=SEO&amp;utm_campaign=serrurerie-clefs-verrouillage\"><span class=\"w-btn-label\">Demander un devis<\/span><\/a><\/div><\/div><\/div><\/div><\/div><\/div><\/section><section class=\"l-section wpb_row height_medium\"><div class=\"l-section-h i-cf\"><div class=\"g-cols vc_row type_default valign_top\"><div class=\"vc_col-sm-12 wpb_column vc_column_container\"><div class=\"vc_column-inner\"><div class=\"wpb_wrapper\"><div class=\"w-grid type_grid layout_portfolio_3 cols_2 valign_center ratio_1x1\" id=\"us_grid_1\"><style id=\"us_grid_1_css\">#us_grid_1 .w-grid-item{padding:1.5rem}#us_grid_1 .w-grid-list{margin:-1.5rem}.w-grid + #us_grid_1 .w-grid-list{margin-top:1.5rem}@media (max-width:599px){#us_grid_1 .w-grid-list{margin:0}#us_grid_1 .w-grid-item{width:100.0000%;padding:0;margin-bottom:1.5rem}}<\/style><style>.layout_portfolio_3 .w-grid-item-h:before{padding-bottom:100.0000%}@media (min-width:600px){.layout_portfolio_3 .w-grid-item.size_1x2 .w-grid-item-h:before{padding-bottom:calc(200.0000% + 1.5rem + 1.5rem)}.layout_portfolio_3 .w-grid-item.size_2x1 .w-grid-item-h:before{padding-bottom:calc(50.0000% - 1.5rem * 1.0000)}.layout_portfolio_3 .w-grid-item.size_2x2 .w-grid-item-h:before{padding-bottom:calc(100.0000% - 1.5rem * 0)}}.layout_portfolio_3 .w-grid-item-h{}.layout_portfolio_3 .usg_post_image_1{transition-duration:0.4s;transform-origin:50% 50%;transform:scale(1) translate(0,0);opacity:0.25}.layout_portfolio_3 .w-grid-item-h:hover .usg_post_image_1{transform:scale(1) translate(0,0);opacity:1}.layout_portfolio_3 .usg_post_title_1{transition-duration:0.3s;transform-origin:50% 50%;transform:scale(1) translate(0,0)}.layout_portfolio_3 .w-grid-item-h:hover .usg_post_title_1{transform:scale(1) translate(0,-100%);opacity:0}.layout_portfolio_3 .usg_post_taxonomy_1{transition-duration:0.3s;transform-origin:50% 50%;transform:scale(1) translate(0,0)}.layout_portfolio_3 .w-grid-item-h:hover .usg_post_taxonomy_1{transform:scale(1) translate(0,100%);opacity:0}.layout_portfolio_3 .usg_post_image_1{position:absolute!important;top:0!important;right:0!important;bottom:0!important;left:0!important}.layout_portfolio_3 .usg_vwrapper_1{position:absolute!important;top:0!important;right:0!important;bottom:0!important;left:0!important;padding:2rem!important}.layout_portfolio_3 .usg_post_title_1{color:inherit!important;font-size:1.4rem!important}<\/style><div class=\"w-grid-list\" >\t<article class=\"w-grid-item size_1x1 post-9665 page type-page status-publish has-post-thumbnail hentry\" data-id=\"9665\">\r\n\t\t<div class=\"w-grid-item-h\">\r\n\t\t\t\t\t\t\t<a class=\"w-grid-item-anchor\" href=\"https:\/\/www.eldo.com\/guide\/serruerrie\/clefs\/double\" rel=\"bookmark\" aria-label=\"Double clef serrurerie\"><\/a>\r\n\t\t\t\t\t\t<div class=\"w-post-elm post_image usg_post_image_1 stretched\"><img width=\"1024\" height=\"505\" src=\"https:\/\/www.eldo.com\/guide\/wp-content\/uploads\/2023\/02\/SERRURE.JPG@p0x0-q85-FrameNumber1-1-1024x505.jpg\" class=\"attachment-large size-large wp-post-image\" alt=\"\" srcset=\"https:\/\/www.eldo.com\/guide\/wp-content\/uploads\/2023\/02\/SERRURE.JPG@p0x0-q85-FrameNumber1-1-1024x505.jpg 1024w, https:\/\/www.eldo.com\/guide\/wp-content\/uploads\/2023\/02\/SERRURE.JPG@p0x0-q85-FrameNumber1-1-300x148.jpg 300w, https:\/\/www.eldo.com\/guide\/wp-content\/uploads\/2023\/02\/SERRURE.JPG@p0x0-q85-FrameNumber1-1-600x296.jpg 600w, https:\/\/www.eldo.com\/guide\/wp-content\/uploads\/2023\/02\/SERRURE.JPG@p0x0-q85-FrameNumber1-1-800x394.jpg 800w, https:\/\/www.eldo.com\/guide\/wp-content\/uploads\/2023\/02\/SERRURE.JPG@p0x0-q85-FrameNumber1-1.jpg 512w\" sizes=\"(max-width: 1024px) 100vw, 1024px\" \/><\/div><div class=\"w-vwrapper usg_vwrapper_1 align_center valign_middle\"><h2 class=\"w-post-elm post_title usg_post_title_1 entry-title color_link_inherit has_text_color\">Double clef serrurerie<\/h2><\/div>\t\t<\/div>\r\n\t<\/article>\r\n<\/div><div class=\"w-grid-preloader\"><div class=\"g-preloader type_1\">\r\n\t<div><\/div>\r\n<\/div>\r\n<\/div>\t<div class=\"w-grid-json hidden\" onclick='return {&quot;action&quot;:&quot;us_ajax_grid&quot;,&quot;ajax_url&quot;:&quot;https:\\\/\\\/www.eldo.com\\\/guide\\\/wp-admin\\\/admin-ajax.php&quot;,&quot;infinite_scroll&quot;:0,&quot;max_num_pages&quot;:1,&quot;pagination&quot;:&quot;none&quot;,&quot;permalink_url&quot;:&quot;https:\\\/\\\/www.eldo.com\\\/guide\\\/wp-json\\\/wp\\\/v2\\\/pages\\\/9661&quot;,&quot;template_vars&quot;:{&quot;columns&quot;:&quot;2&quot;,&quot;exclude_items&quot;:&quot;none&quot;,&quot;img_size&quot;:&quot;default&quot;,&quot;ignore_items_size&quot;:false,&quot;items_layout&quot;:&quot;portfolio_3&quot;,&quot;items_offset&quot;:&quot;1&quot;,&quot;load_animation&quot;:&quot;none&quot;,&quot;overriding_link&quot;:&quot;post&quot;,&quot;post_id&quot;:9661,&quot;query_args&quot;:{&quot;ignore_sticky_posts&quot;:1,&quot;post_type&quot;:&quot;any&quot;,&quot;post__in&quot;:[&quot;9665&quot;],&quot;posts_per_page&quot;:&quot;10&quot;},&quot;orderby_query_args&quot;:{&quot;orderby&quot;:{&quot;date&quot;:&quot;DESC&quot;}},&quot;type&quot;:&quot;grid&quot;,&quot;us_grid_ajax_index&quot;:1,&quot;us_grid_filter_params&quot;:null,&quot;us_grid_index&quot;:1,&quot;_us_grid_post_type&quot;:&quot;ids&quot;}}'><\/div>\r\n\t<\/div><\/div><\/div><\/div><\/div><\/div><\/section><section class=\"l-section wpb_row us_custom_e91755c2 height_auto width_full with_overlay\"><div class=\"l-section-overlay\" style=\"background: #ebebeb\"><\/div><div class=\"l-section-h i-cf\"><div class=\"g-cols vc_row type_boxes valign_middle\"><div class=\"vc_col-sm-12 wpb_column vc_column_container has-fill\"><div class=\"vc_column-inner us_custom_54826e58\"><div class=\"wpb_wrapper\"><p class=\"w-itext us_custom_6df4bc3a type_typingChars align_center\" onclick='return {&quot;duration&quot;:300,&quot;delay&quot;:2000,&quot;disablePartAnimation&quot;:false,&quot;dynamicColor&quot;:&quot;#ffffff&quot;,&quot;html_nbsp_char&quot;:true}'>Je\u00a0cherche\u00a0un\u00a0pro\u00a0\u00e0\u00a0<span class=\"w-itext-part changesat_0 changesat_1 changesat_2 changesat_3 changesat_4 dynamic\" style=\"color:#ffffff\" onclick='return [&quot;Bordeaux&quot;,&quot;Toulouse&quot;,&quot;Paris&quot;,&quot;Nantes&quot;,&quot;Marseille&quot;]'><span>Bordeaux<\/span><i class=\"w-itext-cursor\"><\/i><\/span><\/p><\/div><\/div><\/div><\/div><\/div><\/section>\n","protected":false},"excerpt":{"rendered":"Comment et pourquoi faire le double de ses cl\u00e9s\u00a0: toutes les solutions Guides travauxPages Faire des doubles de ses cl\u00e9s n\u2019est pas souvent un r\u00e9flexe pour une grande majorit\u00e9 des personnes. Pourtant, cette pr\u00e9caution pr\u00e9sente de grands avantages pour bien des raisons. Refaire une cl\u00e9 revient \u00e0 faire sa reproduction \u00e0 l\u2019identique afin d\u2019avoir \u00e0...","protected":false},"author":5,"featured_media":9632,"parent":9602,"menu_order":0,"comment_status":"closed","ping_status":"closed","template":"","meta":[],"page_tags":[],"_links":{"self":[{"href":"https:\/\/www.eldo.com\/guide\/wp-json\/wp\/v2\/pages\/9661"}],"collection":[{"href":"https:\/\/www.eldo.com\/guide\/wp-json\/wp\/v2\/pages"}],"about":[{"href":"https:\/\/www.eldo.com\/guide\/wp-json\/wp\/v2\/types\/page"}],"author":[{"embeddable":true,"href":"https:\/\/www.eldo.com\/guide\/wp-json\/wp\/v2\/users\/5"}],"replies":[{"embeddable":true,"href":"https:\/\/www.eldo.com\/guide\/wp-json\/wp\/v2\/comments?post=9661"}],"version-history":[{"count":6,"href":"https:\/\/www.eldo.com\/guide\/wp-json\/wp\/v2\/pages\/9661\/revisions"}],"predecessor-version":[{"id":10785,"href":"https:\/\/www.eldo.com\/guide\/wp-json\/wp\/v2\/pages\/9661\/revisions\/10785"}],"up":[{"embeddable":true,"href":"https:\/\/www.eldo.com\/guide\/wp-json\/wp\/v2\/pages\/9602"}],"wp:featuredmedia":[{"embeddable":true,"href":"https:\/\/www.eldo.com\/guide\/wp-json\/wp\/v2\/media\/9632"}],"wp:attachment":[{"href":"https:\/\/www.eldo.com\/guide\/wp-json\/wp\/v2\/media?parent=9661"}],"wp:term":[{"taxonomy":"page_tags","embeddable":true,"href":"https:\/\/www.eldo.com\/guide\/wp-json\/wp\/v2\/page_tags?post=9661"}],"curies":[{"name":"wp","href":"https:\/\/api.w.org\/{rel}","templated":true}]}}