{"id":884,"date":"2020-08-24T14:55:41","date_gmt":"2020-08-24T14:55:41","guid":{"rendered":"https:\/\/www.eldo.com\/guide\/?page_id=884"},"modified":"2024-06-05T09:48:37","modified_gmt":"2024-06-05T09:48:37","slug":"isolation-1-euro-pacte-energie-solidarite","status":"publish","type":"page","link":"https:\/\/www.eldo.com\/guide\/isolation\/les-aides-financieres\/isolation-1-euro-pacte-energie-solidarite\/","title":{"rendered":"Isolation des combles pour 1\u20ac"},"content":{"rendered":"<section class=\"l-section wpb_row us_custom_b51f0e30 height_auto width_full with_overlay\"><div class=\"l-section-overlay\" style=\"background: #ebebeb\"><\/div><div class=\"l-section-h i-cf\"><div class=\"g-cols vc_row type_boxes valign_middle\"><div class=\"vc_col-sm-12 wpb_column vc_column_container has-fill\"><div class=\"vc_column-inner us_custom_a7a88913\"><div class=\"wpb_wrapper\"><div class=\"wpb_text_column us_custom_2e587a18 has_text_color\" ><div class=\"wpb_wrapper\"><h1 class=\"page-merci-title\" style=\"text-align: center;\">Comment faire isoler ses combles pour 1\u20ac avec le pacte \u00e9nergie solidarit\u00e9 ?<\/h1>\n<\/div><\/div><div class=\"w-separator size_medium\"><\/div><ol class=\"g-breadcrumbs us_custom_6556ef4c separator_icon align_left has_text_color\"><li class=\"g-breadcrumbs-item\"><a href=\"https:\/\/www.eldo.com\/guide\/\">Guides travaux<\/a><meta content=\"1\"\/><\/li><li class=\"g-breadcrumbs-separator\"><i class=\"far fa-angle-right\"><\/i><\/li><li class=\"g-breadcrumbs-item\">Pages<\/li><\/ol><\/div><\/div><\/div><\/div><\/div><\/section><section class=\"l-section wpb_row height_auto width_full\"><div class=\"l-section-h i-cf\"><div class=\"g-cols vc_row type_boxes valign_middle\"><div class=\"vc_col-sm-12 wpb_column vc_column_container has-fill\"><div class=\"vc_column-inner us_custom_4fb9e5a3\"><div class=\"wpb_wrapper\"><div class=\"w-video align_center ratio_16x9\"><div class=\"w-video-h\"><iframe src=\"\/\/www.youtube.com\/embed\/2l7vKZggJzE?autoplay=0&controls=0&origin=https%3A%2F%2Fwww.eldo.com%2Fguide\" allowfullscreen=\"1\"><\/iframe><\/div><div class=\"w-video-icon\" style=\"font-size:1.5rem;background:rgba(0,0,0,0.5);color:#fff;\"><\/div><\/div><div class=\"wpb_text_column\" ><div class=\"wpb_wrapper\">\n<\/div><\/div><div class=\"wpb_text_column\" ><div class=\"wpb_wrapper\"><p>Isoler ses combles perdus pour 1\u20ac, une arnaque ? Si l\u2019isolation des combles \u00e0 1 euro semble \u00eatre une arnaque, c\u2019est pourtant un dispositif s\u00e9rieux mis en place par l\u2019\u00e9tat pour permettre aux m\u00e9nages de faire des \u00e9conomies d\u2019\u00e9nergie. Pauline, conseill\u00e8re technique chez Conseils Expertise Travaux, entreprise d\u2019isolation RGE \u00e0 Toulouse nous explique comment elle aide de nombreux clients \u00e0 en b\u00e9n\u00e9ficier pour leurs travaux d\u2019isolation thermique.<\/p>\n<\/div><\/div><\/div><\/div><\/div><\/div><\/div><\/section><section class=\"l-section wpb_row height_auto width_full\"><div class=\"l-section-h i-cf\"><div class=\"g-cols vc_row type_boxes valign_middle gap-20px\"><style>.g-cols.gap-20px{margin:0 -20px}.gap-20px > .vc_column_container {padding:20px}<\/style><div class=\"vc_col-sm-6 wpb_column vc_column_container\"><div class=\"vc_column-inner us_custom_044f310d\"><div class=\"wpb_wrapper\"><div \" class=\"faq_question_container\"><h2 class=\"faq_question_title\">Comment profiter du pacte \u00e9nergie solidarit\u00e9 ?<\/h2><div class=\"faq_question_content\"><div class=\"page-merci-text QSN\">Monsieur et Madame Castagner en t\u00e9moignent : l\u2019<a href=\"\/guide\/isolation\/\" rel=\"noopener noreferrer\">isolation des combles<\/a>\u00a0\u00e0 1 euro n\u2019est pas une arnaque ! Comme beaucoup, ils \u00e9taient sceptiques, mais n\u2019ont eu \u00e0 d\u00e9bourser qu\u2019un euro \u00e0 la fin du chantier d\u2019isolation. Pas d\u2019avance de frais ! Accompagn\u00e9s par l\u2019entreprise Conseils Expertises Travaux ils ont r\u00e9ellement pu faire isoler leur maison pour 1 euro symbolique et am\u00e9liorer sa performance \u00e9nerg\u00e9tique. Suite \u00e0 l\u2019avis technique \u00e9mis par l\u2019entreprise, ils ont profit\u00e9 du Pacte Energie Solidarit\u00e9 et financer l\u2019int\u00e9gralit\u00e9 de leurs travaux : mat\u00e9riau isolant et main d\u2019\u0153uvre (soufflage de l\u2019isolant naturel dans leurs combles perdus). Le r\u00e9sultat ? Moins de d\u00e9perdition de chaleur et une am\u00e9lioration de la performance de 25 \u00e0 30%.<\/div>\n<\/div><\/div><div class=\"w-separator size_medium\"><\/div><div class=\"w-btn-wrapper width_auto align_center\"><a class=\"w-btn us-btn-style_2\" title=\"Demander un devis\" target=\"_blank\" href=\"https:\/\/devis.eldo.com\/isolation-des-combles-new\/france?utm_source=google&amp;utm_medium=guide&amp;utm_campaign=isolation-1-euro-pacte-energie-solidarite&amp;utm_term=isolation?via=guide-isolation&amp;idc=15\" rel=\"noopener\"><span class=\"w-btn-label\">Demander conseil<\/span><\/a><\/div><\/div><\/div><\/div><div class=\"vc_col-sm-6 wpb_column vc_column_container has-fill\"><div class=\"vc_column-inner us_custom_0d15be52\"><div class=\"wpb_wrapper\"><div \" class=\"faq_question_container\"><h2 class=\"faq_question_title\">Quelles sont les conditions ?<\/h2><div class=\"faq_question_content\"><div class=\"page-merci-text QSN\">L\u2019entreprise RGE en charge du diagnostic doit v\u00e9rifier l\u2019\u00e9ligibilit\u00e9 des foyers au\u00a0<a href=\"https:\/\/www.eldo.com\/guide\/isolation\/les-aides-financieres\/\" rel=\"noopener noreferrer\">dispositif de l\u2019isolation \u00e0 1 euro<\/a>. Pour cela, les revenus fiscaux du foyer doivent \u00eatre inf\u00e9rieurs au plafond fix\u00e9. Le calcul se fait sur les ressources du foyer et le nombre de parts composant le foyer fiscal. N\u2019h\u00e9sitez pas \u00e0 remplir le formulaire pour tester votre \u00e9ligibilit\u00e9 et trouver un artisan pour r\u00e9aliser vos travaux ! Si vos revenus d\u00e9passent le plafond, vous pouvez tout de m\u00eame b\u00e9n\u00e9ficier de tarifs avantageux : de 4 \u00e0 16 euros par m\u00b2 selon vos ressources. Sachez aussi que d\u2019autres aides \u00e0 la r\u00e9novation \u00e9nerg\u00e9tique existent : \u00e9co pr\u00eat \u00e0 taux 0 ou cr\u00e9dit d\u2019imp\u00f4t. Demandez gratuitement un\u00a0devis d\u2019isolation de combles\u00a0pour chiffrer le montant de vos travaux. L\u2019artisan sp\u00e9cialiste de l\u2019isolation effectue ensuite un diagnostic \u00e9nerg\u00e9tique. En effet, pour pr\u00e9tendre \u00e0 l\u2019isolation \u00e0 1 euro, l\u2019am\u00e9lioration des performances engendr\u00e9e par les travaux d\u2019isolation de combles doit \u00eatre sup\u00e9rieure \u00e0 20%.<\/div>\n<\/div><\/div><\/div><\/div><\/div><\/div><\/div><\/section><section class=\"l-section wpb_row height_auto width_full\"><div class=\"l-section-h i-cf\"><div class=\"g-cols vc_row type_boxes valign_middle gap-20px\"><style>.g-cols.gap-20px{margin:0 -20px}.gap-20px > .vc_column_container {padding:20px}<\/style><div class=\"vc_col-sm-12 wpb_column vc_column_container has-fill\"><div class=\"vc_column-inner us_custom_e4eb24e1\"><div class=\"wpb_wrapper\"><div \" class=\"faq_question_container\"><h2 class=\"faq_question_title\">Comment \u00e7a marche ?<\/h2><div class=\"faq_question_content\"><div class=\"page-merci-text QSN\">Comme l\u2019explique Pauline,\u00a0<a href=\"https:\/\/www.eldo.com\/guide\/isolation\/les-aides-financieres\/isolation-1-euro-pacte-energie-solidarite\/\" rel=\"noopener noreferrer\">faire isoler ses combles pour seulement 1 euro<\/a>\u00a0est tr\u00e8s simple. Apr\u00e8s avoir v\u00e9rifi\u00e9 l\u2019\u00e9ligibilit\u00e9 du foyer (conditions de ressource), l\u2019entreprise RGE en charge des travaux effectue une visite technique. Elle \u00e9tudie alors la configuration des combles (trappe d\u2019acc\u00e8s, combles perdus ou am\u00e9nag\u00e9s, \u00e9tat des rampants et de la charpente, surface des combles) et de l\u2019isolation existante (nature de l\u2019isolant, laine de roche ou laine de verre, \u00e9tat des mat\u00e9riaux isolants). Elle d\u00e9finit alors le type d\u2019isolation qui sera mis en \u0153uvre : isolation par soufflage de laine de roche, isolation par laine de verre ou encore\u00a0isolation des combles \u00e0 la ouate de cellulose. Un second rendez-vous est alors programm\u00e9 pour la r\u00e9alisation du chantier.<\/div>\n<div><\/div>\n<div class=\"page-merci-text QSN\">L\u2019insufflation de laine min\u00e9rale (laine de roche) dure environ 3 heures : d\u00e9pose de l\u2019ancien isolant, pose des piges \u00e0 la hauteur choisie, soufflage de laine de roche. Les d\u00e9chets sont ensuite \u00e9vacu\u00e9s par l\u2019entreprise. Pour plus d&rsquo;informations sur l&rsquo;isolation des combles consultez notre\u00a0<a href=\"\/guide\/isolation\/\" rel=\"noopener noreferrer\">guide complet<\/a><\/div>\n<\/div><\/div><div class=\"w-separator size_medium\"><\/div><div class=\"w-btn-wrapper width_auto align_center\"><a class=\"w-btn us-btn-style_2\" title=\"Demander un devis\" target=\"_blank\" href=\"https:\/\/devis.eldo.com\/isolation-des-combles-new\/france?utm_source=google&amp;utm_medium=guide&amp;utm_campaign=isolation-1-euro-pacte-energie-solidarite&amp;utm_term=isolation?via=guide-isolation&amp;idc=15\" rel=\"noopener\"><span class=\"w-btn-label\">Demander un devis gratuit<\/span><\/a><\/div><\/div><\/div><\/div><\/div><\/div><\/section><section class=\"l-section wpb_row height_medium\"><div class=\"l-section-h i-cf\"><div class=\"g-cols vc_row type_default valign_top\"><div class=\"vc_col-sm-12 wpb_column vc_column_container\"><div class=\"vc_column-inner\"><div class=\"wpb_wrapper\"><div class=\"w-grid type_grid layout_331 cols_4 overflow_hidden\" id=\"us_grid_1\"><style id=\"us_grid_1_css\">#us_grid_1 .w-grid-item{padding:1.5rem}#us_grid_1 .w-grid-list{margin:-1.5rem}.w-grid + #us_grid_1 .w-grid-list{margin-top:1.5rem}@media (max-width:1199px){#us_grid_1 .w-grid-item{width:33.3333%}}@media (max-width:899px){#us_grid_1 .w-grid-item{width:50.0000%}}@media (max-width:599px){#us_grid_1 .w-grid-list{margin:0}#us_grid_1 .w-grid-item{width:100.0000%;padding:0;margin-bottom:1.5rem}}<\/style><style>.layout_331 .w-grid-item-h{}.layout_331 .usg_post_image_1{width:50%!important}.layout_331 .usg_vwrapper_1{width:50%!important;margin-right:0!important}.layout_331 .usg_post_title_1{color:#000000!important}@media (max-width:599px){.layout_331 .usg_post_title_1{font-size:1.2rem!important;margin-right:0!important;padding-bottom:0!important}}<\/style><div class=\"w-grid-list\" >\t<article class=\"w-grid-item size_1x1 post-878 page type-page status-publish has-post-thumbnail hentry\" data-id=\"878\">\r\n\t\t<div class=\"w-grid-item-h\">\r\n\t\t\t\t\t\t\t<a class=\"w-grid-item-anchor\" href=\"https:\/\/www.eldo.com\/guide\/isolation\/quel-materiau-isolant-choisir\/isolation-polyurethane\/\" rel=\"bookmark\" aria-label=\"Isolation polyur\u00e9thane\"><\/a>\r\n\t\t\t\t\t\t<div class=\"w-vwrapper usg_vwrapper_1 align_left valign_top\"><p class=\"w-post-elm post_title usg_post_title_1 align_center entry-title color_link_inherit has_text_color\"><a href=\"https:\/\/www.eldo.com\/guide\/isolation\/quel-materiau-isolant-choisir\/isolation-polyurethane\/\">Isolation polyur\u00e9thane<\/a><\/p><\/div><div class=\"w-hwrapper usg_hwrapper_1 align_left valign_top\"><div class=\"w-post-elm post_image usg_post_image_1 has_width has_ratio\"><div style=\"padding-bottom:100.0000%\"><\/div><a href=\"https:\/\/www.eldo.com\/guide\/isolation\/quel-materiau-isolant-choisir\/isolation-polyurethane\/\" aria-label=\"Isolation polyur\u00e9thane\"><img width=\"512\" height=\"288\" src=\"https:\/\/www.eldo.com\/guide\/wp-content\/uploads\/2020\/08\/CTA-ISOLATION-1.png\" class=\"attachment-us_600_600_crop size-us_600_600_crop wp-post-image\" alt=\"Isolation des combles perdu\" srcset=\"https:\/\/www.eldo.com\/guide\/wp-content\/uploads\/2020\/08\/CTA-ISOLATION-1.png 512w, https:\/\/www.eldo.com\/guide\/wp-content\/uploads\/2020\/08\/CTA-ISOLATION-1-300x169.png 300w, https:\/\/www.eldo.com\/guide\/wp-content\/uploads\/2020\/08\/CTA-ISOLATION-1-1024x576.png 1024w, https:\/\/www.eldo.com\/guide\/wp-content\/uploads\/2020\/08\/CTA-ISOLATION-1-600x338.png 600w, https:\/\/www.eldo.com\/guide\/wp-content\/uploads\/2020\/08\/CTA-ISOLATION-1-800x450.png 800w\" sizes=\"(max-width: 512px) 100vw, 512px\" \/><\/a><\/div><\/div>\t\t<\/div>\r\n\t<\/article>\r\n\t<article class=\"w-grid-item size_1x1 post-868 page type-page status-publish has-post-thumbnail hentry\" data-id=\"868\">\r\n\t\t<div class=\"w-grid-item-h\">\r\n\t\t\t\t\t\t\t<a class=\"w-grid-item-anchor\" href=\"https:\/\/www.eldo.com\/guide\/isolation\/isolation-soufflee\/\" rel=\"bookmark\" aria-label=\"Isolation souffl\u00e9e\"><\/a>\r\n\t\t\t\t\t\t<div class=\"w-vwrapper usg_vwrapper_1 align_left valign_top\"><p class=\"w-post-elm post_title usg_post_title_1 align_center entry-title color_link_inherit has_text_color\"><a href=\"https:\/\/www.eldo.com\/guide\/isolation\/isolation-soufflee\/\">Isolation souffl\u00e9e<\/a><\/p><\/div><div class=\"w-hwrapper usg_hwrapper_1 align_left valign_top\"><div class=\"w-post-elm post_image usg_post_image_1 has_width has_ratio\"><div style=\"padding-bottom:100.0000%\"><\/div><a href=\"https:\/\/www.eldo.com\/guide\/isolation\/isolation-soufflee\/\" aria-label=\"Isolation souffl\u00e9e\"><img width=\"512\" height=\"384\" src=\"https:\/\/www.eldo.com\/guide\/wp-content\/uploads\/2020\/08\/souflllage-mamen.jpg\" class=\"attachment-us_600_600_crop size-us_600_600_crop wp-post-image\" alt=\"isolation souffl\u00e9e des combles\" srcset=\"https:\/\/www.eldo.com\/guide\/wp-content\/uploads\/2020\/08\/souflllage-mamen.jpg 512w, https:\/\/www.eldo.com\/guide\/wp-content\/uploads\/2020\/08\/souflllage-mamen-300x225.jpg 300w, https:\/\/www.eldo.com\/guide\/wp-content\/uploads\/2020\/08\/souflllage-mamen-534x400.jpg 534w, https:\/\/www.eldo.com\/guide\/wp-content\/uploads\/2020\/08\/souflllage-mamen-800x600.jpg 800w\" sizes=\"(max-width: 512px) 100vw, 512px\" \/><\/a><\/div><\/div>\t\t<\/div>\r\n\t<\/article>\r\n\t<article class=\"w-grid-item size_1x1 post-854 page type-page status-publish has-post-thumbnail hentry\" data-id=\"854\">\r\n\t\t<div class=\"w-grid-item-h\">\r\n\t\t\t\t\t\t\t<a class=\"w-grid-item-anchor\" href=\"https:\/\/www.eldo.com\/guide\/isolation\/les-aides-financieres\/\" rel=\"bookmark\" aria-label=\"Aides financi\u00e8res isolation\"><\/a>\r\n\t\t\t\t\t\t<div class=\"w-vwrapper usg_vwrapper_1 align_left valign_top\"><p class=\"w-post-elm post_title usg_post_title_1 align_center entry-title color_link_inherit has_text_color\"><a href=\"https:\/\/www.eldo.com\/guide\/isolation\/les-aides-financieres\/\">Aides financi\u00e8res isolation<\/a><\/p><\/div><div class=\"w-hwrapper usg_hwrapper_1 align_left valign_top\"><div class=\"w-post-elm post_image usg_post_image_1 has_width has_ratio\"><div style=\"padding-bottom:100.0000%\"><\/div><a href=\"https:\/\/www.eldo.com\/guide\/isolation\/les-aides-financieres\/\" aria-label=\"Aides financi\u00e8res isolation\"><img width=\"512\" height=\"384\" src=\"https:\/\/www.eldo.com\/guide\/wp-content\/uploads\/2020\/08\/josh-appel-NeTPASr-bmQ-unsplash-1-scaled.jpg\" class=\"attachment-us_600_600_crop size-us_600_600_crop wp-post-image\" alt=\"aide financi\u00e8re isolation\" srcset=\"https:\/\/www.eldo.com\/guide\/wp-content\/uploads\/2020\/08\/josh-appel-NeTPASr-bmQ-unsplash-1-scaled.jpg 512w, https:\/\/www.eldo.com\/guide\/wp-content\/uploads\/2020\/08\/josh-appel-NeTPASr-bmQ-unsplash-1-300x225.jpg 300w, https:\/\/www.eldo.com\/guide\/wp-content\/uploads\/2020\/08\/josh-appel-NeTPASr-bmQ-unsplash-1-1024x769.jpg 1024w, https:\/\/www.eldo.com\/guide\/wp-content\/uploads\/2020\/08\/josh-appel-NeTPASr-bmQ-unsplash-1-533x400.jpg 533w, https:\/\/www.eldo.com\/guide\/wp-content\/uploads\/2020\/08\/josh-appel-NeTPASr-bmQ-unsplash-1-800x600.jpg 800w\" sizes=\"(max-width: 512px) 100vw, 512px\" \/><\/a><\/div><\/div>\t\t<\/div>\r\n\t<\/article>\r\n\t<article class=\"w-grid-item size_1x1 post-840 page type-page status-publish has-post-thumbnail hentry\" data-id=\"840\">\r\n\t\t<div class=\"w-grid-item-h\">\r\n\t\t\t\t\t\t\t<a class=\"w-grid-item-anchor\" href=\"https:\/\/www.eldo.com\/guide\/isolation\/isolation-des-combles-rampants\/\" rel=\"bookmark\" aria-label=\"Isolation des combles rampants\"><\/a>\r\n\t\t\t\t\t\t<div class=\"w-vwrapper usg_vwrapper_1 align_left valign_top\"><p class=\"w-post-elm post_title usg_post_title_1 align_center entry-title color_link_inherit has_text_color\"><a href=\"https:\/\/www.eldo.com\/guide\/isolation\/isolation-des-combles-rampants\/\">Isolation des combles rampants<\/a><\/p><\/div><div class=\"w-hwrapper usg_hwrapper_1 align_left valign_top\"><div class=\"w-post-elm post_image usg_post_image_1 has_width has_ratio\"><div style=\"padding-bottom:100.0000%\"><\/div><a href=\"https:\/\/www.eldo.com\/guide\/isolation\/isolation-des-combles-rampants\/\" aria-label=\"Isolation des combles rampants\"><img width=\"500\" height=\"370\" src=\"https:\/\/www.eldo.com\/guide\/wp-content\/uploads\/2020\/08\/isolation-combles-rampants-interieur-1.png\" class=\"attachment-us_600_600_crop size-us_600_600_crop wp-post-image\" alt=\"isolation des combles rampants\" srcset=\"https:\/\/www.eldo.com\/guide\/wp-content\/uploads\/2020\/08\/isolation-combles-rampants-interieur-1.png 500w, https:\/\/www.eldo.com\/guide\/wp-content\/uploads\/2020\/08\/isolation-combles-rampants-interieur-1-300x222.png 300w\" sizes=\"(max-width: 500px) 100vw, 500px\" \/><\/a><\/div><\/div>\t\t<\/div>\r\n\t<\/article>\r\n\t<article class=\"w-grid-item size_1x1 post-831 page type-page status-publish has-post-thumbnail hentry\" data-id=\"831\">\r\n\t\t<div class=\"w-grid-item-h\">\r\n\t\t\t\t\t\t\t<a class=\"w-grid-item-anchor\" href=\"https:\/\/www.eldo.com\/guide\/isolation\/quel-materiau-isolant-choisir\/laine-minerale\/\" rel=\"bookmark\" aria-label=\"Laine min\u00e9rale\"><\/a>\r\n\t\t\t\t\t\t<div class=\"w-vwrapper usg_vwrapper_1 align_left valign_top\"><p class=\"w-post-elm post_title usg_post_title_1 align_center entry-title color_link_inherit has_text_color\"><a href=\"https:\/\/www.eldo.com\/guide\/isolation\/quel-materiau-isolant-choisir\/laine-minerale\/\">Laine min\u00e9rale<\/a><\/p><\/div><div class=\"w-hwrapper usg_hwrapper_1 align_left valign_top\"><div class=\"w-post-elm post_image usg_post_image_1 has_width has_ratio\"><div style=\"padding-bottom:100.0000%\"><\/div><a href=\"https:\/\/www.eldo.com\/guide\/isolation\/quel-materiau-isolant-choisir\/laine-minerale\/\" aria-label=\"Laine min\u00e9rale\"><img width=\"311\" height=\"207\" src=\"https:\/\/www.eldo.com\/guide\/wp-content\/uploads\/2020\/08\/homza_arras_isolation_des_combles_et_rampants_1_15.jpg\" class=\"attachment-us_600_600_crop size-us_600_600_crop wp-post-image\" alt=\"Isolation des combles laine min\u00e9rale\" srcset=\"https:\/\/www.eldo.com\/guide\/wp-content\/uploads\/2020\/08\/homza_arras_isolation_des_combles_et_rampants_1_15.jpg 311w, https:\/\/www.eldo.com\/guide\/wp-content\/uploads\/2020\/08\/homza_arras_isolation_des_combles_et_rampants_1_15-300x200.jpg 300w\" sizes=\"(max-width: 311px) 100vw, 311px\" \/><\/a><\/div><\/div>\t\t<\/div>\r\n\t<\/article>\r\n\t<article class=\"w-grid-item size_1x1 post-815 page type-page status-publish has-post-thumbnail hentry\" data-id=\"815\">\r\n\t\t<div class=\"w-grid-item-h\">\r\n\t\t\t\t\t\t\t<a class=\"w-grid-item-anchor\" href=\"https:\/\/www.eldo.com\/guide\/isolation\/quel-materiau-isolant-choisir\/\" rel=\"bookmark\" aria-label=\"Mat\u00e9riau isolant\"><\/a>\r\n\t\t\t\t\t\t<div class=\"w-vwrapper usg_vwrapper_1 align_left valign_top\"><p class=\"w-post-elm post_title usg_post_title_1 align_center entry-title color_link_inherit has_text_color\"><a href=\"https:\/\/www.eldo.com\/guide\/isolation\/quel-materiau-isolant-choisir\/\">Mat\u00e9riau isolant<\/a><\/p><\/div><div class=\"w-hwrapper usg_hwrapper_1 align_left valign_top\"><div class=\"w-post-elm post_image usg_post_image_1 has_width has_ratio\"><div style=\"padding-bottom:100.0000%\"><\/div><a href=\"https:\/\/www.eldo.com\/guide\/isolation\/quel-materiau-isolant-choisir\/\" aria-label=\"Mat\u00e9riau isolant\"><img width=\"368\" height=\"207\" src=\"https:\/\/www.eldo.com\/guide\/wp-content\/uploads\/2020\/08\/tef_isolation_-_isolation_de_combles_plancher_et_vide_sanitaire_isolation_des_combles_et_rampants_1_15.jpg\" class=\"attachment-us_600_600_crop size-us_600_600_crop wp-post-image\" alt=\"materiaux isolant pour les combles\" srcset=\"https:\/\/www.eldo.com\/guide\/wp-content\/uploads\/2020\/08\/tef_isolation_-_isolation_de_combles_plancher_et_vide_sanitaire_isolation_des_combles_et_rampants_1_15.jpg 368w, https:\/\/www.eldo.com\/guide\/wp-content\/uploads\/2020\/08\/tef_isolation_-_isolation_de_combles_plancher_et_vide_sanitaire_isolation_des_combles_et_rampants_1_15-300x169.jpg 300w\" sizes=\"(max-width: 368px) 100vw, 368px\" \/><\/a><\/div><\/div>\t\t<\/div>\r\n\t<\/article>\r\n\t<article class=\"w-grid-item size_1x1 post-793 page type-page status-publish has-post-thumbnail hentry\" data-id=\"793\">\r\n\t\t<div class=\"w-grid-item-h\">\r\n\t\t\t\t\t\t\t<a class=\"w-grid-item-anchor\" href=\"https:\/\/www.eldo.com\/guide\/isolation\/isolation-des-combles-perdus\/\" rel=\"bookmark\" aria-label=\"Isolation des combles perdu\"><\/a>\r\n\t\t\t\t\t\t<div class=\"w-vwrapper usg_vwrapper_1 align_left valign_top\"><p class=\"w-post-elm post_title usg_post_title_1 align_center entry-title color_link_inherit has_text_color\"><a href=\"https:\/\/www.eldo.com\/guide\/isolation\/isolation-des-combles-perdus\/\">Isolation des combles perdu<\/a><\/p><\/div><div class=\"w-hwrapper usg_hwrapper_1 align_left valign_top\"><div class=\"w-post-elm post_image usg_post_image_1 has_width has_ratio\"><div style=\"padding-bottom:100.0000%\"><\/div><a href=\"https:\/\/www.eldo.com\/guide\/isolation\/isolation-des-combles-perdus\/\" aria-label=\"Isolation des combles perdu\"><img width=\"512\" height=\"384\" src=\"https:\/\/www.eldo.com\/guide\/wp-content\/uploads\/2020\/08\/isolation-2.jpeg\" class=\"attachment-us_600_600_crop size-us_600_600_crop wp-post-image\" alt=\"Isolation des combles perdu\" srcset=\"https:\/\/www.eldo.com\/guide\/wp-content\/uploads\/2020\/08\/isolation-2.jpeg 512w, https:\/\/www.eldo.com\/guide\/wp-content\/uploads\/2020\/08\/isolation-2-300x225.jpeg 300w, https:\/\/www.eldo.com\/guide\/wp-content\/uploads\/2020\/08\/isolation-2-534x400.jpeg 534w, https:\/\/www.eldo.com\/guide\/wp-content\/uploads\/2020\/08\/isolation-2-800x600.jpeg 800w\" sizes=\"(max-width: 512px) 100vw, 512px\" \/><\/a><\/div><\/div>\t\t<\/div>\r\n\t<\/article>\r\n<\/div><div class=\"w-grid-preloader\"><div class=\"g-preloader type_1\">\r\n\t<div><\/div>\r\n<\/div>\r\n<\/div>\t<div class=\"w-grid-json hidden\" onclick='return {&quot;action&quot;:&quot;us_ajax_grid&quot;,&quot;ajax_url&quot;:&quot;https:\\\/\\\/www.eldo.com\\\/guide\\\/wp-admin\\\/admin-ajax.php&quot;,&quot;infinite_scroll&quot;:0,&quot;max_num_pages&quot;:1,&quot;pagination&quot;:&quot;none&quot;,&quot;permalink_url&quot;:&quot;https:\\\/\\\/www.eldo.com\\\/guide\\\/wp-json\\\/wp\\\/v2\\\/pages\\\/884&quot;,&quot;template_vars&quot;:{&quot;columns&quot;:&quot;4&quot;,&quot;exclude_items&quot;:&quot;none&quot;,&quot;img_size&quot;:&quot;default&quot;,&quot;ignore_items_size&quot;:false,&quot;items_layout&quot;:&quot;331&quot;,&quot;items_offset&quot;:&quot;1&quot;,&quot;load_animation&quot;:&quot;none&quot;,&quot;overriding_link&quot;:&quot;post&quot;,&quot;post_id&quot;:884,&quot;query_args&quot;:{&quot;ignore_sticky_posts&quot;:1,&quot;post_type&quot;:&quot;any&quot;,&quot;post__in&quot;:[&quot;875&quot;,&quot;878&quot;,&quot;868&quot;,&quot;854&quot;,&quot;840&quot;,&quot;831&quot;,&quot;815&quot;,&quot;793&quot;],&quot;posts_per_page&quot;:&quot;10&quot;},&quot;orderby_query_args&quot;:{&quot;orderby&quot;:{&quot;date&quot;:&quot;DESC&quot;}},&quot;type&quot;:&quot;grid&quot;,&quot;us_grid_ajax_index&quot;:1,&quot;us_grid_filter_params&quot;:null,&quot;us_grid_index&quot;:1,&quot;_us_grid_post_type&quot;:&quot;ids&quot;}}'><\/div>\r\n\t<\/div><\/div><\/div><\/div><\/div><\/div><\/section><section class=\"l-section wpb_row us_custom_e91755c2 height_auto width_full with_overlay\"><div class=\"l-section-overlay\" style=\"background: #ebebeb\"><\/div><div class=\"l-section-h i-cf\"><div class=\"g-cols vc_row type_boxes valign_middle\"><div class=\"vc_col-sm-12 wpb_column vc_column_container has-fill\"><div class=\"vc_column-inner us_custom_c0cbbdff\"><div class=\"wpb_wrapper\"><p class=\"w-itext us_custom_6df4bc3a type_typingChars align_center\" onclick='return {&quot;duration&quot;:300,&quot;delay&quot;:2000,&quot;disablePartAnimation&quot;:false,&quot;dynamicColor&quot;:&quot;#ffffff&quot;,&quot;html_nbsp_char&quot;:true}'>Je\u00a0cherche\u00a0un\u00a0pro\u00a0\u00e0\u00a0<span class=\"w-itext-part changesat_0 changesat_1 changesat_2 changesat_3 changesat_4 dynamic\" style=\"color:#ffffff\" onclick='return [&quot;Bordeaux&quot;,&quot;Toulouse&quot;,&quot;Paris&quot;,&quot;Nantes&quot;,&quot;Marseille&quot;]'><span>Bordeaux<\/span><i class=\"w-itext-cursor\"><\/i><\/span><\/p><div class=\"w-separator size_small\"><\/div><div class=\"w-btn-wrapper width_auto align_center\"><a class=\"w-btn us-btn-style_1\" title=\"Demander un devis\" target=\"_blank\" href=\"https:\/\/devis.eldo.com\/isolation-des-combles-new\/france?utm_source=google&amp;utm_medium=guide&amp;utm_campaign=isolation-1-euro-pacte-energie-solidarite&amp;utm_term=isolation?via=guide-isolation&amp;idc=15\" rel=\"noopener\"><span class=\"w-btn-label\">Expliquer mon projet<\/span><\/a><\/div><\/div><\/div><\/div><\/div><\/div><\/section>\n","protected":false},"excerpt":{"rendered":"Qu&rsquo;est ce que l&rsquo;isolation des combles perdu ? Guide Complet : prix, isolants &amp; techniques Guides travauxPages Trop souvent, l&rsquo;isolation des combles\u00a0est n\u00e9glig\u00e9e. Qui sait pr\u00e9cis\u00e9ment dans quel \u00e9tat est l&rsquo;isolant de ses combles\u00a0? Rares sont les occasions d&rsquo;y jeter un \u0153il. Malheureusement, en mati\u00e8re de d\u00e9perdition \u00e9nerg\u00e9tique et thermique, les combles sont souvent mis...","protected":false},"author":1,"featured_media":948,"parent":854,"menu_order":0,"comment_status":"closed","ping_status":"closed","template":"","meta":[],"page_tags":[],"_links":{"self":[{"href":"https:\/\/www.eldo.com\/guide\/wp-json\/wp\/v2\/pages\/884"}],"collection":[{"href":"https:\/\/www.eldo.com\/guide\/wp-json\/wp\/v2\/pages"}],"about":[{"href":"https:\/\/www.eldo.com\/guide\/wp-json\/wp\/v2\/types\/page"}],"author":[{"embeddable":true,"href":"https:\/\/www.eldo.com\/guide\/wp-json\/wp\/v2\/users\/1"}],"replies":[{"embeddable":true,"href":"https:\/\/www.eldo.com\/guide\/wp-json\/wp\/v2\/comments?post=884"}],"version-history":[{"count":34,"href":"https:\/\/www.eldo.com\/guide\/wp-json\/wp\/v2\/pages\/884\/revisions"}],"predecessor-version":[{"id":10831,"href":"https:\/\/www.eldo.com\/guide\/wp-json\/wp\/v2\/pages\/884\/revisions\/10831"}],"up":[{"embeddable":true,"href":"https:\/\/www.eldo.com\/guide\/wp-json\/wp\/v2\/pages\/854"}],"wp:featuredmedia":[{"embeddable":true,"href":"https:\/\/www.eldo.com\/guide\/wp-json\/wp\/v2\/media\/948"}],"wp:attachment":[{"href":"https:\/\/www.eldo.com\/guide\/wp-json\/wp\/v2\/media?parent=884"}],"wp:term":[{"taxonomy":"page_tags","embeddable":true,"href":"https:\/\/www.eldo.com\/guide\/wp-json\/wp\/v2\/page_tags?post=884"}],"curies":[{"name":"wp","href":"https:\/\/api.w.org\/{rel}","templated":true}]}}