{"id":8738,"date":"2022-07-05T12:39:23","date_gmt":"2022-07-05T12:39:23","guid":{"rendered":"https:\/\/www.eldo.com\/guide\/?page_id=8738"},"modified":"2022-07-25T10:59:22","modified_gmt":"2022-07-25T10:59:22","slug":"charpente-aide","status":"publish","type":"page","link":"https:\/\/www.eldo.com\/guide\/charpente\/aide","title":{"rendered":"Charpente aide"},"content":{"rendered":"<section class=\"l-section wpb_row us_custom_e4eb24e1 height_auto width_full with_overlay\"><div class=\"l-section-overlay\" style=\"background: #ffffff\"><\/div><div class=\"l-section-h i-cf\"><div class=\"g-cols vc_row type_boxes valign_middle gap-10px\"><style>.g-cols.gap-10px{margin:0 -10px}.gap-10px > .vc_column_container {padding:10px}<\/style><div class=\"vc_col-sm-12 wpb_column vc_column_container has-fill has_text_color\"><div class=\"vc_column-inner us_custom_fa409dfa\"><div class=\"wpb_wrapper\"><div class=\"wpb_text_column us_custom_cef92e06 has_text_color\" ><div class=\"wpb_wrapper\"><h1 style=\"text-align: center;\">Subvention r\u00e9novation toiture\u00a02022\u00a0: quelles aides disponibles et comment en b\u00e9n\u00e9ficier\u2009?<\/h1>\n<\/div><\/div><div class=\"w-separator size_medium\"><\/div><ol class=\"g-breadcrumbs us_custom_cef92e06 separator_icon align_left has_text_color\"><li class=\"g-breadcrumbs-item\"><a href=\"https:\/\/www.eldo.com\/guide\/\">Guides travaux<\/a><meta content=\"1\"\/><\/li><li class=\"g-breadcrumbs-separator\"><i class=\"far fa-angle-right\"><\/i><\/li><li class=\"g-breadcrumbs-item\">Pages<\/li><\/ol><\/div><\/div><\/div><div class=\"vc_col-sm-12 wpb_column vc_column_container\"><div class=\"vc_column-inner\"><div class=\"wpb_wrapper\"><div class=\"wpb_text_column us_custom_ae99f6aa has_text_color\" ><div class=\"wpb_wrapper\">\n<\/div><\/div><div class=\"wpb_text_column us_custom_ae99f6aa has_text_color\" ><div class=\"wpb_wrapper\"><p><span style=\"font-weight: 400;\">\u00c9l\u00e9ment principal d\u2019une maison individuelle, la toiture de la maison prot\u00e8ge votre logement des al\u00e9as de la m\u00e9t\u00e9o et des intemp\u00e9ries. Aussi, c\u2019est la partie assurant le mieux l\u2019isolation et l\u2019\u00e9tanch\u00e9it\u00e9 de votre maison. La bonne solidit\u00e9 des toits est assur\u00e9e par une charpente bien entretenue et tout d\u00e9g\u00e2t ou fuite peut entra\u00eener des dommages consid\u00e9rables dans la maison.\u00a0<\/span><\/p>\n<p><span style=\"font-weight: 400;\">Dans ces cas, vous serez vite amen\u00e9 \u00e0 lancer des travaux de r\u00e9novation de charpente en vue de pr\u00e9server l\u2019int\u00e9grit\u00e9 de votre construction. R\u00e9nover la charpente d\u2019une maison peut \u00eatre on\u00e9reux. C\u2019est pour cela que diff\u00e9rents m\u00e9canismes d\u2019aides financi\u00e8res et de subventions ont \u00e9t\u00e9 mis en place afin d\u2019all\u00e9ger votre budget.<\/span><\/p>\n<p><span style=\"font-weight: 400;\">Tour d\u2019horizon des diff\u00e9rentes subventions pour le financement r\u00e9novation de charpente en 2022.<\/span><\/p>\n<\/div><\/div><div class=\"w-separator size_medium\"><\/div><div class=\"w-image align_center\"><div class=\"w-image-h\"><img width=\"512\" height=\"342\" src=\"https:\/\/www.eldo.com\/guide\/wp-content\/uploads\/2022\/07\/inclinaison-toiture.jpg\" class=\"attachment-large size-large\" alt=\"\" srcset=\"https:\/\/www.eldo.com\/guide\/wp-content\/uploads\/2022\/07\/inclinaison-toiture.jpg 512w, https:\/\/www.eldo.com\/guide\/wp-content\/uploads\/2022\/07\/inclinaison-toiture-300x200.jpg 300w, https:\/\/www.eldo.com\/guide\/wp-content\/uploads\/2022\/07\/inclinaison-toiture-600x400.jpg 600w, https:\/\/www.eldo.com\/guide\/wp-content\/uploads\/2022\/07\/inclinaison-toiture-800x534.jpg 800w\" sizes=\"(max-width: 512px) 100vw, 512px\" \/><\/div><\/div><\/div><\/div><\/div><\/div><\/div><\/section><section class=\"l-section wpb_row height_auto width_full with_overlay\"><div class=\"l-section-overlay\" style=\"background: #ffffff\"><\/div><div class=\"l-section-h i-cf\"><div class=\"g-cols vc_row type_boxes valign_middle gap-10px\"><style>.g-cols.gap-10px{margin:0 -10px}.gap-10px > .vc_column_container {padding:10px}<\/style><div class=\"vc_col-sm-12 wpb_column vc_column_container has-fill\"><div class=\"vc_column-inner us_custom_4fb9e5a3\"><div class=\"wpb_wrapper\"><div class=\"wpb_text_column\" ><div class=\"wpb_wrapper\"><h2>Subvention toiture\u00a02022\u00a0: les aides de l\u2019\u00c9tat pour les travaux r\u00e9novation<\/h2>\n<p><span style=\"font-weight: 400;\">Il est propos\u00e9 chaque ann\u00e9e diff\u00e9rentes aides port\u00e9es par l\u2019\u00c9tat et certaines structures priv\u00e9es pour accompagner les m\u00e9nages modestes dans les travaux de r\u00e9novation de charpente bois. Ces dispositifs d\u2019aides reconduisent parfois les projets des ann\u00e9es ant\u00e9rieures ou proc\u00e8dent \u00e0 certaines modifications en vue de les rendre plus pratiques.\u00a0<\/span><\/p>\n<p><span style=\"font-weight: 400;\">Pour cette ann\u00e9e\u00a02022, il est retenu diverses subventions et aides financi\u00e8res destin\u00e9es \u00e0 aider les m\u00e9nages \u00e0 faire la r\u00e9novation des toits de leur maison.<\/span><\/p>\n<h3><span style=\"font-weight: 400;\">Ma Prime Renov\u00a02022 toiture\u00a0: l\u2019ancien Cr\u00e9dit d\u2019Imp\u00f4t pour la transition \u00e9nerg\u00e9tique<\/span><\/h3>\n<p><span style=\"font-weight: 400;\">En vigueur jusqu\u2019en 2020, le Cr\u00e9dit d\u2019Imp\u00f4t pour la Transition \u00c9cologique consistait \u00e0 accorder, sous certaines conditions, jusqu\u2019\u00e0 40\u00a0% de cr\u00e9dit d\u2019imp\u00f4t pour les travaux de construction et de r\u00e9novation de charpente.\u00a0\u00a0<\/span><\/p>\n<p><span style=\"font-weight: 400;\">En 2022, ce cr\u00e9dit d\u2019imp\u00f4t a \u00e9volu\u00e9 pour \u00eatre fusionn\u00e9 \u00e0 l\u2019aide Habiter Mieux Agilit\u00e9 de l\u2019Agence Nationale de l\u2019Habitat. Ainsi, l\u2019ANAH porte d\u00e9sormais MaPrimeR\u00e9nov<\/span><span style=\"font-weight: 400;\">\u2019<\/span><span style=\"font-weight: 400;\"> Toiture qui se pr\u00e9sente comme une aide forfaitaire au montant inversement proportionnel au revenu des m\u00e9nages.\u00a0<\/span><\/p>\n<p><span style=\"font-weight: 400;\">Cette aide s\u2019adresse, non seulement aux maisons individuelles, mais aussi aux copropri\u00e9t\u00e9s. Dans ces cas, elle est vers\u00e9e en une seule fois au syndicat de copropri\u00e9t\u00e9. Ce m\u00e9canisme permet une gestion facilit\u00e9e des travaux de r\u00e9novation de la charpente bois traditionnelle du logement.\u00a0<\/span><\/p>\n<h2><\/h2>\n<p><span style=\"font-weight: 400;\">Au nombre des crit\u00e8res d\u2019octroi de cette aide financi\u00e8re, il y a le revenu fiscal des m\u00e9nages et le nombre de personnes qui composent le foyer. Toutefois, il est \u00e0 noter que pour 2022, une nouvelle condition d\u2019\u00e9ligibilit\u00e9 \u00e0 la prime MaPrimeR\u00e9nov<\/span><span style=\"font-weight: 400;\">\u2019 <\/span><span style=\"font-weight: 400;\">2022 a \u00e9t\u00e9 introduite. En effet, votre logement doit d\u00e9sormais avoir au moins 15 ans d\u2019anciennet\u00e9 pour \u00eatre \u00e9ligible.\u00a0<\/span><\/p>\n<h3><span style=\"font-weight: 400;\">Les autres aides de l\u2019Anah pour 2022<\/span><\/h3>\n<p><span style=\"font-weight: 400;\">L\u2019ANAH est l\u2019une des structures retenues en 2022 pour verser aux particuliers des subventions en vue de la r\u00e9novation de charpente. Les aides de L\u2019ANAH sont, en grande partie, d\u00e9di\u00e9es aux foyers modestes et tr\u00e8s modestes. Toutefois, n\u2019h\u00e9sitez pas \u00e0 vous rapprocher d\u2019un conseiller afin de savoir si vous \u00eates \u00e9ligible \u00e0 ces aides. Le cas \u00e9ch\u00e9ant, le conseiller de l\u2019ANAH pourra vous aider \u00e0 estimer le montant de l\u2019aide \u00e0 laquelle vous pouvez pr\u00e9tendre.<\/span><\/p>\n<p><span style=\"font-weight: 400;\">Pour l\u2019ann\u00e9e\u00a02022, les diff\u00e9rentes aides financi\u00e8res de l\u2019ANAH ont \u00e9t\u00e9 revues \u00e0 la hausse afin de permettre aux b\u00e9n\u00e9ficiaires de r\u00e9aliser des \u00e9conomies plus consistantes. En effet, ces aides peuvent couvrir jusqu\u2019\u00e0 hauteur de 50\u00a0% du montant hors taxe des travaux. C\u2019est le cas particuli\u00e8rement de la subvention cr\u00e9\u00e9e en 2022, MaPrimeR\u00e9nov S\u00e9r\u00e9nit\u00e9, qui est mise en place pour accompagner le plus de foyers modestes.\u00a0<\/span><\/p>\n<h3><span style=\"font-weight: 400;\">Les primes des fournisseurs d\u2019\u00e9nergie<\/span><\/h3>\n<p><span style=\"font-weight: 400;\">Il s\u2019agit de primes g\u00e9n\u00e9ralement offertes par les fournisseurs d\u2019\u00e9nergie apr\u00e8s la constatation d\u2019une isolation optimale de la maison gr\u00e2ce \u00e0 la toiture. Ainsi, la prime \u00e9nergie\u00a02022 pour la r\u00e9novation des fermes, pannes, ou m\u00eame couverture de la toiture permet de r\u00e9duire les pertes d\u2019\u00e9nergie dans la maison. \u00c9galement, cette aide vise \u00e0 mieux prot\u00e9ger les \u00e9cosyst\u00e8mes.\u00a0<\/span><\/p>\n<p><span style=\"font-weight: 400;\">Il s\u2019agit d\u2019un dispositif d\u2019accompagnement octroy\u00e9 sans condition de ressources, mais dont le montant est fonction des performances \u00e9nerg\u00e9tiques du b\u00e2timent. Plus pr\u00e9cis\u00e9ment, il prend en compte le niveau d\u2019isolation de la toiture et la position g\u00e9ographique du logement. En dehors de ces conditions, les foyers \u00e0 tr\u00e8s faibles revenus peuvent b\u00e9n\u00e9ficier des avantages de cette prime bonifi\u00e9e.\u00a0<\/span><\/p>\n<p><span style=\"font-weight: 400;\">Les conditions g\u00e9n\u00e9rales d\u2019\u00e9ligibilit\u00e9 des primes \u00e9nergies sont communes \u00e0 presque toutes les subventions en vue d\u2019une r\u00e9novation de toiture pour 2022. Il s\u2019agit notamment\u00a0de\u00a0:<\/span><\/p>\n<ul>\n<li style=\"font-weight: 400;\" aria-level=\"1\"><span style=\"font-weight: 400;\">habiter dans le logement depuis au moins deux ans<\/span><span style=\"font-weight: 400;\">\u2009<\/span><span style=\"font-weight: 400;\">;<\/span><\/li>\n<li style=\"font-weight: 400;\" aria-level=\"1\"><span style=\"font-weight: 400;\">l\u2019intervention d\u2019un artisan couvreur ou d\u2019un charpentier certifi\u00e9 au label RGE<\/span><span style=\"font-weight: 400;\">\u2009<\/span><span style=\"font-weight: 400;\">;<\/span><\/li>\n<li style=\"font-weight: 400;\" aria-level=\"1\"><span style=\"font-weight: 400;\">la signature d\u2019un contrat de prime \u00e9nergie avec un fournisseur agr\u00e9\u00e9 avant de lancer les travaux.<\/span><\/li>\n<\/ul>\n<h3><span style=\"font-weight: 400;\">L\u2019\u00e9co-pr\u00eat \u00e0 taux z\u00e9ro pour 2022<\/span><\/h3>\n<p><span style=\"font-weight: 400;\">Subvention reconduite pour l\u2019ann\u00e9e\u00a02022, l\u2019\u00e9co-PTZ est un financement pr\u00e9sentant l\u2019avantage d\u2019\u00eatre cumulable avec d\u2019autres aides comme la prime \u00e9nergie ou la TVA \u00e0 taux r\u00e9duit. Le b\u00e9n\u00e9fice de l\u2019\u00e9co-pr\u00eat \u00e0 taux z\u00e9ro est subordonn\u00e9 \u00e0 trois conditions. Premi\u00e8rement, il vous faut proc\u00e9der \u00e0 la r\u00e9alisation de l\u2019isolation thermique de votre toiture. En outre, il faut que la construction de la maison ait \u00e9t\u00e9 achev\u00e9e il y a au moins deux ans. Enfin, la maison dans laquelle vous r\u00e9alisez les travaux de r\u00e9novation doit \u00eatre votre r\u00e9sidence principale.\u00a0<\/span><\/p>\n<p><span style=\"font-weight: 400;\">Pour 2022, il n\u2019est plus obligatoire d\u2019entreprendre diff\u00e9rents travaux avant de valider votre demande d\u2019\u00e9co-PTZV. Il faut, toutefois, vous assurer de constituer un dossier assez solide avant de le soumettre aupr\u00e8s d\u2019une institution bancaire en relation avec l\u2019\u00c9tat.<\/span><\/p>\n<p><span style=\"font-weight: 400;\">Autres modifications avantageuses apport\u00e9es au titre de l\u2019ann\u00e9e\u00a02022 pour l\u2019\u00e9co-pr\u00eat \u00e0 taux z\u00e9ro, le montant plafond a \u00e9t\u00e9 vu \u00e0 la hausse. En effet, d\u00e9sormais, vous avez la possibilit\u00e9 d\u2019emprunter jusqu\u2019\u00e0 50<\/span><span style=\"font-weight: 400;\">\u2009<\/span><span style=\"font-weight: 400;\">000\u00a0euros, sans int\u00e9r\u00eats, et remboursables sur une dur\u00e9e de 20 ans. <\/span><\/p>\n<\/div><\/div><div class=\"w-separator size_medium\"><\/div><div class=\"w-btn-wrapper width_auto align_center\"><a class=\"w-btn us-btn-style_2\" title=\"Demander un devis\" href=\"https:\/\/devis.eldo.com\/charpente-couverture\/france?utm_source=gmb&amp;utm_medium=SEO&amp;utm_campaign=charpente-aide\"><span class=\"w-btn-label\">Demander un devis<\/span><\/a><\/div><div class=\"w-separator size_medium\"><\/div><div class=\"w-image align_center\"><div class=\"w-image-h\"><img width=\"512\" height=\"320\" src=\"https:\/\/www.eldo.com\/guide\/wp-content\/uploads\/2022\/07\/gettyimages-140460302-type-de-charpente-main.jpg\" class=\"attachment-large size-large\" alt=\"\" srcset=\"https:\/\/www.eldo.com\/guide\/wp-content\/uploads\/2022\/07\/gettyimages-140460302-type-de-charpente-main.jpg 512w, https:\/\/www.eldo.com\/guide\/wp-content\/uploads\/2022\/07\/gettyimages-140460302-type-de-charpente-main-300x188.jpg 300w, https:\/\/www.eldo.com\/guide\/wp-content\/uploads\/2022\/07\/gettyimages-140460302-type-de-charpente-main-600x375.jpg 600w\" sizes=\"(max-width: 512px) 100vw, 512px\" \/><\/div><\/div><div class=\"w-separator size_medium\"><\/div><div class=\"wpb_text_column\" ><div class=\"wpb_wrapper\"><h2>Les autres subventions r\u00e9novation toiture pour 2022<\/h2>\n<p><span style=\"font-weight: 400;\">Au-del\u00e0 des principales aides pr\u00e9sent\u00e9es plus haut, d\u2019autres subventions ont \u00e9t\u00e9 mises en place afin de soulager les m\u00e9nages dans les travaux de r\u00e9novation de leur charpente. Il peut s\u2019agir de charpentes industrielles ou de charpente m\u00e9tallique.<\/span><\/p>\n<h3><span style=\"font-weight: 400;\">La TVA \u00e0 taux r\u00e9duit<\/span><\/h3>\n<p><span style=\"font-weight: 400;\">Institu\u00e9e par la loi sur la transition \u00e9cologique, la TVA r\u00e9duite porte sur les mat\u00e9riaux de r\u00e9novation verts. Le taux de la TVA pour ces mat\u00e9riaux de construction respectueux de l\u2019environnement est r\u00e9duit \u00e0 5,5\u00a0%. \u00c0 c\u00f4t\u00e9, il est instaur\u00e9 \u00e9galement une TVA interm\u00e9diaire de 10\u00a0% au lieu des 20\u00a0% habituellement appliqu\u00e9s. Dans les territoires et d\u00e9partements d\u2019outre-mer comme la Martinique, R\u00e9union et la Guadeloupe, la TVA est r\u00e9duite \u00e0 2,1\u00a0%.\u00a0<\/span><\/p>\n<p><span style=\"font-weight: 400;\">Le b\u00e9n\u00e9fice de la TVA \u00e0 taux r\u00e9duit est subordonn\u00e9 \u00e0 l\u2019intervention d\u2019un professionnel agr\u00e9\u00e9 pour les travaux de r\u00e9novation. Enfin, cette subvention peut \u00eatre cumul\u00e9e avec les autres aides mentionn\u00e9es.<\/span><\/p>\n<h3><span style=\"font-weight: 400;\">L\u2019exon\u00e9ration de la taxe fonci\u00e8re<\/span><\/h3>\n<p><span style=\"font-weight: 400;\">Les propri\u00e9taires de maisons individuelles construites avant 1989 peuvent b\u00e9n\u00e9ficier d\u2019une exon\u00e9ration partielle, parfois m\u00eame totale, de la taxe fonci\u00e8re pour r\u00e9aliser des travaux de r\u00e9novation \u00e9nerg\u00e9tique. Pour b\u00e9n\u00e9ficier de l\u2019exon\u00e9ration de la taxe fonci\u00e8re, les d\u00e9penses d\u2019\u00e9quipement pr\u00e9vues pour l\u2019ann\u00e9e doivent \u00eatre sup\u00e9rieures \u00e0 10<\/span><span style=\"font-weight: 400;\">\u2009<\/span><span style=\"font-weight: 400;\">000\u00a0euros. \u00c0 d\u00e9faut, elles doivent exc\u00e9der 15<\/span><span style=\"font-weight: 400;\">\u2009<\/span><span style=\"font-weight: 400;\">000\u00a0euros sur trois ann\u00e9es.\u00a0<\/span><\/p>\n<p><span style=\"font-weight: 400;\">Le b\u00e9n\u00e9fice de l\u2019exon\u00e9ration de la taxe peut couvrir une p\u00e9riode de cinq ans. \u00c0 l\u2019expiration de celle-ci, il faudra attendre dix ans avant d\u2019esp\u00e9rer b\u00e9n\u00e9ficier d\u2019une nouvelle exon\u00e9ration.\u00a0<\/span><\/p>\n<p><span style=\"font-weight: 400;\">Pour b\u00e9n\u00e9ficier concr\u00e8tement de l\u2019exon\u00e9ration de la taxe fonci\u00e8re, il vous faut remplir le formulaire d\u2019exon\u00e9ration disponible dans le centre des imp\u00f4ts de votre mairie.\u00a0<\/span><\/p>\n<h3><span style=\"font-weight: 400;\">Quelles sont les r\u00e9glementations en vigueur pour\u00a02022\u2009?\u00a0<\/span><\/h3>\n<p><span style=\"font-weight: 400;\">Sauf indication contraire contenue dans le Plan Local d\u2019Urbanisme (PLU) de votre mairie avant toute r\u00e9fection \u00e0 l\u2019identique de la charpente, il faut faire une d\u00e9claration pr\u00e9alable des travaux. Lorsque cette r\u00e9fection entra\u00eene une modification mineure de l\u2019ext\u00e9rieur de la maison, la d\u00e9claration pr\u00e9alable est \u00e9galement n\u00e9cessaire. On entend par modification mineure\u00a0: changement de forme des toits, modification de la couleur.<\/span><\/p>\n<p><span style=\"font-weight: 400;\">Quand la r\u00e9fection a pour cons\u00e9quence une modification dite mineure de l\u2019aspect ext\u00e9rieur de l\u2019habitation (changement du mat\u00e9riau de la couverture concernant sa couleur, sa forme ou sa nature), la d\u00e9claration pr\u00e9alable est aussi n\u00e9cessaire. On doit \u00e9galement respecter les normes li\u00e9es au mat\u00e9riau choisi et le PLU communal.<\/span><\/p>\n<\/div><\/div><div class=\"w-separator size_medium\"><\/div><div class=\"w-btn-wrapper width_auto align_center\"><a class=\"w-btn us-btn-style_2\" title=\"Demander un devis\" href=\"https:\/\/devis.eldo.com\/charpente-couverture\/france?utm_source=gmb&amp;utm_medium=SEO&amp;utm_campaign=charpente-aide\"><span class=\"w-btn-label\">Expliquer mon projet<\/span><\/a><\/div><\/div><\/div><\/div><\/div><\/div><\/section><section class=\"l-section wpb_row height_medium\"><div class=\"l-section-h i-cf\"><div class=\"g-cols vc_row type_default valign_top\"><div class=\"vc_col-sm-12 wpb_column vc_column_container\"><div class=\"vc_column-inner\"><div class=\"wpb_wrapper\"><div class=\"w-grid type_grid layout_portfolio_3 cols_4 valign_center ratio_1x1\" id=\"us_grid_1\"><style id=\"us_grid_1_css\">#us_grid_1 .w-grid-item{padding:1.5rem}#us_grid_1 .w-grid-list{margin:-1.5rem}.w-grid + #us_grid_1 .w-grid-list{margin-top:1.5rem}@media (max-width:1199px){#us_grid_1 .w-grid-item{width:33.3333%}#us_grid_1 .w-grid-item.size_2x1,#us_grid_1 .w-grid-item.size_2x2{width:66.6667%}}@media (max-width:899px){#us_grid_1 .w-grid-item{width:50.0000%}#us_grid_1 .w-grid-item.size_2x1,#us_grid_1 .w-grid-item.size_2x2{width:100.0000%}}@media (max-width:599px){#us_grid_1 .w-grid-list{margin:0}#us_grid_1 .w-grid-item{width:100.0000%;padding:0;margin-bottom:1.5rem}}<\/style><style>.layout_portfolio_3 .w-grid-item-h:before{padding-bottom:100.0000%}@media (min-width:600px){.layout_portfolio_3 .w-grid-item.size_1x2 .w-grid-item-h:before{padding-bottom:calc(200.0000% + 1.5rem + 1.5rem)}.layout_portfolio_3 .w-grid-item.size_2x1 .w-grid-item-h:before{padding-bottom:calc(50.0000% - 1.5rem * 1.0000)}.layout_portfolio_3 .w-grid-item.size_2x2 .w-grid-item-h:before{padding-bottom:calc(100.0000% - 1.5rem * 0)}}.layout_portfolio_3 .w-grid-item-h{}.layout_portfolio_3 .usg_post_image_1{transition-duration:0.4s;transform-origin:50% 50%;transform:scale(1) translate(0,0);opacity:0.25}.layout_portfolio_3 .w-grid-item-h:hover .usg_post_image_1{transform:scale(1) translate(0,0);opacity:1}.layout_portfolio_3 .usg_post_title_1{transition-duration:0.3s;transform-origin:50% 50%;transform:scale(1) translate(0,0)}.layout_portfolio_3 .w-grid-item-h:hover .usg_post_title_1{transform:scale(1) translate(0,-100%);opacity:0}.layout_portfolio_3 .usg_post_taxonomy_1{transition-duration:0.3s;transform-origin:50% 50%;transform:scale(1) translate(0,0)}.layout_portfolio_3 .w-grid-item-h:hover .usg_post_taxonomy_1{transform:scale(1) translate(0,100%);opacity:0}.layout_portfolio_3 .usg_post_image_1{position:absolute!important;top:0!important;right:0!important;bottom:0!important;left:0!important}.layout_portfolio_3 .usg_vwrapper_1{position:absolute!important;top:0!important;right:0!important;bottom:0!important;left:0!important;padding:2rem!important}.layout_portfolio_3 .usg_post_title_1{color:inherit!important;font-size:1.4rem!important}<\/style><div class=\"w-grid-list\" >\t<article class=\"w-grid-item size_1x1 post-8747 page type-page status-publish has-post-thumbnail hentry\" data-id=\"8747\">\r\n\t\t<div class=\"w-grid-item-h\">\r\n\t\t\t\t\t\t\t<a class=\"w-grid-item-anchor\" href=\"https:\/\/www.eldo.com\/guide\/charpente\/aide\/charpente\" rel=\"bookmark\" aria-label=\"Financement charpente\"><\/a>\r\n\t\t\t\t\t\t<div class=\"w-post-elm post_image usg_post_image_1 stretched\"><img width=\"495\" height=\"400\" src=\"https:\/\/www.eldo.com\/guide\/wp-content\/uploads\/2022\/06\/toiture-de-lauze-495x400-1.jpeg\" class=\"attachment-large size-large wp-post-image\" alt=\"\" srcset=\"https:\/\/www.eldo.com\/guide\/wp-content\/uploads\/2022\/06\/toiture-de-lauze-495x400-1.jpeg 495w, https:\/\/www.eldo.com\/guide\/wp-content\/uploads\/2022\/06\/toiture-de-lauze-495x400-1-300x242.jpeg 300w\" sizes=\"(max-width: 495px) 100vw, 495px\" \/><\/div><div class=\"w-vwrapper usg_vwrapper_1 align_center valign_middle\"><h2 class=\"w-post-elm post_title usg_post_title_1 entry-title color_link_inherit has_text_color\">Financement charpente<\/h2><\/div>\t\t<\/div>\r\n\t<\/article>\r\n<\/div><div class=\"w-grid-preloader\"><div class=\"g-preloader type_1\">\r\n\t<div><\/div>\r\n<\/div>\r\n<\/div>\t<div class=\"w-grid-json hidden\" onclick='return {&quot;action&quot;:&quot;us_ajax_grid&quot;,&quot;ajax_url&quot;:&quot;https:\\\/\\\/www.eldo.com\\\/guide\\\/wp-admin\\\/admin-ajax.php&quot;,&quot;infinite_scroll&quot;:0,&quot;max_num_pages&quot;:1,&quot;pagination&quot;:&quot;none&quot;,&quot;permalink_url&quot;:&quot;https:\\\/\\\/www.eldo.com\\\/guide\\\/wp-json\\\/wp\\\/v2\\\/pages\\\/8738&quot;,&quot;template_vars&quot;:{&quot;columns&quot;:&quot;4&quot;,&quot;exclude_items&quot;:&quot;none&quot;,&quot;img_size&quot;:&quot;default&quot;,&quot;ignore_items_size&quot;:false,&quot;items_layout&quot;:&quot;portfolio_3&quot;,&quot;items_offset&quot;:&quot;1&quot;,&quot;load_animation&quot;:&quot;none&quot;,&quot;overriding_link&quot;:&quot;post&quot;,&quot;post_id&quot;:8738,&quot;query_args&quot;:{&quot;ignore_sticky_posts&quot;:1,&quot;post_type&quot;:&quot;any&quot;,&quot;post__in&quot;:[&quot;8747&quot;],&quot;posts_per_page&quot;:&quot;10&quot;},&quot;orderby_query_args&quot;:{&quot;orderby&quot;:{&quot;date&quot;:&quot;DESC&quot;}},&quot;type&quot;:&quot;grid&quot;,&quot;us_grid_ajax_index&quot;:1,&quot;us_grid_filter_params&quot;:null,&quot;us_grid_index&quot;:1,&quot;_us_grid_post_type&quot;:&quot;ids&quot;}}'><\/div>\r\n\t<\/div><\/div><\/div><\/div><\/div><\/div><\/section><section class=\"l-section wpb_row us_custom_e91755c2 height_auto width_full with_overlay\"><div class=\"l-section-overlay\" style=\"background: #ebebeb\"><\/div><div class=\"l-section-h i-cf\"><div class=\"g-cols vc_row type_boxes valign_middle\"><div class=\"vc_col-sm-12 wpb_column vc_column_container has-fill\"><div class=\"vc_column-inner us_custom_712945f8\"><div class=\"wpb_wrapper\"><div class=\"w-btn-wrapper width_auto align_center\"><a class=\"w-btn us-btn-style_2\" title=\"Demander un devis\" href=\"https:\/\/devis.eldo.com\/charpente-couverture\/france?utm_source=gmb&amp;utm_medium=SEO&amp;utm_campaign=charpente-aide\"><span class=\"w-btn-label\">Trouver un pro de confiance<\/span><\/a><\/div><div class=\"w-separator size_medium\"><\/div><p class=\"w-itext us_custom_6df4bc3a type_typingChars align_center\" onclick='return {&quot;duration&quot;:300,&quot;delay&quot;:2000,&quot;disablePartAnimation&quot;:false,&quot;dynamicColor&quot;:&quot;#ffffff&quot;,&quot;html_nbsp_char&quot;:true}'>Je\u00a0cherche\u00a0un\u00a0pro\u00a0\u00e0\u00a0<span class=\"w-itext-part changesat_0 changesat_1 changesat_2 changesat_3 changesat_4 dynamic\" style=\"color:#ffffff\" onclick='return [&quot;Bordeaux&quot;,&quot;Toulouse&quot;,&quot;Paris&quot;,&quot;Nantes&quot;,&quot;Marseille&quot;]'><span>Bordeaux<\/span><i class=\"w-itext-cursor\"><\/i><\/span><\/p><\/div><\/div><\/div><\/div><\/div><\/section>\n","protected":false},"excerpt":{"rendered":"Comment financer sa r\u00e9novation de toiture\u2009? Guides travauxPages La toiture est l\u2019\u00e9l\u00e9ment assurant une bonne isolation thermique et une \u00e9tanch\u00e9it\u00e9 de la maison. Aussi, la charpente assure la solidit\u00e9 des toits et emp\u00eache l\u2019ensemble de s\u2019\u00e9crouler sous la pression des al\u00e9as m\u00e9t\u00e9orologiques comme la neige, le vent, la pluie et autres intemp\u00e9ries.\u00a0\u00a0 Ainsi, lorsque votre...","protected":false},"author":5,"featured_media":8731,"parent":8695,"menu_order":0,"comment_status":"closed","ping_status":"closed","template":"","meta":[],"page_tags":[],"_links":{"self":[{"href":"https:\/\/www.eldo.com\/guide\/wp-json\/wp\/v2\/pages\/8738"}],"collection":[{"href":"https:\/\/www.eldo.com\/guide\/wp-json\/wp\/v2\/pages"}],"about":[{"href":"https:\/\/www.eldo.com\/guide\/wp-json\/wp\/v2\/types\/page"}],"author":[{"embeddable":true,"href":"https:\/\/www.eldo.com\/guide\/wp-json\/wp\/v2\/users\/5"}],"replies":[{"embeddable":true,"href":"https:\/\/www.eldo.com\/guide\/wp-json\/wp\/v2\/comments?post=8738"}],"version-history":[{"count":9,"href":"https:\/\/www.eldo.com\/guide\/wp-json\/wp\/v2\/pages\/8738\/revisions"}],"predecessor-version":[{"id":8858,"href":"https:\/\/www.eldo.com\/guide\/wp-json\/wp\/v2\/pages\/8738\/revisions\/8858"}],"up":[{"embeddable":true,"href":"https:\/\/www.eldo.com\/guide\/wp-json\/wp\/v2\/pages\/8695"}],"wp:featuredmedia":[{"embeddable":true,"href":"https:\/\/www.eldo.com\/guide\/wp-json\/wp\/v2\/media\/8731"}],"wp:attachment":[{"href":"https:\/\/www.eldo.com\/guide\/wp-json\/wp\/v2\/media?parent=8738"}],"wp:term":[{"taxonomy":"page_tags","embeddable":true,"href":"https:\/\/www.eldo.com\/guide\/wp-json\/wp\/v2\/page_tags?post=8738"}],"curies":[{"name":"wp","href":"https:\/\/api.w.org\/{rel}","templated":true}]}}