{"id":8630,"date":"2022-06-09T08:40:05","date_gmt":"2022-06-09T08:40:05","guid":{"rendered":"https:\/\/www.eldo.com\/guide\/?page_id=8630"},"modified":"2023-11-14T14:52:50","modified_gmt":"2023-11-14T14:52:50","slug":"climatisation-ou-pompe-a-chaleur","status":"publish","type":"page","link":"https:\/\/www.eldo.com\/guide\/climatisation\/alternative\/vmc","title":{"rendered":"Climatisation ou vmc"},"content":{"rendered":"<section class=\"l-section wpb_row us_custom_e4eb24e1 height_auto width_full with_overlay\"><div class=\"l-section-overlay\" style=\"background: #ffffff\"><\/div><div class=\"l-section-h i-cf\"><div class=\"g-cols vc_row type_boxes valign_middle gap-10px\"><style>.g-cols.gap-10px{margin:0 -10px}.gap-10px > .vc_column_container {padding:10px}<\/style><div class=\"vc_col-sm-12 wpb_column vc_column_container has-fill has_text_color\"><div class=\"vc_column-inner us_custom_03c6484d\"><div class=\"wpb_wrapper\"><div class=\"wpb_text_column us_custom_cef92e06 has_text_color\" ><div class=\"wpb_wrapper\"><h1 style=\"text-align: center;\"><span style=\"font-weight: 400;\">Climatisation ou VMC\u00a0?<\/span><\/h1>\n<\/div><\/div><div class=\"w-separator size_medium\"><\/div><ol class=\"g-breadcrumbs us_custom_cef92e06 separator_icon align_left has_text_color\"><li class=\"g-breadcrumbs-item\"><a href=\"https:\/\/www.eldo.com\/guide\/\">Guides travaux<\/a><meta content=\"1\"\/><\/li><li class=\"g-breadcrumbs-separator\"><i class=\"far fa-angle-right\"><\/i><\/li><li class=\"g-breadcrumbs-item\">Pages<\/li><\/ol><\/div><\/div><\/div><div class=\"vc_col-sm-12 wpb_column vc_column_container\"><div class=\"vc_column-inner\"><div class=\"wpb_wrapper\"><div class=\"wpb_text_column us_custom_ae99f6aa has_text_color\" ><div class=\"wpb_wrapper\">\n<\/div><\/div><div class=\"wpb_text_column us_custom_ae99f6aa has_text_color\" ><div class=\"wpb_wrapper\"><p><span style=\"font-weight: 400;\">Avec la hausse croissante des co\u00fbts de l\u2019\u00e9nergie, installer une climatisation en \u00e9t\u00e9 et un syst\u00e8me de chauffage en hiver, distinct l\u2019un de l&rsquo;autre, devient un casse-t\u00eate pour bon nombre de m\u00e9nages. C\u2019est dans ce cadre que la climatisation r\u00e9versible devient une solution particuli\u00e8rement int\u00e9ressante en vue d\u2019installer autant chauffage que climatisation dans votre logement avec un seul appareil. En effet, qu\u2019il s\u2019agisse d\u2019un monobloc, sans groupe ext\u00e9rieur, d\u2019un monosplit ou m\u00eame d\u2019un multisplit compos\u00e9 de plusieurs unit\u00e9s int\u00e9rieures, la climatisation r\u00e9versible vous \u00e9pargne d\u2019un double investissement. Avec une pompe \u00e0 chaleur air-air, finie ainsi la n\u00e9cessit\u00e9 d\u2019acqu\u00e9rir diff\u00e9rents \u00e9quipements on\u00e9reux et \u00e9nergivores qui ne seront utilis\u00e9s qu\u2019un quart de l\u2019ann\u00e9e. Vous installerez donc un excellent confort thermique en toutes saisons avec une clim r\u00e9versible.<\/span><\/p>\n<p><span style=\"font-weight: 400;\">Mais, face aux menaces pour l\u2019environnement que repr\u00e9sentent les syst\u00e8mes de climatisation, de plus en plus, il est recherch\u00e9, de nos jours, des alternatives aux climatiseurs. La Ventilation M\u00e9canique Contr\u00f4l\u00e9e (VMC) repr\u00e9sente l\u2019une des meilleures alternatives face aux climatiseurs.<\/span><\/p>\n<p><span style=\"font-weight: 400;\">Que choisir entre la VMC et les PAC air-air\u00a0?<\/span><\/p>\n<\/div><\/div><div class=\"w-separator size_medium\"><\/div><div class=\"w-image align_center\"><div class=\"w-image-h\"><img width=\"600\" height=\"394\" src=\"https:\/\/www.eldo.com\/guide\/wp-content\/uploads\/2022\/06\/Sans-titre-30-600x394.png\" class=\"attachment-us_600_400 size-us_600_400\" alt=\"\" srcset=\"https:\/\/www.eldo.com\/guide\/wp-content\/uploads\/2022\/06\/Sans-titre-30-600x394.png 600w, https:\/\/www.eldo.com\/guide\/wp-content\/uploads\/2022\/06\/Sans-titre-30-300x197.png 300w, https:\/\/www.eldo.com\/guide\/wp-content\/uploads\/2022\/06\/Sans-titre-30-1024x672.png 1024w, https:\/\/www.eldo.com\/guide\/wp-content\/uploads\/2022\/06\/Sans-titre-30-800x525.png 800w, https:\/\/www.eldo.com\/guide\/wp-content\/uploads\/2022\/06\/Sans-titre-30.png 512w\" sizes=\"(max-width: 600px) 100vw, 600px\" \/><\/div><\/div><\/div><\/div><\/div><\/div><\/div><\/section><section class=\"l-section wpb_row height_auto width_full with_overlay\"><div class=\"l-section-overlay\" style=\"background: #ffffff\"><\/div><div class=\"l-section-h i-cf\"><div class=\"g-cols vc_row type_boxes valign_middle gap-10px\"><style>.g-cols.gap-10px{margin:0 -10px}.gap-10px > .vc_column_container {padding:10px}<\/style><div class=\"vc_col-sm-12 wpb_column vc_column_container has-fill\"><div class=\"vc_column-inner us_custom_4fb9e5a3\"><div class=\"wpb_wrapper\"><div \" class=\"faq_question_container\"><h2 class=\"faq_question_title\">Climatisation r\u00e9versible : PAC air-air ou VMC double flux ?<\/h2><div class=\"faq_question_content\"><p><span style=\"font-weight: 400;\">Bien qu\u2019ils assument des r\u00f4les similaires, ces deux appareils de chauffage et climatisation ont un fonctionnement assez diff\u00e9rent.<\/span><\/p>\n<h3><span style=\"font-weight: 400;\">La climatisation r\u00e9versible<\/span><\/h3>\n<p><span style=\"font-weight: 400;\">Compos\u00e9e de deux diff\u00e9rentes unit\u00e9s, la pompe \u00e0 chaleur air-air fonctionne en captant la chaleur de l\u2019air ext\u00e9rieur afin de la restituer \u00e0 l\u2019int\u00e9rieur de la maison. Pour fonctionner, l\u2019unit\u00e9 int\u00e9rieure est charg\u00e9e de diffuser l\u2019air chaud dans la pi\u00e8ce o\u00f9 elle est install\u00e9e par la condensation du fluide frigorig\u00e8ne. Mais, avant cela, l\u2019unit\u00e9 ext\u00e9rieure capte les calories contenues dans l\u2019air ambiant \u00e0 l\u2019ext\u00e9rieur et fait \u00e9vaporer le fluide frigorig\u00e8ne. Par ce fonctionnement, en mode chauffage, vous pouvez chauffer efficacement les pi\u00e8ces de votre habitation.<\/span><\/p>\n<p><span style=\"font-weight: 400;\">Lorsqu\u2019elle est r\u00e9versible, la PAC air-air fonctionne \u00e0 l\u2019image d\u2019un r\u00e9frig\u00e9rateur et permet de diffuser de l\u2019air froid \u00e0 l\u2019int\u00e9rieur de la pi\u00e8ce. Pour ce faire, elle capte, cette fois-ci, les calories contenues dans l\u2019air ambiant \u00e0 l\u2019int\u00e9rieur de la pi\u00e8ce pour les \u00e9jecter \u00e0 l\u2019ext\u00e9rieur. De ce fait, votre \u00e9quipement vous permet de faire baisser la temp\u00e9rature int\u00e9rieure, afin d\u2019y apporter une douce fra\u00eecheur.<\/span><\/p>\n<p><span style=\"font-weight: 400;\">La climatisation r\u00e9versible se pr\u00e9sente ainsi comme une solution assurant d&rsquo;apporter un excellent confort thermique \u00e0 l\u2019int\u00e9rieur des maisons en toutes saisons. Existant sous diff\u00e9rents mod\u00e8les, les types de climatisations r\u00e9versibles s\u2019adaptent \u00e0 tout genre de d\u00e9co. Il y a le split mural particuli\u00e8rement efficace dans les petites superficies, les climatiseurs r\u00e9versibles gainables qui, dissimul\u00e9s dans les combles et faux plafonds, sont dot\u00e9s d\u2019une plus grande puissance frigorifique.\u00a0<\/span><\/p>\n<h3><span style=\"font-weight: 400;\">La Ventilation Motoris\u00e9e Contr\u00f4l\u00e9e double flux<\/span><\/h3>\n<p><span style=\"font-weight: 400;\">Vous aurez sans doute d\u00e9j\u00e0 entendu parler de la VMC simple flux. En effet, pr\u00e9sents dans plusieurs logements pour la d\u00e9shumidification de l\u2019air ambiant, ces \u00e9quipements sont charg\u00e9s d\u2019extraire l\u2019humidit\u00e9 de l\u2019air contenue dans les salles d\u2019eau et la cuisine. Ils permettent, effectivement, de rejeter l\u2019air vici\u00e9, porteur de calories pourtant pr\u00e9cieuses en p\u00e9riode de basses temp\u00e9ratures, vers l\u2019ext\u00e9rieur.\u00a0<\/span><\/p>\n<p><span style=\"font-weight: 400;\">C\u2019est l\u00e0 tout l\u2019int\u00e9r\u00eat de la VMC double flux, capable d\u2019optimiser le syst\u00e8me d\u2019a\u00e9ration de la maison. En effet, elle r\u00e9cup\u00e8re les calories contenues dans l\u2019air vici\u00e9 avant que ce dernier ne soit rejet\u00e9 \u00e0 l\u2019ext\u00e9rieur. De ce fait, la VMC double flux permet de chauffer l\u2019int\u00e9rieur de votre maison efficacement en maintenant \u00e0 l\u2019int\u00e9rieur une source de chaleur qui n\u2019\u00e9tait pas exploit\u00e9e.<\/span><\/p>\n<p><span style=\"font-weight: 400;\">En \u00e9t\u00e9 ou lors des \u00e9pisodes de fortes chaleurs, la VMC vous permet d\u2019introduire de l\u2019air frais et neuf \u00e0 l\u2019int\u00e9rieur des pi\u00e8ces sans avoir, au pr\u00e9alable, besoin de recourir \u00e0 un \u00e9change thermique. Plus besoin ainsi de fluide frigorig\u00e8ne polluant pour rafra\u00eechir les pi\u00e8ces. Il suffit de laisser votre VMC double flux fonctionner la nuit afin de jouir des avantages du rafra\u00eechissement nocturne.<\/span><\/p>\n<p><span style=\"font-weight: 400;\">Toutefois, si la Ventilation Motoris\u00e9e Contr\u00f4l\u00e9e s\u2019adapte bien aux climats temp\u00e9r\u00e9s, il est recommand\u00e9 d\u2019avoir recours \u00e0 un syst\u00e8me de climatisation traditionnel lors des conditions climatiques extr\u00eames.<\/span><\/p>\n<\/div><\/div><div class=\"w-separator size_small\"><\/div><div class=\"w-btn-wrapper width_auto align_center\"><a class=\"w-btn us-btn-style_2\" title=\"Demander un devis\" href=\"https:\/\/devis.eldo.com\/chauffage-climatisation-clim\/france?utm_source=gmb&amp;utm_medium=SEO&amp;utm_campaign=climatisation-alternative-vmc\"><span class=\"w-btn-label\">Demander un devis<\/span><\/a><\/div><div class=\"w-separator size_medium\"><\/div><div class=\"w-image align_center\"><div class=\"w-image-h\"><img width=\"600\" height=\"300\" src=\"https:\/\/www.eldo.com\/guide\/wp-content\/uploads\/2022\/05\/climatisation-split-salon-600x300.webp\" class=\"attachment-us_600_400 size-us_600_400\" alt=\"\" srcset=\"https:\/\/www.eldo.com\/guide\/wp-content\/uploads\/2022\/05\/climatisation-split-salon-600x300.webp 600w, https:\/\/www.eldo.com\/guide\/wp-content\/uploads\/2022\/05\/climatisation-split-salon-300x150.webp 300w, https:\/\/www.eldo.com\/guide\/wp-content\/uploads\/2022\/05\/climatisation-split-salon-800x400.webp 800w, https:\/\/www.eldo.com\/guide\/wp-content\/uploads\/2022\/05\/climatisation-split-salon.webp 1000w\" sizes=\"(max-width: 600px) 100vw, 600px\" \/><\/div><\/div><div class=\"w-separator size_medium\"><\/div><div \" class=\"faq_question_container\"><h2 class=\"faq_question_title\">Combien co\u00fbte une climatisation r\u00e9versible ?<\/h2><div class=\"faq_question_content\"><p><span style=\"font-weight: 400;\">C\u2019est en fonction des types de climatiseurs r\u00e9versibles et de leur puissance que le prix d\u2019une climatisation r\u00e9versible est fix\u00e9. \u00c9galement, la marque de l\u2019appareil est un facteur qui influe grandement sur le prix.<\/span><\/p>\n<h3><span style=\"font-weight: 400;\">Quel est le prix d\u2019une PAC air-air r\u00e9versible ?<\/span><\/h3>\n<p><span style=\"font-weight: 400;\">L\u2019installation d\u2019une climatisation r\u00e9versible peut demander un investissement initial assez cons\u00e9quent. Comme mentionn\u00e9 plus haut, c\u2019est principalement en fonction du coefficient de performance et de la puissance frigorifique de votre appareil que les prix sont d\u00e9termin\u00e9s. Ainsi, le prix d\u2019une PAC air-air oscille entre de 6<\/span><span style=\"font-weight: 400;\">\u2009<\/span><span style=\"font-weight: 400;\">000 et 10<\/span><span style=\"font-weight: 400;\">\u2009<\/span><span style=\"font-weight: 400;\">000\u00a0euros.\u00a0<\/span><\/p>\n<h3><span style=\"font-weight: 400;\">Quel est le prix d\u2019une VMC double flux ?<\/span><\/h3>\n<p><span style=\"font-weight: 400;\">Bien que le processus de renouvellement de l\u2019air soit un facteur tout aussi in\u00e9vitable qu\u2019indispensable pour assurer la circulation de l\u2019air sain dans la maison, il cause des d\u00e9perditions thermiques. Estim\u00e9es \u00e0 20\u00a0%, ces d\u00e9perditions de chaleur sont une des principales causes de la hausse de votre consommation \u00e9nerg\u00e9tique. Cela se ressent fortement sur votre facture d\u2019\u00e9nergie.<\/span><\/p>\n<p><span style=\"font-weight: 400;\">Ainsi, en optimisant le processus de renouvellement de l\u2019air, la VMC double flux vous permet de r\u00e9duire les d\u00e9perditions \u00e9nerg\u00e9tiques de l\u2019ordre de 70\u00a0%, voire 90\u00a0%. Cela affectera positivement votre budget allou\u00e9 \u00e0 la consommation d\u2019\u00e9nergie. Le prix des VMC double flux est compris dans une fourchette de 4<\/span><span style=\"font-weight: 400;\">\u2009<\/span><span style=\"font-weight: 400;\">000 et 8<\/span><span style=\"font-weight: 400;\">\u2009<\/span><span style=\"font-weight: 400;\">000\u00a0euros.\u00a0<\/span><\/p>\n<p><span style=\"font-weight: 400;\">Il est important de souligner qu\u2019une isolation thermique optimale est indispensable pour l\u2019efficacit\u00e9 \u00e9nerg\u00e9tique des climatiseurs r\u00e9versibles. De m\u00eame, si le renouvellement de l\u2019air \u00e0 l\u2019int\u00e9rieur de votre b\u00e2timent d\u00e9pend d\u2019une circulation spontan\u00e9e de l\u2019air, l\u2019isolation thermique ne permettra pas d\u2019assurer une performance optimale du VMC.<\/span><\/p>\n<h3><span style=\"font-weight: 400;\">\u00c0 quelles aides et subventions la climatisation r\u00e9versible est-elle \u00e9ligible ?<\/span><\/h3>\n<p><span style=\"font-weight: 400;\">\u00c9tant un \u00e9quipement \u00e9co-responsable, les travaux visant \u00e0 l\u2019installation d\u2019une pompe \u00e0 chaleur air-air sont \u00e9ligibles \u00e0 l\u2019octroi des aides mises en place pour la transition \u00e9cologique.<\/span><\/p>\n<p><span style=\"font-weight: 400;\">Ainsi, si les travaux respectent les conditions fix\u00e9es, ils peuvent b\u00e9n\u00e9ficier, entre autres,\u00a0de la Prime \u00c9nergie et des diff\u00e9rentes aides mises en place par l\u2019ANAH. Ces aides de l\u2019Agence Nationale pour l\u2019Am\u00e9lioration de l\u2019Habitat entrent dans le programme \u00ab\u00a0Habiter Mieux\u00a0\u00bb. La PAC air-air n\u2019est, en revanche, pas \u00e9ligible \u00e0 l\u2019octroi de l\u2019\u00e9co-pr\u00eat \u00e0 taux z\u00e9ro ni du Cr\u00e9dit d\u2019Imp\u00f4t pour la Transition \u00c9cologique.<\/span><\/p>\n<p><span style=\"font-weight: 400;\">Il est, toutefois, important de pr\u00e9ciser que ces deux aides ne sont pas cumulables et reposent sur un dispositif de certification. En effet, l\u2019artisan charg\u00e9 de conduire les travaux doit \u00eatre un professionnel certifi\u00e9 par le label RGE, et les \u00e9quipements install\u00e9s doivent recevoir le Certificat d\u2019\u00c9conomie d\u2019\u00c9nergie (CEE).<\/span><\/p>\n<p><span style=\"font-weight: 400;\">La VMC double flux, quant \u00e0 elle, est uniquement \u00e9ligible aux aides du programme \u00ab\u00a0Habiter Mieux\u00a0\u00bb.<\/span><\/p>\n<\/div><\/div><div class=\"w-separator size_medium\"><\/div><div class=\"w-btn-wrapper width_auto align_center\"><a class=\"w-btn us-btn-style_2\" title=\"Demander un devis\" href=\"https:\/\/devis.eldo.com\/chauffage-climatisation-clim\/france?utm_source=gmb&amp;utm_medium=SEO&amp;utm_campaign=climatisation-alternative-vmc\"><span class=\"w-btn-label\">Expliquer mon projet<\/span><\/a><\/div><div class=\"w-separator size_medium\"><\/div><div class=\"w-image align_center\"><div class=\"w-image-h\"><img width=\"600\" height=\"267\" src=\"https:\/\/www.eldo.com\/guide\/wp-content\/uploads\/2022\/06\/clim-reversible-600x267.png\" class=\"attachment-us_600_400 size-us_600_400\" alt=\"\" srcset=\"https:\/\/www.eldo.com\/guide\/wp-content\/uploads\/2022\/06\/clim-reversible-600x267.png 600w, https:\/\/www.eldo.com\/guide\/wp-content\/uploads\/2022\/06\/clim-reversible-300x133.png 300w, https:\/\/www.eldo.com\/guide\/wp-content\/uploads\/2022\/06\/clim-reversible-800x356.png 800w, https:\/\/www.eldo.com\/guide\/wp-content\/uploads\/2022\/06\/clim-reversible.png 512w\" sizes=\"(max-width: 600px) 100vw, 600px\" \/><\/div><\/div><\/div><\/div><\/div><\/div><\/div><\/section><section class=\"l-section wpb_row height_medium\"><div class=\"l-section-h i-cf\"><div class=\"g-cols vc_row type_default valign_top\"><div class=\"vc_col-sm-12 wpb_column vc_column_container\"><div class=\"vc_column-inner\"><div class=\"wpb_wrapper\"><div class=\"w-grid type_grid layout_portfolio_3 cols_3 valign_center ratio_1x1\" id=\"us_grid_1\"><style id=\"us_grid_1_css\">#us_grid_1 .w-grid-item{padding:1.5rem}#us_grid_1 .w-grid-list{margin:-1.5rem}.w-grid + #us_grid_1 .w-grid-list{margin-top:1.5rem}@media (max-width:899px){#us_grid_1 .w-grid-item{width:50.0000%}#us_grid_1 .w-grid-item.size_2x1,#us_grid_1 .w-grid-item.size_2x2{width:100.0000%}}@media (max-width:599px){#us_grid_1 .w-grid-list{margin:0}#us_grid_1 .w-grid-item{width:100.0000%;padding:0;margin-bottom:1.5rem}}<\/style><style>.layout_portfolio_3 .w-grid-item-h:before{padding-bottom:100.0000%}@media (min-width:600px){.layout_portfolio_3 .w-grid-item.size_1x2 .w-grid-item-h:before{padding-bottom:calc(200.0000% + 1.5rem + 1.5rem)}.layout_portfolio_3 .w-grid-item.size_2x1 .w-grid-item-h:before{padding-bottom:calc(50.0000% - 1.5rem * 1.0000)}.layout_portfolio_3 .w-grid-item.size_2x2 .w-grid-item-h:before{padding-bottom:calc(100.0000% - 1.5rem * 0)}}.layout_portfolio_3 .w-grid-item-h{}.layout_portfolio_3 .usg_post_image_1{transition-duration:0.4s;transform-origin:50% 50%;transform:scale(1) translate(0,0);opacity:0.25}.layout_portfolio_3 .w-grid-item-h:hover .usg_post_image_1{transform:scale(1) translate(0,0);opacity:1}.layout_portfolio_3 .usg_post_title_1{transition-duration:0.3s;transform-origin:50% 50%;transform:scale(1) translate(0,0)}.layout_portfolio_3 .w-grid-item-h:hover .usg_post_title_1{transform:scale(1) translate(0,-100%);opacity:0}.layout_portfolio_3 .usg_post_taxonomy_1{transition-duration:0.3s;transform-origin:50% 50%;transform:scale(1) translate(0,0)}.layout_portfolio_3 .w-grid-item-h:hover .usg_post_taxonomy_1{transform:scale(1) translate(0,100%);opacity:0}.layout_portfolio_3 .usg_post_image_1{position:absolute!important;top:0!important;right:0!important;bottom:0!important;left:0!important}.layout_portfolio_3 .usg_vwrapper_1{position:absolute!important;top:0!important;right:0!important;bottom:0!important;left:0!important;padding:2rem!important}.layout_portfolio_3 .usg_post_title_1{color:inherit!important;font-size:1.4rem!important}<\/style><div class=\"w-grid-list\" >\t<article class=\"w-grid-item size_1x1 post-8640 page type-page status-publish has-post-thumbnail hentry\" data-id=\"8640\">\r\n\t\t<div class=\"w-grid-item-h\">\r\n\t\t\t\t\t\t\t<a class=\"w-grid-item-anchor\" href=\"https:\/\/www.eldo.com\/guide\/climatisation\/alternative\/pompe-a-chaleur\" rel=\"bookmark\" aria-label=\"Climatisation ou pompe a chaleur\"><\/a>\r\n\t\t\t\t\t\t<div class=\"w-post-elm post_image usg_post_image_1 stretched\"><img width=\"500\" height=\"346\" src=\"https:\/\/www.eldo.com\/guide\/wp-content\/uploads\/2022\/06\/climatiseur-pompe-chaleur-2.jpg\" class=\"attachment-large size-large wp-post-image\" alt=\"\" srcset=\"https:\/\/www.eldo.com\/guide\/wp-content\/uploads\/2022\/06\/climatiseur-pompe-chaleur-2.jpg 500w, https:\/\/www.eldo.com\/guide\/wp-content\/uploads\/2022\/06\/climatiseur-pompe-chaleur-2-300x208.jpg 300w\" sizes=\"(max-width: 500px) 100vw, 500px\" \/><\/div><div class=\"w-vwrapper usg_vwrapper_1 align_center valign_middle\"><h2 class=\"w-post-elm post_title usg_post_title_1 entry-title color_link_inherit has_text_color\">Climatisation ou pompe a chaleur<\/h2><\/div>\t\t<\/div>\r\n\t<\/article>\r\n<\/div><div class=\"w-grid-preloader\"><div class=\"g-preloader type_1\">\r\n\t<div><\/div>\r\n<\/div>\r\n<\/div>\t<div class=\"w-grid-json hidden\" onclick='return {&quot;action&quot;:&quot;us_ajax_grid&quot;,&quot;ajax_url&quot;:&quot;https:\\\/\\\/www.eldo.com\\\/guide\\\/wp-admin\\\/admin-ajax.php&quot;,&quot;infinite_scroll&quot;:0,&quot;max_num_pages&quot;:1,&quot;pagination&quot;:&quot;none&quot;,&quot;permalink_url&quot;:&quot;https:\\\/\\\/www.eldo.com\\\/guide\\\/wp-json\\\/wp\\\/v2\\\/pages\\\/8630&quot;,&quot;template_vars&quot;:{&quot;columns&quot;:&quot;3&quot;,&quot;exclude_items&quot;:&quot;none&quot;,&quot;img_size&quot;:&quot;default&quot;,&quot;ignore_items_size&quot;:false,&quot;items_layout&quot;:&quot;portfolio_3&quot;,&quot;items_offset&quot;:&quot;1&quot;,&quot;load_animation&quot;:&quot;none&quot;,&quot;overriding_link&quot;:&quot;post&quot;,&quot;post_id&quot;:8630,&quot;query_args&quot;:{&quot;ignore_sticky_posts&quot;:1,&quot;post_type&quot;:&quot;any&quot;,&quot;post__in&quot;:[&quot;8640&quot;],&quot;posts_per_page&quot;:&quot;10&quot;},&quot;orderby_query_args&quot;:{&quot;orderby&quot;:{&quot;date&quot;:&quot;DESC&quot;}},&quot;type&quot;:&quot;grid&quot;,&quot;us_grid_ajax_index&quot;:1,&quot;us_grid_filter_params&quot;:null,&quot;us_grid_index&quot;:1,&quot;_us_grid_post_type&quot;:&quot;ids&quot;}}'><\/div>\r\n\t<\/div><\/div><\/div><\/div><\/div><\/div><\/section><section class=\"l-section wpb_row us_custom_e91755c2 height_auto width_full with_overlay\"><div class=\"l-section-overlay\" style=\"background: #ebebeb\"><\/div><div class=\"l-section-h i-cf\"><div class=\"g-cols vc_row type_boxes valign_middle\"><div class=\"vc_col-sm-12 wpb_column vc_column_container has-fill\"><div class=\"vc_column-inner us_custom_1e60ecb8\"><div class=\"wpb_wrapper\"><p class=\"w-itext us_custom_6df4bc3a type_typingChars align_center\" onclick='return {&quot;duration&quot;:300,&quot;delay&quot;:2000,&quot;disablePartAnimation&quot;:false,&quot;dynamicColor&quot;:&quot;#ffffff&quot;,&quot;html_nbsp_char&quot;:true}'>Je\u00a0cherche\u00a0un\u00a0pro\u00a0\u00e0\u00a0<span class=\"w-itext-part changesat_0 changesat_1 changesat_2 changesat_3 changesat_4 dynamic\" style=\"color:#ffffff\" onclick='return [&quot;Bordeaux&quot;,&quot;Toulouse&quot;,&quot;Paris&quot;,&quot;Nantes&quot;,&quot;Marseille&quot;]'><span>Bordeaux<\/span><i class=\"w-itext-cursor\"><\/i><\/span><\/p><div class=\"w-separator size_small\"><\/div><div class=\"w-btn-wrapper width_auto align_center\"><a class=\"w-btn us-btn-style_2\" title=\"Demander un devis\" href=\"https:\/\/devis.eldo.com\/chauffage-climatisation-clim\/france?utm_source=gmb&amp;utm_medium=SEO&amp;utm_campaign=climatisation-alternative-vmc\"><span class=\"w-btn-label\">Trouver un pro de confiance<\/span><\/a><\/div><\/div><\/div><\/div><\/div><\/div><\/section>\n","protected":false},"excerpt":{"rendered":"Climatisation ou pompe \u00e0 chaleur\u00a0? Guides travauxPages Assurant tous deux la fonction de chauffage et de climatisation, la pompe \u00e0 chaleur et le climatiseur r\u00e9versible sont des appareils qui aident \u00e0 obtenir un bon confort thermique. S\u2019ils assument une fonction similaire, leur rendement (\u00e9galement leur mode de fonctionnement) est bien diff\u00e9rent, permettant ainsi \u00e0 chacun...","protected":false},"author":5,"featured_media":8429,"parent":8621,"menu_order":0,"comment_status":"closed","ping_status":"closed","template":"","meta":[],"page_tags":[],"_links":{"self":[{"href":"https:\/\/www.eldo.com\/guide\/wp-json\/wp\/v2\/pages\/8630"}],"collection":[{"href":"https:\/\/www.eldo.com\/guide\/wp-json\/wp\/v2\/pages"}],"about":[{"href":"https:\/\/www.eldo.com\/guide\/wp-json\/wp\/v2\/types\/page"}],"author":[{"embeddable":true,"href":"https:\/\/www.eldo.com\/guide\/wp-json\/wp\/v2\/users\/5"}],"replies":[{"embeddable":true,"href":"https:\/\/www.eldo.com\/guide\/wp-json\/wp\/v2\/comments?post=8630"}],"version-history":[{"count":10,"href":"https:\/\/www.eldo.com\/guide\/wp-json\/wp\/v2\/pages\/8630\/revisions"}],"predecessor-version":[{"id":10078,"href":"https:\/\/www.eldo.com\/guide\/wp-json\/wp\/v2\/pages\/8630\/revisions\/10078"}],"up":[{"embeddable":true,"href":"https:\/\/www.eldo.com\/guide\/wp-json\/wp\/v2\/pages\/8621"}],"wp:featuredmedia":[{"embeddable":true,"href":"https:\/\/www.eldo.com\/guide\/wp-json\/wp\/v2\/media\/8429"}],"wp:attachment":[{"href":"https:\/\/www.eldo.com\/guide\/wp-json\/wp\/v2\/media?parent=8630"}],"wp:term":[{"taxonomy":"page_tags","embeddable":true,"href":"https:\/\/www.eldo.com\/guide\/wp-json\/wp\/v2\/page_tags?post=8630"}],"curies":[{"name":"wp","href":"https:\/\/api.w.org\/{rel}","templated":true}]}}