{"id":8615,"date":"2022-06-09T07:49:04","date_gmt":"2022-06-09T07:49:04","guid":{"rendered":"https:\/\/www.eldo.com\/guide\/?page_id=8615"},"modified":"2023-11-14T14:34:32","modified_gmt":"2023-11-14T14:34:32","slug":"reglage-de-la-climatisation","status":"publish","type":"page","link":"https:\/\/www.eldo.com\/guide\/climatisation\/installation\/reglage","title":{"rendered":"R\u00e9glage de la climatisation"},"content":{"rendered":"<section class=\"l-section wpb_row us_custom_e4eb24e1 height_auto width_full with_overlay\"><div class=\"l-section-overlay\" style=\"background: #ffffff\"><\/div><div class=\"l-section-h i-cf\"><div class=\"g-cols vc_row type_boxes valign_middle gap-10px\"><style>.g-cols.gap-10px{margin:0 -10px}.gap-10px > .vc_column_container {padding:10px}<\/style><div class=\"vc_col-sm-12 wpb_column vc_column_container has-fill has_text_color\"><div class=\"vc_column-inner us_custom_8ea36999\"><div class=\"wpb_wrapper\"><div class=\"wpb_text_column us_custom_cef92e06 has_text_color\" ><div class=\"wpb_wrapper\"><h1 style=\"text-align: center;\"><span style=\"font-weight: 400;\">Climatisation, comment r\u00e9gler apr\u00e8s installation\u00a0?<\/span><\/h1>\n<\/div><\/div><div class=\"w-separator size_medium\"><\/div><ol class=\"g-breadcrumbs us_custom_cef92e06 separator_icon align_left has_text_color\"><li class=\"g-breadcrumbs-item\"><a href=\"https:\/\/www.eldo.com\/guide\/\">Guides travaux<\/a><meta content=\"1\"\/><\/li><li class=\"g-breadcrumbs-separator\"><i class=\"far fa-angle-right\"><\/i><\/li><li class=\"g-breadcrumbs-item\">Pages<\/li><\/ol><\/div><\/div><\/div><div class=\"vc_col-sm-12 wpb_column vc_column_container\"><div class=\"vc_column-inner\"><div class=\"wpb_wrapper\"><div class=\"wpb_text_column us_custom_ae99f6aa has_text_color\" ><div class=\"wpb_wrapper\">\n<\/div><\/div><div class=\"wpb_text_column us_custom_ae99f6aa has_text_color\" ><div class=\"wpb_wrapper\"><p><span style=\"font-weight: 400;\">Vous permettant d\u2019apporter un doux confort dans votre maison, par des syst\u00e8mes de climatisation, vous pouvez refroidir les pi\u00e8ces int\u00e9rieures du logement. Pour l\u2019installation de climatisation, vous avez au choix un large \u00e9ventail de mod\u00e8les et de types de climatiseurs pour diff\u00e9rents besoins. Ainsi, le climatiseur mobile apporte une excellente climatisation d\u2019appoint. Lors des \u00e9pisodes de fortes chaleurs, le climatiseur split (monosplit ou multisplit) offre une excellente puissance frigorifique et une bonne performance \u00e9nerg\u00e9tique. D\u2019ordinaire, le split s\u2019installe sur un mur, mais il est possible de mettre des unit\u00e9s \u00e0 m\u00eame le sol comme un radiateur. De plus, lorsqu\u2019il s\u2019agit de multisplit, compos\u00e9 de plusieurs unit\u00e9s, vous pouvez installer une climatisation dans plusieurs pi\u00e8ces, afin d\u2019avoir une autonomie dans chaque pi\u00e8ce. Le monobloc, quant \u00e0 lui, est compos\u00e9 d\u2019une seule unit\u00e9 sans groupe ext\u00e9rieur.<\/span><\/p>\n<p><span style=\"font-weight: 400;\">Pompe \u00e0 chaleur air-air, la clim r\u00e9versible permet de rafra\u00eechir, voire climatiser, les pi\u00e8ces durant les chaudes journ\u00e9es d\u2019\u00e9t\u00e9, mais aussi de diffuser de l\u2019air chaud l\u2019hiver venu. Cette double fonction de chauffage et climatisation fait de la PAC l\u2019\u00e9quipement id\u00e9al pour un confort thermique maximal en toutes saisons.<\/span><\/p>\n<p><span style=\"font-weight: 400;\">Bien plus que permettant d\u2019apporter un bon confort thermique, s\u2019il est bien r\u00e9gl\u00e9, votre climatiseur r\u00e9versible vous assure de faire des \u00e9conomies d\u2019\u00e9nergie.<\/span><\/p>\n<\/div><\/div><div class=\"w-separator size_medium\"><\/div><div class=\"w-image align_center\"><div class=\"w-image-h\"><img width=\"600\" height=\"394\" src=\"https:\/\/www.eldo.com\/guide\/wp-content\/uploads\/2022\/06\/Sans-titre-30-600x394.png\" class=\"attachment-us_600_400 size-us_600_400\" alt=\"\" srcset=\"https:\/\/www.eldo.com\/guide\/wp-content\/uploads\/2022\/06\/Sans-titre-30-600x394.png 600w, https:\/\/www.eldo.com\/guide\/wp-content\/uploads\/2022\/06\/Sans-titre-30-300x197.png 300w, https:\/\/www.eldo.com\/guide\/wp-content\/uploads\/2022\/06\/Sans-titre-30-1024x672.png 1024w, https:\/\/www.eldo.com\/guide\/wp-content\/uploads\/2022\/06\/Sans-titre-30-800x525.png 800w, https:\/\/www.eldo.com\/guide\/wp-content\/uploads\/2022\/06\/Sans-titre-30.png 512w\" sizes=\"(max-width: 600px) 100vw, 600px\" \/><\/div><\/div><\/div><\/div><\/div><\/div><\/div><\/section><section class=\"l-section wpb_row height_auto width_full with_overlay\"><div class=\"l-section-overlay\" style=\"background: #ffffff\"><\/div><div class=\"l-section-h i-cf\"><div class=\"g-cols vc_row type_boxes valign_middle gap-10px\"><style>.g-cols.gap-10px{margin:0 -10px}.gap-10px > .vc_column_container {padding:10px}<\/style><div class=\"vc_col-sm-12 wpb_column vc_column_container has-fill\"><div class=\"vc_column-inner us_custom_4fb9e5a3\"><div class=\"wpb_wrapper\"><div \" class=\"faq_question_container\"><h2 class=\"faq_question_title\">Comment bien r\u00e9gler sa clim r\u00e9versible ?<\/h2><div class=\"faq_question_content\"><p><span style=\"font-weight: 400;\">Comme tout appareil \u00e9lectrique, bien r\u00e9glez votre clim r\u00e9versible contribue \u00e0 faire baisser sa consommation \u00e9nerg\u00e9tique. Il est toujours utile de r\u00e9aliser un bilan thermique de votre maison pour ma\u00eetriser les r\u00e9glages ad\u00e9quats \u00e0 apporter. Ainsi, votre syst\u00e8me de climatisation r\u00e9versible, dans le cadre d\u2019un r\u00e9glage optimal, doit pouvoir adapter la temp\u00e9rature int\u00e9rieure en fonction de celle ext\u00e9rieure.<\/span><\/p>\n<p><span style=\"font-weight: 400;\">En outre, il ne serait pas opportun de laisser votre climatiseur r\u00e9versible surchauffer, au risque de causer un inconfort pour les occupants \u00e0 l\u2019int\u00e9rieur des pi\u00e8ces. Cela occasionnerait une consommation d\u2019\u00e9nergie excessive. De m\u00eame, un r\u00e9glage insuffisant \u00e9touffe votre appareil et, finalement, lui faire perdre toute son efficacit\u00e9 \u00e9nerg\u00e9tique.\u00a0<\/span><\/p>\n<p><span style=\"font-weight: 400;\">Ainsi, pour faire un r\u00e9glage ad\u00e9quat \u00e0 la clim, il est important de respecter un certain nombre de r\u00e8gles. Ne perdez pas de vue que pour tout degr\u00e9 gagn\u00e9, c\u2019est une \u00e9conomie de l\u2019ordre de 7\u00a0% sur votre facture d\u2019\u00e9nergie qui est r\u00e9alis\u00e9e.<\/span><\/p>\n<h3><span style=\"font-weight: 400;\">Optimiser sa temp\u00e9rature et consommation en \u00e9t\u00e9<\/span><\/h3>\n<p><span style=\"font-weight: 400;\">Avant tout propos, il est important de rappeler que la climatisation r\u00e9versible est un appareil fortement r\u00e9glement\u00e9. Ainsi, son utilisation est interdite lorsque la temp\u00e9rature naturelle \u00e0 l\u2019int\u00e9rieur des pi\u00e8ces est inf\u00e9rieure \u00e0 26\u00a0\u00b0C.<\/span><\/p>\n<p><span style=\"font-weight: 400;\">Ceci \u00e9tant clarifi\u00e9, il y a lieu de souligner qu\u2019une clim r\u00e9versible pr\u00e9sente une meilleure performance durant l\u2019\u00e9t\u00e9, puisqu\u2019elle est d\u2019abord con\u00e7ue pour diffuser de l\u2019air frais dans les pi\u00e8ces pour les rafra\u00eechir.<\/span><\/p>\n<p><span style=\"font-weight: 400;\">En vue de r\u00e9pondre efficacement aux besoins et afin de mieux s\u2019adapter aux \u00e9carts entre la temp\u00e9rature ext\u00e9rieure et la temp\u00e9rature int\u00e9rieure, le mode automatique est normalement le mieux indiqu\u00e9. En effet, le mode automatique se charge de r\u00e9guler automatiquement la vitesse de ventilation, aussi bien le jour que la nuit. Ainsi, durant votre sommeil, le ventilateur d\u00e9c\u00e9l\u00e9rera afin de faire diminuer le niveau sonore.<\/span><\/p>\n<p><span style=\"font-weight: 400;\">Mais, attention, afin d\u2019\u00e9viter un choc thermique, il faut toujours prendre soin de laisser une temp\u00e9rature ambiante \u00e0 l\u2019int\u00e9rieur, 5 \u00e0 7 degr\u00e9s au plus, inf\u00e9rieure \u00e0 la temp\u00e9rature ext\u00e9rieure. La nuit tomb\u00e9e, cet \u00e9cart doit \u00eatre de 5 degr\u00e9s tout au plus. Ins\u00e9rez les consignes de temp\u00e9ratures de votre go\u00fbt, le mode automatique r\u00e9pondra \u00e0 toutes vos exigences de programmation visant le refroidissement des pi\u00e8ces.<\/span><\/p>\n<\/div><\/div><div class=\"w-separator size_medium\"><\/div><div class=\"w-btn-wrapper width_auto align_center\"><a class=\"w-btn us-btn-style_2\" title=\"Demander un devis\" href=\"https:\/\/devis.eldo.com\/chauffage-climatisation-clim\/france?utm_source=gmb&amp;utm_medium=SEO&amp;utm_campaign=climatisation-installation-reglage\"><span class=\"w-btn-label\">Demander un devis<\/span><\/a><\/div><div class=\"w-separator size_medium\"><\/div><div class=\"w-image align_center\"><div class=\"w-image-h\"><img width=\"600\" height=\"300\" src=\"https:\/\/www.eldo.com\/guide\/wp-content\/uploads\/2022\/05\/climatiseur-daikin-muralstylish4-600x300.webp\" class=\"attachment-us_600_400 size-us_600_400\" alt=\"\" srcset=\"https:\/\/www.eldo.com\/guide\/wp-content\/uploads\/2022\/05\/climatiseur-daikin-muralstylish4-600x300.webp 600w, https:\/\/www.eldo.com\/guide\/wp-content\/uploads\/2022\/05\/climatiseur-daikin-muralstylish4-300x150.webp 300w, https:\/\/www.eldo.com\/guide\/wp-content\/uploads\/2022\/05\/climatiseur-daikin-muralstylish4-800x400.webp 800w, https:\/\/www.eldo.com\/guide\/wp-content\/uploads\/2022\/05\/climatiseur-daikin-muralstylish4.webp 1000w\" sizes=\"(max-width: 600px) 100vw, 600px\" \/><\/div><\/div><div class=\"w-separator size_medium\"><\/div><div \" class=\"faq_question_container\"><h3 class=\"faq_question_title\">Comment bien r\u00e9gler la temp\u00e9rature en hiver ?<\/h3><div class=\"faq_question_content\"><p><span style=\"font-weight: 400;\">L\u2019hiver venu, votre climatisation r\u00e9versible pr\u00e9sentera certaines difficult\u00e9s dues au passage du mode de climatisation vers le syst\u00e8me de chauffage. Toutefois, certains mod\u00e8les de pompe \u00e0 chaleur r\u00e9versible s\u2019accommodent particuli\u00e8rement bien du changement de mode et constituent un mode de chauffage en hiver assez performant.\u00a0<\/span><\/p>\n<p><span style=\"font-weight: 400;\">En effet, dot\u00e9e d\u2019une unit\u00e9 ext\u00e9rieure plac\u00e9e en fa\u00e7ade et d\u2019une unit\u00e9 int\u00e9rieure install\u00e9e dans la pi\u00e8ce \u00e0 r\u00e9chauffer, la PAC r\u00e9versible ne produit pas l\u2019air chaud ou la fra\u00eecheur. En effet, durant l\u2019hiver, la pompe capte les calories contenues dans l\u2019air ambiant ext\u00e9rieur pour les injecter \u00e0 l\u2019int\u00e9rieur des pi\u00e8ces. Le transfert d\u2019\u00e9nergie est assur\u00e9 par les fluides frigorifiques qui assument la liaison frigorifique entre les deux unit\u00e9s.\u00a0<\/span><\/p>\n<p><span style=\"font-weight: 400;\">Ainsi, les pompes \u00e0 chaleur air-air \u00e9mettent la chaleur gr\u00e2ce aux calories capt\u00e9es dans l\u2019air froid ambiant qui, au contact du fluide frigorig\u00e8ne, fait chauffer ce dernier par condensation. La douce chaleur obtenue est alors diffus\u00e9e de fa\u00e7on homog\u00e8ne \u00e0 l\u2019int\u00e9rieur de la pi\u00e8ce.<\/span><\/p>\n<p><span style=\"font-weight: 400;\">Par une production de calorie plus importante qu\u2019elle en consomme, la clim r\u00e9versible vous permet de r\u00e9aliser une importante \u00e9conomie d\u2019\u00e9nergie qui se fera ressentir sur votre facture d\u2019\u00e9lectricit\u00e9.<\/span><\/p>\n<p><span style=\"font-weight: 400;\">Cette \u00e9conomie d\u2019\u00e9nergie peut \u00eatre optimis\u00e9e si vous proc\u00e9dez \u00e0 un r\u00e9glage ad\u00e9quat. En effet, lorsque votre maison est parfaitement isol\u00e9e, une consigne de temp\u00e9rature de 18 ou 19\u00a0\u00b0C donne une tr\u00e8s bonne efficacit\u00e9 \u00e9nerg\u00e9tique \u00e0 votre r\u00e9versible. Aussi, en diminuant ses consommations \u00e9nerg\u00e9tiques, votre climatisation r\u00e9versible se montrera particuli\u00e8rement \u00e9conome.<\/span><\/p>\n<p><span style=\"font-weight: 400;\">Il faut souligner qu\u2019en cas d\u2019hiver rigoureux, le climatiseur mural r\u00e9versible peut pr\u00e9senter une faible puissance particuli\u00e8rement lorsque les temp\u00e9ratures sont en dessous de 0\u00a0\u00b0C. Dans ce cas, pour am\u00e9liorer la performance, un chauffage d\u2019appoint peut s\u2019av\u00e9rer n\u00e9cessaire.<\/span><\/p>\n<p><span style=\"font-weight: 400;\">Enfin, \u00e0 l\u2019instar de tout autre appareil \u00e9lectrique, il est important de r\u00e9guli\u00e8rement proc\u00e9der \u00e0 l\u2019entretien de votre \u00e9quipement afin de garantir son bon fonctionnement et sa long\u00e9vit\u00e9. L\u2019entretien de la PAC r\u00e9versible peut se faire par le nettoyage du ventilateur et des filtres.\u00a0<\/span><\/p>\n<p><span style=\"font-weight: 400;\">Pour les travaux de maintenance approfondie, toujours faire appel \u00e0 un sp\u00e9cialiste. Le frigoriste v\u00e9rifiera l\u2019\u00e9tat des composants des unit\u00e9s int\u00e9rieures et ext\u00e9rieures comme le condenseur, l\u2019\u00e9vaporateur, le compresseur, les voies d\u2019\u00e9vacuation et m\u00eame la qualit\u00e9 du fluide frigorifique. \u00c9galement, le sp\u00e9cialiste proc\u00e8dera \u00e0 la v\u00e9rification du cycle frigorifique.<\/span><\/p>\n<p><span style=\"font-weight: 400;\">Toutes ces v\u00e9rifications contribueront \u00e0 maintenir le pouvoir r\u00e9frig\u00e9rant de votre appareil et le rendre plus silencieux et moins \u00e9nergivore pour sa classe \u00e9nerg\u00e9tique. Aussi, le professionnel peut vous donner des conseils sur les modes de r\u00e9glages les plus adapt\u00e9s \u00e0 votre utilisation. N\u2019h\u00e9sitez pas \u00e0 demander un devis gratuit pour le contrat d\u2019entretien de votre \u00e9quipement.<\/span><\/p>\n<\/div><\/div><div class=\"w-separator size_medium\"><\/div><div class=\"w-btn-wrapper width_auto align_center\"><a class=\"w-btn us-btn-style_2\" title=\"Demander un devis\" href=\"https:\/\/devis.eldo.com\/chauffage-climatisation-clim\/france?utm_source=gmb&amp;utm_medium=SEO&amp;utm_campaign=climatisation-installation-reglage\"><span class=\"w-btn-label\">Je cherche un pro de confiance<\/span><\/a><\/div><div class=\"w-separator size_medium\"><\/div><div class=\"w-image align_center\"><div class=\"w-image-h\"><img width=\"600\" height=\"390\" src=\"https:\/\/www.eldo.com\/guide\/wp-content\/uploads\/2022\/06\/tout-savoir-sur-le-climatiseur-monobloc-3-600x390.jpg\" class=\"attachment-us_600_400 size-us_600_400\" alt=\"\" srcset=\"https:\/\/www.eldo.com\/guide\/wp-content\/uploads\/2022\/06\/tout-savoir-sur-le-climatiseur-monobloc-3-600x390.jpg 600w, https:\/\/www.eldo.com\/guide\/wp-content\/uploads\/2022\/06\/tout-savoir-sur-le-climatiseur-monobloc-3-300x195.jpg 300w, https:\/\/www.eldo.com\/guide\/wp-content\/uploads\/2022\/06\/tout-savoir-sur-le-climatiseur-monobloc-3-800x520.jpg 800w, https:\/\/www.eldo.com\/guide\/wp-content\/uploads\/2022\/06\/tout-savoir-sur-le-climatiseur-monobloc-3.jpg 512w\" sizes=\"(max-width: 600px) 100vw, 600px\" \/><\/div><\/div><div class=\"w-separator size_medium\"><\/div><div class=\"wpb_text_column\" ><div class=\"wpb_wrapper\"><h2><span style=\"font-weight: 400;\">Le syst\u00e8me Inverter : un moyen d\u2019\u00e9conomiser<\/span><\/h2>\n<p><span style=\"font-weight: 400;\">La fonction Inverter est une technologie de pointe qui permet \u00e0 votre clim murale r\u00e9versible d\u2019afficher une excellente performance, tout en r\u00e9alisant des \u00e9conomies d\u2019\u00e9nergie. Elle est int\u00e9gr\u00e9e \u00e0 l\u2019unit\u00e9 ext\u00e9rieure et permet, en effet, de plus rapidement atteindre la temp\u00e9rature souhait\u00e9e \u00e0 l\u2019int\u00e9rieur de la pi\u00e8ce.\u00a0<\/span><\/p>\n<p><span style=\"font-weight: 400;\">En adaptant sa puissance et en utilisant un mode de fonctionnement progressif, gr\u00e2ce \u00e0 la fonctionnalit\u00e9 Inverter, vous apportez un excellent confort thermique dans les pi\u00e8ces. Puisqu\u2019il s\u2019agit d\u2019un syst\u00e8me r\u00e9versible, ce confort est tant en mode refroidissement qu\u2019en mode chauffage. Ainsi, en toutes saisons, le type de r\u00e9glage vous permet d\u2019installer un confort thermique total dans votre maison.<\/span><\/p>\n<p><span style=\"font-weight: 400;\">Enfin, gr\u00e2ce \u00e0 la technologie Inverter, vous pouvez r\u00e9aliser une \u00e9conomie d\u2019\u00e9nergie de l\u2019ordre de 20\u00a0% en comparaison avec les climatiseurs classiques.<\/span><\/p>\n<\/div><\/div><div class=\"w-separator size_medium\"><\/div><div class=\"w-btn-wrapper width_auto align_center\"><a class=\"w-btn us-btn-style_2\" title=\"Demander un devis\" href=\"https:\/\/devis.eldo.com\/chauffage-climatisation-clim\/france?utm_source=gmb&amp;utm_medium=SEO&amp;utm_campaign=climatisation-installation-reglage\"><span class=\"w-btn-label\">Expliquer mon projet<\/span><\/a><\/div><\/div><\/div><\/div><\/div><\/div><\/section><section class=\"l-section wpb_row height_medium\"><div class=\"l-section-h i-cf\"><div class=\"g-cols vc_row type_default valign_top\"><div class=\"vc_col-sm-12 wpb_column vc_column_container\"><div class=\"vc_column-inner\"><div class=\"wpb_wrapper\"><div class=\"w-grid type_grid layout_portfolio_3 cols_2 valign_center ratio_1x1\" id=\"us_grid_1\"><style id=\"us_grid_1_css\">#us_grid_1 .w-grid-item{padding:1.5rem}#us_grid_1 .w-grid-list{margin:-1.5rem}.w-grid + #us_grid_1 .w-grid-list{margin-top:1.5rem}@media (max-width:599px){#us_grid_1 .w-grid-list{margin:0}#us_grid_1 .w-grid-item{width:100.0000%;padding:0;margin-bottom:1.5rem}}<\/style><style>.layout_portfolio_3 .w-grid-item-h:before{padding-bottom:100.0000%}@media (min-width:600px){.layout_portfolio_3 .w-grid-item.size_1x2 .w-grid-item-h:before{padding-bottom:calc(200.0000% + 1.5rem + 1.5rem)}.layout_portfolio_3 .w-grid-item.size_2x1 .w-grid-item-h:before{padding-bottom:calc(50.0000% - 1.5rem * 1.0000)}.layout_portfolio_3 .w-grid-item.size_2x2 .w-grid-item-h:before{padding-bottom:calc(100.0000% - 1.5rem * 0)}}.layout_portfolio_3 .w-grid-item-h{}.layout_portfolio_3 .usg_post_image_1{transition-duration:0.4s;transform-origin:50% 50%;transform:scale(1) translate(0,0);opacity:0.25}.layout_portfolio_3 .w-grid-item-h:hover .usg_post_image_1{transform:scale(1) translate(0,0);opacity:1}.layout_portfolio_3 .usg_post_title_1{transition-duration:0.3s;transform-origin:50% 50%;transform:scale(1) translate(0,0)}.layout_portfolio_3 .w-grid-item-h:hover .usg_post_title_1{transform:scale(1) translate(0,-100%);opacity:0}.layout_portfolio_3 .usg_post_taxonomy_1{transition-duration:0.3s;transform-origin:50% 50%;transform:scale(1) translate(0,0)}.layout_portfolio_3 .w-grid-item-h:hover .usg_post_taxonomy_1{transform:scale(1) translate(0,100%);opacity:0}.layout_portfolio_3 .usg_post_image_1{position:absolute!important;top:0!important;right:0!important;bottom:0!important;left:0!important}.layout_portfolio_3 .usg_vwrapper_1{position:absolute!important;top:0!important;right:0!important;bottom:0!important;left:0!important;padding:2rem!important}.layout_portfolio_3 .usg_post_title_1{color:inherit!important;font-size:1.4rem!important}<\/style><div class=\"w-grid-list\" >\t<article class=\"w-grid-item size_1x1 post-8605 page type-page status-publish has-post-thumbnail hentry\" data-id=\"8605\">\r\n\t\t<div class=\"w-grid-item-h\">\r\n\t\t\t\t\t\t\t<a class=\"w-grid-item-anchor\" href=\"https:\/\/www.eldo.com\/guide\/climatisation\/installation\/legislation\" rel=\"bookmark\" aria-label=\"L\u00e9gislation de la climatisation\"><\/a>\r\n\t\t\t\t\t\t<div class=\"w-post-elm post_image usg_post_image_1 stretched\"><img width=\"885\" height=\"575\" src=\"https:\/\/www.eldo.com\/guide\/wp-content\/uploads\/2022\/06\/climatiseur-mural-reversible-7.webp\" class=\"attachment-large size-large wp-post-image\" alt=\"\" srcset=\"https:\/\/www.eldo.com\/guide\/wp-content\/uploads\/2022\/06\/climatiseur-mural-reversible-7.webp 885w, https:\/\/www.eldo.com\/guide\/wp-content\/uploads\/2022\/06\/climatiseur-mural-reversible-7-300x195.webp 300w, https:\/\/www.eldo.com\/guide\/wp-content\/uploads\/2022\/06\/climatiseur-mural-reversible-7-600x390.webp 600w, https:\/\/www.eldo.com\/guide\/wp-content\/uploads\/2022\/06\/climatiseur-mural-reversible-7-800x520.webp 800w\" sizes=\"(max-width: 885px) 100vw, 885px\" \/><\/div><div class=\"w-vwrapper usg_vwrapper_1 align_center valign_middle\"><h2 class=\"w-post-elm post_title usg_post_title_1 entry-title color_link_inherit has_text_color\">L\u00e9gislation de la climatisation<\/h2><\/div>\t\t<\/div>\r\n\t<\/article>\r\n\t<article class=\"w-grid-item size_1x1 post-8590 page type-page status-publish has-post-thumbnail hentry\" data-id=\"8590\">\r\n\t\t<div class=\"w-grid-item-h\">\r\n\t\t\t\t\t\t\t<a class=\"w-grid-item-anchor\" href=\"https:\/\/www.eldo.com\/guide\/climatisation\/installation\/gainable\" rel=\"bookmark\" aria-label=\"Climatisation gainable\"><\/a>\r\n\t\t\t\t\t\t<div class=\"w-post-elm post_image usg_post_image_1 stretched\"><img width=\"1024\" height=\"667\" src=\"https:\/\/www.eldo.com\/guide\/wp-content\/uploads\/2022\/06\/Sans-titre-29-1024x667.png\" class=\"attachment-large size-large wp-post-image\" alt=\"\" srcset=\"https:\/\/www.eldo.com\/guide\/wp-content\/uploads\/2022\/06\/Sans-titre-29-1024x667.png 1024w, https:\/\/www.eldo.com\/guide\/wp-content\/uploads\/2022\/06\/Sans-titre-29-300x195.png 300w, https:\/\/www.eldo.com\/guide\/wp-content\/uploads\/2022\/06\/Sans-titre-29-600x391.png 600w, https:\/\/www.eldo.com\/guide\/wp-content\/uploads\/2022\/06\/Sans-titre-29-800x521.png 800w, https:\/\/www.eldo.com\/guide\/wp-content\/uploads\/2022\/06\/Sans-titre-29.png 512w\" sizes=\"(max-width: 1024px) 100vw, 1024px\" \/><\/div><div class=\"w-vwrapper usg_vwrapper_1 align_center valign_middle\"><h2 class=\"w-post-elm post_title usg_post_title_1 entry-title color_link_inherit has_text_color\">Climatisation gainable<\/h2><\/div>\t\t<\/div>\r\n\t<\/article>\r\n<\/div><div class=\"w-grid-preloader\"><div class=\"g-preloader type_1\">\r\n\t<div><\/div>\r\n<\/div>\r\n<\/div>\t<div class=\"w-grid-json hidden\" onclick='return {&quot;action&quot;:&quot;us_ajax_grid&quot;,&quot;ajax_url&quot;:&quot;https:\\\/\\\/www.eldo.com\\\/guide\\\/wp-admin\\\/admin-ajax.php&quot;,&quot;infinite_scroll&quot;:0,&quot;max_num_pages&quot;:1,&quot;pagination&quot;:&quot;none&quot;,&quot;permalink_url&quot;:&quot;https:\\\/\\\/www.eldo.com\\\/guide\\\/wp-json\\\/wp\\\/v2\\\/pages\\\/8615&quot;,&quot;template_vars&quot;:{&quot;columns&quot;:&quot;2&quot;,&quot;exclude_items&quot;:&quot;none&quot;,&quot;img_size&quot;:&quot;default&quot;,&quot;ignore_items_size&quot;:false,&quot;items_layout&quot;:&quot;portfolio_3&quot;,&quot;items_offset&quot;:&quot;1&quot;,&quot;load_animation&quot;:&quot;none&quot;,&quot;overriding_link&quot;:&quot;post&quot;,&quot;post_id&quot;:8615,&quot;query_args&quot;:{&quot;ignore_sticky_posts&quot;:1,&quot;post_type&quot;:&quot;any&quot;,&quot;post__in&quot;:[&quot;8590&quot;,&quot;8605&quot;],&quot;posts_per_page&quot;:&quot;10&quot;},&quot;orderby_query_args&quot;:{&quot;orderby&quot;:{&quot;date&quot;:&quot;DESC&quot;}},&quot;type&quot;:&quot;grid&quot;,&quot;us_grid_ajax_index&quot;:1,&quot;us_grid_filter_params&quot;:null,&quot;us_grid_index&quot;:1,&quot;_us_grid_post_type&quot;:&quot;ids&quot;}}'><\/div>\r\n\t<\/div><\/div><\/div><\/div><\/div><\/div><\/section><section class=\"l-section wpb_row us_custom_e91755c2 height_auto width_full with_overlay\"><div class=\"l-section-overlay\" style=\"background: #ebebeb\"><\/div><div class=\"l-section-h i-cf\"><div class=\"g-cols vc_row type_boxes valign_middle\"><div class=\"vc_col-sm-12 wpb_column vc_column_container has-fill\"><div class=\"vc_column-inner us_custom_1e60ecb8\"><div class=\"wpb_wrapper\"><p class=\"w-itext us_custom_6df4bc3a type_typingChars align_center\" onclick='return {&quot;duration&quot;:300,&quot;delay&quot;:2000,&quot;disablePartAnimation&quot;:false,&quot;dynamicColor&quot;:&quot;#ffffff&quot;,&quot;html_nbsp_char&quot;:true}'>Je\u00a0cherche\u00a0un\u00a0pro\u00a0\u00e0\u00a0<span class=\"w-itext-part changesat_0 changesat_1 changesat_2 changesat_3 changesat_4 dynamic\" style=\"color:#ffffff\" onclick='return [&quot;Bordeaux&quot;,&quot;Toulouse&quot;,&quot;Paris&quot;,&quot;Nantes&quot;,&quot;Marseille&quot;]'><span>Bordeaux<\/span><i class=\"w-itext-cursor\"><\/i><\/span><\/p><div class=\"w-separator size_small\"><\/div><div class=\"w-btn-wrapper width_auto align_center\"><a class=\"w-btn us-btn-style_2\" title=\"Demander un devis\" href=\"https:\/\/devis.eldo.com\/chauffage-climatisation-clim\/france?utm_source=gmb&amp;utm_medium=SEO&amp;utm_campaign=climatisation-installation-reglage\"><span class=\"w-btn-label\">Trouver un pro de confiance<\/span><\/a><\/div><\/div><\/div><\/div><\/div><\/div><\/section>\n","protected":false},"excerpt":{"rendered":"Comment faire l\u2019installation d\u2019une climatisation gainable\u00a0? Guides travauxPages Les syst\u00e8mes de climatisation permettent de rafra\u00eechir les pi\u00e8ces de votre maison durant les chaudes journ\u00e9es d\u2019\u00e9t\u00e9. Il existe diff\u00e9rents types de climatisations avec une grande vari\u00e9t\u00e9 de mod\u00e8les de climatiseurs pour satisfaire la moindre de vos exigences. Ainsi, vous pouvez opter pour un climatiseur monobloc, sans...","protected":false},"author":5,"featured_media":8583,"parent":8578,"menu_order":0,"comment_status":"closed","ping_status":"closed","template":"","meta":[],"page_tags":[],"_links":{"self":[{"href":"https:\/\/www.eldo.com\/guide\/wp-json\/wp\/v2\/pages\/8615"}],"collection":[{"href":"https:\/\/www.eldo.com\/guide\/wp-json\/wp\/v2\/pages"}],"about":[{"href":"https:\/\/www.eldo.com\/guide\/wp-json\/wp\/v2\/types\/page"}],"author":[{"embeddable":true,"href":"https:\/\/www.eldo.com\/guide\/wp-json\/wp\/v2\/users\/5"}],"replies":[{"embeddable":true,"href":"https:\/\/www.eldo.com\/guide\/wp-json\/wp\/v2\/comments?post=8615"}],"version-history":[{"count":8,"href":"https:\/\/www.eldo.com\/guide\/wp-json\/wp\/v2\/pages\/8615\/revisions"}],"predecessor-version":[{"id":10073,"href":"https:\/\/www.eldo.com\/guide\/wp-json\/wp\/v2\/pages\/8615\/revisions\/10073"}],"up":[{"embeddable":true,"href":"https:\/\/www.eldo.com\/guide\/wp-json\/wp\/v2\/pages\/8578"}],"wp:featuredmedia":[{"embeddable":true,"href":"https:\/\/www.eldo.com\/guide\/wp-json\/wp\/v2\/media\/8583"}],"wp:attachment":[{"href":"https:\/\/www.eldo.com\/guide\/wp-json\/wp\/v2\/media?parent=8615"}],"wp:term":[{"taxonomy":"page_tags","embeddable":true,"href":"https:\/\/www.eldo.com\/guide\/wp-json\/wp\/v2\/page_tags?post=8615"}],"curies":[{"name":"wp","href":"https:\/\/api.w.org\/{rel}","templated":true}]}}