{"id":7990,"date":"2022-03-24T14:18:51","date_gmt":"2022-03-24T14:18:51","guid":{"rendered":"https:\/\/www.eldo.com\/guide\/?page_id=7990"},"modified":"2023-12-06T16:23:17","modified_gmt":"2023-12-06T16:23:17","slug":"profiter-dune-piscine","status":"publish","type":"page","link":"https:\/\/www.eldo.com\/guide\/piscine\/securite\/baignade","title":{"rendered":"Profiter d&rsquo;une piscine"},"content":{"rendered":"<section class=\"l-section wpb_row us_custom_e4eb24e1 height_auto width_full with_overlay\"><div class=\"l-section-overlay\" style=\"background: #ffffff\"><\/div><div class=\"l-section-h i-cf\"><div class=\"g-cols vc_row type_boxes valign_middle gap-10px\"><style>.g-cols.gap-10px{margin:0 -10px}.gap-10px > .vc_column_container {padding:10px}<\/style><div class=\"vc_col-sm-12 wpb_column vc_column_container has-fill has_text_color\"><div class=\"vc_column-inner us_custom_fdcb6b3c\"><div class=\"wpb_wrapper\"><div class=\"wpb_text_column us_custom_cef92e06 has_text_color\" ><div class=\"wpb_wrapper\"><h1 style=\"text-align: center;\">Nos conseils de pro pour profiter de sa piscine en toute s\u00e9curit\u00e9<\/h1>\n<\/div><\/div><div class=\"w-separator size_medium\"><\/div><ol class=\"g-breadcrumbs us_custom_cef92e06 separator_icon align_left has_text_color\"><li class=\"g-breadcrumbs-item\"><a href=\"https:\/\/www.eldo.com\/guide\/\">Guides travaux<\/a><meta content=\"1\"\/><\/li><li class=\"g-breadcrumbs-separator\"><i class=\"far fa-angle-right\"><\/i><\/li><li class=\"g-breadcrumbs-item\">Pages<\/li><\/ol><\/div><\/div><\/div><div class=\"vc_col-sm-12 wpb_column vc_column_container\"><div class=\"vc_column-inner\"><div class=\"wpb_wrapper\"><div class=\"wpb_text_column us_custom_ae99f6aa has_text_color\" ><div class=\"wpb_wrapper\">\n<\/div><\/div><div class=\"wpb_text_column us_custom_ae99f6aa has_text_color\" ><div class=\"wpb_wrapper\"><p><span style=\"font-weight: 400;\">Le milieu aquatique est souvent pris d\u2019assaut par les vacanciers durant les vacances d\u2019\u00e9t\u00e9. Ils aiment avoir acc\u00e8s \u00e0 la piscine et aux sites de baignade pour se rafra\u00eechir et profiter des plaisirs de l\u2019eau. Pour toute la famille et surtout pour les jeunes enfants, les dispositifs de s\u00e9curit\u00e9 des piscines, comme les barri\u00e8res et alarmes, doivent \u00eatre install\u00e9s. D\u00e9couvrez nos conseils de professionnels pour s\u00e9curiser la natation des nageurs dans les <a href=\"https:\/\/www.eldo.com\/guide\/piscine\/securite\/bassin\">bassins<\/a>.<\/span><\/p>\n<\/div><\/div><div class=\"w-separator size_medium\"><\/div><div class=\"w-image align_center\"><div class=\"w-image-h\"><img width=\"600\" height=\"380\" src=\"https:\/\/www.eldo.com\/guide\/wp-content\/uploads\/2022\/03\/piscine-naturelle-forme-libre-5035-664-420-600x380.jpg\" class=\"attachment-us_600_400 size-us_600_400\" alt=\"\" srcset=\"https:\/\/www.eldo.com\/guide\/wp-content\/uploads\/2022\/03\/piscine-naturelle-forme-libre-5035-664-420-600x380.jpg 600w, https:\/\/www.eldo.com\/guide\/wp-content\/uploads\/2022\/03\/piscine-naturelle-forme-libre-5035-664-420-300x190.jpg 300w, https:\/\/www.eldo.com\/guide\/wp-content\/uploads\/2022\/03\/piscine-naturelle-forme-libre-5035-664-420.jpg 512w\" sizes=\"(max-width: 600px) 100vw, 600px\" \/><\/div><\/div><\/div><\/div><\/div><\/div><\/div><\/section><section class=\"l-section wpb_row height_auto width_full with_overlay\"><div class=\"l-section-overlay\" style=\"background: #ffffff\"><\/div><div class=\"l-section-h i-cf\"><div class=\"g-cols vc_row type_boxes valign_middle gap-10px\"><style>.g-cols.gap-10px{margin:0 -10px}.gap-10px > .vc_column_container {padding:10px}<\/style><div class=\"vc_col-sm-12 wpb_column vc_column_container has-fill\"><div class=\"vc_column-inner us_custom_4fb9e5a3\"><div class=\"wpb_wrapper\"><div class=\"wpb_text_column\" ><div class=\"wpb_wrapper\"><h2>La vigilance des adultes pour se baigner en toute s\u00e9curit\u00e9<\/h2>\n<p><span style=\"font-weight: 400;\">Pour des activit\u00e9s nautiques sans risques de noyades et sans danger surtout en ce qui concerne les jeux pour enfants, il faut prendre des pr\u00e9cautions. Un cours de natation et de plongeon d\u00e8s le bas \u00e2ge est une premi\u00e8re pr\u00e9caution, car un enfant qui ne sait pas faire la nage est plus expos\u00e9 au risque de noyade.<\/span><\/p>\n<ol>\n<li style=\"font-weight: 400;\" aria-level=\"1\"><span style=\"font-weight: 400;\">Dans le cas de la baignade des enfants, il faut la pr\u00e9sence d\u2019un adulte nageur, sauveteur si possible. Il sera charg\u00e9 de surveiller et d\u2019intervenir aussi rapidement que possible en cas de probl\u00e8me. Une baignade d\u2019enfants dans une piscine semi-enterr\u00e9e ou piscine bois sans surveillance est un danger pour eux.<\/span><\/li>\n<li style=\"font-weight: 400;\" aria-level=\"1\"><span style=\"font-weight: 400;\">Il doit leur \u00eatre interdit de courir ou de jouer \u00e0 des jeux d\u2019eau au bord de l\u2019eau de la piscine. Une chute dans le bassin de baignade peut vite arriver.<\/span><\/li>\n<li style=\"font-weight: 400;\" aria-level=\"1\"><span style=\"font-weight: 400;\">Disposer une bou\u00e9e de sauvetage ou plusieurs bou\u00e9es dans la piscine ou au bord pour permettre un sauvetage rapide en cas de noyade. Une p\u00eache \u00e0 port\u00e9e de main est aussi b\u00e9n\u00e9fique.\u00a0<\/span><\/li>\n<li style=\"font-weight: 400;\" aria-level=\"1\"><span style=\"font-weight: 400;\">Chez l\u2019adulte, il est important de se baigner dans l\u2019eau en excellente condition physique au risque de se noyer. Lorsque vous ressentez de la fatigue ou lorsque vous avez des probl\u00e8mes de sant\u00e9 comme les probl\u00e8mes respiratoires, vous devez \u00e9viter une mise en eau.<\/span><\/li>\n<li style=\"font-weight: 400;\" aria-level=\"1\"><span style=\"font-weight: 400;\">N\u2019entrez pas non plus dans une piscine, quel que soit le volume d\u2019eau (traditionnelle, piscine hors sol ou m\u00eame une petite piscine) apr\u00e8s avoir fini de consommer de l\u2019alcool.<\/span><\/li>\n<li style=\"font-weight: 400;\" aria-level=\"1\"><span style=\"font-weight: 400;\">\u00c0 la sortie de l\u2019eau, il est important de s\u00e9curiser les eaux de baignade en remettant en place le dispositif de s\u00e9curit\u00e9 pour piscine.<\/span><\/li>\n<\/ol>\n<h2>Les bons gestes pour \u00e9viter les accidents de baignade<\/h2>\n<p><span style=\"font-weight: 400;\">Si la baignade surveill\u00e9e et la vigilance sont importantes, une bonne pr\u00e9paration l\u2019est encore plus pour une baignade sans accidents. En effet, un accident peut vite arriver, surtout en pr\u00e9sence de jeunes enfants non surveill\u00e9s.\u00a0<\/span><\/p>\n<p><span style=\"font-weight: 400;\">Adoptez les bons gestes en gardant toujours \u00e0 proximit\u00e9 quelques \u00e9quipements tels qu\u2019une bou\u00e9e de sauvetage, une p\u00eache et autres. Un t\u00e9l\u00e9phone est aussi important pour appeler les\u00a0sapeurs-pompiers en cas de danger.<\/span><\/p>\n<p><span style=\"font-weight: 400;\">Se former aux\u00a0gestes qui sauvent (gestes de premiers secours) aupr\u00e8s des organisations comme la Croix-Rouge ou aupr\u00e8s des ma\u00eetres-nageurs est un v\u00e9ritable plus. Am\u00e9nager une aire de jeux en plein air avec de nombreuses activit\u00e9s peut emp\u00eacher les enfants de s\u2019adonner \u00e0 des jeux autour de la piscine.<\/span><\/p>\n<\/div><\/div><div class=\"w-separator size_medium\"><\/div><div class=\"w-btn-wrapper width_auto align_center\"><a class=\"w-btn us-btn-style_2\" title=\"Demander un devis\" href=\"https:\/\/devis.eldo.com\/piscine-new\/france?utm_source=gmb&amp;utm_medium=SEO&amp;utm_campaign=piscine-securite-profiter\"><span class=\"w-btn-label\">Expliquer mon projet<\/span><\/a><\/div><div class=\"w-separator size_medium\"><\/div><div class=\"w-image align_center\"><div class=\"w-image-h\"><img width=\"512\" height=\"341\" src=\"https:\/\/www.eldo.com\/guide\/wp-content\/uploads\/2022\/03\/les-10-tendances-piscine-2017_4-18358-643-0-1.jpg\" class=\"attachment-large size-large\" alt=\"\" srcset=\"https:\/\/www.eldo.com\/guide\/wp-content\/uploads\/2022\/03\/les-10-tendances-piscine-2017_4-18358-643-0-1.jpg 512w, https:\/\/www.eldo.com\/guide\/wp-content\/uploads\/2022\/03\/les-10-tendances-piscine-2017_4-18358-643-0-1-300x200.jpg 300w, https:\/\/www.eldo.com\/guide\/wp-content\/uploads\/2022\/03\/les-10-tendances-piscine-2017_4-18358-643-0-1-600x400.jpg 600w\" sizes=\"(max-width: 512px) 100vw, 512px\" \/><\/div><\/div><div class=\"w-separator size_medium\"><\/div><div class=\"wpb_text_column\" ><div class=\"wpb_wrapper\"><h2>Les syst\u00e8mes de s\u00e9curit\u00e9 pour pr\u00e9venir les chutes accidentelles<\/h2>\n<p><span style=\"font-weight: 400;\">Pour pr\u00e9venir les chutes accidentelles et s\u00e9curiser vos baignades, il faut un minimum de syst\u00e8me de s\u00e9curit\u00e9. Toutefois, la piscine enterr\u00e9e et celle semi-enterr\u00e9e sont les plus concern\u00e9es par les dispositifs de s\u00e9curit\u00e9.<\/span><\/p>\n<p><span style=\"font-weight: 400;\">En pr\u00e9sence de surveillants de baignade, les bassins gonflables, les piscines hors-sol et d\u00e9montables peuvent se passer des mesures de s\u00e9curit\u00e9 piscine. Il en est de m\u00eame pour les piscines avec acc\u00e8s payant et heures de surveillance ou pour les bassins priv\u00e9s.<\/span><\/p>\n<p><span style=\"font-weight: 400;\">Conform\u00e9ment \u00e0 la norme NF en vigueur surtout pour les piscines enterr\u00e9es, il faut une barri\u00e8re de piscine. La barri\u00e8re de s\u00e9curit\u00e9 permet de pr\u00e9venir les risques de chute et de noyade en hiver comme en \u00e9t\u00e9. Avec une hauteur minimale de 1,10\u00a0m, elle est fix\u00e9e \u00e0 travers deux points d\u2019appui et peut \u00eatre rigide ou souple. Elle comprend un portillon avec une fermeture automatique ou manuelle.\u00a0<\/span><\/p>\n<p><span style=\"font-weight: 400;\">La norme NF\u00a0p90-307, quant \u00e0 elle, stipule qu\u2019une alarme de piscine doit \u00eatre install\u00e9e. Il en existe deux types\u00a0: alarme \u00e0 infrarouge et alarme immerg\u00e9e.\u00a0<\/span><\/p>\n<p><span style=\"font-weight: 400;\">L\u2019alarme permet de d\u00e9tecter et de signaler les chutes dans le bassin. L\u2019alarme \u00e0 infrarouge dispose d\u2019une ligne infrarouge qui encercle la piscine et d\u00e9clenche une alarme une fois franchie.<\/span> <span style=\"font-weight: 400;\">L\u2019alarme immerg\u00e9e se d\u00e9clenche une fois qu\u2019un poids de 6 kilos au moins tombe dans le bassin. Cependant, vous devez r\u00e9gler l\u2019alarme afin que celle-ci ne se d\u00e9clenche pas de fa\u00e7on intempestive.<\/span><\/p>\n<p><span style=\"font-weight: 400;\">R\u00e9glement\u00e9es par la norme NF, les couvertures de piscine ont pour r\u00f4le de s\u00e9curiser aussi bien une piscine \u00e0 usage collectif qu\u2019une piscine priv\u00e9e. Elle couvre tout le bassin qui repr\u00e9sente l\u2019int\u00e9gralit\u00e9 de la zone de baignade.\u00a0<\/span><\/p>\n<p><span style=\"font-weight: 400;\">Elle doit donc \u00eatre assez r\u00e9sistante et disposer d\u2019une bonne solidit\u00e9 pour supporter le poids de chute d\u2019un adulte et diminuer le risque de noyade d\u2019un enfant de moins de 5 ans. Dans le m\u00eame temps, elle permet d\u2019assurer la propret\u00e9 du bassin et de maintenir la bonne temp\u00e9rature de l\u2019eau.<\/span> <span style=\"font-weight: 400;\">Cependant, toutes les b\u00e2ches de piscine ne sont pas des couvertures s\u00e9curis\u00e9es ni rigides, renseignez-vous donc \u00e0 l\u2019achat.<\/span><\/p>\n<p><span style=\"font-weight: 400;\">La norme NF\u00a0P90-309 vous impose \u00e9galement des abris de piscine qui doivent \u00eatre \u00e9quip\u00e9s d\u2019un syst\u00e8me de fermeture. L\u2019abri de piscine doit enti\u00e8rement recouvrir la piscine pour assurer la s\u00e9curit\u00e9 des personnes et permettre une qualit\u00e9 de l\u2019eau id\u00e9ale pour toutes les saisons (en \u00e9t\u00e9, au printemps, en temps d\u2019hivernage, automne, etc.).<\/span><\/p>\n<p><span style=\"font-weight: 400;\">Elle doit \u00eatre assez solide pour r\u00e9sister \u00e0 toutes les intemp\u00e9ries et disposer d\u2019un syst\u00e8me de fermeture dont l\u2019ouverture est inaccessible aux enfants.<\/span> <span style=\"font-weight: 400;\">C\u2019est la solution de protection la plus s\u00e9curisante puisque le bassin est compl\u00e8tement inaccessible.<\/span><\/p>\n<p><span style=\"font-weight: 400;\">Malgr\u00e9 toutes ces recommandations, la surveillance par des adultes demeure un point important. Le risque est moindre lorsque la baignade est surveill\u00e9e. Pour anticiper le risque de noyade des baigneurs qui ne savent pas nager, portez-leur des brassards gonflables homologu\u00e9s avant leur entr\u00e9e dans la zone de baignade.<\/span><\/p>\n<p><span style=\"font-weight: 400;\">Pour toujours plus de s\u00e9curit\u00e9, placez \u00e0 port\u00e9e de main juste \u00e0 c\u00f4t\u00e9 du bassin une p\u00eache qui permettra aux personnes en danger de s\u2019y accrocher aussi rapidement que possible. Le premier syst\u00e8me de s\u00e9curit\u00e9 reste l\u2019apprentissage de la natation, il est primordial de savoir nager. Cela peut se faire aupr\u00e8s d\u2019un \u00e9ducateur sportif, des \u00e9ducateurs d\u2019\u00e9cole de natation surtout pour les plus jeunes.<\/span><\/p>\n<\/div><\/div><div class=\"w-separator size_medium\"><\/div><div class=\"w-btn-wrapper width_auto align_center\"><a class=\"w-btn us-btn-style_2\" title=\"Demander un devis\" href=\"https:\/\/devis.eldo.com\/piscine-new\/france?utm_source=gmb&amp;utm_medium=SEO&amp;utm_campaign=piscine-securite-profiter\"><span class=\"w-btn-label\">Demander un devis<\/span><\/a><\/div><\/div><\/div><\/div><\/div><\/div><\/section><section class=\"l-section wpb_row height_medium\"><div class=\"l-section-h i-cf\"><div class=\"g-cols vc_row type_default valign_top\"><div class=\"vc_col-sm-12 wpb_column vc_column_container\"><div class=\"vc_column-inner\"><div class=\"wpb_wrapper\"><div class=\"w-grid type_grid layout_portfolio_3 cols_2 valign_center ratio_1x1\" id=\"us_grid_1\"><style id=\"us_grid_1_css\">#us_grid_1 .w-grid-item{padding:1.5rem}#us_grid_1 .w-grid-list{margin:-1.5rem}.w-grid + #us_grid_1 .w-grid-list{margin-top:1.5rem}@media (max-width:599px){#us_grid_1 .w-grid-list{margin:0}#us_grid_1 .w-grid-item{width:100.0000%;padding:0;margin-bottom:1.5rem}}<\/style><style>.layout_portfolio_3 .w-grid-item-h:before{padding-bottom:100.0000%}@media (min-width:600px){.layout_portfolio_3 .w-grid-item.size_1x2 .w-grid-item-h:before{padding-bottom:calc(200.0000% + 1.5rem + 1.5rem)}.layout_portfolio_3 .w-grid-item.size_2x1 .w-grid-item-h:before{padding-bottom:calc(50.0000% - 1.5rem * 1.0000)}.layout_portfolio_3 .w-grid-item.size_2x2 .w-grid-item-h:before{padding-bottom:calc(100.0000% - 1.5rem * 0)}}.layout_portfolio_3 .w-grid-item-h{}.layout_portfolio_3 .usg_post_image_1{transition-duration:0.4s;transform-origin:50% 50%;transform:scale(1) translate(0,0);opacity:0.25}.layout_portfolio_3 .w-grid-item-h:hover .usg_post_image_1{transform:scale(1) translate(0,0);opacity:1}.layout_portfolio_3 .usg_post_title_1{transition-duration:0.3s;transform-origin:50% 50%;transform:scale(1) translate(0,0)}.layout_portfolio_3 .w-grid-item-h:hover .usg_post_title_1{transform:scale(1) translate(0,-100%);opacity:0}.layout_portfolio_3 .usg_post_taxonomy_1{transition-duration:0.3s;transform-origin:50% 50%;transform:scale(1) translate(0,0)}.layout_portfolio_3 .w-grid-item-h:hover .usg_post_taxonomy_1{transform:scale(1) translate(0,100%);opacity:0}.layout_portfolio_3 .usg_post_image_1{position:absolute!important;top:0!important;right:0!important;bottom:0!important;left:0!important}.layout_portfolio_3 .usg_vwrapper_1{position:absolute!important;top:0!important;right:0!important;bottom:0!important;left:0!important;padding:2rem!important}.layout_portfolio_3 .usg_post_title_1{color:inherit!important;font-size:1.4rem!important}<\/style><div class=\"w-grid-list\" >\t<article class=\"w-grid-item size_1x1 post-7996 page type-page status-publish has-post-thumbnail hentry\" data-id=\"7996\">\r\n\t\t<div class=\"w-grid-item-h\">\r\n\t\t\t\t\t\t\t<a class=\"w-grid-item-anchor\" href=\"https:\/\/www.eldo.com\/guide\/piscine\/securite\/obbligaion-legale\" rel=\"bookmark\" aria-label=\"Piscine obligation l\u00e9gales\"><\/a>\r\n\t\t\t\t\t\t<div class=\"w-post-elm post_image usg_post_image_1 stretched\"><img width=\"512\" height=\"342\" src=\"https:\/\/www.eldo.com\/guide\/wp-content\/uploads\/2022\/03\/piscine-de-l-hotel-conrad-algarve-a-almancil-portugal-19929-643-0.jpg\" class=\"attachment-large size-large wp-post-image\" alt=\"\" srcset=\"https:\/\/www.eldo.com\/guide\/wp-content\/uploads\/2022\/03\/piscine-de-l-hotel-conrad-algarve-a-almancil-portugal-19929-643-0.jpg 512w, https:\/\/www.eldo.com\/guide\/wp-content\/uploads\/2022\/03\/piscine-de-l-hotel-conrad-algarve-a-almancil-portugal-19929-643-0-300x200.jpg 300w, https:\/\/www.eldo.com\/guide\/wp-content\/uploads\/2022\/03\/piscine-de-l-hotel-conrad-algarve-a-almancil-portugal-19929-643-0-600x400.jpg 600w\" sizes=\"(max-width: 512px) 100vw, 512px\" \/><\/div><div class=\"w-vwrapper usg_vwrapper_1 align_center valign_middle\"><h2 class=\"w-post-elm post_title usg_post_title_1 entry-title color_link_inherit has_text_color\">Piscine obligation l\u00e9gales<\/h2><\/div>\t\t<\/div>\r\n\t<\/article>\r\n\t<article class=\"w-grid-item size_1x1 post-7984 page type-page status-publish has-post-thumbnail hentry\" data-id=\"7984\">\r\n\t\t<div class=\"w-grid-item-h\">\r\n\t\t\t\t\t\t\t<a class=\"w-grid-item-anchor\" href=\"https:\/\/www.eldo.com\/guide\/piscine\/securite\/bassin\" rel=\"bookmark\" aria-label=\"S\u00e9curiser son bassin\"><\/a>\r\n\t\t\t\t\t\t<div class=\"w-post-elm post_image usg_post_image_1 stretched\"><img width=\"300\" height=\"183\" src=\"https:\/\/www.eldo.com\/guide\/wp-content\/uploads\/2022\/04\/Capture-decran-2022-03-22-115036-300x183-1.png\" class=\"attachment-large size-large wp-post-image\" alt=\"\" \/><\/div><div class=\"w-vwrapper usg_vwrapper_1 align_center valign_middle\"><h2 class=\"w-post-elm post_title usg_post_title_1 entry-title color_link_inherit has_text_color\">S\u00e9curiser son bassin<\/h2><\/div>\t\t<\/div>\r\n\t<\/article>\r\n<\/div><div class=\"w-grid-preloader\"><div class=\"g-preloader type_1\">\r\n\t<div><\/div>\r\n<\/div>\r\n<\/div>\t<div class=\"w-grid-json hidden\" onclick='return {&quot;action&quot;:&quot;us_ajax_grid&quot;,&quot;ajax_url&quot;:&quot;https:\\\/\\\/www.eldo.com\\\/guide\\\/wp-admin\\\/admin-ajax.php&quot;,&quot;infinite_scroll&quot;:0,&quot;max_num_pages&quot;:1,&quot;pagination&quot;:&quot;none&quot;,&quot;permalink_url&quot;:&quot;https:\\\/\\\/www.eldo.com\\\/guide\\\/wp-json\\\/wp\\\/v2\\\/pages\\\/7990&quot;,&quot;template_vars&quot;:{&quot;columns&quot;:&quot;2&quot;,&quot;exclude_items&quot;:&quot;none&quot;,&quot;img_size&quot;:&quot;default&quot;,&quot;ignore_items_size&quot;:false,&quot;items_layout&quot;:&quot;portfolio_3&quot;,&quot;items_offset&quot;:&quot;1&quot;,&quot;load_animation&quot;:&quot;none&quot;,&quot;overriding_link&quot;:&quot;post&quot;,&quot;post_id&quot;:7990,&quot;query_args&quot;:{&quot;ignore_sticky_posts&quot;:1,&quot;post_type&quot;:&quot;any&quot;,&quot;post__in&quot;:[&quot;7984&quot;,&quot;7996&quot;],&quot;posts_per_page&quot;:&quot;10&quot;},&quot;orderby_query_args&quot;:{&quot;orderby&quot;:{&quot;date&quot;:&quot;DESC&quot;}},&quot;type&quot;:&quot;grid&quot;,&quot;us_grid_ajax_index&quot;:1,&quot;us_grid_filter_params&quot;:null,&quot;us_grid_index&quot;:1,&quot;_us_grid_post_type&quot;:&quot;ids&quot;}}'><\/div>\r\n\t<\/div><\/div><\/div><\/div><\/div><\/div><\/section><section class=\"l-section wpb_row us_custom_e91755c2 height_auto width_full with_overlay\"><div class=\"l-section-overlay\" style=\"background: #ebebeb\"><\/div><div class=\"l-section-h i-cf\"><div class=\"g-cols vc_row type_boxes valign_middle\"><div class=\"vc_col-sm-12 wpb_column vc_column_container has-fill\"><div class=\"vc_column-inner us_custom_83b80bb9\"><div class=\"wpb_wrapper\"><p class=\"w-itext us_custom_6df4bc3a type_typingChars align_center\" onclick='return {&quot;duration&quot;:300,&quot;delay&quot;:2000,&quot;disablePartAnimation&quot;:false,&quot;dynamicColor&quot;:&quot;#ffffff&quot;,&quot;html_nbsp_char&quot;:true}'>Je\u00a0cherche\u00a0un\u00a0pro\u00a0\u00e0\u00a0<span class=\"w-itext-part changesat_0 changesat_1 changesat_2 changesat_3 changesat_4 dynamic\" style=\"color:#ffffff\" onclick='return [&quot;Bordeaux&quot;,&quot;Toulouse&quot;,&quot;Paris&quot;,&quot;Nantes&quot;,&quot;Marseille&quot;]'><span>Bordeaux<\/span><i class=\"w-itext-cursor\"><\/i><\/span><\/p><div class=\"w-separator size_small\"><\/div><div class=\"w-btn-wrapper width_auto align_center\"><a class=\"w-btn us-btn-style_2\" title=\"Demander un devis\" href=\"https:\/\/devis.eldo.com\/piscine-new\/france?utm_source=gmb&amp;utm_medium=SEO&amp;utm_campaign=piscine-securite-profiter\"><span class=\"w-btn-label\">Trouver un pro de confiance<\/span><\/a><\/div><\/div><\/div><\/div><\/div><\/div><\/section>\n","protected":false},"excerpt":{"rendered":"Quelles solutions pour s\u00e9curiser son bassin\u00a0? Guides travauxPages Tout propri\u00e9taire de piscine, individuelle et collective, a l\u2019obligation de s\u00e9curiser son bassin en vue de limiter tout risque d\u2019accident et les cas de noyade. Ainsi, se renseigner sur les diff\u00e9rentes solutions de s\u00e9curit\u00e9 piscine est une d\u00e9marche importante non seulement pour respecter une obligation l\u00e9gale, mais...","protected":false},"author":5,"featured_media":8009,"parent":7975,"menu_order":0,"comment_status":"closed","ping_status":"closed","template":"","meta":[],"page_tags":[],"_links":{"self":[{"href":"https:\/\/www.eldo.com\/guide\/wp-json\/wp\/v2\/pages\/7990"}],"collection":[{"href":"https:\/\/www.eldo.com\/guide\/wp-json\/wp\/v2\/pages"}],"about":[{"href":"https:\/\/www.eldo.com\/guide\/wp-json\/wp\/v2\/types\/page"}],"author":[{"embeddable":true,"href":"https:\/\/www.eldo.com\/guide\/wp-json\/wp\/v2\/users\/5"}],"replies":[{"embeddable":true,"href":"https:\/\/www.eldo.com\/guide\/wp-json\/wp\/v2\/comments?post=7990"}],"version-history":[{"count":7,"href":"https:\/\/www.eldo.com\/guide\/wp-json\/wp\/v2\/pages\/7990\/revisions"}],"predecessor-version":[{"id":10461,"href":"https:\/\/www.eldo.com\/guide\/wp-json\/wp\/v2\/pages\/7990\/revisions\/10461"}],"up":[{"embeddable":true,"href":"https:\/\/www.eldo.com\/guide\/wp-json\/wp\/v2\/pages\/7975"}],"wp:featuredmedia":[{"embeddable":true,"href":"https:\/\/www.eldo.com\/guide\/wp-json\/wp\/v2\/media\/8009"}],"wp:attachment":[{"href":"https:\/\/www.eldo.com\/guide\/wp-json\/wp\/v2\/media?parent=7990"}],"wp:term":[{"taxonomy":"page_tags","embeddable":true,"href":"https:\/\/www.eldo.com\/guide\/wp-json\/wp\/v2\/page_tags?post=7990"}],"curies":[{"name":"wp","href":"https:\/\/api.w.org\/{rel}","templated":true}]}}