{"id":7984,"date":"2022-03-24T14:09:33","date_gmt":"2022-03-24T14:09:33","guid":{"rendered":"https:\/\/www.eldo.com\/guide\/?page_id=7984"},"modified":"2023-11-22T13:00:48","modified_gmt":"2023-11-22T13:00:48","slug":"securiser-son-bassin","status":"publish","type":"page","link":"https:\/\/www.eldo.com\/guide\/piscine\/securite\/bassin","title":{"rendered":"S\u00e9curiser son bassin"},"content":{"rendered":"<section class=\"l-section wpb_row us_custom_e4eb24e1 height_auto width_full with_overlay\"><div class=\"l-section-overlay\" style=\"background: #ffffff\"><\/div><div class=\"l-section-h i-cf\"><div class=\"g-cols vc_row type_boxes valign_middle gap-10px\"><style>.g-cols.gap-10px{margin:0 -10px}.gap-10px > .vc_column_container {padding:10px}<\/style><div class=\"vc_col-sm-12 wpb_column vc_column_container has-fill has_text_color\"><div class=\"vc_column-inner us_custom_7ca2f647\"><div class=\"wpb_wrapper\"><div class=\"wpb_text_column us_custom_cef92e06 has_text_color\" ><div class=\"wpb_wrapper\"><h1 style=\"text-align: center;\"><span style=\"font-weight: 400;\">Quelles solutions pour s\u00e9curiser son bassin\u00a0?<\/span><\/h1>\n<\/div><\/div><div class=\"w-separator size_medium\"><\/div><ol class=\"g-breadcrumbs us_custom_cef92e06 separator_icon align_left has_text_color\"><li class=\"g-breadcrumbs-item\"><a href=\"https:\/\/www.eldo.com\/guide\/\">Guides travaux<\/a><meta content=\"1\"\/><\/li><li class=\"g-breadcrumbs-separator\"><i class=\"far fa-angle-right\"><\/i><\/li><li class=\"g-breadcrumbs-item\">Pages<\/li><\/ol><\/div><\/div><\/div><div class=\"vc_col-sm-12 wpb_column vc_column_container\"><div class=\"vc_column-inner\"><div class=\"wpb_wrapper\"><div class=\"wpb_text_column us_custom_ae99f6aa has_text_color\" ><div class=\"wpb_wrapper\">\n<\/div><\/div><div class=\"wpb_text_column us_custom_ae99f6aa has_text_color\" ><div class=\"wpb_wrapper\"><p><span style=\"font-weight: 400;\">Tout propri\u00e9taire de piscine, individuelle et collective, a l\u2019obligation de s\u00e9curiser son bassin en vue de limiter tout risque d\u2019accident et les cas de noyade. Ainsi, se renseigner sur les diff\u00e9rentes solutions de s\u00e9curit\u00e9 piscine est une d\u00e9marche importante non seulement pour respecter une obligation l\u00e9gale, mais \u00e9galement pour se baigner en toute s\u00e9curit\u00e9.\u00a0<\/span><\/p>\n<p><span style=\"font-weight: 400;\">Afin de rendre votre installation de piscine conforme aux normes, vous souhaitez savoir les options qui s\u2019offrent \u00e0 vous\u00a0? Nous vous proposons dans cet article toutes les solutions pour s\u00e9curiser votre bassin.<\/span><\/p>\n<\/div><\/div><div class=\"w-separator size_medium\"><\/div><div class=\"w-image align_center\"><div class=\"w-image-h\"><img width=\"600\" height=\"400\" src=\"https:\/\/www.eldo.com\/guide\/wp-content\/uploads\/2022\/03\/une-piscine-luxueuse-par-l-esprit-piscine-21096-643-0-600x400.jpg\" class=\"attachment-us_600_400 size-us_600_400\" alt=\"\" srcset=\"https:\/\/www.eldo.com\/guide\/wp-content\/uploads\/2022\/03\/une-piscine-luxueuse-par-l-esprit-piscine-21096-643-0-600x400.jpg 600w, https:\/\/www.eldo.com\/guide\/wp-content\/uploads\/2022\/03\/une-piscine-luxueuse-par-l-esprit-piscine-21096-643-0-300x200.jpg 300w, https:\/\/www.eldo.com\/guide\/wp-content\/uploads\/2022\/03\/une-piscine-luxueuse-par-l-esprit-piscine-21096-643-0.jpg 512w\" sizes=\"(max-width: 600px) 100vw, 600px\" \/><\/div><\/div><\/div><\/div><\/div><\/div><\/div><\/section><section class=\"l-section wpb_row height_auto width_full with_overlay\"><div class=\"l-section-overlay\" style=\"background: #ffffff\"><\/div><div class=\"l-section-h i-cf\"><div class=\"g-cols vc_row type_boxes valign_middle gap-10px\"><style>.g-cols.gap-10px{margin:0 -10px}.gap-10px > .vc_column_container {padding:10px}<\/style><div class=\"vc_col-sm-12 wpb_column vc_column_container has-fill\"><div class=\"vc_column-inner us_custom_4fb9e5a3\"><div class=\"wpb_wrapper\"><div class=\"wpb_text_column\" ><div class=\"wpb_wrapper\"><h2><span style=\"font-weight: 400;\">L\u2019alarme, un dispositif incontournable pour une s\u00e9curit\u00e9 optimale<\/span><\/h2>\n<p><span style=\"font-weight: 400;\">L\u2019alarme de piscine est un dispositif sonore con\u00e7u pour alerter lorsqu\u2019il y a des cas de chutes dans l\u2019eau ou d\u2019intrusion aux alentours de la piscine. Elle est disponible dans le march\u00e9 sous deux diff\u00e9rents mod\u00e8les.<\/span><\/p>\n<p><span style=\"font-weight: 400;\">Tout d&rsquo;abord, l\u2019alarme p\u00e9rim\u00e9trique s\u2019enclenche lors du franchissement d\u2019un p\u00e9rim\u00e8tre d\u00e9fini autour de la piscine. Ainsi, il prot\u00e8ge le p\u00e9rim\u00e8tre des intrusions et avertit, de ce fait, de toute utilisation non autoris\u00e9e de la piscine. Avec une alarme p\u00e9rim\u00e9trique, vous serez tenu inform\u00e9 chaque fois qu\u2019une personne s\u2019approche du bassin pour jouir des joies de la nage. Ce type d\u2019alarme fonctionne par infrarouge.<\/span><\/p>\n<p><span style=\"font-weight: 400;\">Ensuite, l\u2019alarme d\u2019immersion est mise en eau dans la piscine et s\u2019enclenche d\u00e8s qu\u2019une personne chute dans le bassin. Ainsi, son fonctionnement d\u00e9tecte efficacement les variations de pression dans l\u2019eau caus\u00e9es par des enfants de moins de 5\u00a0kg. Vous serez, en cons\u00e9quence, averti au bon moment des cas de chute, et \u00e9viterez tout risque de noyade. Pour un fonctionnement efficace de ce type d\u2019alarme, elle doit \u00eatre enti\u00e8rement immerg\u00e9e.<\/span><\/p>\n<p><span style=\"font-weight: 400;\">Il existe \u00e9galement des alarmes de piscine dot\u00e9es de t\u00e9l\u00e9commandes afin de les contr\u00f4ler \u00e0 distance. D\u2019autres sont \u00e9quip\u00e9es de bracelets pouvant \u00eatre accroch\u00e9s sur le bras des plus petits enfants, qui \u00e9mettent un signal d\u00e8s que ces derniers ont acc\u00e8s \u00e0 la piscine. Elles peuvent \u00eatre install\u00e9es pour une piscine enterr\u00e9e, une piscine hors sol, tubulaire, d\u00e9montable tout comme piscine gonflable. Il est important d\u2019\u00e9quiper cette derni\u00e8re d\u2019une \u00e9chelle de piscine afin d\u2019augmenter le niveau de s\u00e9curit\u00e9.<\/span><\/p>\n<p><span style=\"font-weight: 400;\">La loi impose que l\u2019alarme de votre piscine soit conforme \u00e0 la norme NF P 90\u2011307. Tout propri\u00e9taire de piscine priv\u00e9e qui n\u2019installerait pas de dispositif de s\u00e9curit\u00e9 normalis\u00e9 s\u2019expose au paiement d\u2019une amende. En cons\u00e9quence, la construction d\u2019une piscine doit obligatoirement int\u00e9grer l\u2019installation d\u2019un dispositif de s\u00e9curit\u00e9.<\/span><\/p>\n<p><span style=\"font-weight: 400;\">L\u2019alarme est particuli\u00e8rement appr\u00e9ci\u00e9e pour la s\u00e9curit\u00e9 des piscines, surtout enterr\u00e9es, parce qu\u2019il constitue un syst\u00e8me de s\u00e9curit\u00e9 facile \u00e0 poser et discret. De m\u00eame, son installation ne n\u00e9cessite pas l\u2019intervention d\u2019un professionnel. Enfin, les alarmes de bassins sont disponibles \u00e0 petit prix, atout majeur pour s\u00e9curiser son bassin en m\u00e9nageant votre budget.\u00a0<\/span><\/p>\n<p><span style=\"font-weight: 400;\">Les alarmes pour piscine repr\u00e9sentent ainsi une solution \u00e9conomique et tr\u00e8s pratique en vue de s\u00e9curiser le bassin de votre piscine. Toutefois, l\u2019alarme n\u2019est pas un \u00e9quipement de s\u00e9curit\u00e9 piscine autonome.\u00a0<\/span><\/p>\n<p><span style=\"font-weight: 400;\">En effet, son installation exige aussi la surveillance d\u2019un adulte qui doit \u00eatre en mesure de rapidement r\u00e9agir lorsqu\u2019un enfant chute dans le bassin ext\u00e9rieur. En cons\u00e9quence, pour une s\u00e9curit\u00e9 optimale, il est recommand\u00e9 d\u2019associer votre alarme de piscine avec un deuxi\u00e8me dispositif. Il peut s\u2019agir d\u2019une barri\u00e8re de s\u00e9curit\u00e9 ou d\u2019une couverture de piscine.<\/span><\/p>\n<\/div><\/div><div class=\"w-separator size_medium\"><\/div><div class=\"w-btn-wrapper width_auto align_center\"><a class=\"w-btn us-btn-style_2\" title=\"Demander un devis\" href=\"https:\/\/devis.eldo.com\/piscine-new\/france?utm_source=gmb&amp;utm_medium=SEO&amp;utm_campaign=piscine-securite-bassin\"><span class=\"w-btn-label\">Expliquer mon projet<\/span><\/a><\/div><div class=\"w-separator size_medium\"><\/div><div class=\"w-image align_center\"><div class=\"w-image-h\"><img width=\"512\" height=\"337\" src=\"https:\/\/www.eldo.com\/guide\/wp-content\/uploads\/2022\/03\/une-piscine-bien-a-l-abri-2031-643-0.jpg\" class=\"attachment-large size-large\" alt=\"\" srcset=\"https:\/\/www.eldo.com\/guide\/wp-content\/uploads\/2022\/03\/une-piscine-bien-a-l-abri-2031-643-0.jpg 512w, https:\/\/www.eldo.com\/guide\/wp-content\/uploads\/2022\/03\/une-piscine-bien-a-l-abri-2031-643-0-300x197.jpg 300w, https:\/\/www.eldo.com\/guide\/wp-content\/uploads\/2022\/03\/une-piscine-bien-a-l-abri-2031-643-0-600x395.jpg 600w\" sizes=\"(max-width: 512px) 100vw, 512px\" \/><\/div><\/div><div class=\"w-separator size_medium\"><\/div><div class=\"wpb_text_column\" ><div class=\"wpb_wrapper\"><h2><span style=\"font-weight: 400;\">D\u2019autres pr\u00e9cautions \u00e0 prendre pour une s\u00e9curit\u00e9 accrue<\/span><\/h2>\n<p><span style=\"font-weight: 400;\">\u00c0 c\u00f4t\u00e9 de l\u2019alarme, il existe des dispositifs de s\u00e9curit\u00e9\u00a0piscine qui vous permettront d\u2019augmenter le niveau de s\u00e9curit\u00e9 de votre piscine.\u00a0<\/span><\/p>\n<h3><span style=\"font-weight: 400;\">La barri\u00e8re de protection<\/span><\/h3>\n<p><span style=\"font-weight: 400;\"><img class=\" wp-image-7851 alignleft\" src=\"https:\/\/www.eldo.com\/guide\/wp-content\/uploads\/2022\/03\/Capture-decran-2022-03-22-115036-300x183.png\" alt=\"\" width=\"355\" height=\"216\" srcset=\"https:\/\/www.eldo.com\/guide\/wp-content\/uploads\/2022\/03\/Capture-decran-2022-03-22-115036-300x183.png 300w, https:\/\/www.eldo.com\/guide\/wp-content\/uploads\/2022\/03\/Capture-decran-2022-03-22-115036-600x366.png 600w, https:\/\/www.eldo.com\/guide\/wp-content\/uploads\/2022\/03\/Capture-decran-2022-03-22-115036.png 512w\" sizes=\"(max-width: 355px) 100vw, 355px\" \/>Pour \u00eatre conforme aux exigences l\u00e9gales, la barri\u00e8re de piscine doit respecter une hauteur minimale d\u2019un m\u00e8tre\u00a010. \u00c9galement, elle doit disposer d\u2019un portillon \u00e0 double verrouillage impossible \u00e0 ouvrir pour un enfant de moins de cinq ans. En vue d\u2019une s\u00e9curit\u00e9 accrue, vous pourrez opter pour une porte dot\u00e9e d\u2019une fermeture automatique. Aussi, la barri\u00e8re de protection de piscine devra obligatoirement \u00eatre situ\u00e9e \u00e0 plus d\u2019un m\u00e8tre du bord du petit bassin.\u00a0<\/span><\/p>\n<p><span style=\"font-weight: 400;\">Pour plus d\u2019esth\u00e9tisme, vous pourrez faire marier l\u2019ensemble terrassement du bassin, local technique, autres am\u00e9nagements et barri\u00e8re de s\u00e9curit\u00e9 de votre piscine. Aussi, vous pourrez vous inspirer de la v\u00e9g\u00e9tation environnante pour construire une belle barri\u00e8re en guise de protection piscine.<\/span><\/p>\n<p><span style=\"font-weight: 400;\">Les barri\u00e8res construites avec une structure en bois vont mieux avec la margelle des piscines priv\u00e9es enterr\u00e9es, ou m\u00eame dans le cas de piscine semi-enterr\u00e9e.<\/span><\/p>\n<h3><span style=\"font-weight: 400;\">L\u2019abri de piscine<\/span><\/h3>\n<p><span style=\"font-weight: 400;\">Comme il doit \u00eatre install\u00e9 de sorte \u00e0 \u00e9viter grandement les blessures tant \u00e0 l\u2019int\u00e9rieur qu\u2019\u00e0 l\u2019ext\u00e9rieur, l\u2019<a href=\"https:\/\/www.eldo.com\/guide\/piscine\/profiter\/abris\">abri de piscine<\/a> limite grandement l\u2019acc\u00e8s \u00e0 la piscine aux jeunes enfants. Mais, prenez soin de vous assurer que la structure n\u2019est pas tranchante en raison afin de s\u00e9curiser la baignade des moins de 5 ans.\u00a0<\/span><\/p>\n<p><span style=\"font-weight: 400;\"><img class=\" wp-image-7823 alignright\" src=\"https:\/\/www.eldo.com\/guide\/wp-content\/uploads\/2022\/03\/quel-prix-pour-un-abri-de-piscine-29633-498-0-300x200.jpg\" alt=\"\" width=\"350\" height=\"233\" srcset=\"https:\/\/www.eldo.com\/guide\/wp-content\/uploads\/2022\/03\/quel-prix-pour-un-abri-de-piscine-29633-498-0-300x200.jpg 300w, https:\/\/www.eldo.com\/guide\/wp-content\/uploads\/2022\/03\/quel-prix-pour-un-abri-de-piscine-29633-498-0.jpg 498w\" sizes=\"(max-width: 350px) 100vw, 350px\" \/>\u00c9galement, les abris pour piscines enterr\u00e9es doivent \u00eatre dot\u00e9s d\u2019un syst\u00e8me de verrouillage s\u00fbr. Ils doivent \u00eatre conformes \u00e0 la norme, rigides et capables de r\u00e9sister aux intemp\u00e9ries. L\u2019abri de protection pour piscine est un dispositif de s\u00e9curit\u00e9 autonome, mais \u00e9galement encombrant et limitant les voies d\u2019acc\u00e8s autour de la piscine. Il sera assez difficile de marcher le long des margelles, surtout lorsque l\u2019abri a une faible hauteur. L\u2019ouverture de ce type d\u2019abri est coulissante ou t\u00e9lescopique et peut s\u2019associer \u00e0 une t\u00e9l\u00e9commande pour une autonomisation en vue d\u2019augmenter le confort de la piscine.<\/span><\/p>\n<p><span style=\"font-weight: 400;\">En fonction de sa taille et surtout de sa hauteur vis-\u00e0-vis du sol, construire un abri de piscine pourra vous demander de d\u00e9poser un permis de construire. G\u00e9n\u00e9ralement, une simple d\u00e9claration pr\u00e9alable des travaux est suffisante pour l\u2019installation d\u2019un abri autour de sa piscine. Vous pourrez vous rapprocher des services d\u2019urbanisme de votre commune afin de connaitre les r\u00e8gles d\u2019urbanisme contenues dans le Plan Local d\u2019Urbanisme.<\/span><\/p>\n<h3><span style=\"font-weight: 400;\">La couverture de piscine\u00a0<\/span><\/h3>\n<p><span style=\"font-weight: 400;\">Qu\u2019elle soit souple ou rigide, l\u2019installation d\u2019une couverture de piscine doit limiter les risques de chute d\u2019un enfant de moins de cinq ans dans le bassin. Ainsi, lorsqu\u2019elle recouvre la surface de la piscine, la couverture devra \u00eatre suffisamment robuste pour ne pas c\u00e9der sous le poids de l\u2019enfant.\u00a0<\/span><\/p>\n<p><span style=\"font-weight: 400;\">Les b\u00e2ches, quant \u00e0 elles, doivent avoir une solidit\u00e9 pouvant supporter une charge allant jusqu\u2019\u00e0 100\u00a0kg afin de garantir une parfaite s\u00e9curit\u00e9 de piscine. Ses mat\u00e9riaux doivent \u00eatre r\u00e9sistants aux rayons UV. Au-del\u00e0, toutes les pi\u00e8ces m\u00e9talliques, dont l\u2019enrouleur d\u2019une piscine couverte, doivent recevoir un traitement contre la rouille et la corrosion en plus de leur r\u00e9sistance aux UV. Il existe des mod\u00e8les d\u2019enrouleur de b\u00e2che connect\u00e9s pour garantir une couverture automatique de votre petite piscine.<\/span><\/p>\n<p><span style=\"font-weight: 400;\"><img class=\" wp-image-7985 alignleft\" src=\"https:\/\/www.eldo.com\/guide\/wp-content\/uploads\/2022\/03\/le-prix-d-une-couverture-de-piscine-30534-643-0-300x200.jpg\" alt=\"\" width=\"350\" height=\"233\" srcset=\"https:\/\/www.eldo.com\/guide\/wp-content\/uploads\/2022\/03\/le-prix-d-une-couverture-de-piscine-30534-643-0-300x200.jpg 300w, https:\/\/www.eldo.com\/guide\/wp-content\/uploads\/2022\/03\/le-prix-d-une-couverture-de-piscine-30534-643-0-600x400.jpg 600w, https:\/\/www.eldo.com\/guide\/wp-content\/uploads\/2022\/03\/le-prix-d-une-couverture-de-piscine-30534-643-0.jpg 512w\" sizes=\"(max-width: 350px) 100vw, 350px\" \/>Les couvertures, b\u00e2ches de protection, volets roulants et abris de piscines sont \u00e9galement des dispositifs qui facilitent la filtration de votre piscine. En effet, la piscine couverte pr\u00e9sente moins de risque de pollution par l\u2019eau de pluie, de formation d\u2019algues ou m\u00eame de pr\u00e9sence des impuret\u00e9s.\u00a0<\/span><\/p>\n<p><span style=\"font-weight: 400;\">La qualit\u00e9 de l\u2019eau \u00e9tant pr\u00e9serv\u00e9e, ces \u00e9quipements vous permettent de m\u00e9nager le syst\u00e8me de filtration de votre piscine. Vous passerez ainsi moins de temps pour le traitement de l\u2019eau de piscine sans que votre eau de piscine devienne verte. Au-del\u00e0 de s\u00e9curiser le bassin de votre piscine, les abris et couvertures de piscine sont des solutions pour entretenir sa piscine facilement.<\/span><\/p>\n<p><span style=\"font-weight: 400;\">De plus, vous r\u00e9aliserez des \u00e9conomies sur les produits de filtration piscine. Vous \u00e9conomiserez aussi sur les achats pour accessoires pour piscines et les produits chimiques servant \u00e0 am\u00e9liorer l\u2019eau de la piscine. Vous n\u2019aurez plus besoin de beaucoup de chlore, de brome, de robot de piscine, d\u2019\u00e9lectrolyseur et filtre \u00e0 sable. \u00c9galement, vous r\u00e9aliserez des \u00e9conomies d\u2019\u00e9nergie en mettant moins en route la pompe de filtration.<\/span><\/p>\n<p><span style=\"font-weight: 400;\">D\u2019un autre c\u00f4t\u00e9, ils permettent un bon hivernage de votre piscine. En effet, la b\u00e2che hiver est id\u00e9ale pour couvrir sa piscine durant l\u2019hiver. La couverture d\u2019hivernage n\u00e9cessite que vous diminuiez le niveau d\u2019eau de votre bassin. L\u2019abri de piscine, quant \u00e0 lui, est une installation qui permet de profiter des plaisirs de la natation toute l\u2019ann\u00e9e, en toute saison.<\/span><\/p>\n<\/div><\/div><div class=\"w-separator size_medium\"><\/div><div class=\"w-btn-wrapper width_auto align_center\"><a class=\"w-btn us-btn-style_2\" title=\"Demander un devis\" href=\"https:\/\/devis.eldo.com\/piscine-new\/france?utm_source=gmb&amp;utm_medium=SEO&amp;utm_campaign=piscine-securite-bassin\"><span class=\"w-btn-label\">Demander un devis<\/span><\/a><\/div><\/div><\/div><\/div><\/div><\/div><\/section><section class=\"l-section wpb_row height_medium\"><div class=\"l-section-h i-cf\"><div class=\"g-cols vc_row type_default valign_top\"><div class=\"vc_col-sm-12 wpb_column vc_column_container\"><div class=\"vc_column-inner\"><div class=\"wpb_wrapper\"><div class=\"w-grid type_grid layout_portfolio_3 cols_2 valign_center ratio_1x1\" id=\"us_grid_1\"><style id=\"us_grid_1_css\">#us_grid_1 .w-grid-item{padding:1.5rem}#us_grid_1 .w-grid-list{margin:-1.5rem}.w-grid + #us_grid_1 .w-grid-list{margin-top:1.5rem}@media (max-width:599px){#us_grid_1 .w-grid-list{margin:0}#us_grid_1 .w-grid-item{width:100.0000%;padding:0;margin-bottom:1.5rem}}<\/style><style>.layout_portfolio_3 .w-grid-item-h:before{padding-bottom:100.0000%}@media (min-width:600px){.layout_portfolio_3 .w-grid-item.size_1x2 .w-grid-item-h:before{padding-bottom:calc(200.0000% + 1.5rem + 1.5rem)}.layout_portfolio_3 .w-grid-item.size_2x1 .w-grid-item-h:before{padding-bottom:calc(50.0000% - 1.5rem * 1.0000)}.layout_portfolio_3 .w-grid-item.size_2x2 .w-grid-item-h:before{padding-bottom:calc(100.0000% - 1.5rem * 0)}}.layout_portfolio_3 .w-grid-item-h{}.layout_portfolio_3 .usg_post_image_1{transition-duration:0.4s;transform-origin:50% 50%;transform:scale(1) translate(0,0);opacity:0.25}.layout_portfolio_3 .w-grid-item-h:hover .usg_post_image_1{transform:scale(1) translate(0,0);opacity:1}.layout_portfolio_3 .usg_post_title_1{transition-duration:0.3s;transform-origin:50% 50%;transform:scale(1) translate(0,0)}.layout_portfolio_3 .w-grid-item-h:hover .usg_post_title_1{transform:scale(1) translate(0,-100%);opacity:0}.layout_portfolio_3 .usg_post_taxonomy_1{transition-duration:0.3s;transform-origin:50% 50%;transform:scale(1) translate(0,0)}.layout_portfolio_3 .w-grid-item-h:hover .usg_post_taxonomy_1{transform:scale(1) translate(0,100%);opacity:0}.layout_portfolio_3 .usg_post_image_1{position:absolute!important;top:0!important;right:0!important;bottom:0!important;left:0!important}.layout_portfolio_3 .usg_vwrapper_1{position:absolute!important;top:0!important;right:0!important;bottom:0!important;left:0!important;padding:2rem!important}.layout_portfolio_3 .usg_post_title_1{color:inherit!important;font-size:1.4rem!important}<\/style><div class=\"w-grid-list\" >\t<article class=\"w-grid-item size_1x1 post-7996 page type-page status-publish has-post-thumbnail hentry\" data-id=\"7996\">\r\n\t\t<div class=\"w-grid-item-h\">\r\n\t\t\t\t\t\t\t<a class=\"w-grid-item-anchor\" href=\"https:\/\/www.eldo.com\/guide\/piscine\/securite\/obbligaion-legale\" rel=\"bookmark\" aria-label=\"Piscine obligation l\u00e9gales\"><\/a>\r\n\t\t\t\t\t\t<div class=\"w-post-elm post_image usg_post_image_1 stretched\"><img width=\"512\" height=\"342\" src=\"https:\/\/www.eldo.com\/guide\/wp-content\/uploads\/2022\/03\/piscine-de-l-hotel-conrad-algarve-a-almancil-portugal-19929-643-0.jpg\" class=\"attachment-large size-large wp-post-image\" alt=\"\" srcset=\"https:\/\/www.eldo.com\/guide\/wp-content\/uploads\/2022\/03\/piscine-de-l-hotel-conrad-algarve-a-almancil-portugal-19929-643-0.jpg 512w, https:\/\/www.eldo.com\/guide\/wp-content\/uploads\/2022\/03\/piscine-de-l-hotel-conrad-algarve-a-almancil-portugal-19929-643-0-300x200.jpg 300w, https:\/\/www.eldo.com\/guide\/wp-content\/uploads\/2022\/03\/piscine-de-l-hotel-conrad-algarve-a-almancil-portugal-19929-643-0-600x400.jpg 600w\" sizes=\"(max-width: 512px) 100vw, 512px\" \/><\/div><div class=\"w-vwrapper usg_vwrapper_1 align_center valign_middle\"><h2 class=\"w-post-elm post_title usg_post_title_1 entry-title color_link_inherit has_text_color\">Piscine obligation l\u00e9gales<\/h2><\/div>\t\t<\/div>\r\n\t<\/article>\r\n\t<article class=\"w-grid-item size_1x1 post-7990 page type-page status-publish has-post-thumbnail hentry\" data-id=\"7990\">\r\n\t\t<div class=\"w-grid-item-h\">\r\n\t\t\t\t\t\t\t<a class=\"w-grid-item-anchor\" href=\"https:\/\/www.eldo.com\/guide\/piscine\/securite\/baignade\" rel=\"bookmark\" aria-label=\"Profiter d&rsquo;une piscine\"><\/a>\r\n\t\t\t\t\t\t<div class=\"w-post-elm post_image usg_post_image_1 stretched\"><img width=\"512\" height=\"341\" src=\"https:\/\/www.eldo.com\/guide\/wp-content\/uploads\/2022\/03\/choisir-sa-piscine-en-fonction-de-son-budget-29076-643-0.jpg\" class=\"attachment-large size-large wp-post-image\" alt=\"\" srcset=\"https:\/\/www.eldo.com\/guide\/wp-content\/uploads\/2022\/03\/choisir-sa-piscine-en-fonction-de-son-budget-29076-643-0.jpg 512w, https:\/\/www.eldo.com\/guide\/wp-content\/uploads\/2022\/03\/choisir-sa-piscine-en-fonction-de-son-budget-29076-643-0-300x200.jpg 300w, https:\/\/www.eldo.com\/guide\/wp-content\/uploads\/2022\/03\/choisir-sa-piscine-en-fonction-de-son-budget-29076-643-0-600x400.jpg 600w\" sizes=\"(max-width: 512px) 100vw, 512px\" \/><\/div><div class=\"w-vwrapper usg_vwrapper_1 align_center valign_middle\"><h2 class=\"w-post-elm post_title usg_post_title_1 entry-title color_link_inherit has_text_color\">Profiter d&rsquo;une piscine<\/h2><\/div>\t\t<\/div>\r\n\t<\/article>\r\n<\/div><div class=\"w-grid-preloader\"><div class=\"g-preloader type_1\">\r\n\t<div><\/div>\r\n<\/div>\r\n<\/div>\t<div class=\"w-grid-json hidden\" onclick='return {&quot;action&quot;:&quot;us_ajax_grid&quot;,&quot;ajax_url&quot;:&quot;https:\\\/\\\/www.eldo.com\\\/guide\\\/wp-admin\\\/admin-ajax.php&quot;,&quot;infinite_scroll&quot;:0,&quot;max_num_pages&quot;:1,&quot;pagination&quot;:&quot;none&quot;,&quot;permalink_url&quot;:&quot;https:\\\/\\\/www.eldo.com\\\/guide\\\/wp-json\\\/wp\\\/v2\\\/pages\\\/7984&quot;,&quot;template_vars&quot;:{&quot;columns&quot;:&quot;2&quot;,&quot;exclude_items&quot;:&quot;none&quot;,&quot;img_size&quot;:&quot;default&quot;,&quot;ignore_items_size&quot;:false,&quot;items_layout&quot;:&quot;portfolio_3&quot;,&quot;items_offset&quot;:&quot;1&quot;,&quot;load_animation&quot;:&quot;none&quot;,&quot;overriding_link&quot;:&quot;post&quot;,&quot;post_id&quot;:7984,&quot;query_args&quot;:{&quot;ignore_sticky_posts&quot;:1,&quot;post_type&quot;:&quot;any&quot;,&quot;post__in&quot;:[&quot;7996&quot;,&quot;7990&quot;],&quot;posts_per_page&quot;:&quot;10&quot;},&quot;orderby_query_args&quot;:{&quot;orderby&quot;:{&quot;date&quot;:&quot;DESC&quot;}},&quot;type&quot;:&quot;grid&quot;,&quot;us_grid_ajax_index&quot;:1,&quot;us_grid_filter_params&quot;:null,&quot;us_grid_index&quot;:1,&quot;_us_grid_post_type&quot;:&quot;ids&quot;}}'><\/div>\r\n\t<\/div><\/div><\/div><\/div><\/div><\/div><\/section><section class=\"l-section wpb_row us_custom_e91755c2 height_auto width_full with_overlay\"><div class=\"l-section-overlay\" style=\"background: #ebebeb\"><\/div><div class=\"l-section-h i-cf\"><div class=\"g-cols vc_row type_boxes valign_middle\"><div class=\"vc_col-sm-12 wpb_column vc_column_container has-fill\"><div class=\"vc_column-inner us_custom_83b80bb9\"><div class=\"wpb_wrapper\"><p class=\"w-itext us_custom_6df4bc3a type_typingChars align_center\" onclick='return {&quot;duration&quot;:300,&quot;delay&quot;:2000,&quot;disablePartAnimation&quot;:false,&quot;dynamicColor&quot;:&quot;#ffffff&quot;,&quot;html_nbsp_char&quot;:true}'>Je\u00a0cherche\u00a0un\u00a0pro\u00a0\u00e0\u00a0<span class=\"w-itext-part changesat_0 changesat_1 changesat_2 changesat_3 changesat_4 dynamic\" style=\"color:#ffffff\" onclick='return [&quot;Bordeaux&quot;,&quot;Toulouse&quot;,&quot;Paris&quot;,&quot;Nantes&quot;,&quot;Marseille&quot;]'><span>Bordeaux<\/span><i class=\"w-itext-cursor\"><\/i><\/span><\/p><div class=\"w-separator size_small\"><\/div><div class=\"w-btn-wrapper width_auto align_center\"><a class=\"w-btn us-btn-style_2\" title=\"Demander un devis\" href=\"https:\/\/devis.eldo.com\/piscine-new\/france?utm_source=gmb&amp;utm_medium=SEO&amp;utm_campaign=piscine-securite-bassin\"><span class=\"w-btn-label\">Trouver un pro de confiance<\/span><\/a><\/div><\/div><\/div><\/div><\/div><\/div><\/section>\n","protected":false},"excerpt":{"rendered":"Nos conseils de pro pour profiter de sa piscine en toute s\u00e9curit\u00e9 Guides travauxPages Le milieu aquatique est souvent pris d\u2019assaut par les vacanciers durant les vacances d\u2019\u00e9t\u00e9. Ils aiment avoir acc\u00e8s \u00e0 la piscine et aux sites de baignade pour se rafra\u00eechir et profiter des plaisirs de l\u2019eau. Pour toute la famille et surtout...","protected":false},"author":5,"featured_media":8382,"parent":7975,"menu_order":0,"comment_status":"closed","ping_status":"closed","template":"","meta":[],"page_tags":[],"_links":{"self":[{"href":"https:\/\/www.eldo.com\/guide\/wp-json\/wp\/v2\/pages\/7984"}],"collection":[{"href":"https:\/\/www.eldo.com\/guide\/wp-json\/wp\/v2\/pages"}],"about":[{"href":"https:\/\/www.eldo.com\/guide\/wp-json\/wp\/v2\/types\/page"}],"author":[{"embeddable":true,"href":"https:\/\/www.eldo.com\/guide\/wp-json\/wp\/v2\/users\/5"}],"replies":[{"embeddable":true,"href":"https:\/\/www.eldo.com\/guide\/wp-json\/wp\/v2\/comments?post=7984"}],"version-history":[{"count":9,"href":"https:\/\/www.eldo.com\/guide\/wp-json\/wp\/v2\/pages\/7984\/revisions"}],"predecessor-version":[{"id":10781,"href":"https:\/\/www.eldo.com\/guide\/wp-json\/wp\/v2\/pages\/7984\/revisions\/10781"}],"up":[{"embeddable":true,"href":"https:\/\/www.eldo.com\/guide\/wp-json\/wp\/v2\/pages\/7975"}],"wp:featuredmedia":[{"embeddable":true,"href":"https:\/\/www.eldo.com\/guide\/wp-json\/wp\/v2\/media\/8382"}],"wp:attachment":[{"href":"https:\/\/www.eldo.com\/guide\/wp-json\/wp\/v2\/media?parent=7984"}],"wp:term":[{"taxonomy":"page_tags","embeddable":true,"href":"https:\/\/www.eldo.com\/guide\/wp-json\/wp\/v2\/page_tags?post=7984"}],"curies":[{"name":"wp","href":"https:\/\/api.w.org\/{rel}","templated":true}]}}