{"id":7952,"date":"2022-03-23T13:38:26","date_gmt":"2022-03-23T13:38:26","guid":{"rendered":"https:\/\/www.eldo.com\/guide\/?page_id=7952"},"modified":"2023-12-06T15:49:39","modified_gmt":"2023-12-06T15:49:39","slug":"piscine-entretien-robot","status":"publish","type":"page","link":"https:\/\/www.eldo.com\/guide\/piscine\/entretien\/accessoires\/robot","title":{"rendered":"Piscine entretien robot"},"content":{"rendered":"<section class=\"l-section wpb_row us_custom_e4eb24e1 height_auto width_full with_overlay\"><div class=\"l-section-overlay\" style=\"background: #ffffff\"><\/div><div class=\"l-section-h i-cf\"><div class=\"g-cols vc_row type_boxes valign_middle gap-10px\"><style>.g-cols.gap-10px{margin:0 -10px}.gap-10px > .vc_column_container {padding:10px}<\/style><div class=\"vc_col-sm-12 wpb_column vc_column_container has-fill has_text_color\"><div class=\"vc_column-inner us_custom_e64e5ed0\"><div class=\"wpb_wrapper\"><div class=\"wpb_text_column us_custom_cef92e06 has_text_color\" ><div class=\"wpb_wrapper\"><h1 style=\"text-align: center;\"><span style=\"font-weight: 400;\">Robot piscine, lequel choisir\u2009?<\/span><\/h1>\n<\/div><\/div><div class=\"w-separator size_medium\"><\/div><ol class=\"g-breadcrumbs us_custom_cef92e06 separator_icon align_left has_text_color\"><li class=\"g-breadcrumbs-item\"><a href=\"https:\/\/www.eldo.com\/guide\/\">Guides travaux<\/a><meta content=\"1\"\/><\/li><li class=\"g-breadcrumbs-separator\"><i class=\"far fa-angle-right\"><\/i><\/li><li class=\"g-breadcrumbs-item\">Pages<\/li><\/ol><\/div><\/div><\/div><div class=\"vc_col-sm-12 wpb_column vc_column_container\"><div class=\"vc_column-inner\"><div class=\"wpb_wrapper\"><div class=\"wpb_text_column us_custom_ae99f6aa has_text_color\" ><div class=\"wpb_wrapper\">\n<\/div><\/div><div class=\"wpb_text_column us_custom_ae99f6aa has_text_color\" ><div class=\"wpb_wrapper\"><p><span style=\"font-weight: 400;\">Le nettoyage des piscines est n\u00e9cessaire et m\u00eame vital. Il permet de prot\u00e9ger et de pr\u00e9server l\u2019eau de la piscine de toutes les impuret\u00e9s qu\u2019elle contient. Il vous permet \u00e9galement de vous baigner dans une eau propre et saine. Il existe aujourd\u2019hui des robots qui assurant le nettoyage de la piscine.\u00a0<\/span><\/p>\n<p><span style=\"font-weight: 400;\">Le robot nettoyeur nettoie les salet\u00e9s qui se retrouvent dans l\u2019eau et sur les parois de la piscine. Le robot pour piscine aspire les salet\u00e9s. Sur le march\u00e9, il existe plusieurs types de robots. Lequel choisir\u2009?<\/span><\/p>\n<\/div><\/div><div class=\"w-separator size_medium\"><\/div><div class=\"w-image align_center\"><div class=\"w-image-h\"><img width=\"600\" height=\"386\" src=\"https:\/\/www.eldo.com\/guide\/wp-content\/uploads\/2022\/03\/nettoyer-sa-piscine-de-facon-autonome-avec-un-robot-de-piscine-30901-643-0-600x386.jpg\" class=\"attachment-us_600_400 size-us_600_400\" alt=\"\" srcset=\"https:\/\/www.eldo.com\/guide\/wp-content\/uploads\/2022\/03\/nettoyer-sa-piscine-de-facon-autonome-avec-un-robot-de-piscine-30901-643-0-600x386.jpg 600w, https:\/\/www.eldo.com\/guide\/wp-content\/uploads\/2022\/03\/nettoyer-sa-piscine-de-facon-autonome-avec-un-robot-de-piscine-30901-643-0-300x193.jpg 300w, https:\/\/www.eldo.com\/guide\/wp-content\/uploads\/2022\/03\/nettoyer-sa-piscine-de-facon-autonome-avec-un-robot-de-piscine-30901-643-0.jpg 512w\" sizes=\"(max-width: 600px) 100vw, 600px\" \/><\/div><\/div><\/div><\/div><\/div><\/div><\/div><\/section><section class=\"l-section wpb_row height_auto width_full with_overlay\"><div class=\"l-section-overlay\" style=\"background: #ffffff\"><\/div><div class=\"l-section-h i-cf\"><div class=\"g-cols vc_row type_boxes valign_middle gap-10px\"><style>.g-cols.gap-10px{margin:0 -10px}.gap-10px > .vc_column_container {padding:10px}<\/style><div class=\"vc_col-sm-12 wpb_column vc_column_container has-fill\"><div class=\"vc_column-inner us_custom_4fb9e5a3\"><div class=\"wpb_wrapper\"><div \" class=\"faq_question_container\"><h2 class=\"faq_question_title\">\u00c9lectrique, hydraulique ou \u00e0 surpression : quel type de robot de piscine choisir\u2009?<\/h2><div class=\"faq_question_content\"><p><span style=\"font-weight: 400;\">Il y a une multitude de robots nettoyeurs de piscine, mais ceux retrouv\u00e9s fr\u00e9quemment sont au nombre de trois. Il y a le type \u00e9lectrique, le type hydraulique et le robot \u00e0 surpression.<\/span><\/p>\n<h3><span style=\"font-weight: 400;\">Choisir un robot hydraulique<\/span><\/h3>\n<p><span style=\"font-weight: 400;\">Il s\u2019agit d\u2019un robot de piscine muni d\u2019un balai <a href=\"https:\/\/www.eldo.com\/guide\/piscine\/entretien\/accessoires\/robot\/aspirateur\">aspirateur<\/a> qui permet d\u2019aspirer les d\u00e9chets. Il arrive \u00e0 se d\u00e9placer gr\u00e2ce \u00e0 un syst\u00e8me de filtration qui lui sert de source d\u2019\u00e9nergie. Ce robot \u00e9lectrique ne co\u00fbte pas cher et il est dot\u00e9 d\u2019un tuyau de branchement qui rend son fonctionnement et son maniement facile. Il est efficace pour nettoyer le fond du bassin.\u00a0<\/span><\/p>\n<p><span style=\"font-weight: 400;\">Son d\u00e9placement se fait de fa\u00e7on al\u00e9atoire et il est un peu lent. Il est obligatoire qu\u2019une pompe de filtration soit install\u00e9e dans la piscine. Il faut qu\u2019elle soit en marche pour que ce robot fonctionne correctement. Cependant, il n\u2019est pas meilleur dans le nettoyage des parois de la piscine.<\/span><\/p>\n<h3><span style=\"font-weight: 400;\">Choisir un robot \u00e9lectrique<\/span><\/h3>\n<p><span style=\"font-weight: 400;\">Un robot \u00e9lectrique fait un nettoyage de piscine efficace. Par ses brosses, il assure l\u2019aspiration des salet\u00e9s au fond du bassin, sur les parois, dans les recoins, sur les escaliers et les lignes d\u2019eau. Il faut le brancher sur une prise murale ou toute autre source d\u2019\u00e9nergie \u00e9lectrique.\u00a0<\/span><\/p>\n<p><span style=\"font-weight: 400;\">Ce robot garantit un nettoyage complet par brossage et aspiration dans son filtre incorpor\u00e9. L\u2019inconv\u00e9nient est que les robots de ce type sont plus chers que les robots hydrauliques. Leur autonomie d\u00e9pend de l\u2019\u00e9nergie de la batterie. Pr\u00e9voyez une rallonge \u00e9lectrique en mati\u00e8re hydrofuge pour \u00e9viter le risque d\u2019\u00e9lectrocution.<\/span><\/p>\n<h3><span style=\"font-weight: 400;\">Choisir un robot \u00e0 surpression<\/span><\/h3>\n<p><span style=\"font-weight: 400;\">Ce sont des robots de piscine qui requi\u00e8rent indispensablement l\u2019installation d\u2019un suppresseur pour l\u2019\u00e9radication des impuret\u00e9s et des d\u00e9bris. Le robot se connecte sur la prise balai pour son fonctionnement. \u00c0 l\u2019oppos\u00e9 du robot aspirateur, le robot \u00e0 surpression ne fonctionne pas par aspiration, mais par refoulement de l\u2019eau de la piscine.\u00a0<\/span><\/p>\n<p><span style=\"font-weight: 400;\">L\u2019eau est propuls\u00e9e \u00e0 grande vitesse causant ainsi le d\u00e9collement des salet\u00e9s qui sont recueillies dans le sac int\u00e9gr\u00e9 du filtre r\u00e9cup\u00e9rateur. Vous devez vider le filtre et le laver une fois rempli. Il permet un nettoyage plus puissant et plus complet. Il fonctionne distinctement du syst\u00e8me de filtration.<\/span><\/p>\n<p><span style=\"font-weight: 400;\">Le d\u00e9placement du balai est al\u00e9atoire et la prise balai doit \u00eatre reli\u00e9e \u00e0 un tuyau rigide pour pouvoir r\u00e9sister \u00e0 la pression engendr\u00e9e par le surpresseur. Ce robot est r\u00e9sistant d\u2019une longue dur\u00e9e de vie.<\/span><\/p>\n<\/div><\/div><div class=\"w-separator size_medium\"><\/div><div class=\"w-btn-wrapper width_auto align_center\"><a class=\"w-btn us-btn-style_2\" title=\"Demander un devis\" href=\"https:\/\/devis.eldo.com\/piscine-new\/france?utm_source=gmb&amp;utm_medium=SEO&amp;utm_campaign=piscine-accessoire-robot\"><span class=\"w-btn-label\">Expliquer mon projet<\/span><\/a><\/div><div class=\"w-separator size_medium\"><\/div><div class=\"w-image align_center\"><div class=\"w-image-h\"><img width=\"600\" height=\"400\" src=\"https:\/\/www.eldo.com\/guide\/wp-content\/uploads\/2022\/03\/robot-de-piscine-zodiac-r-alpha-iq-nouveau-modele-ra-6900-iq-34976-643-0-600x400.jpg\" class=\"attachment-us_600_400 size-us_600_400\" alt=\"\" srcset=\"https:\/\/www.eldo.com\/guide\/wp-content\/uploads\/2022\/03\/robot-de-piscine-zodiac-r-alpha-iq-nouveau-modele-ra-6900-iq-34976-643-0-600x400.jpg 600w, https:\/\/www.eldo.com\/guide\/wp-content\/uploads\/2022\/03\/robot-de-piscine-zodiac-r-alpha-iq-nouveau-modele-ra-6900-iq-34976-643-0-300x200.jpg 300w, https:\/\/www.eldo.com\/guide\/wp-content\/uploads\/2022\/03\/robot-de-piscine-zodiac-r-alpha-iq-nouveau-modele-ra-6900-iq-34976-643-0.jpg 512w\" sizes=\"(max-width: 600px) 100vw, 600px\" \/><\/div><\/div><div class=\"w-separator size_medium\"><\/div><div class=\"wpb_text_column\" ><div class=\"wpb_wrapper\"><h2><span style=\"font-weight: 400;\">Choisir son robot en fonction des caract\u00e9ristiques de sa piscine<\/span><\/h2>\n<p><span style=\"font-weight: 400;\">Avant d\u2019acheter un robot nettoyeur de piscine, vous devez prendre en compte les caract\u00e9ristiques de votre piscine. Si vous disposez d\u2019une grande surface de piscine avec beaucoup d\u2019angles, optez pour un robot piscine \u00e9lectrique ou un robot piscine hydraulique.\u00a0<\/span><\/p>\n<p><span style=\"font-weight: 400;\">Ces robots sont adapt\u00e9s \u00e0 tout type de piscine. Que ce soit une piscine hors sol ou une piscine enterr\u00e9e, ils assurent un travail efficace, quel que soit le type de rev\u00eatement. Ils sont efficaces pour nettoyer votre piscine de fond en comble (le fond et les parois y compris). Certains mod\u00e8les de robots \u00e9lectriques sont \u00e9quip\u00e9s d\u2019une t\u00e9l\u00e9commande qui vous permet de les contr\u00f4ler \u00e0 distance.\u00a0<\/span><\/p>\n<p><span style=\"font-weight: 400;\">Par contre, si votre piscine poss\u00e8de une petite surface, vous pouvez choisir un robot piscine \u00e0 surpression ou un robot hydraulique \u00e0 aspiration. Faites attention au d\u00e9bit de la pompe hydraulique en choisissant. Plus le d\u00e9bit est important, plus le nettoyage est efficace.\u00a0<\/span><\/p>\n<h2><span style=\"font-weight: 400;\">Choisir son robot de piscine en fonction du type de nettoyage<\/span><\/h2>\n<p><span style=\"font-weight: 400;\">Un autre crit\u00e8re \u00e0 consid\u00e9rer dans le choix du robot piscine est le type de nettoyage. Deux facteurs sont indispensables sur ce plan. Il s\u2019agit du brossage et de l\u2019aspiration.<\/span><\/p>\n<h3><span style=\"font-weight: 400;\">Les robots \u00e9lectriques nettoyant le fond du bassin<\/span><\/h3>\n<p><span style=\"font-weight: 400;\">Le fond de la piscine est l\u2019endroit o\u00f9 s\u2019accumulent le plus de d\u00e9chets. Pour un nettoyage propre du fond du bassin, assurez-vous que votre robot nettoyeur dispose d\u2019une brosse et d\u2019un aspirateur de piscine. Il faudrait aussi que le robot nettoyeur de piscine ait une grande puissance d\u2019aspiration. Les robots \u00e9lectriques combinent parfaitement le brossage et l\u2019aspiration pour un nettoyage en profondeur.<\/span><\/p>\n<p><span style=\"font-weight: 400;\">\u00a0Ils sont infaillibles quand vous avez une piscine \u00e0 fond plat ou \u00e0 pente douce et quand il s\u2019agit d\u2019une aspiration cyclonique. Vous n\u2019aurez qu\u2019\u00e0 le brancher sur une prise \u00e9lectrique pour faire un bon entretien de votre piscine. Toutefois, les robots \u00e0 surpression permettent de faire un nettoyage impeccable du fond du bassin. Le fond du bassin doit \u00eatre nettoy\u00e9 en moyenne une fois par semaine.\u00a0<\/span><\/p>\n<h3><span style=\"font-weight: 400;\">Les robots \u00e9lectriques nettoyant le fond, les parois ainsi que la ligne d\u2019eau.\u00a0<\/span><\/h3>\n<p><span style=\"font-weight: 400;\">Les robots \u00e9lectriques assurent parfaitement cette fonction. Ils peuvent nettoyer les parois, le fond et les lignes d\u2019eau correctement. Ces robots de nettoyage ont une capacit\u00e9 d\u2019aspiration et de brossage \u00e9tonnante qui fait d\u2019eux les meilleurs robots de nettoyage.\u00a0<\/span><\/p>\n<p><span style=\"font-weight: 400;\">Il fonctionne gr\u00e2ce \u00e0 la prise de courant et permet de faire un nettoyage efficace avec un cycle de nettoyage r\u00e9gulier. Certains mod\u00e8les de ces robots sont autonomes et facilitent encore plus l\u2019entretien de la piscine.\u00a0<\/span><\/p>\n<h3><span style=\"font-weight: 400;\">Choisir son robot \u00e9lectrique en fonction des brosses<\/span><\/h3>\n<p><span style=\"font-weight: 400;\">En ce qui concerne les brosses, il en existe de plusieurs types. Chaque brosse est adapt\u00e9e \u00e0 un type de surface pr\u00e9cis. Les brosses en mousse cylindrique nettoient en finesse la plupart des rev\u00eatements, notamment le b\u00e9ton plein, le carrelage, la coque polyester, etc.\u00a0\u00a0<\/span><\/p>\n<p><span style=\"font-weight: 400;\">Les brosses \u00e0 lamelles PVC cylindriques ou pl\u00e2tres sont destin\u00e9es aux m\u00eames types de rev\u00eatements. Les brosses \u00e0 picots quant \u00e0 eux sont plus mordantes. Elles nettoient correctement le liner et le b\u00e9ton.\u00a0<\/span><\/p>\n<h2><span style=\"font-weight: 400;\">Choisir son robot de piscine en fonction des options et des accessoires<\/span><\/h2>\n<p><span style=\"font-weight: 400;\">Vous pouvez \u00e9galement vous fonder sur les accessoires de l\u2019aspirateur pour choisir le robot. Optez pour des accessoires en mati\u00e8res solides et r\u00e9sistantes. L\u2019observation de tous ces crit\u00e8res conf\u00e8rera \u00e0 votre robot aspirateur une long\u00e9vit\u00e9 qui vous sera b\u00e9n\u00e9fique. Mais ne perdez pas de vue les caract\u00e9ristiques de votre piscine ainsi que le type de nettoyage que vous aurez \u00e0 r\u00e9aliser. <\/span><\/p>\n<\/div><\/div><div class=\"w-separator size_medium\"><\/div><div class=\"w-btn-wrapper width_auto align_center\"><a class=\"w-btn us-btn-style_2\" title=\"Demander un devis\" href=\"https:\/\/devis.eldo.com\/piscine-new\/france?utm_source=gmb&amp;utm_medium=SEO&amp;utm_campaign=piscine-accessoire-robot\"><span class=\"w-btn-label\">Demander un devis<\/span><\/a><\/div><\/div><\/div><\/div><\/div><\/div><\/section><section class=\"l-section wpb_row height_medium\"><div class=\"l-section-h i-cf\"><div class=\"g-cols vc_row type_default valign_top\"><div class=\"vc_col-sm-12 wpb_column vc_column_container\"><div class=\"vc_column-inner\"><div class=\"wpb_wrapper\"><div class=\"w-grid type_grid layout_portfolio_3 cols_2 valign_center ratio_1x1\" id=\"us_grid_1\"><style id=\"us_grid_1_css\">#us_grid_1 .w-grid-item{padding:1.5rem}#us_grid_1 .w-grid-list{margin:-1.5rem}.w-grid + #us_grid_1 .w-grid-list{margin-top:1.5rem}@media (max-width:599px){#us_grid_1 .w-grid-list{margin:0}#us_grid_1 .w-grid-item{width:100.0000%;padding:0;margin-bottom:1.5rem}}<\/style><style>.layout_portfolio_3 .w-grid-item-h:before{padding-bottom:100.0000%}@media (min-width:600px){.layout_portfolio_3 .w-grid-item.size_1x2 .w-grid-item-h:before{padding-bottom:calc(200.0000% + 1.5rem + 1.5rem)}.layout_portfolio_3 .w-grid-item.size_2x1 .w-grid-item-h:before{padding-bottom:calc(50.0000% - 1.5rem * 1.0000)}.layout_portfolio_3 .w-grid-item.size_2x2 .w-grid-item-h:before{padding-bottom:calc(100.0000% - 1.5rem * 0)}}.layout_portfolio_3 .w-grid-item-h{}.layout_portfolio_3 .usg_post_image_1{transition-duration:0.4s;transform-origin:50% 50%;transform:scale(1) translate(0,0);opacity:0.25}.layout_portfolio_3 .w-grid-item-h:hover .usg_post_image_1{transform:scale(1) translate(0,0);opacity:1}.layout_portfolio_3 .usg_post_title_1{transition-duration:0.3s;transform-origin:50% 50%;transform:scale(1) translate(0,0)}.layout_portfolio_3 .w-grid-item-h:hover .usg_post_title_1{transform:scale(1) translate(0,-100%);opacity:0}.layout_portfolio_3 .usg_post_taxonomy_1{transition-duration:0.3s;transform-origin:50% 50%;transform:scale(1) translate(0,0)}.layout_portfolio_3 .w-grid-item-h:hover .usg_post_taxonomy_1{transform:scale(1) translate(0,100%);opacity:0}.layout_portfolio_3 .usg_post_image_1{position:absolute!important;top:0!important;right:0!important;bottom:0!important;left:0!important}.layout_portfolio_3 .usg_vwrapper_1{position:absolute!important;top:0!important;right:0!important;bottom:0!important;left:0!important;padding:2rem!important}.layout_portfolio_3 .usg_post_title_1{color:inherit!important;font-size:1.4rem!important}<\/style><div class=\"w-grid-list\" >\t<article class=\"w-grid-item size_1x1 post-7965 page type-page status-publish has-post-thumbnail hentry\" data-id=\"7965\">\r\n\t\t<div class=\"w-grid-item-h\">\r\n\t\t\t\t\t\t\t<a class=\"w-grid-item-anchor\" href=\"https:\/\/www.eldo.com\/guide\/piscine\/entretien\/accessoires\/robot\/aspirateur\" rel=\"bookmark\" aria-label=\"Entretien aspirateur\"><\/a>\r\n\t\t\t\t\t\t<div class=\"w-post-elm post_image usg_post_image_1 stretched\"><img width=\"498\" height=\"333\" src=\"https:\/\/www.eldo.com\/guide\/wp-content\/uploads\/2022\/03\/quel_aspirateur_pour_votre_piscine_-696-498-0.jpg\" class=\"attachment-large size-large wp-post-image\" alt=\"\" srcset=\"https:\/\/www.eldo.com\/guide\/wp-content\/uploads\/2022\/03\/quel_aspirateur_pour_votre_piscine_-696-498-0.jpg 498w, https:\/\/www.eldo.com\/guide\/wp-content\/uploads\/2022\/03\/quel_aspirateur_pour_votre_piscine_-696-498-0-300x201.jpg 300w\" sizes=\"(max-width: 498px) 100vw, 498px\" \/><\/div><div class=\"w-vwrapper usg_vwrapper_1 align_center valign_middle\"><h2 class=\"w-post-elm post_title usg_post_title_1 entry-title color_link_inherit has_text_color\">Entretien aspirateur<\/h2><\/div>\t\t<\/div>\r\n\t<\/article>\r\n<\/div><div class=\"w-grid-preloader\"><div class=\"g-preloader type_1\">\r\n\t<div><\/div>\r\n<\/div>\r\n<\/div>\t<div class=\"w-grid-json hidden\" onclick='return {&quot;action&quot;:&quot;us_ajax_grid&quot;,&quot;ajax_url&quot;:&quot;https:\\\/\\\/www.eldo.com\\\/guide\\\/wp-admin\\\/admin-ajax.php&quot;,&quot;infinite_scroll&quot;:0,&quot;max_num_pages&quot;:1,&quot;pagination&quot;:&quot;none&quot;,&quot;permalink_url&quot;:&quot;https:\\\/\\\/www.eldo.com\\\/guide\\\/wp-json\\\/wp\\\/v2\\\/pages\\\/7952&quot;,&quot;template_vars&quot;:{&quot;columns&quot;:&quot;2&quot;,&quot;exclude_items&quot;:&quot;none&quot;,&quot;img_size&quot;:&quot;default&quot;,&quot;ignore_items_size&quot;:false,&quot;items_layout&quot;:&quot;portfolio_3&quot;,&quot;items_offset&quot;:&quot;1&quot;,&quot;load_animation&quot;:&quot;none&quot;,&quot;overriding_link&quot;:&quot;post&quot;,&quot;post_id&quot;:7952,&quot;query_args&quot;:{&quot;ignore_sticky_posts&quot;:1,&quot;post_type&quot;:&quot;any&quot;,&quot;post__in&quot;:[&quot;7965&quot;],&quot;posts_per_page&quot;:&quot;10&quot;},&quot;orderby_query_args&quot;:{&quot;orderby&quot;:{&quot;date&quot;:&quot;DESC&quot;}},&quot;type&quot;:&quot;grid&quot;,&quot;us_grid_ajax_index&quot;:1,&quot;us_grid_filter_params&quot;:null,&quot;us_grid_index&quot;:1,&quot;_us_grid_post_type&quot;:&quot;ids&quot;}}'><\/div>\r\n\t<\/div><\/div><\/div><\/div><\/div><\/div><\/section><section class=\"l-section wpb_row us_custom_e91755c2 height_auto width_full with_overlay\"><div class=\"l-section-overlay\" style=\"background: #ebebeb\"><\/div><div class=\"l-section-h i-cf\"><div class=\"g-cols vc_row type_boxes valign_middle\"><div class=\"vc_col-sm-12 wpb_column vc_column_container has-fill\"><div class=\"vc_column-inner us_custom_83b80bb9\"><div class=\"wpb_wrapper\"><p class=\"w-itext us_custom_6df4bc3a type_typingChars align_center\" onclick='return {&quot;duration&quot;:300,&quot;delay&quot;:2000,&quot;disablePartAnimation&quot;:false,&quot;dynamicColor&quot;:&quot;#ffffff&quot;,&quot;html_nbsp_char&quot;:true}'>Je\u00a0cherche\u00a0un\u00a0pro\u00a0\u00e0\u00a0<span class=\"w-itext-part changesat_0 changesat_1 changesat_2 changesat_3 changesat_4 dynamic\" style=\"color:#ffffff\" onclick='return [&quot;Bordeaux&quot;,&quot;Toulouse&quot;,&quot;Paris&quot;,&quot;Nantes&quot;,&quot;Marseille&quot;]'><span>Bordeaux<\/span><i class=\"w-itext-cursor\"><\/i><\/span><\/p><div class=\"w-separator size_small\"><\/div><div class=\"w-btn-wrapper width_auto align_center\"><a class=\"w-btn us-btn-style_2\" title=\"Demander un devis\" href=\"https:\/\/devis.eldo.com\/piscine-new\/france?utm_source=gmb&amp;utm_medium=SEO&amp;utm_campaign=piscine-accessoire-robot\"><span class=\"w-btn-label\">Trouver un pro de confiance<\/span><\/a><\/div><\/div><\/div><\/div><\/div><\/div><\/section>\n","protected":false},"excerpt":{"rendered":"Quel aspirateur de piscine choisir\u2009? Guides travauxPages Par temps de grande chaleur ou pour vous distraire, vous utilisez l\u2019eau de la piscine pour vous baigner. Ceci \u00e9tant, vous avez donc l\u2019obligation de faire l\u2019entretien r\u00e9gulier de votre piscine. Cet entretien se fait fr\u00e9quemment avec un aspirateur. Ce dernier varie d\u2019une piscine \u00e0 l\u2019autre. Par cons\u00e9quent,...","protected":false},"author":5,"featured_media":7963,"parent":7943,"menu_order":0,"comment_status":"closed","ping_status":"closed","template":"","meta":[],"page_tags":[],"_links":{"self":[{"href":"https:\/\/www.eldo.com\/guide\/wp-json\/wp\/v2\/pages\/7952"}],"collection":[{"href":"https:\/\/www.eldo.com\/guide\/wp-json\/wp\/v2\/pages"}],"about":[{"href":"https:\/\/www.eldo.com\/guide\/wp-json\/wp\/v2\/types\/page"}],"author":[{"embeddable":true,"href":"https:\/\/www.eldo.com\/guide\/wp-json\/wp\/v2\/users\/5"}],"replies":[{"embeddable":true,"href":"https:\/\/www.eldo.com\/guide\/wp-json\/wp\/v2\/comments?post=7952"}],"version-history":[{"count":11,"href":"https:\/\/www.eldo.com\/guide\/wp-json\/wp\/v2\/pages\/7952\/revisions"}],"predecessor-version":[{"id":10442,"href":"https:\/\/www.eldo.com\/guide\/wp-json\/wp\/v2\/pages\/7952\/revisions\/10442"}],"up":[{"embeddable":true,"href":"https:\/\/www.eldo.com\/guide\/wp-json\/wp\/v2\/pages\/7943"}],"wp:featuredmedia":[{"embeddable":true,"href":"https:\/\/www.eldo.com\/guide\/wp-json\/wp\/v2\/media\/7963"}],"wp:attachment":[{"href":"https:\/\/www.eldo.com\/guide\/wp-json\/wp\/v2\/media?parent=7952"}],"wp:term":[{"taxonomy":"page_tags","embeddable":true,"href":"https:\/\/www.eldo.com\/guide\/wp-json\/wp\/v2\/page_tags?post=7952"}],"curies":[{"name":"wp","href":"https:\/\/api.w.org\/{rel}","templated":true}]}}