{"id":7857,"date":"2022-03-22T11:19:49","date_gmt":"2022-03-22T11:19:49","guid":{"rendered":"https:\/\/www.eldo.com\/guide\/?page_id=7857"},"modified":"2023-11-30T16:17:52","modified_gmt":"2023-11-30T16:17:52","slug":"piscine-chauffee","status":"publish","type":"page","link":"https:\/\/www.eldo.com\/guide\/piscine\/profiter\/chauffage","title":{"rendered":"Piscine chauff\u00e9e"},"content":{"rendered":"<section class=\"l-section wpb_row us_custom_e4eb24e1 height_auto width_full with_overlay\"><div class=\"l-section-overlay\" style=\"background: #ffffff\"><\/div><div class=\"l-section-h i-cf\"><div class=\"g-cols vc_row type_boxes valign_middle gap-10px\"><style>.g-cols.gap-10px{margin:0 -10px}.gap-10px > .vc_column_container {padding:10px}<\/style><div class=\"vc_col-sm-12 wpb_column vc_column_container has-fill has_text_color\"><div class=\"vc_column-inner us_custom_bd55ae9e\"><div class=\"wpb_wrapper\"><div class=\"wpb_text_column us_custom_cef92e06 has_text_color\" ><div class=\"wpb_wrapper\"><h1 style=\"text-align: center;\">Faire le choix d\u2019une piscine chauff\u00e9e<\/h1>\n<\/div><\/div><div class=\"w-separator size_medium\"><\/div><ol class=\"g-breadcrumbs us_custom_cef92e06 separator_icon align_left has_text_color\"><li class=\"g-breadcrumbs-item\"><a href=\"https:\/\/www.eldo.com\/guide\/\">Guides travaux<\/a><meta content=\"1\"\/><\/li><li class=\"g-breadcrumbs-separator\"><i class=\"far fa-angle-right\"><\/i><\/li><li class=\"g-breadcrumbs-item\">Pages<\/li><\/ol><\/div><\/div><\/div><div class=\"vc_col-sm-12 wpb_column vc_column_container\"><div class=\"vc_column-inner\"><div class=\"wpb_wrapper\"><div class=\"wpb_text_column us_custom_ae99f6aa has_text_color\" ><div class=\"wpb_wrapper\">\n<\/div><\/div><div class=\"wpb_text_column us_custom_ae99f6aa has_text_color\" ><div class=\"wpb_wrapper\"><p><span style=\"font-weight: 400;\">Une piscine est toujours source de plaisir et de d\u00e9tente. Cependant, selon la r\u00e9gion, une baignade toute l\u2019ann\u00e9e n\u2019est\u00a0pas donn\u00e9e, d\u2019o\u00f9 la n\u00e9cessit\u00e9 d\u2019une piscine chauff\u00e9e. Elle permet de profiter de la piscine sur une longue p\u00e9riode de l\u2019ann\u00e9e, m\u00eame si le co\u00fbt d\u2019achat et de fonctionnement est tr\u00e8s \u00e9lev\u00e9.<\/span><\/p>\n<\/div><\/div><div class=\"w-separator size_medium\"><\/div><div class=\"w-image align_center\"><div class=\"w-image-h\"><img width=\"512\" height=\"342\" src=\"https:\/\/www.eldo.com\/guide\/wp-content\/uploads\/2022\/03\/quelle-quantite-de-sel-dans-une-piscine-23869-643-0.jpg\" class=\"attachment-large size-large\" alt=\"\" srcset=\"https:\/\/www.eldo.com\/guide\/wp-content\/uploads\/2022\/03\/quelle-quantite-de-sel-dans-une-piscine-23869-643-0.jpg 512w, https:\/\/www.eldo.com\/guide\/wp-content\/uploads\/2022\/03\/quelle-quantite-de-sel-dans-une-piscine-23869-643-0-300x200.jpg 300w, https:\/\/www.eldo.com\/guide\/wp-content\/uploads\/2022\/03\/quelle-quantite-de-sel-dans-une-piscine-23869-643-0-600x400.jpg 600w\" sizes=\"(max-width: 512px) 100vw, 512px\" \/><\/div><\/div><\/div><\/div><\/div><\/div><\/div><\/section><section class=\"l-section wpb_row height_auto width_full with_overlay\"><div class=\"l-section-overlay\" style=\"background: #ffffff\"><\/div><div class=\"l-section-h i-cf\"><div class=\"g-cols vc_row type_boxes valign_middle gap-10px\"><style>.g-cols.gap-10px{margin:0 -10px}.gap-10px > .vc_column_container {padding:10px}<\/style><div class=\"vc_col-sm-12 wpb_column vc_column_container has-fill\"><div class=\"vc_column-inner us_custom_4fb9e5a3\"><div class=\"wpb_wrapper\"><div class=\"wpb_text_column\" ><div class=\"wpb_wrapper\"><h2>Les avantages d\u2019une piscine chauff\u00e9e<\/h2>\n<p><span style=\"font-weight: 400;\">Malgr\u00e9 ce que peut vous co\u00fbter le chauffage de la piscine, les avantages d\u2019une piscine chauff\u00e9e ne sont pas n\u00e9gligeables.<\/span><\/p>\n<ul>\n<li style=\"font-weight: 400;\" aria-level=\"1\"><span style=\"font-weight: 400;\">Une p\u00e9riode un peu plus longue d\u2019utilisation\u00a0: selon la r\u00e9gion o\u00f9 se trouve votre bassin, vous pouvez en profiter plusieurs mois dans l\u2019ann\u00e9e gr\u00e2ce au chauffage de piscine\u00a0;<\/span><\/li>\n<li style=\"font-weight: 400;\" aria-level=\"1\"><span style=\"font-weight: 400;\">Un meilleur confort : avec une eau chauff\u00e9e \u00e0 25\u00a0\u00b0C, le plaisir de nager ne peut \u00eatre qu\u2019au rendez-vous,\u00a0surtout pour les enfants qui prennent vite froid\u00a0;<\/span><\/li>\n<li style=\"font-weight: 400;\" aria-level=\"1\"><span style=\"font-weight: 400;\">Des baignades sans horaires : gr\u00e2ce au chauffage de piscine, vous pouvez vous jeter \u00e0 l\u2019eau \u00e0 n\u2019importe quel moment de la journ\u00e9e.<\/span><\/li>\n<\/ul>\n<h2>Les crit\u00e8res de prix d\u2019un chauffage de piscine<\/h2>\n<p><span style=\"font-weight: 400;\">Le prix d\u2019un chauffage de piscine d\u00e9pend de plusieurs facteurs. Il s\u2019agit des dimensions de la piscine (la taille), de l\u2019emplacement de la piscine, de la m\u00e9t\u00e9o de votre r\u00e9gion et des tarifs de gaz et d\u2019\u00e9lectricit\u00e9.<\/span><\/p>\n<h3>La taille de la piscine<\/h3>\n<p><span style=\"font-weight: 400;\">Compar\u00e9e aux grandes piscines, une petite piscine est plus \u00e9conomique. En effet, il se chauffe plus vite, et n\u00e9cessit\u00e9 par cons\u00e9quent moins de chauffage.<\/span><\/p>\n<h3>L\u2019emplacement de la piscine<\/h3>\n<p><span style=\"font-weight: 400;\">Par rapport \u00e0 l\u2019emplacement du bassin dans votre lieu d\u2019habitation, les mat\u00e9riaux de chauffage peuvent \u00eatre difficiles ou faciles \u00e0 utiliser. Aussi, le chauffage peut varier selon le type de piscine que vous avez (piscine enterr\u00e9e, piscine hors-sol, piscine semi enterr\u00e9e&#8230;).<\/span><\/p>\n<h3>Les tarifs de gaz et d\u2019\u00e9lectricit\u00e9<\/h3>\n<p><span style=\"font-weight: 400;\">Les tarifs varient selon les moyens de chauffage de piscine utilis\u00e9s. Ils d\u00e9pendent aussi de votre lieu d\u2019habitation et de votre fournisseur d\u2019\u00e9nergie. En fonction de tout cela, vous pourrez payer plus cher ou pas votre facture de gaz et d\u2019\u00e9lectricit\u00e9.<\/span><\/p>\n<h3>La m\u00e9t\u00e9o de votre r\u00e9gion<\/h3>\n<p><span style=\"font-weight: 400;\">Le besoin de chauffage n\u2019est pas le m\u00eame dans une r\u00e9gion ensoleill\u00e9e\u00a0que dans les r\u00e9gions du Nord. En effet, pour profiter de la piscine dans les r\u00e9gions du Nord, le chauffage du bassin doit \u00eatre plus fort qu\u2019en r\u00e9gion chaude.<\/span><\/p>\n<\/div><\/div><div class=\"w-separator size_medium\"><\/div><div class=\"w-btn-wrapper width_auto align_center\"><a class=\"w-btn us-btn-style_2\" title=\"Demander un devis\" href=\"https:\/\/devis.eldo.com\/piscine-new\/france?utm_source=gmb&amp;utm_medium=SEO&amp;utm_campaign=piscine-profiter-chauffage\"><span class=\"w-btn-label\">Demander un devis<\/span><\/a><\/div><div class=\"w-separator size_medium\"><\/div><div class=\"w-image align_center\"><div class=\"w-image-h\"><img width=\"512\" height=\"256\" src=\"https:\/\/www.eldo.com\/guide\/wp-content\/uploads\/2022\/03\/istockphoto-183811491-612x612-1.jpg\" class=\"attachment-large size-large\" alt=\"\" srcset=\"https:\/\/www.eldo.com\/guide\/wp-content\/uploads\/2022\/03\/istockphoto-183811491-612x612-1.jpg 512w, https:\/\/www.eldo.com\/guide\/wp-content\/uploads\/2022\/03\/istockphoto-183811491-612x612-1-300x150.jpg 300w, https:\/\/www.eldo.com\/guide\/wp-content\/uploads\/2022\/03\/istockphoto-183811491-612x612-1-600x300.jpg 600w\" sizes=\"(max-width: 512px) 100vw, 512px\" \/><\/div><\/div><div class=\"w-separator size_medium\"><\/div><div class=\"wpb_text_column\" ><div class=\"wpb_wrapper\"><h2>Les diff\u00e9rentes m\u00e9thodes de chauffage pour une piscine<\/h2>\n<p><span style=\"font-weight: 400;\">Il y a plusieurs moyens possibles pour chauffer vos bassins. Cependant, pour faire le plus d\u2019\u00e9conomie sur la m\u00e9thode choisie, il faut tenir compte de plusieurs facteurs comme le co\u00fbt d\u2019achat et le fonctionnement du mat\u00e9riel de chauffage. Vous pouvez toujours chauffer votre bassin avec le chauffage domestique en raccordant simplement la chaudi\u00e8re au chauffage de la piscine.<\/span><\/p>\n<h3>1. Pompe \u00e0 chaleur<\/h3>\n<p><span style=\"font-weight: 400;\">Encore appel\u00e9e <a href=\"https:\/\/www.eldo.com\/guide\/piscine\/profiter\/chauffage\/pac\">PAC<\/a>, la pompe \u00e0 chaleur utilise comme source d\u2019\u00e9nergie les calories que contient l\u2019air pour chauffer l\u2019eau. Elle est co\u00fbteuse \u00e0 l\u2019installation, mais \u00e9conomique \u00e0 l\u2019utilisation. La pompe \u00e0 chaleur a l\u2019avantage d\u2019\u00eatre \u00e9conomique \u00e0 long terme sur les frais d\u2019\u00e9lectricit\u00e9. De plus, son efficacit\u00e9 est prouv\u00e9e aussi bien sur les petits bassins que sur de grands bassins. Cependant, son prix est\u00a0\u00e9lev\u00e9 \u00e0 l\u2019achat comme \u00e0 l\u2019installation. Il engage \u00e9galement de gros travaux d\u2019installation et tarde \u00e0 d\u00e9marrer.<\/span><\/p>\n<h3>2. Panneaux solaires<\/h3>\n<p><span style=\"font-weight: 400;\">Les panneaux solaires sont co\u00fbteux \u00e0 l\u2019installation, mais leur utilisation est quasiment gratuite. En effet, ils utilisent l\u2019\u00e9nergie solaire pour r\u00e9chauffer l\u2019eau de la piscine. Ils ont pour avantage de ne pas consommer d\u2019\u00e9nergie, d\u2019avoir une durabilit\u00e9 consid\u00e9rable et d\u2019\u00eatre efficaces dans les milieux ensoleill\u00e9s.<\/span> <span style=\"font-weight: 400;\">Comme inconv\u00e9nients, vous avez un prix \u00e9lev\u00e9 \u00e0 l\u2019achat comme \u00e0 l\u2019installation. En plus, ils sont en arr\u00eat de fonctionnement en absence de soleil.<\/span><\/p>\n<h3>3. R\u00e9chauffeur \u00e9lectrique<\/h3>\n<p><span style=\"font-weight: 400;\">Gr\u00e2ce \u00e0 une r\u00e9sistance positionn\u00e9e \u00e0 c\u00f4t\u00e9 du filtre, le raccordement \u00e0\u00a0l\u2019\u00e9lectricit\u00e9 du r\u00e9chauffeur \u00e9lectrique lui permet de chauffer l\u2019eau de la piscine. Il co\u00fbte moins cher \u00e0\u00a0l\u2019achat, mais consomme beaucoup d\u2019\u00e9nergie pour son fonctionnement.<\/span> <span style=\"font-weight: 400;\">Il a pour avantage d\u2019\u00eatre peu co\u00fbteux \u00e0 l\u2019achat et rapide \u00e0 la marche. N\u00e9anmoins, il ne manque pas d\u2019inconv\u00e9nients. Il n\u2019est efficace que sur les petites surfaces, et son fonctionnement est tr\u00e8s co\u00fbteux.<\/span><\/p>\n<h3>4. Chauffage domestique ou \u00e9changeur de chaleur<\/h3>\n<p><span style=\"font-weight: 400;\">Ce moyen vous permet d\u2019utiliser votre chaudi\u00e8re domestique pour chauffer la piscine en y raccordant le chauffage de cette derni\u00e8re. Pour plus d\u2019efficacit\u00e9, la piscine doit \u00eatre proche de la maison. Il a pour avantage d\u2019\u00eatre \u00e9conomique, rapide et facile \u00e0 installer. Par contre, il ne peut s\u2019adapter qu\u2019aux chaudi\u00e8res \u00e0 gaz et au fioul qui sont \u00e9conomiques et r\u00e9centes.<\/span><\/p>\n<\/div><\/div><div class=\"w-separator size_medium\"><\/div><div class=\"w-btn-wrapper width_auto align_center\"><a class=\"w-btn us-btn-style_2\" title=\"Demander un devis\" href=\"https:\/\/devis.eldo.com\/piscine-new\/france?utm_source=gmb&amp;utm_medium=SEO&amp;utm_campaign=piscine-profiter-chauffage\"><span class=\"w-btn-label\">Demander conseil<\/span><\/a><\/div><div class=\"w-separator size_medium\"><\/div><div class=\"w-image align_center\"><div class=\"w-image-h\"><img width=\"560\" height=\"400\" src=\"https:\/\/www.eldo.com\/guide\/wp-content\/uploads\/2022\/03\/o2pool_recyclable-piscine-bois-exterieur-560x400.webp\" class=\"attachment-us_600_400 size-us_600_400\" alt=\"\" srcset=\"https:\/\/www.eldo.com\/guide\/wp-content\/uploads\/2022\/03\/o2pool_recyclable-piscine-bois-exterieur-560x400.webp 560w, https:\/\/www.eldo.com\/guide\/wp-content\/uploads\/2022\/03\/o2pool_recyclable-piscine-bois-exterieur-300x214.webp 300w, https:\/\/www.eldo.com\/guide\/wp-content\/uploads\/2022\/03\/o2pool_recyclable-piscine-bois-exterieur-800x571.webp 800w, https:\/\/www.eldo.com\/guide\/wp-content\/uploads\/2022\/03\/o2pool_recyclable-piscine-bois-exterieur.webp 1000w\" sizes=\"(max-width: 560px) 100vw, 560px\" \/><\/div><\/div><div class=\"w-separator size_medium\"><\/div><div \" class=\"faq_question_container\"><h2 class=\"faq_question_title\">Comment \u00e9conomiser sur sa piscine chauff\u00e9e ?<\/h2><div class=\"faq_question_content\"><p><span style=\"font-weight: 400;\">M\u00eame si une piscine chauff\u00e9e est g\u00e9n\u00e9ralement \u00e0 fort budget, il est possible de faire des \u00e9conomies aussi bien pour son achat que pour son fonctionnement. Il vous suffit de suivre quelques astuces.<\/span><\/p>\n<h3>Installer la m\u00e9thode de chauffage et la piscine au m\u00eame moment<\/h3>\n<p><span style=\"font-weight: 400;\">En faisant le choix de faire installer une piscine avec ses \u00e9quipements de chauffage par le m\u00eame pisciniste, vous pourrez avoir des r\u00e9ductions de prix. En effet, le constructeur de piscines peut vous faire des \u00e9conomies sur votre budget global.<\/span><\/p>\n<h3>Faire r\u00e9aliser un bilan thermique de sa piscine<\/h3>\n<p><span style=\"font-weight: 400;\">Faire r\u00e9aliser un bilan thermique de votre piscine par les professionnels vous permet d\u2019avoir la solution de chauffage la mieux adapt\u00e9e et \u00e9conomique. Ce bilan est g\u00e9n\u00e9ralement bas\u00e9 sur le volume d\u2019eau de la piscine, la p\u00e9riode d\u2019utilisation, l\u2019emplacement g\u00e9ographique du bassin.<\/span><\/p>\n<h3>Comparaison de plusieurs devis<\/h3>\n<p><span style=\"font-weight: 400;\">Pour vous assurer le bon prix pour le chauffage de votre piscine, il est important de comparer diff\u00e9rents devis. Contactez plusieurs sp\u00e9cialistes de la piscine pour avoir diff\u00e9rents devis personnalis\u00e9s et adapt\u00e9s pour votre bassin.<\/span><\/p>\n<h3>Prot\u00e9ger la surface de votre piscine en utilisant une couverture de piscine<\/h3>\n<p><span style=\"font-weight: 400;\">Une b\u00e2che de piscine \u00e0 bulles ou un abri de piscine permet de conserver la chaleur accumul\u00e9e du bassin de nage durant la nuit. Ainsi, le chauffage consomme moins d\u2019\u00e9nergie et fonctionne moins. De plus, un abri de piscine de moins de 1,80 m de haut ne n\u00e9cessite pas de d\u00e9marches\u00a0administratives comme la d\u00e9claration pr\u00e9alable de travaux. Elle ne requiert pas non plus de taxe fonci\u00e8re.<\/span><\/p>\n<p><span style=\"font-weight: 400;\">\u00c0 part la d\u00e9claration de d\u00e9claration de travaux, vous n\u2019aurez pas besoin d\u2019une demande de permis de construire. N\u00e9anmoins, il est important de consulter le Plan Local d\u2019Urbanisme de votre commune pour ne pas avoir de soucis administratifs.<\/span><\/p>\n<h3>Faire de la m\u00e9t\u00e9o une alli\u00e9e<\/h3>\n<p><span style=\"font-weight: 400;\">M\u00eame sans panneau solaire vous pouvez profiter de la m\u00e9t\u00e9o pour garder l\u2019eau de votre bassin \u00e0 la bonne temp\u00e9rature. Il vous suffit de laisser les rayons du soleil chauffer l\u2019eau lors des beaux jours. Une fois la nuit tomb\u00e9e, b\u00e2chez la piscine afin d\u2019y garder un maximum de chaleur.<\/span><\/p>\n<\/div><\/div><div class=\"w-separator size_medium\"><\/div><div \" class=\"faq_question_container\"><h2 class=\"faq_question_title\">La solution pour avoir une piscine chauff\u00e9e au meilleur prix ?<\/h2><div class=\"faq_question_content\"><p><span style=\"font-weight: 400;\">Le moyen le plus efficace pour avoir le prix le plus avantageux pour votre piscine chauff\u00e9e c\u2019est l\u2019avis des professionnels. Demandez donc un devis gratuit \u00e0 plusieurs professionnels selon la taille, l\u2019emplacement et l\u2019installation de votre piscine. Cela vous permet d\u2019avoir une id\u00e9e pr\u00e9cise des co\u00fbts et de faire le choix de chauffage ad\u00e9quat pour votre piscine.<\/span><\/p>\n<\/div><\/div><div class=\"w-separator size_small\"><\/div><div class=\"w-btn-wrapper width_auto align_center\"><a class=\"w-btn us-btn-style_2\" title=\"Demander un devis\" href=\"https:\/\/devis.eldo.com\/piscine-new\/france?utm_source=gmb&amp;utm_medium=SEO&amp;utm_campaign=piscine-profiter-chauffage\"><span class=\"w-btn-label\">Demander un devis gratuit<\/span><\/a><\/div><\/div><\/div><\/div><\/div><\/div><\/section><section class=\"l-section wpb_row height_medium\"><div class=\"l-section-h i-cf\"><div class=\"g-cols vc_row type_default valign_top\"><div class=\"vc_col-sm-12 wpb_column vc_column_container\"><div class=\"vc_column-inner\"><div class=\"wpb_wrapper\"><div class=\"w-grid type_grid layout_portfolio_3 cols_2 valign_center ratio_1x1\" id=\"us_grid_1\"><style id=\"us_grid_1_css\">#us_grid_1 .w-grid-item{padding:1.5rem}#us_grid_1 .w-grid-list{margin:-1.5rem}.w-grid + #us_grid_1 .w-grid-list{margin-top:1.5rem}@media (max-width:599px){#us_grid_1 .w-grid-list{margin:0}#us_grid_1 .w-grid-item{width:100.0000%;padding:0;margin-bottom:1.5rem}}<\/style><style>.layout_portfolio_3 .w-grid-item-h:before{padding-bottom:100.0000%}@media (min-width:600px){.layout_portfolio_3 .w-grid-item.size_1x2 .w-grid-item-h:before{padding-bottom:calc(200.0000% + 1.5rem + 1.5rem)}.layout_portfolio_3 .w-grid-item.size_2x1 .w-grid-item-h:before{padding-bottom:calc(50.0000% - 1.5rem * 1.0000)}.layout_portfolio_3 .w-grid-item.size_2x2 .w-grid-item-h:before{padding-bottom:calc(100.0000% - 1.5rem * 0)}}.layout_portfolio_3 .w-grid-item-h{}.layout_portfolio_3 .usg_post_image_1{transition-duration:0.4s;transform-origin:50% 50%;transform:scale(1) translate(0,0);opacity:0.25}.layout_portfolio_3 .w-grid-item-h:hover .usg_post_image_1{transform:scale(1) translate(0,0);opacity:1}.layout_portfolio_3 .usg_post_title_1{transition-duration:0.3s;transform-origin:50% 50%;transform:scale(1) translate(0,0)}.layout_portfolio_3 .w-grid-item-h:hover .usg_post_title_1{transform:scale(1) translate(0,-100%);opacity:0}.layout_portfolio_3 .usg_post_taxonomy_1{transition-duration:0.3s;transform-origin:50% 50%;transform:scale(1) translate(0,0)}.layout_portfolio_3 .w-grid-item-h:hover .usg_post_taxonomy_1{transform:scale(1) translate(0,100%);opacity:0}.layout_portfolio_3 .usg_post_image_1{position:absolute!important;top:0!important;right:0!important;bottom:0!important;left:0!important}.layout_portfolio_3 .usg_vwrapper_1{position:absolute!important;top:0!important;right:0!important;bottom:0!important;left:0!important;padding:2rem!important}.layout_portfolio_3 .usg_post_title_1{color:inherit!important;font-size:1.4rem!important}<\/style><div class=\"w-grid-list\" >\t<article class=\"w-grid-item size_1x1 post-7865 page type-page status-publish has-post-thumbnail hentry\" data-id=\"7865\">\r\n\t\t<div class=\"w-grid-item-h\">\r\n\t\t\t\t\t\t\t<a class=\"w-grid-item-anchor\" href=\"https:\/\/www.eldo.com\/guide\/piscine\/profiter\/chauffage\/pac\" rel=\"bookmark\" aria-label=\"Piscine chauff\u00e9e PAC\"><\/a>\r\n\t\t\t\t\t\t<div class=\"w-post-elm post_image usg_post_image_1 stretched\"><img width=\"430\" height=\"430\" src=\"https:\/\/www.eldo.com\/guide\/wp-content\/uploads\/2022\/04\/7d9a15102329mandie.webp\" class=\"attachment-large size-large wp-post-image\" alt=\"\" srcset=\"https:\/\/www.eldo.com\/guide\/wp-content\/uploads\/2022\/04\/7d9a15102329mandie.webp 430w, https:\/\/www.eldo.com\/guide\/wp-content\/uploads\/2022\/04\/7d9a15102329mandie-300x300.webp 300w, https:\/\/www.eldo.com\/guide\/wp-content\/uploads\/2022\/04\/7d9a15102329mandie-150x150.webp 150w, https:\/\/www.eldo.com\/guide\/wp-content\/uploads\/2022\/04\/7d9a15102329mandie-400x400.webp 400w\" sizes=\"(max-width: 430px) 100vw, 430px\" \/><\/div><div class=\"w-vwrapper usg_vwrapper_1 align_center valign_middle\"><h2 class=\"w-post-elm post_title usg_post_title_1 entry-title color_link_inherit has_text_color\">Piscine chauff\u00e9e PAC<\/h2><\/div>\t\t<\/div>\r\n\t<\/article>\r\n<\/div><div class=\"w-grid-preloader\"><div class=\"g-preloader type_1\">\r\n\t<div><\/div>\r\n<\/div>\r\n<\/div>\t<div class=\"w-grid-json hidden\" onclick='return {&quot;action&quot;:&quot;us_ajax_grid&quot;,&quot;ajax_url&quot;:&quot;https:\\\/\\\/www.eldo.com\\\/guide\\\/wp-admin\\\/admin-ajax.php&quot;,&quot;infinite_scroll&quot;:0,&quot;max_num_pages&quot;:1,&quot;pagination&quot;:&quot;none&quot;,&quot;permalink_url&quot;:&quot;https:\\\/\\\/www.eldo.com\\\/guide\\\/wp-json\\\/wp\\\/v2\\\/pages\\\/7857&quot;,&quot;template_vars&quot;:{&quot;columns&quot;:&quot;2&quot;,&quot;exclude_items&quot;:&quot;none&quot;,&quot;img_size&quot;:&quot;default&quot;,&quot;ignore_items_size&quot;:false,&quot;items_layout&quot;:&quot;portfolio_3&quot;,&quot;items_offset&quot;:&quot;1&quot;,&quot;load_animation&quot;:&quot;none&quot;,&quot;overriding_link&quot;:&quot;post&quot;,&quot;post_id&quot;:7857,&quot;query_args&quot;:{&quot;ignore_sticky_posts&quot;:1,&quot;post_type&quot;:&quot;any&quot;,&quot;post__in&quot;:[&quot;7865&quot;],&quot;posts_per_page&quot;:&quot;10&quot;},&quot;orderby_query_args&quot;:{&quot;orderby&quot;:{&quot;date&quot;:&quot;DESC&quot;}},&quot;type&quot;:&quot;grid&quot;,&quot;us_grid_ajax_index&quot;:1,&quot;us_grid_filter_params&quot;:null,&quot;us_grid_index&quot;:1,&quot;_us_grid_post_type&quot;:&quot;ids&quot;}}'><\/div>\r\n\t<\/div><\/div><\/div><\/div><\/div><\/div><\/section><section class=\"l-section wpb_row us_custom_e91755c2 height_auto width_full with_overlay\"><div class=\"l-section-overlay\" style=\"background: #ebebeb\"><\/div><div class=\"l-section-h i-cf\"><div class=\"g-cols vc_row type_boxes valign_middle\"><div class=\"vc_col-sm-12 wpb_column vc_column_container has-fill\"><div class=\"vc_column-inner us_custom_83b80bb9\"><div class=\"wpb_wrapper\"><p class=\"w-itext us_custom_6df4bc3a type_typingChars align_center\" onclick='return {&quot;duration&quot;:300,&quot;delay&quot;:2000,&quot;disablePartAnimation&quot;:false,&quot;dynamicColor&quot;:&quot;#ffffff&quot;,&quot;html_nbsp_char&quot;:true}'>Je\u00a0cherche\u00a0un\u00a0pro\u00a0\u00e0\u00a0<span class=\"w-itext-part changesat_0 changesat_1 changesat_2 changesat_3 changesat_4 dynamic\" style=\"color:#ffffff\" onclick='return [&quot;Bordeaux&quot;,&quot;Toulouse&quot;,&quot;Paris&quot;,&quot;Nantes&quot;,&quot;Marseille&quot;]'><span>Bordeaux<\/span><i class=\"w-itext-cursor\"><\/i><\/span><\/p><div class=\"w-btn-wrapper width_auto align_center\"><a class=\"w-btn us-btn-style_2\" title=\"Demander un devis\" href=\"https:\/\/devis.eldo.com\/piscine-new\/france?utm_source=gmb&amp;utm_medium=SEO&amp;utm_campaign=piscine-profiter-chauffage\"><span class=\"w-btn-label\">Trouver un pro de confiance<\/span><\/a><\/div><\/div><\/div><\/div><\/div><\/div><\/section>\n","protected":false},"excerpt":{"rendered":"Comment choisir sa pompe \u00e0 chaleur de piscine ? Guides travauxPages La pompe \u00e0 chaleur est consid\u00e9r\u00e9e comme l\u2019\u00e9quipement le plus efficace pour apporter une temp\u00e9rature ad\u00e9quate dans l\u2019eau de piscine, et ce, quelle que soit la temp\u00e9rature ext\u00e9rieure. Ainsi, elle vous permettra de prolonger la saison de baignade et repousser la p\u00e9riode d\u2019hivernage. Il...","protected":false},"author":5,"featured_media":7957,"parent":7777,"menu_order":0,"comment_status":"closed","ping_status":"closed","template":"","meta":[],"page_tags":[],"_links":{"self":[{"href":"https:\/\/www.eldo.com\/guide\/wp-json\/wp\/v2\/pages\/7857"}],"collection":[{"href":"https:\/\/www.eldo.com\/guide\/wp-json\/wp\/v2\/pages"}],"about":[{"href":"https:\/\/www.eldo.com\/guide\/wp-json\/wp\/v2\/types\/page"}],"author":[{"embeddable":true,"href":"https:\/\/www.eldo.com\/guide\/wp-json\/wp\/v2\/users\/5"}],"replies":[{"embeddable":true,"href":"https:\/\/www.eldo.com\/guide\/wp-json\/wp\/v2\/comments?post=7857"}],"version-history":[{"count":7,"href":"https:\/\/www.eldo.com\/guide\/wp-json\/wp\/v2\/pages\/7857\/revisions"}],"predecessor-version":[{"id":10419,"href":"https:\/\/www.eldo.com\/guide\/wp-json\/wp\/v2\/pages\/7857\/revisions\/10419"}],"up":[{"embeddable":true,"href":"https:\/\/www.eldo.com\/guide\/wp-json\/wp\/v2\/pages\/7777"}],"wp:featuredmedia":[{"embeddable":true,"href":"https:\/\/www.eldo.com\/guide\/wp-json\/wp\/v2\/media\/7957"}],"wp:attachment":[{"href":"https:\/\/www.eldo.com\/guide\/wp-json\/wp\/v2\/media?parent=7857"}],"wp:term":[{"taxonomy":"page_tags","embeddable":true,"href":"https:\/\/www.eldo.com\/guide\/wp-json\/wp\/v2\/page_tags?post=7857"}],"curies":[{"name":"wp","href":"https:\/\/api.w.org\/{rel}","templated":true}]}}