{"id":7667,"date":"2022-03-03T15:56:27","date_gmt":"2022-03-03T15:56:27","guid":{"rendered":"https:\/\/www.eldo.com\/guide\/?page_id=7667"},"modified":"2023-11-14T11:10:32","modified_gmt":"2023-11-14T11:10:32","slug":"piscine-construction-container","status":"publish","type":"page","link":"https:\/\/www.eldo.com\/guide\/piscine\/construction\/type\/container","title":{"rendered":"Piscine construction container"},"content":{"rendered":"<section class=\"l-section wpb_row us_custom_e4eb24e1 height_auto width_full with_overlay\"><div class=\"l-section-overlay\" style=\"background: #ffffff\"><\/div><div class=\"l-section-h i-cf\"><div class=\"g-cols vc_row type_boxes valign_middle gap-10px\"><style>.g-cols.gap-10px{margin:0 -10px}.gap-10px > .vc_column_container {padding:10px}<\/style><div class=\"vc_col-sm-12 wpb_column vc_column_container has-fill has_text_color\"><div class=\"vc_column-inner us_custom_10fee898\"><div class=\"wpb_wrapper\"><div class=\"wpb_text_column us_custom_cef92e06 has_text_color\" ><div class=\"wpb_wrapper\"><h1 style=\"text-align: center;\">Piscine container\u00a0: avantages, inconv\u00e9nients, prix d\u2019installation<\/h1>\n<\/div><\/div><div class=\"w-separator size_medium\"><\/div><ol class=\"g-breadcrumbs us_custom_cef92e06 separator_icon align_left has_text_color\"><li class=\"g-breadcrumbs-item\"><a href=\"https:\/\/www.eldo.com\/guide\/\">Guides travaux<\/a><meta content=\"1\"\/><\/li><li class=\"g-breadcrumbs-separator\"><i class=\"far fa-angle-right\"><\/i><\/li><li class=\"g-breadcrumbs-item\">Pages<\/li><\/ol><\/div><\/div><\/div><div class=\"vc_col-sm-12 wpb_column vc_column_container\"><div class=\"vc_column-inner\"><div class=\"wpb_wrapper\"><div class=\"wpb_text_column us_custom_ae99f6aa has_text_color\" ><div class=\"wpb_wrapper\">\n<\/div><\/div><div class=\"wpb_text_column us_custom_ae99f6aa has_text_color\" ><div class=\"wpb_wrapper\"><p><span style=\"font-weight: 400;\">Pour faire construire une piscine pour agr\u00e9menter son jardin, rien de mieux qu\u2019une piscine container maritime. Elle est une piscine sur mesure avec des contours esth\u00e9tiques. Son installation est facile \u00e0 faire, m\u00eame pour un bricoleur. Cependant, elle n\u2019a pas que des atouts. Quels sont les avantages et inconv\u00e9nients d\u2019une piscine container\u2009?<\/span><\/p>\n<\/div><\/div><div class=\"w-separator size_medium\"><\/div><div class=\"w-image align_center\"><div class=\"w-image-h\"><img width=\"512\" height=\"330\" src=\"https:\/\/www.eldo.com\/guide\/wp-content\/uploads\/2022\/03\/piscine-container-pas-cher.jpg\" class=\"attachment-large size-large\" alt=\"\" srcset=\"https:\/\/www.eldo.com\/guide\/wp-content\/uploads\/2022\/03\/piscine-container-pas-cher.jpg 512w, https:\/\/www.eldo.com\/guide\/wp-content\/uploads\/2022\/03\/piscine-container-pas-cher-300x194.jpg 300w, https:\/\/www.eldo.com\/guide\/wp-content\/uploads\/2022\/03\/piscine-container-pas-cher-600x387.jpg 600w, https:\/\/www.eldo.com\/guide\/wp-content\/uploads\/2022\/03\/piscine-container-pas-cher-800x516.jpg 800w\" sizes=\"(max-width: 512px) 100vw, 512px\" \/><\/div><\/div><\/div><\/div><\/div><\/div><\/div><\/section><section class=\"l-section wpb_row height_auto width_full with_overlay\"><div class=\"l-section-overlay\" style=\"background: #ffffff\"><\/div><div class=\"l-section-h i-cf\"><div class=\"g-cols vc_row type_boxes valign_middle gap-10px\"><style>.g-cols.gap-10px{margin:0 -10px}.gap-10px > .vc_column_container {padding:10px}<\/style><div class=\"vc_col-sm-12 wpb_column vc_column_container has-fill\"><div class=\"vc_column-inner us_custom_4fb9e5a3\"><div class=\"wpb_wrapper\"><div \" class=\"faq_question_container\"><h2 class=\"faq_question_title\">Qu\u2019est-ce qu\u2019une piscine container\u2009?<\/h2><div class=\"faq_question_content\"><p><span style=\"font-weight: 400;\">Originale et fonctionnelle, la piscine container est un bassin cr\u00e9\u00e9 \u00e0 base d\u2019un container de transport maritime. Elle est \u00e0 la fois \u00e9cologique et \u00e9conomique. En plus de disposer des \u00e9l\u00e9ments n\u00e9cessaires pour son\u00a0fonctionnement, elle est aussi simple \u00e0 installer.\u00a0<\/span><\/p>\n<p><span style=\"font-weight: 400;\">Il en existe deux cat\u00e9gories de tailles standards. Elle comprend la coque du bassin et des \u00e9l\u00e9ments de fixation. La piscine container est solide, durable et surtout personnalisable. Elle peut aussi \u00eatre utilis\u00e9e comme piscine int\u00e9rieure.<\/span><\/p>\n<\/div><\/div><div class=\"w-separator size_medium\"><\/div><div \" class=\"faq_question_container\"><h2 class=\"faq_question_title\">Quels sont les avantages de la piscine container\u2009?<\/h2><div class=\"faq_question_content\"><p><span style=\"font-weight: 400;\">La piscine container pr\u00e9sente de nombreux avantages.<\/span> <span style=\"font-weight: 400;\">Elle est \u00e9conomique, car son prix est bien en dessous du prix d\u2019une piscine classique aussi bien \u00e0 l\u2019achat qu\u2019\u00e0 l\u2019installation. Puisqu\u2019elle est g\u00e9n\u00e9ralement en piscine hors sol, elle ne g\u00e9n\u00e8re pas de taxe fonci\u00e8re et son impact fiscal est limit\u00e9. Par cons\u00e9quent, pas d\u2019imp\u00f4ts \u00e0 payer.<\/span><\/p>\n<p><span style=\"font-weight: 400;\">La piscine container est \u00e9cologique, car contrairement \u00e0 la piscine traditionnelle qui n\u00e9cessite beaucoup de mat\u00e9riels, elle est recycl\u00e9e. Ce qui permet la sous-consommation de mat\u00e9riaux. Aussi, l\u2019acier que comporte le container peut \u00eatre r\u00e9cup\u00e9r\u00e9 une fois le bassin us\u00e9.<\/span><\/p>\n<p><span style=\"font-weight: 400;\">Elle est solide puisqu\u2019elle est conditionn\u00e9e pour r\u00e9sister \u00e0 la corrosion et aux conditions maritimes. La durabilit\u00e9 et l\u2019\u00e9tanch\u00e9it\u00e9 de la structure sont assur\u00e9es, car elle se r\u00e9v\u00e8le r\u00e9sistante.<\/span><\/p>\n<p><span style=\"font-weight: 400;\">Elle rapide \u00e0 installer. Une journ\u00e9e suffit pour la mise en place d\u2019une piscine container. Vous n\u2019avez pas besoin de creuser avant d\u2019installer une piscine container. De plus, elle dispose d\u00e9j\u00e0 d\u2019un syst\u00e8me de filtration int\u00e9gr\u00e9e et ne n\u00e9cessite pas de travaux de terrassement. Aussi, vous n\u2019avez pas besoin de coulage de dalle de b\u00e9ton comme pour une piscine en b\u00e9ton ou une piscine creus\u00e9e.<\/span><\/p>\n<p><span style=\"font-weight: 400;\">La piscine container est originale et passe partout gr\u00e2ce \u00e0 son style \u00e9pur\u00e9. Quel que soit le style de votre maison, vous pouvez avoir un jardin et la piscine de vos r\u00eaves avec des rev\u00eatements originaux. Autour de la piscine, vous pouvez avoir un tapis de sol, une terrasse en bois comme pour les piscines enterr\u00e9es. \u00c0 d\u00e9faut, vous pouvez imiter une piscine naturelle avec un sol en bois. Le constructeur de piscine saura vous guider. C\u2019est un excellent bassin de nage pour vos moments de natation et de relaxation.<\/span><\/p>\n<p><span style=\"font-weight: 400;\">Elle est personnalisable. Lorsque le mod\u00e8le propos\u00e9 ne vous convient pas, vous pouvez demander de la modifier. Ainsi, vous aurez une piscine design \u00e0 votre go\u00fbt. Elle peut \u00eatre en <a href=\"https:\/\/www.eldo.com\/guide\/piscine\/construction\/type\/enterre\">piscine enterr\u00e9e<\/a>,\u00a0en <a href=\"https:\/\/www.eldo.com\/guide\/piscine\/construction\/type\/hor-sol\">piscine hors-sol<\/a> ou en <a href=\"https:\/\/www.eldo.com\/guide\/piscine\/construction\/type\/semi-enterre\">piscine semi-enterr\u00e9e<\/a>.\u00a0<\/span><\/p>\n<p><span style=\"font-weight: 400;\">La piscine container ne n\u00e9cessite pas de d\u00e9marche administrative \u00e0 la mairie de votre commune. En effet, pour la construction d\u2019une piscine container, vous n\u2019avez pas besoin de faire de d\u00e9claration pr\u00e9alable de travaux. Vous n\u2019aurez pas besoin non plus de faire la demande d\u2019un permis de construire ni de d\u00e9claration de travaux comme pour la piscine gonflable.<\/span><\/p>\n<\/div><\/div><div class=\"w-separator size_medium\"><\/div><div class=\"w-btn-wrapper width_auto align_center\"><a class=\"w-btn us-btn-style_2\" title=\"Demander un devis\" href=\"https:\/\/devis.eldo.com\/piscine-new\/france?utm_source=gmb&amp;utm_medium=SEO&amp;utm_campaign=piscine-construction-container\"><span class=\"w-btn-label\">Demander un devis<\/span><\/a><\/div><div class=\"w-separator size_medium\"><\/div><div class=\"w-image align_center\"><div class=\"w-image-h\"><img width=\"512\" height=\"367\" src=\"https:\/\/www.eldo.com\/guide\/wp-content\/uploads\/2022\/03\/piscine-container.jpg\" class=\"attachment-large size-large\" alt=\"\" srcset=\"https:\/\/www.eldo.com\/guide\/wp-content\/uploads\/2022\/03\/piscine-container.jpg 512w, https:\/\/www.eldo.com\/guide\/wp-content\/uploads\/2022\/03\/piscine-container-300x215.jpg 300w, https:\/\/www.eldo.com\/guide\/wp-content\/uploads\/2022\/03\/piscine-container-558x400.jpg 558w\" sizes=\"(max-width: 512px) 100vw, 512px\" \/><\/div><\/div><div class=\"w-separator size_medium\"><\/div><div \" class=\"faq_question_container\"><h2 class=\"faq_question_title\">Quels sont les inconv\u00e9nients de la piscine container\u2009?<\/h2><div class=\"faq_question_content\"><p><span style=\"font-weight: 400;\">M\u00eame si elle s\u00e9duit par ses nombreux atouts, la piscine container poss\u00e8de \u00e9galement des inconv\u00e9nients.<\/span><span style=\"font-weight: 400;\">\u00a0<\/span><\/p>\n<h3>Un acc\u00e8s \u00e0 penser<\/h3>\n<p><span style=\"font-weight: 400;\">M\u00eame si l\u2019installer semble facile, il faut que le container arrive d\u2019abord \u00e0\u00a0destination. En effet, la structure est en bloc comme pour la piscine coque. Le camion doit atteindre le jardin pour pouvoir le placer \u00e0 l\u2019emplacement voulu. Dans le cas o\u00f9 le camion ne pourrait pas acc\u00e9der au jardin, elle ne pourra pas \u00eatre install\u00e9e.\u00a0<\/span><\/p>\n<h3>Une forme unique<\/h3>\n<p><span style=\"font-weight: 400;\">Malgr\u00e9 la personnalisation ou l\u2019originalit\u00e9 apport\u00e9e \u00e0 ses finitions, la piscine container n\u2019a pas une forme libre. Elles sont toutes rectangulaires. Contrairement aux piscines traditionnelles qui peuvent \u00eatre une piscine rectangulaire, une piscine ovale ou octogonale\u2026<\/span><\/p>\n<h3>Une isolation plus ch\u00e8re<\/h3>\n<p><span style=\"font-weight: 400;\">Avoir une piscine container peut vous revenir plus cher lorsque vous maintenez hors sol vos bassins. Votre budget de chauffage et de climatisation explose. En effet, le m\u00e9tal offre une isolation plus r\u00e9duite que les piscines classiques. Elle ne conserve ni la chaleur ni la fra\u00eecheur de l\u2019eau.<\/span><\/p>\n<h3>Pas de traitement au sel<span style=\"font-weight: 400;\">\u00a0<\/span><\/h3>\n<p><span style=\"font-weight: 400;\">Par contre, pour l\u2019entretien\u00a0de la piscine, le traitement de l\u2019eau de baignade ne peut se faire avec du sel \u00e0 cause du bassin qui est en m\u00e9tal. Par contre, vous pouvez utiliser des produits d\u2019entretien comme le chlore, le brome et l\u2019oxyg\u00e8ne actif.<\/span><\/p>\n<\/div><\/div><div class=\"w-separator size_medium\"><\/div><div class=\"w-btn-wrapper width_auto align_center\"><a class=\"w-btn us-btn-style_2\" title=\"Demander un devis\" href=\"https:\/\/devis.eldo.com\/piscine-new\/france?utm_source=gmb&amp;utm_medium=SEO&amp;utm_campaign=piscine-construction-container\"><span class=\"w-btn-label\">Expliquer mon projet<\/span><\/a><\/div><div class=\"w-separator size_medium\"><\/div><div class=\"w-image align_center\"><div class=\"w-image-h\"><img width=\"512\" height=\"294\" src=\"https:\/\/www.eldo.com\/guide\/wp-content\/uploads\/2022\/03\/piscine-container-tarif.jpg\" class=\"attachment-large size-large\" alt=\"\" srcset=\"https:\/\/www.eldo.com\/guide\/wp-content\/uploads\/2022\/03\/piscine-container-tarif.jpg 512w, https:\/\/www.eldo.com\/guide\/wp-content\/uploads\/2022\/03\/piscine-container-tarif-300x172.jpg 300w, https:\/\/www.eldo.com\/guide\/wp-content\/uploads\/2022\/03\/piscine-container-tarif-600x344.jpg 600w\" sizes=\"(max-width: 512px) 100vw, 512px\" \/><\/div><\/div><div class=\"w-separator size_medium\"><\/div><div \" class=\"faq_question_container\"><h2 class=\"faq_question_title\">Quel co\u00fbt pr\u00e9voir pour une piscine container\u2009?<\/h2><div class=\"faq_question_content\"><p><span style=\"font-weight: 400;\">Le co\u00fbt d\u2019une piscine container d\u00e9pendra de la formule que vous choisirez. Vous pouvez en avoir en pr\u00eat-\u00e0-plonger ou en autoconstruction.<\/span><\/p>\n<h3>La piscine container pr\u00eat-\u00e0-plonger<\/h3>\n<p><span style=\"font-weight: 400;\">Le prix d\u00e9pend des dimensions de la piscine choisie. Il y a la longueur qui est comprise entre 6 et 12 m\u00e8tres et le type d\u2019installation (hors-sol, semi-enterr\u00e9 ou enterr\u00e9). Il d\u00e9pend \u00e9galement des options choisies et de la taille de la piscine.\u00a0<\/span><\/p>\n<p><span style=\"font-weight: 400;\">En g\u00e9n\u00e9ral, il vous faut entre 7000 et 20\u2009000\u00a0euros de budget pour un bassin container de 6 m\u00e8tres de long. Par contre, pour une longueur de 12 m\u00e8tres, il vous faut entre 20\u2009000\u00a0euros et 35\u2009000\u00a0euros de budget.<\/span><\/p>\n<h3>La piscine container en autoconstruction<\/h3>\n<p><span style=\"font-weight: 400;\">Elle est \u00e0 monter soi-m\u00eame, car elle est livr\u00e9e sous sa forme d\u00e9montable. Le prix est compris entre 1000 et 5 000\u00a0euros. Cependant, il y a des charges suppl\u00e9mentaires comme le budget pour le dispositif de filtration compris entre 150 et 500\u00a0euros.\u00a0<\/span><\/p>\n<p><span style=\"font-weight: 400;\">De plus, il faut 1000 \u00e0 5 000\u00a0euros pour la livraison. \u00c0 cela s\u2019ajoutent aussi les frais des mat\u00e9riaux \u00e0 utiliser et la main-d\u2019\u0153uvre du pisciniste. En cas d\u2019incapacit\u00e9 d\u2019installation de votre part, faites appel au fabricant de piscine.<\/span><\/p>\n<\/div><\/div><\/div><\/div><\/div><\/div><\/div><\/section><section class=\"l-section wpb_row height_medium\"><div class=\"l-section-h i-cf\"><div class=\"g-cols vc_row type_default valign_top\"><div class=\"vc_col-sm-12 wpb_column vc_column_container\"><div class=\"vc_column-inner\"><div class=\"wpb_wrapper\"><div class=\"w-grid type_grid layout_portfolio_3 cols_3 valign_center ratio_1x1\" id=\"us_grid_1\"><style id=\"us_grid_1_css\">#us_grid_1 .w-grid-item{padding:1.5rem}#us_grid_1 .w-grid-list{margin:-1.5rem}.w-grid + #us_grid_1 .w-grid-list{margin-top:1.5rem}@media (max-width:899px){#us_grid_1 .w-grid-item{width:50.0000%}#us_grid_1 .w-grid-item.size_2x1,#us_grid_1 .w-grid-item.size_2x2{width:100.0000%}}@media (max-width:599px){#us_grid_1 .w-grid-list{margin:0}#us_grid_1 .w-grid-item{width:100.0000%;padding:0;margin-bottom:1.5rem}}<\/style><style>.layout_portfolio_3 .w-grid-item-h:before{padding-bottom:100.0000%}@media (min-width:600px){.layout_portfolio_3 .w-grid-item.size_1x2 .w-grid-item-h:before{padding-bottom:calc(200.0000% + 1.5rem + 1.5rem)}.layout_portfolio_3 .w-grid-item.size_2x1 .w-grid-item-h:before{padding-bottom:calc(50.0000% - 1.5rem * 1.0000)}.layout_portfolio_3 .w-grid-item.size_2x2 .w-grid-item-h:before{padding-bottom:calc(100.0000% - 1.5rem * 0)}}.layout_portfolio_3 .w-grid-item-h{}.layout_portfolio_3 .usg_post_image_1{transition-duration:0.4s;transform-origin:50% 50%;transform:scale(1) translate(0,0);opacity:0.25}.layout_portfolio_3 .w-grid-item-h:hover .usg_post_image_1{transform:scale(1) translate(0,0);opacity:1}.layout_portfolio_3 .usg_post_title_1{transition-duration:0.3s;transform-origin:50% 50%;transform:scale(1) translate(0,0)}.layout_portfolio_3 .w-grid-item-h:hover .usg_post_title_1{transform:scale(1) translate(0,-100%);opacity:0}.layout_portfolio_3 .usg_post_taxonomy_1{transition-duration:0.3s;transform-origin:50% 50%;transform:scale(1) translate(0,0)}.layout_portfolio_3 .w-grid-item-h:hover .usg_post_taxonomy_1{transform:scale(1) translate(0,100%);opacity:0}.layout_portfolio_3 .usg_post_image_1{position:absolute!important;top:0!important;right:0!important;bottom:0!important;left:0!important}.layout_portfolio_3 .usg_vwrapper_1{position:absolute!important;top:0!important;right:0!important;bottom:0!important;left:0!important;padding:2rem!important}.layout_portfolio_3 .usg_post_title_1{color:inherit!important;font-size:1.4rem!important}<\/style><div class=\"w-grid-list\" >\t<article class=\"w-grid-item size_1x1 post-7681 page type-page status-publish has-post-thumbnail hentry\" data-id=\"7681\">\r\n\t\t<div class=\"w-grid-item-h\">\r\n\t\t\t\t\t\t\t<a class=\"w-grid-item-anchor\" href=\"https:\/\/www.eldo.com\/guide\/piscine\/construction\/type\/coque-vs-beton\" rel=\"bookmark\" aria-label=\"Piscine b\u00e9ton VS coque\"><\/a>\r\n\t\t\t\t\t\t<div class=\"w-post-elm post_image usg_post_image_1 stretched\"><img width=\"512\" height=\"288\" src=\"https:\/\/www.eldo.com\/guide\/wp-content\/uploads\/2022\/03\/Tanzanite-8-blanche.jpg\" class=\"attachment-large size-large wp-post-image\" alt=\"\" srcset=\"https:\/\/www.eldo.com\/guide\/wp-content\/uploads\/2022\/03\/Tanzanite-8-blanche.jpg 512w, https:\/\/www.eldo.com\/guide\/wp-content\/uploads\/2022\/03\/Tanzanite-8-blanche-300x169.jpg 300w, https:\/\/www.eldo.com\/guide\/wp-content\/uploads\/2022\/03\/Tanzanite-8-blanche-600x338.jpg 600w, https:\/\/www.eldo.com\/guide\/wp-content\/uploads\/2022\/03\/Tanzanite-8-blanche-800x450.jpg 800w\" sizes=\"(max-width: 512px) 100vw, 512px\" \/><\/div><div class=\"w-vwrapper usg_vwrapper_1 align_center valign_middle\"><h2 class=\"w-post-elm post_title usg_post_title_1 entry-title color_link_inherit has_text_color\">Piscine b\u00e9ton VS coque<\/h2><\/div>\t\t<\/div>\r\n\t<\/article>\r\n\t<article class=\"w-grid-item size_1x1 post-7648 page type-page status-publish has-post-thumbnail hentry\" data-id=\"7648\">\r\n\t\t<div class=\"w-grid-item-h\">\r\n\t\t\t\t\t\t\t<a class=\"w-grid-item-anchor\" href=\"https:\/\/www.eldo.com\/guide\/piscine\/construction\/type\/mirroir\" rel=\"bookmark\" aria-label=\"Piscine construction miroir\"><\/a>\r\n\t\t\t\t\t\t<div class=\"w-post-elm post_image usg_post_image_1 stretched\"><img width=\"426\" height=\"238\" src=\"https:\/\/www.eldo.com\/guide\/wp-content\/uploads\/2022\/03\/Capture-decran-2022-03-03-163337.png\" class=\"attachment-large size-large wp-post-image\" alt=\"\" srcset=\"https:\/\/www.eldo.com\/guide\/wp-content\/uploads\/2022\/03\/Capture-decran-2022-03-03-163337.png 426w, https:\/\/www.eldo.com\/guide\/wp-content\/uploads\/2022\/03\/Capture-decran-2022-03-03-163337-300x168.png 300w\" sizes=\"(max-width: 426px) 100vw, 426px\" \/><\/div><div class=\"w-vwrapper usg_vwrapper_1 align_center valign_middle\"><h2 class=\"w-post-elm post_title usg_post_title_1 entry-title color_link_inherit has_text_color\">Piscine construction miroir<\/h2><\/div>\t\t<\/div>\r\n\t<\/article>\r\n\t<article class=\"w-grid-item size_1x1 post-7626 page type-page status-publish has-post-thumbnail hentry\" data-id=\"7626\">\r\n\t\t<div class=\"w-grid-item-h\">\r\n\t\t\t\t\t\t\t<a class=\"w-grid-item-anchor\" href=\"https:\/\/www.eldo.com\/guide\/piscine\/construction\/type\/debordement\" rel=\"bookmark\" aria-label=\"Piscine construction d\u00e9bordement\"><\/a>\r\n\t\t\t\t\t\t<div class=\"w-post-elm post_image usg_post_image_1 stretched\"><img width=\"512\" height=\"337\" src=\"https:\/\/www.eldo.com\/guide\/wp-content\/uploads\/2022\/03\/une-piscine-bien-a-l-abri-2031-643-0.jpg\" class=\"attachment-large size-large wp-post-image\" alt=\"\" srcset=\"https:\/\/www.eldo.com\/guide\/wp-content\/uploads\/2022\/03\/une-piscine-bien-a-l-abri-2031-643-0.jpg 512w, https:\/\/www.eldo.com\/guide\/wp-content\/uploads\/2022\/03\/une-piscine-bien-a-l-abri-2031-643-0-300x197.jpg 300w, https:\/\/www.eldo.com\/guide\/wp-content\/uploads\/2022\/03\/une-piscine-bien-a-l-abri-2031-643-0-600x395.jpg 600w\" sizes=\"(max-width: 512px) 100vw, 512px\" \/><\/div><div class=\"w-vwrapper usg_vwrapper_1 align_center valign_middle\"><h2 class=\"w-post-elm post_title usg_post_title_1 entry-title color_link_inherit has_text_color\">Piscine construction d\u00e9bordement<\/h2><\/div>\t\t<\/div>\r\n\t<\/article>\r\n<\/div><div class=\"w-grid-preloader\"><div class=\"g-preloader type_1\">\r\n\t<div><\/div>\r\n<\/div>\r\n<\/div>\t<div class=\"w-grid-json hidden\" onclick='return {&quot;action&quot;:&quot;us_ajax_grid&quot;,&quot;ajax_url&quot;:&quot;https:\\\/\\\/www.eldo.com\\\/guide\\\/wp-admin\\\/admin-ajax.php&quot;,&quot;infinite_scroll&quot;:0,&quot;max_num_pages&quot;:1,&quot;pagination&quot;:&quot;none&quot;,&quot;permalink_url&quot;:&quot;https:\\\/\\\/www.eldo.com\\\/guide\\\/wp-json\\\/wp\\\/v2\\\/pages\\\/7667&quot;,&quot;template_vars&quot;:{&quot;columns&quot;:&quot;3&quot;,&quot;exclude_items&quot;:&quot;none&quot;,&quot;img_size&quot;:&quot;default&quot;,&quot;ignore_items_size&quot;:false,&quot;items_layout&quot;:&quot;portfolio_3&quot;,&quot;items_offset&quot;:&quot;1&quot;,&quot;load_animation&quot;:&quot;none&quot;,&quot;overriding_link&quot;:&quot;post&quot;,&quot;post_id&quot;:7667,&quot;query_args&quot;:{&quot;ignore_sticky_posts&quot;:1,&quot;post_type&quot;:&quot;any&quot;,&quot;post__in&quot;:[&quot;7648&quot;,&quot;7626&quot;,&quot;7681&quot;],&quot;posts_per_page&quot;:&quot;10&quot;},&quot;orderby_query_args&quot;:{&quot;orderby&quot;:{&quot;date&quot;:&quot;DESC&quot;}},&quot;type&quot;:&quot;grid&quot;,&quot;us_grid_ajax_index&quot;:1,&quot;us_grid_filter_params&quot;:null,&quot;us_grid_index&quot;:1,&quot;_us_grid_post_type&quot;:&quot;ids&quot;}}'><\/div>\r\n\t<\/div><\/div><\/div><\/div><\/div><\/div><\/section><section class=\"l-section wpb_row us_custom_e91755c2 height_auto width_full with_overlay\"><div class=\"l-section-overlay\" style=\"background: #ebebeb\"><\/div><div class=\"l-section-h i-cf\"><div class=\"g-cols vc_row type_boxes valign_middle\"><div class=\"vc_col-sm-12 wpb_column vc_column_container has-fill\"><div class=\"vc_column-inner us_custom_83b80bb9\"><div class=\"wpb_wrapper\"><p class=\"w-itext us_custom_6df4bc3a type_typingChars align_center\" onclick='return {&quot;duration&quot;:300,&quot;delay&quot;:2000,&quot;disablePartAnimation&quot;:false,&quot;dynamicColor&quot;:&quot;#ffffff&quot;,&quot;html_nbsp_char&quot;:true}'>Je\u00a0cherche\u00a0un\u00a0pro\u00a0\u00e0\u00a0<span class=\"w-itext-part changesat_0 changesat_1 changesat_2 changesat_3 changesat_4 dynamic\" style=\"color:#ffffff\" onclick='return [&quot;Bordeaux&quot;,&quot;Toulouse&quot;,&quot;Paris&quot;,&quot;Nantes&quot;,&quot;Marseille&quot;]'><span>Bordeaux<\/span><i class=\"w-itext-cursor\"><\/i><\/span><\/p><div class=\"w-separator size_small\"><\/div><div class=\"w-btn-wrapper width_auto align_center\"><a class=\"w-btn us-btn-style_2\" title=\"Demander un devis\" href=\"https:\/\/devis.eldo.com\/piscine-new\/france?utm_source=gmb&amp;utm_medium=SEO&amp;utm_campaign=piscine-construction-container\"><span class=\"w-btn-label\">Trouver un pro de confiance<\/span><\/a><\/div><\/div><\/div><\/div><\/div><\/div><\/section>\n","protected":false},"excerpt":{"rendered":"Pourquoi faire installer une piscine \u00e0 d\u00e9bordement\u2009? Guides travauxPages Vous voulez la piscine de vos r\u00eaves\u2009? Vous souhaitez avoir une piscine qui sort de l\u2019ordinaire\u2009? La piscine \u00e0 d\u00e9bordement est ce qu\u2019il vous faut. En effet, la piscine \u00e0 d\u00e9bordement est luxueuse et vous assure un grand confort. Il y en a sous forme de...","protected":false},"author":5,"featured_media":7622,"parent":7576,"menu_order":0,"comment_status":"closed","ping_status":"closed","template":"","meta":[],"page_tags":[],"_links":{"self":[{"href":"https:\/\/www.eldo.com\/guide\/wp-json\/wp\/v2\/pages\/7667"}],"collection":[{"href":"https:\/\/www.eldo.com\/guide\/wp-json\/wp\/v2\/pages"}],"about":[{"href":"https:\/\/www.eldo.com\/guide\/wp-json\/wp\/v2\/types\/page"}],"author":[{"embeddable":true,"href":"https:\/\/www.eldo.com\/guide\/wp-json\/wp\/v2\/users\/5"}],"replies":[{"embeddable":true,"href":"https:\/\/www.eldo.com\/guide\/wp-json\/wp\/v2\/comments?post=7667"}],"version-history":[{"count":11,"href":"https:\/\/www.eldo.com\/guide\/wp-json\/wp\/v2\/pages\/7667\/revisions"}],"predecessor-version":[{"id":10058,"href":"https:\/\/www.eldo.com\/guide\/wp-json\/wp\/v2\/pages\/7667\/revisions\/10058"}],"up":[{"embeddable":true,"href":"https:\/\/www.eldo.com\/guide\/wp-json\/wp\/v2\/pages\/7576"}],"wp:featuredmedia":[{"embeddable":true,"href":"https:\/\/www.eldo.com\/guide\/wp-json\/wp\/v2\/media\/7622"}],"wp:attachment":[{"href":"https:\/\/www.eldo.com\/guide\/wp-json\/wp\/v2\/media?parent=7667"}],"wp:term":[{"taxonomy":"page_tags","embeddable":true,"href":"https:\/\/www.eldo.com\/guide\/wp-json\/wp\/v2\/page_tags?post=7667"}],"curies":[{"name":"wp","href":"https:\/\/api.w.org\/{rel}","templated":true}]}}