{"id":7335,"date":"2022-02-23T16:19:03","date_gmt":"2022-02-23T16:19:03","guid":{"rendered":"https:\/\/www.eldo.com\/guide\/?page_id=7335"},"modified":"2022-04-20T13:29:06","modified_gmt":"2022-04-20T13:29:06","slug":"terrasse-materiaux-2","status":"publish","type":"page","link":"https:\/\/www.eldo.com\/guide\/terrasse\/construction\/materiaux\/bois","title":{"rendered":"Le bois pour une terrasse"},"content":{"rendered":"<section class=\"l-section wpb_row us_custom_e4eb24e1 height_auto width_full with_overlay\"><div class=\"l-section-overlay\" style=\"background: #ffffff\"><\/div><div class=\"l-section-h i-cf\"><div class=\"g-cols vc_row type_boxes valign_middle gap-10px\"><style>.g-cols.gap-10px{margin:0 -10px}.gap-10px > .vc_column_container {padding:10px}<\/style><div class=\"vc_col-sm-12 wpb_column vc_column_container has-fill has_text_color\"><div class=\"vc_column-inner us_custom_aff57a4f\"><div class=\"wpb_wrapper\"><div class=\"wpb_text_column us_custom_cef92e06 has_text_color\" ><div class=\"wpb_wrapper\"><h1 style=\"text-align: center;\">Quel est le meilleur bois pour une terrasse\u00a0?<\/h1>\n<\/div><\/div><div class=\"w-separator size_medium\"><\/div><ol class=\"g-breadcrumbs us_custom_cef92e06 separator_icon align_left has_text_color\"><li class=\"g-breadcrumbs-item\"><a href=\"https:\/\/www.eldo.com\/guide\/\">Guides travaux<\/a><meta content=\"1\"\/><\/li><li class=\"g-breadcrumbs-separator\"><i class=\"far fa-angle-right\"><\/i><\/li><li class=\"g-breadcrumbs-item\">Pages<\/li><\/ol><\/div><\/div><\/div><div class=\"vc_col-sm-12 wpb_column vc_column_container\"><div class=\"vc_column-inner\"><div class=\"wpb_wrapper\"><div class=\"wpb_text_column us_custom_ae99f6aa has_text_color\" ><div class=\"wpb_wrapper\">\n<\/div><\/div><div class=\"wpb_text_column us_custom_ae99f6aa has_text_color\" ><div class=\"wpb_wrapper\"><p><span style=\"font-weight: 400;\">Mat\u00e9riau noble, le bois est tr\u00e8s pris\u00e9 pour la confection de terrasse. C\u2019est un mat\u00e9riau tr\u00e8s beau, pratique, facile \u00e0 travailler et bien l\u00e9ger permettant une construction sur pilotis ou encore sur plot. \u00c9galement, le bois facilite l\u2019am\u00e9nagement de terrasse au niveau des endroits compliqu\u00e9s.<\/span><\/p>\n<p><span style=\"font-weight: 400;\">Outre tous ces avantages, les bois terrasse sont divis\u00e9s en diff\u00e9rentes essences, couleurs et compositions. Ces diff\u00e9rentes essences de bois sont r\u00e9glement\u00e9es et regroup\u00e9es en diff\u00e9rentes classes, dont la fameuse classe\u00a04 qui concerne uniquement les essences pouvant \u00eatre pos\u00e9es \u00e0 l\u2019ext\u00e9rieur.<\/span><\/p>\n<p><span style=\"font-weight: 400;\">Ainsi, chaque essence de bois poss\u00e8de des caract\u00e9ristiques qui lui sont propres, caract\u00e9ristiques pour lesquelles les pr\u00e9f\u00e9rences de choix se font. En effet, en vue de la construction de terrasse bois, c\u2019est en fonction des caract\u00e9ristiques propres \u00e0 chaque essence que vous aurez \u00e0 d\u00e9terminer celle qui est la mieux indiqu\u00e9e.<\/span><\/p>\n<p><span style=\"font-weight: 400;\">Nous vous faisons le point des diff\u00e9rents types de bois terrasse afin de vous guider dans votre choix.<\/span><\/p>\n<\/div><\/div><div class=\"w-separator size_medium\"><\/div><div class=\"w-image align_center\"><div class=\"w-image-h\"><img width=\"600\" height=\"400\" src=\"https:\/\/www.eldo.com\/guide\/wp-content\/uploads\/2022\/02\/bois-614x410-1-600x400.jpg\" class=\"attachment-us_600_400 size-us_600_400\" alt=\"\" srcset=\"https:\/\/www.eldo.com\/guide\/wp-content\/uploads\/2022\/02\/bois-614x410-1-600x400.jpg 600w, https:\/\/www.eldo.com\/guide\/wp-content\/uploads\/2022\/02\/bois-614x410-1-300x200.jpg 300w, https:\/\/www.eldo.com\/guide\/wp-content\/uploads\/2022\/02\/bois-614x410-1.jpg 512w\" sizes=\"(max-width: 600px) 100vw, 600px\" \/><\/div><\/div><\/div><\/div><\/div><\/div><\/div><\/section><section class=\"l-section wpb_row height_auto width_full with_overlay\"><div class=\"l-section-overlay\" style=\"background: #ffffff\"><\/div><div class=\"l-section-h i-cf\"><div class=\"g-cols vc_row type_boxes valign_middle gap-10px\"><style>.g-cols.gap-10px{margin:0 -10px}.gap-10px > .vc_column_container {padding:10px}<\/style><div class=\"vc_col-sm-12 wpb_column vc_column_container has-fill\"><div class=\"vc_column-inner us_custom_4fb9e5a3\"><div class=\"wpb_wrapper\"><div class=\"wpb_text_column\" ><div class=\"wpb_wrapper\"><h2>Les bois europ\u00e9ens<\/h2>\n<p><span style=\"font-weight: 400;\">Le bois europ\u00e9en est beaucoup moins on\u00e9reux que les bois exotiques, il pr\u00e9sente des couleurs claires qui peuvent tendre au gris argent\u00e9 au fil des \u00e2ges.\u00a0<\/span><\/p>\n<p><span style=\"font-weight: 400;\">Les essences de bois europ\u00e9ens n\u2019ont pas un caract\u00e8re naturellement imputrescible et demandent un traitement r\u00e9gulier. Souvent pour les prot\u00e9ger des intemp\u00e9ries et des agressions ext\u00e9rieures dues aux insectes et champignons, le traitement \u00e0 leur apporter est autoclave. Les bois europ\u00e9ens ont g\u00e9n\u00e9ralement une long\u00e9vit\u00e9 de plus de dix ans lorsqu\u2019ils sont bien entretenus, les traitements r\u00e9guliers apport\u00e9s renfor\u00e7ant leur r\u00e9sistance.\u00a0<\/span><\/p>\n<h3><span style=\"font-weight: 400;\">Les lames de terrasse bois en Douglas<\/span><\/h3>\n<p><span style=\"font-weight: 400;\">Le bois Douglas est originaire d\u2019Am\u00e9rique du Nord puis implant\u00e9 en Europe pour sa culture. Ce type de bois offre des lames bien adapt\u00e9es, apr\u00e8s un traitement autoclave, \u00e0 un usage ext\u00e9rieur. Comparativement aux lames des bois exotiques, le bois Douglas est peu cher. Toutefois, le bois Douglas poss\u00e8de une long\u00e9vit\u00e9 bien moindre que les essences exotiques telles que le Cumaru ou l\u2019Ip\u00e9.\u00a0<\/span><\/p>\n<h3><span style=\"font-weight: 400;\">Les lames de terrasse bois en M\u00e9l\u00e8ze<\/span><\/h3>\n<p><span style=\"font-weight: 400;\">Pr\u00e9sentant un excellent rapport qualit\u00e9-prix, le M\u00e9l\u00e8ze est un bois bien dense, donc dot\u00e9 d\u2019une bonne durabilit\u00e9. Il s\u2019agit d\u2019un conif\u00e8re venant de la Sib\u00e9rie et offrant des lames bien pratiques pour la construction de terrasse gr\u00e2ce \u00e0 sa duret\u00e9.<\/span><\/p>\n<p><span style=\"font-weight: 400;\">Essence de bois r\u00e9sineux durable et robuste, le bois m\u00e9l\u00e8ze traverse ais\u00e9ment les ann\u00e9es sans voir sa qualit\u00e9 s\u2019alt\u00e9rer. Gr\u00e2ce \u00e0 sa robustesse, il est plus utilis\u00e9 pour la construction de chalet, car il s\u2019adapte rapidement aux temp\u00e9ratures les plus froides et les milieux extr\u00eames.<\/span><\/p>\n<\/div><\/div><div class=\"w-separator size_medium\"><\/div><div class=\"w-btn-wrapper width_auto align_center\"><a class=\"w-btn us-btn-style_2\" title=\"Demander un devis\" href=\"https:\/\/devis.eldo.com\/terrasses\/france?utm_source=gmb&amp;utm_medium=SEO&amp;utm_campaign=terrasse-construction-materiaux-bois\"><span class=\"w-btn-label\">Demander un devis<\/span><\/a><\/div><div class=\"w-separator size_medium\"><\/div><div class=\"w-image align_center\"><div class=\"w-image-h\"><img width=\"600\" height=\"328\" src=\"https:\/\/www.eldo.com\/guide\/wp-content\/uploads\/2022\/02\/163301777-750x410-1-600x328.jpg\" class=\"attachment-us_600_400 size-us_600_400\" alt=\"\" srcset=\"https:\/\/www.eldo.com\/guide\/wp-content\/uploads\/2022\/02\/163301777-750x410-1-600x328.jpg 600w, https:\/\/www.eldo.com\/guide\/wp-content\/uploads\/2022\/02\/163301777-750x410-1-300x164.jpg 300w, https:\/\/www.eldo.com\/guide\/wp-content\/uploads\/2022\/02\/163301777-750x410-1.jpg 512w\" sizes=\"(max-width: 600px) 100vw, 600px\" \/><\/div><\/div><div class=\"w-separator size_medium\"><\/div><div class=\"wpb_text_column\" ><div class=\"wpb_wrapper\"><h2>Les bois exotiques<\/h2>\n<p><span style=\"font-weight: 400;\">Les bois exotiques sont populaires gr\u00e2ce \u00e0 leurs couleurs uniques et leur bonne r\u00e9sistance naturelle. Ce dernier avantage des essences de bois exotiques leur apporte une dur\u00e9e de vie bien plus grande que celle des bois europ\u00e9ens.\u00a0\u00a0<\/span><\/p>\n<p><span style=\"font-weight: 400;\">Bien qu\u2019ils paraissent plus couteux \u00e0 l\u2019achat, les bois exotiques sont naturellement imputrescibles et r\u00e9sistants aux coups et aux t\u00e2ches. Cela les rend bien plus \u00e9conomiques que les bois europ\u00e9ens.\u00a0<\/span><\/p>\n<h3><span style=\"font-weight: 400;\">L\u2019Ip\u00e9<\/span><\/h3>\n<p><span style=\"font-weight: 400;\">Sur le march\u00e9 des lames de bois terrasse, l\u2019ip\u00e9 est l\u2019essence la plus dense. Cet arbre originaire d\u2019Am\u00e9rique du Sud pr\u00e9sente une couleur brun fonc\u00e9 et se d\u00e9marque par son veinage unique. S\u2019adaptant \u00e0 presque toutes les poses, l\u2019ip\u00e9 ne pourrit pas et est d\u2019une grande r\u00e9sistance, \u00e0 l\u2019instar de la majorit\u00e9 des essences de bois exotiques.<\/span><\/p>\n<p><span style=\"font-weight: 400;\">L\u2019ip\u00e9 est utilis\u00e9 principalement pour l\u2019am\u00e9nagement ext\u00e9rieur des maisons. Ainsi, il sert pour la confection de lames de terrasse bois. On le retrouve \u00e9galement en bardage, en claire-voie et en margelle. De m\u00eame, l\u2019ip\u00e9 est utilis\u00e9 pour les am\u00e9nagements int\u00e9rieurs, notamment pour la r\u00e9alisation d\u2019escalier, de parquet ou de meuble.<\/span><\/p>\n<p><span style=\"font-weight: 400;\">L\u2019ip\u00e9 est une essence extr\u00eamement demand\u00e9e\u00a0; la demande d\u00e9passant m\u00eame le processus d\u2019\u00e9levage et de r\u00e9colte. Ce ph\u00e9nom\u00e8ne est la cause de son prix consid\u00e9rablement \u00e9lev\u00e9.<\/span><\/p>\n<h3><span style=\"font-weight: 400;\">Le Cumaru<\/span><\/h3>\n<p><span style=\"font-weight: 400;\">Dot\u00e9 de caract\u00e9ristiques tr\u00e8s proches de l\u2019Ip\u00e9, le cumaru se pr\u00e9sente comme une bonne alternative \u00e0 ce dernier, en raison de son co\u00fbt moins \u00e9lev\u00e9. Cette essence de bois exotique pr\u00e9sente une couleur brun clair qui peut virer vers des nuances plus fonc\u00e9es. Certaines essences ont une couleur qui tend plus vers le brun jaune et le rouge.<\/span><\/p>\n<p><span style=\"font-weight: 400;\">Bois exotique poss\u00e9dant d\u2019excellentes propri\u00e9t\u00e9s m\u00e9caniques, le cumaru pr\u00e9sente \u00e9galement un excellent rapport qualit\u00e9-prix et est naturellement dot\u00e9 d\u2019une bonne durabilit\u00e9 (930\u00a0kg\/m<\/span><span style=\"font-weight: 400;\">3 <\/span><span style=\"font-weight: 400;\">de densit\u00e9). Cette essence de bois exotique est particuli\u00e8rement r\u00e9sistante aux diverses agressions, thermites, intemp\u00e9ries et champignons. De plus, \u00e0 l\u2019inverse de beaucoup d\u2019autres essences exotiques, le cumaru ne rejette pas de tanin. Vous ne verrez pas votre terrasse au bord de la piscine pr\u00e9senter des taches d\u00e9sagr\u00e9ables.<\/span><\/p>\n<h3><span style=\"font-weight: 400;\">Le Massaranduba<\/span><\/h3>\n<p><span style=\"font-weight: 400;\">Encore originaire d\u2019Am\u00e9rique du sud, le Massaranduba est une essence qui apporte un cachet coquet \u00e0 votre terrasse en bois exotique. Il est particuli\u00e8rement r\u00e9sistant \u00e0 l\u2019eau sal\u00e9e, raison pour laquelle il est pr\u00e9f\u00e9r\u00e9 pour la construction de terrasse en bord de mer. Le massaranduba est aussi un bois particuli\u00e8rement dur, parmi les plus durs du march\u00e9. Il est plus dur que le bois Ip\u00e9. Ses teintes sont brunes et rouge\u00e2tres.<\/span><\/p>\n<p><span style=\"font-weight: 400;\">\u00c9tant particuli\u00e8rement dure, la terrasse Massaranduba doit avoir des fixations viss\u00e9es \u00e0 l\u2019aide de vis traditionnelles ou avec des syst\u00e8mes invisibles viss\u00e9es. Il est fortement d\u00e9conseill\u00e9 de clipser les lames massaranduba, tout comme n\u2019importe quelle autre essence de bois exotique.\u00a0<\/span><\/p>\n<p><span style=\"font-weight: 400;\">Dot\u00e9 d\u2019une grande densit\u00e9, le bois massaranduba devra \u00eatre pr\u00e9-perc\u00e9 avant d\u2019\u00eatre viss\u00e9, au risque de casser les vis et avoir des finitions pr\u00e9sentant des malfa\u00e7ons.<\/span><\/p>\n<\/div><\/div><div class=\"w-separator size_medium\"><\/div><div class=\"w-btn-wrapper width_auto align_center\"><a class=\"w-btn us-btn-style_2\" title=\"Demander un devis\" href=\"https:\/\/devis.eldo.com\/terrasses\/france?utm_source=gmb&amp;utm_medium=SEO&amp;utm_campaign=terrasse-construction-materiaux-bois\"><span class=\"w-btn-label\">Expliquer mon projet<\/span><\/a><\/div><div class=\"w-separator size_medium\"><\/div><div class=\"w-image align_center\"><div class=\"w-image-h\"><img width=\"600\" height=\"300\" src=\"https:\/\/www.eldo.com\/guide\/wp-content\/uploads\/2022\/02\/terrasse-composite-jardin-600x300.jpg\" class=\"attachment-us_600_400 size-us_600_400\" alt=\"\" srcset=\"https:\/\/www.eldo.com\/guide\/wp-content\/uploads\/2022\/02\/terrasse-composite-jardin-600x300.jpg 600w, https:\/\/www.eldo.com\/guide\/wp-content\/uploads\/2022\/02\/terrasse-composite-jardin-300x150.jpg 300w, https:\/\/www.eldo.com\/guide\/wp-content\/uploads\/2022\/02\/terrasse-composite-jardin-1024x512.jpg 1024w, https:\/\/www.eldo.com\/guide\/wp-content\/uploads\/2022\/02\/terrasse-composite-jardin-800x400.jpg 800w, https:\/\/www.eldo.com\/guide\/wp-content\/uploads\/2022\/02\/terrasse-composite-jardin.jpg 512w\" sizes=\"(max-width: 600px) 100vw, 600px\" \/><\/div><\/div><div class=\"w-separator size_medium\"><\/div><div class=\"wpb_text_column\" ><div class=\"wpb_wrapper\"><h2>Le bambou<\/h2>\n<p><span style=\"font-weight: 400;\">De nos jours, les lames de terrasse bois sont de plus en plus propos\u00e9es avec du bambou comme type de bois. En r\u00e9alit\u00e9, il s\u2019agit plut\u00f4t de bois composite bambou, puisque les lames sont compos\u00e9es de bambou et de poly\u00e9thyl\u00e8ne. Tout comme la majorit\u00e9 des lames de terrasse bois, les lames de bois bambou sont dot\u00e9es de couleurs chaudes se grisant au fil du temps.<\/span><\/p>\n<p><span style=\"font-weight: 400;\">Avant que le bambou soit transform\u00e9 en vue de la confection des lames, il subit un traitement autoclave afin de devenir imputrescible. Ainsi, les lames de bambous se pr\u00e9sentent comme une option \u00e9cologique, plus respectueuse de l\u2019environnement. De plus, le bambou repr\u00e9sente une alternative \u00e0 l\u2019abattage de plus en plus intensif des bois exotiques.<\/span><\/p>\n<h2>Le bois composite<\/h2>\n<p><span style=\"font-weight: 400;\">G\u00e9n\u00e9ralement, les lames de terrasse en bois composite sont obtenues en m\u00e9langeant de l\u2019essence de bois \u00e0 de la r\u00e9sine plastique. Ce m\u00e9lange permet aux bois d\u2019\u00eatre convenablement r\u00e9sistants au pourrissement, aux insectes et aux intemp\u00e9ries. Ainsi, le bois composite pr\u00e9sente une long\u00e9vit\u00e9 de plus de 20 ans lorsque vous lui apportez le soin n\u00e9cessaire.\u00a0<\/span><\/p>\n<p><span style=\"font-weight: 400;\">Gr\u00e2ce au bois composite, vous pourrez \u00e9galement \u00e9largir votre gamme de choix de couleurs pour les lames de votre terrasse. Ainsi, vous pourrez installer une terrasse dot\u00e9e d\u2019une couleur originale comme le gris anthracite ou plut\u00f4t vous tourner vers une teinte sobre pr\u00e9sentant un aspect marron aux nuances chocolat\u00e9es.\u00a0<\/span><\/p>\n<p><span style=\"font-weight: 400;\">Enfin, vous trouverez des lames de bois composite de toute sorte. En effet, il en existe de pleines et d\u2019autres qui sont au contraire creuses. Les lames creuses ont l\u2019avantage de pr\u00e9senter une bonne l\u00e9g\u00e8ret\u00e9 et sont moins on\u00e9reuses. Toutefois, elles sont bien \u00e9videmment moins r\u00e9sistantes, et leurs alv\u00e9oles conservent plus longtemps l\u2019humidit\u00e9.<\/span><\/p>\n<\/div><\/div><div class=\"w-separator size_medium\"><\/div><div class=\"w-btn-wrapper width_auto align_center\"><a class=\"w-btn us-btn-style_2\" title=\"Demander un devis\" href=\"https:\/\/devis.eldo.com\/terrasses\/france?utm_source=gmb&amp;utm_medium=SEO&amp;utm_campaign=terrasse-construction-materiaux-bois\"><span class=\"w-btn-label\">Je cherche un pro de confiance<\/span><\/a><\/div><div class=\"w-separator size_medium\"><\/div><div class=\"w-image align_center\"><div class=\"w-image-h\"><img width=\"512\" height=\"315\" src=\"https:\/\/www.eldo.com\/guide\/wp-content\/uploads\/2022\/02\/lame-de-terrasse-exotique-bambou-landes.jpg\" class=\"attachment-large size-large\" alt=\"\" srcset=\"https:\/\/www.eldo.com\/guide\/wp-content\/uploads\/2022\/02\/lame-de-terrasse-exotique-bambou-landes.jpg 512w, https:\/\/www.eldo.com\/guide\/wp-content\/uploads\/2022\/02\/lame-de-terrasse-exotique-bambou-landes-300x185.jpg 300w, https:\/\/www.eldo.com\/guide\/wp-content\/uploads\/2022\/02\/lame-de-terrasse-exotique-bambou-landes-600x370.jpg 600w, https:\/\/www.eldo.com\/guide\/wp-content\/uploads\/2022\/02\/lame-de-terrasse-exotique-bambou-landes-800x493.jpg 800w\" sizes=\"(max-width: 512px) 100vw, 512px\" \/><\/div><\/div><div class=\"w-separator size_medium\"><\/div><div class=\"wpb_text_column\" ><div class=\"wpb_wrapper\"><h2>Les diff\u00e9rentes classes de bois<\/h2>\n<p><span style=\"font-weight: 400;\">Les essences de bois sont r\u00e9parties en 5 diff\u00e9rentes classes en fonction des conditions d\u2019environnement.<\/span><\/p>\n<p><span style=\"font-weight: 400;\">Ainsi, les essences de bois de la classe\u00a01 sont plus adapt\u00e9es \u00e0 un usage int\u00e9rieur ou un espace ayant un taux d\u2019humidit\u00e9 inf\u00e9rieur \u00e0 20\u00a0%. Ce type de bois se pr\u00eate mieux aux travaux de menuiserie d\u2019int\u00e9rieur. Par exemple, la confection de parquet de meubles ou de lambris.<\/span><\/p>\n<p><span style=\"font-weight: 400;\">La classe\u00a02, quant \u00e0 elle, regroupe les essences de bois se pr\u00eatant \u00e0 un usage d\u2019int\u00e9rieur, \u00e0 un usage d\u2019ext\u00e9rieur sous abri ou r\u00e9sistant \u00e0 un taux d\u2019humidit\u00e9 occasionnel de plus de 20\u00a0%. En termes clairs, ces essences de bois sont utilis\u00e9es pour des travaux de charpente, des confections de plancher ou de r\u00e9alisation d\u2019ossature ventil\u00e9e.<\/span><\/p>\n<p><span style=\"font-weight: 400;\">Les conditions d\u2019environnement de classe\u00a03 concernent les usages ext\u00e9rieurs, lorsque le bois est fr\u00e9quemment expos\u00e9 \u00e0 une humidit\u00e9 de 20\u00a0%. Ces essences de bois sont utilis\u00e9es pour les travaux de bardages et de menuiseries entre autres.<\/span><\/p>\n<p><span style=\"font-weight: 400;\">La classe\u00a05 r\u00e9unit les conditions d\u2019environnement propres \u00e0 un usage d\u2019ext\u00e9rieur, avec un contact constant avec la mer. Les bois sont utilis\u00e9s pour la r\u00e9alisation de ponton et de piliers.<\/span><\/p>\n<h3><span style=\"font-weight: 400;\">Quels sont les bois de classe\u00a04 ?<\/span><\/h3>\n<p><span style=\"font-weight: 400;\">Pour la construction de votre terrasse, vous devez privil\u00e9gier les bois de classe\u00a04. Au cas o\u00f9 votre surface de plancher serait proche de la mer ou r\u00e9guli\u00e8rement baign\u00e9e par de l\u2019eau sal\u00e9e, optez plut\u00f4t pour une essence de bois de classe\u00a05.<\/span><\/p>\n<p><span style=\"font-weight: 400;\">\u00c0 l\u2019exception des bois composites ou les bois exotiques qui n\u2019ont pas besoin de traitement, car naturellement r\u00e9sistants, la grande majorit\u00e9 des essences de bois subissent un traitement autoclave. Ce traitement leur permettra d\u2019avoir la r\u00e9sistance et la durabilit\u00e9 n\u00e9cessaires pour \u00eatre classifi\u00e9es au niveau\u00a04.<\/span><\/p>\n<p><span style=\"font-weight: 400;\">Les essences de bois de classe\u00a04 sont r\u00e9sistants \u00e0 un usage ext\u00e9rieur, avec une exposition permanente \u00e0 une humidit\u00e9 sup\u00e9rieure \u00e0 20\u00a0%. C\u2019est la classe des terrasses, mais \u00e9galement des poteaux de cl\u00f4ture.<\/span><\/p>\n<\/div><\/div><div class=\"w-separator size_medium\"><\/div><div class=\"w-btn-wrapper width_auto align_center\"><a class=\"w-btn us-btn-style_2\" title=\"Demander un devis\" href=\"https:\/\/devis.eldo.com\/terrasses\/france?utm_source=gmb&amp;utm_medium=SEO&amp;utm_campaign=terrasse-construction-materiaux-bois\"><span class=\"w-btn-label\">Demander conseil<\/span><\/a><\/div><div class=\"w-separator size_medium\"><\/div><div class=\"w-image align_center\"><div class=\"w-image-h\"><img width=\"512\" height=\"384\" src=\"https:\/\/www.eldo.com\/guide\/wp-content\/uploads\/2022\/02\/20200416_104133_abrisud-materiau-terrasse.jpg\" class=\"attachment-large size-large\" alt=\"\" srcset=\"https:\/\/www.eldo.com\/guide\/wp-content\/uploads\/2022\/02\/20200416_104133_abrisud-materiau-terrasse.jpg 512w, https:\/\/www.eldo.com\/guide\/wp-content\/uploads\/2022\/02\/20200416_104133_abrisud-materiau-terrasse-300x225.jpg 300w, https:\/\/www.eldo.com\/guide\/wp-content\/uploads\/2022\/02\/20200416_104133_abrisud-materiau-terrasse-533x400.jpg 533w\" sizes=\"(max-width: 512px) 100vw, 512px\" \/><\/div><\/div><div class=\"w-separator size_medium\"><\/div><div \" class=\"faq_question_container\"><h2 class=\"faq_question_title\">Pourquoi faire appel \u00e0 un pro ?<\/h2><div class=\"faq_question_content\"><p><span style=\"font-weight: 400;\">Pour obtenir de plus amples informations sur le bois le plus ad\u00e9quat pour votre terrasse, vous pourrez faire appel \u00e0 un professionnel, le paysagiste. De par son exp\u00e9rience en am\u00e9nagement d\u2019ext\u00e9rieur, il pourra vous indiquer les particularit\u00e9s de votre terrain, mais surtout les \u00e9ventuelles menaces pour le bois de votre terrasse.\u00a0<\/span><\/p>\n<p><span style=\"font-weight: 400;\">Ainsi, il pourra vous sugg\u00e9rer, en fonction de votre budget, l\u2019essence de bois id\u00e9al qui installera l\u2019harmonie entre l\u2019habitation et la terrasse. De plus, vous pourrez obtenir de sa part les meilleurs conseils d\u2019entretien de votre bois terrasse.<\/span><\/p>\n<\/div><\/div><div class=\"w-separator size_medium\"><\/div><div class=\"w-btn-wrapper width_auto align_center\"><a class=\"w-btn us-btn-style_2\" title=\"Demander un devis\" href=\"https:\/\/devis.eldo.com\/terrasses\/france?utm_source=gmb&amp;utm_medium=SEO&amp;utm_campaign=terrasse-construction-materiaux-bois\"><span class=\"w-btn-label\">Demander un devis gratuit<\/span><\/a><\/div><\/div><\/div><\/div><\/div><\/div><\/section><section class=\"l-section wpb_row height_medium\"><div class=\"l-section-h i-cf\"><div class=\"g-cols vc_row type_default valign_top\"><div class=\"vc_col-sm-12 wpb_column vc_column_container\"><div class=\"vc_column-inner\"><div class=\"wpb_wrapper\"><\/div><\/div><\/div><\/div><\/div><\/section><section class=\"l-section wpb_row us_custom_e91755c2 height_auto width_full with_overlay\"><div class=\"l-section-overlay\" style=\"background: #ebebeb\"><\/div><div class=\"l-section-h i-cf\"><div class=\"g-cols vc_row type_boxes valign_middle\"><div class=\"vc_col-sm-12 wpb_column vc_column_container has-fill\"><div class=\"vc_column-inner us_custom_24a6e98c\"><div class=\"wpb_wrapper\"><p class=\"w-itext us_custom_6df4bc3a type_typingChars align_center\" onclick='return {&quot;duration&quot;:300,&quot;delay&quot;:2000,&quot;disablePartAnimation&quot;:false,&quot;dynamicColor&quot;:&quot;#ffffff&quot;,&quot;html_nbsp_char&quot;:true}'>Je\u00a0cherche\u00a0un\u00a0pro\u00a0\u00e0\u00a0<span class=\"w-itext-part changesat_0 changesat_1 changesat_2 changesat_3 changesat_4 dynamic\" style=\"color:#ffffff\" onclick='return [&quot;Bordeaux&quot;,&quot;Toulouse&quot;,&quot;Paris&quot;,&quot;Nantes&quot;,&quot;Marseille&quot;]'><span>Bordeaux<\/span><i class=\"w-itext-cursor\"><\/i><\/span><\/p><div class=\"w-separator size_medium\"><\/div><div class=\"w-btn-wrapper width_auto align_center\"><a class=\"w-btn us-btn-style_2\" title=\"Demander un devis\" href=\"https:\/\/devis.eldo.com\/terrasses\/france?utm_source=gmb&amp;utm_medium=SEO&amp;utm_campaign=terrasse-construction-materiaux-bois\"><span class=\"w-btn-label\">Trouver un pro de confiance<\/span><\/a><\/div><\/div><\/div><\/div><\/div><\/div><\/section>\n","protected":false},"excerpt":{"rendered":"Quel est le meilleur bois pour une terrasse\u00a0? Guides travauxPages Mat\u00e9riau noble, le bois est tr\u00e8s pris\u00e9 pour la confection de terrasse. C\u2019est un mat\u00e9riau tr\u00e8s beau, pratique, facile \u00e0 travailler et bien l\u00e9ger permettant une construction sur pilotis ou encore sur plot. \u00c9galement, le bois facilite l\u2019am\u00e9nagement de terrasse au niveau des endroits compliqu\u00e9s....","protected":false},"author":5,"featured_media":4829,"parent":7319,"menu_order":0,"comment_status":"closed","ping_status":"closed","template":"","meta":[],"page_tags":[],"_links":{"self":[{"href":"https:\/\/www.eldo.com\/guide\/wp-json\/wp\/v2\/pages\/7335"}],"collection":[{"href":"https:\/\/www.eldo.com\/guide\/wp-json\/wp\/v2\/pages"}],"about":[{"href":"https:\/\/www.eldo.com\/guide\/wp-json\/wp\/v2\/types\/page"}],"author":[{"embeddable":true,"href":"https:\/\/www.eldo.com\/guide\/wp-json\/wp\/v2\/users\/5"}],"replies":[{"embeddable":true,"href":"https:\/\/www.eldo.com\/guide\/wp-json\/wp\/v2\/comments?post=7335"}],"version-history":[{"count":11,"href":"https:\/\/www.eldo.com\/guide\/wp-json\/wp\/v2\/pages\/7335\/revisions"}],"predecessor-version":[{"id":8302,"href":"https:\/\/www.eldo.com\/guide\/wp-json\/wp\/v2\/pages\/7335\/revisions\/8302"}],"up":[{"embeddable":true,"href":"https:\/\/www.eldo.com\/guide\/wp-json\/wp\/v2\/pages\/7319"}],"wp:featuredmedia":[{"embeddable":true,"href":"https:\/\/www.eldo.com\/guide\/wp-json\/wp\/v2\/media\/4829"}],"wp:attachment":[{"href":"https:\/\/www.eldo.com\/guide\/wp-json\/wp\/v2\/media?parent=7335"}],"wp:term":[{"taxonomy":"page_tags","embeddable":true,"href":"https:\/\/www.eldo.com\/guide\/wp-json\/wp\/v2\/page_tags?post=7335"}],"curies":[{"name":"wp","href":"https:\/\/api.w.org\/{rel}","templated":true}]}}