{"id":7319,"date":"2022-02-23T15:57:36","date_gmt":"2022-02-23T15:57:36","guid":{"rendered":"https:\/\/www.eldo.com\/guide\/?page_id=7319"},"modified":"2022-04-20T13:27:05","modified_gmt":"2022-04-20T13:27:05","slug":"terrasse-materiaux","status":"publish","type":"page","link":"https:\/\/www.eldo.com\/guide\/terrasse\/construction\/materiaux","title":{"rendered":"Mat\u00e9riaux d&rsquo;une terrasse"},"content":{"rendered":"<section class=\"l-section wpb_row us_custom_e4eb24e1 height_auto width_full with_overlay\"><div class=\"l-section-overlay\" style=\"background: #ffffff\"><\/div><div class=\"l-section-h i-cf\"><div class=\"g-cols vc_row type_boxes valign_middle gap-10px\"><style>.g-cols.gap-10px{margin:0 -10px}.gap-10px > .vc_column_container {padding:10px}<\/style><div class=\"vc_col-sm-12 wpb_column vc_column_container has-fill has_text_color\"><div class=\"vc_column-inner us_custom_cdf62aad\"><div class=\"wpb_wrapper\"><div class=\"wpb_text_column us_custom_cef92e06 has_text_color\" ><div class=\"wpb_wrapper\"><h1 style=\"text-align: center;\">Quels mat\u00e9riaux choisir pour sa terrasse\u00a0?<\/h1>\n<\/div><\/div><div class=\"w-separator size_medium\"><\/div><ol class=\"g-breadcrumbs us_custom_cef92e06 separator_icon align_left has_text_color\"><li class=\"g-breadcrumbs-item\"><a href=\"https:\/\/www.eldo.com\/guide\/\">Guides travaux<\/a><meta content=\"1\"\/><\/li><li class=\"g-breadcrumbs-separator\"><i class=\"far fa-angle-right\"><\/i><\/li><li class=\"g-breadcrumbs-item\">Pages<\/li><\/ol><\/div><\/div><\/div><div class=\"vc_col-sm-12 wpb_column vc_column_container\"><div class=\"vc_column-inner\"><div class=\"wpb_wrapper\"><div class=\"wpb_text_column us_custom_ae99f6aa has_text_color\" ><div class=\"wpb_wrapper\">\n<\/div><\/div><div class=\"wpb_text_column us_custom_ae99f6aa has_text_color\" ><div class=\"wpb_wrapper\"><p><span style=\"font-weight: 400;\">La terrasse est l\u2019am\u00e9nagement d\u2019ext\u00e9rieur qui offre la meilleure opportunit\u00e9 pour profiter du beau temps estival dans son jardin. En effet, elle repr\u00e9sente l\u2019espace de convivialit\u00e9 id\u00e9al pour des instants de bonheur en famille ou entre amis. Qu\u2019elle soit juste \u00e0 proximit\u00e9 de la maison ou en plein milieu du jardin, elle permet d\u00e9tente et relaxation pour jouir des rayons du soleil.<\/span><\/p>\n<p><span style=\"font-weight: 400;\">Votre projet de construction de terrasse avance, la premi\u00e8re \u00e9tape est de satisfaire aux formalit\u00e9s et d\u00e9marches administratives n\u00e9cessaires. Ensuite, il vous faudra construire les fondations de terrasse. Toutes ces \u00e9tapes pass\u00e9es, il ne vous reste qu\u2019\u00e0 penser \u00e0 son rev\u00eatement. Pour le rev\u00eatement, vous avez un large \u00e9ventail de choix, allant de la pierre naturelle au carrelage en passant par la pierre reconstitu\u00e9e ou le bois naturel ou m\u00eame composite.<\/span><\/p>\n<p><span style=\"font-weight: 400;\">Tour d\u2019horizon des diff\u00e9rents mat\u00e9riaux pour votre terrasse. <\/span><\/p>\n<\/div><\/div><div class=\"w-separator size_medium\"><\/div><div class=\"w-image align_center\"><div class=\"w-image-h\"><img width=\"600\" height=\"300\" src=\"https:\/\/www.eldo.com\/guide\/wp-content\/uploads\/2022\/02\/terrasse-bois-jardin-600x300.jpg\" class=\"attachment-us_600_400 size-us_600_400\" alt=\"\" srcset=\"https:\/\/www.eldo.com\/guide\/wp-content\/uploads\/2022\/02\/terrasse-bois-jardin-600x300.jpg 600w, https:\/\/www.eldo.com\/guide\/wp-content\/uploads\/2022\/02\/terrasse-bois-jardin-300x150.jpg 300w, https:\/\/www.eldo.com\/guide\/wp-content\/uploads\/2022\/02\/terrasse-bois-jardin-1024x512.jpg 1024w, https:\/\/www.eldo.com\/guide\/wp-content\/uploads\/2022\/02\/terrasse-bois-jardin-800x400.jpg 800w, https:\/\/www.eldo.com\/guide\/wp-content\/uploads\/2022\/02\/terrasse-bois-jardin.jpg 512w\" sizes=\"(max-width: 600px) 100vw, 600px\" \/><\/div><\/div><\/div><\/div><\/div><\/div><\/div><\/section><section class=\"l-section wpb_row height_auto width_full with_overlay\"><div class=\"l-section-overlay\" style=\"background: #ffffff\"><\/div><div class=\"l-section-h i-cf\"><div class=\"g-cols vc_row type_boxes valign_middle gap-10px\"><style>.g-cols.gap-10px{margin:0 -10px}.gap-10px > .vc_column_container {padding:10px}<\/style><div class=\"vc_col-sm-12 wpb_column vc_column_container has-fill\"><div class=\"vc_column-inner us_custom_4fb9e5a3\"><div class=\"wpb_wrapper\"><div class=\"wpb_text_column\" ><div class=\"wpb_wrapper\"><h2>La pierre naturelle<\/h2>\n<p><span style=\"font-weight: 400;\">Une terrasse faite avec des dalles de pierre naturelle r\u00e9v\u00e8le un caract\u00e8re particuli\u00e8rement esth\u00e9tique. En effet, chacune des dalles pr\u00e9sente un aspect unique, apportant \u00e0 l\u2019ensemble une forme et une teinte irr\u00e9guli\u00e8re, rendant la structure authentique. G\u00e9n\u00e9ralement, les dalles de pierres naturelles ont une forme rectangulaire ou carr\u00e9e. Mais, l&rsquo;effet esth\u00e9tique peut \u00eatre accentu\u00e9 avec des coupes et des motifs volontairement dispos\u00e9s de fa\u00e7on irr\u00e9guli\u00e8re.<\/span><\/p>\n<p><span style=\"font-weight: 400;\">S\u2019agissant des types de pierre, en fonction de vos go\u00fbts, vous pourrez opter pour du granit, de l\u2019ardoise, du calcaire ou m\u00eame du marbre. Tout d\u00e9pendra des couleurs de votre ext\u00e9rieur et surtout de votre budget. Toutefois, il est vivement conseill\u00e9 de toujours choisir des pierres locales qui repr\u00e9sentent une solution \u00e9cologique et esth\u00e9tique.<\/span><\/p>\n<p><span style=\"font-weight: 400;\">Aussi, s\u2019adaptent-elles mieux au climat de la r\u00e9gion, \u00e9tant ainsi beaucoup plus r\u00e9sistantes que les pierres import\u00e9es. La terrasse en pierre est parfaite pour des maisons classiques. Son co\u00fbt est variable en fonction du type de pierre et de leur disponibilit\u00e9 sur les march\u00e9s locaux.<\/span><\/p>\n<p><span style=\"font-weight: 400;\">Attention, vous aurez \u00e0 vous habituer au froid de la pierre naturelle si vous n\u2019\u00eates pas chauss\u00e9 sur votre terrasse. Aussi, la pierre \u00e9tant particuli\u00e8rement glissante, il vous faudra songer \u00e0 une finition antid\u00e9rapante pour jouir pleinement et sans risque de votre terrasse.<\/span><\/p>\n<\/div><\/div><div class=\"w-separator size_medium\"><\/div><div class=\"w-btn-wrapper width_auto align_center\"><a class=\"w-btn us-btn-style_2\" title=\"Demander un devis\" href=\"https:\/\/devis.eldo.com\/terrasses\/france?utm_source=gmb&amp;utm_medium=SEO&amp;utm_campaign=terrasse-construction-materiaux\"><span class=\"w-btn-label\">Demander un devis<\/span><\/a><\/div><div class=\"w-separator size_medium\"><\/div><div class=\"wpb_text_column\" ><div class=\"wpb_wrapper\"><h2>La pierre reconstitu\u00e9e<\/h2>\n<p><span style=\"font-weight: 400;\">Con\u00e7ue \u00e0 partir d\u2019un bloc de ciment blanc (pour l\u2019essentiel), d\u2019agr\u00e9gats divers et de r\u00e9sine, la pierre reconstitu\u00e9e renferme une multitude de couleurs et de formes. Elle r\u00e9siste particuli\u00e8rement bien \u00e0 la neige et au gel et poss\u00e8de une long\u00e9vit\u00e9 consid\u00e9rable. Pouvant prendre l\u2019aspect de diff\u00e9rents autres mat\u00e9riaux comme le marbre, la terre cuite ou le granit, les mod\u00e8les de pierre reconstitu\u00e9e offrent de tr\u00e8s beaux effets. Les dalles de pierre reconstitu\u00e9e sont bien plus faciles \u00e0 installer que celles de pierre naturelle et \u00e9galement sont moins on\u00e9reuses. Ici aussi, cela d\u00e9pend du mod\u00e8le.<\/span><\/p>\n<p><span style=\"font-weight: 400;\">Enfin, la pierre reconstitu\u00e9e poss\u00e8de les m\u00eames inconv\u00e9nients que la pierre naturelle que sont la froideur et le caract\u00e8re glissant. Il vous faudra aussi des finitions antid\u00e9rapantes apr\u00e8s l\u2019installation de terrasse en pierre reconstitu\u00e9e.\u00a0<\/span><\/p>\n<h2>Le bois naturel<\/h2>\n<p><span style=\"font-weight: 400;\">Grand classique dans l\u2019installation de terrasse pour son caract\u00e8re chaleureux, vivant et intemporel, la terrasse bois est tout aussi agr\u00e9able au regard qu\u2019au toucher. Le bois terrasse, \u00e0 l\u2019inverse de la pierre, est chaud et organique, id\u00e9al donc pour toute personne aimant la sensation des pieds nus sur sa terrasse.\u00a0<\/span><\/p>\n<p><span style=\"font-weight: 400;\">Disposant de teintes multiples, le traitement ad\u00e9quat \u00e0 votre bois est fonction de l\u2019essence de bois choisis. Vous pourrez pr\u00e9f\u00e9rer des bois europ\u00e9ens tels que le ch\u00eane, le fr\u00eane, l\u2019acacia ou le pin, mais \u00e9galement des bois exotiques offrant plus de r\u00e9sistance. C\u00f4t\u00e9 bois exotique, vous avez le choix entre l\u2019iroko, le teck, l\u2019ip\u00e9 ou m\u00eame le cumaru.<\/span><\/p>\n<p><span style=\"font-weight: 400;\">Tous ces diff\u00e9rents arbres apportent des caract\u00e9ristiques sp\u00e9cifiques \u00e0 votre terrasse en termes de duret\u00e9, de masse et de durabilit\u00e9. Bien \u00e9videmment, votre budget, vos attentes et surtout le style de votre maison d\u00e9finiront l\u2019essence de bois la plus propice pour votre terrasse.<\/span><\/p>\n<p><span style=\"font-weight: 400;\">Le bois pr\u00e9sente, toutefois, un d\u00e9faut majeur\u00a0: son besoin constant d\u2019entretien, au risque de voir son apparence ternir. Il doit recevoir un entretien en amont afin d\u2019accro\u00eetre sa r\u00e9sistance. Puis pratiquement deux fois par an, vous devez y appliquer de l\u2019huile afin de le prot\u00e9ger des intemp\u00e9ries, champignons et insectes, et \u00e9viter qu\u2019il grise trop rapidement.\u00a0<\/span><\/p>\n<p><span style=\"font-weight: 400;\">En dehors de ce besoin constant d\u2019entretien, le bois repr\u00e9sente un mat\u00e9riau vivant tr\u00e8s solide. C\u2019est pour cela qu\u2019il est essentiel de prendre en consid\u00e9ration les particularit\u00e9s de son essence avant de faire son choix. Enfin, le <a href=\"https:\/\/www.eldo.com\/guide\/terrasse\/construction\/materiaux\/bois\">bois terrasse<\/a> est un mat\u00e9riau relativement cher, notamment les essences exotiques. Pour plus amples informations et conseils, vous pourrez faire appel \u00e0 un paysagiste. Il vous conseillera \u00e9galement sur le type de lombardes et solives \u00e0 pr\u00e9f\u00e9rer selon les contraintes.<\/span><\/p>\n<\/div><\/div><div class=\"w-separator size_medium\"><\/div><div class=\"w-btn-wrapper width_auto align_center\"><a class=\"w-btn us-btn-style_2\" title=\"Demander un devis\" href=\"https:\/\/devis.eldo.com\/terrasses\/france?utm_source=gmb&amp;utm_medium=SEO&amp;utm_campaign=terrasse-construction-materiaux\"><span class=\"w-btn-label\">Expliquer mon projet<\/span><\/a><\/div><div class=\"w-separator size_medium\"><\/div><div class=\"w-image align_center\"><div class=\"w-image-h\"><img width=\"600\" height=\"300\" src=\"https:\/\/www.eldo.com\/guide\/wp-content\/uploads\/2022\/02\/terrasse-composite-jardin-600x300.jpg\" class=\"attachment-us_600_400 size-us_600_400\" alt=\"\" srcset=\"https:\/\/www.eldo.com\/guide\/wp-content\/uploads\/2022\/02\/terrasse-composite-jardin-600x300.jpg 600w, https:\/\/www.eldo.com\/guide\/wp-content\/uploads\/2022\/02\/terrasse-composite-jardin-300x150.jpg 300w, https:\/\/www.eldo.com\/guide\/wp-content\/uploads\/2022\/02\/terrasse-composite-jardin-1024x512.jpg 1024w, https:\/\/www.eldo.com\/guide\/wp-content\/uploads\/2022\/02\/terrasse-composite-jardin-800x400.jpg 800w, https:\/\/www.eldo.com\/guide\/wp-content\/uploads\/2022\/02\/terrasse-composite-jardin.jpg 512w\" sizes=\"(max-width: 600px) 100vw, 600px\" \/><\/div><\/div><div class=\"w-separator size_medium\"><\/div><div class=\"wpb_text_column\" ><div class=\"wpb_wrapper\"><h2>Le carrelage en gr\u00e8s c\u00e9rame<\/h2>\n<p><span style=\"font-weight: 400;\">Mat\u00e9riau pr\u00e9sentant de magnifiques attraits, le carrelage en gr\u00e8s c\u00e9rame est un m\u00e9lange d\u2019argile et de composants min\u00e9raux port\u00e9s \u00e0 tr\u00e8s haute temp\u00e9rature. Il est tr\u00e8s dur et dense, garantissant une bonne durabilit\u00e9 et une r\u00e9sistance particuli\u00e8re contre les intemp\u00e9ries.<\/span><\/p>\n<p><span style=\"font-weight: 400;\">Avec un choix de coloris pratiquement illimit\u00e9, le carrelage en gr\u00e8s c\u00e9rame se d\u00e9mode rarement. Avec un aspect pouvant imiter un grand nombre de mat\u00e9riaux comme le m\u00e9tal ou le bois, le carrelage en gr\u00e8s c\u00e9rame s\u2019entretient facilement. Il faudra, cependant, faire attention \u00e0 son nettoyage, car il est particuli\u00e8rement salissant.<\/span><\/p>\n<p><span style=\"font-weight: 400;\">Tout comme la pierre, le carrelage en gr\u00e8s c\u00e9rame peut s\u2019av\u00e9rer tr\u00e8s glissant, surtout en saison pluvieuse. Il est important alors de l\u2019\u00e9quiper d\u2019antid\u00e9rapant. Avec un prix bien au-dessus de la moyenne des autres mat\u00e9riaux pour construction de terrasse, le carrelage en gr\u00e8s c\u00e9rame compense par sa bonne long\u00e9vit\u00e9 et ses autres avantages. Il pr\u00e9sente un excellent rapport qualit\u00e9-prix.<\/span><\/p>\n<\/div><\/div><div class=\"w-separator size_medium\"><\/div><div class=\"w-btn-wrapper width_auto align_center\"><a class=\"w-btn us-btn-style_2\" title=\"Demander un devis\" href=\"https:\/\/devis.eldo.com\/terrasses\/france?utm_source=gmb&amp;utm_medium=SEO&amp;utm_campaign=terrasse-construction-materiaux\"><span class=\"w-btn-label\">Demander conseil<\/span><\/a><\/div><div class=\"w-separator size_medium\"><\/div><div class=\"w-image align_center\"><div class=\"w-image-h\"><img width=\"512\" height=\"341\" src=\"https:\/\/www.eldo.com\/guide\/wp-content\/uploads\/2022\/02\/beton-615x410-1.jpg\" class=\"attachment-large size-large\" alt=\"\" srcset=\"https:\/\/www.eldo.com\/guide\/wp-content\/uploads\/2022\/02\/beton-615x410-1.jpg 512w, https:\/\/www.eldo.com\/guide\/wp-content\/uploads\/2022\/02\/beton-615x410-1-300x200.jpg 300w, https:\/\/www.eldo.com\/guide\/wp-content\/uploads\/2022\/02\/beton-615x410-1-600x400.jpg 600w\" sizes=\"(max-width: 512px) 100vw, 512px\" \/><\/div><\/div><div class=\"w-separator size_medium\"><\/div><div class=\"wpb_text_column\" ><div class=\"wpb_wrapper\"><h2>B\u00e9ton, caoutchouc, gazon synth\u00e9tique\u2026 les autres possibilit\u00e9s pour votre terrasse<\/h2>\n<p><span style=\"font-weight: 400;\">En dehors du bois, de la pierre et du carrelage, il existe une multitude d\u2019alternatives en vue de rev\u00eatir votre terrasse. Nous pouvons citer, entre autres, le caoutchouc, le b\u00e9ton et le gazon synth\u00e9tique.<\/span><\/p>\n<p><span style=\"font-weight: 400;\">Bien qu\u2019elle paraisse extravagante, la terrasse en caoutchouc est une int\u00e9ressante alternative. En effet, le caoutchouc offre une large gamme de couleurs et poss\u00e8de une bonne r\u00e9sistance. De plus, il est particuli\u00e8rement agr\u00e9able au toucher et bien souple. Vous pourrez l\u2019appliquer directement au sol sans avoir \u00e0 construire des fondations au pr\u00e9alable. Tr\u00e8s peu on\u00e9reux, il a, cependant, un aspect qui ne convient pas \u00e0 tout type de maison.<\/span><\/p>\n<p><span style=\"font-weight: 400;\">Quant \u00e0 la terrasse en b\u00e9ton, elle est rapide \u00e0 installer et solide, tout en offrant un large choix de finitions et de coloris. Vous pourrez presser, cirer votre b\u00e9ton ou tout simplement le laisser lisse. La terrasse en b\u00e9ton r\u00e9siste particuli\u00e8rement bien aux intemp\u00e9ries. Afin d\u2019imiter le carrelage, vous pourrez opter pour des dalles en b\u00e9ton gravillonn\u00e9, ces derni\u00e8res imitent \u00e9galement bien la pierre naturelle.<\/span><\/p>\n<p><span style=\"font-weight: 400;\">Enfin, le gazon synth\u00e9tique est le choix id\u00e9al pour le rev\u00eatement petites terrasses et des terrasses sur balcon. Il offre une sensation confortable et est bien moelleux, en plus de sa bonne r\u00e9sistance. La terrasse en gazon est peu on\u00e9reuse, n\u00e9cessite peu d\u2019entretien et apporte de la verdure dans votre appartement.<\/span><\/p>\n<\/div><\/div><div class=\"w-separator size_medium\"><\/div><div class=\"w-btn-wrapper width_auto align_center\"><a class=\"w-btn us-btn-style_2\" title=\"Demander un devis\" href=\"https:\/\/devis.eldo.com\/terrasses\/france?utm_source=gmb&amp;utm_medium=SEO&amp;utm_campaign=terrasse-construction-materiaux\"><span class=\"w-btn-label\">Demander un devis gratuit<\/span><\/a><\/div><\/div><\/div><\/div><\/div><\/div><\/section><section class=\"l-section wpb_row height_medium\"><div class=\"l-section-h i-cf\"><div class=\"g-cols vc_row type_default valign_top\"><div class=\"vc_col-sm-12 wpb_column vc_column_container\"><div class=\"vc_column-inner\"><div class=\"wpb_wrapper\"><div class=\"w-grid type_grid layout_portfolio_3 cols_2 valign_center ratio_1x1\" id=\"us_grid_1\"><style id=\"us_grid_1_css\">#us_grid_1 .w-grid-item{padding:1.5rem}#us_grid_1 .w-grid-list{margin:-1.5rem}.w-grid + #us_grid_1 .w-grid-list{margin-top:1.5rem}@media (max-width:599px){#us_grid_1 .w-grid-list{margin:0}#us_grid_1 .w-grid-item{width:100.0000%;padding:0;margin-bottom:1.5rem}}<\/style><style>.layout_portfolio_3 .w-grid-item-h:before{padding-bottom:100.0000%}@media (min-width:600px){.layout_portfolio_3 .w-grid-item.size_1x2 .w-grid-item-h:before{padding-bottom:calc(200.0000% + 1.5rem + 1.5rem)}.layout_portfolio_3 .w-grid-item.size_2x1 .w-grid-item-h:before{padding-bottom:calc(50.0000% - 1.5rem * 1.0000)}.layout_portfolio_3 .w-grid-item.size_2x2 .w-grid-item-h:before{padding-bottom:calc(100.0000% - 1.5rem * 0)}}.layout_portfolio_3 .w-grid-item-h{}.layout_portfolio_3 .usg_post_image_1{transition-duration:0.4s;transform-origin:50% 50%;transform:scale(1) translate(0,0);opacity:0.25}.layout_portfolio_3 .w-grid-item-h:hover .usg_post_image_1{transform:scale(1) translate(0,0);opacity:1}.layout_portfolio_3 .usg_post_title_1{transition-duration:0.3s;transform-origin:50% 50%;transform:scale(1) translate(0,0)}.layout_portfolio_3 .w-grid-item-h:hover .usg_post_title_1{transform:scale(1) translate(0,-100%);opacity:0}.layout_portfolio_3 .usg_post_taxonomy_1{transition-duration:0.3s;transform-origin:50% 50%;transform:scale(1) translate(0,0)}.layout_portfolio_3 .w-grid-item-h:hover .usg_post_taxonomy_1{transform:scale(1) translate(0,100%);opacity:0}.layout_portfolio_3 .usg_post_image_1{position:absolute!important;top:0!important;right:0!important;bottom:0!important;left:0!important}.layout_portfolio_3 .usg_vwrapper_1{position:absolute!important;top:0!important;right:0!important;bottom:0!important;left:0!important;padding:2rem!important}.layout_portfolio_3 .usg_post_title_1{color:inherit!important;font-size:1.4rem!important}<\/style><div class=\"w-grid-list\" >\t<article class=\"w-grid-item size_1x1 post-7335 page type-page status-publish has-post-thumbnail hentry\" data-id=\"7335\">\r\n\t\t<div class=\"w-grid-item-h\">\r\n\t\t\t\t\t\t\t<a class=\"w-grid-item-anchor\" href=\"https:\/\/www.eldo.com\/guide\/terrasse\/construction\/materiaux\/bois\" rel=\"bookmark\" aria-label=\"Le bois pour une terrasse\"><\/a>\r\n\t\t\t\t\t\t<div class=\"w-post-elm post_image usg_post_image_1 stretched\"><img width=\"1024\" height=\"577\" src=\"https:\/\/www.eldo.com\/guide\/wp-content\/uploads\/2021\/07\/Sans-titre-82-1024x577.jpg\" class=\"attachment-large size-large wp-post-image\" alt=\"terrasse en bois\" srcset=\"https:\/\/www.eldo.com\/guide\/wp-content\/uploads\/2021\/07\/Sans-titre-82-1024x577.jpg 1024w, https:\/\/www.eldo.com\/guide\/wp-content\/uploads\/2021\/07\/Sans-titre-82-300x169.jpg 300w, https:\/\/www.eldo.com\/guide\/wp-content\/uploads\/2021\/07\/Sans-titre-82-600x338.jpg 600w, https:\/\/www.eldo.com\/guide\/wp-content\/uploads\/2021\/07\/Sans-titre-82-800x451.jpg 800w, https:\/\/www.eldo.com\/guide\/wp-content\/uploads\/2021\/07\/Sans-titre-82.jpg 512w\" sizes=\"(max-width: 1024px) 100vw, 1024px\" \/><\/div><div class=\"w-vwrapper usg_vwrapper_1 align_center valign_middle\"><h2 class=\"w-post-elm post_title usg_post_title_1 entry-title color_link_inherit has_text_color\">Le bois pour une terrasse<\/h2><\/div>\t\t<\/div>\r\n\t<\/article>\r\n<\/div><div class=\"w-grid-preloader\"><div class=\"g-preloader type_1\">\r\n\t<div><\/div>\r\n<\/div>\r\n<\/div>\t<div class=\"w-grid-json hidden\" onclick='return {&quot;action&quot;:&quot;us_ajax_grid&quot;,&quot;ajax_url&quot;:&quot;https:\\\/\\\/www.eldo.com\\\/guide\\\/wp-admin\\\/admin-ajax.php&quot;,&quot;infinite_scroll&quot;:0,&quot;max_num_pages&quot;:1,&quot;pagination&quot;:&quot;none&quot;,&quot;permalink_url&quot;:&quot;https:\\\/\\\/www.eldo.com\\\/guide\\\/wp-json\\\/wp\\\/v2\\\/pages\\\/7319&quot;,&quot;template_vars&quot;:{&quot;columns&quot;:&quot;2&quot;,&quot;exclude_items&quot;:&quot;none&quot;,&quot;img_size&quot;:&quot;default&quot;,&quot;ignore_items_size&quot;:false,&quot;items_layout&quot;:&quot;portfolio_3&quot;,&quot;items_offset&quot;:&quot;1&quot;,&quot;load_animation&quot;:&quot;none&quot;,&quot;overriding_link&quot;:&quot;post&quot;,&quot;post_id&quot;:7319,&quot;query_args&quot;:{&quot;ignore_sticky_posts&quot;:1,&quot;post_type&quot;:&quot;any&quot;,&quot;post__in&quot;:[&quot;7335&quot;],&quot;posts_per_page&quot;:&quot;10&quot;},&quot;orderby_query_args&quot;:{&quot;orderby&quot;:{&quot;date&quot;:&quot;DESC&quot;}},&quot;type&quot;:&quot;grid&quot;,&quot;us_grid_ajax_index&quot;:1,&quot;us_grid_filter_params&quot;:null,&quot;us_grid_index&quot;:1,&quot;_us_grid_post_type&quot;:&quot;ids&quot;}}'><\/div>\r\n\t<\/div><\/div><\/div><\/div><\/div><\/div><\/section><section class=\"l-section wpb_row us_custom_e91755c2 height_auto width_full with_overlay\"><div class=\"l-section-overlay\" style=\"background: #ebebeb\"><\/div><div class=\"l-section-h i-cf\"><div class=\"g-cols vc_row type_boxes valign_middle\"><div class=\"vc_col-sm-12 wpb_column vc_column_container has-fill\"><div class=\"vc_column-inner us_custom_24a6e98c\"><div class=\"wpb_wrapper\"><p class=\"w-itext us_custom_6df4bc3a type_typingChars align_center\" onclick='return {&quot;duration&quot;:300,&quot;delay&quot;:2000,&quot;disablePartAnimation&quot;:false,&quot;dynamicColor&quot;:&quot;#ffffff&quot;,&quot;html_nbsp_char&quot;:true}'>Je\u00a0cherche\u00a0un\u00a0pro\u00a0\u00e0\u00a0<span class=\"w-itext-part changesat_0 changesat_1 changesat_2 changesat_3 changesat_4 dynamic\" style=\"color:#ffffff\" onclick='return [&quot;Bordeaux&quot;,&quot;Toulouse&quot;,&quot;Paris&quot;,&quot;Nantes&quot;,&quot;Marseille&quot;]'><span>Bordeaux<\/span><i class=\"w-itext-cursor\"><\/i><\/span><\/p><div class=\"w-separator size_medium\"><\/div><div class=\"w-btn-wrapper width_auto align_center\"><a class=\"w-btn us-btn-style_2\" title=\"Demander un devis\" href=\"https:\/\/devis.eldo.com\/terrasses\/france?utm_source=gmb&amp;utm_medium=SEO&amp;utm_campaign=terrasse-construction-materiaux\"><span class=\"w-btn-label\">Trouver un pro de confiance<\/span><\/a><\/div><\/div><\/div><\/div><\/div><\/div><\/section>\n","protected":false},"excerpt":{"rendered":"Quel est le meilleur bois pour une terrasse\u00a0? Guides travauxPages Mat\u00e9riau noble, le bois est tr\u00e8s pris\u00e9 pour la confection de terrasse. C\u2019est un mat\u00e9riau tr\u00e8s beau, pratique, facile \u00e0 travailler et bien l\u00e9ger permettant une construction sur pilotis ou encore sur plot. \u00c9galement, le bois facilite l\u2019am\u00e9nagement de terrasse au niveau des endroits compliqu\u00e9s....","protected":false},"author":5,"featured_media":7304,"parent":7273,"menu_order":0,"comment_status":"closed","ping_status":"closed","template":"","meta":[],"page_tags":[],"_links":{"self":[{"href":"https:\/\/www.eldo.com\/guide\/wp-json\/wp\/v2\/pages\/7319"}],"collection":[{"href":"https:\/\/www.eldo.com\/guide\/wp-json\/wp\/v2\/pages"}],"about":[{"href":"https:\/\/www.eldo.com\/guide\/wp-json\/wp\/v2\/types\/page"}],"author":[{"embeddable":true,"href":"https:\/\/www.eldo.com\/guide\/wp-json\/wp\/v2\/users\/5"}],"replies":[{"embeddable":true,"href":"https:\/\/www.eldo.com\/guide\/wp-json\/wp\/v2\/comments?post=7319"}],"version-history":[{"count":12,"href":"https:\/\/www.eldo.com\/guide\/wp-json\/wp\/v2\/pages\/7319\/revisions"}],"predecessor-version":[{"id":10770,"href":"https:\/\/www.eldo.com\/guide\/wp-json\/wp\/v2\/pages\/7319\/revisions\/10770"}],"up":[{"embeddable":true,"href":"https:\/\/www.eldo.com\/guide\/wp-json\/wp\/v2\/pages\/7273"}],"wp:featuredmedia":[{"embeddable":true,"href":"https:\/\/www.eldo.com\/guide\/wp-json\/wp\/v2\/media\/7304"}],"wp:attachment":[{"href":"https:\/\/www.eldo.com\/guide\/wp-json\/wp\/v2\/media?parent=7319"}],"wp:term":[{"taxonomy":"page_tags","embeddable":true,"href":"https:\/\/www.eldo.com\/guide\/wp-json\/wp\/v2\/page_tags?post=7319"}],"curies":[{"name":"wp","href":"https:\/\/api.w.org\/{rel}","templated":true}]}}