{"id":7309,"date":"2022-02-23T15:18:47","date_gmt":"2022-02-23T15:18:47","guid":{"rendered":"https:\/\/www.eldo.com\/guide\/?page_id=7309"},"modified":"2022-04-20T13:23:31","modified_gmt":"2022-04-20T13:23:31","slug":"terrasse-fondation","status":"publish","type":"page","link":"https:\/\/www.eldo.com\/guide\/terrasse\/construction\/fondation","title":{"rendered":"Fondation d&rsquo;une terrasse"},"content":{"rendered":"<section class=\"l-section wpb_row us_custom_e4eb24e1 height_auto width_full with_overlay\"><div class=\"l-section-overlay\" style=\"background: #ffffff\"><\/div><div class=\"l-section-h i-cf\"><div class=\"g-cols vc_row type_boxes valign_middle gap-10px\"><style>.g-cols.gap-10px{margin:0 -10px}.gap-10px > .vc_column_container {padding:10px}<\/style><div class=\"vc_col-sm-12 wpb_column vc_column_container has-fill has_text_color\"><div class=\"vc_column-inner us_custom_cb1fd0d8\"><div class=\"wpb_wrapper\"><div class=\"wpb_text_column us_custom_cef92e06 has_text_color\" ><div class=\"wpb_wrapper\"><h1 style=\"text-align: center;\">Comment faire les fondations de sa terrasse\u2009?<\/h1>\n<\/div><\/div><div class=\"w-separator size_medium\"><\/div><ol class=\"g-breadcrumbs us_custom_cef92e06 separator_icon align_left has_text_color\"><li class=\"g-breadcrumbs-item\"><a href=\"https:\/\/www.eldo.com\/guide\/\">Guides travaux<\/a><meta content=\"1\"\/><\/li><li class=\"g-breadcrumbs-separator\"><i class=\"far fa-angle-right\"><\/i><\/li><li class=\"g-breadcrumbs-item\">Pages<\/li><\/ol><\/div><\/div><\/div><div class=\"vc_col-sm-12 wpb_column vc_column_container\"><div class=\"vc_column-inner\"><div class=\"wpb_wrapper\"><div class=\"wpb_text_column us_custom_ae99f6aa has_text_color\" ><div class=\"wpb_wrapper\">\n<\/div><\/div><div class=\"wpb_text_column us_custom_ae99f6aa has_text_color\" ><div class=\"wpb_wrapper\"><p><span style=\"font-weight: 400;\">La terrasse offre une v\u00e9ritable ouverture sur l\u2019ext\u00e9rieur. Elle constitue un espace sur lequel toute la famille pourra profiter en \u00e9t\u00e9 du bon temps et de moments de convivialit\u00e9.<\/span><\/p>\n<p><span style=\"font-weight: 400;\">Si l\u2019id\u00e9e d\u2019am\u00e9nagement ou de construction d\u2019une terrasse vous s\u00e9duit, vous devrez, toutefois, vous informer sur les d\u00e9marches \u00e0 suivre pour l\u2019installation de terrasse. En effet, vous pourrez \u00eatre amen\u00e9 \u00e0 effectuer des d\u00e9marches administratives en fonction du Plan Local d\u2019Urbanisme de votre r\u00e9gion.\u00a0<\/span><\/p>\n<p><span style=\"font-weight: 400;\">Mais si toutes les formalit\u00e9s ont \u00e9t\u00e9 accomplies couronn\u00e9es par l\u2019obtention du permis de construire, la premi\u00e8re \u00e9tape consistera \u00e0 r\u00e9aliser les fondations de votre terrasse.\u00a0<\/span><\/p>\n<p><span style=\"font-weight: 400;\">Tutoriel pour bien faire les fondations de sa terrasse.<\/span><\/p>\n<\/div><\/div><div class=\"w-separator size_medium\"><\/div><div class=\"w-image align_center\"><div class=\"w-image-h\"><img width=\"512\" height=\"288\" src=\"https:\/\/www.eldo.com\/guide\/wp-content\/uploads\/2022\/02\/istockphoto-1328873770-612x612-2.jpg\" class=\"attachment-large size-large\" alt=\"\" srcset=\"https:\/\/www.eldo.com\/guide\/wp-content\/uploads\/2022\/02\/istockphoto-1328873770-612x612-2.jpg 512w, https:\/\/www.eldo.com\/guide\/wp-content\/uploads\/2022\/02\/istockphoto-1328873770-612x612-2-300x169.jpg 300w, https:\/\/www.eldo.com\/guide\/wp-content\/uploads\/2022\/02\/istockphoto-1328873770-612x612-2-600x337.jpg 600w\" sizes=\"(max-width: 512px) 100vw, 512px\" \/><\/div><\/div><\/div><\/div><\/div><\/div><\/div><\/section><section class=\"l-section wpb_row height_auto width_full with_overlay\"><div class=\"l-section-overlay\" style=\"background: #ffffff\"><\/div><div class=\"l-section-h i-cf\"><div class=\"g-cols vc_row type_boxes valign_middle gap-10px\"><style>.g-cols.gap-10px{margin:0 -10px}.gap-10px > .vc_column_container {padding:10px}<\/style><div class=\"vc_col-sm-12 wpb_column vc_column_container has-fill\"><div class=\"vc_column-inner us_custom_4fb9e5a3\"><div class=\"wpb_wrapper\"><div \" class=\"faq_question_container\"><h2 class=\"faq_question_title\">Comment prendre les mesures ?<\/h2><div class=\"faq_question_content\"><p><span style=\"font-weight: 400;\">La toute premi\u00e8re \u00e9tape, avant m\u00eame de d\u00e9limiter le terrain devant abriter la terrasse, consiste \u00e0 d\u00e9terminer l\u2019emplacement id\u00e9al pour votre future terrasse. Pour identifier l\u2019emplacement id\u00e9al pour votre terrasse, prenez en consid\u00e9ration l\u2019ensoleillement de la partie du jardin et surtout son orientation.<\/span><\/p>\n<p><span style=\"font-weight: 400;\">Ensuite, il vous faudra d\u00e9finir les dimensions de la surface de plancher et en d\u00e9limiter la forme afin de favoriser une bonne circulation sur votre nouvelle terrasse. Vous pourrez, pour ce faire, utiliser des cordons et des piquets en vue de mieux visualiser l\u2019espace n\u00e9cessaire. Aussi, ce pr\u00e9alable facilite-t-il grandement la suite des op\u00e9rations.<\/span><\/p>\n<p><span style=\"font-weight: 400;\">En effet, vous aurez, de ce fait, une id\u00e9e pr\u00e9cise de la surface totale de votre plancher. Cela vous permettra d\u2019estimer, avec une certaine pr\u00e9cision, la quantit\u00e9 exacte de mat\u00e9riaux qu\u2019il vous faudra pour la construction.<\/span><\/p>\n<\/div><\/div><div class=\"w-separator size_medium\"><\/div><div class=\"w-btn-wrapper width_auto align_center\"><a class=\"w-btn us-btn-style_2\" title=\"Demander un devis\" href=\"https:\/\/devis.eldo.com\/terrasses\/france?utm_source=gmb&amp;utm_medium=SEO&amp;utm_campaign=terrasse-construction-fondation\"><span class=\"w-btn-label\">Demander un devis<\/span><\/a><\/div><div class=\"w-separator size_medium\"><\/div><div \" class=\"faq_question_container\"><h2 class=\"faq_question_title\">Comment pr\u00e9parer le sol ?<\/h2><div class=\"faq_question_content\"><p><span style=\"font-weight: 400;\">Apr\u00e8s avoir pris les dimensions de votre future terrasse et d\u00e9limit\u00e9 son espace, vous passerez \u00e0 une phase assez importante\u00a0: celle de la pr\u00e9paration du sol. La construction de terrasse n\u00e9cessite, en effet, un sol plat, mais \u00e9galement inclin\u00e9 pour favoriser l\u2019\u00e9vacuation des eaux de pluie. Il vous faudra proc\u00e9der \u00e0 un terrassement et \u00e0 un nivelage du sol \u00e0 l\u2019aide d\u2019outils de bricolage et de ma\u00e7onnerie comme le niveau \u00e0 bulle.\u00a0<\/span><\/p>\n<p><span style=\"font-weight: 400;\">Pour ce faire, il vous faudra d\u00e9caisser la portion du terrain d\u00e9limit\u00e9. Le d\u00e9caissement doit se faire \u00e0 20 centim\u00e8tres de profondeur au moins. Si votre terrasse a une superficie inf\u00e9rieure \u00e0 10 m\u00e8tres carr\u00e9s, vous pourrez ais\u00e9ment creuser la fouille avec une b\u00eache ou une simple pelle \u00e0 main. Dans le cas contraire, il serait plus judicieux de vous munir d\u2019une minipelle pour cette t\u00e2che.<\/span><\/p>\n<p><span style=\"font-weight: 400;\">En fonction de la taille et de la composition du sol, il pourra vous \u00eatre n\u00e9cessaire d\u2019utiliser des outils plus professionnels comme une pioche ou du mat\u00e9riel m\u00e9canique avanc\u00e9.<\/span><\/p>\n<p><span style=\"font-weight: 400;\">Surtout, prenez soin de vous rappeler l\u2019inclinaison pour l\u2019\u00e9coulement des eaux de pluie. Au cas o\u00f9 il ne serait pas pr\u00e9vu de couvrir votre terrasse, par un auvent, par exemple, le sol que vous creusez doit \u00eatre inclin\u00e9 vers le jardin \u00e0 1\u00a0% tout au moins. C\u2019est-\u00e0-dire qu\u2019il conna\u00eetra une inclinaison d\u2019un centim\u00e8tre par m\u00e8tre.\u00a0<\/span><\/p>\n<p><span style=\"font-weight: 400;\">Ensuite, d\u00e9versez \u00e0 l\u2019int\u00e9rieur environ 10\u00a0cm de gravats, puis tassez-les \u00e0 l\u2019aide d\u2019une dame de ma\u00e7on. Ensuite, avec un film polyane, recouvrez le fond en vue d\u2019emp\u00eacher toute remont\u00e9e d\u2019humidit\u00e9.\u00a0<\/span><\/p>\n<p><span style=\"font-weight: 400;\">Enfin, s\u00e9parez la dalle de la bordure du b\u00e2timent avec une bande compressible de 10\u00a0mm d\u2019\u00e9paisseur au moins, ou bien un joint de d\u00e9solidarisation.<\/span><\/p>\n<\/div><\/div><div class=\"w-separator size_medium\"><\/div><div class=\"w-btn-wrapper width_auto align_center\"><a class=\"w-btn us-btn-style_2\" title=\"Demander un devis\" href=\"https:\/\/devis.eldo.com\/terrasses\/france?utm_source=gmb&amp;utm_medium=SEO&amp;utm_campaign=terrasse-construction-fondation\"><span class=\"w-btn-label\">Expliquer mon projet<\/span><\/a><\/div><div class=\"w-separator size_medium\"><\/div><div class=\"w-image align_center\"><div class=\"w-image-h\"><img width=\"512\" height=\"341\" src=\"https:\/\/www.eldo.com\/guide\/wp-content\/uploads\/2022\/02\/istockphoto-1027097284-612x612-1.jpg\" class=\"attachment-large size-large\" alt=\"\" srcset=\"https:\/\/www.eldo.com\/guide\/wp-content\/uploads\/2022\/02\/istockphoto-1027097284-612x612-1.jpg 512w, https:\/\/www.eldo.com\/guide\/wp-content\/uploads\/2022\/02\/istockphoto-1027097284-612x612-1-300x200.jpg 300w, https:\/\/www.eldo.com\/guide\/wp-content\/uploads\/2022\/02\/istockphoto-1027097284-612x612-1-600x400.jpg 600w\" sizes=\"(max-width: 512px) 100vw, 512px\" \/><\/div><\/div><div class=\"w-separator size_medium\"><\/div><div \" class=\"faq_question_container\"><h2 class=\"faq_question_title\">Comment r\u00e9aliser le coffrage et placer l\u2019armature ?<\/h2><div class=\"faq_question_content\"><p><span style=\"font-weight: 400;\">Apr\u00e8s avoir d\u00e9pos\u00e9 et tass\u00e9 les gravats, l\u2019\u00e9tape suivante est le coffrage afin de couler la dalle en b\u00e9ton. Lorsque votre terrasse est adjacente \u00e0 votre maison, il ne faut pas qu\u2019elle d\u00e9passe le seuil des portes. Laissez alors un espace de 3 centim\u00e8tres au plus en dessous du seuil des portes afin d\u2019\u00e9viter les inondations. Les techniques de coffrage diff\u00e8rent en fonction de la nature de votre sol.<\/span><\/p>\n<p><span style=\"font-weight: 400;\">S\u2019il s\u2019agit d\u2019un sol dur, vous devez poser le coffrage avec des planches de bois tout le long de l\u2019excavation. Prenez soin d\u2019espacer vos planches avec des joints de dilatation en PVC. Ensuite, vous pourrez verser une premi\u00e8re couche de b\u00e9ton afin de pr\u00e9parer le sol et laissez reposer. Puis, disposez le reste du b\u00e9ton en prenant soin de bien le r\u00e9partir sur tout l\u2019espace et laissez s\u00e9cher avant de retirer le coffrage.\u00a0<\/span><\/p>\n<p><span style=\"font-weight: 400;\">Par contre, lorsqu\u2019il s\u2019agit de sol meuble, apr\u00e8s avoir vers\u00e9 et tass\u00e9 les gravats, recouvrez tout d&rsquo;abord l\u2019ensemble d\u2019un film protecteur. Ensuite, d\u00e9versez du sable au fond un lit de sable et de fins cailloux. Veillez \u00e0 bien \u00e9taler de sorte que le m\u00e9lange recouvre toute la surface, et damez en vue d\u2019obtenir une surface bien compacte et plane.\u00a0<\/span><\/p>\n<p><span style=\"font-weight: 400;\">Face \u00e0 de grandes surfaces de plancher, vous pourrez diviser votre terrasse en sections de 15 m\u00e8tres carr\u00e9s chacune afin de faciliter une bonne dilatation du b\u00e9ton. Pour ce faire, servez-vous de joints de dilatation. Entre deux joints de dilatation, laissez un espace inf\u00e9rieur \u00e0 la longueur d\u2019une r\u00e8gle de ma\u00e7on.\u00a0<\/span><\/p>\n<p><span style=\"font-weight: 400;\">Enfin, \u00e9laborez un treillis, puis installez-le en sur\u00e9l\u00e9vation de 5\u00a0cm par rapport au sol environ. Vous pourrez disposer des parpaings ou des briques pour les maintenir sur\u00e9lev\u00e9s. Mais, attention, pr\u00e9voyez une l\u00e9g\u00e8re marge, environ 3\u00a0cm, \u00e0 la p\u00e9riph\u00e9rie afin que le b\u00e9ton puisse enti\u00e8rement le recouvrir.<\/span><\/p>\n<\/div><\/div><div class=\"w-separator size_medium\"><\/div><div class=\"w-btn-wrapper width_auto align_center\"><a class=\"w-btn us-btn-style_2\" title=\"Demander un devis\" href=\"https:\/\/devis.eldo.com\/terrasses\/france?utm_source=gmb&amp;utm_medium=SEO&amp;utm_campaign=terrasse\"><span class=\"w-btn-label\">Demander conseil<\/span><\/a><\/div><div class=\"w-separator size_medium\"><\/div><div class=\"w-image align_center\"><div class=\"w-image-h\"><img width=\"512\" height=\"341\" src=\"https:\/\/www.eldo.com\/guide\/wp-content\/uploads\/2022\/02\/istockphoto-1073903086-612x612-1.jpg\" class=\"attachment-large size-large\" alt=\"\" srcset=\"https:\/\/www.eldo.com\/guide\/wp-content\/uploads\/2022\/02\/istockphoto-1073903086-612x612-1.jpg 512w, https:\/\/www.eldo.com\/guide\/wp-content\/uploads\/2022\/02\/istockphoto-1073903086-612x612-1-300x200.jpg 300w, https:\/\/www.eldo.com\/guide\/wp-content\/uploads\/2022\/02\/istockphoto-1073903086-612x612-1-600x400.jpg 600w\" sizes=\"(max-width: 512px) 100vw, 512px\" \/><\/div><\/div><div class=\"w-separator size_medium\"><\/div><div class=\"wpb_text_column\" ><div class=\"wpb_wrapper\"><h2>Coulez le b\u00e9ton<\/h2>\n<p><span style=\"font-weight: 400;\">Pour le coulage de la dalle, vous devez commencer \u00e0 partir de la fa\u00e7ade pour \u00e9voluer vers l\u2019ext\u00e9rieur, veillez \u00e0 toujours bien \u00e9galiser la surface avec une r\u00e8gle de ma\u00e7on. Attendez pratiquement une journ\u00e9e enti\u00e8re avant de proc\u00e9der au d\u00e9coffrage et laissez s\u00e9cher.<\/span><\/p>\n<p><span style=\"font-weight: 400;\">Puisqu\u2019il faut \u00e9viter que le b\u00e9ton s\u00e8che trop vite, recouvrez la surface de votre future terrasse \u00e0 l\u2019aide d\u2019une b\u00e2che. Laissez-le recouvert pendant trois jours au moins.<\/span><\/p>\n<h2>Choisissez et posez le rev\u00eatement<\/h2>\n<p><span style=\"font-weight: 400;\">Il est g\u00e9n\u00e9ralement conseill\u00e9 de patienter deux semaines \u00e0 un mois au moins, parfois m\u00eame deux mois pleins avant de proc\u00e9der \u00e0 la pose du rev\u00eatement. \u00c0 ce sujet, vous avez l\u2019embarras du choix pour le type de rev\u00eatement pour votre terrasse.\u00a0<\/span><\/p>\n<p><span style=\"font-weight: 400;\">Vous pourrez placer du bois afin d\u2019apporter \u00e0 votre jardin un style \u00e9colo ou du b\u00e9ton pour donner du caract\u00e8re et de la permanence. Aussi, pourrez-vous opter pour une solution douce et naturelle comme la pierre ou m\u00eame extravagante comme le composite.<\/span><\/p>\n<p><span style=\"font-weight: 400;\">Toutefois, souvenez-vous que la construction d\u2019une terrasse demande de fortes aptitudes en bricolage et de bonnes notions en ma\u00e7onnerie et menuiserie. Pour \u00e9viter les malfa\u00e7ons au niveau des finitions, il est toujours conseill\u00e9 de faire appel \u00e0 un sp\u00e9cialiste pour conduire les travaux de votre projet de construction.<\/span><\/p>\n<\/div><\/div><div class=\"w-separator size_medium\"><\/div><div class=\"w-btn-wrapper width_auto align_center\"><a class=\"w-btn us-btn-style_2\" title=\"Demander un devis\" href=\"https:\/\/devis.eldo.com\/terrasses\/france?utm_source=gmb&amp;utm_medium=SEO&amp;utm_campaign=terrasse-construction-fondation\"><span class=\"w-btn-label\">Demander un devis gratuit<\/span><\/a><\/div><\/div><\/div><\/div><\/div><\/div><\/section><section class=\"l-section wpb_row height_medium\"><div class=\"l-section-h i-cf\"><div class=\"g-cols vc_row type_default valign_top\"><div class=\"vc_col-sm-12 wpb_column vc_column_container\"><div class=\"vc_column-inner\"><div class=\"wpb_wrapper\"><div class=\"w-grid type_grid layout_portfolio_3 cols_2 valign_center ratio_1x1\" id=\"us_grid_1\"><style id=\"us_grid_1_css\">#us_grid_1 .w-grid-item{padding:1.5rem}#us_grid_1 .w-grid-list{margin:-1.5rem}.w-grid + #us_grid_1 .w-grid-list{margin-top:1.5rem}@media (max-width:599px){#us_grid_1 .w-grid-list{margin:0}#us_grid_1 .w-grid-item{width:100.0000%;padding:0;margin-bottom:1.5rem}}<\/style><style>.layout_portfolio_3 .w-grid-item-h:before{padding-bottom:100.0000%}@media (min-width:600px){.layout_portfolio_3 .w-grid-item.size_1x2 .w-grid-item-h:before{padding-bottom:calc(200.0000% + 1.5rem + 1.5rem)}.layout_portfolio_3 .w-grid-item.size_2x1 .w-grid-item-h:before{padding-bottom:calc(50.0000% - 1.5rem * 1.0000)}.layout_portfolio_3 .w-grid-item.size_2x2 .w-grid-item-h:before{padding-bottom:calc(100.0000% - 1.5rem * 0)}}.layout_portfolio_3 .w-grid-item-h{}.layout_portfolio_3 .usg_post_image_1{transition-duration:0.4s;transform-origin:50% 50%;transform:scale(1) translate(0,0);opacity:0.25}.layout_portfolio_3 .w-grid-item-h:hover .usg_post_image_1{transform:scale(1) translate(0,0);opacity:1}.layout_portfolio_3 .usg_post_title_1{transition-duration:0.3s;transform-origin:50% 50%;transform:scale(1) translate(0,0)}.layout_portfolio_3 .w-grid-item-h:hover .usg_post_title_1{transform:scale(1) translate(0,-100%);opacity:0}.layout_portfolio_3 .usg_post_taxonomy_1{transition-duration:0.3s;transform-origin:50% 50%;transform:scale(1) translate(0,0)}.layout_portfolio_3 .w-grid-item-h:hover .usg_post_taxonomy_1{transform:scale(1) translate(0,100%);opacity:0}.layout_portfolio_3 .usg_post_image_1{position:absolute!important;top:0!important;right:0!important;bottom:0!important;left:0!important}.layout_portfolio_3 .usg_vwrapper_1{position:absolute!important;top:0!important;right:0!important;bottom:0!important;left:0!important;padding:2rem!important}.layout_portfolio_3 .usg_post_title_1{color:inherit!important;font-size:1.4rem!important}<\/style><div class=\"w-grid-list\" >\t<article class=\"w-grid-item size_1x1 post-7319 page type-page status-publish has-post-thumbnail hentry\" data-id=\"7319\">\r\n\t\t<div class=\"w-grid-item-h\">\r\n\t\t\t\t\t\t\t<a class=\"w-grid-item-anchor\" href=\"https:\/\/www.eldo.com\/guide\/terrasse\/construction\/materiaux\" rel=\"bookmark\" aria-label=\"Mat\u00e9riaux d&rsquo;une terrasse\"><\/a>\r\n\t\t\t\t\t\t<div class=\"w-post-elm post_image usg_post_image_1 stretched\"><img width=\"1024\" height=\"576\" src=\"https:\/\/www.eldo.com\/guide\/wp-content\/uploads\/2022\/02\/29733841-terrasse-pilotis-1024x576.jpg\" class=\"attachment-large size-large wp-post-image\" alt=\"\" srcset=\"https:\/\/www.eldo.com\/guide\/wp-content\/uploads\/2022\/02\/29733841-terrasse-pilotis-1024x576.jpg 1024w, https:\/\/www.eldo.com\/guide\/wp-content\/uploads\/2022\/02\/29733841-terrasse-pilotis-300x169.jpg 300w, https:\/\/www.eldo.com\/guide\/wp-content\/uploads\/2022\/02\/29733841-terrasse-pilotis-600x337.jpg 600w, https:\/\/www.eldo.com\/guide\/wp-content\/uploads\/2022\/02\/29733841-terrasse-pilotis-800x450.jpg 800w, https:\/\/www.eldo.com\/guide\/wp-content\/uploads\/2022\/02\/29733841-terrasse-pilotis.jpg 512w\" sizes=\"(max-width: 1024px) 100vw, 1024px\" \/><\/div><div class=\"w-vwrapper usg_vwrapper_1 align_center valign_middle\"><h2 class=\"w-post-elm post_title usg_post_title_1 entry-title color_link_inherit has_text_color\">Mat\u00e9riaux d&rsquo;une terrasse<\/h2><\/div>\t\t<\/div>\r\n\t<\/article>\r\n\t<article class=\"w-grid-item size_1x1 post-7291 page type-page status-publish has-post-thumbnail hentry\" data-id=\"7291\">\r\n\t\t<div class=\"w-grid-item-h\">\r\n\t\t\t\t\t\t\t<a class=\"w-grid-item-anchor\" href=\"https:\/\/www.eldo.com\/guide\/terrasse\/construction\/demarche-administrative\" rel=\"bookmark\" aria-label=\"Terrasse d\u00e9marches administratives\"><\/a>\r\n\t\t\t\t\t\t<div class=\"w-post-elm post_image usg_post_image_1 stretched\"><img width=\"512\" height=\"315\" src=\"https:\/\/www.eldo.com\/guide\/wp-content\/uploads\/2022\/02\/lame-de-terrasse-exotique-bambou-landes.jpg\" class=\"attachment-large size-large wp-post-image\" alt=\"\" srcset=\"https:\/\/www.eldo.com\/guide\/wp-content\/uploads\/2022\/02\/lame-de-terrasse-exotique-bambou-landes.jpg 512w, https:\/\/www.eldo.com\/guide\/wp-content\/uploads\/2022\/02\/lame-de-terrasse-exotique-bambou-landes-300x185.jpg 300w, https:\/\/www.eldo.com\/guide\/wp-content\/uploads\/2022\/02\/lame-de-terrasse-exotique-bambou-landes-600x370.jpg 600w, https:\/\/www.eldo.com\/guide\/wp-content\/uploads\/2022\/02\/lame-de-terrasse-exotique-bambou-landes-800x493.jpg 800w\" sizes=\"(max-width: 512px) 100vw, 512px\" \/><\/div><div class=\"w-vwrapper usg_vwrapper_1 align_center valign_middle\"><h2 class=\"w-post-elm post_title usg_post_title_1 entry-title color_link_inherit has_text_color\">Terrasse d\u00e9marches administratives<\/h2><\/div>\t\t<\/div>\r\n\t<\/article>\r\n<\/div><div class=\"w-grid-preloader\"><div class=\"g-preloader type_1\">\r\n\t<div><\/div>\r\n<\/div>\r\n<\/div>\t<div class=\"w-grid-json hidden\" onclick='return {&quot;action&quot;:&quot;us_ajax_grid&quot;,&quot;ajax_url&quot;:&quot;https:\\\/\\\/www.eldo.com\\\/guide\\\/wp-admin\\\/admin-ajax.php&quot;,&quot;infinite_scroll&quot;:0,&quot;max_num_pages&quot;:1,&quot;pagination&quot;:&quot;none&quot;,&quot;permalink_url&quot;:&quot;https:\\\/\\\/www.eldo.com\\\/guide\\\/wp-json\\\/wp\\\/v2\\\/pages\\\/7309&quot;,&quot;template_vars&quot;:{&quot;columns&quot;:&quot;2&quot;,&quot;exclude_items&quot;:&quot;none&quot;,&quot;img_size&quot;:&quot;default&quot;,&quot;ignore_items_size&quot;:false,&quot;items_layout&quot;:&quot;portfolio_3&quot;,&quot;items_offset&quot;:&quot;1&quot;,&quot;load_animation&quot;:&quot;none&quot;,&quot;overriding_link&quot;:&quot;post&quot;,&quot;post_id&quot;:7309,&quot;query_args&quot;:{&quot;ignore_sticky_posts&quot;:1,&quot;post_type&quot;:&quot;any&quot;,&quot;post__in&quot;:[&quot;7319&quot;,&quot;7291&quot;],&quot;posts_per_page&quot;:&quot;10&quot;},&quot;orderby_query_args&quot;:{&quot;orderby&quot;:{&quot;date&quot;:&quot;DESC&quot;}},&quot;type&quot;:&quot;grid&quot;,&quot;us_grid_ajax_index&quot;:1,&quot;us_grid_filter_params&quot;:null,&quot;us_grid_index&quot;:1,&quot;_us_grid_post_type&quot;:&quot;ids&quot;}}'><\/div>\r\n\t<\/div><\/div><\/div><\/div><\/div><\/div><\/section><section class=\"l-section wpb_row us_custom_e91755c2 height_auto width_full with_overlay\"><div class=\"l-section-overlay\" style=\"background: #ebebeb\"><\/div><div class=\"l-section-h i-cf\"><div class=\"g-cols vc_row type_boxes valign_middle\"><div class=\"vc_col-sm-12 wpb_column vc_column_container has-fill\"><div class=\"vc_column-inner us_custom_24a6e98c\"><div class=\"wpb_wrapper\"><p class=\"w-itext us_custom_6df4bc3a type_typingChars align_center\" onclick='return {&quot;duration&quot;:300,&quot;delay&quot;:2000,&quot;disablePartAnimation&quot;:false,&quot;dynamicColor&quot;:&quot;#ffffff&quot;,&quot;html_nbsp_char&quot;:true}'>Je\u00a0cherche\u00a0un\u00a0pro\u00a0\u00e0\u00a0<span class=\"w-itext-part changesat_0 changesat_1 changesat_2 changesat_3 changesat_4 dynamic\" style=\"color:#ffffff\" onclick='return [&quot;Bordeaux&quot;,&quot;Toulouse&quot;,&quot;Paris&quot;,&quot;Nantes&quot;,&quot;Marseille&quot;]'><span>Bordeaux<\/span><i class=\"w-itext-cursor\"><\/i><\/span><\/p><div class=\"w-separator size_medium\"><\/div><div class=\"w-btn-wrapper width_auto align_center\"><a class=\"w-btn us-btn-style_2\" title=\"Demander un devis\" href=\"https:\/\/devis.eldo.com\/terrasses\/france?utm_source=gmb&amp;utm_medium=SEO&amp;utm_campaign=terrasse-construction-fondation\"><span class=\"w-btn-label\">Trouver un pro de confiance<\/span><\/a><\/div><\/div><\/div><\/div><\/div><\/div><\/section>\n","protected":false},"excerpt":{"rendered":"Quelles d\u00e9marches administratives pour la construction d\u2019une terrasse\u2009? Guides travauxPages Vous avez un projet de construction d\u2019une terrasse\u2009? Votre terrasse se fait vieille et vous avez le dessein d\u2019un am\u00e9nagement afin de l\u2019agrandir ou m\u00eame simplement de la r\u00e9nover\u2009? Sachez que certains travaux du genre demandent \u00e0 ce que vous remplissiez certaines formalit\u00e9s au niveau...","protected":false},"author":5,"featured_media":7330,"parent":7273,"menu_order":0,"comment_status":"closed","ping_status":"closed","template":"","meta":[],"page_tags":[],"_links":{"self":[{"href":"https:\/\/www.eldo.com\/guide\/wp-json\/wp\/v2\/pages\/7309"}],"collection":[{"href":"https:\/\/www.eldo.com\/guide\/wp-json\/wp\/v2\/pages"}],"about":[{"href":"https:\/\/www.eldo.com\/guide\/wp-json\/wp\/v2\/types\/page"}],"author":[{"embeddable":true,"href":"https:\/\/www.eldo.com\/guide\/wp-json\/wp\/v2\/users\/5"}],"replies":[{"embeddable":true,"href":"https:\/\/www.eldo.com\/guide\/wp-json\/wp\/v2\/comments?post=7309"}],"version-history":[{"count":9,"href":"https:\/\/www.eldo.com\/guide\/wp-json\/wp\/v2\/pages\/7309\/revisions"}],"predecessor-version":[{"id":10767,"href":"https:\/\/www.eldo.com\/guide\/wp-json\/wp\/v2\/pages\/7309\/revisions\/10767"}],"up":[{"embeddable":true,"href":"https:\/\/www.eldo.com\/guide\/wp-json\/wp\/v2\/pages\/7273"}],"wp:featuredmedia":[{"embeddable":true,"href":"https:\/\/www.eldo.com\/guide\/wp-json\/wp\/v2\/media\/7330"}],"wp:attachment":[{"href":"https:\/\/www.eldo.com\/guide\/wp-json\/wp\/v2\/media?parent=7309"}],"wp:term":[{"taxonomy":"page_tags","embeddable":true,"href":"https:\/\/www.eldo.com\/guide\/wp-json\/wp\/v2\/page_tags?post=7309"}],"curies":[{"name":"wp","href":"https:\/\/api.w.org\/{rel}","templated":true}]}}