{"id":7146,"date":"2022-02-09T15:32:58","date_gmt":"2022-02-09T15:32:58","guid":{"rendered":"https:\/\/www.eldo.com\/guide\/?page_id=7146"},"modified":"2023-12-06T14:15:51","modified_gmt":"2023-12-06T14:15:51","slug":"veranda-chauffage","status":"publish","type":"page","link":"https:\/\/www.eldo.com\/guide\/veranda\/chaleur-veranda\/","title":{"rendered":"Chauffage d&rsquo;une v\u00e9randa"},"content":{"rendered":"<section class=\"l-section wpb_row us_custom_e4eb24e1 height_auto width_full with_overlay\"><div class=\"l-section-overlay\" style=\"background: #ffffff\"><\/div><div class=\"l-section-h i-cf\"><div class=\"g-cols vc_row type_boxes valign_middle gap-10px\"><style>.g-cols.gap-10px{margin:0 -10px}.gap-10px > .vc_column_container {padding:10px}<\/style><div class=\"vc_col-sm-12 wpb_column vc_column_container has-fill has_text_color\"><div class=\"vc_column-inner us_custom_41eb48a7\"><div class=\"wpb_wrapper\"><div class=\"wpb_text_column us_custom_cef92e06 has_text_color\" ><div class=\"wpb_wrapper\"><h1 style=\"text-align: center;\">Comment chauffer une v\u00e9randa\u00a0?<\/h1>\n<\/div><\/div><div class=\"w-separator size_medium\"><\/div><ol class=\"g-breadcrumbs us_custom_cef92e06 separator_icon align_left has_text_color\"><li class=\"g-breadcrumbs-item\"><a href=\"https:\/\/www.eldo.com\/guide\/\">Guides travaux<\/a><meta content=\"1\"\/><\/li><li class=\"g-breadcrumbs-separator\"><i class=\"far fa-angle-right\"><\/i><\/li><li class=\"g-breadcrumbs-item\">Pages<\/li><\/ol><\/div><\/div><\/div><div class=\"vc_col-sm-12 wpb_column vc_column_container\"><div class=\"vc_column-inner\"><div class=\"wpb_wrapper\"><div class=\"wpb_text_column us_custom_ae99f6aa has_text_color\" ><div class=\"wpb_wrapper\">\n<\/div><\/div><div class=\"wpb_text_column us_custom_ae99f6aa has_text_color\" ><div class=\"wpb_wrapper\"><p><span style=\"font-weight: 400;\">V\u00e9ritables sp\u00e9cimens d\u2019innovation, les v\u00e9randas modernes permettent de mettre en valeur les diff\u00e9rents mat\u00e9riaux qui les composent et apportent un cachet aussi pratique qu\u2019une <a href=\"https:\/\/www.eldo.com\/guide\/veranda\/construction\">construction<\/a> en dur. Toiture, vitrage et m\u00eame ch\u00e2ssis, toutes les composantes de l\u2019ossature de la v\u00e9randa subliment la nature du mat\u00e9riau tel que le bois, l\u2019aluminium, l\u2019acier ou m\u00eame le PVC.<\/span><\/p>\n<p><span style=\"font-weight: 400;\">La v\u00e9randa est par essence faite de nombreux vitrages, entra\u00eenant naturellement une d\u00e9perdition thermique. En effet, tr\u00e8s souvent, des d\u00e9perditions de chaleur se remarquent dans l\u2019utilisation \u00e0 long terme de la v\u00e9randa\u00a0; ce qui att\u00e9nue g\u00e9n\u00e9ralement son confort thermique.\u00a0<\/span><\/p>\n<p><span style=\"font-weight: 400;\">De m\u00eame, il se pr\u00e9sente souvent des ponts thermiques entre le sol et la toiture. Il faudra alors d\u00e9terminer une <a href=\"https:\/\/www.eldo.com\/guide\/veranda\/chaleur-veranda\/chauffage\">solution de chauffage<\/a> efficace et une parfaite isolation, au-del\u00e0 du chauffage infrarouge, pour une utilisation optimale de votre v\u00e9randa toute l\u2019ann\u00e9e durant.<\/span><\/p>\n<p><span style=\"font-weight: 400;\">Nos conseils pour apporter un doux chauffage dans la v\u00e9randa.<\/span><\/p>\n<\/div><\/div><div class=\"w-separator size_medium\"><\/div><div class=\"w-image align_center\"><div class=\"w-image-h\"><img width=\"512\" height=\"286\" src=\"https:\/\/www.eldo.com\/guide\/wp-content\/uploads\/2022\/02\/4fadfccc-ef1f-4d01-8d01-b17d0ebab928.jpg\" class=\"attachment-large size-large\" alt=\"\" srcset=\"https:\/\/www.eldo.com\/guide\/wp-content\/uploads\/2022\/02\/4fadfccc-ef1f-4d01-8d01-b17d0ebab928.jpg 512w, https:\/\/www.eldo.com\/guide\/wp-content\/uploads\/2022\/02\/4fadfccc-ef1f-4d01-8d01-b17d0ebab928-300x168.jpg 300w, https:\/\/www.eldo.com\/guide\/wp-content\/uploads\/2022\/02\/4fadfccc-ef1f-4d01-8d01-b17d0ebab928-600x335.jpg 600w\" sizes=\"(max-width: 512px) 100vw, 512px\" \/><\/div><\/div><\/div><\/div><\/div><\/div><\/div><\/section><section class=\"l-section wpb_row height_auto width_full with_overlay\"><div class=\"l-section-overlay\" style=\"background: #ffffff\"><\/div><div class=\"l-section-h i-cf\"><div class=\"g-cols vc_row type_boxes valign_middle gap-10px\"><style>.g-cols.gap-10px{margin:0 -10px}.gap-10px > .vc_column_container {padding:10px}<\/style><div class=\"vc_col-sm-12 wpb_column vc_column_container has-fill\"><div class=\"vc_column-inner us_custom_4fb9e5a3\"><div class=\"wpb_wrapper\"><div \" class=\"faq_question_container\"><h2 class=\"faq_question_title\">Un chauffage dans la v\u00e9randa est-il toujours obligatoire ?<\/h2><div class=\"faq_question_content\"><p><span style=\"font-weight: 400;\">Retenez que, dans l\u2019absolu, l\u2019installation d\u2019un mode de chauffage dans une v\u00e9randa peut se r\u00e9v\u00e9ler inutile dans certains cas. En effet, il existe diff\u00e9rents facteurs \u00e0 prendre en consid\u00e9ration afin de bien d\u00e9finir les types de chauffage de sa v\u00e9randa. Mais, attention vous devrez prendre soin d\u2019allier appareils de chauffage et consommation d\u2019\u00e9nergie.<\/span><\/p>\n<h3><span style=\"font-weight: 400;\">La superficie de la v\u00e9randa<\/span><\/h3>\n<p><span style=\"font-weight: 400;\">Le premier facteur est naturellement la taille de la v\u00e9randa. Il s\u2019agit non seulement de la surface de votre nouvel espace, mais \u00e9galement de la hauteur sous plafond de l\u2019extension de maison. Ainsi, une v\u00e9randa de 10 m\u00b2 n\u2019a pas les m\u00eames besoins qu\u2019une v\u00e9randa de 20 voire 30 m\u00b2. En fonction de la superficie et des usages possibles, le type de chauffage s\u2019av\u00e8re compl\u00e8tement diff\u00e9rent.\u00a0<\/span><\/p>\n<h3><span style=\"font-weight: 400;\">L\u2019isolation choisie pour votre v\u00e9randa<\/span><\/h3>\n<p><span style=\"font-weight: 400;\">\u00c9galement, la qualit\u00e9 de l\u2019<a href=\"https:\/\/www.eldo.com\/guide\/veranda\/chaleur-veranda\/isolation\">isolation<\/a> de la v\u00e9randa est un facteur \u00e0 s\u00e9rieusement prendre en consid\u00e9ration. En effet, lorsque votre v\u00e9randa est dot\u00e9e d\u2019un double vitrage\u00a0; il y a donc peu de risque de perte de chaleur. Il en est de m\u00eame lorsqu\u2019elle repose sur une dalle en b\u00e9ton. Il existe une large gamme d\u2019isolations thermiques \u00e0 m\u00eame d\u2019emp\u00eacher le froid de s\u2019infiltrer \u00e0 l\u2019int\u00e9rieur de la v\u00e9randa.\u00a0<\/span><\/p>\n<p><span style=\"font-weight: 400;\">Par exemple, le bois, excellent isolant naturel, est utilis\u00e9 pour l\u2019installation de certains mod\u00e8les de v\u00e9randas. Aussi, pour la v\u00e9randa aluminium, il est de plus en plus install\u00e9 des ch\u00e2ssis \u00e0 double rupture de pont thermique permettant une isolation thermique de haute performance.\u00a0<\/span><\/p>\n<h3><span style=\"font-weight: 400;\">L\u2019orientation et le lieu de pose de votre v\u00e9randa\u00a0<\/span><\/h3>\n<p><span style=\"font-weight: 400;\">Le troisi\u00e8me crit\u00e8re important \u00e0 consid\u00e9rer afin de d\u00e9finir le mode de chauffage de votre v\u00e9randa est son orientation. Il s\u2019agit ici de sa position g\u00e9ographique qui joue un r\u00f4le tr\u00e8s important dans la d\u00e9termination du besoin de chauffage.\u00a0<\/span><\/p>\n<p><span style=\"font-weight: 400;\">Une v\u00e9randa install\u00e9e plein sud emmagasinera de fa\u00e7on naturelle beaucoup plus de chaleur qu\u2019une orientation nord ou est. Aussi, les climats varient-ils en fonction de la zone g\u00e9ographique. Donc, le climat est \u00e9galement un facteur influen\u00e7ant grandement les habitudes de chauffage de la v\u00e9randa.<\/span><\/p>\n<\/div><\/div><div class=\"w-separator size_medium\"><\/div><div class=\"w-btn-wrapper width_auto align_center\"><a class=\"w-btn us-btn-style_2\" title=\"Demander un devis\" href=\"https:\/\/devis.eldo.com\/veranda-new\/france?utm_source=gmb&amp;utm_medium=SEO&amp;utm_campaign=veranda-chaleur-veranda\"><span class=\"w-btn-label\">Expliquer mon projet<\/span><\/a><\/div><div class=\"w-separator size_medium\"><\/div><div class=\"w-image align_center\"><div class=\"w-image-h\"><img width=\"512\" height=\"251\" src=\"https:\/\/www.eldo.com\/guide\/wp-content\/uploads\/2022\/02\/0b2431bf8d4f4cb4ef89aa8e7a3818d7efefee3b.jpeg\" class=\"attachment-large size-large\" alt=\"\" srcset=\"https:\/\/www.eldo.com\/guide\/wp-content\/uploads\/2022\/02\/0b2431bf8d4f4cb4ef89aa8e7a3818d7efefee3b.jpeg 512w, https:\/\/www.eldo.com\/guide\/wp-content\/uploads\/2022\/02\/0b2431bf8d4f4cb4ef89aa8e7a3818d7efefee3b-300x147.jpeg 300w, https:\/\/www.eldo.com\/guide\/wp-content\/uploads\/2022\/02\/0b2431bf8d4f4cb4ef89aa8e7a3818d7efefee3b-600x295.jpeg 600w\" sizes=\"(max-width: 512px) 100vw, 512px\" \/><\/div><\/div><div class=\"w-separator size_medium\"><\/div><div class=\"wpb_text_column\" ><div class=\"wpb_wrapper\"><h2>Les diff\u00e9rentes options de chauffage pour une v\u00e9randa<\/h2>\n<p><span style=\"font-weight: 400;\">Une fois les besoins en chauffage bien \u00e9valu\u00e9s selon l\u2019utilisation r\u00e9serv\u00e9e \u00e0 la v\u00e9randa, vous disposez de plusieurs options de chauffage si son isolation est encore d\u00e9faillante. Conna\u00eetre les avantages et inconv\u00e9nients de chacun vous permettra de d\u00e9finir le type de chauffage qui est mieux adapt\u00e9 \u00e0 votre v\u00e9randa.<\/span><\/p>\n<h3><span style=\"font-weight: 400;\">L\u2019extension du circuit de chauffage de la maison<\/span><\/h3>\n<p><span style=\"font-weight: 400;\">Il est d\u2019usage d\u2019\u00e9tendre le circuit de chauffage de votre maison \u00e0 votre v\u00e9randa. Cela repr\u00e9sente une solution \u00e9conomique et tr\u00e8s efficace qui permet de chauffer votre nouvel espace de vie. Mais, attention vous devrez, en amont, penser \u00e0 poser des murets en vue d\u2019accueillir radiateurs et planchers chauffants \u00e0 relier \u00e0 votre syst\u00e8me de chauffage central.\u00a0<\/span><\/p>\n<p><span style=\"font-weight: 400;\">Cette option n\u00e9cessite, toutefois, que votre chaudi\u00e8re \u00e0 condensation soit assez puissante pour chauffer une pi\u00e8ce suppl\u00e9mentaire. Par vigilance, rassurez-vous-en avant d\u2019envisager d\u2019\u00e9tendre votre syst\u00e8me de chauffage central \u00e0 la v\u00e9randa. Au cas o\u00f9 votre chaudi\u00e8re ne serait pas assez puissante, il vous faudra pr\u00e9voir l\u2019installation d\u2019une nouvelle, ce qui peut s\u2019av\u00e9rer on\u00e9reux.\u00a0<\/span><\/p>\n<h3><span style=\"font-weight: 400;\">La pompe \u00e0 chaleur<\/span><\/h3>\n<p><span style=\"font-weight: 400;\">Solution de chauffage pouvant facilement remplacer les chaudi\u00e8res \u00e9nergivores, la pompe \u00e0 chaleur consomme moins d\u2019\u00e9nergie qu\u2019elle n\u2019en cr\u00e9e. Elle s\u2019av\u00e8re ainsi mieux indiqu\u00e9e afin de faire des \u00e9conomies d\u2019\u00e9nergie. Par cons\u00e9quent, ce syst\u00e8me de chauffage vous permettra d&rsquo;\u00e9conomiser sur votre facture d\u2019\u00e9lectricit\u00e9.\u00a0<\/span><\/p>\n<p><span style=\"font-weight: 400;\">Il existe deux principales sortes de pompe \u00e0 chaleur adapt\u00e9es \u00e0 votre v\u00e9randa. Il s\u2019agit de la pompe \u00e0 chaleur air-eau et de la pompe \u00e0 chaleur air-air. La seconde est id\u00e9ale pour climatiser votre v\u00e9randa l\u2019\u00e9t\u00e9 et pour la chauffer durant l\u2019hiver. En effet, elle capte l\u2019air froid ext\u00e9rieur en hiver pour le transformer en chaleur douce qui sera diffus\u00e9e \u00e0 l\u2019int\u00e9rieur de la v\u00e9randa.\u00a0<\/span><\/p>\n<p><span style=\"font-weight: 400;\"><img class=\"size-medium wp-image-7156 alignleft\" src=\"https:\/\/www.eldo.com\/guide\/wp-content\/uploads\/2022\/02\/panouxjpg_5d837b9b755c0-300x225.jpg\" alt=\"\" width=\"300\" height=\"225\" srcset=\"https:\/\/www.eldo.com\/guide\/wp-content\/uploads\/2022\/02\/panouxjpg_5d837b9b755c0-300x225.jpg 300w, https:\/\/www.eldo.com\/guide\/wp-content\/uploads\/2022\/02\/panouxjpg_5d837b9b755c0-1024x768.jpg 1024w, https:\/\/www.eldo.com\/guide\/wp-content\/uploads\/2022\/02\/panouxjpg_5d837b9b755c0-533x400.jpg 533w, https:\/\/www.eldo.com\/guide\/wp-content\/uploads\/2022\/02\/panouxjpg_5d837b9b755c0-800x600.jpg 800w, https:\/\/www.eldo.com\/guide\/wp-content\/uploads\/2022\/02\/panouxjpg_5d837b9b755c0.jpg 512w\" sizes=\"(max-width: 300px) 100vw, 300px\" \/>Inversement, en \u00e9t\u00e9, c\u2019est l\u2019air chaud ext\u00e9rieur qui est capt\u00e9 et transform\u00e9 en de l\u2019air basse temp\u00e9rature diffus\u00e9 \u00e0 l\u2019int\u00e9rieur. La restitution de la chaleur se fait \u00e0 l\u2019aide de ventilateur convecteur, les pompes \u00e0 chaleurs sont donc des appareils de chauffe suivant le principe de convection. Elle fonctionne suivant le principe contraire du panneau rayonnant qui est un moyen de chauffage permettant la diffusion de la chaleur par rayonnement.<\/span><\/p>\n<p><span style=\"font-weight: 400;\">Quant \u00e0 la pompe \u00e0 chaleur air-eau, elle r\u00e9cup\u00e8re l\u2019air froid ext\u00e9rieur afin de restituer la chaleur \u00e0 l\u2019int\u00e9rieur de la v\u00e9randa. En revanche, ce syst\u00e8me de chauffage ne permet pas de faire baisser la temp\u00e9rature \u00e0 l\u2019int\u00e9rieur de votre v\u00e9randa l\u2019\u00e9t\u00e9.\u00a0<\/span><\/p>\n<h3><span style=\"font-weight: 400;\">Le chauffage \u00e9lectrique<\/span><\/h3>\n<p><span style=\"font-weight: 400;\">Alternative peu co\u00fbteuse \u00e0 mettre en place et tr\u00e8s simple, le chauffage \u00e9lectrique se pr\u00e9sente comme une solution d\u2019appoint pour chauffer votre v\u00e9randa. Elle est d\u2019autant plus utile lorsque cela n\u2019avait pas \u00e9t\u00e9 pens\u00e9 en amont. Il vous suffit d\u2019un radiateur \u00e0 installer pour chauffer \u00e0 l\u2019\u00e9lectricit\u00e9 la v\u00e9randa.<\/span><\/p>\n<p><span style=\"font-weight: 400;\"><img class=\"size-medium wp-image-7155 alignright\" src=\"https:\/\/www.eldo.com\/guide\/wp-content\/uploads\/2022\/02\/comment-meubler-ve\u0301randa-a-300x223.jpg\" alt=\"\" width=\"300\" height=\"223\" srcset=\"https:\/\/www.eldo.com\/guide\/wp-content\/uploads\/2022\/02\/comment-meubler-ve\u0301randa-a-300x223.jpg 300w, https:\/\/www.eldo.com\/guide\/wp-content\/uploads\/2022\/02\/comment-meubler-ve\u0301randa-a.jpg 500w\" sizes=\"(max-width: 300px) 100vw, 300px\" \/>Cette solution peut \u00eatre bien pratique pour une v\u00e9randa dot\u00e9e de faibles surfaces de chauffe et dot\u00e9e d\u2019une bonne isolation. Toutefois, pour des v\u00e9randas de grande taille, vous pourrez avoir besoin de faire installer plusieurs radiateurs \u00e9lectriques reli\u00e9s \u00e0 un thermostat pour un chauffage d\u2019appoint. Ce dispositif se r\u00e9v\u00e8le assez \u00e9nergivore et tr\u00e8s on\u00e9reux sur le long terme. Cela fera grimper de fa\u00e7on exponentielle votre facture d\u2019\u00e9lectricit\u00e9.\u00a0<\/span><\/p>\n<\/div><\/div><div class=\"w-separator size_medium\"><\/div><div class=\"w-btn-wrapper width_auto align_center\"><a class=\"w-btn us-btn-style_2\" title=\"Demander un devis\" href=\"https:\/\/devis.eldo.com\/chauffage-climatisation-clim\/france?utm_source=gmb&amp;utm_medium=SEO&amp;utm_campaign=chauffage-veranda-chaleur-veranda\"><span class=\"w-btn-label\">Demander un devis<\/span><\/a><\/div><div class=\"w-separator size_medium\"><\/div><div class=\"wpb_text_column\" ><div class=\"wpb_wrapper\"><h3><span style=\"font-weight: 400;\">Le po\u00eale \u00e0 bois<\/span><\/h3>\n<p><span style=\"font-weight: 400;\">Au-del\u00e0 de leur aspect pratique, les po\u00eales \u00e0 bois peuvent s\u2019av\u00e9rer particuli\u00e8rement esth\u00e9tiques. En effet, ils rendent votre v\u00e9randa tr\u00e8s charmante si vous avez pr\u00e9vu en amont des conduits d\u2019\u00e9vacuation des fum\u00e9es. Ces conduits sont g\u00e9n\u00e9ralement des travaux de ma\u00e7onnerie, murs et murets indispensables pour une utilisation du po\u00eale en toute s\u00e9curit\u00e9. En effet, le chauffage au bois entra\u00eene la combustion de pellets ou granul\u00e9s de bois.<\/span><\/p>\n<p><span style=\"font-weight: 400;\"><img class=\"size-medium wp-image-7154 alignleft\" src=\"https:\/\/www.eldo.com\/guide\/wp-content\/uploads\/2022\/02\/salon-contemporain-sous-une-veranda-donnant-sur-le-jardin_5735913-300x169.jpg\" alt=\"\" width=\"300\" height=\"169\" srcset=\"https:\/\/www.eldo.com\/guide\/wp-content\/uploads\/2022\/02\/salon-contemporain-sous-une-veranda-donnant-sur-le-jardin_5735913-300x169.jpg 300w, https:\/\/www.eldo.com\/guide\/wp-content\/uploads\/2022\/02\/salon-contemporain-sous-une-veranda-donnant-sur-le-jardin_5735913-600x338.jpg 600w, https:\/\/www.eldo.com\/guide\/wp-content\/uploads\/2022\/02\/salon-contemporain-sous-une-veranda-donnant-sur-le-jardin_5735913.jpg 512w\" sizes=\"(max-width: 300px) 100vw, 300px\" \/>Lorsque les fum\u00e9es \u00e9mises ne sont pas convenablement \u00e9vacu\u00e9es, cela peut entra\u00eener des risques d\u2019intoxication au monoxyde de carbone. Bien que le po\u00eale \u00e0 bois utilise des \u00e9nergies renouvelables telles que les granul\u00e9s, il peut ainsi s\u2019av\u00e9rer dangereux pour la sant\u00e9 lorsqu\u2019on ne prend pas les mesures appropri\u00e9es. Mais, le po\u00eale \u00e0 bois est toujours de meilleur rendement que le po\u00eale \u00e0 fioul utilisant des \u00e9nergies fossiles et tr\u00e8s polluant.<\/span><\/p>\n<p><span style=\"font-weight: 400;\">Avant de choisir le po\u00eale \u00e0 bois le plus adapt\u00e9 \u00e0 votre v\u00e9randa, v\u00e9rifier son rendement et surtout sa puissance, en fonction de la surface \u00e0 chauffer.<\/span><\/p>\n<\/div><\/div><div class=\"w-separator size_medium\"><\/div><div class=\"w-btn-wrapper width_auto align_center\"><a class=\"w-btn us-btn-style_2\" title=\"Demander un devis\" href=\"https:\/\/devis.eldo.com\/poele-cheminee-new\/france?utm_source=gmb&amp;utm_medium=SEO&amp;utm_campaign=poele-chaleur-veranda\"><span class=\"w-btn-label\">Demander un devis<\/span><\/a><\/div><\/div><\/div><\/div><\/div><\/div><\/section><section class=\"l-section wpb_row height_medium\"><div class=\"l-section-h i-cf\"><div class=\"g-cols vc_row type_default valign_top\"><div class=\"vc_col-sm-12 wpb_column vc_column_container\"><div class=\"vc_column-inner\"><div class=\"wpb_wrapper\"><div class=\"w-grid type_grid layout_portfolio_3 cols_2 valign_center ratio_1x1\" id=\"us_grid_1\"><style id=\"us_grid_1_css\">#us_grid_1 .w-grid-item{padding:1.5rem}#us_grid_1 .w-grid-list{margin:-1.5rem}.w-grid + #us_grid_1 .w-grid-list{margin-top:1.5rem}@media (max-width:599px){#us_grid_1 .w-grid-list{margin:0}#us_grid_1 .w-grid-item{width:100.0000%;padding:0;margin-bottom:1.5rem}}<\/style><style>.layout_portfolio_3 .w-grid-item-h:before{padding-bottom:100.0000%}@media (min-width:600px){.layout_portfolio_3 .w-grid-item.size_1x2 .w-grid-item-h:before{padding-bottom:calc(200.0000% + 1.5rem + 1.5rem)}.layout_portfolio_3 .w-grid-item.size_2x1 .w-grid-item-h:before{padding-bottom:calc(50.0000% - 1.5rem * 1.0000)}.layout_portfolio_3 .w-grid-item.size_2x2 .w-grid-item-h:before{padding-bottom:calc(100.0000% - 1.5rem * 0)}}.layout_portfolio_3 .w-grid-item-h{}.layout_portfolio_3 .usg_post_image_1{transition-duration:0.4s;transform-origin:50% 50%;transform:scale(1) translate(0,0);opacity:0.25}.layout_portfolio_3 .w-grid-item-h:hover .usg_post_image_1{transform:scale(1) translate(0,0);opacity:1}.layout_portfolio_3 .usg_post_title_1{transition-duration:0.3s;transform-origin:50% 50%;transform:scale(1) translate(0,0)}.layout_portfolio_3 .w-grid-item-h:hover .usg_post_title_1{transform:scale(1) translate(0,-100%);opacity:0}.layout_portfolio_3 .usg_post_taxonomy_1{transition-duration:0.3s;transform-origin:50% 50%;transform:scale(1) translate(0,0)}.layout_portfolio_3 .w-grid-item-h:hover .usg_post_taxonomy_1{transform:scale(1) translate(0,100%);opacity:0}.layout_portfolio_3 .usg_post_image_1{position:absolute!important;top:0!important;right:0!important;bottom:0!important;left:0!important}.layout_portfolio_3 .usg_vwrapper_1{position:absolute!important;top:0!important;right:0!important;bottom:0!important;left:0!important;padding:2rem!important}.layout_portfolio_3 .usg_post_title_1{color:inherit!important;font-size:1.4rem!important}<\/style><div class=\"w-grid-list\" >\t<article class=\"w-grid-item size_1x1 post-7169 page type-page status-publish has-post-thumbnail hentry\" data-id=\"7169\">\r\n\t\t<div class=\"w-grid-item-h\">\r\n\t\t\t\t\t\t\t<a class=\"w-grid-item-anchor\" href=\"https:\/\/www.eldo.com\/guide\/veranda\/chaleur-veranda\/chauffage\" rel=\"bookmark\" aria-label=\"V\u00e9randa choix chauffage\"><\/a>\r\n\t\t\t\t\t\t<div class=\"w-post-elm post_image usg_post_image_1 stretched\"><img width=\"512\" height=\"340\" src=\"https:\/\/www.eldo.com\/guide\/wp-content\/uploads\/2022\/02\/veranda-alu.jpg\" class=\"attachment-large size-large wp-post-image\" alt=\"\" srcset=\"https:\/\/www.eldo.com\/guide\/wp-content\/uploads\/2022\/02\/veranda-alu.jpg 512w, https:\/\/www.eldo.com\/guide\/wp-content\/uploads\/2022\/02\/veranda-alu-300x200.jpg 300w\" sizes=\"(max-width: 512px) 100vw, 512px\" \/><\/div><div class=\"w-vwrapper usg_vwrapper_1 align_center valign_middle\"><h2 class=\"w-post-elm post_title usg_post_title_1 entry-title color_link_inherit has_text_color\">V\u00e9randa choix chauffage<\/h2><\/div>\t\t<\/div>\r\n\t<\/article>\r\n\t<article class=\"w-grid-item size_1x1 post-7159 page type-page status-publish has-post-thumbnail hentry\" data-id=\"7159\">\r\n\t\t<div class=\"w-grid-item-h\">\r\n\t\t\t\t\t\t\t<a class=\"w-grid-item-anchor\" href=\"https:\/\/www.eldo.com\/guide\/veranda\/chaleur-veranda\/isolation\" rel=\"bookmark\" aria-label=\"V\u00e9randa isolation\"><\/a>\r\n\t\t\t\t\t\t<div class=\"w-post-elm post_image usg_post_image_1 stretched\"><img width=\"512\" height=\"326\" src=\"https:\/\/www.eldo.com\/guide\/wp-content\/uploads\/2022\/02\/plantes-veranda.jpg\" class=\"attachment-large size-large wp-post-image\" alt=\"\" srcset=\"https:\/\/www.eldo.com\/guide\/wp-content\/uploads\/2022\/02\/plantes-veranda.jpg 512w, https:\/\/www.eldo.com\/guide\/wp-content\/uploads\/2022\/02\/plantes-veranda-300x191.jpg 300w, https:\/\/www.eldo.com\/guide\/wp-content\/uploads\/2022\/02\/plantes-veranda-600x382.jpg 600w\" sizes=\"(max-width: 512px) 100vw, 512px\" \/><\/div><div class=\"w-vwrapper usg_vwrapper_1 align_center valign_middle\"><h2 class=\"w-post-elm post_title usg_post_title_1 entry-title color_link_inherit has_text_color\">V\u00e9randa isolation<\/h2><\/div>\t\t<\/div>\r\n\t<\/article>\r\n<\/div><div class=\"w-grid-preloader\"><div class=\"g-preloader type_1\">\r\n\t<div><\/div>\r\n<\/div>\r\n<\/div>\t<div class=\"w-grid-json hidden\" onclick='return {&quot;action&quot;:&quot;us_ajax_grid&quot;,&quot;ajax_url&quot;:&quot;https:\\\/\\\/www.eldo.com\\\/guide\\\/wp-admin\\\/admin-ajax.php&quot;,&quot;infinite_scroll&quot;:0,&quot;max_num_pages&quot;:1,&quot;pagination&quot;:&quot;none&quot;,&quot;permalink_url&quot;:&quot;https:\\\/\\\/www.eldo.com\\\/guide\\\/wp-json\\\/wp\\\/v2\\\/pages\\\/7146&quot;,&quot;template_vars&quot;:{&quot;columns&quot;:&quot;2&quot;,&quot;exclude_items&quot;:&quot;none&quot;,&quot;img_size&quot;:&quot;default&quot;,&quot;ignore_items_size&quot;:false,&quot;items_layout&quot;:&quot;portfolio_3&quot;,&quot;items_offset&quot;:&quot;1&quot;,&quot;load_animation&quot;:&quot;none&quot;,&quot;overriding_link&quot;:&quot;post&quot;,&quot;post_id&quot;:7146,&quot;query_args&quot;:{&quot;ignore_sticky_posts&quot;:1,&quot;post_type&quot;:&quot;any&quot;,&quot;post__in&quot;:[&quot;7169&quot;,&quot;7159&quot;],&quot;posts_per_page&quot;:&quot;10&quot;},&quot;orderby_query_args&quot;:{&quot;orderby&quot;:{&quot;date&quot;:&quot;DESC&quot;}},&quot;type&quot;:&quot;grid&quot;,&quot;us_grid_ajax_index&quot;:1,&quot;us_grid_filter_params&quot;:null,&quot;us_grid_index&quot;:1,&quot;_us_grid_post_type&quot;:&quot;ids&quot;}}'><\/div>\r\n\t<\/div><\/div><\/div><\/div><\/div><\/div><\/section><section class=\"l-section wpb_row us_custom_e91755c2 height_auto width_full with_overlay\"><div class=\"l-section-overlay\" style=\"background: #ebebeb\"><\/div><div class=\"l-section-h i-cf\"><div class=\"g-cols vc_row type_boxes valign_middle\"><div class=\"vc_col-sm-12 wpb_column vc_column_container has-fill\"><div class=\"vc_column-inner us_custom_743acecb\"><div class=\"wpb_wrapper\"><p class=\"w-itext us_custom_6df4bc3a type_typingChars align_center\" onclick='return {&quot;duration&quot;:300,&quot;delay&quot;:2000,&quot;disablePartAnimation&quot;:false,&quot;dynamicColor&quot;:&quot;#ffffff&quot;,&quot;html_nbsp_char&quot;:true}'>Je\u00a0cherche\u00a0un\u00a0pro\u00a0\u00e0\u00a0<span class=\"w-itext-part changesat_0 changesat_1 changesat_2 changesat_3 changesat_4 dynamic\" style=\"color:#ffffff\" onclick='return [&quot;Bordeaux&quot;,&quot;Toulouse&quot;,&quot;Paris&quot;,&quot;Nantes&quot;,&quot;Marseille&quot;]'><span>Bordeaux<\/span><i class=\"w-itext-cursor\"><\/i><\/span><\/p><div class=\"w-separator size_medium\"><\/div><div class=\"w-btn-wrapper width_auto align_center\"><a class=\"w-btn us-btn-style_2\" title=\"Demander un devis\" href=\"https:\/\/devis.eldo.com\/veranda-new\/france?utm_source=gmb&amp;utm_medium=SEO&amp;utm_campaign=veranda-chaleur-veranda\"><span class=\"w-btn-label\">Trouver un pro de confiance<\/span><\/a><\/div><\/div><\/div><\/div><\/div><\/div><\/section>\n","protected":false},"excerpt":{"rendered":"Comment bien isoler une v\u00e9randa\u00a0? Guides travauxPages Afin d\u2019obtenir une nouvelle pi\u00e8ce agr\u00e9able \u00e0 vivre et dot\u00e9e d\u2019un bon confort thermique, l\u2019isolation de la v\u00e9randa s\u2019av\u00e8re \u00eatre un point essentiel \u00e0 retenir. En effet, la v\u00e9randa devient une v\u00e9ritable pi\u00e8ce suppl\u00e9mentaire dans la maison et est utilis\u00e9e pour diff\u00e9rentes fonctions. Salle de d\u00e9tente, bureau, salon...","protected":false},"author":5,"featured_media":7171,"parent":6962,"menu_order":0,"comment_status":"closed","ping_status":"closed","template":"","meta":[],"page_tags":[],"_links":{"self":[{"href":"https:\/\/www.eldo.com\/guide\/wp-json\/wp\/v2\/pages\/7146"}],"collection":[{"href":"https:\/\/www.eldo.com\/guide\/wp-json\/wp\/v2\/pages"}],"about":[{"href":"https:\/\/www.eldo.com\/guide\/wp-json\/wp\/v2\/types\/page"}],"author":[{"embeddable":true,"href":"https:\/\/www.eldo.com\/guide\/wp-json\/wp\/v2\/users\/5"}],"replies":[{"embeddable":true,"href":"https:\/\/www.eldo.com\/guide\/wp-json\/wp\/v2\/comments?post=7146"}],"version-history":[{"count":14,"href":"https:\/\/www.eldo.com\/guide\/wp-json\/wp\/v2\/pages\/7146\/revisions"}],"predecessor-version":[{"id":10280,"href":"https:\/\/www.eldo.com\/guide\/wp-json\/wp\/v2\/pages\/7146\/revisions\/10280"}],"up":[{"embeddable":true,"href":"https:\/\/www.eldo.com\/guide\/wp-json\/wp\/v2\/pages\/6962"}],"wp:featuredmedia":[{"embeddable":true,"href":"https:\/\/www.eldo.com\/guide\/wp-json\/wp\/v2\/media\/7171"}],"wp:attachment":[{"href":"https:\/\/www.eldo.com\/guide\/wp-json\/wp\/v2\/media?parent=7146"}],"wp:term":[{"taxonomy":"page_tags","embeddable":true,"href":"https:\/\/www.eldo.com\/guide\/wp-json\/wp\/v2\/page_tags?post=7146"}],"curies":[{"name":"wp","href":"https:\/\/api.w.org\/{rel}","templated":true}]}}