{"id":7104,"date":"2022-02-09T10:40:39","date_gmt":"2022-02-09T10:40:39","guid":{"rendered":"https:\/\/www.eldo.com\/guide\/?page_id=7104"},"modified":"2023-11-24T10:17:38","modified_gmt":"2023-11-24T10:17:38","slug":"veranda-financement","status":"publish","type":"page","link":"https:\/\/www.eldo.com\/guide\/veranda\/construction\/financement","title":{"rendered":"V\u00e9randa financement"},"content":{"rendered":"<section class=\"l-section wpb_row us_custom_e4eb24e1 height_auto width_full with_overlay\"><div class=\"l-section-overlay\" style=\"background: #ffffff\"><\/div><div class=\"l-section-h i-cf\"><div class=\"g-cols vc_row type_boxes valign_middle gap-10px\"><style>.g-cols.gap-10px{margin:0 -10px}.gap-10px > .vc_column_container {padding:10px}<\/style><div class=\"vc_col-sm-12 wpb_column vc_column_container has-fill has_text_color\"><div class=\"vc_column-inner us_custom_7e0f02d7\"><div class=\"wpb_wrapper\"><div class=\"wpb_text_column us_custom_cef92e06 has_text_color\" ><div class=\"wpb_wrapper\"><h1 style=\"text-align: center;\">Comment financer la construction d\u2019une v\u00e9randa\u00a0?<\/h1>\n<\/div><\/div><div class=\"w-separator size_medium\"><\/div><ol class=\"g-breadcrumbs us_custom_cef92e06 separator_icon align_left has_text_color\"><li class=\"g-breadcrumbs-item\"><a href=\"https:\/\/www.eldo.com\/guide\/\">Guides travaux<\/a><meta content=\"1\"\/><\/li><li class=\"g-breadcrumbs-separator\"><i class=\"far fa-angle-right\"><\/i><\/li><li class=\"g-breadcrumbs-item\">Pages<\/li><\/ol><\/div><\/div><\/div><div class=\"vc_col-sm-12 wpb_column vc_column_container\"><div class=\"vc_column-inner\"><div class=\"wpb_wrapper\"><div class=\"wpb_text_column us_custom_ae99f6aa has_text_color\" ><div class=\"wpb_wrapper\">\n<\/div><\/div><div class=\"wpb_text_column us_custom_ae99f6aa has_text_color\" ><div class=\"wpb_wrapper\"><p><span style=\"font-weight: 400;\">Afin de jouir parfaitement des beaux jours dans votre habitation, rien de plus agr\u00e9able que de construire une v\u00e9randa. Le mieux est encore de l\u2019orienter plein sud. Avec cette orientation, vous profiterez du soleil, sans bouger de chez vous. Cette nouvelle surface apporte un espace de vie bien confortable permettant des repas en famille tout en contemplant le monde ext\u00e9rieur. Que de confort que pourra vous apporter votre extension de maison\u00a0! Mais, ce projet a un co\u00fbt.\u00a0<\/span><\/p>\n<p><span style=\"font-weight: 400;\">En effet, pour lancer les travaux d\u2019installation de votre v\u00e9randa, votre budget devra \u00eatre suffisamment cons\u00e9quent en raison du co\u00fbt n\u00e9cessaire \u00e0 cet effet. En fonction des mat\u00e9riaux et du type de vitrage notamment, mais \u00e9galement selon les diff\u00e9rentes fonctionnalit\u00e9s que vous aurez choisies, votre v\u00e9randa pourrait \u00eatre on\u00e9reuse.<\/span><\/p>\n<p><span style=\"font-weight: 400;\">Le co\u00fbt de revient de l\u2019installation de votre v\u00e9randa ne doit pas \u00eatre une raison pour laisser tomber votre projet. Au cas o\u00f9 vous n\u2019auriez pas les ressources n\u00e9cessaires, soyez rassur\u00e9, il existe plusieurs possibilit\u00e9s vous permettant de lancer les travaux.\u00a0<\/span><\/p>\n<p><span style=\"font-weight: 400;\">Nos astuces pour vous aider \u00e0 financer la construction d\u2019une v\u00e9randa.<\/span><\/p>\n<\/div><\/div><div class=\"w-separator size_medium\"><\/div><div class=\"w-image align_center\"><div class=\"w-image-h\"><img width=\"600\" height=\"400\" src=\"https:\/\/www.eldo.com\/guide\/wp-content\/uploads\/2022\/02\/828690_9555d52c7bfe47209206dea165d68cab_mv2-1-600x400.webp\" class=\"attachment-us_600_400 size-us_600_400\" alt=\"\" srcset=\"https:\/\/www.eldo.com\/guide\/wp-content\/uploads\/2022\/02\/828690_9555d52c7bfe47209206dea165d68cab_mv2-1-600x400.webp 600w, https:\/\/www.eldo.com\/guide\/wp-content\/uploads\/2022\/02\/828690_9555d52c7bfe47209206dea165d68cab_mv2-1-300x199.webp 300w, https:\/\/www.eldo.com\/guide\/wp-content\/uploads\/2022\/02\/828690_9555d52c7bfe47209206dea165d68cab_mv2-1-800x532.webp 800w, https:\/\/www.eldo.com\/guide\/wp-content\/uploads\/2022\/02\/828690_9555d52c7bfe47209206dea165d68cab_mv2-1.webp 925w\" sizes=\"(max-width: 600px) 100vw, 600px\" \/><\/div><\/div><\/div><\/div><\/div><\/div><\/div><\/section><section class=\"l-section wpb_row height_auto width_full with_overlay\"><div class=\"l-section-overlay\" style=\"background: #ffffff\"><\/div><div class=\"l-section-h i-cf\"><div class=\"g-cols vc_row type_boxes valign_middle gap-10px\"><style>.g-cols.gap-10px{margin:0 -10px}.gap-10px > .vc_column_container {padding:10px}<\/style><div class=\"vc_col-sm-12 wpb_column vc_column_container has-fill\"><div class=\"vc_column-inner us_custom_4fb9e5a3\"><div class=\"wpb_wrapper\"><div class=\"wpb_text_column\" ><div class=\"wpb_wrapper\"><h2>Les diff\u00e9rents types de financement d\u2019une v\u00e9randa<\/h2>\n<p><span style=\"font-weight: 400;\">En fonction de l\u2019ampleur de votre projet, le <a href=\"https:\/\/www.eldo.com\/guide\/veranda\/prix\">prix d\u2019installation<\/a> de votre v\u00e9randa est tr\u00e8s variable. D\u00e9sirez-vous une v\u00e9randa en bois ou une v\u00e9randa alu\u00a0? Souhaitez-vous faire de ce nouvel espace habitable un s\u00e9jour, une cuisine ou alors un jardin d\u2019hiver\u00a0? Optez-vous pour des stores ou des baies vitr\u00e9es, des brises soleil orientables ou plut\u00f4t des volets roulants\u00a0?<\/span><\/p>\n<p><span style=\"font-weight: 400;\">Quelles que soient les fonctionnalit\u00e9s et options choisies, il est important pour vous de faire les d\u00e9marches administratives pr\u00e9alables en respectant le Plan Local d\u2019Urbanisme de votre commune. Ces d\u00e9marches vont de la d\u00e9claration des travaux au permis de construire selon les cas. Vous pourrez vous rapprocher des services de la mairie de votre r\u00e9gion pour conna\u00eetre la r\u00e8glementation en vigueur dans votre localit\u00e9.<\/span><\/p>\n<p><span style=\"font-weight: 400;\">La r\u00e9alisation de travaux peut porter sur une <a href=\"https:\/\/www.eldo.com\/guide\/veranda\/construction\">construction<\/a> nouvelle ou une simple r\u00e9novation afin d\u2019am\u00e9liorer l\u2019isolation thermique. Aussi, vous pourrez faire des travaux pour am\u00e9liorer le syst\u00e8me de chauffage.<\/span><\/p>\n<p><span style=\"font-weight: 400;\">Lorsque la d\u00e9claration pr\u00e9alable est faite et le projet d\u2019extension garanti, vous trouverez un large \u00e9ventail d\u2019aides et de m\u00e9canismes pouvant vous accompagner dans l\u2019installation de votre extension de maison.<\/span><\/p>\n<p><span style=\"font-weight: 400;\">En effet, lorsque vos conditions de ressources limitent vos possibilit\u00e9s, un paquet d\u2019accompagnements vous permet de financer votre projet d\u2019extension.\u00a0\u00a0<\/span><\/p>\n<h2>TVA \u00e0 taux r\u00e9duit de 10\u00a0%<\/h2>\n<p><span style=\"font-weight: 400;\">La r\u00e9duction de TVA est une opportunit\u00e9 offerte aux propri\u00e9taires de v\u00e9randa install\u00e9e depuis au moins 2 ans et qui souhaitent y faire une r\u00e9novation. Les travaux de r\u00e9novation vont d\u2019un remplacement partiel ou total de l\u2019espace de vie.<\/span><\/p>\n<p><span style=\"font-weight: 400;\">L\u2019\u00c9tat encourageant vivement tous travaux de r\u00e9novation \u00e9nerg\u00e9tique, vous pourrez profiter d\u2019une TVA \u00e0 10\u00a0% pour l\u2019installation d\u2019une nouvelle v\u00e9randa, dont la superficie n\u2019exc\u00e8de pas 9 m\u00b2. Cette surface est suffisante pour cr\u00e9er une nouvelle pi\u00e8ce habitable aux performances thermiques ad\u00e9quates plac\u00e9e sur la fa\u00e7ade de votre maison. Elle pourra servir de surface habitable, ou bien m\u00eame d\u2019espace en vue de prot\u00e9ger la baie coulissante de votre maison.\u00a0<\/span><\/p>\n<h2>Le pr\u00eat travaux pour financer sa v\u00e9randa<\/h2>\n<p><span style=\"font-weight: 400;\">En vue de financer le projet d\u2019extension, vous pourrez avoir recours au pr\u00eat travaux qui n\u2019est rien d\u2019autre qu\u2019un cr\u00e9dit \u00e0 la consommation. Par ce cr\u00e9dit, vous pourrez emprunter aupr\u00e8s de votre banque jusqu\u2019\u00e0 75<\/span><span style=\"font-weight: 400;\">\u2009<\/span><span style=\"font-weight: 400;\">000\u00a0euros remboursables sur 7 ans. Avec des conditions assez souples, vous pourrez supporter le prix de construction de votre v\u00e9randa sans trop sentir l\u2019effort financier. En effet, une fois que le pr\u00eat est accord\u00e9, les institutions financi\u00e8res vous laissent disposer des fonds librement.\u00a0<\/span><\/p>\n<p><span style=\"font-weight: 400;\">Dans le cas o\u00f9 vous voudriez confier l\u2019agrandissement de votre maison \u00e0 un professionnel cl\u00e9 en main, ce dernier pourra vous renseigner sur l\u2019<a href=\"https:\/\/www.eldo.com\/guide\/veranda\/construction\/financement\/aide\">aide<\/a> la plus ad\u00e9quate \u00e0 vos besoins.\u00a0<\/span><\/p>\n<p><span style=\"font-weight: 400;\">Aussi, gr\u00e2ce aux devis et factures d\u2019\u00e9quipement \u00e9ventuellement que le professionnel fournira, vous pourrez apporter \u00e0 la banque des justificatifs n\u00e9cessaires au d\u00e9blocage rapide des fonds. En effet, les banques sont plus enclines \u00e0 accorder le cr\u00e9dit lorsqu\u2019elles sont parfaitement inform\u00e9es de la nature des d\u00e9penses \u00e0 mener dans le cadre de votre projet.<\/span><\/p>\n<p><span style=\"font-weight: 400;\">Attention, il convient, toutefois, de souligner qu\u2019il ne s\u2019agit pas ici de l\u2019\u00e9co-pr\u00eat \u00e0 taux z\u00e9ro. En effet, ce type de pr\u00eat est pr\u00e9vu par l\u2019Agence Nationale pour l\u2019Am\u00e9lioration de l\u2019Habitat (ANAH) dans le cadre de la transition \u00e9nerg\u00e9tique. Vous b\u00e9n\u00e9ficierez alors de pr\u00eats aux taux d\u2019int\u00e9r\u00eat g\u00e9n\u00e9ralement appliqu\u00e9s.\u00a0<\/span><\/p>\n<\/div><\/div><div class=\"w-separator size_medium\"><\/div><div class=\"w-btn-wrapper width_auto align_center\"><a class=\"w-btn us-btn-style_2\" title=\"Demander un devis\" href=\"https:\/\/devis.eldo.com\/veranda-new\/france?utm_source=gmb&amp;utm_medium=SEO&amp;utm_campaign=veranda-construction-financement\"><span class=\"w-btn-label\">Demander un devis<\/span><\/a><\/div><div class=\"w-separator size_medium\"><\/div><div class=\"w-image align_center\"><div class=\"w-image-h\"><img width=\"509\" height=\"340\" src=\"https:\/\/www.eldo.com\/guide\/wp-content\/uploads\/2022\/02\/cottage-1318073__340.jpg\" class=\"attachment-large size-large\" alt=\"\" srcset=\"https:\/\/www.eldo.com\/guide\/wp-content\/uploads\/2022\/02\/cottage-1318073__340.jpg 509w, https:\/\/www.eldo.com\/guide\/wp-content\/uploads\/2022\/02\/cottage-1318073__340-300x200.jpg 300w\" sizes=\"(max-width: 509px) 100vw, 509px\" \/><\/div><\/div><div class=\"w-separator size_medium\"><\/div><div class=\"wpb_text_column\" ><div class=\"wpb_wrapper\"><h2>Racheter son pr\u00eat immobilier<\/h2>\n<p><span style=\"font-weight: 400;\">Une autre astuce pour le financement des travaux de construction de votre v\u00e9randa est le rachat de votre pr\u00eat immobilier. Ainsi, ce m\u00e9canisme convient dans le cas o\u00f9 pour votre installation dans votre logement principal vous auriez contract\u00e9 un pr\u00eat immobilier encore en cours de remboursement.\u00a0<\/span><\/p>\n<p><span style=\"font-weight: 400;\">Si vous optez pour demander un nouveau pr\u00eat pour la construction de la v\u00e9randa, vous pourrez faire racheter le premier pr\u00eat afin de regrouper les cr\u00e9dits. Par cette technique, vous pourrez simplifier la gestion de votre budget, tout en all\u00e9geant les \u00e9ch\u00e9ances. Il faut \u00e9galement souligner qu\u2019il est possible de regrouper les cr\u00e9dits lorsque vous avez \u00e9galement un pr\u00eat \u00e0 la consommation ou un pr\u00eat auto en cours.\u00a0<\/span><\/p>\n<h2>Financer votre v\u00e9randa en l\u2019incluant dans le pr\u00eat immobilier<\/h2>\n<p><span style=\"font-weight: 400;\">Cette astuce est r\u00e9serv\u00e9e aux personnes qui ont le dessein d\u2019acheter une maison et d\u2019en faire une r\u00e9sidence principale. Au cas o\u00f9 vous envisageriez de construire ou de faire r\u00e9nover une v\u00e9randa dans votre future habitation, vous serez avis\u00e9 de pr\u00e9voir et d\u2019inclure ces travaux dans votre pr\u00eat immobilier.\u00a0<\/span><\/p>\n<p><span style=\"font-weight: 400;\">Ce faisant, vous b\u00e9n\u00e9ficierez du taux du cr\u00e9dit immobilier et surtout vous \u00e9viterez d\u2019avoir une multitude de pr\u00eats auxquels vous devrez faire face. Afin d\u2019affiner les simulations, n\u2019h\u00e9sitez pas \u00e0 demander un devis gratuit des travaux d\u2019extension.<\/span><\/p>\n<h2>Les apports personnels<\/h2>\n<p><span style=\"font-weight: 400;\">Meilleur moyen pour all\u00e9ger le co\u00fbt des mensualit\u00e9s d\u2019un pr\u00eat, l\u2019apport personnel vous permettra de diminuer le montant \u00e0 emprunter. Par cons\u00e9quent, les int\u00e9r\u00eats sur les pr\u00eats seront \u00e9galement amoindris.\u00a0<\/span><\/p>\n<p><span style=\"font-weight: 400;\">Aussi, les banques demandent g\u00e9n\u00e9ralement un certain apport personnel afin de d\u00e9montrer votre capacit\u00e9 \u00e0 \u00e9pargner. Vous pourrez consid\u00e9rer cet apport comme un investissement qui sera rentabilis\u00e9 au moment de la vente du logement.<\/span><\/p>\n<\/div><\/div><div class=\"w-separator size_medium\"><\/div><div class=\"w-btn-wrapper width_auto align_center\"><a class=\"w-btn us-btn-style_2\" title=\"Demander un devis\" href=\"https:\/\/devis.eldo.com\/veranda-new\/france?utm_source=gmb&amp;utm_medium=SEO&amp;utm_campaign=veranda-construction-financement\"><span class=\"w-btn-label\">Expliquer mon projet<\/span><\/a><\/div><\/div><\/div><\/div><\/div><\/div><\/section><section class=\"l-section wpb_row height_medium\"><div class=\"l-section-h i-cf\"><div class=\"g-cols vc_row type_default valign_top\"><div class=\"vc_col-sm-12 wpb_column vc_column_container\"><div class=\"vc_column-inner\"><div class=\"wpb_wrapper\"><div class=\"w-grid type_grid layout_portfolio_3 cols_2 valign_center ratio_1x1\" id=\"us_grid_1\"><style id=\"us_grid_1_css\">#us_grid_1 .w-grid-item{padding:1.5rem}#us_grid_1 .w-grid-list{margin:-1.5rem}.w-grid + #us_grid_1 .w-grid-list{margin-top:1.5rem}@media (max-width:599px){#us_grid_1 .w-grid-list{margin:0}#us_grid_1 .w-grid-item{width:100.0000%;padding:0;margin-bottom:1.5rem}}<\/style><style>.layout_portfolio_3 .w-grid-item-h:before{padding-bottom:100.0000%}@media (min-width:600px){.layout_portfolio_3 .w-grid-item.size_1x2 .w-grid-item-h:before{padding-bottom:calc(200.0000% + 1.5rem + 1.5rem)}.layout_portfolio_3 .w-grid-item.size_2x1 .w-grid-item-h:before{padding-bottom:calc(50.0000% - 1.5rem * 1.0000)}.layout_portfolio_3 .w-grid-item.size_2x2 .w-grid-item-h:before{padding-bottom:calc(100.0000% - 1.5rem * 0)}}.layout_portfolio_3 .w-grid-item-h{}.layout_portfolio_3 .usg_post_image_1{transition-duration:0.4s;transform-origin:50% 50%;transform:scale(1) translate(0,0);opacity:0.25}.layout_portfolio_3 .w-grid-item-h:hover .usg_post_image_1{transform:scale(1) translate(0,0);opacity:1}.layout_portfolio_3 .usg_post_title_1{transition-duration:0.3s;transform-origin:50% 50%;transform:scale(1) translate(0,0)}.layout_portfolio_3 .w-grid-item-h:hover .usg_post_title_1{transform:scale(1) translate(0,-100%);opacity:0}.layout_portfolio_3 .usg_post_taxonomy_1{transition-duration:0.3s;transform-origin:50% 50%;transform:scale(1) translate(0,0)}.layout_portfolio_3 .w-grid-item-h:hover .usg_post_taxonomy_1{transform:scale(1) translate(0,100%);opacity:0}.layout_portfolio_3 .usg_post_image_1{position:absolute!important;top:0!important;right:0!important;bottom:0!important;left:0!important}.layout_portfolio_3 .usg_vwrapper_1{position:absolute!important;top:0!important;right:0!important;bottom:0!important;left:0!important;padding:2rem!important}.layout_portfolio_3 .usg_post_title_1{color:inherit!important;font-size:1.4rem!important}<\/style><div class=\"w-grid-list\" >\t<article class=\"w-grid-item size_1x1 post-7110 page type-page status-publish has-post-thumbnail hentry\" data-id=\"7110\">\r\n\t\t<div class=\"w-grid-item-h\">\r\n\t\t\t\t\t\t\t<a class=\"w-grid-item-anchor\" href=\"https:\/\/www.eldo.com\/guide\/veranda\/construction\/financement\/aide\" rel=\"bookmark\" aria-label=\"V\u00e9randa aide financement\"><\/a>\r\n\t\t\t\t\t\t<div class=\"w-post-elm post_image usg_post_image_1 stretched\"><img width=\"512\" height=\"259\" src=\"https:\/\/www.eldo.com\/guide\/wp-content\/uploads\/2022\/02\/eclairage_veranda_toit_plat2-1.jpg\" class=\"attachment-large size-large wp-post-image\" alt=\"\" srcset=\"https:\/\/www.eldo.com\/guide\/wp-content\/uploads\/2022\/02\/eclairage_veranda_toit_plat2-1.jpg 512w, https:\/\/www.eldo.com\/guide\/wp-content\/uploads\/2022\/02\/eclairage_veranda_toit_plat2-1-300x152.jpg 300w, https:\/\/www.eldo.com\/guide\/wp-content\/uploads\/2022\/02\/eclairage_veranda_toit_plat2-1-600x304.jpg 600w, https:\/\/www.eldo.com\/guide\/wp-content\/uploads\/2022\/02\/eclairage_veranda_toit_plat2-1-800x405.jpg 800w\" sizes=\"(max-width: 512px) 100vw, 512px\" \/><\/div><div class=\"w-vwrapper usg_vwrapper_1 align_center valign_middle\"><h2 class=\"w-post-elm post_title usg_post_title_1 entry-title color_link_inherit has_text_color\">V\u00e9randa aide financement<\/h2><\/div>\t\t<\/div>\r\n\t<\/article>\r\n<\/div><div class=\"w-grid-preloader\"><div class=\"g-preloader type_1\">\r\n\t<div><\/div>\r\n<\/div>\r\n<\/div>\t<div class=\"w-grid-json hidden\" onclick='return {&quot;action&quot;:&quot;us_ajax_grid&quot;,&quot;ajax_url&quot;:&quot;https:\\\/\\\/www.eldo.com\\\/guide\\\/wp-admin\\\/admin-ajax.php&quot;,&quot;infinite_scroll&quot;:0,&quot;max_num_pages&quot;:1,&quot;pagination&quot;:&quot;none&quot;,&quot;permalink_url&quot;:&quot;https:\\\/\\\/www.eldo.com\\\/guide\\\/wp-json\\\/wp\\\/v2\\\/pages\\\/7104&quot;,&quot;template_vars&quot;:{&quot;columns&quot;:&quot;2&quot;,&quot;exclude_items&quot;:&quot;none&quot;,&quot;img_size&quot;:&quot;default&quot;,&quot;ignore_items_size&quot;:false,&quot;items_layout&quot;:&quot;portfolio_3&quot;,&quot;items_offset&quot;:&quot;1&quot;,&quot;load_animation&quot;:&quot;none&quot;,&quot;overriding_link&quot;:&quot;post&quot;,&quot;post_id&quot;:7104,&quot;query_args&quot;:{&quot;ignore_sticky_posts&quot;:1,&quot;post_type&quot;:&quot;any&quot;,&quot;post__in&quot;:[&quot;7110&quot;],&quot;posts_per_page&quot;:&quot;10&quot;},&quot;orderby_query_args&quot;:{&quot;orderby&quot;:{&quot;date&quot;:&quot;DESC&quot;}},&quot;type&quot;:&quot;grid&quot;,&quot;us_grid_ajax_index&quot;:1,&quot;us_grid_filter_params&quot;:null,&quot;us_grid_index&quot;:1,&quot;_us_grid_post_type&quot;:&quot;ids&quot;}}'><\/div>\r\n\t<\/div><\/div><\/div><\/div><\/div><\/div><\/section><section class=\"l-section wpb_row us_custom_e91755c2 height_auto width_full with_overlay\"><div class=\"l-section-overlay\" style=\"background: #ebebeb\"><\/div><div class=\"l-section-h i-cf\"><div class=\"g-cols vc_row type_boxes valign_middle\"><div class=\"vc_col-sm-12 wpb_column vc_column_container has-fill\"><div class=\"vc_column-inner us_custom_743acecb\"><div class=\"wpb_wrapper\"><p class=\"w-itext us_custom_6df4bc3a type_typingChars align_center\" onclick='return {&quot;duration&quot;:300,&quot;delay&quot;:2000,&quot;disablePartAnimation&quot;:false,&quot;dynamicColor&quot;:&quot;#ffffff&quot;,&quot;html_nbsp_char&quot;:true}'>Je\u00a0cherche\u00a0un\u00a0pro\u00a0\u00e0\u00a0<span class=\"w-itext-part changesat_0 changesat_1 changesat_2 changesat_3 changesat_4 dynamic\" style=\"color:#ffffff\" onclick='return [&quot;Bordeaux&quot;,&quot;Toulouse&quot;,&quot;Paris&quot;,&quot;Nantes&quot;,&quot;Marseille&quot;]'><span>Bordeaux<\/span><i class=\"w-itext-cursor\"><\/i><\/span><\/p><div class=\"w-separator size_medium\"><\/div><div class=\"w-btn-wrapper width_auto align_center\"><a class=\"w-btn us-btn-style_2\" title=\"Demander un devis\" href=\"https:\/\/devis.eldo.com\/veranda-new\/france?utm_source=gmb&amp;utm_medium=SEO&amp;utm_campaign=veranda-construction-financement\"><span class=\"w-btn-label\">Trouver un pro de confiance<\/span><\/a><\/div><\/div><\/div><\/div><\/div><\/div><\/section>\n","protected":false},"excerpt":{"rendered":"Quelles aides pour la construction d\u2019une v\u00e9randa\u00a0? Guides travauxPages Vous vous \u00eates finalement d\u00e9cid\u00e9 \u00e0 d\u00e9marrer les travaux de construction de la v\u00e9randa que vous avez tant voulue\u00a0! En fonction du type de v\u00e9randa, que vous envisagez d\u2019installer, de ses mat\u00e9riaux et de ses fonctionnalit\u00e9s, votre projet peut voir son incidence financi\u00e8re peser lourdement sur...","protected":false},"author":5,"featured_media":7115,"parent":7060,"menu_order":0,"comment_status":"closed","ping_status":"closed","template":"","meta":[],"page_tags":[],"_links":{"self":[{"href":"https:\/\/www.eldo.com\/guide\/wp-json\/wp\/v2\/pages\/7104"}],"collection":[{"href":"https:\/\/www.eldo.com\/guide\/wp-json\/wp\/v2\/pages"}],"about":[{"href":"https:\/\/www.eldo.com\/guide\/wp-json\/wp\/v2\/types\/page"}],"author":[{"embeddable":true,"href":"https:\/\/www.eldo.com\/guide\/wp-json\/wp\/v2\/users\/5"}],"replies":[{"embeddable":true,"href":"https:\/\/www.eldo.com\/guide\/wp-json\/wp\/v2\/comments?post=7104"}],"version-history":[{"count":10,"href":"https:\/\/www.eldo.com\/guide\/wp-json\/wp\/v2\/pages\/7104\/revisions"}],"predecessor-version":[{"id":10274,"href":"https:\/\/www.eldo.com\/guide\/wp-json\/wp\/v2\/pages\/7104\/revisions\/10274"}],"up":[{"embeddable":true,"href":"https:\/\/www.eldo.com\/guide\/wp-json\/wp\/v2\/pages\/7060"}],"wp:featuredmedia":[{"embeddable":true,"href":"https:\/\/www.eldo.com\/guide\/wp-json\/wp\/v2\/media\/7115"}],"wp:attachment":[{"href":"https:\/\/www.eldo.com\/guide\/wp-json\/wp\/v2\/media?parent=7104"}],"wp:term":[{"taxonomy":"page_tags","embeddable":true,"href":"https:\/\/www.eldo.com\/guide\/wp-json\/wp\/v2\/page_tags?post=7104"}],"curies":[{"name":"wp","href":"https:\/\/api.w.org\/{rel}","templated":true}]}}