{"id":7034,"date":"2022-02-07T16:11:59","date_gmt":"2022-02-07T16:11:59","guid":{"rendered":"https:\/\/www.eldo.com\/guide\/?page_id=7034"},"modified":"2023-11-22T09:23:44","modified_gmt":"2023-11-22T09:23:44","slug":"veranda-ou-extension","status":"publish","type":"page","link":"https:\/\/www.eldo.com\/guide\/veranda\/pourquoi-choisir\/veranda-vs-extension","title":{"rendered":"V\u00e9randa ou extension"},"content":{"rendered":"<section class=\"l-section wpb_row us_custom_e4eb24e1 height_auto width_full with_overlay\"><div class=\"l-section-overlay\" style=\"background: #ffffff\"><\/div><div class=\"l-section-h i-cf\"><div class=\"g-cols vc_row type_boxes valign_middle gap-10px\"><style>.g-cols.gap-10px{margin:0 -10px}.gap-10px > .vc_column_container {padding:10px}<\/style><div class=\"vc_col-sm-12 wpb_column vc_column_container has-fill has_text_color\"><div class=\"vc_column-inner us_custom_dec1d5bc\"><div class=\"wpb_wrapper\"><div class=\"wpb_text_column us_custom_cef92e06 has_text_color\" ><div class=\"wpb_wrapper\"><h1 style=\"text-align: center;\">Agrandir sa maison\u00a0: v\u00e9randa ou extension\u2009?<\/h1>\n<\/div><\/div><div class=\"w-separator size_medium\"><\/div><ol class=\"g-breadcrumbs us_custom_cef92e06 separator_icon align_left has_text_color\"><li class=\"g-breadcrumbs-item\"><a href=\"https:\/\/www.eldo.com\/guide\/\">Guides travaux<\/a><meta content=\"1\"\/><\/li><li class=\"g-breadcrumbs-separator\"><i class=\"far fa-angle-right\"><\/i><\/li><li class=\"g-breadcrumbs-item\">Pages<\/li><\/ol><\/div><\/div><\/div><div class=\"vc_col-sm-12 wpb_column vc_column_container\"><div class=\"vc_column-inner\"><div class=\"wpb_wrapper\"><div class=\"wpb_text_column us_custom_ae99f6aa has_text_color\" ><div class=\"wpb_wrapper\">\n<\/div><\/div><div class=\"wpb_text_column us_custom_ae99f6aa has_text_color\" ><div class=\"wpb_wrapper\"><p><span style=\"font-weight: 400;\">Le choix de construire une v\u00e9randa pour l\u2019agrandissement de maison peut \u00eatre motiv\u00e9 par plusieurs raisons. Cela peut \u00eatre d\u00fb \u00e0 la cr\u00e9ation d\u2019un espace de vie suppl\u00e9mentaire, l\u2019extension de votre r\u00e9sidence vers l\u2019ext\u00e9rieur ou peut-\u00eatre que la famille s\u2019agrandit. D\u00e9couvrons les crit\u00e8res que doit respecter l\u2019installation d\u2019une v\u00e9randa et les avantages d\u2019en avoir.<\/span><\/p>\n<\/div><\/div><div class=\"w-separator size_medium\"><\/div><div class=\"w-image align_center\"><div class=\"w-image-h\"><img width=\"512\" height=\"341\" src=\"https:\/\/www.eldo.com\/guide\/wp-content\/uploads\/2022\/02\/istockphoto-628094156-612x612-1.jpg\" class=\"attachment-large size-large\" alt=\"\" srcset=\"https:\/\/www.eldo.com\/guide\/wp-content\/uploads\/2022\/02\/istockphoto-628094156-612x612-1.jpg 512w, https:\/\/www.eldo.com\/guide\/wp-content\/uploads\/2022\/02\/istockphoto-628094156-612x612-1-300x200.jpg 300w, https:\/\/www.eldo.com\/guide\/wp-content\/uploads\/2022\/02\/istockphoto-628094156-612x612-1-600x400.jpg 600w\" sizes=\"(max-width: 512px) 100vw, 512px\" \/><\/div><\/div><\/div><\/div><\/div><\/div><\/div><\/section><section class=\"l-section wpb_row height_auto width_full with_overlay\"><div class=\"l-section-overlay\" style=\"background: #ffffff\"><\/div><div class=\"l-section-h i-cf\"><div class=\"g-cols vc_row type_boxes valign_middle gap-10px\"><style>.g-cols.gap-10px{margin:0 -10px}.gap-10px > .vc_column_container {padding:10px}<\/style><div class=\"vc_col-sm-12 wpb_column vc_column_container has-fill\"><div class=\"vc_column-inner us_custom_4fb9e5a3\"><div class=\"wpb_wrapper\"><div \" class=\"faq_question_container\"><h2 class=\"faq_question_title\">Quelle est la diff\u00e9rence entre extension ou v\u00e9randa\u2009?<\/h2><div class=\"faq_question_content\"><p><span style=\"font-weight: 400;\">Pour augmenter la surface de votre maison, la construction d\u2019une v\u00e9randa ou extension repr\u00e9sente une solution id\u00e9ale d\u2019agrandissement. Construire une extension ou une v\u00e9randa permet de profiter d\u2019une pi\u00e8ce suppl\u00e9mentaire et de faire profiter la famille et les amis de plus d\u2019espace. <a href=\"https:\/\/www.eldo.com\/guide\/veranda\/pourquoi-choisir\/veranda-vs-pergola\">V\u00e9randa vs pergola<\/a> pour agrandir votre demeure\u2009? Le choix d\u00e9pendra principalement de vos aspirations.<\/span><\/p>\n<h3>1. Style de vie et ambiance<\/h3>\n<p><span style=\"font-weight: 400;\">La premi\u00e8re diff\u00e9rence qui saute aux yeux lorsqu\u2019on compare l\u2019extension et la v\u00e9randa est le style. L\u2019aspect architectural entre les deux structures est de loin tr\u00e8s diff\u00e9rent, voire incomparable. La v\u00e9randa est un nouvel espace ouvert sur l\u2019ext\u00e9rieur avec de grandes baies vitr\u00e9es ou de verri\u00e8re. Gr\u00e2ce \u00e0 ces parois vitr\u00e9es, elle vous permet de profiter agr\u00e9ablement d\u2019un espace de vie ext\u00e9rieur.<\/span><\/p>\n<p><img class=\"size-medium wp-image-7042 alignleft\" src=\"https:\/\/www.eldo.com\/guide\/wp-content\/uploads\/2022\/02\/istockphoto-457344579-612x612-1-300x200.jpg\" alt=\"\" width=\"300\" height=\"200\" srcset=\"https:\/\/www.eldo.com\/guide\/wp-content\/uploads\/2022\/02\/istockphoto-457344579-612x612-1-300x200.jpg 300w, https:\/\/www.eldo.com\/guide\/wp-content\/uploads\/2022\/02\/istockphoto-457344579-612x612-1-600x400.jpg 600w, https:\/\/www.eldo.com\/guide\/wp-content\/uploads\/2022\/02\/istockphoto-457344579-612x612-1.jpg 512w\" sizes=\"(max-width: 300px) 100vw, 300px\" \/><\/p>\n<p><span style=\"font-weight: 400;\">La v\u00e9randa vous permet \u00e9galement d\u2019avoir de la lumi\u00e8re naturelle de jour comme de nuit aussi bien en \u00e9t\u00e9 comme en hiver. Contrairement \u00e0 la v\u00e9randa avec laquelle on se sent \u00e0 l\u2019ext\u00e9rieur tout en \u00e9tant \u00e0 l\u2019abri \u00e0 l\u2019int\u00e9rieur, l\u2019extension en dur est une simple continuit\u00e9. En effet, l\u2019extension rallonge juste l\u2019int\u00e9rieur vers l\u2019ext\u00e9rieur en cr\u00e9ant une nouvelle pi\u00e8ce habitable avec moins d\u2019ouvertures. Avec l\u2019extension, on remarque que la pi\u00e8ce de vie ne b\u00e9n\u00e9ficie pas d\u2019acc\u00e8s \u00e0 la luminosit\u00e9.\u00a0<\/span><\/p>\n<p><span style=\"font-weight: 400;\">Ce qui peut cr\u00e9er une augmentation d\u2019\u00e9lectricit\u00e9 puisqu\u2019il va falloir \u00e9clairer la pi\u00e8ce avec du courant \u00e9lectrique. De plus, apr\u00e8s tous les travaux que la structure exige, vous remarquez que le rendu n\u2019est pas vraiment agr\u00e9able.<\/span><\/p>\n<p><span style=\"font-weight: 400;\">Elle ne donne pas vraiment de plus-value \u00e0 l\u2019ext\u00e9rieur de votre b\u00e2tisse. La v\u00e9randa permettra d\u2019agrandir et de donner un aspect ext\u00e9rieur chaleureux et esth\u00e9tique \u00e0 votre maison moderne. Le choix de la solution d\u2019agrandissement de votre maison design peut se faire en fonction de vos attentes.<\/span><\/p>\n<h3>2. Performances thermiques et isolation<\/h3>\n<p><span style=\"font-weight: 400;\">L\u2019isolation thermique est un point important \u00e0 prendre en compte dans votre prise de d\u00e9cision. L\u2019isolation des deux structures n\u2019est pas le m\u00eame. Lorsque vous faites une extension, qu\u2019elle soit en bois ou en dur, elle b\u00e9n\u00e9ficie automatiquement des performances de la pi\u00e8ce attenante. Les murs et la toiture sont isol\u00e9s de mani\u00e8re classique tout comme ceux de votre maison.<\/span><\/p>\n<p><img class=\"size-medium wp-image-7043 alignright\" src=\"https:\/\/www.eldo.com\/guide\/wp-content\/uploads\/2022\/02\/istockphoto-178635856-612x612-1-300x200.jpg\" alt=\"\" width=\"300\" height=\"200\" srcset=\"https:\/\/www.eldo.com\/guide\/wp-content\/uploads\/2022\/02\/istockphoto-178635856-612x612-1-300x200.jpg 300w, https:\/\/www.eldo.com\/guide\/wp-content\/uploads\/2022\/02\/istockphoto-178635856-612x612-1-600x400.jpg 600w, https:\/\/www.eldo.com\/guide\/wp-content\/uploads\/2022\/02\/istockphoto-178635856-612x612-1.jpg 512w\" sizes=\"(max-width: 300px) 100vw, 300px\" \/><\/p>\n<p><span style=\"font-weight: 400;\">Par contre, les travaux d\u2019isolation de la v\u00e9randa sont un peu plus compliqu\u00e9s puisqu\u2019elle est ind\u00e9pendante de celle de la maison. L\u2019isolation de la v\u00e9randa est fonction des performances thermiques du vitrage utilis\u00e9. Par exemple, lorsque vous utilisez un double vitrage, elle est plus isolante\u00a0qu\u2019un simple vitrage. Heureusement, les vitrages pour v\u00e9randas con\u00e7us de nos jours sont dot\u00e9s des derni\u00e8res technologies.<\/span><\/p>\n<p><span style=\"font-weight: 400;\">Aussi, plusieurs options y sont int\u00e9gr\u00e9es pour vous permettre d\u2019avoir une isolation qui respecte les normes en vigueur. Ils sont aussi con\u00e7us pour vous faire faire des \u00e9conomies d\u2019\u00e9nergie. Bon nombre de ces vitrages sont des vitrages antieffraction, d\u2019autres vous prot\u00e8gent de la lumi\u00e8re du soleil et du froid, etc.<\/span><\/p>\n<h3>3. La dur\u00e9e de mise en \u0153uvre<\/h3>\n<p><span style=\"font-weight: 400;\">Si c\u2019est la dur\u00e9e des travaux qui d\u00e9terminera votre choix, il se portera s\u00fbrement sur la v\u00e9randa. En effet, faire construire une v\u00e9randa n\u00e9cessite g\u00e9n\u00e9ralement moins de temps que de r\u00e9aliser une extension.<\/span><\/p>\n<p><img class=\"size-medium wp-image-6977 alignleft\" src=\"https:\/\/www.eldo.com\/guide\/wp-content\/uploads\/2022\/02\/istockphoto-1333652574-612x612-1-300x200.jpg\" alt=\"\" width=\"300\" height=\"200\" srcset=\"https:\/\/www.eldo.com\/guide\/wp-content\/uploads\/2022\/02\/istockphoto-1333652574-612x612-1-300x200.jpg 300w, https:\/\/www.eldo.com\/guide\/wp-content\/uploads\/2022\/02\/istockphoto-1333652574-612x612-1-600x400.jpg 600w, https:\/\/www.eldo.com\/guide\/wp-content\/uploads\/2022\/02\/istockphoto-1333652574-612x612-1.jpg 512w\" sizes=\"(max-width: 300px) 100vw, 300px\" \/><\/p>\n<p><span style=\"font-weight: 400;\">Les travaux d\u2019extension en dur prennent au minimum 6 semaines\u2009; ce qui n\u2019est pas le cas avec la construction d\u2019une v\u00e9randa ou d\u2019une <a href=\"https:\/\/www.eldo.com\/guide\/pergola\">pergola<\/a>. Aussi, plus la surface de plancher de votre projet d\u2019extension sera \u00e9tendue et plus de temps, cela prendra.<\/span><\/p>\n<p><span style=\"font-weight: 400;\">N\u00e9anmoins, c\u2019est de la m\u00eame mani\u00e8re que la dur\u00e9e de r\u00e9alisation de la v\u00e9randa peut aussi varier. C\u2019est souvent d\u00fb \u00e0 la superficie de la surface au sol que vous voulez occuper et la fa\u00e7on dont vous voulez l\u2019am\u00e9nager.\u00a0<\/span><\/p>\n<p><span style=\"font-weight: 400;\">Au cas o\u00f9 il serait aussi question de couler une dalle, vous devez vous attendre \u00e0 un d\u00e9lai encore plus long. Lorsque vous tenez \u00e0 cr\u00e9er une extension de maison, mais en de courts d\u00e9lais, vous pouvez opter pour une extension bois ou en kit. Vous pouvez donc faire un choix en fonction de vos attentes, des d\u00e9lais et surtout de votre budget.<\/span><\/p>\n<h3>4. La r\u00e9glementation<\/h3>\n<p><span style=\"font-weight: 400;\">Ce n\u2019est pas la r\u00e9glementation qui vous fera faire votre choix, car il est pareil dans tous les cas (travaux de r\u00e9novation, construction de nouvel espace\u2026). Que ce soit les v\u00e9randas, les extensions ou m\u00eame une pergola bioclimatique, leurs r\u00e9alisations sont soumises \u00e0 la m\u00eame r\u00e9glementation.\u00a0<\/span><\/p>\n<p><span style=\"font-weight: 400;\">Pour une surface inf\u00e9rieure ou \u00e9gale \u00e0 40\u00a0m\u00b2, vous devez faire une d\u00e9claration de travaux. Lorsque la surface est sup\u00e9rieure \u00e0 40\u00a0m\u00b2, c\u2019est un permis de construire que vous devez obtenir.\u00a0<\/span><\/p>\n<p><span style=\"font-weight: 400;\">En France, toutes les implantations de surface avec emprise au sol doivent faire l\u2019objet de d\u00e9clarations pr\u00e9alables. Pour construire une annexe, faire une extension, peindre les fa\u00e7ades d\u2019un b\u00e2timent existant dans une zone urbaine ou non, il faut des autorisations. <\/span><\/p>\n<p><img class=\"size-medium wp-image-6979 alignright\" src=\"https:\/\/www.eldo.com\/guide\/wp-content\/uploads\/2022\/02\/istockphoto-526321583-612x612-1-300x199.jpg\" alt=\"\" width=\"300\" height=\"199\" srcset=\"https:\/\/www.eldo.com\/guide\/wp-content\/uploads\/2022\/02\/istockphoto-526321583-612x612-1-300x199.jpg 300w, https:\/\/www.eldo.com\/guide\/wp-content\/uploads\/2022\/02\/istockphoto-526321583-612x612-1-600x398.jpg 600w, https:\/\/www.eldo.com\/guide\/wp-content\/uploads\/2022\/02\/istockphoto-526321583-612x612-1.jpg 512w\" sizes=\"(max-width: 300px) 100vw, 300px\" \/><\/p>\n<p><span style=\"font-weight: 400;\">Avant l\u2019agrandissement de votre maison ou autres travaux d\u2019extension de maison, vous devez donc vous rendre \u00e0 la mairie de votre commune. Si vous \u00eates dans une zone urbaine, c\u2019est au service urbanisme de la mairie qui poss\u00e8de un Plan Local d\u2019Urbanisme qu\u2019il faut vous rendre. <\/span><span style=\"font-weight: 400;\">C\u2019est \u00e0 eux de vous orienter suivant les r\u00e8gles d\u2019urbanisme vers les d\u00e9marches \u00e0 faire. Selon l\u2019ampleur des travaux, vous pouvez faire une simple d\u00e9claration ou demander un permis de construire.\u00a0<\/span><\/p>\n<p><span style=\"font-weight: 400;\">Une d\u00e9claration pr\u00e9alable suffit g\u00e9n\u00e9ralement pour les travaux qui touchent \u00e0 une construction existante. N\u00e9anmoins, les autorisations requises d\u00e9pendent de l\u2019emprise sur le sol et de la surface totale au sol couverte par la structure.<\/span><\/p>\n<p><span style=\"font-weight: 400;\">Pour des fondations sans risque, une \u00e9tude de sol est primordiale. Faites aussi appel \u00e0 des architectes pour des finitions impeccables. Construire un espace suppl\u00e9mentaire sur des b\u00e2tisses existantes sans d\u00e9claration pr\u00e9alable de travaux ou une demande de permis de construire peut vous valoir des repr\u00e9sailles. Les sanctions peuvent aller d\u2019une amende \u00e0 la d\u00e9molition totale de l\u2019\u0153uvre.<\/span><\/p>\n<\/div><\/div><div class=\"w-separator size_small\"><\/div><div class=\"w-btn-wrapper width_auto align_center\"><a class=\"w-btn us-btn-style_2\" title=\"Demander un devis\" href=\"https:\/\/devis.eldo.com\/veranda-new\/france?utm_source=gmb&amp;utm_medium=SEO&amp;utm_campaign=veranda-veranda-vs-extension\"><span class=\"w-btn-label\">Expliquer mon projet<\/span><\/a><\/div><\/div><\/div><\/div><\/div><\/div><\/section><section class=\"l-section wpb_row height_medium\"><div class=\"l-section-h i-cf\"><div class=\"g-cols vc_row type_default valign_top\"><div class=\"vc_col-sm-12 wpb_column vc_column_container\"><div class=\"vc_column-inner\"><div class=\"wpb_wrapper\"><div class=\"w-grid type_grid layout_portfolio_3 cols_2 valign_center ratio_1x1\" id=\"us_grid_1\"><style id=\"us_grid_1_css\">#us_grid_1 .w-grid-item{padding:1.5rem}#us_grid_1 .w-grid-list{margin:-1.5rem}.w-grid + #us_grid_1 .w-grid-list{margin-top:1.5rem}@media (max-width:599px){#us_grid_1 .w-grid-list{margin:0}#us_grid_1 .w-grid-item{width:100.0000%;padding:0;margin-bottom:1.5rem}}<\/style><style>.layout_portfolio_3 .w-grid-item-h:before{padding-bottom:100.0000%}@media (min-width:600px){.layout_portfolio_3 .w-grid-item.size_1x2 .w-grid-item-h:before{padding-bottom:calc(200.0000% + 1.5rem + 1.5rem)}.layout_portfolio_3 .w-grid-item.size_2x1 .w-grid-item-h:before{padding-bottom:calc(50.0000% - 1.5rem * 1.0000)}.layout_portfolio_3 .w-grid-item.size_2x2 .w-grid-item-h:before{padding-bottom:calc(100.0000% - 1.5rem * 0)}}.layout_portfolio_3 .w-grid-item-h{}.layout_portfolio_3 .usg_post_image_1{transition-duration:0.4s;transform-origin:50% 50%;transform:scale(1) translate(0,0);opacity:0.25}.layout_portfolio_3 .w-grid-item-h:hover .usg_post_image_1{transform:scale(1) translate(0,0);opacity:1}.layout_portfolio_3 .usg_post_title_1{transition-duration:0.3s;transform-origin:50% 50%;transform:scale(1) translate(0,0)}.layout_portfolio_3 .w-grid-item-h:hover .usg_post_title_1{transform:scale(1) translate(0,-100%);opacity:0}.layout_portfolio_3 .usg_post_taxonomy_1{transition-duration:0.3s;transform-origin:50% 50%;transform:scale(1) translate(0,0)}.layout_portfolio_3 .w-grid-item-h:hover .usg_post_taxonomy_1{transform:scale(1) translate(0,100%);opacity:0}.layout_portfolio_3 .usg_post_image_1{position:absolute!important;top:0!important;right:0!important;bottom:0!important;left:0!important}.layout_portfolio_3 .usg_vwrapper_1{position:absolute!important;top:0!important;right:0!important;bottom:0!important;left:0!important;padding:2rem!important}.layout_portfolio_3 .usg_post_title_1{color:inherit!important;font-size:1.4rem!important}<\/style><div class=\"w-grid-list\" >\t<article class=\"w-grid-item size_1x1 post-7045 page type-page status-publish has-post-thumbnail hentry\" data-id=\"7045\">\r\n\t\t<div class=\"w-grid-item-h\">\r\n\t\t\t\t\t\t\t<a class=\"w-grid-item-anchor\" href=\"https:\/\/www.eldo.com\/guide\/veranda\/pourquoi-choisir\/veranda-vs-pergola\" rel=\"bookmark\" aria-label=\"V\u00e9randa ou pergola\"><\/a>\r\n\t\t\t\t\t\t<div class=\"w-post-elm post_image usg_post_image_1 stretched\"><img width=\"1024\" height=\"577\" src=\"https:\/\/www.eldo.com\/guide\/wp-content\/uploads\/2021\/07\/Sans-titre-75-1024x577.jpg\" class=\"attachment-large size-large wp-post-image\" alt=\"veranda\" srcset=\"https:\/\/www.eldo.com\/guide\/wp-content\/uploads\/2021\/07\/Sans-titre-75-1024x577.jpg 1024w, https:\/\/www.eldo.com\/guide\/wp-content\/uploads\/2021\/07\/Sans-titre-75-300x169.jpg 300w, https:\/\/www.eldo.com\/guide\/wp-content\/uploads\/2021\/07\/Sans-titre-75-600x338.jpg 600w, https:\/\/www.eldo.com\/guide\/wp-content\/uploads\/2021\/07\/Sans-titre-75-800x451.jpg 800w, https:\/\/www.eldo.com\/guide\/wp-content\/uploads\/2021\/07\/Sans-titre-75.jpg 512w\" sizes=\"(max-width: 1024px) 100vw, 1024px\" \/><\/div><div class=\"w-vwrapper usg_vwrapper_1 align_center valign_middle\"><h2 class=\"w-post-elm post_title usg_post_title_1 entry-title color_link_inherit has_text_color\">V\u00e9randa ou pergola<\/h2><\/div>\t\t<\/div>\r\n\t<\/article>\r\n<\/div><div class=\"w-grid-preloader\"><div class=\"g-preloader type_1\">\r\n\t<div><\/div>\r\n<\/div>\r\n<\/div>\t<div class=\"w-grid-json hidden\" onclick='return {&quot;action&quot;:&quot;us_ajax_grid&quot;,&quot;ajax_url&quot;:&quot;https:\\\/\\\/www.eldo.com\\\/guide\\\/wp-admin\\\/admin-ajax.php&quot;,&quot;infinite_scroll&quot;:0,&quot;max_num_pages&quot;:1,&quot;pagination&quot;:&quot;none&quot;,&quot;permalink_url&quot;:&quot;https:\\\/\\\/www.eldo.com\\\/guide\\\/wp-json\\\/wp\\\/v2\\\/pages\\\/7034&quot;,&quot;template_vars&quot;:{&quot;columns&quot;:&quot;2&quot;,&quot;exclude_items&quot;:&quot;none&quot;,&quot;img_size&quot;:&quot;default&quot;,&quot;ignore_items_size&quot;:false,&quot;items_layout&quot;:&quot;portfolio_3&quot;,&quot;items_offset&quot;:&quot;1&quot;,&quot;load_animation&quot;:&quot;none&quot;,&quot;overriding_link&quot;:&quot;post&quot;,&quot;post_id&quot;:7034,&quot;query_args&quot;:{&quot;ignore_sticky_posts&quot;:1,&quot;post_type&quot;:&quot;any&quot;,&quot;post__in&quot;:[&quot;7045&quot;],&quot;posts_per_page&quot;:&quot;10&quot;},&quot;orderby_query_args&quot;:{&quot;orderby&quot;:{&quot;date&quot;:&quot;DESC&quot;}},&quot;type&quot;:&quot;grid&quot;,&quot;us_grid_ajax_index&quot;:1,&quot;us_grid_filter_params&quot;:null,&quot;us_grid_index&quot;:1,&quot;_us_grid_post_type&quot;:&quot;ids&quot;}}'><\/div>\r\n\t<\/div><\/div><\/div><\/div><\/div><\/div><\/section><section class=\"l-section wpb_row us_custom_e91755c2 height_auto width_full with_overlay\"><div class=\"l-section-overlay\" style=\"background: #ebebeb\"><\/div><div class=\"l-section-h i-cf\"><div class=\"g-cols vc_row type_boxes valign_middle\"><div class=\"vc_col-sm-12 wpb_column vc_column_container has-fill\"><div class=\"vc_column-inner us_custom_743acecb\"><div class=\"wpb_wrapper\"><p class=\"w-itext us_custom_6df4bc3a type_typingChars align_center\" onclick='return {&quot;duration&quot;:300,&quot;delay&quot;:2000,&quot;disablePartAnimation&quot;:false,&quot;dynamicColor&quot;:&quot;#ffffff&quot;,&quot;html_nbsp_char&quot;:true}'>Je\u00a0cherche\u00a0un\u00a0pro\u00a0\u00e0\u00a0<span class=\"w-itext-part changesat_0 changesat_1 changesat_2 changesat_3 changesat_4 dynamic\" style=\"color:#ffffff\" onclick='return [&quot;Bordeaux&quot;,&quot;Toulouse&quot;,&quot;Paris&quot;,&quot;Nantes&quot;,&quot;Marseille&quot;]'><span>Bordeaux<\/span><i class=\"w-itext-cursor\"><\/i><\/span><\/p><div class=\"w-separator size_small\"><\/div><div class=\"w-btn-wrapper width_auto align_center\"><a class=\"w-btn us-btn-style_2\" title=\"Demander un devis\" href=\"https:\/\/devis.eldo.com\/veranda-new\/france?utm_source=gmb&amp;utm_medium=SEO&amp;utm_campaign=veranda-veranda-vs-extension\"><span class=\"w-btn-label\">Trouver un pro de confiance<\/span><\/a><\/div><\/div><\/div><\/div><\/div><\/div><\/section>\n","protected":false},"excerpt":{"rendered":"Pergola versus v\u00e9randa\u2026 qui gagne le combat\u00a0? Guides travauxPages Afin d\u2019installer un espace de d\u00e9tente \u00e0 l\u2019abri de la chaleur et des rayons du soleil, deux choix s\u2019offrent \u00e0 vous pour un meilleur confort. En effet, vous pourrez opter pour installer une pergola dans le jardin, ou bien une v\u00e9randa en bordure de terrasse. Ainsi,...","protected":false},"author":5,"featured_media":6929,"parent":7020,"menu_order":0,"comment_status":"closed","ping_status":"closed","template":"","meta":[],"page_tags":[],"_links":{"self":[{"href":"https:\/\/www.eldo.com\/guide\/wp-json\/wp\/v2\/pages\/7034"}],"collection":[{"href":"https:\/\/www.eldo.com\/guide\/wp-json\/wp\/v2\/pages"}],"about":[{"href":"https:\/\/www.eldo.com\/guide\/wp-json\/wp\/v2\/types\/page"}],"author":[{"embeddable":true,"href":"https:\/\/www.eldo.com\/guide\/wp-json\/wp\/v2\/users\/5"}],"replies":[{"embeddable":true,"href":"https:\/\/www.eldo.com\/guide\/wp-json\/wp\/v2\/comments?post=7034"}],"version-history":[{"count":9,"href":"https:\/\/www.eldo.com\/guide\/wp-json\/wp\/v2\/pages\/7034\/revisions"}],"predecessor-version":[{"id":10261,"href":"https:\/\/www.eldo.com\/guide\/wp-json\/wp\/v2\/pages\/7034\/revisions\/10261"}],"up":[{"embeddable":true,"href":"https:\/\/www.eldo.com\/guide\/wp-json\/wp\/v2\/pages\/7020"}],"wp:featuredmedia":[{"embeddable":true,"href":"https:\/\/www.eldo.com\/guide\/wp-json\/wp\/v2\/media\/6929"}],"wp:attachment":[{"href":"https:\/\/www.eldo.com\/guide\/wp-json\/wp\/v2\/media?parent=7034"}],"wp:term":[{"taxonomy":"page_tags","embeddable":true,"href":"https:\/\/www.eldo.com\/guide\/wp-json\/wp\/v2\/page_tags?post=7034"}],"curies":[{"name":"wp","href":"https:\/\/api.w.org\/{rel}","templated":true}]}}