{"id":7020,"date":"2022-02-07T15:51:30","date_gmt":"2022-02-07T15:51:30","guid":{"rendered":"https:\/\/www.eldo.com\/guide\/?page_id=7020"},"modified":"2023-11-23T11:22:17","modified_gmt":"2023-11-23T11:22:17","slug":"pourquoi-choisir","status":"publish","type":"page","link":"https:\/\/www.eldo.com\/guide\/veranda\/pourquoi-choisir","title":{"rendered":"Pourquoi choisir une v\u00e9randa"},"content":{"rendered":"<section class=\"l-section wpb_row us_custom_e4eb24e1 height_auto width_full with_overlay\"><div class=\"l-section-overlay\" style=\"background: #ffffff\"><\/div><div class=\"l-section-h i-cf\"><div class=\"g-cols vc_row type_boxes valign_middle gap-10px\"><style>.g-cols.gap-10px{margin:0 -10px}.gap-10px > .vc_column_container {padding:10px}<\/style><div class=\"vc_col-sm-12 wpb_column vc_column_container has-fill has_text_color\"><div class=\"vc_column-inner us_custom_7e0f02d7\"><div class=\"wpb_wrapper\"><div class=\"wpb_text_column us_custom_cef92e06 has_text_color\" ><div class=\"wpb_wrapper\"><h1 style=\"text-align: center;\"><span style=\"font-weight: 400;\">Pourquoi choisir une v\u00e9randa\u2009?<\/span><\/h1>\n<\/div><\/div><div class=\"w-separator size_medium\"><\/div><ol class=\"g-breadcrumbs us_custom_cef92e06 separator_icon align_left has_text_color\"><li class=\"g-breadcrumbs-item\"><a href=\"https:\/\/www.eldo.com\/guide\/\">Guides travaux<\/a><meta content=\"1\"\/><\/li><li class=\"g-breadcrumbs-separator\"><i class=\"far fa-angle-right\"><\/i><\/li><li class=\"g-breadcrumbs-item\">Pages<\/li><\/ol><\/div><\/div><\/div><div class=\"vc_col-sm-12 wpb_column vc_column_container\"><div class=\"vc_column-inner\"><div class=\"wpb_wrapper\"><div class=\"wpb_text_column us_custom_ae99f6aa has_text_color\" ><div class=\"wpb_wrapper\">\n<\/div><\/div><div class=\"wpb_text_column us_custom_ae99f6aa has_text_color\" ><div class=\"wpb_wrapper\"><p><span style=\"font-weight: 400;\">Le choix de construire une v\u00e9randa pour l\u2019agrandissement de maison peut \u00eatre motiv\u00e9 par plusieurs raisons. Cela peut \u00eatre d\u00fb \u00e0 la cr\u00e9ation d\u2019un espace de vie suppl\u00e9mentaire, l\u2019extension de votre r\u00e9sidence vers l\u2019ext\u00e9rieur ou peut-\u00eatre que la famille s\u2019agrandit. D\u00e9couvrons les crit\u00e8res que doit respecter l\u2019installation d\u2019une v\u00e9randa et les avantages d\u2019en avoir.<\/span><\/p>\n<\/div><\/div><div class=\"w-separator size_medium\"><\/div><div class=\"w-image align_center\"><div class=\"w-image-h\"><img width=\"512\" height=\"288\" src=\"https:\/\/www.eldo.com\/guide\/wp-content\/uploads\/2022\/02\/istockphoto-1328873770-612x612-1.jpg\" class=\"attachment-large size-large\" alt=\"\" srcset=\"https:\/\/www.eldo.com\/guide\/wp-content\/uploads\/2022\/02\/istockphoto-1328873770-612x612-1.jpg 512w, https:\/\/www.eldo.com\/guide\/wp-content\/uploads\/2022\/02\/istockphoto-1328873770-612x612-1-300x169.jpg 300w, https:\/\/www.eldo.com\/guide\/wp-content\/uploads\/2022\/02\/istockphoto-1328873770-612x612-1-600x337.jpg 600w\" sizes=\"(max-width: 512px) 100vw, 512px\" \/><\/div><\/div><\/div><\/div><\/div><\/div><\/div><\/section><section class=\"l-section wpb_row height_auto width_full with_overlay\"><div class=\"l-section-overlay\" style=\"background: #ffffff\"><\/div><div class=\"l-section-h i-cf\"><div class=\"g-cols vc_row type_boxes valign_middle gap-10px\"><style>.g-cols.gap-10px{margin:0 -10px}.gap-10px > .vc_column_container {padding:10px}<\/style><div class=\"vc_col-sm-12 wpb_column vc_column_container has-fill\"><div class=\"vc_column-inner us_custom_4fb9e5a3\"><div class=\"wpb_wrapper\"><div \" class=\"faq_question_container\"><h2 class=\"faq_question_title\">Pourquoi installer une v\u00e9randa : une extension facile \u00e0 r\u00e9aliser<\/h2><div class=\"faq_question_content\"><p><span style=\"font-weight: 400;\">Une v\u00e9randa vous offre un espace de vie suppl\u00e9mentaire. Lorsque vous choisissez une v\u00e9randa, d\u00e9m\u00e9nager n\u2019est plus n\u00e9cessaire. Si vous pr\u00e9f\u00e9rez les petites terrasses, vous pouvez avoir des v\u00e9randas de superficie minimum \u00e9gale \u00e0 2\u00a0m\u00b2.<\/span><\/p>\n<p><span style=\"font-weight: 400;\"><img class=\"size-medium wp-image-7048 alignleft\" src=\"https:\/\/www.eldo.com\/guide\/wp-content\/uploads\/2022\/02\/Veranda_Pergola-300x195.jpg\" alt=\"\" width=\"300\" height=\"195\" srcset=\"https:\/\/www.eldo.com\/guide\/wp-content\/uploads\/2022\/02\/Veranda_Pergola-300x195.jpg 300w, https:\/\/www.eldo.com\/guide\/wp-content\/uploads\/2022\/02\/Veranda_Pergola-600x390.jpg 600w, https:\/\/www.eldo.com\/guide\/wp-content\/uploads\/2022\/02\/Veranda_Pergola.jpg 512w\" sizes=\"(max-width: 300px) 100vw, 300px\" \/>La v\u00e9randa vous procurera des ouvertures dot\u00e9es d\u2019une grande luminosit\u00e9 (gr\u00e2ce aux baies vitr\u00e9es, fen\u00eatres\u2026). Contrairement \u00e0 une simple extension qui pourrait s\u2019av\u00e9rer pauvre en luminosit\u00e9. Cette luminosit\u00e9 que procure la v\u00e9randa est le facteur principal qui marque la diff\u00e9rence dans le rapport <a href=\"https:\/\/www.eldo.com\/guide\/veranda\/pourquoi-choisir\/veranda-vs-extension\">v\u00e9randa vs extension<\/a>.<\/span><\/p>\n<p><span style=\"font-weight: 400;\">Par ailleurs, il existe des v\u00e9randas pouvant s\u2019am\u00e9nager en abri de jardin ou de piscine. Sur le plan administratif, lorsque la surface de votre v\u00e9randa exc\u00e8de 20\u00a0m\u00b2, vous devez obtenir un permis de construire. En pr\u00e9sence de plan local d\u2019urbanisme, cela n\u2019est plus n\u00e9cessaire.<\/span><\/p>\n<p><span style=\"font-weight: 400;\">Il faut avoir recours \u00e0 un architecte si la superficie de votre v\u00e9randa d\u00e9passe les 150\u00a0m\u00b2. Les d\u00e9marches administratives pour avoir une nouvelle pi\u00e8ce sont moindres. G\u00e9n\u00e9ralement, une d\u00e9claration de travaux \u00e0 la mairie suffit amplement.<\/span><\/p>\n<\/div><\/div><div class=\"w-separator size_small\"><\/div><div class=\"w-btn-wrapper width_auto align_center\"><a class=\"w-btn us-btn-style_2\" title=\"Demander un devis\" href=\"https:\/\/devis.eldo.com\/veranda-new\/france?utm_source=gmb&amp;utm_medium=SEO&amp;utm_campaign=veranda-pourquoi-choisir\"><span class=\"w-btn-label\">Expliquer mon projet<\/span><\/a><\/div><div class=\"w-separator size_medium\"><\/div><div \" class=\"faq_question_container\"><h2 class=\"faq_question_title\">Pourquoi installer une v\u00e9randa : une pi\u00e8ce bien isol\u00e9e<\/h2><div class=\"faq_question_content\"><p><span style=\"font-weight: 400;\">Une v\u00e9randa est une sorte de loggia. Pour s\u2019assurer que la pi\u00e8ce est bien isol\u00e9e et attrayante en toute saison, il existe actuellement des mat\u00e9riaux adapt\u00e9s. Notons que les vitrages \u00e0 isolation renforc\u00e9e sont ad\u00e9quats pour une excellente isolation, quelle que soit la temp\u00e9rature.<\/span><\/p>\n<p><img class=\"size-medium wp-image-7040 alignright\" src=\"https:\/\/www.eldo.com\/guide\/wp-content\/uploads\/2022\/02\/istockphoto-1319706698-612x612-1-300x200.jpg\" alt=\"\" width=\"300\" height=\"200\" srcset=\"https:\/\/www.eldo.com\/guide\/wp-content\/uploads\/2022\/02\/istockphoto-1319706698-612x612-1-300x200.jpg 300w, https:\/\/www.eldo.com\/guide\/wp-content\/uploads\/2022\/02\/istockphoto-1319706698-612x612-1-600x400.jpg 600w, https:\/\/www.eldo.com\/guide\/wp-content\/uploads\/2022\/02\/istockphoto-1319706698-612x612-1.jpg 512w\" sizes=\"(max-width: 300px) 100vw, 300px\" \/><\/p>\n<p><span style=\"font-weight: 400;\">Choisir un vitrage \u00e0 contr\u00f4le solaire est conseill\u00e9 pour votre confort lorsque votre v\u00e9randa est expos\u00e9e au soleil. En effet, ce vitrage a la capacit\u00e9 de repousser, en grande partie, les rayons solaires. Notons que les v\u00e9randas modernes ont, pour la plupart, une structure en aluminium. De plus, l\u2019annulation des courants d\u2019air emp\u00eache donc les fuites de chaleur.<\/span><\/p>\n<p><span style=\"font-weight: 400;\">En plus d\u2019\u00eatre dot\u00e9es d\u2019une grande luminosit\u00e9, les v\u00e9randas consolident l\u2019isolation des fa\u00e7ades sur lesquelles elles sont adoss\u00e9es. Par cons\u00e9quent, le confort thermodynamique et celui de votre audition sont meilleurs dans la pi\u00e8ce attenante. Cette isolation thermique que poss\u00e8de la v\u00e9randa marque une grande diff\u00e9rence dans la relation<a href=\"https:\/\/www.eldo.com\/guide\/veranda\/pourquoi-choisir\/veranda-vs-pergola\"> v\u00e9randa vs pergola<\/a>.<\/span><\/p>\n<p><span style=\"font-weight: 400;\">En effet, la toiture d\u2019une v\u00e9randa doit avoir une tr\u00e8s bonne isolation thermique pour emmagasiner et conserver de la chaleur \u00e0 l\u2019int\u00e9rieur. La pergola, quant \u00e0 elle, n\u2019a pas besoin de ventilation particuli\u00e8re. De plus, la v\u00e9randa n\u00e9cessite une d\u00e9claration pr\u00e9alable de travaux, alors que la pergola ne n\u00e9cessite qu\u2019une simple d\u00e9claration.<\/span><\/p>\n<\/div><\/div><div class=\"w-separator size_medium\"><\/div><div class=\"w-btn-wrapper width_auto align_center\"><a class=\"w-btn us-btn-style_2\" title=\"Demander un devis\" href=\"https:\/\/devis.eldo.com\/veranda-new\/france?utm_source=gmb&amp;utm_medium=SEO&amp;utm_campaign=veranda-pourquoi-choisir\"><span class=\"w-btn-label\">Demander conseil<\/span><\/a><\/div><div class=\"w-separator size_medium\"><\/div><div \" class=\"faq_question_container\"><h2 class=\"faq_question_title\">Pourquoi installer une v\u00e9randa : une plus-value<\/h2><div class=\"faq_question_content\"><p><span style=\"font-weight: 400;\">La v\u00e9randa et une pi\u00e8ce suppl\u00e9mentaire qui rend plus jolie la fa\u00e7ade de votre maison. Elle vous donne en plus une sorte d\u2019acc\u00e8s sur votre jardin. Cet espace ayant une partie \u00e0 l\u2019ext\u00e9rieur et l\u2019autre \u00e0 l\u2019int\u00e9rieur a souvent pour appellation jardin d\u2019hiver.<\/span><\/p>\n<p><span style=\"font-weight: 400;\">Lors d\u2019une r\u00e9trocession, par exemple, les acheteurs seront conquis par ce prolongement de votre r\u00e9sidence. De plus, cette vente permettra de r\u00e9aliser une plus-value immobili\u00e8re. Notons que lorsque la surface totale de la v\u00e9randa augmente et exc\u00e8de 20\u00a0m\u00b2, cela accro\u00eet le montant de certaines taxes. Au nombre de ces taxes, il y a la taxe d\u2019habitation et la taxe fonci\u00e8re.<\/span><\/p>\n<p><span style=\"font-weight: 400;\"><img class=\"size-medium wp-image-7014 alignleft\" src=\"https:\/\/www.eldo.com\/guide\/wp-content\/uploads\/2022\/02\/veranda-300x200.jpg\" alt=\"\" width=\"300\" height=\"200\" srcset=\"https:\/\/www.eldo.com\/guide\/wp-content\/uploads\/2022\/02\/veranda-300x200.jpg 300w, https:\/\/www.eldo.com\/guide\/wp-content\/uploads\/2022\/02\/veranda-600x400.jpg 600w, https:\/\/www.eldo.com\/guide\/wp-content\/uploads\/2022\/02\/veranda.jpg 512w\" sizes=\"(max-width: 300px) 100vw, 300px\" \/>Par ailleurs, un agrandissement r\u00e9ussi n\u00e9cessite que l\u2019ossature de votre v\u00e9randa fasse corps avec la construction existante. Ce nouveau chef-d\u2019\u0153uvre peut b\u00e9n\u00e9ficier d\u2019une forme rayonnante munie d\u2019une toiture arrondie et totalement vitr\u00e9e.<\/span><\/p>\n<p><span style=\"font-weight: 400;\">La construction d\u2019une v\u00e9randa n\u00e9cessite une \u00e9tude de sol. Apr\u00e8s s&rsquo;ensuit l\u2019excavation du sol pour les fondations. La v\u00e9randa est une pi\u00e8ce de vie, un espace suppl\u00e9mentaire qui modifie l\u2019aspect ext\u00e9rieur de votre maison.<\/span><\/p>\n<p><span style=\"font-weight: 400;\">Lorsqu\u2019elle est adoss\u00e9e \u00e0 un mur, elle entre dans des \u00e9tats de servitudes vis-\u00e0-vis de ce mur. Il faudra vous assurer que votre v\u00e9randa respecte les r\u00e8gles d\u2019urbanisme et la r\u00e9glementation thermique appliqu\u00e9e dans votre commune. Sa performance \u00e9nerg\u00e9tique doit \u00eatre bonne et respecter les standards.\u00a0<\/span><\/p>\n<p><span style=\"font-weight: 400;\">Ce nouvel espace permet d\u2019agrandir consid\u00e9rablement la surface habitable de votre b\u00e2timent existant. Noter qu\u2019apr\u00e8s avoir b\u00e2ti votre v\u00e9randa, vous pouvez proc\u00e9der \u00e0 une sur\u00e9l\u00e9vation de toiture \u00e0 l\u2019aide d\u2019une charpente.<\/span><\/p>\n<p><span style=\"font-weight: 400;\">En outre, lorsque vous poss\u00e9dez une v\u00e9randa victorienne, cela rend gracieuse, esth\u00e9tique et unique votre habitation. Ce mod\u00e8le de v\u00e9randa poss\u00e8de un toit simple et une partie rayonnante. Il existe une pluralit\u00e9 de types de v\u00e9randa. C\u2019est pour cela qu\u2019un architecte ou un constructeur de v\u00e9randas sur mesure vous donnera de bons conseils.<\/span><\/p>\n<\/div><\/div><div class=\"w-separator size_medium\"><\/div><div class=\"w-btn-wrapper width_auto align_center\"><a class=\"w-btn us-btn-style_2\" title=\"Demander un devis\" href=\"https:\/\/devis.eldo.com\/veranda-new\/france?utm_source=gmb&amp;utm_medium=SEO&amp;utm_campaign=veranda-pourquoi-choisir\"><span class=\"w-btn-label\">Demander un devis<\/span><\/a><\/div><div class=\"w-separator size_medium\"><\/div><div \" class=\"faq_question_container\"><h2 class=\"faq_question_title\">Pourquoi installer une v\u00e9randa : un large choix de mat\u00e9riaux<\/h2><div class=\"faq_question_content\"><p><span style=\"font-weight: 400;\">Il existe une large vari\u00e9t\u00e9 de mat\u00e9riaux pour la conception des v\u00e9randas. Les v\u00e9randas en kits sont pour vous qui n\u2019avez pas un budget important et qui \u00eates excellent en bricolage. La v\u00e9randa en kit est vendue en pi\u00e8ces d\u00e9tachables pr\u00e9alablement perfor\u00e9es.\u00a0<\/span><\/p>\n<p><span style=\"font-weight: 400;\">Pour le montage de votre v\u00e9randa en kit, il est conseill\u00e9 de faire appel \u00e0 des architectes. Faire appel \u00e0 un sp\u00e9cialiste est n\u00e9cessaire, car manipuler des pi\u00e8ces en verre est d\u00e9licat. Comme mat\u00e9riau pour une v\u00e9randa en kit, nous avons le PVC.<\/span><\/p>\n<p><span style=\"font-weight: 400;\">C\u2019est un mat\u00e9riau qu\u2019on peut se procurer \u00e0 moindre co\u00fbt avec une tr\u00e8s bonne qualit\u00e9. Il est tr\u00e8s lent \u00e0 la d\u00e9gradation et est facile d\u2019entretien. Cependant, le bois repr\u00e9sente la solution id\u00e9ale pour avoir une bonne isolation thermique.<\/span><\/p>\n<p><img class=\"size-medium wp-image-6990 alignright\" src=\"https:\/\/www.eldo.com\/guide\/wp-content\/uploads\/2022\/02\/istockphoto-1276904568-612x612-1-300x200.jpg\" alt=\"\" width=\"300\" height=\"200\" srcset=\"https:\/\/www.eldo.com\/guide\/wp-content\/uploads\/2022\/02\/istockphoto-1276904568-612x612-1-300x200.jpg 300w, https:\/\/www.eldo.com\/guide\/wp-content\/uploads\/2022\/02\/istockphoto-1276904568-612x612-1-600x400.jpg 600w, https:\/\/www.eldo.com\/guide\/wp-content\/uploads\/2022\/02\/istockphoto-1276904568-612x612-1.jpg 512w\" sizes=\"(max-width: 300px) 100vw, 300px\" \/><\/p>\n<p><span style=\"font-weight: 400;\">En effet, l\u2019ossature en bois est excellente. Il est conseill\u00e9 de faire le choix de bois tropicaux (ayant une essence exotique). Ce type de bois est presque insensible aux changements climatiques, mais est on\u00e9reux sur le march\u00e9. Nous avons \u00e9galement l\u2019aluminium qui est un excellent mat\u00e9riau.<\/span><\/p>\n<p><span style=\"font-weight: 400;\">La v\u00e9randa en aluminium est r\u00e9sistante et facile d\u2019entretien. Il poss\u00e8de une tr\u00e8s bonne \u00e9tanch\u00e9it\u00e9 et est moins cher, mais n\u2019est pas un bon isolant. Cependant, des suppressions de ponts thermiques luttent contre la fuite de chaleur, tout en procurant de la lumi\u00e8re naturelle.<\/span><\/p>\n<p><span style=\"font-weight: 400;\">Par ailleurs, la plupart des gens d\u00e9sirent se procurer une v\u00e9randa haut de gamme. Dans ce cas, il est conseill\u00e9 la v\u00e9randa en fer forg\u00e9 ou en acier. Pour pouvoir vous procurer ces mod\u00e8les de v\u00e9randas, votre budget doit \u00eatre cons\u00e9quent.<\/span><\/p>\n<p><span style=\"font-weight: 400;\">Le budget pour avoir une v\u00e9randa se situe dans l\u2019intervalle de 4\u2009182\u00a0\u20ac TTC \u00e0 24\u2009294\u00a0\u20ac TTC. Cette fourchette de prix a \u00e9t\u00e9 d\u00e9finie en fonction des mat\u00e9riaux, des formes et de la superficie des v\u00e9randas. Notez que ces travaux d\u2019installation de v\u00e9randa ont un co\u00fbt ind\u00e9pendant de cette fourchette de prix.<\/span><\/p>\n<p><span style=\"font-weight: 400;\">En outre, agrandir sa maison ou faire des travaux de r\u00e9novation sur une maison ancienne n\u00e9cessite la pr\u00e9sence de professionnels du b\u00e2timent. La dur\u00e9e des travaux d\u00e9pendra de la forme et des mat\u00e9riaux utilis\u00e9s.<\/span><\/p>\n<\/div><\/div><div class=\"w-separator size_small\"><\/div><div class=\"w-btn-wrapper width_auto align_center\"><a class=\"w-btn us-btn-style_2\" title=\"Demander un devis\" href=\"https:\/\/devis.eldo.com\/veranda-new\/france?utm_source=gmb&amp;utm_medium=SEO&amp;utm_campaign=veranda-pourquoi-choisir\"><span class=\"w-btn-label\">Expliquer mon projet<\/span><\/a><\/div><\/div><\/div><\/div><\/div><\/div><\/section><section class=\"l-section wpb_row height_medium\"><div class=\"l-section-h i-cf\"><div class=\"g-cols vc_row type_default valign_top\"><div class=\"vc_col-sm-12 wpb_column vc_column_container\"><div class=\"vc_column-inner\"><div class=\"wpb_wrapper\"><div class=\"w-grid type_grid layout_portfolio_3 cols_2 valign_center ratio_1x1\" id=\"us_grid_1\"><style id=\"us_grid_1_css\">#us_grid_1 .w-grid-item{padding:1.5rem}#us_grid_1 .w-grid-list{margin:-1.5rem}.w-grid + #us_grid_1 .w-grid-list{margin-top:1.5rem}@media (max-width:599px){#us_grid_1 .w-grid-list{margin:0}#us_grid_1 .w-grid-item{width:100.0000%;padding:0;margin-bottom:1.5rem}}<\/style><style>.layout_portfolio_3 .w-grid-item-h:before{padding-bottom:100.0000%}@media (min-width:600px){.layout_portfolio_3 .w-grid-item.size_1x2 .w-grid-item-h:before{padding-bottom:calc(200.0000% + 1.5rem + 1.5rem)}.layout_portfolio_3 .w-grid-item.size_2x1 .w-grid-item-h:before{padding-bottom:calc(50.0000% - 1.5rem * 1.0000)}.layout_portfolio_3 .w-grid-item.size_2x2 .w-grid-item-h:before{padding-bottom:calc(100.0000% - 1.5rem * 0)}}.layout_portfolio_3 .w-grid-item-h{}.layout_portfolio_3 .usg_post_image_1{transition-duration:0.4s;transform-origin:50% 50%;transform:scale(1) translate(0,0);opacity:0.25}.layout_portfolio_3 .w-grid-item-h:hover .usg_post_image_1{transform:scale(1) translate(0,0);opacity:1}.layout_portfolio_3 .usg_post_title_1{transition-duration:0.3s;transform-origin:50% 50%;transform:scale(1) translate(0,0)}.layout_portfolio_3 .w-grid-item-h:hover .usg_post_title_1{transform:scale(1) translate(0,-100%);opacity:0}.layout_portfolio_3 .usg_post_taxonomy_1{transition-duration:0.3s;transform-origin:50% 50%;transform:scale(1) translate(0,0)}.layout_portfolio_3 .w-grid-item-h:hover .usg_post_taxonomy_1{transform:scale(1) translate(0,100%);opacity:0}.layout_portfolio_3 .usg_post_image_1{position:absolute!important;top:0!important;right:0!important;bottom:0!important;left:0!important}.layout_portfolio_3 .usg_vwrapper_1{position:absolute!important;top:0!important;right:0!important;bottom:0!important;left:0!important;padding:2rem!important}.layout_portfolio_3 .usg_post_title_1{color:inherit!important;font-size:1.4rem!important}<\/style><div class=\"w-grid-list\" >\t<article class=\"w-grid-item size_1x1 post-7045 page type-page status-publish has-post-thumbnail hentry\" data-id=\"7045\">\r\n\t\t<div class=\"w-grid-item-h\">\r\n\t\t\t\t\t\t\t<a class=\"w-grid-item-anchor\" href=\"https:\/\/www.eldo.com\/guide\/veranda\/pourquoi-choisir\/veranda-vs-pergola\" rel=\"bookmark\" aria-label=\"V\u00e9randa ou pergola\"><\/a>\r\n\t\t\t\t\t\t<div class=\"w-post-elm post_image usg_post_image_1 stretched\"><img width=\"1024\" height=\"577\" src=\"https:\/\/www.eldo.com\/guide\/wp-content\/uploads\/2021\/07\/Sans-titre-75-1024x577.jpg\" class=\"attachment-large size-large wp-post-image\" alt=\"veranda\" srcset=\"https:\/\/www.eldo.com\/guide\/wp-content\/uploads\/2021\/07\/Sans-titre-75-1024x577.jpg 1024w, https:\/\/www.eldo.com\/guide\/wp-content\/uploads\/2021\/07\/Sans-titre-75-300x169.jpg 300w, https:\/\/www.eldo.com\/guide\/wp-content\/uploads\/2021\/07\/Sans-titre-75-600x338.jpg 600w, https:\/\/www.eldo.com\/guide\/wp-content\/uploads\/2021\/07\/Sans-titre-75-800x451.jpg 800w, https:\/\/www.eldo.com\/guide\/wp-content\/uploads\/2021\/07\/Sans-titre-75.jpg 512w\" sizes=\"(max-width: 1024px) 100vw, 1024px\" \/><\/div><div class=\"w-vwrapper usg_vwrapper_1 align_center valign_middle\"><h2 class=\"w-post-elm post_title usg_post_title_1 entry-title color_link_inherit has_text_color\">V\u00e9randa ou pergola<\/h2><\/div>\t\t<\/div>\r\n\t<\/article>\r\n\t<article class=\"w-grid-item size_1x1 post-7034 page type-page status-publish has-post-thumbnail hentry\" data-id=\"7034\">\r\n\t\t<div class=\"w-grid-item-h\">\r\n\t\t\t\t\t\t\t<a class=\"w-grid-item-anchor\" href=\"https:\/\/www.eldo.com\/guide\/veranda\/pourquoi-choisir\/veranda-vs-extension\" rel=\"bookmark\" aria-label=\"V\u00e9randa ou extension\"><\/a>\r\n\t\t\t\t\t\t<div class=\"w-post-elm post_image usg_post_image_1 stretched\"><img width=\"512\" height=\"341\" src=\"https:\/\/www.eldo.com\/guide\/wp-content\/uploads\/2022\/02\/istockphoto-993736962-612x612-1.jpg\" class=\"attachment-large size-large wp-post-image\" alt=\"\" srcset=\"https:\/\/www.eldo.com\/guide\/wp-content\/uploads\/2022\/02\/istockphoto-993736962-612x612-1.jpg 512w, https:\/\/www.eldo.com\/guide\/wp-content\/uploads\/2022\/02\/istockphoto-993736962-612x612-1-300x200.jpg 300w, https:\/\/www.eldo.com\/guide\/wp-content\/uploads\/2022\/02\/istockphoto-993736962-612x612-1-600x400.jpg 600w\" sizes=\"(max-width: 512px) 100vw, 512px\" \/><\/div><div class=\"w-vwrapper usg_vwrapper_1 align_center valign_middle\"><h2 class=\"w-post-elm post_title usg_post_title_1 entry-title color_link_inherit has_text_color\">V\u00e9randa ou extension<\/h2><\/div>\t\t<\/div>\r\n\t<\/article>\r\n<\/div><div class=\"w-grid-preloader\"><div class=\"g-preloader type_1\">\r\n\t<div><\/div>\r\n<\/div>\r\n<\/div>\t<div class=\"w-grid-json hidden\" onclick='return {&quot;action&quot;:&quot;us_ajax_grid&quot;,&quot;ajax_url&quot;:&quot;https:\\\/\\\/www.eldo.com\\\/guide\\\/wp-admin\\\/admin-ajax.php&quot;,&quot;infinite_scroll&quot;:0,&quot;max_num_pages&quot;:1,&quot;pagination&quot;:&quot;none&quot;,&quot;permalink_url&quot;:&quot;https:\\\/\\\/www.eldo.com\\\/guide\\\/wp-json\\\/wp\\\/v2\\\/pages\\\/7020&quot;,&quot;template_vars&quot;:{&quot;columns&quot;:&quot;2&quot;,&quot;exclude_items&quot;:&quot;none&quot;,&quot;img_size&quot;:&quot;default&quot;,&quot;ignore_items_size&quot;:false,&quot;items_layout&quot;:&quot;portfolio_3&quot;,&quot;items_offset&quot;:&quot;1&quot;,&quot;load_animation&quot;:&quot;none&quot;,&quot;overriding_link&quot;:&quot;post&quot;,&quot;post_id&quot;:7020,&quot;query_args&quot;:{&quot;ignore_sticky_posts&quot;:1,&quot;post_type&quot;:&quot;any&quot;,&quot;post__in&quot;:[&quot;7034&quot;,&quot;7045&quot;],&quot;posts_per_page&quot;:&quot;10&quot;},&quot;orderby_query_args&quot;:{&quot;orderby&quot;:{&quot;date&quot;:&quot;DESC&quot;}},&quot;type&quot;:&quot;grid&quot;,&quot;us_grid_ajax_index&quot;:1,&quot;us_grid_filter_params&quot;:null,&quot;us_grid_index&quot;:1,&quot;_us_grid_post_type&quot;:&quot;ids&quot;}}'><\/div>\r\n\t<\/div><\/div><\/div><\/div><\/div><\/div><\/section><section class=\"l-section wpb_row us_custom_e91755c2 height_auto width_full with_overlay\"><div class=\"l-section-overlay\" style=\"background: #ebebeb\"><\/div><div class=\"l-section-h i-cf\"><div class=\"g-cols vc_row type_boxes valign_middle\"><div class=\"vc_col-sm-12 wpb_column vc_column_container has-fill\"><div class=\"vc_column-inner us_custom_743acecb\"><div class=\"wpb_wrapper\"><p class=\"w-itext us_custom_6df4bc3a type_typingChars align_center\" onclick='return {&quot;duration&quot;:300,&quot;delay&quot;:2000,&quot;disablePartAnimation&quot;:false,&quot;dynamicColor&quot;:&quot;#ffffff&quot;,&quot;html_nbsp_char&quot;:true}'>Je\u00a0cherche\u00a0un\u00a0pro\u00a0\u00e0\u00a0<span class=\"w-itext-part changesat_0 changesat_1 changesat_2 changesat_3 changesat_4 dynamic\" style=\"color:#ffffff\" onclick='return [&quot;Bordeaux&quot;,&quot;Toulouse&quot;,&quot;Paris&quot;,&quot;Nantes&quot;,&quot;Marseille&quot;]'><span>Bordeaux<\/span><i class=\"w-itext-cursor\"><\/i><\/span><\/p><div class=\"w-separator size_medium\"><\/div><div class=\"w-btn-wrapper width_auto align_center\"><a class=\"w-btn us-btn-style_2\" title=\"Demander un devis\" href=\"https:\/\/devis.eldo.com\/veranda-new\/france?utm_source=gmb&amp;utm_medium=SEO&amp;utm_campaign=veranda-pourquoi-choisir\"><span class=\"w-btn-label\">Trouver un pro de confiance<\/span><\/a><\/div><\/div><\/div><\/div><\/div><\/div><\/section>\n","protected":false},"excerpt":{"rendered":"Agrandir sa maison\u00a0: v\u00e9randa ou extension\u2009? Guides travauxPages Le choix de construire une v\u00e9randa pour l\u2019agrandissement de maison peut \u00eatre motiv\u00e9 par plusieurs raisons. Cela peut \u00eatre d\u00fb \u00e0 la cr\u00e9ation d\u2019un espace de vie suppl\u00e9mentaire, l\u2019extension de votre r\u00e9sidence vers l\u2019ext\u00e9rieur ou peut-\u00eatre que la famille s\u2019agrandit. D\u00e9couvrons les crit\u00e8res que doit respecter l\u2019installation...","protected":false},"author":5,"featured_media":7164,"parent":6962,"menu_order":0,"comment_status":"closed","ping_status":"closed","template":"","meta":[],"page_tags":[],"_links":{"self":[{"href":"https:\/\/www.eldo.com\/guide\/wp-json\/wp\/v2\/pages\/7020"}],"collection":[{"href":"https:\/\/www.eldo.com\/guide\/wp-json\/wp\/v2\/pages"}],"about":[{"href":"https:\/\/www.eldo.com\/guide\/wp-json\/wp\/v2\/types\/page"}],"author":[{"embeddable":true,"href":"https:\/\/www.eldo.com\/guide\/wp-json\/wp\/v2\/users\/5"}],"replies":[{"embeddable":true,"href":"https:\/\/www.eldo.com\/guide\/wp-json\/wp\/v2\/comments?post=7020"}],"version-history":[{"count":15,"href":"https:\/\/www.eldo.com\/guide\/wp-json\/wp\/v2\/pages\/7020\/revisions"}],"predecessor-version":[{"id":10288,"href":"https:\/\/www.eldo.com\/guide\/wp-json\/wp\/v2\/pages\/7020\/revisions\/10288"}],"up":[{"embeddable":true,"href":"https:\/\/www.eldo.com\/guide\/wp-json\/wp\/v2\/pages\/6962"}],"wp:featuredmedia":[{"embeddable":true,"href":"https:\/\/www.eldo.com\/guide\/wp-json\/wp\/v2\/media\/7164"}],"wp:attachment":[{"href":"https:\/\/www.eldo.com\/guide\/wp-json\/wp\/v2\/media?parent=7020"}],"wp:term":[{"taxonomy":"page_tags","embeddable":true,"href":"https:\/\/www.eldo.com\/guide\/wp-json\/wp\/v2\/page_tags?post=7020"}],"curies":[{"name":"wp","href":"https:\/\/api.w.org\/{rel}","templated":true}]}}