{"id":6941,"date":"2022-02-07T10:33:46","date_gmt":"2022-02-07T10:33:46","guid":{"rendered":"https:\/\/www.eldo.com\/guide\/?page_id=6941"},"modified":"2023-11-29T10:24:53","modified_gmt":"2023-11-29T10:24:53","slug":"pergola-decoration-2","status":"publish","type":"page","link":"https:\/\/www.eldo.com\/guide\/pergola\/installation\/legislation","title":{"rendered":"Pergola l\u00e9gislation"},"content":{"rendered":"<section class=\"l-section wpb_row us_custom_e4eb24e1 height_auto width_full with_overlay\"><div class=\"l-section-overlay\" style=\"background: #ffffff\"><\/div><div class=\"l-section-h i-cf\"><div class=\"g-cols vc_row type_boxes valign_middle gap-10px\"><style>.g-cols.gap-10px{margin:0 -10px}.gap-10px > .vc_column_container {padding:10px}<\/style><div class=\"vc_col-sm-12 wpb_column vc_column_container has-fill has_text_color\"><div class=\"vc_column-inner us_custom_5c66942e\"><div class=\"wpb_wrapper\"><div class=\"wpb_text_column us_custom_cef92e06 has_text_color\" ><div class=\"wpb_wrapper\"><h1 style=\"text-align: center;\">Quelles sont les d\u00e9marches l\u00e9gales pour l\u2019installation d\u2019une pergola\u2009?<\/h1>\n<\/div><\/div><div class=\"w-separator size_medium\"><\/div><ol class=\"g-breadcrumbs us_custom_cef92e06 separator_icon align_left has_text_color\"><li class=\"g-breadcrumbs-item\"><a href=\"https:\/\/www.eldo.com\/guide\/\">Guides travaux<\/a><meta content=\"1\"\/><\/li><li class=\"g-breadcrumbs-separator\"><i class=\"far fa-angle-right\"><\/i><\/li><li class=\"g-breadcrumbs-item\">Pages<\/li><\/ol><\/div><\/div><\/div><div class=\"vc_col-sm-12 wpb_column vc_column_container\"><div class=\"vc_column-inner\"><div class=\"wpb_wrapper\"><div class=\"wpb_text_column us_custom_ae99f6aa has_text_color\" ><div class=\"wpb_wrapper\">\n<\/div><\/div><div class=\"wpb_text_column us_custom_ae99f6aa has_text_color\" ><div class=\"wpb_wrapper\"><p><span style=\"font-weight: 400;\">Pour profiter agr\u00e9ablement de l\u2019ext\u00e9rieur en \u00e9t\u00e9 comme en hiver, la pergola est la structure id\u00e9ale pour am\u00e9nager un nouvel espace. Tout en ornant votre jardin et terrasse, elle vous prot\u00e8ge des intemp\u00e9ries et des rayons UV. Cependant, la construction d\u2019une pergola autoport\u00e9e ou adoss\u00e9e exige un certain\u00a0nombre de r\u00e9glementations et de formalit\u00e9s. En effet, plusieurs r\u00e8gles encadrent les travaux d\u2019installation d\u2019une\u00a0pergola. Quelles sont alors les d\u00e9marches l\u00e9gales \u00e0 effectuer avant l\u2019installation d\u2019une pergola\u2009?<\/span><\/p>\n<\/div><\/div><div class=\"w-separator size_medium\"><\/div><div class=\"w-image align_center\"><div class=\"w-image-h\"><img width=\"544\" height=\"400\" src=\"https:\/\/www.eldo.com\/guide\/wp-content\/uploads\/2022\/02\/828690_11e0b9c3cfab4420afe8e57f8be5ae56_mv2-544x400.webp\" class=\"attachment-us_600_400 size-us_600_400\" alt=\"\" srcset=\"https:\/\/www.eldo.com\/guide\/wp-content\/uploads\/2022\/02\/828690_11e0b9c3cfab4420afe8e57f8be5ae56_mv2-544x400.webp 544w, https:\/\/www.eldo.com\/guide\/wp-content\/uploads\/2022\/02\/828690_11e0b9c3cfab4420afe8e57f8be5ae56_mv2-300x221.webp 300w, https:\/\/www.eldo.com\/guide\/wp-content\/uploads\/2022\/02\/828690_11e0b9c3cfab4420afe8e57f8be5ae56_mv2-800x588.webp 800w, https:\/\/www.eldo.com\/guide\/wp-content\/uploads\/2022\/02\/828690_11e0b9c3cfab4420afe8e57f8be5ae56_mv2.webp 925w\" sizes=\"(max-width: 544px) 100vw, 544px\" \/><\/div><\/div><\/div><\/div><\/div><\/div><\/div><\/section><section class=\"l-section wpb_row height_auto width_full with_overlay\"><div class=\"l-section-overlay\" style=\"background: #ffffff\"><\/div><div class=\"l-section-h i-cf\"><div class=\"g-cols vc_row type_boxes valign_middle gap-10px\"><style>.g-cols.gap-10px{margin:0 -10px}.gap-10px > .vc_column_container {padding:10px}<\/style><div class=\"vc_col-sm-12 wpb_column vc_column_container has-fill\"><div class=\"vc_column-inner us_custom_4fb9e5a3\"><div class=\"wpb_wrapper\"><div \" class=\"faq_question_container\"><h2 class=\"faq_question_title\">Quelle autorisation pour construire une pergola\u2009?<\/h2><div class=\"faq_question_content\"><p><span style=\"font-weight: 400;\">Que ce soit des pergolas ind\u00e9pendantes ou accol\u00e9es \u00e0 des constructions existantes, leur installation n\u00e9cessite une demande pr\u00e9alable \u00e0 la mairie de la commune.<\/span><\/p>\n<h3>Permis de construire ou d\u00e9claration pr\u00e9alable\u2009?<\/h3>\n<p><span style=\"font-weight: 400;\">Selon la jurisprudence de la cour administrative d\u2019appel de Nantes, l\u2019installation d\u2019une pergola est une construction \u00e0 part enti\u00e8re. Que ce soit dans une maison individuelle, dans un lieu public, dans une zone urbaine ou non, l\u2019autorisation de travaux est obligatoire. M\u00eame pour le changement de peinture sur la fa\u00e7ade des b\u00e2timents en France, l\u2019obtention du permis est n\u00e9cessaire. Apr\u00e8s construction d\u2019une pergola sans permission, vous devez obtenir un permis de d\u00e9molir avant sa d\u00e9molition.<\/span><\/p>\n<p><span style=\"font-weight: 400;\">Cependant, c\u2019est la nature de la pergola qui d\u00e9terminera l\u2019autorisation de construire \u00e0 prendre. C\u2019est selon la surface\u00a0sur laquelle vous installez la pergola et l\u2019impact qu\u2019elle aura sur le sol que vous obtenez une d\u00e9claration pr\u00e9alable ou un permis de construire. Ce sont donc les travaux envisag\u00e9s qui d\u00e9terminent\u00a0l\u2019autorisation que vous devez prendre. G\u00e9n\u00e9ralement, les travaux qui n\u00e9cessitent un permis de construire sont\u00a0:<\/span><\/p>\n<ul>\n<li style=\"font-weight: 400;\" aria-level=\"1\"><span style=\"font-weight: 400;\">les nouvelles constructions sur des\u00a0terrains nus\u2009;<\/span><\/li>\n<li style=\"font-weight: 400;\" aria-level=\"1\"><span style=\"font-weight: 400;\">toutes les implantations de surface dont l\u2019emprise au sol est sup\u00e9rieure \u00e0 20 m\u00b2 sur un b\u00e2timent existant\u2009;<\/span><\/li>\n<li style=\"font-weight: 400;\" aria-level=\"1\"><span style=\"font-weight: 400;\">l<\/span><span style=\"font-weight: 400;\">\u2019am\u00e9nagement ext\u00e9rieur d\u2019une d\u00e9pendance ou d\u2019un abri de jardin avec cr\u00e9ation de surface de plancher ou d\u2019emprise au sol sup\u00e9rieure \u00e0 20 m\u00b2.\u00a0<\/span><\/li>\n<\/ul>\n<h3>Pergola ind\u00e9pendante\u00a0: r\u00e9gime applicable aux constructions nouvelles<\/h3>\n<p><span style=\"font-weight: 400;\">Contrairement \u00e0 une pergola adoss\u00e9e, votre pergola autoport\u00e9e est support\u00e9e par des structures porteuses, ce qui n\u00e9cessite des travaux sur une superficie donn\u00e9e. Que ce soit au milieu de votre jardin, sur la terrasse ou au bord de la piscine, elle am\u00e9liore l\u2019aspect ext\u00e9rieur de votre demeure.<\/span><\/p>\n<p><span style=\"font-weight: 400;\">L\u2019installation d\u2019une pergola permet l\u2019agrandissement de votre demeure \u00e0 l\u2019ext\u00e9rieur. \u00c0 moins que le terrain sur lequel vous voulez installer votre structure soit un secteur sauvegard\u00e9\u00a0ou class\u00e9, vous pouvez vous passer des formalit\u00e9s.<\/span><\/p>\n<p><span style=\"font-weight: 400;\">En revanche, quand l\u2019emprise au sol de la pergola est sup\u00e9rieure \u00e0 20 m\u00b2, l\u2019obtention d\u2019un permis de construire est primordiale. Toutefois, lorsque l\u2019emprise est comprise entre 5 m\u00b2 et 20 m\u00b2, la construction de la pergola n\u00e9cessitera, selon l\u2019article\u00a0R.421-9 du Code de l\u2019urbanisme, une d\u00e9claration pr\u00e9alable de travaux. Construire sans permis vous exposera \u00e0 des sanctions.\u00a0<\/span><\/p>\n<p><span style=\"font-weight: 400;\">Sans d\u00e9poser, au pr\u00e9alable, une demande de permis avant la construction de votre pergola,\u00a0la mairie peut vous adresser une amende allant jusqu\u2019\u00e0 300\u2009000\u00a0\u20ac. De plus, il va falloir d\u00e9molir la structure, ce qui engendrera des frais suppl\u00e9mentaires. Rendez-vous donc \u00e0 la mairie de votre ville ou contactez-les pour \u00eatre inform\u00e9 des derni\u00e8res l\u00e9gislations en urbanisation en vigueur.<\/span><\/p>\n<h3>Pergola accol\u00e9e\u00a0: r\u00e9gime applicable aux travaux sur construction existante<\/h3>\n<p><span style=\"font-weight: 400;\">M\u00eame si les\u00a0pergolas murales n\u2019ont pas besoin d\u2019une fondation puisqu\u2019elles\u00a0sont\u00a0fix\u00e9es \u00e0 des constructions existantes, ces travaux n\u00e9cessitent pourtant des d\u00e9clarations pr\u00e9alables. Cela rel\u00e8ve des proc\u00e9dures appliqu\u00e9es aux travaux sur construction existante.\u00a0<\/span><\/p>\n<p><span style=\"font-weight: 400;\">En effet, pour tous les travaux ayant rapport \u00e0 la fa\u00e7ade du b\u00e2timent de votre demeure, il est recommand\u00e9 de faire une d\u00e9claration de travaux. Par cons\u00e9quent, les pergolas adoss\u00e9es doivent faire l\u2019objet de d\u00e9clarations pr\u00e9alable de travaux.<\/span><\/p>\n<p><span style=\"font-weight: 400;\">Faites vos demandes de permis de r\u00e9alisation au plus\u00a0tard un mois avant le d\u00e9but des travaux. Toutefois, lorsque l\u2019emprise au sol de votre structure est sup\u00e9rieure ou \u00e9gale \u00e0 20 m\u00b2, il n\u2019est plus question d\u2019une d\u00e9claration pr\u00e9alable de travaux.<\/span><\/p>\n<p><span style=\"font-weight: 400;\">Il s\u2019agira plut\u00f4t d\u2019un permis de construire. Du seuil de 20\u00a0m\u00b2, vous pouvez passer \u00e0 40\u00a0m\u00b2<\/span> <span style=\"font-weight: 400;\">lorsque la construction de la pergola se fait dans des zones urbaines d\u2019une commune poss\u00e9dant un certificat d\u2019urbanisme (Plan local d\u2019Urbanisme). N\u00e9anmoins, le seuil de 40\u00a0m\u00b2 ne peut \u00eatre appliqu\u00e9 aux pergolas ind\u00e9pendantes.<\/span><\/p>\n<h3><img class=\" wp-image-6947 aligncenter\" src=\"https:\/\/www.eldo.com\/guide\/wp-content\/uploads\/2022\/02\/istockphoto-157373180-612x612-1-300x212.jpg\" alt=\"\" width=\"462\" height=\"327\" srcset=\"https:\/\/www.eldo.com\/guide\/wp-content\/uploads\/2022\/02\/istockphoto-157373180-612x612-1-300x212.jpg 300w, https:\/\/www.eldo.com\/guide\/wp-content\/uploads\/2022\/02\/istockphoto-157373180-612x612-1-565x400.jpg 565w, https:\/\/www.eldo.com\/guide\/wp-content\/uploads\/2022\/02\/istockphoto-157373180-612x612-1.jpg 512w\" sizes=\"(max-width: 462px) 100vw, 462px\" \/><\/h3>\n<h3>Cas particulier\u00a0: pergola d\u00e9montable<\/h3>\n<p><span style=\"font-weight: 400;\">Lorsque\u00a0l\u2019installation de votre pergola ind\u00e9pendante ne d\u00e9passe pas la dur\u00e9e de 3 mois, vous pouvez vous passer des formalit\u00e9s en vigueur. Pour une dur\u00e9e inf\u00e9rieure ou \u00e9gale \u00e0 15 jours, sur les secteurs sauvegard\u00e9s, vous pouvez\u00a0installer la pergola sans formalit\u00e9.<\/span><\/p>\n<p><span style=\"font-weight: 400;\">Toutefois, m\u00eame dans ce cas, il faut quand m\u00eame que l\u2019installation temporaire de la structure soit ind\u00e9pendante. La pergola ne doit pas s\u2019installer sur une construction existante. Sinon, d\u00e8s qu\u2019il s\u2019agit d\u2019une pergola adoss\u00e9e, vous devez, selon l\u2019importance\u00a0des surfaces envisag\u00e9es, obtenir un permis de construire ou une d\u00e9claration pr\u00e9alable. En cas de r\u00e9installation et d\u2019installation p\u00e9riodique, la pergola doit automatiquement \u00eatre soumise \u00e0 un permis de construire.\u00a0<\/span><\/p>\n<h3>Contenu de la demande<\/h3>\n<p><span style=\"font-weight: 400;\">La demande d\u2019autorisation de construction doit comporter plusieurs formulaires. Il y a le formulaire CERFA de d\u00e9claration pr\u00e9alable ou de permis de construire. Il ne comporte pas toutes les informations n\u00e9cessaires, car il ne vous permet pas de d\u00e9clarer l\u2019emprise des constructions sur le sol.<\/span> <span style=\"font-weight: 400;\">Vous trouverez\u00a0 \u00e9galement le formulaire des \u00e9l\u00e9ments indispensables aux calculs des impositions.\u00a0<\/span><\/p>\n<p><span style=\"font-weight: 400;\">Pour obtenir le permis de construire ou le permis d\u2019am\u00e9nager pour votre projet de construction, vous devez joindre des pi\u00e8ces administratives\u00a0 \u00e0 la demande. Il vous faudra un plan de situation, un plan de masse, un plan des fa\u00e7ades et des toitures.<\/span><\/p>\n<p><span style=\"font-weight: 400;\">Le document graphique, la photographie du paysage proche et environnant, la notice qui d\u00e9crit le terrain et pr\u00e9sente le projet sont aussi demand\u00e9s. Le plan de coupe du terrain ainsi que celui de la construction sont aussi n\u00e9cessaires. En effet, il s\u2019agit des pi\u00e8ces indispensables \u00e0 l\u2019acceptation de votre demande.<\/span><\/p>\n<h3>Plus d\u2019infos sur ce sujet<\/h3>\n<ul>\n<li style=\"font-weight: 400;\" aria-level=\"1\"><span style=\"font-weight: 400;\">Pour quelle surface de construction faut-il prendre un permis de construire\u2009?<\/span><\/li>\n<li style=\"font-weight: 400;\" aria-level=\"1\"><span style=\"font-weight: 400;\">Pour quelle surface faut-il avoir recours \u00e0 un architecte\u2009?<\/span><\/li>\n<li style=\"font-weight: 400;\" aria-level=\"1\"><span style=\"font-weight: 400;\">Quelle est la distance requise \u00e0 observer avant une construction lorsqu\u2019on a un voisin\u2009?<\/span><\/li>\n<li style=\"font-weight: 400;\" aria-level=\"1\"><span style=\"font-weight: 400;\">Comment r\u00e9ussir \u00e0 obtenir une autorisation de construire\u2009?<\/span><\/li>\n<li style=\"font-weight: 400;\" aria-level=\"1\"><span style=\"font-weight: 400;\">En cas d\u2019abri de piscine,\u00a0faut-il prendre un permis de construire ou une d\u00e9claration pr\u00e9alable\u2009?<\/span><\/li>\n<\/ul>\n<p><span style=\"font-weight: 400;\">Ces diff\u00e9rentes questions vous permettront d\u2019en savoir plus sur le sujet.<\/span><\/p>\n<\/div><\/div><div class=\"w-separator size_small\"><\/div><div class=\"w-btn-wrapper width_auto align_center\"><a class=\"w-btn us-btn-style_2\" title=\"Demander un devis\" href=\"https:\/\/devis.eldo.com\/pergola-new\/france?utm_source=gmb&amp;utm_medium=SEO&amp;utm_campaign=pergola-installation-legislation\"><span class=\"w-btn-label\">Demander un devis<\/span><\/a><\/div><\/div><\/div><\/div><\/div><\/div><\/section><section class=\"l-section wpb_row height_medium\"><div class=\"l-section-h i-cf\"><div class=\"g-cols vc_row type_default valign_top\"><div class=\"vc_col-sm-12 wpb_column vc_column_container\"><div class=\"vc_column-inner\"><div class=\"wpb_wrapper\"><div class=\"w-grid type_grid layout_portfolio_3 cols_3 valign_center ratio_1x1\" id=\"us_grid_1\"><style id=\"us_grid_1_css\">#us_grid_1 .w-grid-item{padding:1.5rem}#us_grid_1 .w-grid-list{margin:-1.5rem}.w-grid + #us_grid_1 .w-grid-list{margin-top:1.5rem}@media (max-width:899px){#us_grid_1 .w-grid-item{width:50.0000%}#us_grid_1 .w-grid-item.size_2x1,#us_grid_1 .w-grid-item.size_2x2{width:100.0000%}}@media (max-width:599px){#us_grid_1 .w-grid-list{margin:0}#us_grid_1 .w-grid-item{width:100.0000%;padding:0;margin-bottom:1.5rem}}<\/style><style>.layout_portfolio_3 .w-grid-item-h:before{padding-bottom:100.0000%}@media (min-width:600px){.layout_portfolio_3 .w-grid-item.size_1x2 .w-grid-item-h:before{padding-bottom:calc(200.0000% + 1.5rem + 1.5rem)}.layout_portfolio_3 .w-grid-item.size_2x1 .w-grid-item-h:before{padding-bottom:calc(50.0000% - 1.5rem * 1.0000)}.layout_portfolio_3 .w-grid-item.size_2x2 .w-grid-item-h:before{padding-bottom:calc(100.0000% - 1.5rem * 0)}}.layout_portfolio_3 .w-grid-item-h{}.layout_portfolio_3 .usg_post_image_1{transition-duration:0.4s;transform-origin:50% 50%;transform:scale(1) translate(0,0);opacity:0.25}.layout_portfolio_3 .w-grid-item-h:hover .usg_post_image_1{transform:scale(1) translate(0,0);opacity:1}.layout_portfolio_3 .usg_post_title_1{transition-duration:0.3s;transform-origin:50% 50%;transform:scale(1) translate(0,0)}.layout_portfolio_3 .w-grid-item-h:hover .usg_post_title_1{transform:scale(1) translate(0,-100%);opacity:0}.layout_portfolio_3 .usg_post_taxonomy_1{transition-duration:0.3s;transform-origin:50% 50%;transform:scale(1) translate(0,0)}.layout_portfolio_3 .w-grid-item-h:hover .usg_post_taxonomy_1{transform:scale(1) translate(0,100%);opacity:0}.layout_portfolio_3 .usg_post_image_1{position:absolute!important;top:0!important;right:0!important;bottom:0!important;left:0!important}.layout_portfolio_3 .usg_vwrapper_1{position:absolute!important;top:0!important;right:0!important;bottom:0!important;left:0!important;padding:2rem!important}.layout_portfolio_3 .usg_post_title_1{color:inherit!important;font-size:1.4rem!important}<\/style><div class=\"w-grid-list\" >\t<article class=\"w-grid-item size_1x1 post-6771 page type-page status-publish has-post-thumbnail hentry\" data-id=\"6771\">\r\n\t\t<div class=\"w-grid-item-h\">\r\n\t\t\t\t\t\t\t<a class=\"w-grid-item-anchor\" href=\"https:\/\/www.eldo.com\/guide\/pergola\/modele\" rel=\"bookmark\" aria-label=\"Pergola modele\"><\/a>\r\n\t\t\t\t\t\t<div class=\"w-post-elm post_image usg_post_image_1 stretched\"><img width=\"305\" height=\"240\" src=\"https:\/\/www.eldo.com\/guide\/wp-content\/uploads\/2022\/01\/240_F_17371868_5PTIW9IK6FuWUt1RbjPIIoutzFvP9Jx4.jpg\" class=\"attachment-large size-large wp-post-image\" alt=\"\" srcset=\"https:\/\/www.eldo.com\/guide\/wp-content\/uploads\/2022\/01\/240_F_17371868_5PTIW9IK6FuWUt1RbjPIIoutzFvP9Jx4.jpg 305w, https:\/\/www.eldo.com\/guide\/wp-content\/uploads\/2022\/01\/240_F_17371868_5PTIW9IK6FuWUt1RbjPIIoutzFvP9Jx4-300x236.jpg 300w\" sizes=\"(max-width: 305px) 100vw, 305px\" \/><\/div><div class=\"w-vwrapper usg_vwrapper_1 align_center valign_middle\"><h2 class=\"w-post-elm post_title usg_post_title_1 entry-title color_link_inherit has_text_color\">Pergola modele<\/h2><\/div>\t\t<\/div>\r\n\t<\/article>\r\n\t<article class=\"w-grid-item size_1x1 post-6928 page type-page status-publish has-post-thumbnail hentry\" data-id=\"6928\">\r\n\t\t<div class=\"w-grid-item-h\">\r\n\t\t\t\t\t\t\t<a class=\"w-grid-item-anchor\" href=\"https:\/\/www.eldo.com\/guide\/pergola\/installation\" rel=\"bookmark\" aria-label=\"Pergola installation\"><\/a>\r\n\t\t\t\t\t\t<div class=\"w-post-elm post_image usg_post_image_1 stretched\"><img width=\"1000\" height=\"1000\" src=\"https:\/\/www.eldo.com\/guide\/wp-content\/uploads\/2022\/02\/terrasse-pergola.webp\" class=\"attachment-large size-large wp-post-image\" alt=\"\" srcset=\"https:\/\/www.eldo.com\/guide\/wp-content\/uploads\/2022\/02\/terrasse-pergola.webp 1000w, https:\/\/www.eldo.com\/guide\/wp-content\/uploads\/2022\/02\/terrasse-pergola-300x300.webp 300w, https:\/\/www.eldo.com\/guide\/wp-content\/uploads\/2022\/02\/terrasse-pergola-150x150.webp 150w, https:\/\/www.eldo.com\/guide\/wp-content\/uploads\/2022\/02\/terrasse-pergola-400x400.webp 400w, https:\/\/www.eldo.com\/guide\/wp-content\/uploads\/2022\/02\/terrasse-pergola-600x600.webp 600w\" sizes=\"(max-width: 1000px) 100vw, 1000px\" \/><\/div><div class=\"w-vwrapper usg_vwrapper_1 align_center valign_middle\"><h2 class=\"w-post-elm post_title usg_post_title_1 entry-title color_link_inherit has_text_color\">Pergola installation<\/h2><\/div>\t\t<\/div>\r\n\t<\/article>\r\n\t<article class=\"w-grid-item size_1x1 post-6894 page type-page status-publish has-post-thumbnail hentry\" data-id=\"6894\">\r\n\t\t<div class=\"w-grid-item-h\">\r\n\t\t\t\t\t\t\t<a class=\"w-grid-item-anchor\" href=\"https:\/\/www.eldo.com\/guide\/pergola\/decoration\" rel=\"bookmark\" aria-label=\"Pergola d\u00e9coration\"><\/a>\r\n\t\t\t\t\t\t<div class=\"w-post-elm post_image usg_post_image_1 stretched\"><img width=\"512\" height=\"512\" src=\"https:\/\/www.eldo.com\/guide\/wp-content\/uploads\/2022\/01\/3580054__eclairage_pergola.jpg\" class=\"attachment-large size-large wp-post-image\" alt=\"\" srcset=\"https:\/\/www.eldo.com\/guide\/wp-content\/uploads\/2022\/01\/3580054__eclairage_pergola.jpg 512w, https:\/\/www.eldo.com\/guide\/wp-content\/uploads\/2022\/01\/3580054__eclairage_pergola-300x300.jpg 300w, https:\/\/www.eldo.com\/guide\/wp-content\/uploads\/2022\/01\/3580054__eclairage_pergola-150x150.jpg 150w, https:\/\/www.eldo.com\/guide\/wp-content\/uploads\/2022\/01\/3580054__eclairage_pergola-400x400.jpg 400w\" sizes=\"(max-width: 512px) 100vw, 512px\" \/><\/div><div class=\"w-vwrapper usg_vwrapper_1 align_center valign_middle\"><h2 class=\"w-post-elm post_title usg_post_title_1 entry-title color_link_inherit has_text_color\">Pergola d\u00e9coration<\/h2><\/div>\t\t<\/div>\r\n\t<\/article>\r\n<\/div><div class=\"w-grid-preloader\"><div class=\"g-preloader type_1\">\r\n\t<div><\/div>\r\n<\/div>\r\n<\/div>\t<div class=\"w-grid-json hidden\" onclick='return {&quot;action&quot;:&quot;us_ajax_grid&quot;,&quot;ajax_url&quot;:&quot;https:\\\/\\\/www.eldo.com\\\/guide\\\/wp-admin\\\/admin-ajax.php&quot;,&quot;infinite_scroll&quot;:0,&quot;max_num_pages&quot;:1,&quot;pagination&quot;:&quot;none&quot;,&quot;permalink_url&quot;:&quot;https:\\\/\\\/www.eldo.com\\\/guide\\\/wp-json\\\/wp\\\/v2\\\/pages\\\/6941&quot;,&quot;template_vars&quot;:{&quot;columns&quot;:&quot;3&quot;,&quot;exclude_items&quot;:&quot;none&quot;,&quot;img_size&quot;:&quot;default&quot;,&quot;ignore_items_size&quot;:false,&quot;items_layout&quot;:&quot;portfolio_3&quot;,&quot;items_offset&quot;:&quot;1&quot;,&quot;load_animation&quot;:&quot;none&quot;,&quot;overriding_link&quot;:&quot;post&quot;,&quot;post_id&quot;:6941,&quot;query_args&quot;:{&quot;ignore_sticky_posts&quot;:1,&quot;post_type&quot;:&quot;any&quot;,&quot;post__in&quot;:[&quot;6928&quot;,&quot;6771&quot;,&quot;6894&quot;],&quot;posts_per_page&quot;:&quot;10&quot;},&quot;orderby_query_args&quot;:{&quot;orderby&quot;:{&quot;date&quot;:&quot;DESC&quot;}},&quot;type&quot;:&quot;grid&quot;,&quot;us_grid_ajax_index&quot;:1,&quot;us_grid_filter_params&quot;:null,&quot;us_grid_index&quot;:1,&quot;_us_grid_post_type&quot;:&quot;ids&quot;}}'><\/div>\r\n\t<\/div><\/div><\/div><\/div><\/div><\/div><\/section><section class=\"l-section wpb_row us_custom_e91755c2 height_auto width_full with_overlay\"><div class=\"l-section-overlay\" style=\"background: #ebebeb\"><\/div><div class=\"l-section-h i-cf\"><div class=\"g-cols vc_row type_boxes valign_middle\"><div class=\"vc_col-sm-12 wpb_column vc_column_container has-fill\"><div class=\"vc_column-inner us_custom_743acecb\"><div class=\"wpb_wrapper\"><p class=\"w-itext us_custom_6df4bc3a type_typingChars align_center\" onclick='return {&quot;duration&quot;:300,&quot;delay&quot;:2000,&quot;disablePartAnimation&quot;:false,&quot;dynamicColor&quot;:&quot;#ffffff&quot;,&quot;html_nbsp_char&quot;:true}'>Je\u00a0cherche\u00a0un\u00a0pro\u00a0\u00e0\u00a0<span class=\"w-itext-part changesat_0 changesat_1 changesat_2 changesat_3 changesat_4 dynamic\" style=\"color:#ffffff\" onclick='return [&quot;Bordeaux&quot;,&quot;Toulouse&quot;,&quot;Paris&quot;,&quot;Nantes&quot;,&quot;Marseille&quot;]'><span>Bordeaux<\/span><i class=\"w-itext-cursor\"><\/i><\/span><\/p><div class=\"w-separator size_small\"><\/div><div class=\"w-btn-wrapper width_auto align_center\"><a class=\"w-btn us-btn-style_2\" title=\"Demander un devis\" href=\"https:\/\/devis.eldo.com\/pergola-new\/france?utm_source=gmb&amp;utm_medium=SEO&amp;utm_campaign=pergola-installation-legislation\"><span class=\"w-btn-label\">Trouver un pro de confiance<\/span><\/a><\/div><\/div><\/div><\/div><\/div><\/div><\/section>\n","protected":false},"excerpt":{"rendered":"Comment d\u00e9corer une pergola\u00a0? Guides travauxPages La pergola vous permet d\u2019installer un v\u00e9ritable espace de vie \u00e0 l\u2019ext\u00e9rieur de votre maison, apportant confort et ombrage au milieu du jardin. Elle favorise ainsi des moments de d\u00e9tente et de joie en toute saison, sans se soucier des intemp\u00e9ries et autres conditions climatiques. De plus, la pergola...","protected":false},"author":5,"featured_media":6937,"parent":6670,"menu_order":0,"comment_status":"closed","ping_status":"closed","template":"","meta":[],"page_tags":[],"_links":{"self":[{"href":"https:\/\/www.eldo.com\/guide\/wp-json\/wp\/v2\/pages\/6941"}],"collection":[{"href":"https:\/\/www.eldo.com\/guide\/wp-json\/wp\/v2\/pages"}],"about":[{"href":"https:\/\/www.eldo.com\/guide\/wp-json\/wp\/v2\/types\/page"}],"author":[{"embeddable":true,"href":"https:\/\/www.eldo.com\/guide\/wp-json\/wp\/v2\/users\/5"}],"replies":[{"embeddable":true,"href":"https:\/\/www.eldo.com\/guide\/wp-json\/wp\/v2\/comments?post=6941"}],"version-history":[{"count":11,"href":"https:\/\/www.eldo.com\/guide\/wp-json\/wp\/v2\/pages\/6941\/revisions"}],"predecessor-version":[{"id":10331,"href":"https:\/\/www.eldo.com\/guide\/wp-json\/wp\/v2\/pages\/6941\/revisions\/10331"}],"up":[{"embeddable":true,"href":"https:\/\/www.eldo.com\/guide\/wp-json\/wp\/v2\/pages\/6670"}],"wp:featuredmedia":[{"embeddable":true,"href":"https:\/\/www.eldo.com\/guide\/wp-json\/wp\/v2\/media\/6937"}],"wp:attachment":[{"href":"https:\/\/www.eldo.com\/guide\/wp-json\/wp\/v2\/media?parent=6941"}],"wp:term":[{"taxonomy":"page_tags","embeddable":true,"href":"https:\/\/www.eldo.com\/guide\/wp-json\/wp\/v2\/page_tags?post=6941"}],"curies":[{"name":"wp","href":"https:\/\/api.w.org\/{rel}","templated":true}]}}