{"id":6878,"date":"2022-02-04T15:29:43","date_gmt":"2022-02-04T15:29:43","guid":{"rendered":"https:\/\/www.eldo.com\/guide\/?page_id=6878"},"modified":"2023-11-20T17:14:06","modified_gmt":"2023-11-20T17:14:06","slug":"pergola-bache","status":"publish","type":"page","link":"https:\/\/www.eldo.com\/guide\/pergola\/entretien\/bache","title":{"rendered":"Pergola bache"},"content":{"rendered":"<section class=\"l-section wpb_row us_custom_e4eb24e1 height_auto width_full with_overlay\"><div class=\"l-section-overlay\" style=\"background: #ffffff\"><\/div><div class=\"l-section-h i-cf\"><div class=\"g-cols vc_row type_boxes valign_middle gap-10px\"><style>.g-cols.gap-10px{margin:0 -10px}.gap-10px > .vc_column_container {padding:10px}<\/style><div class=\"vc_col-sm-12 wpb_column vc_column_container has-fill has_text_color\"><div class=\"vc_column-inner us_custom_17743a94\"><div class=\"wpb_wrapper\"><div class=\"wpb_text_column us_custom_cef92e06 has_text_color\" ><div class=\"wpb_wrapper\"><h1 style=\"text-align: center;\"><span style=\"font-weight: 400;\">Comment nettoyer la b\u00e2che d\u2019une pergola\u00a0?<\/span><\/h1>\n<\/div><\/div><div class=\"w-separator size_medium\"><\/div><ol class=\"g-breadcrumbs us_custom_cef92e06 separator_icon align_left has_text_color\"><li class=\"g-breadcrumbs-item\"><a href=\"https:\/\/www.eldo.com\/guide\/\">Guides travaux<\/a><meta content=\"1\"\/><\/li><li class=\"g-breadcrumbs-separator\"><i class=\"far fa-angle-right\"><\/i><\/li><li class=\"g-breadcrumbs-item\">Pages<\/li><\/ol><\/div><\/div><\/div><div class=\"vc_col-sm-12 wpb_column vc_column_container\"><div class=\"vc_column-inner\"><div class=\"wpb_wrapper\"><div class=\"wpb_text_column us_custom_ae99f6aa has_text_color\" ><div class=\"wpb_wrapper\">\n<\/div><\/div><div class=\"wpb_text_column us_custom_ae99f6aa has_text_color\" ><div class=\"wpb_wrapper\"><p><span style=\"font-weight: 400;\">La pergola est un am\u00e9nagement d\u2019ext\u00e9rieur qui permet d\u2019apporter un confort semblable \u00e0 l\u2019int\u00e9rieur de la maison en toute saison. Aussi, aide-t-elle \u00e0 cr\u00e9er un espace de vie dans le jardin. Avec votre pergola, vous pourrez passer un moment de d\u00e9tente \u00e0 l\u2019ext\u00e9rieur sans vous soucier des conditions m\u00e9t\u00e9o.\u00a0<\/span><\/p>\n<p><span style=\"font-weight: 400;\">La pergola moderne permet de profiter de luminosit\u00e9 optimale, aidant \u00e0 am\u00e9nager un v\u00e9ritable salon de jardin. La pergola murale cr\u00e9e, quant \u00e0 elle, un prolongement habitat et jardin, tandis que la pergola autoportante installe en \u00eelot votre espace de vie \u00e0 l\u2019ext\u00e9rieur.<\/span><\/p>\n<p><span style=\"font-weight: 400;\">Avec les mat\u00e9riaux durs de sa structure et sa grande taille, la pergola se distingue de l\u2019auvent, des stores bannes et des tonnelles. En dehors de la pergola bioclimatique qui a un toit couvert de lames orientables, la toiture de la pergola est g\u00e9n\u00e9ralement couverte d\u2019une b\u00e2che.\u00a0<\/span><\/p>\n<p><span style=\"font-weight: 400;\">\u00c0 mesure d\u2019utilisation de la pergola, la b\u00e2che la recouvrant se couvre de salissure qu\u2019il faudrait nettoyer pour continuer \u00e0 jouir de son confort.<\/span><\/p>\n<p><span style=\"font-weight: 400;\">Nos conseils pour bien nettoyer la b\u00e2che d\u2019une pergola.<\/span><\/p>\n<\/div><\/div><div class=\"w-separator size_medium\"><\/div><div class=\"w-image align_center\"><div class=\"w-image-h\"><img width=\"512\" height=\"384\" src=\"https:\/\/www.eldo.com\/guide\/wp-content\/uploads\/2022\/02\/743.65.000.jpg\" class=\"attachment-large size-large\" alt=\"\" srcset=\"https:\/\/www.eldo.com\/guide\/wp-content\/uploads\/2022\/02\/743.65.000.jpg 512w, https:\/\/www.eldo.com\/guide\/wp-content\/uploads\/2022\/02\/743.65.000-300x225.jpg 300w, https:\/\/www.eldo.com\/guide\/wp-content\/uploads\/2022\/02\/743.65.000-533x400.jpg 533w\" sizes=\"(max-width: 512px) 100vw, 512px\" \/><\/div><\/div><\/div><\/div><\/div><\/div><\/div><\/section><section class=\"l-section wpb_row height_auto width_full with_overlay\"><div class=\"l-section-overlay\" style=\"background: #ffffff\"><\/div><div class=\"l-section-h i-cf\"><div class=\"g-cols vc_row type_boxes valign_middle gap-10px\"><style>.g-cols.gap-10px{margin:0 -10px}.gap-10px > .vc_column_container {padding:10px}<\/style><div class=\"vc_col-sm-12 wpb_column vc_column_container has-fill\"><div class=\"vc_column-inner us_custom_4fb9e5a3\"><div class=\"wpb_wrapper\"><div class=\"wpb_text_column\" ><div class=\"wpb_wrapper\"><h2><span style=\"font-weight: 400;\">Le nettoyage de la b\u00e2che d\u2019une pergola bioclimatique<\/span><\/h2>\n<p><span style=\"font-weight: 400;\">Avant m\u00eame de songer \u00e0 l\u2019installation de pergola, vous devez choisir minutieusement la b\u00e2che charg\u00e9e de la couvrir.\u00a0<\/span><\/p>\n<h3>Choisissez une b\u00e2che facile \u00e0 nettoyer<\/h3>\n<p><span style=\"font-weight: 400;\">Qu\u2019il s\u2019agisse d\u2019une pergola adoss\u00e9e ou d\u2019une pergola autoport\u00e9e, sa toiture peut \u00eatre couverte d\u2019une toile afin d\u2019optimiser son confort. Il existe dans le commerce une tr\u00e8s large gamme de coloris de b\u00e2ches pour pergola, vous trouverez, \u00e0 coup s\u00fbr, celle \u00e0 votre go\u00fbt. Retenez, toutefois, que la pergola bioclimatique a un toit fait de lames orientables en aluminium thermolaqu\u00e9\u00a0; elle n\u2019a donc pas besoin de couverture en toile.<\/span><\/p>\n<p><span style=\"font-weight: 400;\">La toile est d\u00e9di\u00e9e aux pergolas simples, peu importe le mat\u00e9riau. Ainsi, vous pourrez coiffer votre pergola en bois, votre pergola en fer forg\u00e9 ou m\u00eame votre pergola aluminium d\u2019une bonne b\u00e2che pour vous offrir un doux ombrage. N\u00e9anmoins, il existe des b\u00e2ches mieux r\u00e9sistantes que d\u2019autres\u00a0; \u00e9vitez alors d\u2019acheter les mod\u00e8les en coton ou en polyester.<\/span><\/p>\n<p><span style=\"font-weight: 400;\">En effet, m\u00eame si elles sont imperm\u00e9abilis\u00e9es, ces b\u00e2ches ne supporteront qu\u2019une petite quantit\u00e9 d\u2019eau. De m\u00eame, malgr\u00e9 un traitement anti-moisissures, la toile polyester s\u2019effilochera rapidement suite aux intemp\u00e9ries. Cela ne vous mettra pas convenablement \u00e0 l\u2019abri du soleil<\/span><\/p>\n<p><span style=\"font-weight: 400;\">Pr\u00e9f\u00e9rez alors les b\u00e2ches acryliques, surtout lorsqu\u2019elles sont teint\u00e9es dans la masse, puisque dans ces cas, elles sont mieux r\u00e9sistantes aux UV et se d\u00e9colorent moins rapidement. De plus, les b\u00e2ches pour pergola en acrylique sont particuli\u00e8rement mieux r\u00e9sistantes aux d\u00e9chirures et aux intemp\u00e9ries. Cette bonne r\u00e9sistance accrue est obtenue gr\u00e2ce \u00e0 un traitement d\u00e9perlant.\u00a0<\/span><\/p>\n<p><span style=\"font-weight: 400;\">Enfin, lorsque vous recherchez une toile haut de gamme, optez pour une b\u00e2che micro-perfor\u00e9e ou micro-a\u00e9r\u00e9e. Ultra performantes, elles ont la capacit\u00e9 d\u2019absorber les rayons du soleil pour ensuite les \u00e9vacuer. Il en existe sous diff\u00e9rents coloris, mais elles sont les plus ch\u00e8res du march\u00e9.<\/span><\/p>\n<h3>Pour nettoyer votre b\u00e2che, de l\u2019eau savonneuse et rien d\u2019autre<\/h3>\n<p><span style=\"font-weight: 400;\">Tout le long de l\u2019ann\u00e9e, le toit de votre pergola est agress\u00e9 par la pluie, le vent, les salissures de toute sorte et m\u00eame l\u2019humidit\u00e9. La b\u00e2che de toiture a donc besoin d\u2019un nettoyage r\u00e9gulier et ad\u00e9quat afin de garantir le prolongement de sa dur\u00e9e de vie. Une toile imperm\u00e9able bien entretenue offre un voile d\u2019ombre ad\u00e9quat et permet de vous abriter plus longtemps.<\/span><\/p>\n<p><span style=\"font-weight: 400;\">Ainsi, il vous faudra entretenir votre toile de pergola au moins deux fois par an, en d\u00e9but de printemps et au terme de l\u2019\u00e9t\u00e9 pr\u00e9f\u00e9rablement.<\/span><\/p>\n<\/div><\/div><div class=\"w-separator size_small\"><\/div><div class=\"w-btn-wrapper width_auto align_center\"><a class=\"w-btn us-btn-style_2\" title=\"Demander un devis\" href=\"https:\/\/devis.eldo.com\/pergola-new\/france?utm_source=gmb&amp;utm_medium=SEO&amp;utm_campaign=pergola-entretien-bache\"><span class=\"w-btn-label\">Demander un devis<\/span><\/a><\/div><div class=\"w-separator size_small\"><\/div><div class=\"w-image align_center\"><div class=\"w-image-h\"><img width=\"587\" height=\"400\" src=\"https:\/\/www.eldo.com\/guide\/wp-content\/uploads\/2022\/02\/Toile-de-pergola-monopente-en-Soltis-Proof-W96-dpt-31-1_2-587x400.jpg\" class=\"attachment-us_600_400 size-us_600_400\" alt=\"\" srcset=\"https:\/\/www.eldo.com\/guide\/wp-content\/uploads\/2022\/02\/Toile-de-pergola-monopente-en-Soltis-Proof-W96-dpt-31-1_2-587x400.jpg 587w, https:\/\/www.eldo.com\/guide\/wp-content\/uploads\/2022\/02\/Toile-de-pergola-monopente-en-Soltis-Proof-W96-dpt-31-1_2-300x205.jpg 300w, https:\/\/www.eldo.com\/guide\/wp-content\/uploads\/2022\/02\/Toile-de-pergola-monopente-en-Soltis-Proof-W96-dpt-31-1_2-800x546.jpg 800w, https:\/\/www.eldo.com\/guide\/wp-content\/uploads\/2022\/02\/Toile-de-pergola-monopente-en-Soltis-Proof-W96-dpt-31-1_2.jpg 512w\" sizes=\"(max-width: 587px) 100vw, 587px\" \/><\/div><\/div><div class=\"w-separator size_medium\"><\/div><div id=\"pergola_how_to_id\"\" class=\"how_to_container pergola_how_to_class\"><h2 class=\"how_to_name\">Tuto avec \u00e9tapes<\/h2><p class=\"how_to_total_time\">PT1H30M30S<\/p><div class=\"how_to_content\"><div id=\"pergola_how_to_text_id\"\" class=\"how_to_text_container how_to_main_text_container  pergola_how_to_text_class\"><p><span style=\"font-weight: 400;\">Le nettoyage de la toile d\u2019ombrage fini, profitez de l\u2019occasion pour faire un nettoyage de la structure de votre pergola. La pergola \u00e0 lames orientables est celle qui s\u2019entretient le plus ais\u00e9ment.<\/span><\/p>\n<\/div><div class=\"w-separator size_medium\"><\/div><div \" class=\"how_to_section_container\"><h3 class=\"how_to_section_name\">Les \u00e9tapes pour le nettoyage de la b\u00e2che de la pergola<\/h3><div class=\"how_to_section_content\"><div \" class=\"how_to_text_container how_to_main_text_container \"><p><span style=\"font-weight: 400;\">Il vous sera difficile de nettoyer efficacement la b\u00e2che de votre abri de terrasse lorsqu\u2019elle est sur le toit. Heureusement, elle est r\u00e9tractable. Donc, d\u00e9montez-la pour pouvoir la laver efficacement. La toile de pergola se lave sur le sol \u00e0 plat.\u00a0<\/span><\/p>\n<p><span style=\"font-weight: 400;\">Lorsque vous disposez d\u2019un espace insuffisant pour la tache, ne vous en faites pas. En effet, au cas o\u00f9 vous disposeriez d\u2019un espace insuffisant pour \u00e9taler compl\u00e8tement la toile, vous pourrez la d\u00e9rouler \u00e0 mesure de l\u2019avancement du nettoyage. Attention, il est important d&rsquo;\u00e9viter d&rsquo;utiliser un nettoyeur haute pression, car cela risque fort d\u2019endommager la b\u00e2che, voire la d\u00e9chirer. <\/span><\/p>\n<\/div><div class=\"w-separator size_medium\"><\/div><div \" class=\"how_to_step_container\"><h4 class=\"how_to_step_name\">\u00c9tape 1 :<\/h4><div class=\"how_to_step_content\"><div \" class=\"how_to_text_container how_to_main_text_container \"><p><span style=\"font-weight: 400;\">A l\u2019aide d\u2019un balai, d\u00e9poussi\u00e9rez la b\u00e2che et enlevez les feuilles mortes, les d\u00e9bris et les \u00e9ventuels restes d\u2019insectes. Aussi, retirez les rideaux s\u2019il y en a pour \u00e9viter de les mouiller.<\/span><\/p>\n<\/div>\n<\/div><\/div><div class=\"w-separator size_medium\"><\/div><div \" class=\"how_to_step_container\"><h4 class=\"how_to_step_name\">\u00c9tape 2 :<\/h4><div class=\"how_to_step_content\"><div \" class=\"how_to_text_container how_to_main_text_container \"><p><span style=\"font-weight: 400;\">Muni d\u2019une brosse et de l\u2019eau savonneuse, brossez d\u00e9licatement la toile de pergola tout en avan\u00e7ant. Faites bien attention \u00e0 ne pas frotter trop fort, au risque d\u2019ab\u00eemer la b\u00e2che.<\/span><\/p>\n<\/div>\n<\/div><\/div><div class=\"w-separator size_medium\"><\/div><div \" class=\"how_to_step_container\"><h4 class=\"how_to_step_name\">\u00c9tape 3 :<\/h4><div class=\"how_to_step_content\"><div \" class=\"how_to_text_container how_to_main_text_container \"><p><span style=\"font-weight: 400;\">Rincez abondamment avec de l\u2019eau claire, aidez-vous d\u2019un tuyau d\u2019arrosage pour avoir un bon jet d\u2019eau.\u00a0<\/span><\/p>\n<\/div><div class=\"w-separator size_medium\"><\/div>\n<\/div><\/div><div \" class=\"how_to_step_container\"><h4 class=\"how_to_step_name\">\u00c9tape 4 :<\/h4><div class=\"how_to_step_content\"><div \" class=\"how_to_text_container how_to_main_text_container \"><p>Laissez s\u00e9cher la b\u00e2che \u00e0 plat au soleil. Vous pourrez enfin la remonter sur la toiture ou tout simplement la ranger afin de passer l\u2019hiver. Si vous devez la ranger, rassurez-vous que votre b\u00e2che de pergola est compl\u00e8tement s\u00e8che, au risque de favoriser l\u2019apparition de moisissures qui pourraient l\u2019endommager.<\/p>\n<\/div>\n<\/div><\/div><div class=\"w-separator size_medium\"><\/div><div class=\"w-image align_center\"><div class=\"w-image-h\"><img width=\"567\" height=\"400\" src=\"https:\/\/www.eldo.com\/guide\/wp-content\/uploads\/2022\/01\/store-pergola-boreal-sur-mesure-toile-taupe-dickson-orchestra-7559-jusqu-a-4-x-4m-567x400.jpg\" class=\"attachment-us_600_400 size-us_600_400\" alt=\"\" srcset=\"https:\/\/www.eldo.com\/guide\/wp-content\/uploads\/2022\/01\/store-pergola-boreal-sur-mesure-toile-taupe-dickson-orchestra-7559-jusqu-a-4-x-4m-567x400.jpg 567w, https:\/\/www.eldo.com\/guide\/wp-content\/uploads\/2022\/01\/store-pergola-boreal-sur-mesure-toile-taupe-dickson-orchestra-7559-jusqu-a-4-x-4m-300x212.jpg 300w, https:\/\/www.eldo.com\/guide\/wp-content\/uploads\/2022\/01\/store-pergola-boreal-sur-mesure-toile-taupe-dickson-orchestra-7559-jusqu-a-4-x-4m.jpg 512w\" sizes=\"(max-width: 567px) 100vw, 567px\" \/><\/div><\/div>\n<\/div><\/div><div class=\"w-separator size_medium\"><\/div><div \" class=\"how_to_section_container\"><h3 class=\"how_to_section_name\">Les \u00e9tapes pour le nettoyage de la pergola<\/h3><div class=\"how_to_section_content\"><div \" class=\"how_to_text_container how_to_main_text_container \"><p><span style=\"font-weight: 400;\">\u00c0 la diff\u00e9rence de la tonnelle qui est plus petite et d\u00e9montable ais\u00e9ment, la pergola, qu\u2019elle soit murale ou autoportante, est destin\u00e9e \u00e0 demeurer \u00e0 un endroit fixe. Ainsi, elle demande un nettoyage r\u00e9gulier pour pouvoir continuer \u00e0 bien prot\u00e9ger du soleil et apporter une ventilation naturelle. Le nettoyage de la structure de votre pergola ne p\u00e8sera pas trop sur votre budget.<\/span><\/p>\n<\/div><div class=\"w-separator size_medium\"><\/div><div \" class=\"how_to_step_container\"><h4 class=\"how_to_step_name\">\u00c9tape 1 :<\/h4><div class=\"how_to_step_content\"><div \" class=\"how_to_text_container how_to_main_text_container \"><p><span style=\"font-weight: 400;\">D\u00e9poussi\u00e9rez la pergola \u00e0 fort jet d\u2019eau, puis savonnez g\u00e9n\u00e9reusement les profils. Laissez un temps raisonnable afin que le savon agisse convenablement. Une structure en bois demandera un pon\u00e7age des poteaux afin de les pr\u00e9parer \u00e0 recevoir une couche protectrice.<\/span><\/p>\n<\/div>\n<\/div><\/div><div class=\"w-separator size_medium\"><\/div><div \" class=\"how_to_step_container\"><h4 class=\"how_to_step_name\">\u00c9tape 2 :<\/h4><div class=\"how_to_step_content\"><div \" class=\"how_to_text_container how_to_main_text_container \"><p><span style=\"font-weight: 400;\">Rincez \u00e0 l\u2019eau froide. \u00c9vitez \u00e9galement les jets d\u2019eau haute pression, au risque d\u2019endommager l\u2019aluminium de la structure thermolaqu\u00e9e. La pergola en fer forg\u00e9 ou en bois demande \u00e0 cette \u00e9tape d\u2019\u00eatre enduite d\u2019une couche protectrice. Il peut s\u2019agir de peinture, d\u2019huile, de lasure ou m\u00eame de r\u00e9sine \u00e9poxy en fonction de la nature du mat\u00e9riau. Cette couche protectrice rendra la structure plus r\u00e9sistante aux intemp\u00e9ries. Profitez pour prendre soin des plantes grimpantes, taillez-les lorsque vous en estimez le besoin. Lorsqu\u2019elles sont de taille optimale, les plantes apportent une fra\u00eecheur et une ventilation naturelles dans votre espace ext\u00e9rieur.<\/span><\/p>\n<\/div>\n<\/div><\/div><div class=\"w-separator size_medium\"><\/div><div \" class=\"how_to_step_container\"><h4 class=\"how_to_step_name\">\u00c9tape 3 :<\/h4><div class=\"how_to_step_content\"><div \" class=\"how_to_text_container how_to_main_text_container \"><p><span style=\"font-weight: 400;\">Faites s\u00e9cher la structure \u00e0 l\u2019aide du chiffon en microfibre.\u00a0<\/span><\/p>\n<\/div>\n<\/div><\/div><div class=\"w-separator size_medium\"><\/div><div \" class=\"how_to_step_container\"><h4 class=\"how_to_step_name\">\u00c9tape 4 :<\/h4><div class=\"how_to_step_content\"><div \" class=\"how_to_text_container how_to_main_text_container \"><p><span style=\"font-weight: 400;\">Apr\u00e8s le nettoyage il subsiste des taches sur la structure de la pergola, \u00e9liminez-les avec du vinaigre blanc.<\/span><\/p>\n<\/div><div class=\"w-separator size_medium\"><\/div><div class=\"w-btn-wrapper width_auto align_center\"><a class=\"w-btn us-btn-style_2\" title=\"Demander un devis\" href=\"https:\/\/devis.eldo.com\/pergola-new\/france?utm_source=gmb&amp;utm_medium=SEO&amp;utm_campaign=pergola-entretien-bache\"><span class=\"w-btn-label\">Expliquer mon projet<\/span><\/a><\/div>\n<\/div><\/div>\n<\/div><\/div>\n<\/div><\/div><\/div><\/div><\/div><\/div><\/div><\/section><section class=\"l-section wpb_row height_medium\"><div class=\"l-section-h i-cf\"><div class=\"g-cols vc_row type_default valign_top\"><div class=\"vc_col-sm-12 wpb_column vc_column_container\"><div class=\"vc_column-inner\"><div class=\"wpb_wrapper\"><div class=\"w-grid type_grid layout_portfolio_3 cols_2 valign_center ratio_1x1\" id=\"us_grid_1\"><style id=\"us_grid_1_css\">#us_grid_1 .w-grid-item{padding:1.5rem}#us_grid_1 .w-grid-list{margin:-1.5rem}.w-grid + #us_grid_1 .w-grid-list{margin-top:1.5rem}@media (max-width:599px){#us_grid_1 .w-grid-list{margin:0}#us_grid_1 .w-grid-item{width:100.0000%;padding:0;margin-bottom:1.5rem}}<\/style><style>.layout_portfolio_3 .w-grid-item-h:before{padding-bottom:100.0000%}@media (min-width:600px){.layout_portfolio_3 .w-grid-item.size_1x2 .w-grid-item-h:before{padding-bottom:calc(200.0000% + 1.5rem + 1.5rem)}.layout_portfolio_3 .w-grid-item.size_2x1 .w-grid-item-h:before{padding-bottom:calc(50.0000% - 1.5rem * 1.0000)}.layout_portfolio_3 .w-grid-item.size_2x2 .w-grid-item-h:before{padding-bottom:calc(100.0000% - 1.5rem * 0)}}.layout_portfolio_3 .w-grid-item-h{}.layout_portfolio_3 .usg_post_image_1{transition-duration:0.4s;transform-origin:50% 50%;transform:scale(1) translate(0,0);opacity:0.25}.layout_portfolio_3 .w-grid-item-h:hover .usg_post_image_1{transform:scale(1) translate(0,0);opacity:1}.layout_portfolio_3 .usg_post_title_1{transition-duration:0.3s;transform-origin:50% 50%;transform:scale(1) translate(0,0)}.layout_portfolio_3 .w-grid-item-h:hover .usg_post_title_1{transform:scale(1) translate(0,-100%);opacity:0}.layout_portfolio_3 .usg_post_taxonomy_1{transition-duration:0.3s;transform-origin:50% 50%;transform:scale(1) translate(0,0)}.layout_portfolio_3 .w-grid-item-h:hover .usg_post_taxonomy_1{transform:scale(1) translate(0,100%);opacity:0}.layout_portfolio_3 .usg_post_image_1{position:absolute!important;top:0!important;right:0!important;bottom:0!important;left:0!important}.layout_portfolio_3 .usg_vwrapper_1{position:absolute!important;top:0!important;right:0!important;bottom:0!important;left:0!important;padding:2rem!important}.layout_portfolio_3 .usg_post_title_1{color:inherit!important;font-size:1.4rem!important}<\/style><div class=\"w-grid-list\" >\t<article class=\"w-grid-item size_1x1 post-6857 page type-page status-publish has-post-thumbnail hentry\" data-id=\"6857\">\r\n\t\t<div class=\"w-grid-item-h\">\r\n\t\t\t\t\t\t\t<a class=\"w-grid-item-anchor\" href=\"https:\/\/www.eldo.com\/guide\/pergola\/entretien\/lames\" rel=\"bookmark\" aria-label=\"Pergola lames\"><\/a>\r\n\t\t\t\t\t\t<div class=\"w-post-elm post_image usg_post_image_1 stretched\"><img width=\"1024\" height=\"684\" src=\"https:\/\/www.eldo.com\/guide\/wp-content\/uploads\/2022\/01\/pergola-bioclimatique-lames-orientables-1024x684.jpg\" class=\"attachment-large size-large wp-post-image\" alt=\"\" srcset=\"https:\/\/www.eldo.com\/guide\/wp-content\/uploads\/2022\/01\/pergola-bioclimatique-lames-orientables-1024x684.jpg 1024w, https:\/\/www.eldo.com\/guide\/wp-content\/uploads\/2022\/01\/pergola-bioclimatique-lames-orientables-300x200.jpg 300w, https:\/\/www.eldo.com\/guide\/wp-content\/uploads\/2022\/01\/pergola-bioclimatique-lames-orientables-600x400.jpg 600w, https:\/\/www.eldo.com\/guide\/wp-content\/uploads\/2022\/01\/pergola-bioclimatique-lames-orientables-800x534.jpg 800w, https:\/\/www.eldo.com\/guide\/wp-content\/uploads\/2022\/01\/pergola-bioclimatique-lames-orientables.jpg 512w\" sizes=\"(max-width: 1024px) 100vw, 1024px\" \/><\/div><div class=\"w-vwrapper usg_vwrapper_1 align_center valign_middle\"><h2 class=\"w-post-elm post_title usg_post_title_1 entry-title color_link_inherit has_text_color\">Pergola lames<\/h2><\/div>\t\t<\/div>\r\n\t<\/article>\r\n<\/div><div class=\"w-grid-preloader\"><div class=\"g-preloader type_1\">\r\n\t<div><\/div>\r\n<\/div>\r\n<\/div>\t<div class=\"w-grid-json hidden\" onclick='return {&quot;action&quot;:&quot;us_ajax_grid&quot;,&quot;ajax_url&quot;:&quot;https:\\\/\\\/www.eldo.com\\\/guide\\\/wp-admin\\\/admin-ajax.php&quot;,&quot;infinite_scroll&quot;:0,&quot;max_num_pages&quot;:1,&quot;pagination&quot;:&quot;none&quot;,&quot;permalink_url&quot;:&quot;https:\\\/\\\/www.eldo.com\\\/guide\\\/wp-json\\\/wp\\\/v2\\\/pages\\\/6878&quot;,&quot;template_vars&quot;:{&quot;columns&quot;:&quot;2&quot;,&quot;exclude_items&quot;:&quot;none&quot;,&quot;img_size&quot;:&quot;default&quot;,&quot;ignore_items_size&quot;:false,&quot;items_layout&quot;:&quot;portfolio_3&quot;,&quot;items_offset&quot;:&quot;1&quot;,&quot;load_animation&quot;:&quot;none&quot;,&quot;overriding_link&quot;:&quot;post&quot;,&quot;post_id&quot;:6878,&quot;query_args&quot;:{&quot;ignore_sticky_posts&quot;:1,&quot;post_type&quot;:&quot;any&quot;,&quot;post__in&quot;:[&quot;6857&quot;],&quot;posts_per_page&quot;:&quot;10&quot;},&quot;orderby_query_args&quot;:{&quot;orderby&quot;:{&quot;date&quot;:&quot;DESC&quot;}},&quot;type&quot;:&quot;grid&quot;,&quot;us_grid_ajax_index&quot;:1,&quot;us_grid_filter_params&quot;:null,&quot;us_grid_index&quot;:1,&quot;_us_grid_post_type&quot;:&quot;ids&quot;}}'><\/div>\r\n\t<\/div><\/div><\/div><\/div><\/div><\/div><\/section><section class=\"l-section wpb_row us_custom_e91755c2 height_auto width_full with_overlay\"><div class=\"l-section-overlay\" style=\"background: #ebebeb\"><\/div><div class=\"l-section-h i-cf\"><div class=\"g-cols vc_row type_boxes valign_middle\"><div class=\"vc_col-sm-12 wpb_column vc_column_container has-fill\"><div class=\"vc_column-inner us_custom_743acecb\"><div class=\"wpb_wrapper\"><p class=\"w-itext us_custom_6df4bc3a type_typingChars align_center\" onclick='return {&quot;duration&quot;:300,&quot;delay&quot;:2000,&quot;disablePartAnimation&quot;:false,&quot;dynamicColor&quot;:&quot;#ffffff&quot;,&quot;html_nbsp_char&quot;:true}'>Je\u00a0cherche\u00a0un\u00a0pro\u00a0\u00e0\u00a0<span class=\"w-itext-part changesat_0 changesat_1 changesat_2 changesat_3 changesat_4 dynamic\" style=\"color:#ffffff\" onclick='return [&quot;Bordeaux&quot;,&quot;Toulouse&quot;,&quot;Paris&quot;,&quot;Nantes&quot;,&quot;Marseille&quot;]'><span>Bordeaux<\/span><i class=\"w-itext-cursor\"><\/i><\/span><\/p><div class=\"w-separator size_small\"><\/div><div class=\"w-btn-wrapper width_auto align_center\"><a class=\"w-btn us-btn-style_2\" title=\"Demander un devis\" href=\"https:\/\/devis.eldo.com\/pergola-new\/france?utm_source=gmb&amp;utm_medium=SEO&amp;utm_campaign=pergola-entretien-bache\"><span class=\"w-btn-label\">Trouver un pro de confiance<\/span><\/a><\/div><\/div><\/div><\/div><\/div><\/div><\/section>\n","protected":false},"excerpt":{"rendered":"Comment nettoyer les lames d\u2019une pergola\u00a0? Guides travauxPages Assurant un confort tel qu\u2019on la consid\u00e8re comme une pi\u00e8ce ext\u00e9rieure \u00e0 part enti\u00e8re, la pergola nous permet de cr\u00e9er un espace de vie dans le jardin. Elle est id\u00e9ale pour vous passer des moments de d\u00e9tente, peu importent les intemp\u00e9ries et conditions m\u00e9t\u00e9o. De plus, la...","protected":false},"author":5,"featured_media":6887,"parent":6840,"menu_order":0,"comment_status":"closed","ping_status":"closed","template":"","meta":[],"page_tags":[],"_links":{"self":[{"href":"https:\/\/www.eldo.com\/guide\/wp-json\/wp\/v2\/pages\/6878"}],"collection":[{"href":"https:\/\/www.eldo.com\/guide\/wp-json\/wp\/v2\/pages"}],"about":[{"href":"https:\/\/www.eldo.com\/guide\/wp-json\/wp\/v2\/types\/page"}],"author":[{"embeddable":true,"href":"https:\/\/www.eldo.com\/guide\/wp-json\/wp\/v2\/users\/5"}],"replies":[{"embeddable":true,"href":"https:\/\/www.eldo.com\/guide\/wp-json\/wp\/v2\/comments?post=6878"}],"version-history":[{"count":10,"href":"https:\/\/www.eldo.com\/guide\/wp-json\/wp\/v2\/pages\/6878\/revisions"}],"predecessor-version":[{"id":10246,"href":"https:\/\/www.eldo.com\/guide\/wp-json\/wp\/v2\/pages\/6878\/revisions\/10246"}],"up":[{"embeddable":true,"href":"https:\/\/www.eldo.com\/guide\/wp-json\/wp\/v2\/pages\/6840"}],"wp:featuredmedia":[{"embeddable":true,"href":"https:\/\/www.eldo.com\/guide\/wp-json\/wp\/v2\/media\/6887"}],"wp:attachment":[{"href":"https:\/\/www.eldo.com\/guide\/wp-json\/wp\/v2\/media?parent=6878"}],"wp:term":[{"taxonomy":"page_tags","embeddable":true,"href":"https:\/\/www.eldo.com\/guide\/wp-json\/wp\/v2\/page_tags?post=6878"}],"curies":[{"name":"wp","href":"https:\/\/api.w.org\/{rel}","templated":true}]}}