{"id":6857,"date":"2022-02-04T14:35:48","date_gmt":"2022-02-04T14:35:48","guid":{"rendered":"https:\/\/www.eldo.com\/guide\/?page_id=6857"},"modified":"2023-11-21T15:58:21","modified_gmt":"2023-11-21T15:58:21","slug":"pergola-lames","status":"publish","type":"page","link":"https:\/\/www.eldo.com\/guide\/pergola\/entretien\/lames","title":{"rendered":"Pergola lames"},"content":{"rendered":"<section class=\"l-section wpb_row us_custom_e4eb24e1 height_auto width_full with_overlay\"><div class=\"l-section-overlay\" style=\"background: #ffffff\"><\/div><div class=\"l-section-h i-cf\"><div class=\"g-cols vc_row type_boxes valign_middle gap-10px\"><style>.g-cols.gap-10px{margin:0 -10px}.gap-10px > .vc_column_container {padding:10px}<\/style><div class=\"vc_col-sm-12 wpb_column vc_column_container has-fill has_text_color\"><div class=\"vc_column-inner us_custom_738b4af2\"><div class=\"wpb_wrapper\"><div class=\"wpb_text_column us_custom_cef92e06 has_text_color\" ><div class=\"wpb_wrapper\"><h1 style=\"text-align: center;\"><span style=\"font-weight: 400;\">Comment nettoyer les lames d\u2019une pergola\u00a0?<\/span><\/h1>\n<\/div><\/div><div class=\"w-separator size_medium\"><\/div><ol class=\"g-breadcrumbs us_custom_cef92e06 separator_icon align_left has_text_color\"><li class=\"g-breadcrumbs-item\"><a href=\"https:\/\/www.eldo.com\/guide\/\">Guides travaux<\/a><meta content=\"1\"\/><\/li><li class=\"g-breadcrumbs-separator\"><i class=\"far fa-angle-right\"><\/i><\/li><li class=\"g-breadcrumbs-item\">Pages<\/li><\/ol><\/div><\/div><\/div><div class=\"vc_col-sm-12 wpb_column vc_column_container\"><div class=\"vc_column-inner\"><div class=\"wpb_wrapper\"><div class=\"wpb_text_column us_custom_ae99f6aa has_text_color\" ><div class=\"wpb_wrapper\">\n<\/div><\/div><div class=\"wpb_text_column us_custom_ae99f6aa has_text_color\" ><div class=\"wpb_wrapper\"><p><span style=\"font-weight: 400;\">Assurant un confort tel qu\u2019on la consid\u00e8re comme une pi\u00e8ce ext\u00e9rieure \u00e0 part enti\u00e8re, la pergola nous permet de cr\u00e9er un espace de vie dans le jardin. Elle est id\u00e9ale pour vous passer des moments de d\u00e9tente, peu importent les intemp\u00e9ries et conditions m\u00e9t\u00e9o. De plus, la pergola est bien diff\u00e9rente de l\u2019auvent, de la tonnelle ou des stores bannes gr\u00e2ce \u00e0 ses dimensions et sa durabilit\u00e9. Se distinguant de la pergola \u00e0 toiture en polycarbonate par son entretien facile, la pergola bioclimatique ne demande qu\u2019un minimum d\u2019entretien pour ses lames orientables.<\/span><\/p>\n<p><span style=\"font-weight: 400;\">De m\u00eame, \u00e0 cause de sa composition qui r\u00e9siste parfaitement aux conditions climatiques et ne craint pas la rouille et la corrosion, la pergola ayant une structure en aluminium se nettoie facilement. Son entretien est tout aussi ais\u00e9 gr\u00e2ce \u00e0 son traitement thermolaqu\u00e9. Il n\u2019est donc ainsi nul besoin de l\u2019enduire d\u2019une couche d\u2019huile ou de le peindre, simplement de l\u2019eau claire et du chiffon feront l\u2019affaire.<\/span><\/p>\n<p><span style=\"font-weight: 400;\">Nos conseils pour bien nettoyer les lames d\u2019une pergola. <\/span><\/p>\n<\/div><\/div><div class=\"w-separator size_medium\"><\/div><div class=\"w-image align_center\"><div class=\"w-image-h\"><img width=\"600\" height=\"400\" src=\"https:\/\/www.eldo.com\/guide\/wp-content\/uploads\/2022\/02\/828690_dca5eab8bf87434eb399820771582e8f_mv2-600x400.webp\" class=\"attachment-us_600_400 size-us_600_400\" alt=\"\" srcset=\"https:\/\/www.eldo.com\/guide\/wp-content\/uploads\/2022\/02\/828690_dca5eab8bf87434eb399820771582e8f_mv2-600x400.webp 600w, https:\/\/www.eldo.com\/guide\/wp-content\/uploads\/2022\/02\/828690_dca5eab8bf87434eb399820771582e8f_mv2-300x200.webp 300w, https:\/\/www.eldo.com\/guide\/wp-content\/uploads\/2022\/02\/828690_dca5eab8bf87434eb399820771582e8f_mv2-800x534.webp 800w, https:\/\/www.eldo.com\/guide\/wp-content\/uploads\/2022\/02\/828690_dca5eab8bf87434eb399820771582e8f_mv2.webp 925w\" sizes=\"(max-width: 600px) 100vw, 600px\" \/><\/div><\/div><\/div><\/div><\/div><\/div><\/div><\/section><section class=\"l-section wpb_row height_auto width_full with_overlay\"><div class=\"l-section-overlay\" style=\"background: #ffffff\"><\/div><div class=\"l-section-h i-cf\"><div class=\"g-cols vc_row type_boxes valign_middle gap-10px\"><style>.g-cols.gap-10px{margin:0 -10px}.gap-10px > .vc_column_container {padding:10px}<\/style><div class=\"vc_col-sm-12 wpb_column vc_column_container has-fill\"><div class=\"vc_column-inner us_custom_4fb9e5a3\"><div class=\"wpb_wrapper\"><div class=\"wpb_text_column\" ><div class=\"wpb_wrapper\"><h2><span style=\"font-weight: 400;\">Le nettoyage des lames d\u2019une pergola bioclimatique<\/span><\/h2>\n<p><span style=\"font-weight: 400;\">Pour permettre \u00e0 votre pergola de vous abriter confortablement \u00e0 l\u2019ext\u00e9rieur sous une v\u00e9randa ou m\u00eame au milieu du jardin, veuillez l\u2019entretenir p\u00e9riodiquement.<\/span><\/p>\n<h3>Nettoyez les lames de votre pergola bioclimatique deux fois par an<\/h3>\n<p><span style=\"font-weight: 400;\">Entretenir p\u00e9riodiquement votre pergola vous permettra de jouir du confort de votre abri de mani\u00e8re optimale, et ce, pendant plusieurs ann\u00e9es. En effet, un entretien r\u00e9gulier de la pergola garantit sa long\u00e9vit\u00e9.\u00a0<\/span><\/p>\n<p><span style=\"font-weight: 400;\">La pergola \u00e0 lames orientables, adoss\u00e9e ou autoport\u00e9e, n\u00e9cessite un nettoyage deux fois seulement dans l\u2019ann\u00e9e. Que cela soit fait id\u00e9alement au d\u00e9but du printemps et apr\u00e8s la p\u00e9riode estivale, donc une fois l\u2019automne install\u00e9.\u00a0<\/span><\/p>\n<p><span style=\"font-weight: 400;\">Naturellement, le nettoyage des lames de votre pergola entra\u00eene g\u00e9n\u00e9ralement celui de la structure tout enti\u00e8re. Profitez alors de l\u2019occasion pour entretenir et nettoyer les piliers, les diff\u00e9rents m\u00e9canismes et m\u00eame les ch\u00e9neaux.\u00a0<\/span><\/p>\n<h3>De l\u2019eau et du savon suffisent pour nettoyer les lames d\u2019une pergola bioclimatique<\/h3>\n<p><span style=\"font-weight: 400;\">Pour nettoyer convenablement les lames orientables de votre pergola bioclimatique, il vous faudra un chiffon en microfibre, de l\u2019eau claire et du savon doux. Pour le choix du savon, du liquide de vaisselle vous permettra de d\u00e9graisser l\u2019aluminium.<\/span><\/p>\n<p><span style=\"font-weight: 400;\">Pour un nettoyage en profondeur capable d\u2019\u00e9liminer les taches les plus tenaces et la poussi\u00e8re, vous pourrez vous procurer un kit d\u2019entretien. Ces produits d\u2019entretien sont \u00e9galement tr\u00e8s efficaces pour vous aider \u00e0 \u00e9liminer les restes de pr\u00e9cipitations et autres traces de v\u00e9g\u00e9tation ou insectes.<\/span><\/p>\n<p><span style=\"font-weight: 400;\">De toute fa\u00e7on, le mat\u00e9riel indispensable pour le nettoyage de votre espace de vie dans le jardin est constitu\u00e9 de\u00a0:<\/span><\/p>\n<ul>\n<li style=\"font-weight: 400;\" aria-level=\"1\"><span style=\"font-weight: 400;\">une \u00e9ponge ;<\/span><\/li>\n<li style=\"font-weight: 400;\" aria-level=\"1\"><span style=\"font-weight: 400;\">de l\u2019eau froide ;<\/span><\/li>\n<li style=\"font-weight: 400;\" aria-level=\"1\"><span style=\"font-weight: 400;\">du savon (pr\u00e9f\u00e9rez toujours du liquide de vaisselle) ;<\/span><\/li>\n<li style=\"font-weight: 400;\" aria-level=\"1\"><span style=\"font-weight: 400;\">une brosse \u00e0 poils (seulement pour les lames orientables) ;<\/span><\/li>\n<li style=\"font-weight: 400;\" aria-level=\"1\"><span style=\"font-weight: 400;\">un chiffon en microfibre.<\/span><\/li>\n<\/ul>\n<\/div><\/div><div class=\"w-separator size_small\"><\/div><div class=\"w-btn-wrapper width_auto align_center\"><a class=\"w-btn us-btn-style_2\" title=\"Demander un devis\" href=\"https:\/\/devis.eldo.com\/pergola-new\/france?utm_source=gmb&amp;utm_medium=SEO&amp;utm_campaign=pergola-entretien-lames\"><span class=\"w-btn-label\">Demander un devis<\/span><\/a><\/div><div class=\"w-separator size_small\"><\/div><div class=\"w-image align_center\"><div class=\"w-image-h\"><img width=\"600\" height=\"400\" src=\"https:\/\/www.eldo.com\/guide\/wp-content\/uploads\/2022\/02\/828690_835774dd507b4db889be5c629c2fdabc_mv2-600x400.webp\" class=\"attachment-us_600_400 size-us_600_400\" alt=\"\" srcset=\"https:\/\/www.eldo.com\/guide\/wp-content\/uploads\/2022\/02\/828690_835774dd507b4db889be5c629c2fdabc_mv2-600x400.webp 600w, https:\/\/www.eldo.com\/guide\/wp-content\/uploads\/2022\/02\/828690_835774dd507b4db889be5c629c2fdabc_mv2-300x199.webp 300w, https:\/\/www.eldo.com\/guide\/wp-content\/uploads\/2022\/02\/828690_835774dd507b4db889be5c629c2fdabc_mv2-800x532.webp 800w, https:\/\/www.eldo.com\/guide\/wp-content\/uploads\/2022\/02\/828690_835774dd507b4db889be5c629c2fdabc_mv2.webp 925w\" sizes=\"(max-width: 600px) 100vw, 600px\" \/><\/div><\/div><div class=\"w-separator size_medium\"><\/div><div id=\"pergola_how_to_id\"\" class=\"how_to_container pergola_how_to_class\"><h2 class=\"how_to_name\">Tuto avec \u00e9tapes<\/h2><p class=\"how_to_total_time\">PT1H30M30S<\/p><div class=\"how_to_content\"><div id=\"pergola_how_to_text_id\"\" class=\"how_to_text_container how_to_main_text_container  pergola_how_to_text_class\"><p><span style=\"font-weight: 400;\">Apr\u00e8s avoir nettoy\u00e9 les lames de votre pergola bioclimatique, il est toujours recommand\u00e9 de proc\u00e9der au nettoyage de la pergola tout enti\u00e8re.<\/span><\/p>\n<p><span style=\"font-weight: 400;\">Autoportante ou murale, la pergola aluminium permet de profiter de la fra\u00eecheur ext\u00e9rieure, ses brise-soleil sont une excellente protection solaire. Ainsi, la pergola alu vous offre la possibilit\u00e9 d\u2019am\u00e9nager un salon de jardin et est tr\u00e8s efficace pour vous prot\u00e9ger du soleil. La pergola murale, quant \u00e0 elle, assure le prolongement habitat et jardin, et constitue un abri confortable contre les intemp\u00e9ries.<\/span><\/p>\n<p><span style=\"font-weight: 400;\">Quant \u00e0 la pergola autoportante, elle repr\u00e9sente un excellent am\u00e9nagement ext\u00e9rieur pour toute saison, les lames r\u00e9tractables \u00e9tant d\u2019efficaces \u00e9quipements anti-UV.<\/span><\/p>\n<p><span style=\"font-weight: 400;\">Pourtant, au fil du temps et sous l\u2019effet des vents, les lames peuvent se charger de salissure. \u00c0 la longue, cela peut faire d\u00e9r\u00e9gler leur \u00e9tanch\u00e9it\u00e9. Il faut donc les nettoyer pour maintenir leur caract\u00e8re imperm\u00e9able.<\/span><\/p>\n<\/div><div class=\"w-separator size_medium\"><\/div><div \" class=\"how_to_section_container\"><h3 class=\"how_to_section_name\">Les \u00e9tapes pour le nettoyage des lames orientables<\/h3><div class=\"how_to_section_content\"><div \" class=\"how_to_text_container how_to_main_text_container \"><p><span style=\"font-weight: 400;\">Plus vous proc\u00e9derez \u00e0 l\u2019entretien des lames orientables de votre pergola, plus ais\u00e9ment elles pourront se mouvoir pour une ouverture et une fermeture plus rapide. Cela garantit toujours un confort et un ombrage optimal dans la pergola. De plus, le fait que la lame soit plus rapidement r\u00e9tractable de fa\u00e7on automatique vous permet de mieux vous prot\u00e9ger contre les rayons du soleil.<\/span><\/p>\n<\/div><div class=\"w-separator size_medium\"><\/div><div \" class=\"how_to_step_container\"><h4 class=\"how_to_step_name\">\u00c9tape 1 :<\/h4><div class=\"how_to_step_content\"><div \" class=\"how_to_text_container how_to_main_text_container \"><p><span style=\"font-weight: 400;\">Retirez les feuilles mortes entass\u00e9es dans les ch\u00e9neaux, vous pourrez vous munir de la brosse \u00e0 poil pour ce faire. Commencez le nettoyage des lames en frottant d\u00e9licatement chaque lame avec l\u2019\u00e9ponge imbib\u00e9e d\u2019eau savonneuse. Pour les taches tenaces, le vinaigre blanc sera votre alli\u00e9 de taille. Examinez chaque goutti\u00e8re pour la d\u00e9boucher le cas \u00e9ch\u00e9ant et permettre une bonne \u00e9vacuation des eaux de pluie.<\/span><\/p>\n<\/div>\n<\/div><\/div><div class=\"w-separator size_medium\"><\/div><div \" class=\"how_to_step_container\"><h4 class=\"how_to_step_name\">\u00c9tape 2 :<\/h4><div class=\"how_to_step_content\"><div \" class=\"how_to_text_container how_to_main_text_container \"><p><span style=\"font-weight: 400;\">Rincez simplement \u00e0 l\u2019eau claire. Un jet d\u2019eau pourra faire l\u2019affaire, mais attention \u00e0 ne pas utiliser de nettoyeur haute pression. Il risque fortement d\u2019endommager la m\u00e9canique de la pergola ou m\u00eame l\u2019aluminium. Proc\u00e9dez, le cas \u00e9ch\u00e9ant, \u00e0 l\u2019entretien des plantes grimpantes afin d\u2019apporter une fra\u00eecheur et une ventilation naturelle sous votre abri de terrasse.<\/span><\/p>\n<\/div>\n<\/div><\/div><div class=\"w-separator size_medium\"><\/div><div \" class=\"how_to_step_container\"><h4 class=\"how_to_step_name\">\u00c9tape 3 :<\/h4><div class=\"how_to_step_content\"><div \" class=\"how_to_text_container how_to_main_text_container \"><p><span style=\"font-weight: 400;\">Enfin, essuyez avec le chiffon en microfibre pour vous assurer de n\u2019occasionner aucune trace apr\u00e8s le rin\u00e7age. Les lames alu de votre espace ext\u00e9rieur une fois nettoy\u00e9es, vous pourrez continuer \u00e0 profiter de l\u2019ensoleillement, tout en b\u00e9n\u00e9ficiant d\u2019un voile d\u2019ombrage efficace.<\/span><\/p>\n<p><span style=\"font-weight: 400;\">Caract\u00e9ristique des pergolas bioclimatiques, la lame orientable est en aluminium thermolaqu\u00e9. Elle est bien r\u00e9sistante \u00e0 la corrosion et ne n\u00e9cessite donc pas de traitement anti-rouille. <\/span><\/p>\n<\/div>\n<\/div><\/div><div class=\"w-separator size_medium\"><\/div><div class=\"w-image align_center\"><div class=\"w-image-h\"><img width=\"600\" height=\"394\" src=\"https:\/\/www.eldo.com\/guide\/wp-content\/uploads\/2022\/02\/828690_2b555eb4120b4f859b36fc69d0c8567b_mv2-600x394.webp\" class=\"attachment-us_600_400 size-us_600_400\" alt=\"\" srcset=\"https:\/\/www.eldo.com\/guide\/wp-content\/uploads\/2022\/02\/828690_2b555eb4120b4f859b36fc69d0c8567b_mv2-600x394.webp 600w, https:\/\/www.eldo.com\/guide\/wp-content\/uploads\/2022\/02\/828690_2b555eb4120b4f859b36fc69d0c8567b_mv2-300x197.webp 300w, https:\/\/www.eldo.com\/guide\/wp-content\/uploads\/2022\/02\/828690_2b555eb4120b4f859b36fc69d0c8567b_mv2-800x526.webp 800w, https:\/\/www.eldo.com\/guide\/wp-content\/uploads\/2022\/02\/828690_2b555eb4120b4f859b36fc69d0c8567b_mv2.webp 925w\" sizes=\"(max-width: 600px) 100vw, 600px\" \/><\/div><\/div>\n<\/div><\/div><div class=\"w-separator size_medium\"><\/div><div \" class=\"how_to_section_container\"><h3 class=\"how_to_section_name\">Les \u00e9tapes pour le nettoyage de la pergola<\/h3><div class=\"how_to_section_content\"><div \" class=\"how_to_text_container how_to_main_text_container \"><p><span style=\"font-weight: 400;\">Le mat\u00e9riau de la structure de la pergola d\u00e9finit le type de nettoyage \u00e0 apporter aux pergolas. La pergola en aluminium demande g\u00e9n\u00e9ralement moins de travail que la pergola en bois ou la pergola en fer forg\u00e9.<\/span><\/p>\n<\/div><div class=\"w-separator size_medium\"><\/div><div \" class=\"how_to_step_container\"><h4 class=\"how_to_step_name\">\u00c9tape 1 :<\/h4><div class=\"how_to_step_content\"><div \" class=\"how_to_text_container how_to_main_text_container \"><p><span style=\"font-weight: 400;\">D\u00e9poussi\u00e9rez la pergola \u00e0 fort jet d\u2019eau, puis savonnez g\u00e9n\u00e9reusement les profils. Laissez un temps raisonnable afin que le savon agisse convenablement. Une structure en bois demandera un pon\u00e7age des poteaux afin de les pr\u00e9parer \u00e0 recevoir une couche protectrice.<\/span><\/p>\n<\/div>\n<\/div><\/div><div class=\"w-separator size_medium\"><\/div><div \" class=\"how_to_step_container\"><h4 class=\"how_to_step_name\">\u00c9tape 2 :<\/h4><div class=\"how_to_step_content\"><div \" class=\"how_to_text_container how_to_main_text_container \"><p><span style=\"font-weight: 400;\">\u00a0Rincez \u00e0 l\u2019eau froide. \u00c9vitez \u00e9galement les jets d\u2019eau haute pression au risque d\u2019endommager l\u2019aluminium de la structure thermolaqu\u00e9e. S\u2019agissant des pergolas en bois ou de la pergola en fer forg\u00e9, vous devrez enduire l\u2019ossature d\u2019une couche protectrice.<\/span><\/p>\n<\/div>\n<\/div><\/div><div class=\"w-separator size_medium\"><\/div><div \" class=\"how_to_step_container\"><h4 class=\"how_to_step_name\">\u00c9tape 3 :<\/h4><div class=\"how_to_step_content\"><div \" class=\"how_to_text_container how_to_main_text_container \"><p><span style=\"font-weight: 400;\">Faites s\u00e9cher la structure \u00e0 l\u2019aide du chiffon en microfibre. N\u2019oubliez surtout pas les accessoires tels que les rideaux ou parois lat\u00e9rales de votre tente de r\u00e9ception qui demandent aussi un nettoyage. C\u2019est \u00e9galement l\u2019occasion de contr\u00f4ler le syst\u00e8me motoris\u00e9 s\u2019il y en a. V\u00e9rifiez \u00e9galement le fonctionnement de l\u2019\u00e9clairage LED pour contr\u00f4ler le fonctionnement des lumi\u00e8res d\u2019ambiance. N\u2019h\u00e9sitez pas \u00e0 faire changer les ampoules LED de votre tente de jardin. Enfin, inspectez le syst\u00e8me de chauffage infrarouge pour toujours offrir une temp\u00e9rature optimale en toute saison.<\/span><\/p>\n<\/div>\n<\/div><\/div><div class=\"w-separator size_medium\"><\/div><div \" class=\"how_to_step_container\"><h4 class=\"how_to_step_name\">\u00c9tape 4 :<\/h4><div class=\"how_to_step_content\"><div \" class=\"how_to_text_container how_to_main_text_container \"><p><span style=\"font-weight: 400;\">Apr\u00e8s le nettoyage de la structure, il subsiste des taches sur la structure de la pergola, \u00e9liminez-les avec du vinaigre blanc. Vous pourrez continuer \u00e0 jouir de votre espace de vie en plein \u00e9t\u00e9 tout en vous prot\u00e9geant contre le soleil.\u00a0<\/span><\/p>\n<p><span style=\"font-weight: 400;\">Une fois le nettoyage de votre abri de jardin termin\u00e9, vous lui aurez rapport\u00e9 son concept d\u2019usine.<\/span><\/p>\n<\/div><div class=\"w-separator size_medium\"><\/div><div class=\"w-btn-wrapper width_auto align_center\"><a class=\"w-btn us-btn-style_2\" title=\"Demander un devis\" href=\"https:\/\/devis.eldo.com\/pergola-new\/france?utm_source=gmb&amp;utm_medium=SEO&amp;utm_campaign=pergola-entretien-lames\"><span class=\"w-btn-label\">Expliquer mon projet<\/span><\/a><\/div>\n<\/div><\/div>\n<\/div><\/div>\n<\/div><\/div><\/div><\/div><\/div><\/div><\/div><\/section><section class=\"l-section wpb_row height_medium\"><div class=\"l-section-h i-cf\"><div class=\"g-cols vc_row type_default valign_top\"><div class=\"vc_col-sm-12 wpb_column vc_column_container\"><div class=\"vc_column-inner\"><div class=\"wpb_wrapper\"><div class=\"w-grid type_grid layout_portfolio_3 cols_2 valign_center ratio_1x1\" id=\"us_grid_1\"><style id=\"us_grid_1_css\">#us_grid_1 .w-grid-item{padding:1.5rem}#us_grid_1 .w-grid-list{margin:-1.5rem}.w-grid + #us_grid_1 .w-grid-list{margin-top:1.5rem}@media (max-width:599px){#us_grid_1 .w-grid-list{margin:0}#us_grid_1 .w-grid-item{width:100.0000%;padding:0;margin-bottom:1.5rem}}<\/style><style>.layout_portfolio_3 .w-grid-item-h:before{padding-bottom:100.0000%}@media (min-width:600px){.layout_portfolio_3 .w-grid-item.size_1x2 .w-grid-item-h:before{padding-bottom:calc(200.0000% + 1.5rem + 1.5rem)}.layout_portfolio_3 .w-grid-item.size_2x1 .w-grid-item-h:before{padding-bottom:calc(50.0000% - 1.5rem * 1.0000)}.layout_portfolio_3 .w-grid-item.size_2x2 .w-grid-item-h:before{padding-bottom:calc(100.0000% - 1.5rem * 0)}}.layout_portfolio_3 .w-grid-item-h{}.layout_portfolio_3 .usg_post_image_1{transition-duration:0.4s;transform-origin:50% 50%;transform:scale(1) translate(0,0);opacity:0.25}.layout_portfolio_3 .w-grid-item-h:hover .usg_post_image_1{transform:scale(1) translate(0,0);opacity:1}.layout_portfolio_3 .usg_post_title_1{transition-duration:0.3s;transform-origin:50% 50%;transform:scale(1) translate(0,0)}.layout_portfolio_3 .w-grid-item-h:hover .usg_post_title_1{transform:scale(1) translate(0,-100%);opacity:0}.layout_portfolio_3 .usg_post_taxonomy_1{transition-duration:0.3s;transform-origin:50% 50%;transform:scale(1) translate(0,0)}.layout_portfolio_3 .w-grid-item-h:hover .usg_post_taxonomy_1{transform:scale(1) translate(0,100%);opacity:0}.layout_portfolio_3 .usg_post_image_1{position:absolute!important;top:0!important;right:0!important;bottom:0!important;left:0!important}.layout_portfolio_3 .usg_vwrapper_1{position:absolute!important;top:0!important;right:0!important;bottom:0!important;left:0!important;padding:2rem!important}.layout_portfolio_3 .usg_post_title_1{color:inherit!important;font-size:1.4rem!important}<\/style><div class=\"w-grid-list\" >\t<article class=\"w-grid-item size_1x1 post-6878 page type-page status-publish has-post-thumbnail hentry\" data-id=\"6878\">\r\n\t\t<div class=\"w-grid-item-h\">\r\n\t\t\t\t\t\t\t<a class=\"w-grid-item-anchor\" href=\"https:\/\/www.eldo.com\/guide\/pergola\/entretien\/bache\" rel=\"bookmark\" aria-label=\"Pergola bache\"><\/a>\r\n\t\t\t\t\t\t<div class=\"w-post-elm post_image usg_post_image_1 stretched\"><img width=\"512\" height=\"349\" src=\"https:\/\/www.eldo.com\/guide\/wp-content\/uploads\/2022\/02\/Toile-de-pergola-monopente-en-Soltis-Proof-W96-dpt-31-1_2.jpg\" class=\"attachment-large size-large wp-post-image\" alt=\"\" srcset=\"https:\/\/www.eldo.com\/guide\/wp-content\/uploads\/2022\/02\/Toile-de-pergola-monopente-en-Soltis-Proof-W96-dpt-31-1_2.jpg 512w, https:\/\/www.eldo.com\/guide\/wp-content\/uploads\/2022\/02\/Toile-de-pergola-monopente-en-Soltis-Proof-W96-dpt-31-1_2-300x205.jpg 300w, https:\/\/www.eldo.com\/guide\/wp-content\/uploads\/2022\/02\/Toile-de-pergola-monopente-en-Soltis-Proof-W96-dpt-31-1_2-587x400.jpg 587w, https:\/\/www.eldo.com\/guide\/wp-content\/uploads\/2022\/02\/Toile-de-pergola-monopente-en-Soltis-Proof-W96-dpt-31-1_2-800x546.jpg 800w\" sizes=\"(max-width: 512px) 100vw, 512px\" \/><\/div><div class=\"w-vwrapper usg_vwrapper_1 align_center valign_middle\"><h2 class=\"w-post-elm post_title usg_post_title_1 entry-title color_link_inherit has_text_color\">Pergola bache<\/h2><\/div>\t\t<\/div>\r\n\t<\/article>\r\n<\/div><div class=\"w-grid-preloader\"><div class=\"g-preloader type_1\">\r\n\t<div><\/div>\r\n<\/div>\r\n<\/div>\t<div class=\"w-grid-json hidden\" onclick='return {&quot;action&quot;:&quot;us_ajax_grid&quot;,&quot;ajax_url&quot;:&quot;https:\\\/\\\/www.eldo.com\\\/guide\\\/wp-admin\\\/admin-ajax.php&quot;,&quot;infinite_scroll&quot;:0,&quot;max_num_pages&quot;:1,&quot;pagination&quot;:&quot;none&quot;,&quot;permalink_url&quot;:&quot;https:\\\/\\\/www.eldo.com\\\/guide\\\/wp-json\\\/wp\\\/v2\\\/pages\\\/6857&quot;,&quot;template_vars&quot;:{&quot;columns&quot;:&quot;2&quot;,&quot;exclude_items&quot;:&quot;none&quot;,&quot;img_size&quot;:&quot;default&quot;,&quot;ignore_items_size&quot;:false,&quot;items_layout&quot;:&quot;portfolio_3&quot;,&quot;items_offset&quot;:&quot;1&quot;,&quot;load_animation&quot;:&quot;none&quot;,&quot;overriding_link&quot;:&quot;post&quot;,&quot;post_id&quot;:6857,&quot;query_args&quot;:{&quot;ignore_sticky_posts&quot;:1,&quot;post_type&quot;:&quot;any&quot;,&quot;post__in&quot;:[&quot;6878&quot;],&quot;posts_per_page&quot;:&quot;10&quot;},&quot;orderby_query_args&quot;:{&quot;orderby&quot;:{&quot;date&quot;:&quot;DESC&quot;}},&quot;type&quot;:&quot;grid&quot;,&quot;us_grid_ajax_index&quot;:1,&quot;us_grid_filter_params&quot;:null,&quot;us_grid_index&quot;:1,&quot;_us_grid_post_type&quot;:&quot;ids&quot;}}'><\/div>\r\n\t<\/div><\/div><\/div><\/div><\/div><\/div><\/section><section class=\"l-section wpb_row us_custom_e91755c2 height_auto width_full with_overlay\"><div class=\"l-section-overlay\" style=\"background: #ebebeb\"><\/div><div class=\"l-section-h i-cf\"><div class=\"g-cols vc_row type_boxes valign_middle\"><div class=\"vc_col-sm-12 wpb_column vc_column_container has-fill\"><div class=\"vc_column-inner us_custom_743acecb\"><div class=\"wpb_wrapper\"><p class=\"w-itext us_custom_6df4bc3a type_typingChars align_center\" onclick='return {&quot;duration&quot;:300,&quot;delay&quot;:2000,&quot;disablePartAnimation&quot;:false,&quot;dynamicColor&quot;:&quot;#ffffff&quot;,&quot;html_nbsp_char&quot;:true}'>Je\u00a0cherche\u00a0un\u00a0pro\u00a0\u00e0\u00a0<span class=\"w-itext-part changesat_0 changesat_1 changesat_2 changesat_3 changesat_4 dynamic\" style=\"color:#ffffff\" onclick='return [&quot;Bordeaux&quot;,&quot;Toulouse&quot;,&quot;Paris&quot;,&quot;Nantes&quot;,&quot;Marseille&quot;]'><span>Bordeaux<\/span><i class=\"w-itext-cursor\"><\/i><\/span><\/p><div class=\"w-separator size_small\"><\/div><div class=\"w-btn-wrapper width_auto align_center\"><a class=\"w-btn us-btn-style_2\" title=\"Demander un devis\" href=\"https:\/\/devis.eldo.com\/pergola-new\/france?utm_source=gmb&amp;utm_medium=SEO&amp;utm_campaign=pergola-entretien-lames\"><span class=\"w-btn-label\">Trouver un pro de confiance<\/span><\/a><\/div><\/div><\/div><\/div><\/div><\/div><\/section>\n","protected":false},"excerpt":{"rendered":"Comment nettoyer la b\u00e2che d\u2019une pergola\u00a0? Guides travauxPages La pergola est un am\u00e9nagement d\u2019ext\u00e9rieur qui permet d\u2019apporter un confort semblable \u00e0 l\u2019int\u00e9rieur de la maison en toute saison. Aussi, aide-t-elle \u00e0 cr\u00e9er un espace de vie dans le jardin. Avec votre pergola, vous pourrez passer un moment de d\u00e9tente \u00e0 l\u2019ext\u00e9rieur sans vous soucier des...","protected":false},"author":5,"featured_media":6798,"parent":6840,"menu_order":0,"comment_status":"closed","ping_status":"closed","template":"","meta":[],"page_tags":[],"_links":{"self":[{"href":"https:\/\/www.eldo.com\/guide\/wp-json\/wp\/v2\/pages\/6857"}],"collection":[{"href":"https:\/\/www.eldo.com\/guide\/wp-json\/wp\/v2\/pages"}],"about":[{"href":"https:\/\/www.eldo.com\/guide\/wp-json\/wp\/v2\/types\/page"}],"author":[{"embeddable":true,"href":"https:\/\/www.eldo.com\/guide\/wp-json\/wp\/v2\/users\/5"}],"replies":[{"embeddable":true,"href":"https:\/\/www.eldo.com\/guide\/wp-json\/wp\/v2\/comments?post=6857"}],"version-history":[{"count":14,"href":"https:\/\/www.eldo.com\/guide\/wp-json\/wp\/v2\/pages\/6857\/revisions"}],"predecessor-version":[{"id":10255,"href":"https:\/\/www.eldo.com\/guide\/wp-json\/wp\/v2\/pages\/6857\/revisions\/10255"}],"up":[{"embeddable":true,"href":"https:\/\/www.eldo.com\/guide\/wp-json\/wp\/v2\/pages\/6840"}],"wp:featuredmedia":[{"embeddable":true,"href":"https:\/\/www.eldo.com\/guide\/wp-json\/wp\/v2\/media\/6798"}],"wp:attachment":[{"href":"https:\/\/www.eldo.com\/guide\/wp-json\/wp\/v2\/media?parent=6857"}],"wp:term":[{"taxonomy":"page_tags","embeddable":true,"href":"https:\/\/www.eldo.com\/guide\/wp-json\/wp\/v2\/page_tags?post=6857"}],"curies":[{"name":"wp","href":"https:\/\/api.w.org\/{rel}","templated":true}]}}