{"id":6840,"date":"2022-01-31T15:32:30","date_gmt":"2022-01-31T15:32:30","guid":{"rendered":"https:\/\/www.eldo.com\/guide\/?page_id=6840"},"modified":"2023-11-29T10:12:40","modified_gmt":"2023-11-29T10:12:40","slug":"entretien-pergola","status":"publish","type":"page","link":"https:\/\/www.eldo.com\/guide\/pergola\/entretien","title":{"rendered":"Entretien pergola"},"content":{"rendered":"<section class=\"l-section wpb_row us_custom_e4eb24e1 height_auto width_full with_overlay\"><div class=\"l-section-overlay\" style=\"background: #ffffff\"><\/div><div class=\"l-section-h i-cf\"><div class=\"g-cols vc_row type_boxes valign_middle gap-10px\"><style>.g-cols.gap-10px{margin:0 -10px}.gap-10px > .vc_column_container {padding:10px}<\/style><div class=\"vc_col-sm-12 wpb_column vc_column_container has-fill has_text_color\"><div class=\"vc_column-inner us_custom_027226e4\"><div class=\"wpb_wrapper\"><div class=\"wpb_text_column us_custom_cef92e06 has_text_color\" ><div class=\"wpb_wrapper\"><h1 style=\"text-align: center;\">Comment entretenir une pergola\u2009?<\/h1>\n<\/div><\/div><div class=\"w-separator size_medium\"><\/div><ol class=\"g-breadcrumbs us_custom_cef92e06 separator_icon align_left has_text_color\"><li class=\"g-breadcrumbs-item\"><a href=\"https:\/\/www.eldo.com\/guide\/\">Guides travaux<\/a><meta content=\"1\"\/><\/li><li class=\"g-breadcrumbs-separator\"><i class=\"far fa-angle-right\"><\/i><\/li><li class=\"g-breadcrumbs-item\">Pages<\/li><\/ol><\/div><\/div><\/div><div class=\"vc_col-sm-12 wpb_column vc_column_container\"><div class=\"vc_column-inner\"><div class=\"wpb_wrapper\"><div class=\"wpb_text_column us_custom_ae99f6aa has_text_color\" ><div class=\"wpb_wrapper\">\n<\/div><\/div><div class=\"wpb_text_column us_custom_ae99f6aa has_text_color\" ><div class=\"wpb_wrapper\"><p><span style=\"font-weight: 400;\">Plus qu\u2019un \u00e9quipement de d\u00e9coration, la pergola est un espace\u00a0de vie suppl\u00e9mentaire install\u00e9 en plein air ou adoss\u00e9. Elle est utilis\u00e9e comme tente de jardin, abri de jardin, tente de r\u00e9ception, jardin d\u2019hiver, salon de jardin\u2026<\/span><\/p>\n<p><span style=\"font-weight: 400;\">Cependant, pour b\u00e9n\u00e9ficier pendant longtemps des nombreux avantages qu\u2019offre votre pergola bioclimatique autoportante ou adoss\u00e9e, un entretien p\u00e9riodique s\u2019av\u00e8re n\u00e9cessaire. Comment proc\u00e9der alors \u00e0 l\u2019entretien de vos pergolas (pergola autoportante, pergola adoss\u00e9e, pergola en fer forg\u00e9, pergola de jardin, pergola \u00e0 lames orientables, pergola terrasse\u2026)\u2009?<\/span><\/p>\n<\/div><\/div><\/div><\/div><\/div><\/div><\/div><\/section><section class=\"l-section wpb_row height_auto width_full with_overlay\"><div class=\"l-section-overlay\" style=\"background: #ffffff\"><\/div><div class=\"l-section-h i-cf\"><div class=\"g-cols vc_row type_boxes valign_middle gap-10px\"><style>.g-cols.gap-10px{margin:0 -10px}.gap-10px > .vc_column_container {padding:10px}<\/style><div class=\"vc_col-sm-12 wpb_column vc_column_container has-fill\"><div class=\"vc_column-inner us_custom_4fb9e5a3\"><div class=\"wpb_wrapper\"><div class=\"w-image align_center\"><div class=\"w-image-h\"><img width=\"512\" height=\"333\" src=\"https:\/\/www.eldo.com\/guide\/wp-content\/uploads\/2022\/01\/cran-gevrier-petit-nuit-2016-09-02-15-1507809676.jpg\" class=\"attachment-large size-large\" alt=\"\" srcset=\"https:\/\/www.eldo.com\/guide\/wp-content\/uploads\/2022\/01\/cran-gevrier-petit-nuit-2016-09-02-15-1507809676.jpg 512w, https:\/\/www.eldo.com\/guide\/wp-content\/uploads\/2022\/01\/cran-gevrier-petit-nuit-2016-09-02-15-1507809676-300x195.jpg 300w, https:\/\/www.eldo.com\/guide\/wp-content\/uploads\/2022\/01\/cran-gevrier-petit-nuit-2016-09-02-15-1507809676-600x390.jpg 600w, https:\/\/www.eldo.com\/guide\/wp-content\/uploads\/2022\/01\/cran-gevrier-petit-nuit-2016-09-02-15-1507809676-800x520.jpg 800w\" sizes=\"(max-width: 512px) 100vw, 512px\" \/><\/div><\/div><div class=\"w-separator size_large\"><\/div><div \" class=\"faq_question_container\"><h2 class=\"faq_question_title\">Comment entretenir une pergola en alu ?<\/h2><div class=\"faq_question_content\"><p><span style=\"font-weight: 400;\">Il est bien de cr\u00e9er un espace d\u00e9tente et de profiter d\u2019un am\u00e9nagement ext\u00e9rieur pour s\u2019abriter des eaux de pluie et se prot\u00e9ger du soleil. Toutefois, l\u2019entretien de votre pergola alu lui assure sa beaut\u00e9 et sa r\u00e9sistance pendant un long moment. Finalement, vous pourrez jouir de votre pergola adoss\u00e9e, de votre toit-terrasse ou auvent pendant longtemps.<\/span><\/p>\n<h3>Un entretien 2 fois par an<\/h3>\n<p><span style=\"font-weight: 400;\">Il est conseill\u00e9 d\u2019entretenir votre structure en aluminium deux fois dans l\u2019ann\u00e9e. Cela vous permet de vous abriter des rayons de soleil sous une toile d\u2019ombrage \u00e0 l\u2019ext\u00e9rieur durant un bon moment.<\/span><\/p>\n<p><span style=\"font-weight: 400;\">Afin de profiter pleinement de votre espace ext\u00e9rieur en \u00e9t\u00e9, il est important d\u2019effectuer un nettoyage de la pergola aluminium avant de l\u2019am\u00e9nager. Assurez-vous \u00e9galement du bon fonctionnement de la motorisation au cas o\u00f9 il s\u2019agirait d\u2019une pergola terrasse motoris\u00e9e ou d\u2019une pergola autoportante munie d\u2019un automatisme.<\/span><\/p>\n<p><span style=\"font-weight: 400;\">Un nettoyage s\u2019impose aussi \u00e0 l\u2019automne. En effet, il est primordial de\u00a0d\u00e9barrasser la toiture et la goutti\u00e8re des feuilles mortes et de laver la <a href=\"https:\/\/www.eldo.com\/guide\/pergola\/entretien\/bache\">b\u00e2che<\/a>. Le nettoyage de la toile et des poteaux de la pergola autoport\u00e9e s\u2019av\u00e8re aussi n\u00e9cessaire.<\/span><\/p>\n<p><span style=\"font-weight: 400;\">Pour plus de confort sous votre abri de terrasse, ajoutez \u00e0 la tonnelle des plantes grimpantes, un \u00e9clairage LED et des rideaux. Non seulement le rideau sert de protection solaire, mais c\u2019est \u00e9galement un abri contre les coups de vent et les regards indiscrets.<\/span><\/p>\n<p><span style=\"font-weight: 400;\">Mais, si votre pergola murale ou autoport\u00e9e est install\u00e9e au bord de la mer, l\u2019entretien sera plus complexe. La <a href=\"https:\/\/www.eldo.com\/guide\/pergola\/entretien\/lames\">pergola \u00e0 lames<\/a> se rouille plus vite. En effet, au contact de l\u2019air marin le mat\u00e9riau avec lequel sont con\u00e7ues les lames orientables risque d\u2019\u00eatre vite rouill\u00e9. Rincez donc r\u00e9guli\u00e8rement \u00e0 l\u2019eau pure.<\/span><\/p>\n<h3>Un nettoyage \u00e0 l\u2019eau suffit-il\u2009?<\/h3>\n<p><span style=\"font-weight: 400;\">Heureusement, vous n\u2019aurez pas besoin de d\u00e9tergents abrasifs ou d\u2019autres produits de nettoyage avant de nettoyer votre structure. Une \u00e9ponge et une eau savonneuse ti\u00e8de suffisent pour entretenir et d\u00e9graisser votre pergola en aluminium.<\/span><\/p>\n<p><span style=\"font-weight: 400;\">Apr\u00e8s le lavage, rincez avec une simple eau claire. Le nettoyeur haute pression n\u2019est pas l\u2019id\u00e9al pour l\u2019aluminium, la qualit\u00e9 du laquage pourrait \u00eatre ab\u00eem\u00e9e. Pour la toile polyester, le principe reste le m\u00eame, avec un chiffon humide ou une \u00e9ponge douce, d\u00e9poussi\u00e9rez et laissez s\u00e9cher.<\/span><\/p>\n<p><span style=\"font-weight: 400;\">Le nettoyage r\u00e9gulier s\u2019av\u00e8re n\u00e9cessaire, car il permet de retarder le vieillissement naturel de votre pergola en aluminium. Le principe demeure le m\u00eame pour toutes les pergolas bioclimatiques (autoport\u00e9es ou adoss\u00e9es).<\/span><\/p>\n<\/div><\/div><div class=\"w-separator size_medium\"><\/div><div class=\"w-btn-wrapper width_auto align_center\"><a class=\"w-btn us-btn-style_2\" title=\"Demander un devis\" href=\"https:\/\/devis.eldo.com\/pergola-new\/france?utm_source=gmb&amp;utm_medium=SEO&amp;utm_campaign=pergola-entretien\"><span class=\"w-btn-label\">Demander un devis<\/span><\/a><\/div><div class=\"w-separator size_medium\"><\/div><div class=\"w-image align_center\"><div class=\"w-image-h\"><img width=\"512\" height=\"402\" src=\"https:\/\/www.eldo.com\/guide\/wp-content\/uploads\/2022\/01\/04b78edc50dbc3628074147f5ffc0c39.jpg\" class=\"attachment-large size-large\" alt=\"\" srcset=\"https:\/\/www.eldo.com\/guide\/wp-content\/uploads\/2022\/01\/04b78edc50dbc3628074147f5ffc0c39.jpg 512w, https:\/\/www.eldo.com\/guide\/wp-content\/uploads\/2022\/01\/04b78edc50dbc3628074147f5ffc0c39-300x236.jpg 300w, https:\/\/www.eldo.com\/guide\/wp-content\/uploads\/2022\/01\/04b78edc50dbc3628074147f5ffc0c39-509x400.jpg 509w\" sizes=\"(max-width: 512px) 100vw, 512px\" \/><\/div><\/div><div class=\"w-separator size_medium\"><\/div><div \" class=\"faq_question_container\"><h2 class=\"faq_question_title\">Comment entretenir une pergola en bois ?<\/h2><div class=\"faq_question_content\"><p><span style=\"font-weight: 400;\">Comme toutes les autres structures en bois, vos pergolas en bois ont besoin d\u2019entretien r\u00e9gulier.<\/span><\/p>\n<h3>Pourquoi est-ce n\u00e9cessaire d\u2019entretenir une pergola en bois\u2009?<\/h3>\n<p><span style=\"font-weight: 400;\">L\u2019entretien r\u00e9gulier de votre pergola la rend plus r\u00e9sistante et vous permet de profiter de la luminosit\u00e9 de l\u2019ext\u00e9rieur sous la toile de pergola en toute saison. En effet, puisqu\u2019il est question d\u2019une structure ext\u00e9rieure, la structure en bois est expos\u00e9e aux al\u00e9as de la nature comme les incestes, le soleil, la pluie\u2026 Assurez donc \u00e0 votre tente de jardin une durabilit\u00e9 par un entretien ad\u00e9quat.<\/span><\/p>\n<p>Nettoyage\u00a0: n\u00e9cessaire avant d\u2019appliquer un produit protecteur<\/p>\n<p><span style=\"font-weight: 400;\">Il est n\u00e9cessaire de nettoyer et de d\u00e9poussi\u00e9rer votre pergola en bois avant d\u2019y appliquer un produit protecteur ou m\u00eame de la peinture. \u00c0 l\u2019aide des produits destin\u00e9s au nettoyage de patio d\u2019une maison, vous pouvez nettoyer votre jardin en bois.\u00a0<\/span><\/p>\n<p><span style=\"font-weight: 400;\">Frottez avec une brosse m\u00e9tallique, puis poncez le bois afin de le d\u00e9poussi\u00e9rer et le lib\u00e9rer des r\u00e9sidus. Au risque d\u2019ab\u00eemer votre nouvel espace, il est d\u00e9conseill\u00e9 d\u2019utiliser des jets d\u2019eau \u00e0 haute pression. Apr\u00e8s avoir fini de nettoyer, lavez le bois avec du savon noir, puis rincez \u00e0 l\u2019eau apr\u00e8s 30\u00a0minutes. Laissez s\u00e9cher avant d\u2019y appliquer un autre produit.<\/span><\/p>\n<h3>Traitement et protection\u00a0: des produits indispensables<\/h3>\n<p><span style=\"font-weight: 400;\">Pour assurer la protection de votre pergola, il est n\u00e9cessaire de la recouvrir de temps en temps de produits d\u2019entretien. Ces produits sont disponibles dans les magasins de grande surface et chez le fabricant de pergola. Veuillez suivre les instructions du fabricant avec rigueur. G\u00e9n\u00e9ralement, les produits d\u2019entretien destin\u00e9s au bois ext\u00e9rieur sont appliqu\u00e9s une fois tous les 3 ans. Ils le prot\u00e8gent des champignons, de l\u2019humidit\u00e9 et des intemp\u00e9ries.<\/span><\/p>\n<p><span style=\"font-weight: 400;\">Les produits de traitement ext\u00e9rieur contre les insectes sont, quant \u00e0 eux, appliqu\u00e9s une fois l\u2019an, m\u00eame s\u2019ils ne sont pas n\u00e9cessaires. Il y a \u00e9galement le scellant hydrofuge qui permet au bois de garder sa couleur naturelle et de r\u00e9sister aux intemp\u00e9ries.<\/span><\/p>\n<h3>Repeindre une pergola en bois<\/h3>\n<p><span style=\"font-weight: 400;\">Afin de prot\u00e9ger votre pergola contre le soleil et l\u2019effet n\u00e9faste des grandes chaleurs, rien de mieux qu\u2019un coup de peinture. C\u2019est aussi l\u2019id\u00e9al pour l\u2019esth\u00e9tisme de votre habitat de jardin.<\/span><\/p>\n<p><span style=\"font-weight: 400;\">Pour peindre ou repeindre votre pergola, le choix d\u2019une peinture de qualit\u00e9 qui r\u00e9siste \u00e0 la chaleur est une solution id\u00e9ale. Pour le choix de votre teinte, vous disposez de plusieurs coloris parmi les peintures acryliques, alkyde ou glyc\u00e9rox qui sont tr\u00e8s couvrantes.\u00a0<\/span><\/p>\n<p><span style=\"font-weight: 400;\">En plus d\u2019\u00eatre r\u00e9sistantes, elles offrent une protection contre les rayons UV et l\u2019humidit\u00e9. Leur adh\u00e9rence au bois est juste parfaite. Ce qui permet d\u2019avoir de bonnes finitions. Appliquez, \u00e0 l\u2019aide d\u2019un rouleau de peinture ou d\u2019un pinceau, votre peinture pour avoir une pergola design.\u00a0<\/span><\/p>\n<p><span style=\"font-weight: 400;\">Cependant, avant l\u2019application de la peinture sur les poutres de votre terrasse en bois, nettoyez la surface. Frottez la poutre, rebouchez les morceaux de planche d\u00e9t\u00e9rior\u00e9e, puis pensez \u00e0 poncer avec du papier de verre et un rabot.\u00a0<\/span><\/p>\n<p><span style=\"font-weight: 400;\">Apr\u00e8s le nettoyage, laissez s\u00e9cher le bois avant d\u2019appliquer votre peinture. Ce type de rev\u00eatement permet de prot\u00e9ger le bois des conditions climatiques n\u00e9fastes, tout en lui donnant son \u00e9clat d\u2019origine.<\/span><\/p>\n<\/div><\/div><div class=\"w-separator size_medium\"><\/div><div class=\"w-btn-wrapper width_auto align_center\"><a class=\"w-btn us-btn-style_2\" title=\"Demander un devis\" href=\"https:\/\/devis.eldo.com\/pergola-new\/france?utm_source=gmb&amp;utm_medium=SEO&amp;utm_campaign=pergola-entretien\"><span class=\"w-btn-label\">Expliquer mon projet<\/span><\/a><\/div><\/div><\/div><\/div><\/div><\/div><\/section><section class=\"l-section wpb_row height_medium\"><div class=\"l-section-h i-cf\"><div class=\"g-cols vc_row type_default valign_top\"><div class=\"vc_col-sm-12 wpb_column vc_column_container\"><div class=\"vc_column-inner\"><div class=\"wpb_wrapper\"><div class=\"w-grid type_grid layout_portfolio_3 cols_2 valign_center ratio_1x1\" id=\"us_grid_1\"><style id=\"us_grid_1_css\">#us_grid_1 .w-grid-item{padding:1.5rem}#us_grid_1 .w-grid-list{margin:-1.5rem}.w-grid + #us_grid_1 .w-grid-list{margin-top:1.5rem}@media (max-width:599px){#us_grid_1 .w-grid-list{margin:0}#us_grid_1 .w-grid-item{width:100.0000%;padding:0;margin-bottom:1.5rem}}<\/style><style>.layout_portfolio_3 .w-grid-item-h:before{padding-bottom:100.0000%}@media (min-width:600px){.layout_portfolio_3 .w-grid-item.size_1x2 .w-grid-item-h:before{padding-bottom:calc(200.0000% + 1.5rem + 1.5rem)}.layout_portfolio_3 .w-grid-item.size_2x1 .w-grid-item-h:before{padding-bottom:calc(50.0000% - 1.5rem * 1.0000)}.layout_portfolio_3 .w-grid-item.size_2x2 .w-grid-item-h:before{padding-bottom:calc(100.0000% - 1.5rem * 0)}}.layout_portfolio_3 .w-grid-item-h{}.layout_portfolio_3 .usg_post_image_1{transition-duration:0.4s;transform-origin:50% 50%;transform:scale(1) translate(0,0);opacity:0.25}.layout_portfolio_3 .w-grid-item-h:hover .usg_post_image_1{transform:scale(1) translate(0,0);opacity:1}.layout_portfolio_3 .usg_post_title_1{transition-duration:0.3s;transform-origin:50% 50%;transform:scale(1) translate(0,0)}.layout_portfolio_3 .w-grid-item-h:hover .usg_post_title_1{transform:scale(1) translate(0,-100%);opacity:0}.layout_portfolio_3 .usg_post_taxonomy_1{transition-duration:0.3s;transform-origin:50% 50%;transform:scale(1) translate(0,0)}.layout_portfolio_3 .w-grid-item-h:hover .usg_post_taxonomy_1{transform:scale(1) translate(0,100%);opacity:0}.layout_portfolio_3 .usg_post_image_1{position:absolute!important;top:0!important;right:0!important;bottom:0!important;left:0!important}.layout_portfolio_3 .usg_vwrapper_1{position:absolute!important;top:0!important;right:0!important;bottom:0!important;left:0!important;padding:2rem!important}.layout_portfolio_3 .usg_post_title_1{color:inherit!important;font-size:1.4rem!important}<\/style><div class=\"w-grid-list\" >\t<article class=\"w-grid-item size_1x1 post-6878 page type-page status-publish has-post-thumbnail hentry\" data-id=\"6878\">\r\n\t\t<div class=\"w-grid-item-h\">\r\n\t\t\t\t\t\t\t<a class=\"w-grid-item-anchor\" href=\"https:\/\/www.eldo.com\/guide\/pergola\/entretien\/bache\" rel=\"bookmark\" aria-label=\"Pergola bache\"><\/a>\r\n\t\t\t\t\t\t<div class=\"w-post-elm post_image usg_post_image_1 stretched\"><img width=\"512\" height=\"349\" src=\"https:\/\/www.eldo.com\/guide\/wp-content\/uploads\/2022\/02\/Toile-de-pergola-monopente-en-Soltis-Proof-W96-dpt-31-1_2.jpg\" class=\"attachment-large size-large wp-post-image\" alt=\"\" srcset=\"https:\/\/www.eldo.com\/guide\/wp-content\/uploads\/2022\/02\/Toile-de-pergola-monopente-en-Soltis-Proof-W96-dpt-31-1_2.jpg 512w, https:\/\/www.eldo.com\/guide\/wp-content\/uploads\/2022\/02\/Toile-de-pergola-monopente-en-Soltis-Proof-W96-dpt-31-1_2-300x205.jpg 300w, https:\/\/www.eldo.com\/guide\/wp-content\/uploads\/2022\/02\/Toile-de-pergola-monopente-en-Soltis-Proof-W96-dpt-31-1_2-587x400.jpg 587w, https:\/\/www.eldo.com\/guide\/wp-content\/uploads\/2022\/02\/Toile-de-pergola-monopente-en-Soltis-Proof-W96-dpt-31-1_2-800x546.jpg 800w\" sizes=\"(max-width: 512px) 100vw, 512px\" \/><\/div><div class=\"w-vwrapper usg_vwrapper_1 align_center valign_middle\"><h2 class=\"w-post-elm post_title usg_post_title_1 entry-title color_link_inherit has_text_color\">Pergola bache<\/h2><\/div>\t\t<\/div>\r\n\t<\/article>\r\n\t<article class=\"w-grid-item size_1x1 post-6857 page type-page status-publish has-post-thumbnail hentry\" data-id=\"6857\">\r\n\t\t<div class=\"w-grid-item-h\">\r\n\t\t\t\t\t\t\t<a class=\"w-grid-item-anchor\" href=\"https:\/\/www.eldo.com\/guide\/pergola\/entretien\/lames\" rel=\"bookmark\" aria-label=\"Pergola lames\"><\/a>\r\n\t\t\t\t\t\t<div class=\"w-post-elm post_image usg_post_image_1 stretched\"><img width=\"1024\" height=\"684\" src=\"https:\/\/www.eldo.com\/guide\/wp-content\/uploads\/2022\/01\/pergola-bioclimatique-lames-orientables-1024x684.jpg\" class=\"attachment-large size-large wp-post-image\" alt=\"\" srcset=\"https:\/\/www.eldo.com\/guide\/wp-content\/uploads\/2022\/01\/pergola-bioclimatique-lames-orientables-1024x684.jpg 1024w, https:\/\/www.eldo.com\/guide\/wp-content\/uploads\/2022\/01\/pergola-bioclimatique-lames-orientables-300x200.jpg 300w, https:\/\/www.eldo.com\/guide\/wp-content\/uploads\/2022\/01\/pergola-bioclimatique-lames-orientables-600x400.jpg 600w, https:\/\/www.eldo.com\/guide\/wp-content\/uploads\/2022\/01\/pergola-bioclimatique-lames-orientables-800x534.jpg 800w, https:\/\/www.eldo.com\/guide\/wp-content\/uploads\/2022\/01\/pergola-bioclimatique-lames-orientables.jpg 512w\" sizes=\"(max-width: 1024px) 100vw, 1024px\" \/><\/div><div class=\"w-vwrapper usg_vwrapper_1 align_center valign_middle\"><h2 class=\"w-post-elm post_title usg_post_title_1 entry-title color_link_inherit has_text_color\">Pergola lames<\/h2><\/div>\t\t<\/div>\r\n\t<\/article>\r\n<\/div><div class=\"w-grid-preloader\"><div class=\"g-preloader type_1\">\r\n\t<div><\/div>\r\n<\/div>\r\n<\/div>\t<div class=\"w-grid-json hidden\" onclick='return {&quot;action&quot;:&quot;us_ajax_grid&quot;,&quot;ajax_url&quot;:&quot;https:\\\/\\\/www.eldo.com\\\/guide\\\/wp-admin\\\/admin-ajax.php&quot;,&quot;infinite_scroll&quot;:0,&quot;max_num_pages&quot;:1,&quot;pagination&quot;:&quot;none&quot;,&quot;permalink_url&quot;:&quot;https:\\\/\\\/www.eldo.com\\\/guide\\\/wp-json\\\/wp\\\/v2\\\/pages\\\/6840&quot;,&quot;template_vars&quot;:{&quot;columns&quot;:&quot;2&quot;,&quot;exclude_items&quot;:&quot;none&quot;,&quot;img_size&quot;:&quot;default&quot;,&quot;ignore_items_size&quot;:false,&quot;items_layout&quot;:&quot;portfolio_3&quot;,&quot;items_offset&quot;:&quot;1&quot;,&quot;load_animation&quot;:&quot;none&quot;,&quot;overriding_link&quot;:&quot;post&quot;,&quot;post_id&quot;:6840,&quot;query_args&quot;:{&quot;ignore_sticky_posts&quot;:1,&quot;post_type&quot;:&quot;any&quot;,&quot;post__in&quot;:[&quot;6878&quot;,&quot;6857&quot;],&quot;posts_per_page&quot;:&quot;6&quot;},&quot;orderby_query_args&quot;:{&quot;orderby&quot;:{&quot;date&quot;:&quot;DESC&quot;}},&quot;type&quot;:&quot;grid&quot;,&quot;us_grid_ajax_index&quot;:1,&quot;us_grid_filter_params&quot;:null,&quot;us_grid_index&quot;:1,&quot;_us_grid_post_type&quot;:&quot;ids&quot;}}'><\/div>\r\n\t<\/div><\/div><\/div><\/div><\/div><\/div><\/section><section class=\"l-section wpb_row us_custom_e91755c2 height_auto width_full with_overlay\"><div class=\"l-section-overlay\" style=\"background: #ebebeb\"><\/div><div class=\"l-section-h i-cf\"><div class=\"g-cols vc_row type_boxes valign_middle\"><div class=\"vc_col-sm-12 wpb_column vc_column_container has-fill\"><div class=\"vc_column-inner us_custom_743acecb\"><div class=\"wpb_wrapper\"><p class=\"w-itext us_custom_6df4bc3a type_typingChars align_center\" onclick='return {&quot;duration&quot;:300,&quot;delay&quot;:2000,&quot;disablePartAnimation&quot;:false,&quot;dynamicColor&quot;:&quot;#ffffff&quot;,&quot;html_nbsp_char&quot;:true}'>Je\u00a0cherche\u00a0un\u00a0pro\u00a0\u00e0\u00a0<span class=\"w-itext-part changesat_0 changesat_1 changesat_2 changesat_3 changesat_4 dynamic\" style=\"color:#ffffff\" onclick='return [&quot;Bordeaux&quot;,&quot;Toulouse&quot;,&quot;Paris&quot;,&quot;Nantes&quot;,&quot;Marseille&quot;]'><span>Bordeaux<\/span><i class=\"w-itext-cursor\"><\/i><\/span><\/p><div class=\"w-separator size_small\"><\/div><div class=\"w-btn-wrapper width_auto align_center\"><a class=\"w-btn us-btn-style_2\" title=\"Demander un devis\" href=\"https:\/\/devis.eldo.com\/pergola-new\/france?utm_source=gmb&amp;utm_medium=SEO&amp;utm_campaign=pergola-entretien\"><span class=\"w-btn-label\">Trouver un pro de confiance<\/span><\/a><\/div><\/div><\/div><\/div><\/div><\/div><\/section>\n","protected":false},"excerpt":{"rendered":"Comment nettoyer les lames d\u2019une pergola\u00a0? Guides travauxPages Assurant un confort tel qu\u2019on la consid\u00e8re comme une pi\u00e8ce ext\u00e9rieure \u00e0 part enti\u00e8re, la pergola nous permet de cr\u00e9er un espace de vie dans le jardin. Elle est id\u00e9ale pour vous passer des moments de d\u00e9tente, peu importent les intemp\u00e9ries et conditions m\u00e9t\u00e9o. De plus, la...","protected":false},"author":5,"featured_media":6746,"parent":6670,"menu_order":0,"comment_status":"closed","ping_status":"closed","template":"","meta":[],"page_tags":[],"_links":{"self":[{"href":"https:\/\/www.eldo.com\/guide\/wp-json\/wp\/v2\/pages\/6840"}],"collection":[{"href":"https:\/\/www.eldo.com\/guide\/wp-json\/wp\/v2\/pages"}],"about":[{"href":"https:\/\/www.eldo.com\/guide\/wp-json\/wp\/v2\/types\/page"}],"author":[{"embeddable":true,"href":"https:\/\/www.eldo.com\/guide\/wp-json\/wp\/v2\/users\/5"}],"replies":[{"embeddable":true,"href":"https:\/\/www.eldo.com\/guide\/wp-json\/wp\/v2\/comments?post=6840"}],"version-history":[{"count":11,"href":"https:\/\/www.eldo.com\/guide\/wp-json\/wp\/v2\/pages\/6840\/revisions"}],"predecessor-version":[{"id":10324,"href":"https:\/\/www.eldo.com\/guide\/wp-json\/wp\/v2\/pages\/6840\/revisions\/10324"}],"up":[{"embeddable":true,"href":"https:\/\/www.eldo.com\/guide\/wp-json\/wp\/v2\/pages\/6670"}],"wp:featuredmedia":[{"embeddable":true,"href":"https:\/\/www.eldo.com\/guide\/wp-json\/wp\/v2\/media\/6746"}],"wp:attachment":[{"href":"https:\/\/www.eldo.com\/guide\/wp-json\/wp\/v2\/media?parent=6840"}],"wp:term":[{"taxonomy":"page_tags","embeddable":true,"href":"https:\/\/www.eldo.com\/guide\/wp-json\/wp\/v2\/page_tags?post=6840"}],"curies":[{"name":"wp","href":"https:\/\/api.w.org\/{rel}","templated":true}]}}