{"id":6812,"date":"2022-01-31T14:37:30","date_gmt":"2022-01-31T14:37:30","guid":{"rendered":"https:\/\/www.eldo.com\/guide\/?page_id=6812"},"modified":"2023-11-15T16:12:21","modified_gmt":"2023-11-15T16:12:21","slug":"pergola-toit","status":"publish","type":"page","link":"https:\/\/www.eldo.com\/guide\/pergola\/toit","title":{"rendered":"Pergola toit"},"content":{"rendered":"<section class=\"l-section wpb_row us_custom_e4eb24e1 height_auto width_full with_overlay\"><div class=\"l-section-overlay\" style=\"background: #ffffff\"><\/div><div class=\"l-section-h i-cf\"><div class=\"g-cols vc_row type_boxes valign_middle gap-10px\"><style>.g-cols.gap-10px{margin:0 -10px}.gap-10px > .vc_column_container {padding:10px}<\/style><div class=\"vc_col-sm-12 wpb_column vc_column_container has-fill has_text_color\"><div class=\"vc_column-inner us_custom_ee671f44\"><div class=\"wpb_wrapper\"><div class=\"wpb_text_column us_custom_cef92e06 has_text_color\" ><div class=\"wpb_wrapper\"><h1 style=\"text-align: center;\"><span style=\"font-weight: 400;\">Quelle toiture pour ma pergola\u2009?<\/span><\/h1>\n<\/div><\/div><div class=\"w-separator size_medium\"><\/div><ol class=\"g-breadcrumbs us_custom_cef92e06 separator_icon align_left has_text_color\"><li class=\"g-breadcrumbs-item\"><a href=\"https:\/\/www.eldo.com\/guide\/\">Guides travaux<\/a><meta content=\"1\"\/><\/li><li class=\"g-breadcrumbs-separator\"><i class=\"far fa-angle-right\"><\/i><\/li><li class=\"g-breadcrumbs-item\">Pages<\/li><\/ol><\/div><\/div><\/div><div class=\"vc_col-sm-12 wpb_column vc_column_container\"><div class=\"vc_column-inner\"><div class=\"wpb_wrapper\"><div class=\"wpb_text_column us_custom_ae99f6aa has_text_color\" ><div class=\"wpb_wrapper\">\n<\/div><\/div><div class=\"wpb_text_column us_custom_ae99f6aa has_text_color\" ><div class=\"wpb_wrapper\"><p><span style=\"font-weight: 400;\">La pergola est un espace de vie et de d\u00e9tente qui vous procure un ombrage en toutes saisons. L\u2019un des \u00e9l\u00e9ments qui font de la tonnelle cet endroit de protection de confort est sa toiture. Par cons\u00e9quent, le choix de la toiture de votre pergola n\u2019est pas \u00e0 prendre \u00e0 la l\u00e9g\u00e8re. Quelle que soit la nature des pergolas, autoport\u00e9es ou adoss\u00e9es, il existe une pluralit\u00e9 de mat\u00e9riaux pouvant contribuer \u00e0 la conception de leur toiture. D\u00e9couvrons les crit\u00e8res que doit respecter la toiture d\u2019une pergola et les caract\u00e9ristiques des mat\u00e9riaux \u00e0 choisir pour une toiture r\u00e9ussie.<\/span><\/p>\n<\/div><\/div><\/div><\/div><\/div><\/div><\/div><\/section><section class=\"l-section wpb_row height_auto width_full with_overlay\"><div class=\"l-section-overlay\" style=\"background: #ffffff\"><\/div><div class=\"l-section-h i-cf\"><div class=\"g-cols vc_row type_boxes valign_middle gap-10px\"><style>.g-cols.gap-10px{margin:0 -10px}.gap-10px > .vc_column_container {padding:10px}<\/style><div class=\"vc_col-sm-12 wpb_column vc_column_container has-fill\"><div class=\"vc_column-inner us_custom_4fb9e5a3\"><div class=\"wpb_wrapper\"><div class=\"w-image align_center\"><div class=\"w-image-h\"><img width=\"512\" height=\"512\" src=\"https:\/\/www.eldo.com\/guide\/wp-content\/uploads\/2022\/01\/pergola-architect-thermotop-autoportee-en-aluminium.jpg\" class=\"attachment-large size-large\" alt=\"\" srcset=\"https:\/\/www.eldo.com\/guide\/wp-content\/uploads\/2022\/01\/pergola-architect-thermotop-autoportee-en-aluminium.jpg 512w, https:\/\/www.eldo.com\/guide\/wp-content\/uploads\/2022\/01\/pergola-architect-thermotop-autoportee-en-aluminium-300x300.jpg 300w, https:\/\/www.eldo.com\/guide\/wp-content\/uploads\/2022\/01\/pergola-architect-thermotop-autoportee-en-aluminium-150x150.jpg 150w, https:\/\/www.eldo.com\/guide\/wp-content\/uploads\/2022\/01\/pergola-architect-thermotop-autoportee-en-aluminium-400x400.jpg 400w, https:\/\/www.eldo.com\/guide\/wp-content\/uploads\/2022\/01\/pergola-architect-thermotop-autoportee-en-aluminium-600x600.jpg 600w\" sizes=\"(max-width: 512px) 100vw, 512px\" \/><\/div><\/div><div class=\"w-separator size_large\"><\/div><div class=\"wpb_text_column\" ><div class=\"wpb_wrapper\"><h2><span style=\"font-weight: 400;\">Crit\u00e8res \u00e0 prendre en consid\u00e9ration pour choisir la toiture de votre pergola<\/span><\/h2>\n<p><span style=\"font-weight: 400;\">La d\u00e9cision de choisir une toiture pour sa pergola adoss\u00e9e ou autoport\u00e9e n\u2019est pas chose facile. Bien que l\u2019esth\u00e9tique soit un crit\u00e8re important, plusieurs autres crit\u00e8res sont \u00e0 prendre en consid\u00e9ration.<\/span><\/p>\n<p><span style=\"font-weight: 400;\">Pour r\u00e9ellement b\u00e9n\u00e9ficier de tous les atouts que vous offre votre pergola murale, autoportante ou bioclimatique, elle doit remplir certaines conditions non n\u00e9gociables\u00a0:<\/span><\/p>\n<ul>\n<li style=\"font-weight: 400;\" aria-level=\"1\"><span style=\"font-weight: 400;\">Elle doit \u00eatre \u00e9tanche\u00a0;<\/span><\/li>\n<li style=\"font-weight: 400;\" aria-level=\"1\"><span style=\"font-weight: 400;\">Elle doit \u00eatre r\u00e9sistante face aux intemp\u00e9ries (pluie, vent, neige\u2026)\u00a0;<\/span><\/li>\n<li style=\"font-weight: 400;\" aria-level=\"1\"><span style=\"font-weight: 400;\">Elle doit \u00eatre durable et solide\u00a0;<\/span><\/li>\n<li style=\"font-weight: 400;\" aria-level=\"1\"><span style=\"font-weight: 400;\">Elle doit \u00eatre r\u00e9sistante aux rayons UV\u00a0;<\/span><\/li>\n<li style=\"font-weight: 400;\" aria-level=\"1\"><span style=\"font-weight: 400;\">Elle doit \u00eatre simple \u00e0 nettoyer et \u00e0 entretenir.<\/span><\/li>\n<\/ul>\n<\/div><\/div><div class=\"w-separator size_medium\"><\/div><div class=\"w-btn-wrapper width_auto align_center\"><a class=\"w-btn us-btn-style_2\" title=\"Demander un devis\" href=\"https:\/\/devis.eldo.com\/pergola-new\/france?utm_source=gmb&amp;utm_medium=SEO&amp;utm_campaign=pergola-toit\"><span class=\"w-btn-label\">Demander un devis<\/span><\/a><\/div><div class=\"w-separator size_medium\"><\/div><div \" class=\"faq_question_container\"><h2 class=\"faq_question_title\">Quels mat\u00e9riaux choisir pour une toiture r\u00e9ussie\u2009?<\/h2><div class=\"faq_question_content\"><p><span style=\"font-weight: 400;\">La construction de la toiture de votre pergola n\u00e9cessite l\u2019utilisation de certains mat\u00e9riaux. Compte tenu de la multitude de mat\u00e9riaux sur le march\u00e9, lequel choisir\u2009?<\/span><\/p>\n<h3><span style=\"font-weight: 400;\">Toit en lames de polycarbonate et aluminium<\/span><\/h3>\n<p><span style=\"font-weight: 400;\">Le toit en lames de polycarbonate et aluminium est l\u2019un des meilleurs choix en termes de r\u00e9sistance. Il est r\u00e9sistant aux rayons UV et aux intemp\u00e9ries.\u00a0<\/span><\/p>\n<p><span style=\"font-weight: 400;\">L\u2019aluminium est un mat\u00e9riau particuli\u00e8rement pr\u00e9f\u00e9r\u00e9 pour la r\u00e9alisation de pergola au design contemporain et sophistiqu\u00e9. Il s\u2019accorde \u00e0 tout type de projets et est insensible \u00e0 la rouille. Il est extr\u00eamement r\u00e9sistant contre le soleil et face aux intemp\u00e9ries.<\/span><\/p>\n<p><span style=\"font-weight: 400;\"><img class=\" wp-image-6739 alignleft\" src=\"https:\/\/www.eldo.com\/guide\/wp-content\/uploads\/2022\/01\/240_F_423594238_45iTeqjyDY3vqJurmsGEikt6gtX8AcK4-300x200.jpg\" alt=\"\" width=\"270\" height=\"180\" srcset=\"https:\/\/www.eldo.com\/guide\/wp-content\/uploads\/2022\/01\/240_F_423594238_45iTeqjyDY3vqJurmsGEikt6gtX8AcK4-300x200.jpg 300w, https:\/\/www.eldo.com\/guide\/wp-content\/uploads\/2022\/01\/240_F_423594238_45iTeqjyDY3vqJurmsGEikt6gtX8AcK4.jpg 360w\" sizes=\"(max-width: 270px) 100vw, 270px\" \/>Il procure donc durabilit\u00e9 et solidit\u00e9 \u00e0 votre toit. La structure en aluminium a une tr\u00e8s bonne \u00e9tanch\u00e9it\u00e9. Du fait que l\u2019aluminium est r\u00e9sistant, quelles que soient les conditions climatiques, il est tr\u00e8s on\u00e9reux sur le march\u00e9.<\/span><\/p>\n<p><span style=\"font-weight: 400;\">Le polycarbonate, quant \u00e0 lui, est un mat\u00e9riau diaphane. Il se pr\u00e9sente sous forme de plaques (plaques de polycarbonate), et est perm\u00e9able \u00e0 l\u2019entr\u00e9e de la lumi\u00e8re. Il est un meilleur isolant thermique. Il est plus l\u00e9ger, plus r\u00e9sistant que le verre et poss\u00e8de des facult\u00e9s isolantes.<\/span><\/p>\n<p><span style=\"font-weight: 400;\">Par ailleurs, la pose de la toiture en polycarbonate est assez facile. Il peut \u00eatre install\u00e9 sur un toit horizontal ou en pente. Notons qu\u2019il se dilate sous la chaleur et a peu d\u2019esth\u00e9tique, compar\u00e9 aux autres mat\u00e9riaux. Il assure avec aisance l\u2019\u00e9vacuation des eaux de pluie.<\/span><\/p>\n<h3><span style=\"font-weight: 400;\">Toit en plexiglas ou en verre<\/span><\/h3>\n<p><span style=\"font-weight: 400;\">L\u2019un des atouts majeurs d\u2019un toit en plexiglas ou en verre est qu\u2019il est esth\u00e9tique. Le toit en verre ou en plexiglas est tr\u00e8s solide, l\u00e9ger et \u00e9galement r\u00e9sistant aux rayons UV. Il favorise le passage de la lumi\u00e8re au maximum et de la chaleur naturelle.<\/span><\/p>\n<p><span style=\"font-weight: 400;\"><img class=\" wp-image-6817 alignright\" src=\"https:\/\/www.eldo.com\/guide\/wp-content\/uploads\/2022\/01\/produit-photo-toit-en-verre-2-scaled-1-300x200.jpg\" alt=\"\" width=\"284\" height=\"189\" srcset=\"https:\/\/www.eldo.com\/guide\/wp-content\/uploads\/2022\/01\/produit-photo-toit-en-verre-2-scaled-1-300x200.jpg 300w, https:\/\/www.eldo.com\/guide\/wp-content\/uploads\/2022\/01\/produit-photo-toit-en-verre-2-scaled-1-1024x683.jpg 1024w, https:\/\/www.eldo.com\/guide\/wp-content\/uploads\/2022\/01\/produit-photo-toit-en-verre-2-scaled-1-600x400.jpg 600w, https:\/\/www.eldo.com\/guide\/wp-content\/uploads\/2022\/01\/produit-photo-toit-en-verre-2-scaled-1-800x533.jpg 800w, https:\/\/www.eldo.com\/guide\/wp-content\/uploads\/2022\/01\/produit-photo-toit-en-verre-2-scaled-1.jpg 512w\" sizes=\"(max-width: 284px) 100vw, 284px\" \/>Cependant, il est sensible aux rayures. Lorsqu\u2019il pleut ou qu\u2019il gr\u00eale, l\u2019impact sur le toit est tr\u00e8s bruyant dans votre abri de terrasse. De plus, ce type de toit n\u00e9cessite un entretien tr\u00e8s r\u00e9gulier.<\/span><\/p>\n<p><span style=\"font-weight: 400;\">Le toit en plexiglas vous garde \u00e0 l\u2019abri du soleil et \u00e9vacue correctement l\u2019eau de pluie. Le plexiglas est un mat\u00e9riau lourd et dur bien plus que le polycarbonate. De ce fait, les risques de fractures deviennent \u00e9lev\u00e9s. Il est conseill\u00e9 de mettre ce type de toit au niveau des jardins et des serres.<\/span><\/p>\n<p><span style=\"font-weight: 400;\">Cela apporte de l\u2019esth\u00e9tique \u00e0 votre jardin, \u00e0 votre v\u00e9randa, \u00e0 votre serre ou votre espace. Il s\u2019assure \u00e9galement que vos plantes gardent leur verdure gr\u00e2ce \u00e0 sa nature translucide.<\/span><\/p>\n<h3><span style=\"font-weight: 400;\">Toit en bois ou en bambou<\/span><\/h3>\n<p><span style=\"font-weight: 400;\">Le toit en bois ou en bambou est un choix tr\u00e8s \u00e9cologique et exotique. En effet, le bois et le bambou sont des produits de la nature. Toutefois, notons qu\u2019il existe plusieurs cat\u00e9gories de bois, dont quelques-uns seulement sont en mesure d\u2019\u00eatre choisis pour leur qualit\u00e9.<\/span><\/p>\n<p><span style=\"font-weight: 400;\"><img class=\" wp-image-6805 alignleft\" src=\"https:\/\/www.eldo.com\/guide\/wp-content\/uploads\/2022\/01\/240_F_270699245_hsbuH15NEW30GgsYK0UtkHkeoTSZUOv2-300x200.jpg\" alt=\"\" width=\"282\" height=\"188\" srcset=\"https:\/\/www.eldo.com\/guide\/wp-content\/uploads\/2022\/01\/240_F_270699245_hsbuH15NEW30GgsYK0UtkHkeoTSZUOv2-300x200.jpg 300w, https:\/\/www.eldo.com\/guide\/wp-content\/uploads\/2022\/01\/240_F_270699245_hsbuH15NEW30GgsYK0UtkHkeoTSZUOv2.jpg 360w\" sizes=\"(max-width: 282px) 100vw, 282px\" \/>Ces bois de qualit\u00e9 peuvent co\u00fbter cher. Garder leur qualit\u00e9 et leur beaut\u00e9 n\u00e9cessite de les entretenir et de les traiter r\u00e9guli\u00e8rement. La structure en bois a tendance \u00e0 se d\u00e9teindre avec le temps et \u00e0 perdre son \u00e9clat.<\/span><\/p>\n<p><span style=\"font-weight: 400;\">Par ailleurs, le bois est un mat\u00e9riau naturellement d\u00e9coratif. Il s\u2019harmonise parfaitement avec l\u2019espace ext\u00e9rieur et v\u00e9g\u00e9tal.\u00a0<\/span><\/p>\n<p><span style=\"font-weight: 400;\">Le bambou, quant \u00e0 lui, est pr\u00e9f\u00e9r\u00e9 par certains comme alternative au bois. Le bambou a tendance \u00e0 faire ressortir le c\u00f4t\u00e9 exotique de vos tonnelles. Son installation est simple et moins on\u00e9reuse que celle du bois.\u00a0<\/span><\/p>\n<p><span style=\"font-weight: 400;\">Notons \u00e9galement que le bambou a une particularit\u00e9, celle de r\u00e9sister \u00e0 l\u2019humidit\u00e9. Il cr\u00e9e un espace qui permet de passer du temps avec vos convives ou votre famille autour d\u2019un barbecue en plein air.<\/span><\/p>\n<h3><span style=\"font-weight: 400;\">Toit en fer forg\u00e9<\/span><\/h3>\n<p><span style=\"font-weight: 400;\">Le toit en fer forg\u00e9 est esth\u00e9tique et tr\u00e8s protecteur. En effet, le fer forg\u00e9 reste rattach\u00e9 en partie \u00e0 l\u2019artisanat. Pour cela, confier la r\u00e9alisation de votre toit \u00e0 des artisans forgerons s\u2019av\u00e8re plus judicieux que d\u2019opter pour des pergolas en kit. Ces mod\u00e8les sont con\u00e7us sans solidit\u00e9 et sans originalit\u00e9.<\/span><\/p>\n<p><span style=\"font-weight: 400;\"><img class=\" wp-image-6822 alignright\" src=\"https:\/\/www.eldo.com\/guide\/wp-content\/uploads\/2022\/01\/home-design-300x201.jpg\" alt=\"\" width=\"316\" height=\"212\" srcset=\"https:\/\/www.eldo.com\/guide\/wp-content\/uploads\/2022\/01\/home-design-300x201.jpg 300w, https:\/\/www.eldo.com\/guide\/wp-content\/uploads\/2022\/01\/home-design-598x400.jpg 598w, https:\/\/www.eldo.com\/guide\/wp-content\/uploads\/2022\/01\/home-design.jpg 512w\" sizes=\"(max-width: 316px) 100vw, 316px\" \/>Par ailleurs, l\u2019un des principaux atouts qu\u2019offre le fer forg\u00e9 est que vous pouvez laisser exploser votre inspiration ou votre imagination. Vous pouvez cr\u00e9er des courbes, des motifs, des volutes\u2009; une particularit\u00e9 que les autres mat\u00e9riaux n\u2019ont pas.<\/span><\/p>\n<p><span style=\"font-weight: 400;\">Les toits en fer forg\u00e9 sont solides, durables et r\u00e9sistent bien aux intemp\u00e9ries. Cependant, le fer forg\u00e9 est tr\u00e8s sensible \u00e0 la rouille, ce qui a un impact tr\u00e8s n\u00e9gatif sur son installation dans la dur\u00e9e.<\/span><\/p>\n<p><span style=\"font-weight: 400;\">L\u2019une des solutions contre l\u2019abrasion du fer forg\u00e9 est son vernissage. Le toit en fer forg\u00e9 reste l\u2019un des plus on\u00e9reux du march\u00e9. Il est pratique pour la pergola autoportante ainsi que pour la pergola adoss\u00e9e.<\/span><\/p>\n<h3><span style=\"font-weight: 400;\">Toit en toile\u00a0<\/span><\/h3>\n<p><span style=\"font-weight: 400;\">Le toit en toile a la particularit\u00e9 de laisser entrer assez d\u2019air \u00e0 l\u2019int\u00e9rieur des pergolas, surtout en cas de forte chaleur. La toile de toit peut avoir plusieurs coloris et \u00e9galement plusieurs motifs. L\u2019un des avantages de la toile est qu\u2019elle est<a href=\"https:\/\/www.eldo.com\/guide\/pergola\/toit\/retractable\"> r\u00e9tractable<\/a>, d\u00e9montable et d\u00e9ployable selon\u00a0 la protection recherch\u00e9e.<\/span><\/p>\n<p><span style=\"font-weight: 400;\"><img class=\"wp-image-6823 alignleft\" src=\"https:\/\/www.eldo.com\/guide\/wp-content\/uploads\/2022\/01\/240_F_404065135_8ArRGzKbbn2p5LOwDwdn5N9F3xGwOXxM-300x200.jpg\" alt=\"\" width=\"306\" height=\"204\" srcset=\"https:\/\/www.eldo.com\/guide\/wp-content\/uploads\/2022\/01\/240_F_404065135_8ArRGzKbbn2p5LOwDwdn5N9F3xGwOXxM-300x200.jpg 300w, https:\/\/www.eldo.com\/guide\/wp-content\/uploads\/2022\/01\/240_F_404065135_8ArRGzKbbn2p5LOwDwdn5N9F3xGwOXxM.jpg 360w\" sizes=\"(max-width: 306px) 100vw, 306px\" \/>Il est conseill\u00e9 d\u2019opter pour une toile micro perfor\u00e9e ou une toile acrylique trait\u00e9e. Notons que la toile micro perfor\u00e9e ou en acrylique trait\u00e9 offrent tous deux de la r\u00e9sistance face aux rayons UV, au vent, \u00e0 la pluie\u2026 Cependant, les toiles montrent une certaine fragilit\u00e9 lorsqu\u2019elles sont en contact de vents violents.<\/span><\/p>\n<p><span style=\"font-weight: 400;\">Par ailleurs, la toile pour pergola ou toile de pergola se d\u00e9monte en hiver. Pour \u00e9viter l\u2019apparition des moisissures et des champignons, il faut prendre soin de la s\u00e9cher enti\u00e8rement avant son rangement.<\/span><\/p>\n<\/div><\/div><div class=\"w-separator size_small\"><\/div><div class=\"w-btn-wrapper width_auto align_center\"><a class=\"w-btn us-btn-style_2\" title=\"Demander un devis\" href=\"https:\/\/devis.eldo.com\/pergola-new\/france?utm_source=gmb&amp;utm_medium=SEO&amp;utm_campaign=pergola-toit\"><span class=\"w-btn-label\">Expliquer mon projet<\/span><\/a><\/div><\/div><\/div><\/div><\/div><\/div><\/section><section class=\"l-section wpb_row height_medium\"><div class=\"l-section-h i-cf\"><div class=\"g-cols vc_row type_default valign_top\"><div class=\"vc_col-sm-12 wpb_column vc_column_container\"><div class=\"vc_column-inner\"><div class=\"wpb_wrapper\"><div class=\"w-grid type_grid layout_portfolio_3 cols_2 valign_center ratio_1x1\" id=\"us_grid_1\"><style id=\"us_grid_1_css\">#us_grid_1 .w-grid-item{padding:1.5rem}#us_grid_1 .w-grid-list{margin:-1.5rem}.w-grid + #us_grid_1 .w-grid-list{margin-top:1.5rem}@media (max-width:599px){#us_grid_1 .w-grid-list{margin:0}#us_grid_1 .w-grid-item{width:100.0000%;padding:0;margin-bottom:1.5rem}}<\/style><style>.layout_portfolio_3 .w-grid-item-h:before{padding-bottom:100.0000%}@media (min-width:600px){.layout_portfolio_3 .w-grid-item.size_1x2 .w-grid-item-h:before{padding-bottom:calc(200.0000% + 1.5rem + 1.5rem)}.layout_portfolio_3 .w-grid-item.size_2x1 .w-grid-item-h:before{padding-bottom:calc(50.0000% - 1.5rem * 1.0000)}.layout_portfolio_3 .w-grid-item.size_2x2 .w-grid-item-h:before{padding-bottom:calc(100.0000% - 1.5rem * 0)}}.layout_portfolio_3 .w-grid-item-h{}.layout_portfolio_3 .usg_post_image_1{transition-duration:0.4s;transform-origin:50% 50%;transform:scale(1) translate(0,0);opacity:0.25}.layout_portfolio_3 .w-grid-item-h:hover .usg_post_image_1{transform:scale(1) translate(0,0);opacity:1}.layout_portfolio_3 .usg_post_title_1{transition-duration:0.3s;transform-origin:50% 50%;transform:scale(1) translate(0,0)}.layout_portfolio_3 .w-grid-item-h:hover .usg_post_title_1{transform:scale(1) translate(0,-100%);opacity:0}.layout_portfolio_3 .usg_post_taxonomy_1{transition-duration:0.3s;transform-origin:50% 50%;transform:scale(1) translate(0,0)}.layout_portfolio_3 .w-grid-item-h:hover .usg_post_taxonomy_1{transform:scale(1) translate(0,100%);opacity:0}.layout_portfolio_3 .usg_post_image_1{position:absolute!important;top:0!important;right:0!important;bottom:0!important;left:0!important}.layout_portfolio_3 .usg_vwrapper_1{position:absolute!important;top:0!important;right:0!important;bottom:0!important;left:0!important;padding:2rem!important}.layout_portfolio_3 .usg_post_title_1{color:inherit!important;font-size:1.4rem!important}<\/style><div class=\"w-grid-list\" >\t<article class=\"w-grid-item size_1x1 post-6829 page type-page status-publish has-post-thumbnail hentry\" data-id=\"6829\">\r\n\t\t<div class=\"w-grid-item-h\">\r\n\t\t\t\t\t\t\t<a class=\"w-grid-item-anchor\" href=\"https:\/\/www.eldo.com\/guide\/pergola\/toit\/retractable\" rel=\"bookmark\" aria-label=\"Pergola retractable\"><\/a>\r\n\t\t\t\t\t\t<div class=\"w-post-elm post_image usg_post_image_1 stretched\"><img width=\"512\" height=\"352\" src=\"https:\/\/www.eldo.com\/guide\/wp-content\/uploads\/2022\/01\/pergola-adossee-aluminium-polycarbonate-odessa-108m-4.jpg\" class=\"attachment-large size-large wp-post-image\" alt=\"\" srcset=\"https:\/\/www.eldo.com\/guide\/wp-content\/uploads\/2022\/01\/pergola-adossee-aluminium-polycarbonate-odessa-108m-4.jpg 512w, https:\/\/www.eldo.com\/guide\/wp-content\/uploads\/2022\/01\/pergola-adossee-aluminium-polycarbonate-odessa-108m-4-300x206.jpg 300w, https:\/\/www.eldo.com\/guide\/wp-content\/uploads\/2022\/01\/pergola-adossee-aluminium-polycarbonate-odessa-108m-4-581x400.jpg 581w\" sizes=\"(max-width: 512px) 100vw, 512px\" \/><\/div><div class=\"w-vwrapper usg_vwrapper_1 align_center valign_middle\"><h2 class=\"w-post-elm post_title usg_post_title_1 entry-title color_link_inherit has_text_color\">Pergola retractable<\/h2><\/div>\t\t<\/div>\r\n\t<\/article>\r\n<\/div><div class=\"w-grid-preloader\"><div class=\"g-preloader type_1\">\r\n\t<div><\/div>\r\n<\/div>\r\n<\/div>\t<div class=\"w-grid-json hidden\" onclick='return {&quot;action&quot;:&quot;us_ajax_grid&quot;,&quot;ajax_url&quot;:&quot;https:\\\/\\\/www.eldo.com\\\/guide\\\/wp-admin\\\/admin-ajax.php&quot;,&quot;infinite_scroll&quot;:0,&quot;max_num_pages&quot;:1,&quot;pagination&quot;:&quot;none&quot;,&quot;permalink_url&quot;:&quot;https:\\\/\\\/www.eldo.com\\\/guide\\\/wp-json\\\/wp\\\/v2\\\/pages\\\/6812&quot;,&quot;template_vars&quot;:{&quot;columns&quot;:&quot;2&quot;,&quot;exclude_items&quot;:&quot;none&quot;,&quot;img_size&quot;:&quot;default&quot;,&quot;ignore_items_size&quot;:false,&quot;items_layout&quot;:&quot;portfolio_3&quot;,&quot;items_offset&quot;:&quot;1&quot;,&quot;load_animation&quot;:&quot;none&quot;,&quot;overriding_link&quot;:&quot;post&quot;,&quot;post_id&quot;:6812,&quot;query_args&quot;:{&quot;ignore_sticky_posts&quot;:1,&quot;post_type&quot;:&quot;any&quot;,&quot;post__in&quot;:[&quot;6829&quot;],&quot;posts_per_page&quot;:&quot;10&quot;},&quot;orderby_query_args&quot;:{&quot;orderby&quot;:{&quot;date&quot;:&quot;DESC&quot;}},&quot;type&quot;:&quot;grid&quot;,&quot;us_grid_ajax_index&quot;:1,&quot;us_grid_filter_params&quot;:null,&quot;us_grid_index&quot;:1,&quot;_us_grid_post_type&quot;:&quot;ids&quot;}}'><\/div>\r\n\t<\/div><\/div><\/div><\/div><\/div><\/div><\/section><section class=\"l-section wpb_row us_custom_e91755c2 height_auto width_full with_overlay\"><div class=\"l-section-overlay\" style=\"background: #ebebeb\"><\/div><div class=\"l-section-h i-cf\"><div class=\"g-cols vc_row type_boxes valign_middle\"><div class=\"vc_col-sm-12 wpb_column vc_column_container has-fill\"><div class=\"vc_column-inner us_custom_743acecb\"><div class=\"wpb_wrapper\"><p class=\"w-itext us_custom_6df4bc3a type_typingChars align_center\" onclick='return {&quot;duration&quot;:300,&quot;delay&quot;:2000,&quot;disablePartAnimation&quot;:false,&quot;dynamicColor&quot;:&quot;#ffffff&quot;,&quot;html_nbsp_char&quot;:true}'>Je\u00a0cherche\u00a0un\u00a0pro\u00a0\u00e0\u00a0<span class=\"w-itext-part changesat_0 changesat_1 changesat_2 changesat_3 changesat_4 dynamic\" style=\"color:#ffffff\" onclick='return [&quot;Bordeaux&quot;,&quot;Toulouse&quot;,&quot;Paris&quot;,&quot;Nantes&quot;,&quot;Marseille&quot;]'><span>Bordeaux<\/span><i class=\"w-itext-cursor\"><\/i><\/span><\/p><div class=\"w-separator size_small\"><\/div><div class=\"w-btn-wrapper width_auto align_center\"><a class=\"w-btn us-btn-style_2\" title=\"Demander un devis\" href=\"https:\/\/devis.eldo.com\/pergola-new\/france?utm_source=gmb&amp;utm_medium=SEO&amp;utm_campaign=pergola-toit\"><span class=\"w-btn-label\">Trouver un pro de confiance<\/span><\/a><\/div><\/div><\/div><\/div><\/div><\/div><\/section>\n","protected":false},"excerpt":{"rendered":"Pourquoi choisir une pergola avec un toit r\u00e9tractable\u00a0? Guides travauxPages Il existe plusieurs mod\u00e8les de pergola. Cependant, pour choisir une pergola r\u00e9sistante, qui vous procure confort, fra\u00eecheur et protection contre les intemp\u00e9ries, dirigez-vous vers les pergolas \u00e0 toit r\u00e9tractable. D\u00e9couvrons pourquoi choisir ce type de toit pour votre pergola terrasse. Quelles solutions pour avoir un...","protected":false},"author":5,"featured_media":7048,"parent":6670,"menu_order":0,"comment_status":"closed","ping_status":"closed","template":"","meta":[],"page_tags":[],"_links":{"self":[{"href":"https:\/\/www.eldo.com\/guide\/wp-json\/wp\/v2\/pages\/6812"}],"collection":[{"href":"https:\/\/www.eldo.com\/guide\/wp-json\/wp\/v2\/pages"}],"about":[{"href":"https:\/\/www.eldo.com\/guide\/wp-json\/wp\/v2\/types\/page"}],"author":[{"embeddable":true,"href":"https:\/\/www.eldo.com\/guide\/wp-json\/wp\/v2\/users\/5"}],"replies":[{"embeddable":true,"href":"https:\/\/www.eldo.com\/guide\/wp-json\/wp\/v2\/comments?post=6812"}],"version-history":[{"count":15,"href":"https:\/\/www.eldo.com\/guide\/wp-json\/wp\/v2\/pages\/6812\/revisions"}],"predecessor-version":[{"id":10134,"href":"https:\/\/www.eldo.com\/guide\/wp-json\/wp\/v2\/pages\/6812\/revisions\/10134"}],"up":[{"embeddable":true,"href":"https:\/\/www.eldo.com\/guide\/wp-json\/wp\/v2\/pages\/6670"}],"wp:featuredmedia":[{"embeddable":true,"href":"https:\/\/www.eldo.com\/guide\/wp-json\/wp\/v2\/media\/7048"}],"wp:attachment":[{"href":"https:\/\/www.eldo.com\/guide\/wp-json\/wp\/v2\/media?parent=6812"}],"wp:term":[{"taxonomy":"page_tags","embeddable":true,"href":"https:\/\/www.eldo.com\/guide\/wp-json\/wp\/v2\/page_tags?post=6812"}],"curies":[{"name":"wp","href":"https:\/\/api.w.org\/{rel}","templated":true}]}}