{"id":6794,"date":"2022-01-31T13:57:07","date_gmt":"2022-01-31T13:57:07","guid":{"rendered":"https:\/\/www.eldo.com\/guide\/?page_id=6794"},"modified":"2023-11-15T13:54:48","modified_gmt":"2023-11-15T13:54:48","slug":"pergola-aide","status":"publish","type":"page","link":"https:\/\/www.eldo.com\/guide\/pergola\/prix\/aide","title":{"rendered":"Pergola aide"},"content":{"rendered":"<section class=\"l-section wpb_row us_custom_e4eb24e1 height_auto width_full with_overlay\"><div class=\"l-section-overlay\" style=\"background: #ffffff\"><\/div><div class=\"l-section-h i-cf\"><div class=\"g-cols vc_row type_boxes valign_middle gap-10px\"><style>.g-cols.gap-10px{margin:0 -10px}.gap-10px > .vc_column_container {padding:10px}<\/style><div class=\"vc_col-sm-12 wpb_column vc_column_container has-fill has_text_color\"><div class=\"vc_column-inner us_custom_07cb01e7\"><div class=\"wpb_wrapper\"><div class=\"wpb_text_column us_custom_cef92e06 has_text_color\" ><div class=\"wpb_wrapper\"><h1 style=\"text-align: center;\"><span style=\"font-weight: 400;\">Quelles aides pour l\u2019installation d\u2019une pergola\u2009?<\/span><\/h1>\n<\/div><\/div><div class=\"w-separator size_medium\"><\/div><ol class=\"g-breadcrumbs us_custom_cef92e06 separator_icon align_left has_text_color\"><li class=\"g-breadcrumbs-item\"><a href=\"https:\/\/www.eldo.com\/guide\/\">Guides travaux<\/a><meta content=\"1\"\/><\/li><li class=\"g-breadcrumbs-separator\"><i class=\"far fa-angle-right\"><\/i><\/li><li class=\"g-breadcrumbs-item\">Pages<\/li><\/ol><\/div><\/div><\/div><div class=\"vc_col-sm-12 wpb_column vc_column_container\"><div class=\"vc_column-inner\"><div class=\"wpb_wrapper\"><div class=\"wpb_text_column us_custom_ae99f6aa has_text_color\" ><div class=\"wpb_wrapper\">\n<\/div><\/div><div class=\"wpb_text_column us_custom_ae99f6aa has_text_color\" ><div class=\"wpb_wrapper\"><p><span style=\"font-weight: 400;\">Pour la pose de pergolas ou pour am\u00e9nager un nouvel espace afin de profiter d\u2019un ombrage \u00e0 l\u2019abri des intemp\u00e9ries en toute saison, il faut un budget. Le budget pour installer votre espace d\u00e9tente, v\u00e9ritable pi\u00e8ce de vie qui permet de profiter de l\u2019ensoleillement, peut ne pas \u00eatre suffisant. Heureusement, vous avez la possibilit\u00e9 de b\u00e9n\u00e9ficier de certaines aides financi\u00e8res. Que votre pergola soit adoss\u00e9e, autoport\u00e9e, bioclimatique, \u00e0 lames orientables, \u00e0 toit r\u00e9tractable ou d\u00e9montable, ces aides vous aideront \u00e0 financer votre projet.<\/span><\/p>\n<p><span style=\"font-weight: 400;\">Ces aides concernent tout ce qui se rapporte \u00e0 la r\u00e9novation et \u00e0 l\u2019am\u00e9lioration des capacit\u00e9s \u00e9nerg\u00e9tiques de votre v\u00e9randa. Elles ont pour but de vous procurer confort (fra\u00eecheur, chaleur, prot\u00e9ger du soleil, abriter de l\u2019eau de pluie), tout en vous faisant \u00e9conomiser de l\u2019\u00e9nergie. L\u2019application de certains taux de TVA vous permet de jouir de certains avantages en termes de r\u00e9novation. D\u00e9couvrons donc les aides financi\u00e8res accord\u00e9es pour la cr\u00e9ation d\u2019un espace de vie ext\u00e9rieur avec une pergola bioclimatique.<\/span><\/p>\n<\/div><\/div><\/div><\/div><\/div><\/div><\/div><\/section><section class=\"l-section wpb_row height_auto width_full with_overlay\"><div class=\"l-section-overlay\" style=\"background: #ffffff\"><\/div><div class=\"l-section-h i-cf\"><div class=\"g-cols vc_row type_boxes valign_middle gap-10px\"><style>.g-cols.gap-10px{margin:0 -10px}.gap-10px > .vc_column_container {padding:10px}<\/style><div class=\"vc_col-sm-12 wpb_column vc_column_container has-fill\"><div class=\"vc_column-inner us_custom_4fb9e5a3\"><div class=\"wpb_wrapper\"><div class=\"w-image align_center\"><div class=\"w-image-h\"><img width=\"512\" height=\"342\" src=\"https:\/\/www.eldo.com\/guide\/wp-content\/uploads\/2022\/01\/pergola-bioclimatique-avec-stores.jpg\" class=\"attachment-large size-large\" alt=\"\" srcset=\"https:\/\/www.eldo.com\/guide\/wp-content\/uploads\/2022\/01\/pergola-bioclimatique-avec-stores.jpg 512w, https:\/\/www.eldo.com\/guide\/wp-content\/uploads\/2022\/01\/pergola-bioclimatique-avec-stores-300x200.jpg 300w, https:\/\/www.eldo.com\/guide\/wp-content\/uploads\/2022\/01\/pergola-bioclimatique-avec-stores-600x400.jpg 600w, https:\/\/www.eldo.com\/guide\/wp-content\/uploads\/2022\/01\/pergola-bioclimatique-avec-stores-800x534.jpg 800w\" sizes=\"(max-width: 512px) 100vw, 512px\" \/><\/div><\/div><div class=\"w-separator size_large\"><\/div><div \" class=\"faq_question_container\"><h2 class=\"faq_question_title\">Aides financi\u00e8res 2021 pour mon projet de v\u00e9randa\u2009?<\/h2><div class=\"faq_question_content\"><p><span style=\"font-weight: 400;\">L\u2019obtention des aides financi\u00e8res pour le projet de v\u00e9randa est soumise \u00e0 certaines conditions strictes.\u00a0<\/span><\/p>\n<h3><span style=\"font-weight: 400;\">Le taux de TVA pour votre projet de v\u00e9randa<\/span><\/h3>\n<p><span style=\"font-weight: 400;\">G\u00e9n\u00e9ralement, la construction d\u2019un espace ext\u00e9rieur (abri de terrasse, tente de jardin, salon de jardin) est consid\u00e9r\u00e9e comme une construction neuve. Le taux de TVA, qui est appliqu\u00e9 \u00e0 ce genre d\u2019am\u00e9nagement ext\u00e9rieur, est de 20\u00a0%. Cependant, il y a des exceptions \u00e0 la TVA de 20\u00a0%, mais elles sont rares. Ces quelques exceptions permettent de b\u00e9n\u00e9ficier du taux r\u00e9duit \u00e0 10\u00a0%. Ce taux est accord\u00e9 dans des cas s\u00e9lectifs de travaux d\u2019am\u00e9lioration, d\u2019entretien et de r\u00e9novation.\u00a0<\/span><\/p>\n<h3><span style=\"font-weight: 400;\">Les conditions g\u00e9n\u00e9rales pour obtenir des aides financi\u00e8res<\/span><\/h3>\n<p><span style=\"font-weight: 400;\">La r\u00e9duction de TVA \u00e0 10\u00a0% repr\u00e9sente pour vous un avantage unique pour votre projet de construction de pergola en bois, pergola aluminium, pergola adoss\u00e9e ou autoportante. Cette r\u00e9duction repr\u00e9sente une solution id\u00e9ale pour construire une pergola \u00e0 lames orientables, une pergola en fer forg\u00e9, etc. Cependant, pour b\u00e9n\u00e9ficier de cet avantage, il vous faudra remplir certaines conditions pr\u00e9alablement impos\u00e9es par l\u2019\u00e9tat.<\/span><\/p>\n<p><span style=\"font-weight: 400;\">Au nombre de ces conditions\u00a0:<\/span><\/p>\n<ul>\n<li style=\"font-weight: 400;\" aria-level=\"1\"><span style=\"font-weight: 400;\">vous devez vouloir r\u00e9nover, entretenir ou am\u00e9liorer une v\u00e9randa d\u00e9j\u00e0 existante\u2009;<\/span><\/li>\n<li style=\"font-weight: 400;\" aria-level=\"1\"><span style=\"font-weight: 400;\">vous devez \u00eatre le propri\u00e9taire de votre terrasse en bois, pergola en acier ou pergola alu depuis plus de 2 ans\u2009;<\/span><\/li>\n<li style=\"font-weight: 400;\" aria-level=\"1\"><span style=\"font-weight: 400;\">la surface de plancher de votre v\u00e9randa ne doit pas d\u00e9passer les 9\u00a0m\u00b2\u2009;<\/span><\/li>\n<li style=\"font-weight: 400;\" aria-level=\"1\"><span style=\"font-weight: 400;\">la cr\u00e9ation de la v\u00e9randa neuve doit porter sur une maison d\u00e9tenue depuis plus de 2 ans\u2009;<\/span><\/li>\n<li style=\"font-weight: 400;\" aria-level=\"1\"><span style=\"font-weight: 400;\">vous devez \u00eatre en train d\u2019effectuer des travaux de r\u00e9novation \u00e9nerg\u00e9tique.<\/span><\/li>\n<\/ul>\n<p><span style=\"font-weight: 400;\">Hormis les conditions ci-dessus cit\u00e9es, les autres cas o\u00f9 il s\u2019agit de cr\u00e9er un espace en r\u00e9novation ou en neuf sont impos\u00e9s au taux de 20\u00a0%.<\/span><\/p>\n<p><span style=\"font-weight: 400;\">Par ailleurs, les travaux de pose des pergolas autoportantes sont consid\u00e9r\u00e9s comme des travaux relatifs aux arrangements du jardin. Le taux normal de TVA qui est de 20\u00a0% s\u2019applique donc quand vous d\u00e9sirez construire une pergola. Le m\u00eame taux s\u2019applique, peu importe le type de tonnelles et pergolas (pergolas bioclimatiques, pergola murale, pergolas \u00e0 lames orientables, des abris de jardin, etc.).<\/span><\/p>\n<p><span style=\"font-weight: 400;\">De m\u00eame, les travaux de montage des pergolas ou tonnelles adoss\u00e9es \u00e0 la r\u00e9sidence sont imposables au m\u00eame titre que pour les travaux. Par cons\u00e9quent, l\u2019installation d\u2019une pergola ou d\u2019une tonnelle adoss\u00e9e est soumise au taux normal de 20\u00a0%.<\/span><\/p>\n<h3><span style=\"font-weight: 400;\">La d\u00e9marche \u00e0 suivre pour votre v\u00e9randa<\/span><\/h3>\n<p><span style=\"font-weight: 400;\">Apr\u00e8s avoir rempli les conditions pour b\u00e9n\u00e9ficier du taux r\u00e9duit, vous devez faire parvenir une attestation l\u00e9gale aux experts en charge des travaux. Cette attestation est tenue pour preuve que vous avez respect\u00e9 les conditions pour b\u00e9n\u00e9ficier de la TVA au taux r\u00e9duit.<\/span><\/p>\n<p><span style=\"font-weight: 400;\">Par ailleurs, en plus de la facture, le client doit conserver un exemplaire de l\u2019attestation pendant au moins une dur\u00e9e de 5\u00a0ans. Le compte \u00e0 rebours de cette dur\u00e9e commence apr\u00e8s le d\u00e9marrage des travaux. La d\u00e9tention de cette attestation est importante pour les cas de litige ou de r\u00e9clamation.<\/span><\/p>\n<h3><span style=\"font-weight: 400;\">\u00c0 noter<\/span><\/h3>\n<p><span style=\"font-weight: 400;\">Uniquement, les travaux qui concernent la r\u00e9novation \u00e9nerg\u00e9tique sont imposables par le taux r\u00e9duit. Par cons\u00e9quent, les constructions adoss\u00e9es \u00e0 votre r\u00e9sidence ne sont pas concern\u00e9es par la TVA \u00e0 taux r\u00e9duit. Il s\u2019agit de prolongement de maison comme des toitures, une gloriette, un auvent, une tonnelle, une marquise, un abri, un pavillon, une goutti\u00e8re ou tout autre type d\u2019extension de maison.<\/span><\/p>\n<h3><span style=\"font-weight: 400;\"><img class=\" wp-image-6798 aligncenter\" src=\"https:\/\/www.eldo.com\/guide\/wp-content\/uploads\/2022\/01\/pergola-bioclimatique-lames-orientables-300x200.jpg\" alt=\"\" width=\"568\" height=\"379\" srcset=\"https:\/\/www.eldo.com\/guide\/wp-content\/uploads\/2022\/01\/pergola-bioclimatique-lames-orientables-300x200.jpg 300w, https:\/\/www.eldo.com\/guide\/wp-content\/uploads\/2022\/01\/pergola-bioclimatique-lames-orientables-1024x684.jpg 1024w, https:\/\/www.eldo.com\/guide\/wp-content\/uploads\/2022\/01\/pergola-bioclimatique-lames-orientables-600x400.jpg 600w, https:\/\/www.eldo.com\/guide\/wp-content\/uploads\/2022\/01\/pergola-bioclimatique-lames-orientables-800x534.jpg 800w, https:\/\/www.eldo.com\/guide\/wp-content\/uploads\/2022\/01\/pergola-bioclimatique-lames-orientables.jpg 512w\" sizes=\"(max-width: 568px) 100vw, 568px\" \/><\/span><\/h3>\n<h3><span style=\"font-weight: 400;\">Cr\u00e9dit d\u2019imp\u00f4t pour v\u00e9randa\u00a0: comment \u00e7a marche\u2009?<\/span><\/h3>\n<p><span style=\"font-weight: 400;\">Vous savez sans doute que certains travaux de r\u00e9novation et construction tri\u00e9s sur le volet donnent droit \u00e0 une r\u00e9duction de cr\u00e9dit d\u2019imp\u00f4t. Les travaux concern\u00e9s sont ceux en faveur du d\u00e9veloppement et des \u00e9conomies durables.<\/span><\/p>\n<p><span style=\"font-weight: 400;\">Au nombre de ces cr\u00e9dits d\u2019imp\u00f4t, l\u2019une des principales est le cr\u00e9dit d\u2019imp\u00f4t CITE<\/span><b>. <\/b><span style=\"font-weight: 400;\">Elle fait une nette distinction entre les types de projets et les d\u00e9penses faites pour une v\u00e9randa ou une terrasse.<\/span> <span style=\"font-weight: 400;\">Elle est applicable aux maisons individuelles, aux habitations principales d\u00e9tenues depuis plus de 2\u00a0ans et dont vous \u00eates propri\u00e9taire.<\/span><\/p>\n<p><span style=\"font-weight: 400;\">Notons que le cr\u00e9dit d\u2019imp\u00f4t ne prend pas en compte les frais destin\u00e9s \u00e0 acheter des mat\u00e9riaux ou du vitrage pour construire une v\u00e9randa neuve ou un jardin d\u2019hiver neuf. Une pergola ou une tonnelle neuve n\u2019est pas non plus concern\u00e9e par le cr\u00e9dit d\u2019imp\u00f4t.<\/span><\/p>\n<p><span style=\"font-weight: 400;\">Cependant, l\u2019am\u00e9nagement d\u2019une v\u00e9randa existante de fa\u00e7on partielle ou totale constitue une r\u00e9novation, et donne droit au cr\u00e9dit d\u2019imp\u00f4t.\u00a0<\/span><\/p>\n<h3><span style=\"font-weight: 400;\">Cr\u00e9dit d\u2019imp\u00f4t et r\u00e9novation de v\u00e9randa, les aides financi\u00e8res<\/span><\/h3>\n<ul>\n<li style=\"font-weight: 400;\" aria-level=\"1\"><span style=\"font-weight: 400;\">Les frais d\u2019acquisition de mat\u00e9riaux li\u00e9s au remplacement de vitres existantes dans une v\u00e9randa par des mat\u00e9riaux appropri\u00e9s permettent de profiter du cr\u00e9dit d\u2019imp\u00f4t\u2009;<\/span><\/li>\n<li style=\"font-weight: 400;\" aria-level=\"1\"><span style=\"font-weight: 400;\">Ce cr\u00e9dit d\u2019imp\u00f4t est accord\u00e9 uniquement si les conditions sont pr\u00e9alablement bien remplies\u2009;<\/span><\/li>\n<li style=\"font-weight: 400;\" aria-level=\"1\"><span style=\"font-weight: 400;\">Les frais d\u2019acquisition de mat\u00e9riaux d\u2019isolation des parois vitr\u00e9es ayant pour but de construire une nouvelle pi\u00e8ce (v\u00e9randa) ne b\u00e9n\u00e9ficient pas du cr\u00e9dit d\u2019imp\u00f4t.<\/span><\/li>\n<\/ul>\n<p><span style=\"font-weight: 400;\">Rappelons que le cr\u00e9dit d\u2019imp\u00f4t est appliqu\u00e9 \u00e0 la r\u00e9sidence principale, \u00e0 la maison individuelle d\u00e9tenue depuis plus de 2\u00a0ans et dont vous \u00eates propri\u00e9taire. Que vous soyez le propri\u00e9taire, l\u2019occupant \u00e0 titre gratuit ou le locataire, le cr\u00e9dit d\u2019imp\u00f4t s\u2019applique.<\/span><\/p>\n<p><span style=\"font-weight: 400;\">Les mat\u00e9riaux et \u00e9quipements \u00e0 utiliser pour obtenir le cr\u00e9dit d\u2019imp\u00f4t doivent respecter certaines conditions sp\u00e9cifiques. C\u2019est le coefficient de transmission surfacique Ug qui \u00e9value la performance des vitrages. Son unit\u00e9 de mesure est le W\/m\u00b2.k. Lorsque le coefficient de transmission est faible, l\u2019isolation est meilleure.<\/span><\/p>\n<p><span style=\"font-weight: 400;\">Par ailleurs, les nouveaux vitrages \u00e0 isolation renforc\u00e9e de votre v\u00e9randa doivent avoir un coefficient de transmission thermique Ug n\u2019exc\u00e9dant pas 1,1\u00a0W\/m\u00b2.k. De plus, l\u2019intervention d\u2019un installateur professionnel RGE est n\u00e9cessaire pour obtenir le cr\u00e9dit d\u2019imp\u00f4t. Il faut souligner que les installateurs peuvent vous fournir un devis pergola (devis gratuit). Par ailleurs, vous avez la garantie d\u2019obtenir des finitions impeccables.<\/span><\/p>\n<p><span style=\"font-weight: 400;\">Le taux du cr\u00e9dit d\u2019imp\u00f4t est de 30\u00a0% du montant TTC des frais appropri\u00e9s diminu\u00e9 des subventions et aides re\u00e7ues.\u00a0<\/span><\/p>\n<p><span style=\"font-weight: 400;\">De plus, le montant des d\u00e9penses donnant droit au cr\u00e9dit d\u2019imp\u00f4t est plafonn\u00e9. Ce plafond est de\u00a0:<\/span><\/p>\n<ul>\n<li style=\"font-weight: 400;\" aria-level=\"1\"><span style=\"font-weight: 400;\">8 000\u00a0\u20ac pour une personne seule\u00a0;<\/span><\/li>\n<li style=\"font-weight: 400;\" aria-level=\"1\"><span style=\"font-weight: 400;\">16\u2009000\u00a0\u20ac pour couple soumis au r\u00e9gime de communaut\u00e9 des biens\u00a0; ce plafond est major\u00e9 de 400\u00a0\u20ac par personne \u00e0 charge.<\/span><\/li>\n<\/ul>\n<h3><span style=\"font-weight: 400;\">Cr\u00e9dit d\u2019imp\u00f4t cumulable avec quelles aides pour les v\u00e9randas\u2009?<\/span><\/h3>\n<p><span style=\"font-weight: 400;\">Le cr\u00e9dit d\u2019imp\u00f4t est cumulable avec l\u2019\u00e9co-pr\u00eat. Il est aussi cumulable avec les aides de l\u2019Anah, des collectivit\u00e9s locales et des fournisseurs d\u2019\u00e9nergie.<\/span><\/p>\n<p><span style=\"font-weight: 400;\">G\u00e9n\u00e9ralement, le prix d\u2019installation global d\u2019une pergola peut varier entre 1<\/span><span style=\"font-weight: 400;\">\u2009<\/span><span style=\"font-weight: 400;\">050 et 3<\/span><span style=\"font-weight: 400;\">\u2009<\/span><span style=\"font-weight: 400;\">500\u00a0euros le m\u00e8tre carr\u00e9. <\/span><\/p>\n<\/div><\/div><div class=\"w-separator size_medium\"><\/div><div class=\"w-image align_center\"><div class=\"w-image-h\"><img width=\"512\" height=\"370\" src=\"https:\/\/www.eldo.com\/guide\/wp-content\/uploads\/2022\/01\/pergola-toile.jpg\" class=\"attachment-large size-large\" alt=\"\" srcset=\"https:\/\/www.eldo.com\/guide\/wp-content\/uploads\/2022\/01\/pergola-toile.jpg 512w, https:\/\/www.eldo.com\/guide\/wp-content\/uploads\/2022\/01\/pergola-toile-300x217.jpg 300w, https:\/\/www.eldo.com\/guide\/wp-content\/uploads\/2022\/01\/pergola-toile-553x400.jpg 553w\" sizes=\"(max-width: 512px) 100vw, 512px\" \/><\/div><\/div><div class=\"w-separator size_medium\"><\/div><div class=\"w-btn-wrapper width_auto align_center\"><a class=\"w-btn us-btn-style_2\" title=\"Demander un devis\" href=\"https:\/\/devis.eldo.com\/pergola-new\/france?utm_source=gmb&amp;utm_medium=SEO&amp;utm_campaign=pergola-prix-aide\"><span class=\"w-btn-label\">Demander un devis gratuit<\/span><\/a><\/div><\/div><\/div><\/div><\/div><\/div><\/section><section class=\"l-section wpb_row height_medium\"><div class=\"l-section-h i-cf\"><div class=\"g-cols vc_row type_default valign_top\"><div class=\"vc_col-sm-12 wpb_column vc_column_container\"><div class=\"vc_column-inner\"><div class=\"wpb_wrapper\"><\/div><\/div><\/div><\/div><\/div><\/section><section class=\"l-section wpb_row us_custom_e91755c2 height_auto width_full with_overlay\"><div class=\"l-section-overlay\" style=\"background: #ebebeb\"><\/div><div class=\"l-section-h i-cf\"><div class=\"g-cols vc_row type_boxes valign_middle\"><div class=\"vc_col-sm-12 wpb_column vc_column_container has-fill\"><div class=\"vc_column-inner us_custom_743acecb\"><div class=\"wpb_wrapper\"><p class=\"w-itext us_custom_6df4bc3a type_typingChars align_center\" onclick='return {&quot;duration&quot;:300,&quot;delay&quot;:2000,&quot;disablePartAnimation&quot;:false,&quot;dynamicColor&quot;:&quot;#ffffff&quot;,&quot;html_nbsp_char&quot;:true}'>Je\u00a0cherche\u00a0un\u00a0pro\u00a0\u00e0\u00a0<span class=\"w-itext-part changesat_0 changesat_1 changesat_2 changesat_3 changesat_4 dynamic\" style=\"color:#ffffff\" onclick='return [&quot;Bordeaux&quot;,&quot;Toulouse&quot;,&quot;Paris&quot;,&quot;Nantes&quot;,&quot;Marseille&quot;]'><span>Bordeaux<\/span><i class=\"w-itext-cursor\"><\/i><\/span><\/p><div class=\"w-separator size_small\"><\/div><div class=\"w-btn-wrapper width_auto align_center\"><a class=\"w-btn us-btn-style_2\" title=\"Demander un devis\" href=\"https:\/\/devis.eldo.com\/pergola-new\/france?utm_source=gmb&amp;utm_medium=SEO&amp;utm_campaign=pergola-prix-aide\"><span class=\"w-btn-label\">Trouver un pro de confiance<\/span><\/a><\/div><\/div><\/div><\/div><\/div><\/div><\/section>\n","protected":false},"excerpt":{"rendered":"Quelles aides pour l\u2019installation d\u2019une pergola\u2009? Guides travauxPages Pour la pose de pergolas ou pour am\u00e9nager un nouvel espace afin de profiter d\u2019un ombrage \u00e0 l\u2019abri des intemp\u00e9ries en toute saison, il faut un budget. Le budget pour installer votre espace d\u00e9tente, v\u00e9ritable pi\u00e8ce de vie qui permet de profiter de l\u2019ensoleillement, peut ne pas...","protected":false},"author":5,"featured_media":6797,"parent":6776,"menu_order":0,"comment_status":"closed","ping_status":"closed","template":"","meta":[],"page_tags":[],"_links":{"self":[{"href":"https:\/\/www.eldo.com\/guide\/wp-json\/wp\/v2\/pages\/6794"}],"collection":[{"href":"https:\/\/www.eldo.com\/guide\/wp-json\/wp\/v2\/pages"}],"about":[{"href":"https:\/\/www.eldo.com\/guide\/wp-json\/wp\/v2\/types\/page"}],"author":[{"embeddable":true,"href":"https:\/\/www.eldo.com\/guide\/wp-json\/wp\/v2\/users\/5"}],"replies":[{"embeddable":true,"href":"https:\/\/www.eldo.com\/guide\/wp-json\/wp\/v2\/comments?post=6794"}],"version-history":[{"count":13,"href":"https:\/\/www.eldo.com\/guide\/wp-json\/wp\/v2\/pages\/6794\/revisions"}],"predecessor-version":[{"id":10117,"href":"https:\/\/www.eldo.com\/guide\/wp-json\/wp\/v2\/pages\/6794\/revisions\/10117"}],"up":[{"embeddable":true,"href":"https:\/\/www.eldo.com\/guide\/wp-json\/wp\/v2\/pages\/6776"}],"wp:featuredmedia":[{"embeddable":true,"href":"https:\/\/www.eldo.com\/guide\/wp-json\/wp\/v2\/media\/6797"}],"wp:attachment":[{"href":"https:\/\/www.eldo.com\/guide\/wp-json\/wp\/v2\/media?parent=6794"}],"wp:term":[{"taxonomy":"page_tags","embeddable":true,"href":"https:\/\/www.eldo.com\/guide\/wp-json\/wp\/v2\/page_tags?post=6794"}],"curies":[{"name":"wp","href":"https:\/\/api.w.org\/{rel}","templated":true}]}}