{"id":6763,"date":"2022-01-26T16:38:07","date_gmt":"2022-01-26T16:38:07","guid":{"rendered":"https:\/\/www.eldo.com\/guide\/?page_id=6763"},"modified":"2023-11-29T10:03:13","modified_gmt":"2023-11-29T10:03:13","slug":"quelle-est-la-difference-entre-une-pergola-adossee-et-une-pergola-autoportante%e2%80%89","status":"publish","type":"page","link":"https:\/\/www.eldo.com\/guide\/pergola\/modele\/adossee-vs-autoportee","title":{"rendered":"Quelle est la diff\u00e9rence entre une pergola adoss\u00e9e et une pergola autoportante\u2009?"},"content":{"rendered":"<section class=\"l-section wpb_row us_custom_e4eb24e1 height_auto width_full with_overlay\"><div class=\"l-section-overlay\" style=\"background: #ffffff\"><\/div><div class=\"l-section-h i-cf\"><div class=\"g-cols vc_row type_boxes valign_middle gap-10px\"><style>.g-cols.gap-10px{margin:0 -10px}.gap-10px > .vc_column_container {padding:10px}<\/style><div class=\"vc_col-sm-12 wpb_column vc_column_container has-fill has_text_color\"><div class=\"vc_column-inner us_custom_1b9ef407\"><div class=\"wpb_wrapper\"><div class=\"wpb_text_column us_custom_cef92e06 has_text_color\" ><div class=\"wpb_wrapper\"><h1 style=\"text-align: center;\"><span style=\"font-weight: 400;\">Quelle est la diff\u00e9rence entre une pergola adoss\u00e9e et une pergola autoportante\u2009?<\/span><\/h1>\n<\/div><\/div><div class=\"w-separator size_medium\"><\/div><ol class=\"g-breadcrumbs us_custom_cef92e06 separator_icon align_left has_text_color\"><li class=\"g-breadcrumbs-item\"><a href=\"https:\/\/www.eldo.com\/guide\/\">Guides travaux<\/a><meta content=\"1\"\/><\/li><li class=\"g-breadcrumbs-separator\"><i class=\"far fa-angle-right\"><\/i><\/li><li class=\"g-breadcrumbs-item\">Pages<\/li><\/ol><\/div><\/div><\/div><div class=\"vc_col-sm-12 wpb_column vc_column_container\"><div class=\"vc_column-inner\"><div class=\"wpb_wrapper\"><div class=\"wpb_text_column us_custom_ae99f6aa has_text_color\" ><div class=\"wpb_wrapper\">\n<\/div><\/div><div class=\"wpb_text_column us_custom_ae99f6aa has_text_color\" ><div class=\"wpb_wrapper\"><p><span style=\"font-weight: 400;\">Pour redynamiser votre ext\u00e9rieur et plus profiter de la v\u00e9randa ou de la terrasse de votre maison, il vous faut une pergola. La pergola vous offre un espace de vie, chaleureux et esth\u00e9tique. Elle peut vous servir d\u2019abri de terrasse, de tente de r\u00e9ception ou de salon de jardin selon sa structure. On distingue particuli\u00e8rement la pergola adoss\u00e9e et la pergola <a href=\"https:\/\/www.eldo.com\/guide\/pergola\/modele\/autoporte\">autoportante<\/a>. Quelle est la diff\u00e9rence entre ces deux types de produits\u2009?<\/span><\/p>\n<\/div><\/div><div class=\"w-separator size_medium\"><\/div><div class=\"w-image align_center\"><div class=\"w-image-h\"><img width=\"512\" height=\"342\" src=\"https:\/\/www.eldo.com\/guide\/wp-content\/uploads\/2022\/01\/ootravaux-pergola-autoportee-prix_1000x667.jpg\" class=\"attachment-large size-large\" alt=\"\" srcset=\"https:\/\/www.eldo.com\/guide\/wp-content\/uploads\/2022\/01\/ootravaux-pergola-autoportee-prix_1000x667.jpg 512w, https:\/\/www.eldo.com\/guide\/wp-content\/uploads\/2022\/01\/ootravaux-pergola-autoportee-prix_1000x667-300x200.jpg 300w, https:\/\/www.eldo.com\/guide\/wp-content\/uploads\/2022\/01\/ootravaux-pergola-autoportee-prix_1000x667-600x400.jpg 600w, https:\/\/www.eldo.com\/guide\/wp-content\/uploads\/2022\/01\/ootravaux-pergola-autoportee-prix_1000x667-800x534.jpg 800w\" sizes=\"(max-width: 512px) 100vw, 512px\" \/><\/div><\/div><\/div><\/div><\/div><\/div><\/div><\/section><section class=\"l-section wpb_row height_auto width_full with_overlay\"><div class=\"l-section-overlay\" style=\"background: #ffffff\"><\/div><div class=\"l-section-h i-cf\"><div class=\"g-cols vc_row type_boxes valign_middle gap-10px\"><style>.g-cols.gap-10px{margin:0 -10px}.gap-10px > .vc_column_container {padding:10px}<\/style><div class=\"vc_col-sm-12 wpb_column vc_column_container has-fill\"><div class=\"vc_column-inner us_custom_4fb9e5a3\"><div class=\"wpb_wrapper\"><div \" class=\"faq_question_container\"><h2 class=\"faq_question_title\">Que choisir entre une pergola adoss\u00e9e et une pergola autoport\u00e9e\u2009?<\/h2><div class=\"faq_question_content\"><p><span style=\"font-weight: 400;\">La pergola adoss\u00e9e et la pergola autoport\u00e9e sont des pergolas qui ont chacun des avantages et des inconv\u00e9nients. Quel choix faire entre ces deux types de pergolas\u2009?<\/span><\/p>\n<h3><span style=\"font-weight: 400;\">Qu\u2019est-ce qu\u2019une pergola adoss\u00e9e ?<\/span><\/h3>\n<p><span style=\"font-weight: 400;\">La pergola adoss\u00e9e ou pergola murale est une pergola qui, comme son nom l\u2019indique, est adoss\u00e9e au mur. Elle a pour support l\u2019un des murs de fa\u00e7ade de la maison. Elle est dispos\u00e9e de telle sorte que l\u2019un de ses c\u00f4t\u00e9s est fix\u00e9 deux fois contre le mur. L\u2019autre c\u00f4t\u00e9 lui servant de support est soutenu par deux poteaux fix\u00e9s au sol \u00e0 chaque extr\u00e9mit\u00e9 du c\u00f4t\u00e9.<\/span><\/p>\n<p><span style=\"font-weight: 400;\">Sa structure permet de faire un prolongement ou une extension de la maison, de l\u2019int\u00e9rieur vers l\u2019ext\u00e9rieur. Les pergolas adoss\u00e9es ou murales ont une large superficie couvrant au minimum celles de vos terrasses ou de vos v\u00e9randas. Cet am\u00e9nagement ext\u00e9rieur permet de vous prot\u00e9ger contre les intemp\u00e9ries en toute saison. La pergola adoss\u00e9e vous revient g\u00e9n\u00e9ralement moins cher, car son installation est facile.<img class=\" wp-image-6767 alignleft\" src=\"https:\/\/www.eldo.com\/guide\/wp-content\/uploads\/2022\/01\/pergola-adossee-aluminium-polycarbonate-odessa-108m-4-300x206.jpg\" alt=\"\" width=\"283\" height=\"194\" srcset=\"https:\/\/www.eldo.com\/guide\/wp-content\/uploads\/2022\/01\/pergola-adossee-aluminium-polycarbonate-odessa-108m-4-300x206.jpg 300w, https:\/\/www.eldo.com\/guide\/wp-content\/uploads\/2022\/01\/pergola-adossee-aluminium-polycarbonate-odessa-108m-4-581x400.jpg 581w, https:\/\/www.eldo.com\/guide\/wp-content\/uploads\/2022\/01\/pergola-adossee-aluminium-polycarbonate-odessa-108m-4.jpg 512w\" sizes=\"(max-width: 283px) 100vw, 283px\" \/><\/span><\/p>\n<p><span style=\"font-weight: 400;\">Par ailleurs, il est possible de rendre <a href=\"https:\/\/www.eldo.com\/guide\/pergola\/modele\/bioclimatique\">bioclimatique<\/a> votre pergola en la customisant avec des lames orientables sur la toiture. La pergola \u00e0 lames orientables est motoris\u00e9e. Munie de t\u00e9l\u00e9commande, elle est imperm\u00e9able en cas de pluie.\u00a0<\/span><\/p>\n<p><span style=\"font-weight: 400;\">Les pergolas sont consid\u00e9r\u00e9es comme des abris et ont pour but de vous prot\u00e9ger du soleil et des vents violents. Vous pouvez \u00e9galement ajouter certaines options \u00e0 votre pergola bioclimatique comme des lampes LED, des stores et rideaux zip pour vous prot\u00e9ger des regards indiscrets, etc.\u00a0<\/span><\/p>\n<p><span style=\"font-weight: 400;\">En effet, la pergola adoss\u00e9e bioclimatique est pratique, quelles que soient les conditions climatiques. Elle vous permet de vous abriter de la neige, tout en profitant de votre ext\u00e9rieur en hiver. Dispos\u00e9 tel un auvent, il permet de r\u00e9guler la temp\u00e9rature selon l\u2019intensit\u00e9 des rayons du soleil. Elle procure \u00e0 votre maison une plus-value non n\u00e9gligeable.<\/span><\/p>\n<h3><span style=\"font-weight: 400;\">Qu\u2019est-ce qu\u2019une pergola autoport\u00e9e\u2009?<\/span><\/h3>\n<p><span style=\"font-weight: 400;\">La pergola autoport\u00e9e ou autoportante est avant tout une pergola autonome et ind\u00e9pendante. Elle est de nature ind\u00e9pendante, car sa structure ne lui permet pas d\u2019\u00eatre rattach\u00e9e \u00e0 quoi que ce soit. Elle est install\u00e9e dans des endroits comme le jardin, au bord de la piscine ou sur un espace ext\u00e9rieur isol\u00e9 de la maison.<\/span><\/p>\n<p><span style=\"font-weight: 400;\">La pergola autoportante est support\u00e9e par 4 poteaux plac\u00e9s aux 4 extr\u00e9mit\u00e9s. L\u2019installation des pergolas autoport\u00e9es n\u00e9cessite la pr\u00e9paration d\u2019un sol plat. Il est conseill\u00e9 que l\u2019\u00e9tude du sol soit faite par un professionnel comp\u00e9tent pour que l\u2019installation soit r\u00e9sistante. Du fait de toutes les formalit\u00e9s \u00e0 respecter pour installer une pergola autoportante, le co\u00fbt de son installation revient plus cher que celui d\u2019une pergola adoss\u00e9e.<\/span><\/p>\n<p><span style=\"font-weight: 400;\">Par ailleurs, vous pouvez \u00e9galement faire installer une pergola autoportante bioclimatique vous permettant de profiter plus de vos repas avec vos convives ou votre famille. Quel que soit le temps qu\u2019il fait, sous la pergola, vous jouissez d\u2019un espace d\u00e9tente. <img class=\" wp-image-6765 alignright\" src=\"https:\/\/www.eldo.com\/guide\/wp-content\/uploads\/2022\/01\/AnyConv.com__images-5.jpg\" alt=\"\" width=\"280\" height=\"192\" \/><\/span><\/p>\n<p><span style=\"font-weight: 400;\">Il est important de savoir que la pergola bioclimatique autoport\u00e9e est munie de lames orientables sur la toiture vous permettant de r\u00e9guler la temp\u00e9rature \u00e0 votre guise. Comme pour la pergola adoss\u00e9e, vous pouvez l\u2019\u00e9quiper de certaines options telles que le rideau zip pour vous mettre \u00e0 l\u2019abri des regards indiscrets et les lampes LED, etc.\u00a0<\/span><\/p>\n<p><span style=\"font-weight: 400;\">Ces options augmentent votre s\u00e9curit\u00e9 contre les intemp\u00e9ries et les insectes. Elles vous assurent \u00e9galement une bonne luminosit\u00e9 de fa\u00e7on permanente, quel que soit l\u2019aspect des lames.<\/span><\/p>\n<p><span style=\"font-weight: 400;\">Sa structure en aluminium parfois vous permet d\u2019\u00eatre \u00e0 l\u2019abri de la pluie, des intemp\u00e9ries. Vous b\u00e9n\u00e9ficiez aussi d\u2019une protection contre le soleil.\u00a0<\/span><\/p>\n<p><span style=\"font-weight: 400;\">Les pergolas sont d\u00e9montables et r\u00e9tractables. Elles vous permettent d\u2019avoir de la ventilation naturelle et de profiter de bons moments de d\u00e9tente.<\/span><\/p>\n<h3><span style=\"font-weight: 400;\">Quel mat\u00e9riau choisir pour sa pergola\u2009?<\/span><\/h3>\n<p><span style=\"font-weight: 400;\">Il existe plusieurs types de pergolas selon les mat\u00e9riaux de votre choix. En effet, il y a la pergola en bois, la pergola en fer, la pergola en fer forg\u00e9. On distingue aussi la pergola avec armature en acier et la pergola en aluminium.<\/span><\/p>\n<p><span style=\"font-weight: 400;\">Cependant, le mat\u00e9riau le plus conseill\u00e9 pour une pergola est l\u2019aluminium. Celui-ci se distingue des autres mat\u00e9riaux par sa l\u00e9g\u00e8ret\u00e9, sa solidit\u00e9, sa durabilit\u00e9 et sa r\u00e9sistance face aux al\u00e9as climatiques. Il est insensible \u00e0 la rouille et ne n\u00e9cessite pas beaucoup d\u2019efforts pour \u00eatre entretenu.\u00a0<\/span><\/p>\n<p><span style=\"font-weight: 400;\">De plus, il conf\u00e8re \u00e0 votre pergola un design contemporain et sophistiqu\u00e9. Notez que l\u2019aluminium reste le mat\u00e9riau le plus cher du march\u00e9, mais le plus r\u00e9sistant tout de m\u00eame.<\/span><\/p>\n<\/div><\/div><div class=\"w-separator size_medium\"><\/div><div class=\"w-btn-wrapper width_auto align_center\"><a class=\"w-btn us-btn-style_2\" title=\"Demander un devis\" href=\"https:\/\/devis.eldo.com\/pergola-new\/france?utm_source=gmb&amp;utm_medium=SEO&amp;utm_campaign=pergola-modele-adossee-vs-autoportee\"><span class=\"w-btn-label\">Demander un devis<\/span><\/a><\/div><div class=\"w-separator size_medium\"><\/div><div class=\"w-image align_center\"><div class=\"w-image-h\"><img width=\"512\" height=\"512\" src=\"https:\/\/www.eldo.com\/guide\/wp-content\/uploads\/2022\/01\/pergola-architect-thermotop-autoportee-en-aluminium.jpg\" class=\"attachment-large size-large\" alt=\"\" srcset=\"https:\/\/www.eldo.com\/guide\/wp-content\/uploads\/2022\/01\/pergola-architect-thermotop-autoportee-en-aluminium.jpg 512w, https:\/\/www.eldo.com\/guide\/wp-content\/uploads\/2022\/01\/pergola-architect-thermotop-autoportee-en-aluminium-300x300.jpg 300w, https:\/\/www.eldo.com\/guide\/wp-content\/uploads\/2022\/01\/pergola-architect-thermotop-autoportee-en-aluminium-150x150.jpg 150w, https:\/\/www.eldo.com\/guide\/wp-content\/uploads\/2022\/01\/pergola-architect-thermotop-autoportee-en-aluminium-400x400.jpg 400w, https:\/\/www.eldo.com\/guide\/wp-content\/uploads\/2022\/01\/pergola-architect-thermotop-autoportee-en-aluminium-600x600.jpg 600w\" sizes=\"(max-width: 512px) 100vw, 512px\" \/><\/div><\/div><div class=\"w-separator size_medium\"><\/div><div \" class=\"faq_question_container\"><h2 class=\"faq_question_title\">Pourquoi faire installer une pergola bioclimatique par un professionnel\u2009?<\/h2><div class=\"faq_question_content\"><p><span style=\"font-weight: 400;\">Construire une pergola peut se faire par soi-m\u00eame ou par un professionnel exp\u00e9riment\u00e9. En effet, si vous \u00eates bricoleur et vous aimez tout faire par vous-m\u00eame, vous pouvez installer votre pergola. Pour cela, il suffit de suivre les instructions donn\u00e9es dans le guide d\u2019utilisation \u00e0 l\u2019achat.<\/span><\/p>\n<p><span style=\"font-weight: 400;\">Cependant, il est plus conseill\u00e9 de confier l\u2019installation de sa pergola \u00e0 un professionnel exp\u00e9riment\u00e9. En effet, lorsqu\u2019un professionnel vous installe votre pergola, il s\u2019assure que vous ayez une pergola bioclimatique sur mesure.\u00a0<\/span><\/p>\n<p><span style=\"font-weight: 400;\">Le professionnel s\u2019assure que la pergola vous apporte en m\u00eame temps, protection et confort. Il pr\u00e9pare le sol pour que la construction soit r\u00e9sistante contre les intemp\u00e9ries et pour que vous soyez \u00e0 l\u2019abri du soleil.<\/span><\/p>\n<p><span style=\"font-weight: 400;\">Vu la nature bioclimatique de la pergola, le professionnel s\u2019assure que les lames orientables soient de bonne qualit\u00e9. Il veille \u00e0 ce qu\u2019elles soient plac\u00e9es en respectant les dimensions ad\u00e9quates pr\u00e9alablement s\u00e9lectionn\u00e9es. Les professionnels ex\u00e9cutent un travail de qualit\u00e9, tout en respectant votre budget.\u00a0<\/span><\/p>\n<p><span style=\"font-weight: 400;\">L\u2019installation de la pergola par un professionnel vous offre des garanties concernant la qualit\u00e9 de l\u2019installation. En d\u2019autres termes, vous aurez la possibilit\u00e9 de faire une r\u00e9clamation si vous constatez un dysfonctionnement dans l\u2019installation de votre pergola.\u00a0<\/span><\/p>\n<p><span style=\"font-weight: 400;\">Si vous remarquez la d\u00e9t\u00e9rioration d\u2019un des composants de la pergola, vous pouvez faire une r\u00e9clamation. Cette r\u00e9clamation ne peut \u00eatre faite que durant une p\u00e9riode pr\u00e9d\u00e9finie au moment de l\u2019installation.<\/span><\/p>\n<p><span style=\"font-weight: 400;\">Par ailleurs, l\u2019installation de votre pergola bioclimatique par un sp\u00e9cialiste vous permet de b\u00e9n\u00e9ficier de subventions de l\u2019\u00c9tat. Ce qui ne sera pas possible en l\u2019absence d\u2019une facture de professionnel.<\/span><\/p>\n<\/div><\/div><div class=\"w-separator size_medium\"><\/div><div class=\"w-btn-wrapper width_auto align_center\"><a class=\"w-btn us-btn-style_2\" title=\"Demander un devis\" href=\"https:\/\/devis.eldo.com\/pergola-new\/france?utm_source=gmb&amp;utm_medium=SEO&amp;utm_campaign=pergola-modele-adossee-vs-autoportee\"><span class=\"w-btn-label\">Expliquer mon projet<\/span><\/a><\/div><\/div><\/div><\/div><\/div><\/div><\/section><section class=\"l-section wpb_row height_medium\"><div class=\"l-section-h i-cf\"><div class=\"g-cols vc_row type_default valign_top\"><div class=\"vc_col-sm-12 wpb_column vc_column_container\"><div class=\"vc_column-inner\"><div class=\"wpb_wrapper\"><div class=\"w-grid type_grid layout_portfolio_3 cols_2 valign_center ratio_1x1\" id=\"us_grid_1\"><style id=\"us_grid_1_css\">#us_grid_1 .w-grid-item{padding:1.5rem}#us_grid_1 .w-grid-list{margin:-1.5rem}.w-grid + #us_grid_1 .w-grid-list{margin-top:1.5rem}@media (max-width:599px){#us_grid_1 .w-grid-list{margin:0}#us_grid_1 .w-grid-item{width:100.0000%;padding:0;margin-bottom:1.5rem}}<\/style><style>.layout_portfolio_3 .w-grid-item-h:before{padding-bottom:100.0000%}@media (min-width:600px){.layout_portfolio_3 .w-grid-item.size_1x2 .w-grid-item-h:before{padding-bottom:calc(200.0000% + 1.5rem + 1.5rem)}.layout_portfolio_3 .w-grid-item.size_2x1 .w-grid-item-h:before{padding-bottom:calc(50.0000% - 1.5rem * 1.0000)}.layout_portfolio_3 .w-grid-item.size_2x2 .w-grid-item-h:before{padding-bottom:calc(100.0000% - 1.5rem * 0)}}.layout_portfolio_3 .w-grid-item-h{}.layout_portfolio_3 .usg_post_image_1{transition-duration:0.4s;transform-origin:50% 50%;transform:scale(1) translate(0,0);opacity:0.25}.layout_portfolio_3 .w-grid-item-h:hover .usg_post_image_1{transform:scale(1) translate(0,0);opacity:1}.layout_portfolio_3 .usg_post_title_1{transition-duration:0.3s;transform-origin:50% 50%;transform:scale(1) translate(0,0)}.layout_portfolio_3 .w-grid-item-h:hover .usg_post_title_1{transform:scale(1) translate(0,-100%);opacity:0}.layout_portfolio_3 .usg_post_taxonomy_1{transition-duration:0.3s;transform-origin:50% 50%;transform:scale(1) translate(0,0)}.layout_portfolio_3 .w-grid-item-h:hover .usg_post_taxonomy_1{transform:scale(1) translate(0,100%);opacity:0}.layout_portfolio_3 .usg_post_image_1{position:absolute!important;top:0!important;right:0!important;bottom:0!important;left:0!important}.layout_portfolio_3 .usg_vwrapper_1{position:absolute!important;top:0!important;right:0!important;bottom:0!important;left:0!important;padding:2rem!important}.layout_portfolio_3 .usg_post_title_1{color:inherit!important;font-size:1.4rem!important}<\/style><div class=\"w-grid-list\" >\t<article class=\"w-grid-item size_1x1 post-6754 page type-page status-publish has-post-thumbnail hentry\" data-id=\"6754\">\r\n\t\t<div class=\"w-grid-item-h\">\r\n\t\t\t\t\t\t\t<a class=\"w-grid-item-anchor\" href=\"https:\/\/www.eldo.com\/guide\/pergola\/modele\/autoporte\" rel=\"bookmark\" aria-label=\"Pergola autoport\u00e9e\"><\/a>\r\n\t\t\t\t\t\t<div class=\"w-post-elm post_image usg_post_image_1 stretched\"><img width=\"512\" height=\"347\" src=\"https:\/\/www.eldo.com\/guide\/wp-content\/uploads\/2022\/02\/istockphoto-993741410-612x612-1.jpg\" class=\"attachment-large size-large wp-post-image\" alt=\"\" srcset=\"https:\/\/www.eldo.com\/guide\/wp-content\/uploads\/2022\/02\/istockphoto-993741410-612x612-1.jpg 512w, https:\/\/www.eldo.com\/guide\/wp-content\/uploads\/2022\/02\/istockphoto-993741410-612x612-1-300x203.jpg 300w, https:\/\/www.eldo.com\/guide\/wp-content\/uploads\/2022\/02\/istockphoto-993741410-612x612-1-590x400.jpg 590w\" sizes=\"(max-width: 512px) 100vw, 512px\" \/><\/div><div class=\"w-vwrapper usg_vwrapper_1 align_center valign_middle\"><h2 class=\"w-post-elm post_title usg_post_title_1 entry-title color_link_inherit has_text_color\">Pergola autoport\u00e9e<\/h2><\/div>\t\t<\/div>\r\n\t<\/article>\r\n\t<article class=\"w-grid-item size_1x1 post-6716 page type-page status-publish has-post-thumbnail hentry\" data-id=\"6716\">\r\n\t\t<div class=\"w-grid-item-h\">\r\n\t\t\t\t\t\t\t<a class=\"w-grid-item-anchor\" href=\"https:\/\/www.eldo.com\/guide\/pergola\/modele\/bioclimatique\" rel=\"bookmark\" aria-label=\"Pergola bioclimatique\"><\/a>\r\n\t\t\t\t\t\t<div class=\"w-post-elm post_image usg_post_image_1 stretched\"><img width=\"512\" height=\"341\" src=\"https:\/\/www.eldo.com\/guide\/wp-content\/uploads\/2022\/02\/istockphoto-1027097284-612x612-1.jpg\" class=\"attachment-large size-large wp-post-image\" alt=\"\" srcset=\"https:\/\/www.eldo.com\/guide\/wp-content\/uploads\/2022\/02\/istockphoto-1027097284-612x612-1.jpg 512w, https:\/\/www.eldo.com\/guide\/wp-content\/uploads\/2022\/02\/istockphoto-1027097284-612x612-1-300x200.jpg 300w, https:\/\/www.eldo.com\/guide\/wp-content\/uploads\/2022\/02\/istockphoto-1027097284-612x612-1-600x400.jpg 600w\" sizes=\"(max-width: 512px) 100vw, 512px\" \/><\/div><div class=\"w-vwrapper usg_vwrapper_1 align_center valign_middle\"><h2 class=\"w-post-elm post_title usg_post_title_1 entry-title color_link_inherit has_text_color\">Pergola bioclimatique<\/h2><\/div>\t\t<\/div>\r\n\t<\/article>\r\n<\/div><div class=\"w-grid-preloader\"><div class=\"g-preloader type_1\">\r\n\t<div><\/div>\r\n<\/div>\r\n<\/div>\t<div class=\"w-grid-json hidden\" onclick='return {&quot;action&quot;:&quot;us_ajax_grid&quot;,&quot;ajax_url&quot;:&quot;https:\\\/\\\/www.eldo.com\\\/guide\\\/wp-admin\\\/admin-ajax.php&quot;,&quot;infinite_scroll&quot;:0,&quot;max_num_pages&quot;:1,&quot;pagination&quot;:&quot;none&quot;,&quot;permalink_url&quot;:&quot;https:\\\/\\\/www.eldo.com\\\/guide\\\/wp-json\\\/wp\\\/v2\\\/pages\\\/6763&quot;,&quot;template_vars&quot;:{&quot;columns&quot;:&quot;2&quot;,&quot;exclude_items&quot;:&quot;none&quot;,&quot;img_size&quot;:&quot;default&quot;,&quot;ignore_items_size&quot;:false,&quot;items_layout&quot;:&quot;portfolio_3&quot;,&quot;items_offset&quot;:&quot;1&quot;,&quot;load_animation&quot;:&quot;none&quot;,&quot;overriding_link&quot;:&quot;post&quot;,&quot;post_id&quot;:6763,&quot;query_args&quot;:{&quot;ignore_sticky_posts&quot;:1,&quot;post_type&quot;:&quot;any&quot;,&quot;post__in&quot;:[&quot;6754&quot;,&quot;6716&quot;],&quot;posts_per_page&quot;:&quot;10&quot;},&quot;orderby_query_args&quot;:{&quot;orderby&quot;:{&quot;date&quot;:&quot;DESC&quot;}},&quot;type&quot;:&quot;grid&quot;,&quot;us_grid_ajax_index&quot;:1,&quot;us_grid_filter_params&quot;:null,&quot;us_grid_index&quot;:1,&quot;_us_grid_post_type&quot;:&quot;ids&quot;}}'><\/div>\r\n\t<\/div><\/div><\/div><\/div><\/div><\/div><\/section><section class=\"l-section wpb_row us_custom_e91755c2 height_auto width_full with_overlay\"><div class=\"l-section-overlay\" style=\"background: #ebebeb\"><\/div><div class=\"l-section-h i-cf\"><div class=\"g-cols vc_row type_boxes valign_middle\"><div class=\"vc_col-sm-12 wpb_column vc_column_container has-fill\"><div class=\"vc_column-inner us_custom_743acecb\"><div class=\"wpb_wrapper\"><p class=\"w-itext us_custom_6df4bc3a type_typingChars align_center\" onclick='return {&quot;duration&quot;:300,&quot;delay&quot;:2000,&quot;disablePartAnimation&quot;:false,&quot;dynamicColor&quot;:&quot;#ffffff&quot;,&quot;html_nbsp_char&quot;:true}'>Je\u00a0cherche\u00a0un\u00a0pro\u00a0\u00e0\u00a0<span class=\"w-itext-part changesat_0 changesat_1 changesat_2 changesat_3 changesat_4 dynamic\" style=\"color:#ffffff\" onclick='return [&quot;Bordeaux&quot;,&quot;Toulouse&quot;,&quot;Paris&quot;,&quot;Nantes&quot;,&quot;Marseille&quot;]'><span>Bordeaux<\/span><i class=\"w-itext-cursor\"><\/i><\/span><\/p><div class=\"w-separator size_small\"><\/div><div class=\"w-btn-wrapper width_auto align_center\"><a class=\"w-btn us-btn-style_2\" title=\"Demander un devis\" href=\"https:\/\/devis.eldo.com\/pergola-new\/france?utm_source=gmb&amp;utm_medium=SEO&amp;utm_campaign=pergola-modele-adossee-vs-autoportee\"><span class=\"w-btn-label\">Trouver un pro de confiance<\/span><\/a><\/div><\/div><\/div><\/div><\/div><\/div><\/section>\n","protected":false},"excerpt":{"rendered":"Pourquoi choisir une pergola bioclimatique\u00a0? Guides travauxPages Solution parfaite pour s\u2019abriter dans un jardin, la pergola est une alternative id\u00e9ale au parasol qui, au fil du temps, devient instable. En effet, pour s\u2019abriter dans le jardin lors des chaudes journ\u00e9es sans se cacher la vue, la pergola n\u2019est pas du tout encombrante. Murale ou adoss\u00e9e,...","protected":false},"author":5,"featured_media":6832,"parent":6771,"menu_order":0,"comment_status":"closed","ping_status":"closed","template":"","meta":[],"page_tags":[],"_links":{"self":[{"href":"https:\/\/www.eldo.com\/guide\/wp-json\/wp\/v2\/pages\/6763"}],"collection":[{"href":"https:\/\/www.eldo.com\/guide\/wp-json\/wp\/v2\/pages"}],"about":[{"href":"https:\/\/www.eldo.com\/guide\/wp-json\/wp\/v2\/types\/page"}],"author":[{"embeddable":true,"href":"https:\/\/www.eldo.com\/guide\/wp-json\/wp\/v2\/users\/5"}],"replies":[{"embeddable":true,"href":"https:\/\/www.eldo.com\/guide\/wp-json\/wp\/v2\/comments?post=6763"}],"version-history":[{"count":9,"href":"https:\/\/www.eldo.com\/guide\/wp-json\/wp\/v2\/pages\/6763\/revisions"}],"predecessor-version":[{"id":10687,"href":"https:\/\/www.eldo.com\/guide\/wp-json\/wp\/v2\/pages\/6763\/revisions\/10687"}],"up":[{"embeddable":true,"href":"https:\/\/www.eldo.com\/guide\/wp-json\/wp\/v2\/pages\/6771"}],"wp:featuredmedia":[{"embeddable":true,"href":"https:\/\/www.eldo.com\/guide\/wp-json\/wp\/v2\/media\/6832"}],"wp:attachment":[{"href":"https:\/\/www.eldo.com\/guide\/wp-json\/wp\/v2\/media?parent=6763"}],"wp:term":[{"taxonomy":"page_tags","embeddable":true,"href":"https:\/\/www.eldo.com\/guide\/wp-json\/wp\/v2\/page_tags?post=6763"}],"curies":[{"name":"wp","href":"https:\/\/api.w.org\/{rel}","templated":true}]}}