{"id":655,"date":"2020-08-06T14:51:13","date_gmt":"2020-08-06T14:51:13","guid":{"rendered":"https:\/\/www.eldo.com\/guide\/?page_id=655"},"modified":"2023-11-16T13:49:56","modified_gmt":"2023-11-16T13:49:56","slug":"devenir-proprietaire-sans-apport","status":"publish","type":"page","link":"https:\/\/www.eldo.com\/guide\/construction-de-maison-individuelle\/devenir-proprietaire-sans-apport\/","title":{"rendered":"Construire et devenir propri\u00e9taire sans apport"},"content":{"rendered":"<section class=\"l-section wpb_row us_custom_b51f0e30 height_auto width_full with_overlay\"><div class=\"l-section-overlay\" style=\"background: #ebebeb\"><\/div><div class=\"l-section-h i-cf\"><div class=\"g-cols vc_row type_boxes valign_middle\"><div class=\"vc_col-sm-12 wpb_column vc_column_container has-fill has_text_color\"><div class=\"vc_column-inner us_custom_17be3add\"><div class=\"wpb_wrapper\"><div class=\"wpb_text_column us_custom_2e587a18 has_text_color\" ><div class=\"wpb_wrapper\"><h1 class=\"page-merci-title\" style=\"text-align: center;\"><span data-sheets-value=\"{&quot;1&quot;:2,&quot;2&quot;:&quot;Comment construire et devenir propri\u00e9taire sans apport ?&quot;}\" data-sheets-userformat=\"{&quot;2&quot;:12416,&quot;10&quot;:2,&quot;15&quot;:&quot;Arial&quot;,&quot;16&quot;:11}\">Comment construire et devenir propri\u00e9taire sans apport ?<\/span><\/h1>\n<\/div><\/div><div class=\"w-separator size_medium\"><\/div><ol class=\"g-breadcrumbs us_custom_964c9e48 separator_icon align_left has_text_color\"><li class=\"g-breadcrumbs-item\"><a href=\"https:\/\/www.eldo.com\/guide\/\">Guides travaux<\/a><meta content=\"1\"\/><\/li><li class=\"g-breadcrumbs-separator\"><i class=\"far fa-angle-right\"><\/i><\/li><li class=\"g-breadcrumbs-item\">Pages<\/li><\/ol><\/div><\/div><\/div><\/div><\/div><\/section><section class=\"l-section wpb_row height_auto width_full\"><div class=\"l-section-h i-cf\"><div class=\"g-cols vc_row type_boxes valign_middle\"><div class=\"vc_col-sm-12 wpb_column vc_column_container has-fill\"><div class=\"vc_column-inner us_custom_4fb9e5a3\"><div class=\"wpb_wrapper\"><div class=\"wpb_text_column\" ><div class=\"wpb_wrapper\">\n<\/div><\/div><div class=\"w-video align_center ratio_16x9\"><div class=\"w-video-h\"><iframe src=\"\/\/www.youtube.com\/embed\/CyB9agky_Kg?autoplay=0&controls=0&origin=https%3A%2F%2Fwww.eldo.com%2Fguide\" allowfullscreen=\"1\"><\/iframe><\/div><div class=\"w-video-icon\" style=\"font-size:1.5rem;background:rgba(0,0,0,0.5);color:#fff;\"><\/div><\/div><\/div><\/div><\/div><\/div><\/div><\/section><section class=\"l-section wpb_row height_auto width_full\"><div class=\"l-section-h i-cf\"><div class=\"g-cols vc_row type_boxes valign_middle\"><div class=\"vc_col-sm-8 wpb_column vc_column_container\"><div class=\"vc_column-inner\"><div class=\"wpb_wrapper\"><div class=\"wpb_text_column\" ><div class=\"wpb_wrapper\"><div>\n<h2 class=\"page-merci-title QSN\">Emprunter au meilleur taux<\/h2>\n<div class=\"page-merci-text QSN\">Pour Laurent, il est tr\u00e8s avantageux de devenir propri\u00e9taire aujourd&rsquo;hui. La raison : tr\u00e8s faible taux actuels des cr\u00e9dits immobiliers. Le PTZ pour les primo acc\u00e9dants En 2017, l&rsquo;\u00e9tat poursuit sa politique d&rsquo;acc\u00e8s \u00e0 la propri\u00e9t\u00e9. Les primo-acc\u00e9dants peuvent ainsi b\u00e9n\u00e9ficier, sous condition de ressources, d&rsquo;un pr\u00eat \u00e0 taux 0 pour l&rsquo;acquisition de leur premier logement. Laurent confirme que de nombreux clients de la soci\u00e9t\u00e9 Oc R\u00e9sidences ont ainsi pu b\u00e9n\u00e9ficier d&rsquo;un PTZ de 80 000 euros \u00e0 0%. Une aide v\u00e9ritablement exceptionnelle pour franchier le cap du premier achat. Les cr\u00e9dits immobiliers classiques Aujourd&rsquo;hui, pour un emprunt sur 25 ans, il n&rsquo;est pas rare de profiter de taux inf\u00e9rieur \u00e0 2%. Par cons\u00e9quent, la mensualit\u00e9 de remboursement du cr\u00e9dit est \u00e9quivalente, voire inf\u00e9rieure \u00e0 un loyer mensuel. Laurent cite l&rsquo;exemple d&rsquo;une de ses clientes. Vivant seule avec deux enfants, elle a pu faire construire par Oc R\u00e9sidences une maison de 3 chambres avec garage pour une mensualit\u00e9 de 650 euros. Elle a ainsi pu devenir propri\u00e9taire de sa maison sans apport personnel et sans gr\u00e9ver son budget mensuel.<\/div>\n<\/div>\n<\/div><\/div><div class=\"w-btn-wrapper width_auto align_center\"><a class=\"w-btn us-btn-style_2\" title=\"Demander un devis\" target=\"_blank\" href=\"https:\/\/devis.eldo.com\/construction-de-maisons\/france?utm_source=SEO&amp;utm_medium=Guide&amp;utm_campaign=CMI-devenir-proprietaire-sans-apport\" rel=\"noopener\"><span class=\"w-btn-label\">Demander conseil<\/span><\/a><\/div><\/div><\/div><\/div><div class=\"vc_col-sm-4 wpb_column vc_column_container\"><div class=\"vc_column-inner\"><div class=\"wpb_wrapper\"><div class=\"w-image align_center\"><div class=\"w-image-h\"><img width=\"800\" height=\"533\" src=\"https:\/\/www.eldo.com\/guide\/wp-content\/uploads\/2020\/08\/emprunt-bancaire-1-800x533.jpg\" class=\"attachment-us_800_600 size-us_800_600\" alt=\"devenir propri\u00e9taire sans apport\" srcset=\"https:\/\/www.eldo.com\/guide\/wp-content\/uploads\/2020\/08\/emprunt-bancaire-1-800x533.jpg 800w, https:\/\/www.eldo.com\/guide\/wp-content\/uploads\/2020\/08\/emprunt-bancaire-1-300x200.jpg 300w, https:\/\/www.eldo.com\/guide\/wp-content\/uploads\/2020\/08\/emprunt-bancaire-1-1024x683.jpg 1024w, https:\/\/www.eldo.com\/guide\/wp-content\/uploads\/2020\/08\/emprunt-bancaire-1-600x400.jpg 600w, https:\/\/www.eldo.com\/guide\/wp-content\/uploads\/2020\/08\/emprunt-bancaire-1-scaled.jpg 512w\" sizes=\"(max-width: 800px) 100vw, 800px\" \/><\/div><\/div><\/div><\/div><\/div><\/div><\/div><\/section><section class=\"l-section wpb_row height_auto width_full\"><div class=\"l-section-h i-cf\"><div class=\"g-cols vc_row type_boxes valign_middle gap-10px\"><style>.g-cols.gap-10px{margin:0 -10px}.gap-10px > .vc_column_container {padding:10px}<\/style><div class=\"vc_col-sm-4 wpb_column vc_column_container\"><div class=\"vc_column-inner\"><div class=\"wpb_wrapper\"><div class=\"wpb_text_column us_custom_ae99f6aa has_text_color\" ><div class=\"wpb_wrapper\"><h2 class=\"page-merci-title QSN\">Diminuer le co\u00fbt du terrain<\/h2>\n<div class=\"page-merci-text QSN\">Deuxi\u00e8me condition : choisir un terrain viabilis\u00e9 au meilleur prix. Aujourd&rsquo;hui, Laurent constate qu&rsquo;il y a beaucoup de terrains disponibles sur Castres et alentours. On peut ainsi acqu\u00e9rir un terrain viabilis\u00e9 \u00e0 proximit\u00e9 du centre ville pour moins de 50 000 euros. Bien s\u00fbr, la r\u00e9gion de Castres n&rsquo;est pas la seule dans ce cas. Beaucoup de municipalit\u00e9s disposent \u00e9galement de terrains \u00e0 construire entre 500 et 1200 euros le m\u00b2. Pour les trouver, votre constructeur pourra bien s\u00fbr vous aider et vous apporter tous les conseils n\u00e9cessaires dans les diff\u00e9rentes\u00a0<a href=\"https:\/\/www.eldo.com\/guide\/construction-de-maison-individuelle\/les-etapes-d-un-projet-de-construction\/\" target=\"_blank\" rel=\"noopener noreferrer\">\u00e9tapes de votre projet de construction<\/a>.<\/div>\n<\/div><\/div><\/div><\/div><\/div><div class=\"vc_col-sm-8 wpb_column vc_column_container has-fill\"><div class=\"vc_column-inner us_custom_0d15be52\"><div class=\"wpb_wrapper\"><div class=\"wpb_text_column\" ><div class=\"wpb_wrapper\"><h2 class=\"page-merci-title QSN\">Choisir un constructeur s\u00e9rieux<\/h2>\n<div class=\"page-merci-text QSN\">La soci\u00e9t\u00e9 OC R\u00e9sidences s&rsquo;occupe de\u00a0<a href=\"https:\/\/www.eldo.com\/guide\/construction-de-maison-individuelle\/\" target=\"_blank\" rel=\"noopener noreferrer\">construction de maisons individuelles<\/a> depuis plus de 30 ans. Son savoir-faire et son exp\u00e9rience lui permettent d&rsquo;accompagner ses clients tout au long de leur projet. Et c&rsquo;est un imp\u00e9ratif : pour devenir propri\u00e9taire de sa maison sans aport personnel, mieux vaut avoir un dossier en b\u00e9ton ! Aide \u00e0 la recherche du terrain, r\u00e9alisation des plans de maison, montage des dossiers de financement&#8230; Le constructeur prend en charge le projet de A \u00e0 Z avec l&rsquo;aide du conducteur de travaux. La maison est livr\u00e9e cl\u00e9 en main, sans que le client ne soit oblig\u00e9 de s&rsquo;occuper du ma\u00e7on, du plombier etc. Il faudra environ 1 an pour voir le projet aboutir, un d\u00e9lai n\u00e9cessaire aux d\u00e9marches administratives et \u00e0 la r\u00e9alisation du chantier.<\/div>\n<div><\/div>\n<div class=\"page-merci-text QSN\">Pour \u00e9viter les mauvaises surprises, assurez-vous qu&rsquo;un prix ferme et d\u00e9finitif soit bloqu\u00e9 par le constructeur. De la m\u00eame mani\u00e8re, v\u00e9rifiez qu&rsquo;un d\u00e9lai a bien \u00e9t\u00e9 indiqu\u00e9 sur le <a href=\"https:\/\/www.eldo.com\/guide\/construction-de-maison-individuelle\/les-etapes-d-un-projet-de-construction\/contrat-ccmi\/\" target=\"_blank\" rel=\"noopener noreferrer\">contrat de construction (CCMI)<\/a>\u00a0: en cas de d\u00e9lais non tenus, le constructeur devra alors vous verser des p\u00e9nalit\u00e9s. Aujourd&rsquo;hui, l&rsquo;accession \u00e0 la propri\u00e9t\u00e9 n&rsquo;est plus r\u00e9serv\u00e9e aux m\u00e9nages ais\u00e9s disposant d&rsquo;un apport personnel important. Laurent a d\u00e9j\u00e0 construit des maisons pour des personnes \u00e2g\u00e9es de plus de 80 ans. A l&rsquo;inverse, il vient de construire une maison pour deux jeunes locataires de 23 ans. Quand ils ont compar\u00e9 l&rsquo;\u00e9cart entre leur loyer actuel et la mensualit\u00e9 du cr\u00e9dit, ils ont vite pris leur d\u00e9cision ! Avec un budget \u00e9quivalent, ils sont aujourd&rsquo;hui devenus propri\u00e9taires d&rsquo;une maison 4 chambres et garage !<\/div>\n<\/div><\/div><div class=\"w-btn-wrapper width_auto align_center\"><a class=\"w-btn us-btn-style_2\" title=\"Devis gratuit\" target=\"_blank\" href=\"https:\/\/devis.eldo.com\/construction-de-maisons\/france?utm_source=SEO&amp;utm_medium=Guide&amp;utm_campaign=CMI-devenir-proprietaire-sans-apport\" rel=\"noopener\"><span class=\"w-btn-label\">Demander un devis gratuit<\/span><\/a><\/div><\/div><\/div><\/div><\/div><\/div><\/section><section class=\"l-section wpb_row height_medium\"><div class=\"l-section-h i-cf\"><div class=\"g-cols vc_row type_default valign_top\"><div class=\"vc_col-sm-12 wpb_column vc_column_container\"><div class=\"vc_column-inner\"><div class=\"wpb_wrapper\"><div class=\"w-grid type_grid layout_331 cols_3 overflow_hidden\" id=\"us_grid_1\"><style id=\"us_grid_1_css\">#us_grid_1 .w-grid-item{padding:1.5rem}#us_grid_1 .w-grid-list{margin:-1.5rem}.w-grid + #us_grid_1 .w-grid-list{margin-top:1.5rem}@media (max-width:899px){#us_grid_1 .w-grid-item{width:50.0000%}}@media (max-width:599px){#us_grid_1 .w-grid-list{margin:0}#us_grid_1 .w-grid-item{width:100.0000%;padding:0;margin-bottom:1.5rem}}<\/style><style>.layout_331 .w-grid-item-h{}.layout_331 .usg_post_image_1{width:50%!important}.layout_331 .usg_vwrapper_1{width:50%!important;margin-right:0!important}.layout_331 .usg_post_title_1{color:#000000!important}@media (max-width:599px){.layout_331 .usg_post_title_1{font-size:1.2rem!important;margin-right:0!important;padding-bottom:0!important}}<\/style><div class=\"w-grid-list\" >\t<article class=\"w-grid-item size_1x1 post-639 page type-page status-publish has-post-thumbnail hentry\" data-id=\"639\">\r\n\t\t<div class=\"w-grid-item-h\">\r\n\t\t\t\t\t\t\t<a class=\"w-grid-item-anchor\" href=\"https:\/\/www.eldo.com\/guide\/construction-de-maison-individuelle\/les-etapes-d-un-projet-de-construction\/etude-et-travaux-sol\/\" rel=\"bookmark\" aria-label=\"Etude du sol et travaux d&rsquo;adaptation \u00e9ventuels\"><\/a>\r\n\t\t\t\t\t\t<div class=\"w-vwrapper usg_vwrapper_1 align_left valign_top\"><p class=\"w-post-elm post_title usg_post_title_1 align_center entry-title color_link_inherit has_text_color\"><a href=\"https:\/\/www.eldo.com\/guide\/construction-de-maison-individuelle\/les-etapes-d-un-projet-de-construction\/etude-et-travaux-sol\/\">Etude du sol et travaux d&rsquo;adaptation \u00e9ventuels<\/a><\/p><\/div><div class=\"w-hwrapper usg_hwrapper_1 align_left valign_top\"><div class=\"w-post-elm post_image usg_post_image_1 has_width has_ratio\"><div style=\"padding-bottom:100.0000%\"><\/div><a href=\"https:\/\/www.eldo.com\/guide\/construction-de-maison-individuelle\/les-etapes-d-un-projet-de-construction\/etude-et-travaux-sol\/\" aria-label=\"Etude du sol et travaux d&rsquo;adaptation \u00e9ventuels\"><img width=\"512\" height=\"343\" src=\"https:\/\/www.eldo.com\/guide\/wp-content\/uploads\/2020\/08\/pexels-pixabay-210617-scaled.jpg\" class=\"attachment-us_600_600_crop size-us_600_600_crop wp-post-image\" alt=\"maison\" srcset=\"https:\/\/www.eldo.com\/guide\/wp-content\/uploads\/2020\/08\/pexels-pixabay-210617-scaled.jpg 512w, https:\/\/www.eldo.com\/guide\/wp-content\/uploads\/2020\/08\/pexels-pixabay-210617-300x201.jpg 300w, https:\/\/www.eldo.com\/guide\/wp-content\/uploads\/2020\/08\/pexels-pixabay-210617-1024x686.jpg 1024w, https:\/\/www.eldo.com\/guide\/wp-content\/uploads\/2020\/08\/pexels-pixabay-210617-597x400.jpg 597w, https:\/\/www.eldo.com\/guide\/wp-content\/uploads\/2020\/08\/pexels-pixabay-210617-800x536.jpg 800w\" sizes=\"(max-width: 512px) 100vw, 512px\" \/><\/a><\/div><\/div>\t\t<\/div>\r\n\t<\/article>\r\n\t<article class=\"w-grid-item size_1x1 post-625 page type-page status-publish has-post-thumbnail hentry\" data-id=\"625\">\r\n\t\t<div class=\"w-grid-item-h\">\r\n\t\t\t\t\t\t\t<a class=\"w-grid-item-anchor\" href=\"https:\/\/www.eldo.com\/guide\/construction-de-maison-individuelle\/les-etapes-d-un-projet-de-construction\/assurance-dommage-ouvrage\/\" rel=\"bookmark\" aria-label=\"Assurance dommage-ouvrage\"><\/a>\r\n\t\t\t\t\t\t<div class=\"w-vwrapper usg_vwrapper_1 align_left valign_top\"><p class=\"w-post-elm post_title usg_post_title_1 align_center entry-title color_link_inherit has_text_color\"><a href=\"https:\/\/www.eldo.com\/guide\/construction-de-maison-individuelle\/les-etapes-d-un-projet-de-construction\/assurance-dommage-ouvrage\/\">Assurance dommage-ouvrage<\/a><\/p><\/div><div class=\"w-hwrapper usg_hwrapper_1 align_left valign_top\"><div class=\"w-post-elm post_image usg_post_image_1 has_width has_ratio\"><div style=\"padding-bottom:100.0000%\"><\/div><a href=\"https:\/\/www.eldo.com\/guide\/construction-de-maison-individuelle\/les-etapes-d-un-projet-de-construction\/assurance-dommage-ouvrage\/\" aria-label=\"Assurance dommage-ouvrage\"><img width=\"384\" height=\"512\" src=\"https:\/\/www.eldo.com\/guide\/wp-content\/uploads\/2020\/08\/pexels-julia-kuzenkov-1974596-scaled.jpg\" class=\"attachment-us_600_600_crop size-us_600_600_crop wp-post-image\" alt=\"maison moderne\" srcset=\"https:\/\/www.eldo.com\/guide\/wp-content\/uploads\/2020\/08\/pexels-julia-kuzenkov-1974596-scaled.jpg 384w, https:\/\/www.eldo.com\/guide\/wp-content\/uploads\/2020\/08\/pexels-julia-kuzenkov-1974596-225x300.jpg 225w, https:\/\/www.eldo.com\/guide\/wp-content\/uploads\/2020\/08\/pexels-julia-kuzenkov-1974596-768x1024.jpg 768w, https:\/\/www.eldo.com\/guide\/wp-content\/uploads\/2020\/08\/pexels-julia-kuzenkov-1974596-300x400.jpg 300w, https:\/\/www.eldo.com\/guide\/wp-content\/uploads\/2020\/08\/pexels-julia-kuzenkov-1974596-450x600.jpg 450w\" sizes=\"(max-width: 384px) 100vw, 384px\" \/><\/a><\/div><\/div>\t\t<\/div>\r\n\t<\/article>\r\n\t<article class=\"w-grid-item size_1x1 post-609 page type-page status-publish has-post-thumbnail hentry\" data-id=\"609\">\r\n\t\t<div class=\"w-grid-item-h\">\r\n\t\t\t\t\t\t\t<a class=\"w-grid-item-anchor\" href=\"https:\/\/www.eldo.com\/guide\/construction-de-maison-individuelle\/les-etapes-d-un-projet-de-construction\/contrat-ccmi\/\" rel=\"bookmark\" aria-label=\"Contrat de CCMI\"><\/a>\r\n\t\t\t\t\t\t<div class=\"w-vwrapper usg_vwrapper_1 align_left valign_top\"><p class=\"w-post-elm post_title usg_post_title_1 align_center entry-title color_link_inherit has_text_color\"><a href=\"https:\/\/www.eldo.com\/guide\/construction-de-maison-individuelle\/les-etapes-d-un-projet-de-construction\/contrat-ccmi\/\">Contrat de CCMI<\/a><\/p><\/div><div class=\"w-hwrapper usg_hwrapper_1 align_left valign_top\"><div class=\"w-post-elm post_image usg_post_image_1 has_width has_ratio\"><div style=\"padding-bottom:100.0000%\"><\/div><a href=\"https:\/\/www.eldo.com\/guide\/construction-de-maison-individuelle\/les-etapes-d-un-projet-de-construction\/contrat-ccmi\/\" aria-label=\"Contrat de CCMI\"><img width=\"512\" height=\"341\" src=\"https:\/\/www.eldo.com\/guide\/wp-content\/uploads\/2020\/08\/pexels-binyamin-mellish-1396122-scaled.jpg\" class=\"attachment-us_600_600_crop size-us_600_600_crop wp-post-image\" alt=\"\" srcset=\"https:\/\/www.eldo.com\/guide\/wp-content\/uploads\/2020\/08\/pexels-binyamin-mellish-1396122-scaled.jpg 512w, https:\/\/www.eldo.com\/guide\/wp-content\/uploads\/2020\/08\/pexels-binyamin-mellish-1396122-300x200.jpg 300w, https:\/\/www.eldo.com\/guide\/wp-content\/uploads\/2020\/08\/pexels-binyamin-mellish-1396122-1024x683.jpg 1024w\" sizes=\"(max-width: 512px) 100vw, 512px\" \/><\/a><\/div><\/div>\t\t<\/div>\r\n\t<\/article>\r\n\t<article class=\"w-grid-item size_1x1 post-591 page type-page status-publish has-post-thumbnail hentry\" data-id=\"591\">\r\n\t\t<div class=\"w-grid-item-h\">\r\n\t\t\t\t\t\t\t<a class=\"w-grid-item-anchor\" href=\"https:\/\/www.eldo.com\/guide\/construction-de-maison-individuelle\/\" rel=\"bookmark\" aria-label=\"Construction de maison individuelle\"><\/a>\r\n\t\t\t\t\t\t<div class=\"w-vwrapper usg_vwrapper_1 align_left valign_top\"><p class=\"w-post-elm post_title usg_post_title_1 align_center entry-title color_link_inherit has_text_color\"><a href=\"https:\/\/www.eldo.com\/guide\/construction-de-maison-individuelle\/\">Construction de maison individuelle<\/a><\/p><\/div><div class=\"w-hwrapper usg_hwrapper_1 align_left valign_top\"><div class=\"w-post-elm post_image usg_post_image_1 has_width has_ratio\"><div style=\"padding-bottom:100.0000%\"><\/div><a href=\"https:\/\/www.eldo.com\/guide\/construction-de-maison-individuelle\/\" aria-label=\"Construction de maison individuelle\"><img width=\"512\" height=\"371\" src=\"https:\/\/www.eldo.com\/guide\/wp-content\/uploads\/2020\/08\/pexels-expect-best-323775-1-scaled.jpg\" class=\"attachment-us_600_600_crop size-us_600_600_crop wp-post-image\" alt=\"Construction de maison individuelle\" srcset=\"https:\/\/www.eldo.com\/guide\/wp-content\/uploads\/2020\/08\/pexels-expect-best-323775-1-scaled.jpg 512w, https:\/\/www.eldo.com\/guide\/wp-content\/uploads\/2020\/08\/pexels-expect-best-323775-1-300x217.jpg 300w\" sizes=\"(max-width: 512px) 100vw, 512px\" \/><\/a><\/div><\/div>\t\t<\/div>\r\n\t<\/article>\r\n<\/div><div class=\"w-grid-preloader\"><div class=\"g-preloader type_1\">\r\n\t<div><\/div>\r\n<\/div>\r\n<\/div>\t<div class=\"w-grid-json hidden\" onclick='return {&quot;action&quot;:&quot;us_ajax_grid&quot;,&quot;ajax_url&quot;:&quot;https:\\\/\\\/www.eldo.com\\\/guide\\\/wp-admin\\\/admin-ajax.php&quot;,&quot;infinite_scroll&quot;:0,&quot;max_num_pages&quot;:1,&quot;pagination&quot;:&quot;none&quot;,&quot;permalink_url&quot;:&quot;https:\\\/\\\/www.eldo.com\\\/guide\\\/wp-json\\\/wp\\\/v2\\\/pages\\\/655&quot;,&quot;template_vars&quot;:{&quot;columns&quot;:&quot;3&quot;,&quot;exclude_items&quot;:&quot;none&quot;,&quot;img_size&quot;:&quot;default&quot;,&quot;ignore_items_size&quot;:false,&quot;items_layout&quot;:&quot;331&quot;,&quot;items_offset&quot;:&quot;1&quot;,&quot;load_animation&quot;:&quot;none&quot;,&quot;overriding_link&quot;:&quot;post&quot;,&quot;post_id&quot;:655,&quot;query_args&quot;:{&quot;ignore_sticky_posts&quot;:1,&quot;post_type&quot;:&quot;any&quot;,&quot;post__in&quot;:[&quot;591&quot;,&quot;625&quot;,&quot;609&quot;,&quot;639&quot;],&quot;posts_per_page&quot;:&quot;10&quot;},&quot;orderby_query_args&quot;:{&quot;orderby&quot;:{&quot;date&quot;:&quot;DESC&quot;}},&quot;type&quot;:&quot;grid&quot;,&quot;us_grid_ajax_index&quot;:1,&quot;us_grid_filter_params&quot;:null,&quot;us_grid_index&quot;:1,&quot;_us_grid_post_type&quot;:&quot;ids&quot;}}'><\/div>\r\n\t<\/div><\/div><\/div><\/div><\/div><\/div><\/section><section class=\"l-section wpb_row us_custom_e91755c2 height_auto width_full with_overlay\"><div class=\"l-section-overlay\" style=\"background: #ebebeb\"><\/div><div class=\"l-section-h i-cf\"><div class=\"g-cols vc_row type_boxes valign_middle\"><div class=\"vc_col-sm-12 wpb_column vc_column_container has-fill\"><div class=\"vc_column-inner us_custom_1c51da47\"><div class=\"wpb_wrapper\"><h2 class=\"w-itext us_custom_6df4bc3a type_typingChars align_center\" onclick='return {&quot;duration&quot;:300,&quot;delay&quot;:2000,&quot;disablePartAnimation&quot;:false,&quot;dynamicColor&quot;:&quot;#ffffff&quot;,&quot;html_nbsp_char&quot;:true}'>Je\u00a0cherche\u00a0un\u00a0pro\u00a0\u00e0\u00a0<span class=\"w-itext-part changesat_0 changesat_1 changesat_2 changesat_3 changesat_4 dynamic\" style=\"color:#ffffff\" onclick='return [&quot;Bordeaux&quot;,&quot;Toulouse&quot;,&quot;Paris&quot;,&quot;Nantes&quot;,&quot;Marseille&quot;]'><span>Bordeaux<\/span><i class=\"w-itext-cursor\"><\/i><\/span><\/h2><div class=\"w-separator size_medium\"><\/div><div class=\"w-btn-wrapper width_auto align_center\"><a class=\"w-btn us-btn-style_2\" title=\"Devis gratuit\" target=\"_blank\" href=\"https:\/\/devis.eldo.com\/construction-de-maisons\/france?utm_source=SEO&amp;utm_medium=Guide&amp;utm_campaign=CMI-devenir-proprietaire-sans-apport\" rel=\"noopener\"><span class=\"w-btn-label\">Expliquer mon projet<\/span><\/a><\/div><\/div><\/div><\/div><\/div><\/div><\/section>\n","protected":false},"excerpt":{"rendered":"Comment pr\u00e9parer son projet de construction de maison individuelle ? Guide complet : d\u00e9marche, contrat &amp; assurance Guides travauxPages Comment bien choisir un constructeur de maison ?Le m\u00e9tier \u00e9tant tr\u00e8s technique, et sachant que votre confort d\u00e9pendra de la qualit\u00e9 du travail accompli, il est imp\u00e9ratif que le professionnel en charge de votre projet soit...","protected":false},"author":1,"featured_media":659,"parent":591,"menu_order":0,"comment_status":"closed","ping_status":"closed","template":"","meta":[],"page_tags":[],"_links":{"self":[{"href":"https:\/\/www.eldo.com\/guide\/wp-json\/wp\/v2\/pages\/655"}],"collection":[{"href":"https:\/\/www.eldo.com\/guide\/wp-json\/wp\/v2\/pages"}],"about":[{"href":"https:\/\/www.eldo.com\/guide\/wp-json\/wp\/v2\/types\/page"}],"author":[{"embeddable":true,"href":"https:\/\/www.eldo.com\/guide\/wp-json\/wp\/v2\/users\/1"}],"replies":[{"embeddable":true,"href":"https:\/\/www.eldo.com\/guide\/wp-json\/wp\/v2\/comments?post=655"}],"version-history":[{"count":33,"href":"https:\/\/www.eldo.com\/guide\/wp-json\/wp\/v2\/pages\/655\/revisions"}],"predecessor-version":[{"id":10167,"href":"https:\/\/www.eldo.com\/guide\/wp-json\/wp\/v2\/pages\/655\/revisions\/10167"}],"up":[{"embeddable":true,"href":"https:\/\/www.eldo.com\/guide\/wp-json\/wp\/v2\/pages\/591"}],"wp:featuredmedia":[{"embeddable":true,"href":"https:\/\/www.eldo.com\/guide\/wp-json\/wp\/v2\/media\/659"}],"wp:attachment":[{"href":"https:\/\/www.eldo.com\/guide\/wp-json\/wp\/v2\/media?parent=655"}],"wp:term":[{"taxonomy":"page_tags","embeddable":true,"href":"https:\/\/www.eldo.com\/guide\/wp-json\/wp\/v2\/page_tags?post=655"}],"curies":[{"name":"wp","href":"https:\/\/api.w.org\/{rel}","templated":true}]}}