{"id":6448,"date":"2021-12-09T09:13:03","date_gmt":"2021-12-09T09:13:03","guid":{"rendered":"https:\/\/www.eldo.com\/guide\/?page_id=6448"},"modified":"2022-04-20T10:31:37","modified_gmt":"2022-04-20T10:31:37","slug":"comment-installer-des-sanitaires%e2%80%89","status":"publish","type":"page","link":"https:\/\/www.eldo.com\/guide\/salle-de-bain\/sanitaire","title":{"rendered":"Comment installer des sanitaires\u2009?"},"content":{"rendered":"<section class=\"l-section wpb_row us_custom_e4eb24e1 height_auto width_full with_overlay\"><div class=\"l-section-overlay\" style=\"background: #ebebeb\"><\/div><div class=\"l-section-h i-cf\"><div class=\"g-cols vc_row type_boxes valign_middle\"><div class=\"vc_col-sm-12 wpb_column vc_column_container has-fill has_text_color\"><div class=\"vc_column-inner us_custom_25c997e8\"><div class=\"wpb_wrapper\"><div class=\"wpb_text_column us_custom_cef92e06 has_text_color\" ><div class=\"wpb_wrapper\"><h1 style=\"text-align: center;\">Comment installer des sanitaires\u2009?<\/h1>\n<\/div><\/div><ol class=\"g-breadcrumbs us_custom_5bf94d65 separator_icon align_left has_text_color\"><li class=\"g-breadcrumbs-item\"><a href=\"https:\/\/www.eldo.com\/guide\/\">Eldo<\/a><meta content=\"1\"\/><\/li><li class=\"g-breadcrumbs-separator\"><i class=\"far fa-angle-right\"><\/i><\/li><li class=\"g-breadcrumbs-item\">Pages<\/li><\/ol><\/div><\/div><\/div><div class=\"vc_col-sm-12 wpb_column vc_column_container has-fill with_overlay\"><div class=\"vc_column-inner us_custom_e4eb24e1\"><div class=\"vc_column-overlay\" style=\"background:#fff\"><\/div><div class=\"wpb_wrapper\"><div class=\"wpb_text_column\" ><div class=\"wpb_wrapper\">\n<\/div><\/div><div class=\"w-separator size_medium\"><\/div><div class=\"wpb_text_column us_custom_ae99f6aa has_text_color\" ><div class=\"wpb_wrapper\"><p><span style=\"font-weight: 400;\">Le bon fonctionnement d\u2019une plomberie sanitaire se traduit par une bonne alimentation des \u00e9quipements sanitaires (lavabo, \u00e9vier, douche, toilettes, etc.). Il se traduit aussi par une meilleure \u00e9vacuation des eaux \u00e0 travers les diff\u00e9rentes canalisations d\u2019eau. Mais, avant d\u2019esp\u00e9rer obtenir cet \u00e9tat de fonctionnement, vous devez poss\u00e9der une installation sanitaire d\u00fbment r\u00e9alis\u00e9e. D\u00e9couvrez comment bien faire ses installations sanitaires.!<\/span><\/p>\n<\/div><\/div><div class=\"w-separator size_medium\"><\/div><div class=\"w-image align_center\"><div class=\"w-image-h\"><img width=\"512\" height=\"448\" src=\"https:\/\/www.eldo.com\/guide\/wp-content\/uploads\/2021\/12\/baignoire-artlift-min.jpg\" class=\"attachment-large size-large\" alt=\"\" srcset=\"https:\/\/www.eldo.com\/guide\/wp-content\/uploads\/2021\/12\/baignoire-artlift-min.jpg 512w, https:\/\/www.eldo.com\/guide\/wp-content\/uploads\/2021\/12\/baignoire-artlift-min-300x263.jpg 300w, https:\/\/www.eldo.com\/guide\/wp-content\/uploads\/2021\/12\/baignoire-artlift-min-457x400.jpg 457w, https:\/\/www.eldo.com\/guide\/wp-content\/uploads\/2021\/12\/baignoire-artlift-min-686x600.jpg 686w\" sizes=\"(max-width: 512px) 100vw, 512px\" \/><\/div><\/div><\/div><\/div><\/div><\/div><\/div><\/section><section class=\"l-section wpb_row height_medium\"><div class=\"l-section-h i-cf\"><div class=\"g-cols vc_row type_default valign_top\"><div class=\"vc_col-sm-12 wpb_column vc_column_container\"><div class=\"vc_column-inner\"><div class=\"wpb_wrapper\"><div \" class=\"faq_question_container\"><h2 class=\"faq_question_title\">Comment r\u00e9aliser une installation sanitaire aux normes\u2009?<\/h2><div class=\"faq_question_content\"><p><span style=\"font-weight: 400;\">Les travaux de plomberie-sanitaire sont soumis \u00e0 des r\u00e8gles strictes afin que soit garantie la s\u00e9curit\u00e9 des habitants d\u2019un logement. Ces normes r\u00e9glementent le choix des mat\u00e9riaux, mais \u00e9galement la mise en \u0153uvre des raccordements de plomberie.<\/span><\/p>\n<h3>Les normes concernant les tuyauteries<\/h3>\n<p><span style=\"font-weight: 400;\">L\u2019\u00e9l\u00e9ment le plus important dans les travaux d\u2019installation de sanitaires est surtout le calcul des diam\u00e8tres. C\u2019est gr\u00e2ce \u00e0 cela que sera d\u00e9finie la taille de la tuyauterie \u00e0 utiliser selon la destination des tuyaux.<\/span><\/p>\n<p><span style=\"font-weight: 400;\">Les normes r\u00e9gissant toute installation de plomberie incluent aussi les normes concernant l\u2019\u00e9vacuation des eaux us\u00e9es. Afin que les eaux us\u00e9es s\u2019\u00e9vacuent sans difficult\u00e9, il faut un d\u00e9bit de 1 \u00e0 2 m\u00e8tres cubes par seconde.<\/span><\/p>\n<p><span style=\"font-weight: 400;\">Il faut dire qu\u2019un d\u00e9bit trop grand peut entra\u00eener un d\u00e9samor\u00e7age au niveau des siphons alors qu\u2019un d\u00e9bit trop petit, donne lieu \u00e0 une obstruction des tuyaux de canalisation. Aussi, selon les normes, le diam\u00e8tre des tuyaux se mesure selon le mat\u00e9riau de conception de ces tuyaux.<\/span><\/p>\n<p><span style=\"font-weight: 400;\">Dans le cas d\u2019un tuyau en PVC, c\u2019est le diam\u00e8tre ext\u00e9rieur du tuyau qui est consid\u00e9r\u00e9 comme diam\u00e8tre nominal. Selon l\u2019\u00e9quipement \u00e0 relier, il est pr\u00e9vu aussi un diam\u00e8tre nominal minimum. Ainsi, pour\u00a0un \u00e9vier, une douche, le lave-vaisselle, le lave-linge, le bidet, le lave-main, le lavabo, il existe un diam\u00e8tre de raccord pr\u00e9cis. Il en est de m\u00eame pour les w.c. \u00e0 action siphonique, les w.c. suspendu, une baignoire\u00a0ou les w.c. \u00e0 chasse directe, etc.<\/span><\/p>\n<h3>Installation des appareils sanitaires<\/h3>\n<p><span style=\"font-weight: 400;\">Quel que soit l\u2019appareil sanitaire (installation lavabo, installation douche), les principes de pose de sanitaires restent invariables. Au pr\u00e9alable, il faut r\u00e9aliser le plan de la pi\u00e8ce (salles de bains, douches, etc.). Un rep\u00e9rage des arriv\u00e9es du r\u00e9seau de distribution d\u2019eau et des \u00e9vacuations d\u2019eau sera n\u00e9cessaire. Apr\u00e8s cela, d\u00e9finissez l\u2019endroit o\u00f9 il faut placer les \u00e9quipements sanitaires.<\/span><\/p>\n<p><span style=\"font-weight: 400;\">Afin de d\u00e9terminer la longueur des tuyaux qui sera n\u00e9cessaire ainsi que le nombre de raccords, il faudra effectuer un trac\u00e9 du cheminement des r\u00e9seaux. Gr\u00e2ce \u00e0 cet exercice, vous saurez aussi le nombre de vannes d\u2019arr\u00eat, de colliers de fixation\u2026 requis.<\/span><\/p>\n<p><span style=\"font-weight: 400;\">Il faut ensuite r\u00e9aliser une fixation de l\u2019\u00e9quipement sanitaire \u00e0 l\u2019endroit d\u00e9fini sur le plan. Inscrivez au sol et sur le mur des rep\u00e8res qui serviront pour la fixation du mat\u00e9riel. Pour obtenir plus de justesse dans la mesure, utilisez un niveau \u00e0 bulle pendant toute l\u2019installation sanitaire. Effectuez aussi un rep\u00e9rage du lieu de fixation des colliers. Percez et chevillez avant de mettre les colliers de fixation en place.<\/span><\/p>\n<p><span style=\"font-weight: 400;\">Il faut maintenant faire la mise en place des arriv\u00e9es du r\u00e9seau d\u2019eau. Pour cela, il faut r\u00e9aliser la pose d\u2019un robinet d\u2019arr\u00eat. Cela doit se faire au d\u00e9part de l\u2019installation.<\/span><\/p>\n<p><span style=\"font-weight: 400;\">Pour rep\u00e9rer, de fa\u00e7on pr\u00e9cise, la position des pi\u00e8ces de raccord, il faut faire une mise en place de toutes les canalisations. R\u00e9assemblez ensuite d\u00e9finitivement les canalisations d\u2019alimentation en eau froide comme en eau chaude sanitaire. Ins\u00e9rez, \u00e0 pr\u00e9sent, les canalisations dans les colliers et fixez-les de mani\u00e8re d\u00e9finitive.<\/span><\/p>\n<p><span style=\"font-weight: 400;\">Il faut, \u00e0 pr\u00e9sent, \u00e9quiper l\u2019appareil sanitaire de ses accessoires. Faites un ajustement du siphon, du trop-plein, de la bonde, etc. \u00c0 l\u2019aide de joints en nylon ou d\u2019\u00e9crou, fixez les \u00e9quipements sanitaires au mur et, ceci, solidement.<\/span><\/p>\n<p><span style=\"font-weight: 400;\">Installez la robinetterie de l\u2019appareil sanitaire, et \u00e0 l\u2019aide de flexibles, reliez-la aux canalisations eau chaude et eau froide. Faites ensuite un raccordement des \u00e9vacuations et des alimentations. Ouvrez enfin l\u2019eau pour v\u00e9rifier le bon fonctionnement de l\u2019ensemble.<\/span><\/p>\n<\/div><\/div><div class=\"w-separator size_medium\"><\/div><div class=\"w-btn-wrapper width_auto align_center\"><a class=\"w-btn us-btn-style_1\" href=\"https:\/\/devis.eldo.com\/salle-de-bain\/france?utm_source=gmb&amp;utm_medium=SEO&amp;utm_campaign=installer-sanitaire\"><span class=\"w-btn-label\">Demander conseil<\/span><\/a><\/div><div class=\"w-separator size_medium\"><\/div><div class=\"w-image align_center\"><div class=\"w-image-h\"><img width=\"370\" height=\"370\" src=\"https:\/\/www.eldo.com\/guide\/wp-content\/uploads\/2021\/12\/san.jpg\" class=\"attachment-large size-large\" alt=\"\" srcset=\"https:\/\/www.eldo.com\/guide\/wp-content\/uploads\/2021\/12\/san.jpg 370w, https:\/\/www.eldo.com\/guide\/wp-content\/uploads\/2021\/12\/san-300x300.jpg 300w, https:\/\/www.eldo.com\/guide\/wp-content\/uploads\/2021\/12\/san-150x150.jpg 150w\" sizes=\"(max-width: 370px) 100vw, 370px\" \/><\/div><\/div><div class=\"w-separator size_medium\"><\/div><div \" class=\"faq_question_container\"><h2 class=\"faq_question_title\">Quel est le bon mat\u00e9riel pour installer des sanitaires\u2009?<\/h2><div class=\"faq_question_content\"><p><span style=\"font-weight: 400;\">Pour installer des sanitaires, il vous faut un bon outillage. Votre caisse \u00e0 outils doit contenir\u00a0:\u00a0<\/span><\/p>\n<ul>\n<li style=\"font-weight: 400;\" aria-level=\"1\"><span style=\"font-weight: 400;\">une pince coupante, des tournevis cruciformes et plats, une tenaille\u2009;<\/span><\/li>\n<li style=\"font-weight: 400;\" aria-level=\"1\"><span style=\"font-weight: 400;\">des marteaux, une pince multiprise, un m\u00e8tre ruban, une pince plate\u2009;<\/span><\/li>\n<li style=\"font-weight: 400;\" aria-level=\"1\"><span style=\"font-weight: 400;\">un rabot \u00e0 main, un cutter, des ciseaux \u00e0 bois, des limes pour m\u00e9taux et bois, des cl\u00e9s \u00e0 pipe et des cl\u00e9s plates\u2009;<\/span><\/li>\n<li style=\"font-weight: 400;\" aria-level=\"1\"><span style=\"font-weight: 400;\">un niveau, du scotch, des crayons sp\u00e9cial chantier, des scies, des brosses m\u00e9talliques, des burins ronds et plats\u2009;<\/span><\/li>\n<li style=\"font-weight: 400;\" aria-level=\"1\"><span style=\"font-weight: 400;\">des raccords \u00e0 visser ou pinces \u00e0 sertir les raccords\u2009;<\/span><\/li>\n<\/ul>\n<p><span style=\"font-weight: 400;\">Dans le cas o\u00f9 le tuyau serait en cuivre, procurez-vous\u00a0:<\/span><\/p>\n<ul>\n<li style=\"font-weight: 400;\" aria-level=\"1\"><span style=\"font-weight: 400;\">une pince griptou, un coupe-tube, des collets, une cl\u00e9 lavabos\u2009;<\/span><\/li>\n<li style=\"font-weight: 400;\" aria-level=\"1\"><span style=\"font-weight: 400;\">une cl\u00e9 \u00e0 chaine, un serre-tube, une cl\u00e9 Stillson\u2009;<\/span><\/li>\n<li style=\"font-weight: 400;\" aria-level=\"1\"><span style=\"font-weight: 400;\">une cl\u00e9 radiateur,\u00a0une pince \u00e0 cintrer, un rodoir\u2009;<\/span><\/li>\n<li style=\"font-weight: 400;\" aria-level=\"1\"><span style=\"font-weight: 400;\">une machine \u00e0 battre les collets, un poste \u00e0 souder, des lunettes, un poste \u00e0 embo\u00eeture.<\/span><\/li>\n<\/ul>\n<\/div><\/div><div class=\"w-separator size_medium\"><\/div><div \" class=\"faq_question_container\"><h2 class=\"faq_question_title\">\u00c0 quoi faut-il faire attention lors des poses\u2009?<\/h2><div class=\"faq_question_content\"><p><span style=\"font-weight: 400;\">Pour r\u00e9nover ou refaire la plomberie de chez vous ou installer des sanitaires dans l\u2019une de vos salles de bain, il ne faut jamais laisser de tubes comportant une eau stagnante. Si, pour vos travaux de r\u00e9novation futurs, vous d\u00e9sirez laisser quelques lignes, \u00e9vitez de les raccorder sur les t\u00e9s.<\/span><\/p>\n<p><span style=\"font-weight: 400;\">Mais si l\u2019installateur sanitaire tient, tout de m\u00eame, \u00e0 faire ce raccordement, il doit placer des vannes d\u2019isolement comme le ferait un plombier professionnel. Ce faisant, l\u2019eau ne sera plus stagnante dans le tube. Il faut aussi veiller \u00e0 l\u2019\u00e9tanch\u00e9it\u00e9 et v\u00e9rifier s\u2019il n\u2019y a pas de fuites d\u2019eau apr\u00e8s toute l\u2019installation.<\/span><\/p>\n<\/div><\/div><div class=\"w-separator size_medium\"><\/div><div class=\"w-btn-wrapper width_auto align_center\"><a class=\"w-btn us-btn-style_1\" title=\"Porte en bois : quels sont les avantages\" href=\"https:\/\/devis.eldo.com\/salle-de-bain\/france?utm_source=gmb&amp;utm_medium=SEO&amp;utm_campaign=installer-sanitaire\"><span class=\"w-btn-label\">Je cherche un pro de confiance<\/span><\/a><\/div><div class=\"w-separator size_medium\"><\/div><div class=\"w-image align_center\"><div class=\"w-image-h\"><img width=\"480\" height=\"237\" src=\"https:\/\/www.eldo.com\/guide\/wp-content\/uploads\/2021\/12\/pose-wc.jpg\" class=\"attachment-large size-large\" alt=\"\" srcset=\"https:\/\/www.eldo.com\/guide\/wp-content\/uploads\/2021\/12\/pose-wc.jpg 480w, https:\/\/www.eldo.com\/guide\/wp-content\/uploads\/2021\/12\/pose-wc-300x148.jpg 300w\" sizes=\"(max-width: 480px) 100vw, 480px\" \/><\/div><\/div><div class=\"w-separator size_medium\"><\/div><div \" class=\"faq_question_container\"><h2 class=\"faq_question_title\">Comment bien choisir les \u00e9quipements sanitaires de votre salle de bain\u2009?<\/h2><div class=\"faq_question_content\"><p><span style=\"font-weight: 400;\">En mati\u00e8re d\u2019\u00e9quipements sanitaires, il faudra tenir compte de votre budget. Vous pouvez consulter donc un guide des prix afin de savoir les \u00e9quipements qui conviennent \u00e0 votre bourse. Douche \u00e0 l\u2019italienne, lavabos, lavabos suspendus, cabine de douche, double vasque, miroirs, s\u00e8che-serviettes, vasque encastr\u00e9e ou pos\u00e9e\u2009; autant d\u2019\u00e9quipements \u00e0 choisir selon vos exigences.<\/span><\/p>\n<p><span style=\"font-weight: 400;\">Le choix d\u00e9pendra de la composition de votre foyer, de vos diverses habitudes. G\u00e9n\u00e9ralement, la majorit\u00e9 des gens choisissent les baignoires pour les enfants. Quant aux personnes \u00e0 mobilit\u00e9 r\u00e9duite, le choix id\u00e9al est bien souvent une douche ouverte.<\/span><\/p>\n<\/div><\/div><div class=\"w-separator size_medium\"><\/div><div class=\"w-btn-wrapper width_auto align_center\"><a class=\"w-btn us-btn-style_1\" href=\"https:\/\/devis.eldo.com\/salle-de-bain\/france?utm_source=gmb&amp;utm_medium=SEO&amp;utm_campaign=installer-sanitaire\"><span class=\"w-btn-label\">Expliquer mon projet<\/span><\/a><\/div><div class=\"w-separator size_medium\"><\/div><div \" class=\"faq_question_container\"><h2 class=\"faq_question_title\">Pourquoi faire appel \u00e0 un pro\u2009?<\/h2><div class=\"faq_question_content\"><p><span style=\"font-weight: 400;\">Pour l\u2019installation de baignoire ou de tout autre \u00e9quipement sanitaire dans votre salle d\u2019eau ou ailleurs, il faut faire appel \u00e0 un artisan plombier. Pour tous vos travaux de r\u00e9paration des baignoires, des robinets ou d\u2019installation de carrelage, faites appel au plombier professionnel. En effet, celui-ci dispose des comp\u00e9tences et des outils n\u00e9cessaires pour faire un travail de qualit\u00e9.\u00a0<\/span><\/p>\n<p><span style=\"font-weight: 400;\">De plus, une installation de plomberie n\u2019est pas toujours simple. S\u2019il s\u2019agit d\u2019un travail de d\u00e9bouchage ou d\u2019un simple d\u00e9pannage plomberie, vous pouvez jouer les bricoleurs. Mais quand cela devient complexe, autant le confier \u00e0 quelqu\u2019un qui ma\u00eetrise ce qu\u2019il fait.<\/span><\/p>\n<p><span style=\"font-weight: 400;\">Par ailleurs, avec la politique actuelle d\u2019\u00e9conomie d\u2019\u00e9nergie, vous pouvez b\u00e9n\u00e9ficier de diff\u00e9rentes aides pour l\u2019installation d\u2019\u00e9l\u00e9ments sanitaires si vous faites appel \u00e0 un professionnel RGE ou Qualibat. Les plombiers chauffagistes ont d\u2019ailleurs \u00e9t\u00e9 form\u00e9s pour vous aider \u00e0 r\u00e9duire votre consommation d\u2019\u00e9nergie.<\/span><\/p>\n<\/div><\/div><div class=\"w-separator size_medium\"><\/div><div class=\"w-btn-wrapper width_auto align_center\"><a class=\"w-btn us-btn-style_1\" href=\"https:\/\/devis.eldo.com\/salle-de-bain\/france?utm_source=gmb&amp;utm_medium=SEO&amp;utm_campaign=installer-sanitaire\"><span class=\"w-btn-label\">Demander un devis<\/span><\/a><\/div><\/div><\/div><\/div><\/div><\/div><\/section><section class=\"l-section wpb_row height_medium\"><div class=\"l-section-h i-cf\"><div class=\"g-cols vc_row type_default valign_top\"><div class=\"vc_col-sm-12 wpb_column vc_column_container\"><div class=\"vc_column-inner\"><div class=\"wpb_wrapper\"><div class=\"w-grid type_grid layout_portfolio_3 cols_3 ratio_1x1\" id=\"us_grid_1\"><style id=\"us_grid_1_css\">#us_grid_1 .w-grid-item{padding:1.5rem}#us_grid_1 .w-grid-list{margin:-1.5rem}.w-grid + #us_grid_1 .w-grid-list{margin-top:1.5rem}@media (max-width:899px){#us_grid_1 .w-grid-item{width:50.0000%}#us_grid_1 .w-grid-item.size_2x1,#us_grid_1 .w-grid-item.size_2x2{width:100.0000%}}@media (max-width:599px){#us_grid_1 .w-grid-list{margin:0}#us_grid_1 .w-grid-item{width:100.0000%;padding:0;margin-bottom:1.5rem}}<\/style><style>.layout_portfolio_3 .w-grid-item-h:before{padding-bottom:100.0000%}@media (min-width:600px){.layout_portfolio_3 .w-grid-item.size_1x2 .w-grid-item-h:before{padding-bottom:calc(200.0000% + 1.5rem + 1.5rem)}.layout_portfolio_3 .w-grid-item.size_2x1 .w-grid-item-h:before{padding-bottom:calc(50.0000% - 1.5rem * 1.0000)}.layout_portfolio_3 .w-grid-item.size_2x2 .w-grid-item-h:before{padding-bottom:calc(100.0000% - 1.5rem * 0)}}.layout_portfolio_3 .w-grid-item-h{}.layout_portfolio_3 .usg_post_image_1{transition-duration:0.4s;transform-origin:50% 50%;transform:scale(1) translate(0,0);opacity:0.25}.layout_portfolio_3 .w-grid-item-h:hover .usg_post_image_1{transform:scale(1) translate(0,0);opacity:1}.layout_portfolio_3 .usg_post_title_1{transition-duration:0.3s;transform-origin:50% 50%;transform:scale(1) translate(0,0)}.layout_portfolio_3 .w-grid-item-h:hover .usg_post_title_1{transform:scale(1) translate(0,-100%);opacity:0}.layout_portfolio_3 .usg_post_taxonomy_1{transition-duration:0.3s;transform-origin:50% 50%;transform:scale(1) translate(0,0)}.layout_portfolio_3 .w-grid-item-h:hover .usg_post_taxonomy_1{transform:scale(1) translate(0,100%);opacity:0}.layout_portfolio_3 .usg_post_image_1{position:absolute!important;top:0!important;right:0!important;bottom:0!important;left:0!important}.layout_portfolio_3 .usg_vwrapper_1{position:absolute!important;top:0!important;right:0!important;bottom:0!important;left:0!important;padding:2rem!important}.layout_portfolio_3 .usg_post_title_1{color:inherit!important;font-size:1.4rem!important}<\/style><div class=\"w-grid-list\" >\t<article class=\"w-grid-item size_1x1 post-6489 page type-page status-publish has-post-thumbnail hentry\" data-id=\"6489\">\r\n\t\t<div class=\"w-grid-item-h\">\r\n\t\t\t\t\t\t\t<a class=\"w-grid-item-anchor\" href=\"https:\/\/www.eldo.com\/guide\/salle-de-bains\/sanitaire\/lavabo\" rel=\"bookmark\" aria-label=\"Comment installer un lavabo\u2009?\"><\/a>\r\n\t\t\t\t\t\t<div class=\"w-post-elm post_image usg_post_image_1 stretched\"><img width=\"720\" height=\"480\" src=\"https:\/\/www.eldo.com\/guide\/wp-content\/uploads\/2021\/12\/bathroom-1851566__480.webp\" class=\"attachment-large size-large wp-post-image\" alt=\"\" srcset=\"https:\/\/www.eldo.com\/guide\/wp-content\/uploads\/2021\/12\/bathroom-1851566__480.webp 720w, https:\/\/www.eldo.com\/guide\/wp-content\/uploads\/2021\/12\/bathroom-1851566__480-300x200.webp 300w, https:\/\/www.eldo.com\/guide\/wp-content\/uploads\/2021\/12\/bathroom-1851566__480-600x400.webp 600w\" sizes=\"(max-width: 720px) 100vw, 720px\" \/><\/div><div class=\"w-vwrapper usg_vwrapper_1 align_center valign_middle\"><h2 class=\"w-post-elm post_title usg_post_title_1 entry-title color_link_inherit has_text_color\">Comment installer un lavabo\u2009?<\/h2><\/div>\t\t<\/div>\r\n\t<\/article>\r\n\t<article class=\"w-grid-item size_1x1 post-6472 page type-page status-publish has-post-thumbnail hentry\" data-id=\"6472\">\r\n\t\t<div class=\"w-grid-item-h\">\r\n\t\t\t\t\t\t\t<a class=\"w-grid-item-anchor\" href=\"https:\/\/www.eldo.com\/guide\/salle-de-bain\/sanitaire\/installation-douche\" rel=\"bookmark\" aria-label=\"Comment installer une douche ?\"><\/a>\r\n\t\t\t\t\t\t<div class=\"w-post-elm post_image usg_post_image_1 stretched\"><img width=\"512\" height=\"333\" src=\"https:\/\/www.eldo.com\/guide\/wp-content\/uploads\/2021\/12\/renovation-installer-une-douche-a-l-italienne-une.jpg\" class=\"attachment-large size-large wp-post-image\" alt=\"\" srcset=\"https:\/\/www.eldo.com\/guide\/wp-content\/uploads\/2021\/12\/renovation-installer-une-douche-a-l-italienne-une.jpg 512w, https:\/\/www.eldo.com\/guide\/wp-content\/uploads\/2021\/12\/renovation-installer-une-douche-a-l-italienne-une-300x195.jpg 300w, https:\/\/www.eldo.com\/guide\/wp-content\/uploads\/2021\/12\/renovation-installer-une-douche-a-l-italienne-une-600x390.jpg 600w\" sizes=\"(max-width: 512px) 100vw, 512px\" \/><\/div><div class=\"w-vwrapper usg_vwrapper_1 align_center valign_middle\"><h2 class=\"w-post-elm post_title usg_post_title_1 entry-title color_link_inherit has_text_color\">Comment installer une douche ?<\/h2><\/div>\t\t<\/div>\r\n\t<\/article>\r\n\t<article class=\"w-grid-item size_1x1 post-6458 page type-page status-publish has-post-thumbnail hentry\" data-id=\"6458\">\r\n\t\t<div class=\"w-grid-item-h\">\r\n\t\t\t\t\t\t\t<a class=\"w-grid-item-anchor\" href=\"https:\/\/www.eldo.com\/guide\/salle-de-bain\/sanitaire\/installation-baignoire\" rel=\"bookmark\" aria-label=\"Comment installer une baignoire\"><\/a>\r\n\t\t\t\t\t\t<div class=\"w-post-elm post_image usg_post_image_1 stretched\"><img width=\"512\" height=\"399\" src=\"https:\/\/www.eldo.com\/guide\/wp-content\/uploads\/2021\/12\/sol.jpg\" class=\"attachment-large size-large wp-post-image\" alt=\"\" srcset=\"https:\/\/www.eldo.com\/guide\/wp-content\/uploads\/2021\/12\/sol.jpg 512w, https:\/\/www.eldo.com\/guide\/wp-content\/uploads\/2021\/12\/sol-300x234.jpg 300w, https:\/\/www.eldo.com\/guide\/wp-content\/uploads\/2021\/12\/sol-513x400.jpg 513w\" sizes=\"(max-width: 512px) 100vw, 512px\" \/><\/div><div class=\"w-vwrapper usg_vwrapper_1 align_center valign_middle\"><h2 class=\"w-post-elm post_title usg_post_title_1 entry-title color_link_inherit has_text_color\">Comment installer une baignoire<\/h2><\/div>\t\t<\/div>\r\n\t<\/article>\r\n<\/div><div class=\"w-grid-preloader\"><div class=\"g-preloader type_1\">\r\n\t<div><\/div>\r\n<\/div>\r\n<\/div>\t<div class=\"w-grid-json hidden\" onclick='return {&quot;action&quot;:&quot;us_ajax_grid&quot;,&quot;ajax_url&quot;:&quot;https:\\\/\\\/www.eldo.com\\\/guide\\\/wp-admin\\\/admin-ajax.php&quot;,&quot;infinite_scroll&quot;:0,&quot;max_num_pages&quot;:1,&quot;pagination&quot;:&quot;none&quot;,&quot;permalink_url&quot;:&quot;https:\\\/\\\/www.eldo.com\\\/guide\\\/wp-json\\\/wp\\\/v2\\\/pages\\\/6448&quot;,&quot;template_vars&quot;:{&quot;columns&quot;:&quot;3&quot;,&quot;exclude_items&quot;:&quot;none&quot;,&quot;img_size&quot;:&quot;default&quot;,&quot;ignore_items_size&quot;:false,&quot;items_layout&quot;:&quot;portfolio_3&quot;,&quot;items_offset&quot;:&quot;1&quot;,&quot;load_animation&quot;:&quot;none&quot;,&quot;overriding_link&quot;:&quot;post&quot;,&quot;post_id&quot;:6448,&quot;query_args&quot;:{&quot;ignore_sticky_posts&quot;:1,&quot;post_type&quot;:&quot;any&quot;,&quot;post__in&quot;:[&quot;6458&quot;,&quot;6472&quot;,&quot;6489&quot;],&quot;posts_per_page&quot;:&quot;10&quot;},&quot;orderby_query_args&quot;:{&quot;orderby&quot;:{&quot;date&quot;:&quot;DESC&quot;}},&quot;type&quot;:&quot;grid&quot;,&quot;us_grid_ajax_index&quot;:1,&quot;us_grid_filter_params&quot;:null,&quot;us_grid_index&quot;:1,&quot;_us_grid_post_type&quot;:&quot;ids&quot;}}'><\/div>\r\n\t<\/div><\/div><\/div><\/div><\/div><\/div><\/section><section class=\"l-section wpb_row us_custom_e91755c2 height_auto width_full with_overlay\"><div class=\"l-section-overlay\" style=\"background: #ebebeb\"><\/div><div class=\"l-section-h i-cf\"><div class=\"g-cols vc_row type_boxes valign_middle\"><div class=\"vc_col-sm-12 wpb_column vc_column_container has-fill\"><div class=\"vc_column-inner us_custom_3e343dbc\"><div class=\"wpb_wrapper\"><p class=\"w-itext us_custom_6df4bc3a type_typingChars align_center\" onclick='return {&quot;duration&quot;:300,&quot;delay&quot;:2000,&quot;disablePartAnimation&quot;:false,&quot;dynamicColor&quot;:&quot;#ffffff&quot;,&quot;html_nbsp_char&quot;:true}'>Je\u00a0cherche\u00a0un\u00a0pro\u00a0\u00e0\u00a0<span class=\"w-itext-part changesat_0 changesat_1 changesat_2 changesat_3 changesat_4 dynamic\" style=\"color:#ffffff\" onclick='return [&quot;Bordeaux&quot;,&quot;Toulouse&quot;,&quot;Paris&quot;,&quot;Nantes&quot;,&quot;Marseille&quot;]'><span>Bordeaux<\/span><i class=\"w-itext-cursor\"><\/i><\/span><\/p><div class=\"w-btn-wrapper width_auto align_center\"><a class=\"w-btn us-btn-style_1\" title=\"Porte en bois : quels sont les avantages\" href=\"https:\/\/devis.eldo.com\/salle-de-bain\/france?utm_source=gmb&amp;utm_medium=SEO&amp;utm_campaign=installer-sanitaire\"><span class=\"w-btn-label\">Trouver un pro de confiance<\/span><\/a><\/div><\/div><\/div><\/div><\/div><\/div><\/section>\n","protected":false},"excerpt":{"rendered":"Comment installer une baignoire ? Guides travauxPages Les travaux de cr\u00e9ation ou m\u00eame de r\u00e9novation de salle de bain que vous avez fait entamer sont termin\u00e9s. Pour la pose des \u00e9quipements sanitaires, vous h\u00e9sitez encore entre douche et baignoire. Installer une baignoire vous permettra de r\u00e9aliser des \u00e9conomies pour le reste des travaux. En effet,...","protected":false},"author":5,"featured_media":6449,"parent":6130,"menu_order":0,"comment_status":"closed","ping_status":"closed","template":"","meta":[],"page_tags":[],"_links":{"self":[{"href":"https:\/\/www.eldo.com\/guide\/wp-json\/wp\/v2\/pages\/6448"}],"collection":[{"href":"https:\/\/www.eldo.com\/guide\/wp-json\/wp\/v2\/pages"}],"about":[{"href":"https:\/\/www.eldo.com\/guide\/wp-json\/wp\/v2\/types\/page"}],"author":[{"embeddable":true,"href":"https:\/\/www.eldo.com\/guide\/wp-json\/wp\/v2\/users\/5"}],"replies":[{"embeddable":true,"href":"https:\/\/www.eldo.com\/guide\/wp-json\/wp\/v2\/comments?post=6448"}],"version-history":[{"count":12,"href":"https:\/\/www.eldo.com\/guide\/wp-json\/wp\/v2\/pages\/6448\/revisions"}],"predecessor-version":[{"id":10711,"href":"https:\/\/www.eldo.com\/guide\/wp-json\/wp\/v2\/pages\/6448\/revisions\/10711"}],"up":[{"embeddable":true,"href":"https:\/\/www.eldo.com\/guide\/wp-json\/wp\/v2\/pages\/6130"}],"wp:featuredmedia":[{"embeddable":true,"href":"https:\/\/www.eldo.com\/guide\/wp-json\/wp\/v2\/media\/6449"}],"wp:attachment":[{"href":"https:\/\/www.eldo.com\/guide\/wp-json\/wp\/v2\/media?parent=6448"}],"wp:term":[{"taxonomy":"page_tags","embeddable":true,"href":"https:\/\/www.eldo.com\/guide\/wp-json\/wp\/v2\/page_tags?post=6448"}],"curies":[{"name":"wp","href":"https:\/\/api.w.org\/{rel}","templated":true}]}}