{"id":6437,"date":"2021-12-09T08:55:23","date_gmt":"2021-12-09T08:55:23","guid":{"rendered":"https:\/\/www.eldo.com\/guide\/?page_id=6437"},"modified":"2022-04-20T10:18:58","modified_gmt":"2022-04-20T10:18:58","slug":"comment-realiser-les-plans-pour-une-salle-de-bain%e2%80%89","status":"publish","type":"page","link":"https:\/\/www.eldo.com\/guide\/salle-de-bain\/creation\/plan","title":{"rendered":"Comment r\u00e9aliser les plans pour une salle de bain\u2009?"},"content":{"rendered":"<section class=\"l-section wpb_row us_custom_e91755c2 height_auto width_full with_overlay\"><div class=\"l-section-overlay\" style=\"background: #ffffff\"><\/div><div class=\"l-section-h i-cf\"><div class=\"g-cols vc_row type_boxes valign_middle gap-10px\"><style>.g-cols.gap-10px{margin:0 -10px}.gap-10px > .vc_column_container {padding:10px}<\/style><div class=\"vc_col-sm-12 wpb_column vc_column_container has-fill has_text_color\"><div class=\"vc_column-inner us_custom_7b7e5560\"><div class=\"wpb_wrapper\"><div class=\"wpb_text_column us_custom_89145601 has_text_color\" ><div class=\"wpb_wrapper\"><h1 style=\"text-align: center;\"><span style=\"font-weight: 400;\">Comment r\u00e9aliser les plans pour une salle de bain\u2009?<\/span><\/h1>\n<\/div><\/div><div class=\"w-separator size_medium\"><\/div><ol class=\"g-breadcrumbs us_custom_5c92be9c separator_icon align_left has_text_color\"><li class=\"g-breadcrumbs-item\"><a href=\"https:\/\/www.eldo.com\/guide\/\">Guides travaux<\/a><meta content=\"1\"\/><\/li><li class=\"g-breadcrumbs-separator\"><i class=\"far fa-angle-right\"><\/i><\/li><li class=\"g-breadcrumbs-item\">Pages<\/li><\/ol><\/div><\/div><\/div><\/div><\/div><\/section><section class=\"l-section wpb_row us_custom_e91755c2 height_auto width_full with_overlay\"><div class=\"l-section-overlay\" style=\"background: #ffffff\"><\/div><div class=\"l-section-h i-cf\"><div class=\"g-cols vc_row type_boxes valign_middle gap-10px\"><style>.g-cols.gap-10px{margin:0 -10px}.gap-10px > .vc_column_container {padding:10px}<\/style><div class=\"vc_col-sm-12 wpb_column vc_column_container\"><div class=\"vc_column-inner\"><div class=\"wpb_wrapper\"><div class=\"wpb_text_column us_custom_08d2243f has_text_color\" ><div class=\"wpb_wrapper\">\n<\/div><\/div><div class=\"wpb_text_column us_custom_1eefa3cd has_text_color\" ><div class=\"wpb_wrapper\"><p><span style=\"font-weight: 400;\">D\u2019ordinaire, la conception de la salle de bain se fait selon les go\u00fbts de chacun, si bien que vous voudrez en faire le plan tout seul. Si r\u00e9aliser les plans de sa salle de bain semble simple, dans la pratique, cela se r\u00e9v\u00e8le plus complexe que pr\u00e9vu. En effet, beaucoup d\u2019\u00e9l\u00e9ments sont \u00e0 prendre en consid\u00e9ration pour r\u00e9aliser les plans d\u2019une salle de bain parfaite. L\u2019emplacement optimal, les diverses contraintes techniques, l\u2019agencement id\u00e9al des sanitaires, tant de param\u00e8tres qui ne sont pas \u00e0 n\u00e9gliger dans l\u2019installation d\u2019une salle de bain. Trouvez dans cet article nos meilleurs conseils pour la r\u00e9alisation de plans de salle de bain.<\/span><\/p>\n<\/div><\/div><div class=\"w-separator size_small\"><\/div><div class=\"w-image align_center\"><div class=\"w-image-h\"><img width=\"512\" height=\"373\" src=\"https:\/\/www.eldo.com\/guide\/wp-content\/uploads\/2021\/12\/7.jpg\" class=\"attachment-large size-large\" alt=\"\" srcset=\"https:\/\/www.eldo.com\/guide\/wp-content\/uploads\/2021\/12\/7.jpg 512w, https:\/\/www.eldo.com\/guide\/wp-content\/uploads\/2021\/12\/7-300x219.jpg 300w, https:\/\/www.eldo.com\/guide\/wp-content\/uploads\/2021\/12\/7-549x400.jpg 549w\" sizes=\"(max-width: 512px) 100vw, 512px\" \/><\/div><\/div><\/div><\/div><\/div><\/div><\/div><\/section><section class=\"l-section wpb_row height_auto width_full\"><div class=\"l-section-h i-cf\"><div class=\"g-cols vc_row type_boxes valign_middle gap-10px\"><style>.g-cols.gap-10px{margin:0 -10px}.gap-10px > .vc_column_container {padding:10px}<\/style><div class=\"vc_col-sm-12 wpb_column vc_column_container has-fill\"><div class=\"vc_column-inner us_custom_4fb9e5a3\"><div class=\"wpb_wrapper\"><div \" class=\"faq_question_container\"><h2 class=\"faq_question_title\">Comment choisir l\u2019emplacement de la salle de bain\u2009?<\/h2><div class=\"faq_question_content\"><p><span style=\"font-weight: 400;\">Bien choisir l\u2019emplacement de votre salle de bain est l\u2019\u00e9tape indispensable pour r\u00e9ellement faire de cette pi\u00e8ce un lieu alliant fonction de toilette et lieu de d\u00e9tente. Vous devez, avant tout, identifier l\u2019endroit de l\u2019arriv\u00e9e d\u2019eau. En effet, il est vivement conseill\u00e9 d\u2019installer le r\u00e9cepteur de douche \u00e0 proximit\u00e9 du r\u00e9seau d\u2019alimentation d\u2019eau et d\u2019\u00e9vacuation des eaux us\u00e9es. Cela vous permettra de r\u00e9duire les travaux de plomberie. Le raccordement du siphon au syst\u00e8me d\u2019\u00e9vacuation sera des plus ais\u00e9s, et \u00e9galement, vous n\u2019aurez pas \u00e0 placer des canalisations apparentes dans toute la pi\u00e8ce.<\/span><\/p>\n<p><span style=\"font-weight: 400;\">Le choix de l\u2019emplacement de votre douche se fait aussi en fonction de l\u2019espace disponible dans la maison. Il vous faudra pr\u00e9voir, devant l\u2019entr\u00e9e du r\u00e9cepteur, un espace de d\u00e9gagement suffisant afin de faciliter l\u2019entr\u00e9e et les d\u00e9placements \u00e0 l\u2019int\u00e9rieur de la salle de bain. Lorsque vous disposez d\u2019une petite salle, l\u2019id\u00e9al serait d\u2019opter pour une douche en angle voire m\u00eame dans une niche afin d\u2019occasionner un encombrement minimum.<\/span><\/p>\n<h3><span style=\"font-weight: 400;\">L\u2019orientation<\/span><\/h3>\n<p><span style=\"font-weight: 400;\">Pour leur a\u00e9ration et leur ventilation, mais \u00e9galement pour un d\u00e9placement ais\u00e9, les salles de bain n\u2019exigent pas forc\u00e9ment de grandes ouvertures. En cons\u00e9quence, il est souvent pr\u00e9f\u00e9rable que votre salle de bain ait une orientation nord, de pr\u00e9f\u00e9rence sur l\u2019une des fa\u00e7ades froides de votre maison.<\/span><\/p>\n<h3><span style=\"font-weight: 400;\">Le lien avec les autres pi\u00e8ces<\/span><\/h3>\n<p><span style=\"font-weight: 400;\">La salle de bain est souvent une pi\u00e8ce enti\u00e8rement \u00e0 part dans votre maison. Toutefois, pour plus de confort, on voit de plus en plus de salles de bain install\u00e9es dans les chambres, voire \u00e0 proximit\u00e9 du salon. Pour ce faire, vous devez imp\u00e9rativement agencer l\u2019emplacement de la salle d\u2019eau int\u00e9gr\u00e9e selon\u00a0 la position des arriv\u00e9es et \u00e9vacuation d\u2019eau. Alors, assurez-vous de leur pr\u00e9sence et de la n\u00e9cessit\u00e9 \u00e9ventuelle de leur cr\u00e9ation ou d\u00e9placement. Cette pr\u00e9caution vous \u00e9vitera de faire trop de casse lors des travaux afin de r\u00e9aliser des \u00e9conomies.\u00a0<\/span><\/p>\n<p><span style=\"font-weight: 400;\">Un autre aspect important dans votre salle de bain int\u00e9gr\u00e9e est sa ventilation. Vous devez vous assurer, dans vos plans, que votre salle b\u00e9n\u00e9ficiera d\u2019une a\u00e9ration optimale afin d\u2019\u00e9viter tous les risques li\u00e9s \u00e0 l\u2019humidit\u00e9 et la moisissure. Il vous faudra alors pr\u00e9voir une fen\u00eatre dans la salle de bain ou carr\u00e9ment envisager l\u2019installation d\u2019une VMC efficace.<\/span><\/p>\n<p><span style=\"font-weight: 400;\">Enfin, une chambre \u00e0 coucher dot\u00e9e de salle de bain apporte un certain confort, mais requiert un plus grand espace. Pour s\u00e9parer les deux pi\u00e8ces tout en occasionnant un gain d\u2019espace, vous pourrez opter pour des cloisons amovibles, des cloisons partielles ou m\u00eame une cloison japonaise.<\/span><\/p>\n<h3><span style=\"font-weight: 400;\">Le bruit<\/span><\/h3>\n<p><span style=\"font-weight: 400;\">Votre salle de bain peut s\u2019av\u00e9rer \u00eatre une source de nuisance sonore \u00e0 cause des mat\u00e9riaux et diff\u00e9rentes canalisations qui propagent rapidement le son. Prenez soin d\u2019\u00e9viter que les tuyaux ne se touchent pas afin de limiter le bruit \u00e9mis par votre salle de bain. \u00c0 d\u00e9faut, vous pourrez les entourer d\u2019un isolant ou isoler l\u2019espace vide sous la baignoire, g\u00e9n\u00e9ralement avec une laine de verre.<\/span><\/p>\n<p><span style=\"font-weight: 400;\">Aussi, songez \u00e0 l\u2019isolement sonore des cloisons de la pi\u00e8ce jouxtant votre salle de bain. Pour finir, concernant l\u2019installation de la douche, choisissez toujours les mod\u00e8les dot\u00e9s d\u2019une base insonoris\u00e9e.\u00a0<\/span><\/p>\n<h3><span style=\"font-weight: 400;\">L\u2019intimit\u00e9<\/span><\/h3>\n<p><span style=\"font-weight: 400;\">Pour partager une salle de bain, parfois m\u00eame cohabiter, sans cr\u00e9er de bousculade et tout en pr\u00e9servant l\u2019intimit\u00e9 des utilisateurs, vous aurez \u00e0 bien concevoir l\u2019agencement et l\u2019organisation des \u00e9quipements sanitaires.\u00a0<\/span><\/p>\n<p><span style=\"font-weight: 400;\">Le point d\u2019eau permet de rapidement se laver les dents ou les mains, mais \u00e9galement de se raser, se maquiller et se coiffer devant le miroir. Alors, dans le but de lib\u00e9rer vasque et lavabo, vous pourrez songer \u00e0 doter votre grande pi\u00e8ce d\u2019un second miroir. Cela permettra d\u2019installer une coiffeuse dans la salle de bain et diminuera les longues queues uniquement pour des besoins de coiffure.\u00a0<\/span><\/p>\n<p><span style=\"font-weight: 400;\">Aussi, en dotant votre salle de bain de verre opacifi\u00e9 ou de cloison ma\u00e7onn\u00e9e, vous pourrez respecter l\u2019intimit\u00e9 des plus pudiques.\u00a0<\/span><\/p>\n<h3><span style=\"font-weight: 400;\">Les contraintes techniques<\/span><\/h3>\n<p><span style=\"font-weight: 400;\">Les principales contraintes techniques dans la r\u00e9alisation du plan de votre salle de bain sont g\u00e9n\u00e9ralement li\u00e9es \u00e0 son volume. En effet, lorsque la taille de votre maison exclut toute possibilit\u00e9 de grande salle de bain, vous devez penser intelligemment son agencement.<\/span><\/p>\n<p><span style=\"font-weight: 400;\">Il vous faudra, en effet, pr\u00e9f\u00e9rer une douche \u00e0 une baignoire, de pr\u00e9f\u00e9rence pos\u00e9e dans un angle de la petite pi\u00e8ce. Pr\u00e9f\u00e9rez \u00e9galement un pare-douche plut\u00f4t qu\u2019un rideau brise-vue ou une cloison carrel\u00e9e.<\/span><\/p>\n<\/div><\/div><div class=\"w-separator size_medium\"><\/div><div class=\"w-btn-wrapper width_auto align_center\"><a class=\"w-btn us-btn-style_2\" title=\"Demander un devis\" target=\"_blank\" href=\"https:\/\/devis.eldo.com\/salle-de-bain\/france?utm_source=gmb&amp;utm_medium=SEO&amp;utm_campaign=salle-plan-creation\" rel=\"noopener\"><span class=\"w-btn-label\">Expliquer mon projet<\/span><\/a><\/div><div class=\"w-separator size_medium\"><\/div><div class=\"w-image align_center\"><div class=\"w-image-h\"><img width=\"512\" height=\"384\" src=\"https:\/\/www.eldo.com\/guide\/wp-content\/uploads\/2021\/12\/6.jpg\" class=\"attachment-large size-large\" alt=\"\" srcset=\"https:\/\/www.eldo.com\/guide\/wp-content\/uploads\/2021\/12\/6.jpg 512w, https:\/\/www.eldo.com\/guide\/wp-content\/uploads\/2021\/12\/6-300x225.jpg 300w, https:\/\/www.eldo.com\/guide\/wp-content\/uploads\/2021\/12\/6-533x400.jpg 533w\" sizes=\"(max-width: 512px) 100vw, 512px\" \/><\/div><\/div><div class=\"w-separator size_medium\"><\/div><div \" class=\"faq_question_container\"><h2 class=\"faq_question_title\">Comment d\u00e9finir la meilleure organisation\u2009?<\/h2><div class=\"faq_question_content\"><p><span style=\"font-weight: 400;\">Bien organiser votre salle de bain vous permettra de cr\u00e9er un espace de d\u00e9tente, \u00e0 l\u2019image des salles de bain \u00e0 l\u2019italienne. Il vous faudra alors proc\u00e9der judicieusement \u00e0 l\u2019agencement et au choix des meubles.\u00a0<\/span><\/p>\n<h3><span style=\"font-weight: 400;\">Espace et impression<\/span><\/h3>\n<p><span style=\"font-weight: 400;\">Le plus important pour sentir un minimum de confort dans votre salle de bain, c\u2019est d\u2019avoir l\u2019impression de se trouver dans un grand espace. Alors, songez \u00e0 maximiser l\u2019\u00e9clairage de votre salle d\u2019eau avec des luminaires, s\u2019il vous est impossible d\u2019avoir de grandes fen\u00eatres. En effet, une pi\u00e8ce bien \u00e9clair\u00e9e donne toujours l\u2019impression de grand espace.<\/span><\/p>\n<p><span style=\"font-weight: 400;\">Aussi, veillez \u00e0 bien choisir les meubles et sanitaires afin de faciliter le d\u00e9placement dans la salle de bain. Le choix judicieux des meubles vous permettra \u00e9galement d\u2019optimiser l\u2019espace.<\/span><\/p>\n<h3><span style=\"font-weight: 400;\">Rythmes et routines<\/span><\/h3>\n<p><span style=\"font-weight: 400;\">La salle de bain \u00e9tant un lieu de toilette principalement, les dispositions que vous envisagerez doivent prendre en compte les fr\u00e9quences de son utilisation. Ainsi, songez \u00e0 la distance qu\u2019il faudrait parcourir le matin pour le bain avant d\u2019aller au bureau. Pour les personnes \u00e0 mobilit\u00e9 r\u00e9duite, pensez \u00e0 raccourcir cette distance afin de les soulager.<\/span><\/p>\n<h3><span style=\"font-weight: 400;\">Technique et normes<\/span><\/h3>\n<p><span style=\"font-weight: 400;\">L\u2019emplacement de votre salle de bain devra, d\u2019un point de vue purement technique, \u00eatre en fonction de celui des descentes d\u2019\u00e9vacuation. En effet, les diff\u00e9rents \u00e9quipements, w.c., lavabo, douche ou baignoires, doivent pouvoir s\u2019\u00e9vacuer en pente naturelle. Il est g\u00e9n\u00e9ralement admis que la valeur de cette pente varie entre 1 et 2\u00a0cm par m\u00e8tre. De plus, il est fortement d\u00e9conseill\u00e9 d\u2019installer la salle de bain \u00e0 plus de 10\u00a0m de l\u2019emplacement des descentes d\u2019\u00e9vacuation.\u00a0<\/span><\/p>\n<p><span style=\"font-weight: 400;\">La salle de bain unique pour un usage familial requiert g\u00e9n\u00e9ralement une superficie minimale de 5 m\u00b2. Cette surface vous permettra d\u2019installer une double vasque de 120\u00a0cm de hauteur, une douche de dimensions 80 \u00d7 80\u00a0cm et une baignoire de dimensions 180 \u00d7 80\u00a0cm.<\/span><\/p>\n<p><span style=\"font-weight: 400;\">Enfin, une petite salle d\u2019eau, install\u00e9e en suppl\u00e9ment d\u2019une salle de bain ou attach\u00e9e \u00e0 une chambre, doit avoir une surface minimale de 3 m\u00b2. Cette superficie est suffisante pour l\u2019installation d\u2019une salle de bain \u00e0 l\u2019italienne et d\u2019une vasque.<\/span><\/p>\n<\/div><\/div><div class=\"w-separator size_medium\"><\/div><div class=\"w-btn-wrapper width_auto align_center\"><a class=\"w-btn us-btn-style_2\" title=\"Demander un devis\" target=\"_blank\" href=\"https:\/\/devis.eldo.com\/salle-de-bain\/france?utm_source=gmb&amp;utm_medium=SEO&amp;utm_campaign=salle-plan-creation\" rel=\"noopener\"><span class=\"w-btn-label\">Je cherche un pro de confiance<\/span><\/a><\/div><div class=\"w-separator size_medium\"><\/div><div class=\"wpb_text_column\" ><div class=\"wpb_wrapper\"><h2><span style=\"font-weight: 400;\">Ne pas se tromper sur les dimensions des sanitaires<\/span><\/h2>\n<p><span style=\"font-weight: 400;\">Afin de rendre v\u00e9ritablement confortable votre salle de bain, il est important que les \u00e9quipements sanitaires que vous installerez respectent les dimensions de la pi\u00e8ce. Aussi, est-il important que vous teniez compte de votre morphologie.<\/span><\/p>\n<h3><span style=\"font-weight: 400;\">\u00c9quilibrez les volumes<\/span><\/h3>\n<p><span style=\"font-weight: 400;\">Une baignoire trop grande, des vasques trop larges et une douche trop petite enl\u00e8vent tout le plaisir et la fonctionnalit\u00e9 de votre salle de bain. En effet, lorsque l\u2019ouverture bute sur des obstacles en permanence, cela cr\u00e9e des d\u00e9sagr\u00e9ments et \u00f4te tout confort dans la salle de bains. \u00c9galement, une pi\u00e8ce dans laquelle le d\u00e9placement est r\u00e9duit ne permet pas d\u2019assurer ses fonctions premi\u00e8res.<\/span><\/p>\n<p><span style=\"font-weight: 400;\">C\u2019est pourquoi il sera important d\u2019optimiser l\u2019espace dans votre salle de bain. Pour ce faire, prenez le soin de prendre les \u00e9quipements sanitaires ayant des dimensions proportionnelles avec le volume de votre salle d\u2019eau.<\/span><\/p>\n<h3><span style=\"font-weight: 400;\">Consid\u00e9rez votre morphologie<\/span><\/h3>\n<p><span style=\"font-weight: 400;\">Se pr\u00e9lasser dans une baignoire dans laquelle les pieds d\u00e9bordent largement est une exp\u00e9rience tr\u00e8s d\u00e9sagr\u00e9able. Il en est de m\u00eame pour les lavabos trop courts, les w.c. trop larges et les douches trop \u00e9troites. Prenez \u00e9galement en consid\u00e9ration vos mensurations, votre morphologie et votre taille dans le choix des \u00e9quipements sanitaires.<\/span><\/p>\n<\/div><\/div><div class=\"w-separator size_medium\"><\/div><div class=\"w-btn-wrapper width_auto align_center\"><a class=\"w-btn us-btn-style_2\" title=\"Demander un devis\" target=\"_blank\" href=\"https:\/\/devis.eldo.com\/salle-de-bain\/france?utm_source=gmb&amp;utm_medium=SEO&amp;utm_campaign=salle-plan-creation\" rel=\"noopener\"><span class=\"w-btn-label\">Demander un devis<\/span><\/a><\/div><div class=\"w-separator size_medium\"><\/div><div class=\"w-image align_center\"><div class=\"w-image-h\"><img width=\"600\" height=\"400\" src=\"https:\/\/www.eldo.com\/guide\/wp-content\/uploads\/2021\/12\/9-600x400.jpg\" class=\"attachment-us_600_400 size-us_600_400\" alt=\"\" srcset=\"https:\/\/www.eldo.com\/guide\/wp-content\/uploads\/2021\/12\/9-600x400.jpg 600w, https:\/\/www.eldo.com\/guide\/wp-content\/uploads\/2021\/12\/9-300x200.jpg 300w, https:\/\/www.eldo.com\/guide\/wp-content\/uploads\/2021\/12\/9-1024x683.jpg 1024w\" sizes=\"(max-width: 600px) 100vw, 600px\" \/><\/div><\/div><div class=\"w-separator size_medium\"><\/div><div \" class=\"faq_question_container\"><h2 class=\"faq_question_title\">Comment donner un maximum d\u2019importance aux ouvertures\u2009?<\/h2><div class=\"faq_question_content\"><p><span style=\"font-weight: 400;\">Les ouvertures dans la salle de bain sont tr\u00e8s importantes, car elles apportent de l\u2019a\u00e9ration et luttent ainsi contre l\u2019humidit\u00e9, les moisissures et les impressions d\u2019air vici\u00e9. Lorsque la configuration de la pi\u00e8ce d\u2019eau ne permet pas suffisamment d\u2019ouverture, vous pourrez proc\u00e9der de diff\u00e9rentes mani\u00e8res pour leur apporter de l\u2019importance.<\/span><\/p>\n<h3><span style=\"font-weight: 400;\">Ventilation<\/span><\/h3>\n<p><span style=\"font-weight: 400;\">Si votre salle de bain est d\u00e9pourvue de ventilation naturelle suffisante, vous pourrez installer des \u00e9quipements de ventilation m\u00e9canique. Il s\u2019agit de poser des extracteurs d\u2019air afin de r\u00e9guler le taux d\u2019humidit\u00e9.\u00a0<\/span><\/p>\n<h3><span style=\"font-weight: 400;\">Lumi\u00e8re<\/span><\/h3>\n<p><span style=\"font-weight: 400;\">La lumi\u00e8re est un parfait \u00e9l\u00e9ment qui apporte une sensation d\u2019espace et de bonne a\u00e9ration dans une pi\u00e8ce. Ainsi, il vous est conseill\u00e9 de suffisamment \u00e9clairer votre salle de bain afin de maximiser l\u2019impression d\u2019ouverture et d\u2019y apporter de la chaleur.<\/span><\/p>\n<h3><span style=\"font-weight: 400;\">Occulter sans fermer<\/span><\/h3>\n<p><span style=\"font-weight: 400;\">Les salles de bain, du fait de leur faible superficie, tendent \u00e0 donner une impression d\u2019emprisonnement lorsqu\u2019elles sont compl\u00e8tement closes. C\u2019est pourquoi il est g\u00e9n\u00e9ralement conseill\u00e9 de pr\u00e9f\u00e9rer des cloisons ou de simple brise-vue aux portes. Cela permet de marquer la s\u00e9paration de la pi\u00e8ce sans, toutefois, cr\u00e9er un sentiment d\u2019enfermement.<\/span><\/p>\n<h3><span style=\"font-weight: 400;\">Projections lumineuses<\/span><\/h3>\n<p><span style=\"font-weight: 400;\">Pour les projections lumineuses dans la salle de bain, \u00e9vitez d\u2019y installer une luminosit\u00e9 strictement fonctionnelle. En effet, l\u2019\u00e9clairage fonctionnel apporte, dans votre salle de bain, une ambiance glaciale et morne, bien qu\u2019essentiel surtout lorsque vous utilisez le miroir. Il vous faudra l\u2019associer \u00e0 un \u00e9clairage d\u2019ambiance plus chaud afin d\u2019installer de v\u00e9ritables moments de d\u00e9tente dans votre salle de bain.<\/span><\/p>\n<\/div><\/div><div class=\"w-separator size_medium\"><\/div><div class=\"w-btn-wrapper width_auto align_center\"><a class=\"w-btn us-btn-style_2\" title=\"Demander un devis\" target=\"_blank\" href=\"https:\/\/devis.eldo.com\/salle-de-bain\/france?utm_source=gmb&amp;utm_medium=SEO&amp;utm_campaign=salle-plan-creation\" rel=\"noopener\"><span class=\"w-btn-label\">Expliquer mon projet<\/span><\/a><\/div><div class=\"w-separator size_medium\"><\/div><div \" class=\"faq_question_container\"><h2 class=\"faq_question_title\">Pourquoi faire appel \u00e0 un pro pour r\u00e9aliser les plans de sa salle de bain\u2009?<\/h2><div class=\"faq_question_content\"><p><span style=\"font-weight: 400;\">En suivant ces conseils, vous pourrez ais\u00e9ment r\u00e9aliser, par vous-m\u00eame, les plans de votre salle de bain. Toutefois, faire appel \u00e0 un pro vous sera b\u00e9n\u00e9fique. En effet, le professionnel pourra vous guider dans les aspects les plus techniques de la conception de plans de salle de bain. Avec son exp\u00e9rience et ses comp\u00e9tences, il vous permettra d\u2019\u00e9viter certaines erreurs. Enfin, il pourra vous fournir le <a href=\"https:\/\/www.eldo.com\/guide\/salle-de-bain\/prix\">guide des prix<\/a> de l\u2019installation de salle de bain afin que vous puissiez pr\u00e9parer votre budget en cons\u00e9quence.<\/span><\/p>\n<\/div><\/div><div class=\"w-separator size_medium\"><\/div><div class=\"w-btn-wrapper width_auto align_center\"><a class=\"w-btn us-btn-style_2\" title=\"Demander un devis\" target=\"_blank\" href=\"https:\/\/devis.eldo.com\/salle-de-bain\/france?utm_source=gmb&amp;utm_medium=SEO&amp;utm_campaign=salle-plan-creation\" rel=\"noopener\"><span class=\"w-btn-label\">Demander conseil<\/span><\/a><\/div><\/div><\/div><\/div><\/div><\/div><\/section><section class=\"l-section wpb_row height_medium\"><div class=\"l-section-h i-cf\"><div class=\"g-cols vc_row type_default valign_top\"><div class=\"vc_col-sm-12 wpb_column vc_column_container\"><div class=\"vc_column-inner\"><div class=\"wpb_wrapper\"><\/div><\/div><\/div><\/div><\/div><\/section><section class=\"l-section wpb_row us_custom_e91755c2 height_auto width_full with_overlay\"><div class=\"l-section-overlay\" style=\"background: #ebebeb\"><\/div><div class=\"l-section-h i-cf\"><div class=\"g-cols vc_row type_boxes valign_middle\"><div class=\"vc_col-sm-12 wpb_column vc_column_container has-fill\"><div class=\"vc_column-inner us_custom_3e343dbc\"><div class=\"wpb_wrapper\"><p class=\"w-itext us_custom_6df4bc3a type_typingChars align_center\" onclick='return {&quot;duration&quot;:300,&quot;delay&quot;:2000,&quot;disablePartAnimation&quot;:false,&quot;dynamicColor&quot;:&quot;#ffffff&quot;,&quot;html_nbsp_char&quot;:true}'>Je\u00a0cherche\u00a0un\u00a0pro\u00a0\u00e0\u00a0<span class=\"w-itext-part changesat_0 changesat_1 changesat_2 changesat_3 changesat_4 dynamic\" style=\"color:#ffffff\" onclick='return [&quot;Bordeaux&quot;,&quot;Toulouse&quot;,&quot;Paris&quot;,&quot;Nantes&quot;,&quot;Marseille&quot;]'><span>Bordeaux<\/span><i class=\"w-itext-cursor\"><\/i><\/span><\/p><div class=\"w-separator size_small\"><\/div><div class=\"w-btn-wrapper width_auto align_center\"><a class=\"w-btn us-btn-style_2\" title=\"Demander un devis\" target=\"_blank\" href=\"https:\/\/devis.eldo.com\/salle-de-bain\/france?utm_source=gmb&amp;utm_medium=SEO&amp;utm_campaign=salle-plan-creation\" rel=\"noopener\"><span class=\"w-btn-label\">Trouver un pro de confiance<\/span><\/a><\/div><\/div><\/div><\/div><\/div><\/div><\/section>\n","protected":false},"excerpt":{"rendered":"Comment r\u00e9aliser les plans pour une salle de bain\u2009? Guides travauxPages D\u2019ordinaire, la conception de la salle de bain se fait selon les go\u00fbts de chacun, si bien que vous voudrez en faire le plan tout seul. Si r\u00e9aliser les plans de sa salle de bain semble simple, dans la pratique, cela se r\u00e9v\u00e8le plus...","protected":false},"author":5,"featured_media":6659,"parent":6431,"menu_order":0,"comment_status":"closed","ping_status":"closed","template":"","meta":[],"page_tags":[],"_links":{"self":[{"href":"https:\/\/www.eldo.com\/guide\/wp-json\/wp\/v2\/pages\/6437"}],"collection":[{"href":"https:\/\/www.eldo.com\/guide\/wp-json\/wp\/v2\/pages"}],"about":[{"href":"https:\/\/www.eldo.com\/guide\/wp-json\/wp\/v2\/types\/page"}],"author":[{"embeddable":true,"href":"https:\/\/www.eldo.com\/guide\/wp-json\/wp\/v2\/users\/5"}],"replies":[{"embeddable":true,"href":"https:\/\/www.eldo.com\/guide\/wp-json\/wp\/v2\/comments?post=6437"}],"version-history":[{"count":10,"href":"https:\/\/www.eldo.com\/guide\/wp-json\/wp\/v2\/pages\/6437\/revisions"}],"predecessor-version":[{"id":10713,"href":"https:\/\/www.eldo.com\/guide\/wp-json\/wp\/v2\/pages\/6437\/revisions\/10713"}],"up":[{"embeddable":true,"href":"https:\/\/www.eldo.com\/guide\/wp-json\/wp\/v2\/pages\/6431"}],"wp:featuredmedia":[{"embeddable":true,"href":"https:\/\/www.eldo.com\/guide\/wp-json\/wp\/v2\/media\/6659"}],"wp:attachment":[{"href":"https:\/\/www.eldo.com\/guide\/wp-json\/wp\/v2\/media?parent=6437"}],"wp:term":[{"taxonomy":"page_tags","embeddable":true,"href":"https:\/\/www.eldo.com\/guide\/wp-json\/wp\/v2\/page_tags?post=6437"}],"curies":[{"name":"wp","href":"https:\/\/api.w.org\/{rel}","templated":true}]}}