{"id":6427,"date":"2021-12-07T15:58:18","date_gmt":"2021-12-07T15:58:18","guid":{"rendered":"https:\/\/www.eldo.com\/guide\/?page_id=6427"},"modified":"2022-04-20T10:11:22","modified_gmt":"2022-04-20T10:11:22","slug":"comment-beneficier-de-laide-salle-de-bain-a-1-e","status":"publish","type":"page","link":"https:\/\/www.eldo.com\/guide\/salle-de-bain\/prix\/aides\/1e","title":{"rendered":"Comment b\u00e9n\u00e9ficier de l\u2019aide salle de bain \u00e0 1 \u20ac"},"content":{"rendered":"<section class=\"l-section wpb_row us_custom_e91755c2 height_auto width_full with_overlay\"><div class=\"l-section-overlay\" style=\"background: #ffffff\"><\/div><div class=\"l-section-h i-cf\"><div class=\"g-cols vc_row type_boxes valign_middle gap-10px\"><style>.g-cols.gap-10px{margin:0 -10px}.gap-10px > .vc_column_container {padding:10px}<\/style><div class=\"vc_col-sm-12 wpb_column vc_column_container has-fill has_text_color\"><div class=\"vc_column-inner us_custom_8d885bab\"><div class=\"wpb_wrapper\"><div class=\"wpb_text_column us_custom_89145601 has_text_color\" ><div class=\"wpb_wrapper\"><h1 style=\"text-align: center;\"><span style=\"font-weight: 400;\">Comment b\u00e9n\u00e9ficier de l\u2019aide salle de bain \u00e0 1\u00a0\u20ac<\/span><\/h1>\n<\/div><\/div><div class=\"w-separator size_medium\"><\/div><ol class=\"g-breadcrumbs us_custom_5c92be9c separator_icon align_left has_text_color\"><li class=\"g-breadcrumbs-item\"><a href=\"https:\/\/www.eldo.com\/guide\/\">Guides travaux<\/a><meta content=\"1\"\/><\/li><li class=\"g-breadcrumbs-separator\"><i class=\"far fa-angle-right\"><\/i><\/li><li class=\"g-breadcrumbs-item\">Pages<\/li><\/ol><\/div><\/div><\/div><\/div><\/div><\/section><section class=\"l-section wpb_row us_custom_e91755c2 height_auto width_full with_overlay\"><div class=\"l-section-overlay\" style=\"background: #ffffff\"><\/div><div class=\"l-section-h i-cf\"><div class=\"g-cols vc_row type_boxes valign_middle gap-10px\"><style>.g-cols.gap-10px{margin:0 -10px}.gap-10px > .vc_column_container {padding:10px}<\/style><div class=\"vc_col-sm-12 wpb_column vc_column_container\"><div class=\"vc_column-inner\"><div class=\"wpb_wrapper\"><div class=\"wpb_text_column us_custom_08d2243f has_text_color\" ><div class=\"wpb_wrapper\">\n<\/div><\/div><div class=\"wpb_text_column us_custom_1eefa3cd has_text_color\" ><div class=\"wpb_wrapper\"><p><span style=\"font-weight: 400;\">Pi\u00e8ce indispensable dans une maison, la salle de bain vous permet de maintenir votre hygi\u00e8ne corporelle. Votre petite salle d\u2019eau est \u00e9galement id\u00e9ale pour vous relaxer apr\u00e8s une dure journ\u00e9e de travail.\u00a0<\/span><\/p>\n<p><span style=\"font-weight: 400;\">Par cons\u00e9quent, il vous sera indispensable de maintenir votre pi\u00e8ce d\u2019eau dans un \u00e9tat de fonctionnement irr\u00e9prochable. Pour ce faire, vous pourrez \u00eatre appel\u00e9 \u00e0 r\u00e9aliser des travaux de r\u00e9novation salle de bain. Toutefois, les travaux op\u00e9r\u00e9s dans le cadre des r\u00e9novations des pi\u00e8ces humides s\u2019av\u00e8rent g\u00e9n\u00e9ralement on\u00e9reux<\/span><\/p>\n<p><span style=\"font-weight: 400;\">Pour\u00a0 garantir un meilleur logement \u00e0 tous, et surtout afin de combattre la pr\u00e9carit\u00e9, les organismes \u00e9tatiques ont cr\u00e9\u00e9 un panel d\u2019aides. Ces aides visent \u00e0 permettre aux m\u00e9nages \u00e0 revenus modestes de faire face aux charges relatives \u00e0 la r\u00e9novation de salle de bain. Parmi ces aides, on peut citer Action Logement, qui propose l\u2019aide salle de bain \u00e0 1\u00a0euro.\u00a0<\/span><\/p>\n<p><span style=\"font-weight: 400;\">Tout savoir sur le plan Action Logement et comment b\u00e9n\u00e9ficier de l\u2019aide salle de bain \u00e0 1\u00a0euro.<\/span><\/p>\n<\/div><\/div><\/div><\/div><\/div><\/div><\/div><\/section><section class=\"l-section wpb_row height_auto width_full\"><div class=\"l-section-h i-cf\"><div class=\"g-cols vc_row type_boxes valign_middle gap-10px\"><style>.g-cols.gap-10px{margin:0 -10px}.gap-10px > .vc_column_container {padding:10px}<\/style><div class=\"vc_col-sm-12 wpb_column vc_column_container has-fill\"><div class=\"vc_column-inner us_custom_4fb9e5a3\"><div class=\"wpb_wrapper\"><div class=\"w-image align_center\"><div class=\"w-image-h\"><img width=\"512\" height=\"320\" src=\"https:\/\/www.eldo.com\/guide\/wp-content\/uploads\/2021\/12\/zz.jpg\" class=\"attachment-large size-large\" alt=\"\" srcset=\"https:\/\/www.eldo.com\/guide\/wp-content\/uploads\/2021\/12\/zz.jpg 512w, https:\/\/www.eldo.com\/guide\/wp-content\/uploads\/2021\/12\/zz-300x188.jpg 300w, https:\/\/www.eldo.com\/guide\/wp-content\/uploads\/2021\/12\/zz-600x375.jpg 600w\" sizes=\"(max-width: 512px) 100vw, 512px\" \/><\/div><\/div><div class=\"w-separator size_medium\"><\/div><div \" class=\"faq_question_container\"><h2 class=\"faq_question_title\">Comment b\u00e9n\u00e9ficier de l\u2019aide salle de bain \u00e0 1 \u20ac ?<\/h2><div class=\"faq_question_content\"><p><span style=\"font-weight: 400;\">Tout comme le programme habiter mieux de l\u2019Agence Nationale pour l\u2019Am\u00e9lioration de l\u2019Habitat, le plan Action Logement vise \u00e0 accompagner tout particulier d\u00e9sireux d\u2019adapter son logement. Pour financer les travaux de r\u00e9novation des logements, le plan Action Logement est mis en place sur tout le territoire fran\u00e7ais. Il consiste \u00e0 octroyer des aides aussi bien aux propri\u00e9taires de logement qu\u2019aux locataires.\u00a0<\/span><\/p>\n<p><span style=\"font-weight: 400;\">Au nombre des travaux \u00e9ligibles au b\u00e9n\u00e9fice de cette aide figure la r\u00e9novation de salle de bain afin de l\u2019adaptation du logement au vieillissement des personnes. Par cons\u00e9quent, les personnes \u00e2g\u00e9es sont la cible privil\u00e9gi\u00e9e de cette aide.<\/span><\/p>\n<h3>Le type d\u2019aides que propose le plan Action Logement<\/h3>\n<p><span style=\"font-weight: 400;\">Avec Action Logement, un grand nombre de Fran\u00e7ais parviennent \u00e0 am\u00e9liorer les conditions pr\u00e9caires de leur maison pour des normes recommand\u00e9es. En effet, ils b\u00e9n\u00e9ficient d\u2019un financement des travaux, partiel ou parfois int\u00e9gral, bien entendu sous conditions. Ces derni\u00e8res sont d\u2019ordre financier. Elles sont \u00e9galement relatives \u00e0 des questions d\u2019\u00e9ligibilit\u00e9 concernant aussi bien les propri\u00e9taires de maison que les locataires.<\/span><\/p>\n<h4>Aides apport\u00e9es aux propri\u00e9taires<\/h4>\n<p><span style=\"font-weight: 400;\">Avec les aides pr\u00e9vues par Action Logement, si vous \u00eates propri\u00e9taire, vous pourrez r\u00e9aliser diff\u00e9rents travaux pour am\u00e9liorer le confort de votre maison.<\/span><\/p>\n<p><span style=\"font-weight: 400;\">Premi\u00e8rement, vous pourrez faire adapter votre salle de bain aux besoins d\u00e9coulant de votre vieillissement. Pour ces types de travaux, il pourra vous \u00eatre accord\u00e9 une subvention allant jusqu\u2019\u00e0 5<\/span><span style=\"font-weight: 400;\">\u2009<\/span><span style=\"font-weight: 400;\">000\u00a0euros.\u00a0<\/span><\/p>\n<p><span style=\"font-weight: 400;\">Aussi, les propri\u00e9taires pourront r\u00e9aliser des travaux d\u2019extension de leur logement, auquel cas l\u2019aide pourra avoisiner 10<\/span><span style=\"font-weight: 400;\">\u2009<\/span><span style=\"font-weight: 400;\">000\u00a0euros.\u00a0<\/span><\/p>\n<p><span style=\"font-weight: 400;\">Troisi\u00e8me possibilit\u00e9 avec l\u2019aide Action Logement, le propri\u00e9taire pourra r\u00e9aliser de gros travaux de r\u00e9novation compl\u00e8te de sa maison. Ce type d\u2019aide est plafonn\u00e9 \u00e0 20<\/span><span style=\"font-weight: 400;\">\u2009<\/span><span style=\"font-weight: 400;\">000\u00a0euros.<\/span><\/p>\n<p><span style=\"font-weight: 400;\">Enfin, les propri\u00e9taires de maison pourront profiter de 40\u00a0% du pr\u00eat \u00ab\u00a0Accession\u00a0\u00bb d\u2019Action Logement. Ce pr\u00eat est pr\u00e9vu dans le cadre des op\u00e9rations sociales d\u2019accession \u00e0 la propri\u00e9t\u00e9, et est plafonn\u00e9 \u00e0 40<\/span><span style=\"font-weight: 400;\">\u2009<\/span><span style=\"font-weight: 400;\">000\u00a0euros.<\/span><\/p>\n<p><span style=\"font-weight: 400;\">Pour tous ces types d\u2019aides, il est \u00e9galement loisible aux propri\u00e9taires de faire un apport personnel sur la subvention accord\u00e9e par le plan Action Logement.<\/span><\/p>\n<h4>Aides apport\u00e9es aux locataires<\/h4>\n<p><span style=\"font-weight: 400;\">Au profit des locataires, le plan Action Logement propose toute une s\u00e9rie d\u2019aides assez diversifi\u00e9es afin de leur permettre de trouver un logement d\u00e9cent. En effet, les locataires seniors pourront b\u00e9n\u00e9ficier d\u2019aides financi\u00e8res dans le but de la r\u00e9novation de leur salle de bain.\u00a0<\/span><\/p>\n<p><span style=\"font-weight: 400;\">De plus, ils pourront b\u00e9n\u00e9ficier d\u2019une offre de logements locatifs et d\u2019une garantie vitale afin d\u2019\u00eatre couverts lorsqu\u2019ils seront dans l\u2019incapacit\u00e9 de verser leur loyer. Cette garantie est g\u00e9n\u00e9ralement octroy\u00e9e en pr\u00e9vision d\u2019une \u00e9ventuelle perte d\u2019autonomie du locataire.<\/span><\/p>\n<p><span style=\"font-weight: 400;\">Enfin, les locataires de maison pourront b\u00e9n\u00e9ficier, dans le cadre du plan Action Logement, de l\u2019avance LOCA-PASS. Il s\u2019agit d\u2019un pr\u00eat visant \u00e0 financer la caution du bail.\u00a0<\/span><\/p>\n<h4>Les aides sp\u00e9cifiques pour la r\u00e9novation de salle de bain sont pr\u00e9vues par le plan Action Logement<\/h4>\n<p><span style=\"font-weight: 400;\">En plus d\u2019\u00eatre un plan d\u2019aide au logement, Action Logement est \u00e9galement un ensemble de plusieurs entreprises et agences install\u00e9es dans toute la France. Il s\u2019agit essentiellement d\u2019entreprises sp\u00e9cialis\u00e9es dans les travaux de r\u00e9novation, notamment la r\u00e9novation de salle de bain. Pour l\u2019accompagnement, pouvant atteindre 5<\/span><span style=\"font-weight: 400;\">\u2009<\/span><span style=\"font-weight: 400;\">000\u00a0euros, il est identifi\u00e9 certains travaux de r\u00e9novation salle de bain \u00e9ligibles.<\/span><\/p>\n<ul>\n<li style=\"font-weight: 400;\" aria-level=\"1\"><span style=\"font-weight: 400;\">Premi\u00e8rement, l\u2019installation d\u2019une douche \u00e0 l\u2019italienne avec receveur s\u00e9curis\u00e9 et antid\u00e9rapant en remplacement \u00e0 une baignoire\u00a0;<\/span><\/li>\n<li style=\"font-weight: 400;\" aria-level=\"1\"><span style=\"font-weight: 400;\">Ensuite, l\u2019installation d\u2019un lavabo adapt\u00e9 et des barres d\u2019appui afin de faciliter le quotidien des personnes \u00e0 mobilit\u00e9 r\u00e9duite\u00a0;<\/span><\/li>\n<li style=\"font-weight: 400;\" aria-level=\"1\"><span style=\"font-weight: 400;\">Enfin, la pose d\u2019une cuvette de w.c. rehauss\u00e9e, sans oublier l\u2019installation de son r\u00e9servoir.<\/span><\/li>\n<\/ul>\n<p><span style=\"font-weight: 400;\">Il est \u00e0 noter que pour ces diff\u00e9rents travaux, la subvention peut \u00eatre octroy\u00e9e dans son int\u00e9gralit\u00e9, sans obligation d\u2019apport minimum obligatoire. En effet, tous les travaux \u00e9ligibles pourront \u00eatre r\u00e9alis\u00e9s \u00e0 1\u00a0euro si vous d\u00e9cidez de les confier \u00e0 des professionnels des entreprises du r\u00e9seau Action Logement. Vous pourrez \u00e9galement b\u00e9n\u00e9ficier de la totalit\u00e9 de l\u2019aide financi\u00e8re lorsque les travaux seront r\u00e9alis\u00e9s par un professionnel certifi\u00e9 Qualibat.\u00a0\u00a0<\/span><\/p>\n<p><span style=\"font-weight: 400;\">Lorsque les travaux ne sont men\u00e9s ni par un professionnel Action Logement, ni pr\u00e9sentant le label Qualibat, Action Logement subventionnera, \u00e0 hauteur de 50\u00a0%, vos travaux de r\u00e9novation, sans condition de ressources.<\/span><\/p>\n<\/div><\/div><div class=\"w-separator size_medium\"><\/div><div class=\"w-image align_center\"><div class=\"w-image-h\"><img width=\"480\" height=\"240\" src=\"https:\/\/www.eldo.com\/guide\/wp-content\/uploads\/2021\/12\/zz-1.jpg\" class=\"attachment-large size-large\" alt=\"\" srcset=\"https:\/\/www.eldo.com\/guide\/wp-content\/uploads\/2021\/12\/zz-1.jpg 480w, https:\/\/www.eldo.com\/guide\/wp-content\/uploads\/2021\/12\/zz-1-300x150.jpg 300w\" sizes=\"(max-width: 480px) 100vw, 480px\" \/><\/div><\/div><div class=\"w-separator size_medium\"><\/div><div class=\"w-btn-wrapper width_auto align_center\"><a class=\"w-btn us-btn-style_2\" title=\"Demander un devis\" target=\"_blank\" href=\"https:\/\/devis.eldo.com\/salle-de-bain\/france?utm_source=gmb&amp;utm_medium=SEO&amp;utm_campaign=salle-aide-1euro\" rel=\"noopener\"><span class=\"w-btn-label\">Demander conseil<\/span><\/a><\/div><div class=\"w-separator size_medium\"><\/div><div \" class=\"faq_question_container\"><h2 class=\"faq_question_title\">Que faut-il pour r\u00e9nover sa salle de bain \u00e0 1 euro ?<\/h2><div class=\"faq_question_content\"><p><span style=\"font-weight: 400;\">Loin d\u2019\u00eatre une utopie ou une illusion, gr\u00e2ce au plan national Action Logement, il est bien possible d\u2019effectuer la r\u00e9novation de votre salle de bain \u00e0 1\u00a0euro. En revanche, pour en b\u00e9n\u00e9ficier, vous devez forc\u00e9ment respecter une proc\u00e9dure bien d\u00e9finie.\u00a0<\/span><\/p>\n<p><span style=\"font-weight: 400;\">En effet, il faut premi\u00e8rement vous assurer de respecter les conditions d\u2019\u00e9ligibilit\u00e9, puis monter le dossier requis \u00e0 cet effet. En ce qui concerne les crit\u00e8res d\u2019\u00e9ligibilit\u00e9, outre les conditions mentionn\u00e9es plus haut, le logement concern\u00e9 doit \u00eatre la r\u00e9sidence principale du demandeur.<\/span><\/p>\n<p><span style=\"font-weight: 400;\">Les pi\u00e8ces constituant le dossier de demande sont\u00a0:<\/span><\/p>\n<ul>\n<li style=\"font-weight: 400;\" aria-level=\"1\"><span style=\"font-weight: 400;\">une pi\u00e8ce d\u2019identit\u00e9, de pr\u00e9f\u00e9rence la carte d\u2019identit\u00e9\u00a0;\u00a0<\/span><\/li>\n<\/ul>\n<ul>\n<li style=\"font-weight: 400;\" aria-level=\"1\"><span style=\"font-weight: 400;\">un document justifiant que le logement concern\u00e9 est votre lieu de r\u00e9sidence ;<\/span><\/li>\n<li style=\"font-weight: 400;\" aria-level=\"1\"><span style=\"font-weight: 400;\">une pi\u00e8ce attestant votre admission \u00e0 la retraite\u00a0;\u00a0<\/span><\/li>\n<li style=\"font-weight: 400;\" aria-level=\"1\"><span style=\"font-weight: 400;\">votre Relev\u00e9 d\u2019Identit\u00e9 Bancaire.\u00a0<\/span><\/li>\n<\/ul>\n<p><span style=\"font-weight: 400;\">En fonction de certains facteurs propres au profil du b\u00e9n\u00e9ficiaire, il pourra \u00eatre demand\u00e9 des pi\u00e8ces compl\u00e9mentaires.<\/span><\/p>\n<p><span style=\"font-weight: 400;\">Mais lorsque le dossier est conforme et que les travaux sont \u00e9ligibles, un professionnel certifi\u00e9 Qualibat, ou partenaire d\u2019Action Logement, \u00e9tablira un devis gratuit. Vous pourrez alors r\u00e9aliser la r\u00e9novation de votre salle de bain \u00e0 1\u00a0euro.\u00a0<\/span><\/p>\n<\/div><\/div><div class=\"w-separator size_medium\"><\/div><div class=\"w-btn-wrapper width_auto align_center\"><a class=\"w-btn us-btn-style_2\" title=\"Demander un devis\" target=\"_blank\" href=\"https:\/\/devis.eldo.com\/salle-de-bain\/france?utm_source=gmb&amp;utm_medium=SEO&amp;utm_campaign=salle-aide-1euro\" rel=\"noopener\"><span class=\"w-btn-label\">Expliquer mon projet<\/span><\/a><\/div><\/div><\/div><\/div><\/div><\/div><\/section><section class=\"l-section wpb_row height_medium\"><div class=\"l-section-h i-cf\"><div class=\"g-cols vc_row type_default valign_top\"><div class=\"vc_col-sm-12 wpb_column vc_column_container\"><div class=\"vc_column-inner\"><div class=\"wpb_wrapper\"><\/div><\/div><\/div><\/div><\/div><\/section><section class=\"l-section wpb_row us_custom_e91755c2 height_auto width_full with_overlay\"><div class=\"l-section-overlay\" style=\"background: #ebebeb\"><\/div><div class=\"l-section-h i-cf\"><div class=\"g-cols vc_row type_boxes valign_middle\"><div class=\"vc_col-sm-12 wpb_column vc_column_container has-fill\"><div class=\"vc_column-inner us_custom_3e343dbc\"><div class=\"wpb_wrapper\"><p class=\"w-itext us_custom_6df4bc3a type_typingChars align_center\" onclick='return {&quot;duration&quot;:300,&quot;delay&quot;:2000,&quot;disablePartAnimation&quot;:false,&quot;dynamicColor&quot;:&quot;#ffffff&quot;,&quot;html_nbsp_char&quot;:true}'>Je\u00a0cherche\u00a0un\u00a0pro\u00a0\u00e0\u00a0<span class=\"w-itext-part changesat_0 changesat_1 changesat_2 changesat_3 changesat_4 dynamic\" style=\"color:#ffffff\" onclick='return [&quot;Bordeaux&quot;,&quot;Toulouse&quot;,&quot;Paris&quot;,&quot;Nantes&quot;,&quot;Marseille&quot;]'><span>Bordeaux<\/span><i class=\"w-itext-cursor\"><\/i><\/span><\/p><div class=\"w-separator size_small\"><\/div><div class=\"w-btn-wrapper width_auto align_center\"><a class=\"w-btn us-btn-style_2\" title=\"Demander un devis\" target=\"_blank\" href=\"https:\/\/devis.eldo.com\/salle-de-bain\/france?utm_source=gmb&amp;utm_medium=SEO&amp;utm_campaign=salle-aide-1euro\" rel=\"noopener\"><span class=\"w-btn-label\">Trouver un pro de confiance<\/span><\/a><\/div><\/div><\/div><\/div><\/div><\/div><\/section>\n","protected":false},"excerpt":{"rendered":"Comment b\u00e9n\u00e9ficier de l\u2019aide salle de bain \u00e0 1\u00a0\u20ac Guides travauxPages Pi\u00e8ce indispensable dans une maison, la salle de bain vous permet de maintenir votre hygi\u00e8ne corporelle. Votre petite salle d\u2019eau est \u00e9galement id\u00e9ale pour vous relaxer apr\u00e8s une dure journ\u00e9e de travail.\u00a0 Par cons\u00e9quent, il vous sera indispensable de maintenir votre pi\u00e8ce d\u2019eau dans...","protected":false},"author":5,"featured_media":6189,"parent":6423,"menu_order":0,"comment_status":"closed","ping_status":"closed","template":"","meta":[],"page_tags":[],"_links":{"self":[{"href":"https:\/\/www.eldo.com\/guide\/wp-json\/wp\/v2\/pages\/6427"}],"collection":[{"href":"https:\/\/www.eldo.com\/guide\/wp-json\/wp\/v2\/pages"}],"about":[{"href":"https:\/\/www.eldo.com\/guide\/wp-json\/wp\/v2\/types\/page"}],"author":[{"embeddable":true,"href":"https:\/\/www.eldo.com\/guide\/wp-json\/wp\/v2\/users\/5"}],"replies":[{"embeddable":true,"href":"https:\/\/www.eldo.com\/guide\/wp-json\/wp\/v2\/comments?post=6427"}],"version-history":[{"count":7,"href":"https:\/\/www.eldo.com\/guide\/wp-json\/wp\/v2\/pages\/6427\/revisions"}],"predecessor-version":[{"id":10707,"href":"https:\/\/www.eldo.com\/guide\/wp-json\/wp\/v2\/pages\/6427\/revisions\/10707"}],"up":[{"embeddable":true,"href":"https:\/\/www.eldo.com\/guide\/wp-json\/wp\/v2\/pages\/6423"}],"wp:featuredmedia":[{"embeddable":true,"href":"https:\/\/www.eldo.com\/guide\/wp-json\/wp\/v2\/media\/6189"}],"wp:attachment":[{"href":"https:\/\/www.eldo.com\/guide\/wp-json\/wp\/v2\/media?parent=6427"}],"wp:term":[{"taxonomy":"page_tags","embeddable":true,"href":"https:\/\/www.eldo.com\/guide\/wp-json\/wp\/v2\/page_tags?post=6427"}],"curies":[{"name":"wp","href":"https:\/\/api.w.org\/{rel}","templated":true}]}}