{"id":6381,"date":"2021-12-06T14:28:42","date_gmt":"2021-12-06T14:28:42","guid":{"rendered":"https:\/\/www.eldo.com\/guide\/?page_id=6381"},"modified":"2022-03-30T15:43:42","modified_gmt":"2022-03-30T15:43:42","slug":"pourquoi-faire-installer-une-baignoire-dangle%e2%80%89","status":"publish","type":"page","link":"https:\/\/www.eldo.com\/guide\/salle-de-bain\/baignoire-vs-douche\/baignoire\/angle","title":{"rendered":"Pourquoi faire installer une baignoire d\u2019angle\u2009?"},"content":{"rendered":"<section class=\"l-section wpb_row us_custom_e91755c2 height_auto width_full with_overlay\"><div class=\"l-section-overlay\" style=\"background: #ffffff\"><\/div><div class=\"l-section-h i-cf\"><div class=\"g-cols vc_row type_boxes valign_middle gap-10px\"><style>.g-cols.gap-10px{margin:0 -10px}.gap-10px > .vc_column_container {padding:10px}<\/style><div class=\"vc_col-sm-12 wpb_column vc_column_container has-fill has_text_color\"><div class=\"vc_column-inner us_custom_afd20e8c\"><div class=\"wpb_wrapper\"><div class=\"wpb_text_column us_custom_89145601 has_text_color\" ><div class=\"wpb_wrapper\"><h1 style=\"text-align: center;\">Pourquoi faire installer une baignoire d\u2019angle\u2009?<\/h1>\n<\/div><\/div><div class=\"w-separator size_medium\"><\/div><ol class=\"g-breadcrumbs us_custom_5c92be9c separator_icon align_left has_text_color\"><li class=\"g-breadcrumbs-item\"><a href=\"https:\/\/www.eldo.com\/guide\/\">Guides travaux<\/a><meta content=\"1\"\/><\/li><li class=\"g-breadcrumbs-separator\"><i class=\"far fa-angle-right\"><\/i><\/li><li class=\"g-breadcrumbs-item\">Pages<\/li><\/ol><\/div><\/div><\/div><\/div><\/div><\/section><section class=\"l-section wpb_row us_custom_e91755c2 height_auto width_full with_overlay\"><div class=\"l-section-overlay\" style=\"background: #ffffff\"><\/div><div class=\"l-section-h i-cf\"><div class=\"g-cols vc_row type_boxes valign_middle gap-10px\"><style>.g-cols.gap-10px{margin:0 -10px}.gap-10px > .vc_column_container {padding:10px}<\/style><div class=\"vc_col-sm-12 wpb_column vc_column_container\"><div class=\"vc_column-inner\"><div class=\"wpb_wrapper\"><div class=\"wpb_text_column us_custom_08d2243f has_text_color\" ><div class=\"wpb_wrapper\">\n<\/div><\/div><div class=\"wpb_text_column us_custom_1eefa3cd has_text_color\" ><div class=\"wpb_wrapper\"><p><span style=\"font-weight: 400;\">Alliant confort et \u00e9l\u00e9gance, la baignoire d\u2019angle avec ses airs de jacuzzi est sans doute le meilleur choix pour votre salle de bain atypique. Malgr\u00e9 sa forme asym\u00e9trique, elle est pratique et permet d\u2019optimiser l\u2019espace dans votre petite salle d\u2019eau. Elle existe en plusieurs mod\u00e8les et est dot\u00e9e de multiples fonctions qui rendront\u00a0exceptionnelle votre salle de bain-douche. Quels sont les avantages et inconv\u00e9nients li\u00e9s \u00e0 l\u2019installation d\u2019une baignoire d\u2019angle\u2009?<\/span><\/p>\n<\/div><\/div><div class=\"w-separator size_medium\"><\/div><div class=\"w-image align_center\"><div class=\"w-image-h\"><img width=\"512\" height=\"342\" src=\"https:\/\/www.eldo.com\/guide\/wp-content\/uploads\/2021\/12\/la-baignoire-d-angle-2395-720-0.jpg\" class=\"attachment-us_800_600 size-us_800_600\" alt=\"\" srcset=\"https:\/\/www.eldo.com\/guide\/wp-content\/uploads\/2021\/12\/la-baignoire-d-angle-2395-720-0.jpg 512w, https:\/\/www.eldo.com\/guide\/wp-content\/uploads\/2021\/12\/la-baignoire-d-angle-2395-720-0-300x200.jpg 300w, https:\/\/www.eldo.com\/guide\/wp-content\/uploads\/2021\/12\/la-baignoire-d-angle-2395-720-0-600x400.jpg 600w\" sizes=\"(max-width: 512px) 100vw, 512px\" \/><\/div><\/div><\/div><\/div><\/div><\/div><\/div><\/section><section class=\"l-section wpb_row height_auto width_full\"><div class=\"l-section-h i-cf\"><div class=\"g-cols vc_row type_boxes valign_middle gap-10px\"><style>.g-cols.gap-10px{margin:0 -10px}.gap-10px > .vc_column_container {padding:10px}<\/style><div class=\"vc_col-sm-12 wpb_column vc_column_container has-fill\"><div class=\"vc_column-inner us_custom_4fb9e5a3\"><div class=\"wpb_wrapper\"><div \" class=\"faq_question_container\"><h2 class=\"faq_question_title\">Dans quel cas installer une baignoire d\u2019angle\u2009?<\/h2><div class=\"faq_question_content\"><p><span style=\"font-weight: 400;\">Plusieurs raisons peuvent stimuler le choix d\u2019une baignoire d\u2019angle. Entre autres\u00a0:<\/span><\/p>\n<ul>\n<li style=\"font-weight: 400;\" aria-level=\"1\"><span style=\"font-weight: 400;\">la forme inhabituelle de la salle de bain\u2009;\u00a0<\/span><\/li>\n<li style=\"font-weight: 400;\" aria-level=\"1\"><span style=\"font-weight: 400;\">une alternative aux baignoires rectangulaires traditionnelle\u2009;<\/span><\/li>\n<li style=\"font-weight: 400;\" aria-level=\"1\"><span style=\"font-weight: 400;\">le manque d\u2019espace\u2009;<\/span><\/li>\n<li style=\"font-weight: 400;\" aria-level=\"1\"><span style=\"font-weight: 400;\">les pr\u00e9f\u00e9rences personnelles, etc.<\/span><\/li>\n<\/ul>\n<p><span style=\"font-weight: 400;\">Elle est un excellent choix lorsque vous vous trouvez confront\u00e9 \u00e0 une pi\u00e8ce en angle ou \u00e0 un toit en pente. Elle augmente vos chances d\u2019installer aussi une douche \u00e0 l\u2019italienne, et repr\u00e9sente un gain de place de plus pour des rangements.<\/span><\/p>\n<p><span style=\"font-weight: 400;\">Contrairement \u00e0 la baignoire rectangulaire classique et \u00e0 la cabine de douche, il est plus adapt\u00e9 aux tout petits. Consid\u00e9rant la taille et le volume d\u2019eau qu\u2019il peut consommer, l\u2019installation d\u2019une baignoire d\u2019angle peut\u00a0susciter des interrogations.<\/span><\/p>\n<p><span style=\"font-weight: 400;\">N\u00e9anmoins, il existe des mod\u00e8les dont la consommation d\u2019eau est vraiment moindre. Il est parfait pour la d\u00e9co de salle de bain et pour le bain de vos bouts de choux.<\/span><\/p>\n<\/div><\/div><div class=\"w-separator size_medium\"><\/div><div class=\"w-btn-wrapper width_auto align_center\"><a class=\"w-btn us-btn-style_2\" title=\"Demander un devis\" target=\"_blank\" href=\"https:\/\/devis.eldo.com\/salle-de-bain\/france?utm_source=gmb&amp;utm_medium=SEO&amp;utm_campaign=angle-baignoire\" rel=\"noopener\"><span class=\"w-btn-label\">Demander un devis<\/span><\/a><\/div><div class=\"w-separator size_medium\"><\/div><div \" class=\"faq_question_container\"><h2 class=\"faq_question_title\">Quels sont les avantages et les inconv\u00e9nients d\u2019une baignoire d\u2019angle\u2009?<\/h2><div class=\"faq_question_content\"><p><span style=\"font-weight: 400;\">Des avantages, la baignoire d\u2019angle en a une multitude. Malheureusement, il faudra \u00e9galement faire avec ses inconv\u00e9nients<\/span><b>.<\/b><\/p>\n<h3>Les avantages de la baignoire d\u2019angle<\/h3>\n<p><span style=\"font-weight: 400;\">En tenant compte des mesures d\u2019une baignoire rectangulaire qui est de 180 \u00d7 80\u00a0cm, la baignoire d\u2019angle est un meilleur choix. En effet, du haut de ses 140 \u00d7 140\u00a0cm, elle dispose de plus d\u2019espace et un acc\u00e8s facile. Vous pourrez prendre, en toute relaxation, le bain allong\u00e9 \u00e0 deux en amoureux.\u00a0<\/span><\/p>\n<p><span style=\"font-weight: 400;\">Vous pourrez aussi donner leurs bains \u00e0 deux enfants en m\u00eame temps.\u00a0<\/span><\/p>\n<p><span style=\"font-weight: 400;\">Elle peut \u00eatre install\u00e9e dans l\u2019angle de vos petites salles de bain. Ce qui permet de l\u2019optimiser et de vous offrir de l\u2019espace pour am\u00e9nager une douche selon la superficie de la salle. Elle offre \u00e0 votre espace douche, une atmosph\u00e8re spa. Prendre un bain devient donc une partie de plaisir. Avec la baignoire d\u2019angle, vous pouvez m\u00eame vous offrir de l\u2019hydromassage.<\/span><\/p>\n<h3>Les inconv\u00e9nients de la baignoire d\u2019angle<\/h3>\n<p><span style=\"font-weight: 400;\">Malgr\u00e9 les nombreux atouts de la baignoire d\u2019angle, elle ne manque pas d\u2019inconv\u00e9nients. Le co\u00fbt d\u2019achat est nettement plus \u00e9lev\u00e9 qu\u2019une baignoire classique. Aussi, il ne s\u2019adapte pas \u00e0 tous les types de salles de bain, contrairement \u00e0 une baignoire standard.<\/span><\/p>\n<\/div><\/div><div class=\"w-separator size_medium\"><\/div><div class=\"w-image align_center\"><div class=\"w-image-h\"><img width=\"512\" height=\"512\" src=\"https:\/\/www.eldo.com\/guide\/wp-content\/uploads\/2021\/12\/15732-baignoire-dangle-love-you-black.jpg\" class=\"attachment-large size-large\" alt=\"\" srcset=\"https:\/\/www.eldo.com\/guide\/wp-content\/uploads\/2021\/12\/15732-baignoire-dangle-love-you-black.jpg 512w, https:\/\/www.eldo.com\/guide\/wp-content\/uploads\/2021\/12\/15732-baignoire-dangle-love-you-black-300x300.jpg 300w, https:\/\/www.eldo.com\/guide\/wp-content\/uploads\/2021\/12\/15732-baignoire-dangle-love-you-black-150x150.jpg 150w, https:\/\/www.eldo.com\/guide\/wp-content\/uploads\/2021\/12\/15732-baignoire-dangle-love-you-black-400x400.jpg 400w, https:\/\/www.eldo.com\/guide\/wp-content\/uploads\/2021\/12\/15732-baignoire-dangle-love-you-black-600x600.jpg 600w\" sizes=\"(max-width: 512px) 100vw, 512px\" \/><\/div><\/div><div class=\"w-separator size_medium\"><\/div><div \" class=\"faq_question_container\"><h2 class=\"faq_question_title\">Quels sont les tarifs d\u2019une baignoire d\u2019angle\u2009?<\/h2><div class=\"faq_question_content\"><p><span style=\"font-weight: 400;\">Lorsqu\u2019il s\u2019agit de l\u2019acquisition de baignoire d\u2019angle, plusieurs co\u00fbts entrent en consid\u00e9ration. Ces co\u00fbts sont g\u00e9n\u00e9ralement nombreux, encore plus que dans le cas d\u2019une baignoire classique.\u00a0<\/span><\/p>\n<p><span style=\"font-weight: 400;\">En plus du co\u00fbt d\u2019achat, les co\u00fbts de l\u2019installation professionnelle aussi sont \u00e0 pr\u00e9voir. S\u2019il s\u2019agit d\u2019une nouvelle pose et qu\u2019aucun travail n&rsquo;existe de carrelage \u00e0 faire ni de remplacement de baignoire, le co\u00fbt est plus abordable.\u00a0<\/span><\/p>\n<p><span style=\"font-weight: 400;\">Dans le cas contraire, il faudra d\u00e9penser\u00a0dans les diff\u00e9rents travaux que le remplacement pourrait engendrer\u00a0; c\u2019est-\u00e0-dire, la pose de nouveaux tuyaux, la r\u00e9paration des dommages sur le mur et le sol de la pi\u00e8ce d\u2019eau.<\/span><\/p>\n<\/div><\/div><div class=\"w-separator size_medium\"><\/div><div class=\"w-btn-wrapper width_auto align_center\"><a class=\"w-btn us-btn-style_2\" title=\"Demander un devis\" target=\"_blank\" href=\"https:\/\/devis.eldo.com\/salle-de-bain\/france?utm_source=gmb&amp;utm_medium=SEO&amp;utm_campaign=angle-baignoire\" rel=\"noopener\"><span class=\"w-btn-label\">Expliquer mon projet<\/span><\/a><\/div><div class=\"w-separator size_medium\"><\/div><div \" class=\"faq_question_container\"><h2 class=\"faq_question_title\">\u00c0 quoi devez-vous faire attention lors de l\u2019achat d\u2019une baignoire d\u2019angle\u2009?<\/h2><div class=\"faq_question_content\"><p><span style=\"font-weight: 400;\">Pour acheter une baignoire d\u2019angle, certains crit\u00e8res comptent.<\/span><\/p>\n<h3>La qualit\u00e9 du mat\u00e9riau<\/h3>\n<p><span style=\"font-weight: 400;\">\u00c0 l\u2019achat de votre baignoire d\u2019angle, il est pr\u00e9f\u00e9rable de faire le choix de la qualit\u00e9 sup\u00e9rieure. Il ne sert \u00e0 rien de faire d\u2019\u00e9conomie \u00e0 l\u2019achat et de d\u00e9penser dans des r\u00e9novations au bout de quelque temps.<\/span><\/p>\n<h3>Le volume<\/h3>\n<p><span style=\"font-weight: 400;\">Le volume d\u2019une baignoire d\u2019angle peut aller jusqu\u2019\u00e0 350 L. Il est donc important que vous vous assuriez que la fourniture d\u2019eau chaude est \u00e0 la hauteur requise.<\/span><\/p>\n<h3>La taille<\/h3>\n<p><span style=\"font-weight: 400;\">Elle est g\u00e9n\u00e9ralement comprise entre 120 et 180\u00a0cm de longueur pour une largeur minimum de 70\u00a0cm. Mais, vous pouvez faire le choix d\u2019un sur-mesure.<\/span><\/p>\n<h3>Le design<\/h3>\n<p><span style=\"font-weight: 400;\">Pour question d\u2019esth\u00e9tique, il est important que vous choisissiez votre baignoire selon le d\u00e9cor g\u00e9n\u00e9ral de votre salle d\u2019eau. M\u00eame si habituellement, elle est de couleur blanche, vous pouvez la modifier et l\u2019habiller \u00e0 votre go\u00fbt. L\u2019habillage peut se faire en bois et en mosa\u00efque, vous pouvez m\u00eame le carreler.<\/span><\/p>\n<h3>L\u2019installation<\/h3>\n<p><span style=\"font-weight: 400;\">Que ce soit pour les baignoires d\u2019angle ou celles de forme rectangulaire, le syst\u00e8me d\u2019installation reste le m\u00eame. Mais, elle comporte de nombreuses \u00e9tapes qui n\u00e9cessitent l\u2019apport d\u2019un professionnel.<\/span><\/p>\n<\/div><\/div><div class=\"w-separator size_small\"><\/div><div class=\"w-image align_center\"><div class=\"w-image-h\"><img width=\"561\" height=\"400\" src=\"https:\/\/www.eldo.com\/guide\/wp-content\/uploads\/2021\/12\/13127-baignoire-dangle-love-you-black-avec-fond-antidrapant-561x400.jpg\" class=\"attachment-us_600_400 size-us_600_400\" alt=\"\" srcset=\"https:\/\/www.eldo.com\/guide\/wp-content\/uploads\/2021\/12\/13127-baignoire-dangle-love-you-black-avec-fond-antidrapant-561x400.jpg 561w, https:\/\/www.eldo.com\/guide\/wp-content\/uploads\/2021\/12\/13127-baignoire-dangle-love-you-black-avec-fond-antidrapant-300x214.jpg 300w, https:\/\/www.eldo.com\/guide\/wp-content\/uploads\/2021\/12\/13127-baignoire-dangle-love-you-black-avec-fond-antidrapant-1024x730.jpg 1024w, https:\/\/www.eldo.com\/guide\/wp-content\/uploads\/2021\/12\/13127-baignoire-dangle-love-you-black-avec-fond-antidrapant-800x570.jpg 800w, https:\/\/www.eldo.com\/guide\/wp-content\/uploads\/2021\/12\/13127-baignoire-dangle-love-you-black-avec-fond-antidrapant.jpg 512w\" sizes=\"(max-width: 561px) 100vw, 561px\" \/><\/div><\/div><div class=\"w-separator size_small\"><\/div><div \" class=\"faq_question_container\"><h2 class=\"faq_question_title\">Pourquoi faire appel \u00e0 un pro\u2009?<\/h2><div class=\"faq_question_content\"><p><span style=\"font-weight: 400;\">La pose et l\u2019entretien de baignoire dans la douche n\u00e9cessitent l\u2019expertise d\u2019un professionnel. En effet, celui-ci dispose des connaissances et des outils requis pour ce type d\u2019installation. Que ce soit la baignoire ovale, la baignoire ronde, la baignoire droite ou la baignoire asym\u00e9trique, la pose est la m\u00eame.<\/span><\/p>\n<p><span style=\"font-weight: 400;\">Mais, le professionnel a des proc\u00e9dures bien distinctes pour ces diff\u00e9rents mod\u00e8les. M\u00eame pour une simple fuite d\u2019eau ou un probl\u00e8me de robinetterie, il est toujours mieux de faire appel \u00e0 un professionnel.<\/span><\/p>\n<p><span style=\"font-weight: 400;\">Si vous voulez que la robinetterie de baignoire fonctionne \u00e0 merveille, il est mieux de faire appel \u00e0 lui. Il tient compte de la position des \u00e9l\u00e9ments tels que le tuyau d\u2019\u00e9vacuation d\u2019eau et le robinet pour faire son installation. Que vous ayez une petite salle de bain ou une plus grande, le professionnel sait comment et \u00e0 quel endroit faire sa pose. Le tout combin\u00e9 offre des finitions tr\u00e8s appr\u00e9ciables.<\/span><\/p>\n<\/div><\/div><\/div><\/div><\/div><\/div><\/div><\/section><section class=\"l-section wpb_row height_medium\"><div class=\"l-section-h i-cf\"><div class=\"g-cols vc_row type_default valign_top\"><div class=\"vc_col-sm-12 wpb_column vc_column_container\"><div class=\"vc_column-inner\"><div class=\"wpb_wrapper\"><div class=\"w-grid type_grid layout_portfolio_3 cols_3 ratio_1x1\" id=\"us_grid_1\"><style id=\"us_grid_1_css\">#us_grid_1 .w-grid-item{padding:1.5rem}#us_grid_1 .w-grid-list{margin:-1.5rem}.w-grid + #us_grid_1 .w-grid-list{margin-top:1.5rem}@media (max-width:899px){#us_grid_1 .w-grid-item{width:50.0000%}#us_grid_1 .w-grid-item.size_2x1,#us_grid_1 .w-grid-item.size_2x2{width:100.0000%}}@media (max-width:599px){#us_grid_1 .w-grid-list{margin:0}#us_grid_1 .w-grid-item{width:100.0000%;padding:0;margin-bottom:1.5rem}}<\/style><style>.layout_portfolio_3 .w-grid-item-h:before{padding-bottom:100.0000%}@media (min-width:600px){.layout_portfolio_3 .w-grid-item.size_1x2 .w-grid-item-h:before{padding-bottom:calc(200.0000% + 1.5rem + 1.5rem)}.layout_portfolio_3 .w-grid-item.size_2x1 .w-grid-item-h:before{padding-bottom:calc(50.0000% - 1.5rem * 1.0000)}.layout_portfolio_3 .w-grid-item.size_2x2 .w-grid-item-h:before{padding-bottom:calc(100.0000% - 1.5rem * 0)}}.layout_portfolio_3 .w-grid-item-h{}.layout_portfolio_3 .usg_post_image_1{transition-duration:0.4s;transform-origin:50% 50%;transform:scale(1) translate(0,0);opacity:0.25}.layout_portfolio_3 .w-grid-item-h:hover .usg_post_image_1{transform:scale(1) translate(0,0);opacity:1}.layout_portfolio_3 .usg_post_title_1{transition-duration:0.3s;transform-origin:50% 50%;transform:scale(1) translate(0,0)}.layout_portfolio_3 .w-grid-item-h:hover .usg_post_title_1{transform:scale(1) translate(0,-100%);opacity:0}.layout_portfolio_3 .usg_post_taxonomy_1{transition-duration:0.3s;transform-origin:50% 50%;transform:scale(1) translate(0,0)}.layout_portfolio_3 .w-grid-item-h:hover .usg_post_taxonomy_1{transform:scale(1) translate(0,100%);opacity:0}.layout_portfolio_3 .usg_post_image_1{position:absolute!important;top:0!important;right:0!important;bottom:0!important;left:0!important}.layout_portfolio_3 .usg_vwrapper_1{position:absolute!important;top:0!important;right:0!important;bottom:0!important;left:0!important;padding:2rem!important}.layout_portfolio_3 .usg_post_title_1{color:inherit!important;font-size:1.4rem!important}<\/style><div class=\"w-grid-list\" >\t<article class=\"w-grid-item size_1x1 post-8189 page type-page status-publish has-post-thumbnail hentry\" data-id=\"8189\">\r\n\t\t<div class=\"w-grid-item-h\">\r\n\t\t\t\t\t\t\t<a class=\"w-grid-item-anchor\" href=\"https:\/\/www.eldo.com\/guide\/salle-de-bain\/baignoire-vs-douche\/baignoire\/entretien\" rel=\"bookmark\" aria-label=\"Comment entretenir sa baignoire\u2009?\"><\/a>\r\n\t\t\t\t\t\t<div class=\"w-post-elm post_image usg_post_image_1 stretched\"><img width=\"512\" height=\"373\" src=\"https:\/\/www.eldo.com\/guide\/wp-content\/uploads\/2021\/12\/7.jpg\" class=\"attachment-large size-large wp-post-image\" alt=\"\" srcset=\"https:\/\/www.eldo.com\/guide\/wp-content\/uploads\/2021\/12\/7.jpg 512w, https:\/\/www.eldo.com\/guide\/wp-content\/uploads\/2021\/12\/7-300x219.jpg 300w, https:\/\/www.eldo.com\/guide\/wp-content\/uploads\/2021\/12\/7-549x400.jpg 549w\" sizes=\"(max-width: 512px) 100vw, 512px\" \/><\/div><div class=\"w-vwrapper usg_vwrapper_1 align_center valign_middle\"><h2 class=\"w-post-elm post_title usg_post_title_1 entry-title color_link_inherit has_text_color\">Comment entretenir sa baignoire\u2009?<\/h2><\/div>\t\t<\/div>\r\n\t<\/article>\r\n\t<article class=\"w-grid-item size_1x1 post-6392 page type-page status-publish has-post-thumbnail hentry\" data-id=\"6392\">\r\n\t\t<div class=\"w-grid-item-h\">\r\n\t\t\t\t\t\t\t<a class=\"w-grid-item-anchor\" href=\"https:\/\/www.eldo.com\/guide\/salle-de-bain\/baignoire-vs-douche\/baignoire\/fuite\" rel=\"bookmark\" aria-label=\"Comment faire en cas de fuite de baignoire\u2009?\"><\/a>\r\n\t\t\t\t\t\t<div class=\"w-post-elm post_image usg_post_image_1 stretched\"><img width=\"512\" height=\"282\" src=\"https:\/\/www.eldo.com\/guide\/wp-content\/uploads\/2022\/03\/b.png\" class=\"attachment-large size-large wp-post-image\" alt=\"\" srcset=\"https:\/\/www.eldo.com\/guide\/wp-content\/uploads\/2022\/03\/b.png 512w, https:\/\/www.eldo.com\/guide\/wp-content\/uploads\/2022\/03\/b-300x165.png 300w, https:\/\/www.eldo.com\/guide\/wp-content\/uploads\/2022\/03\/b-600x330.png 600w, https:\/\/www.eldo.com\/guide\/wp-content\/uploads\/2022\/03\/b-800x440.png 800w\" sizes=\"(max-width: 512px) 100vw, 512px\" \/><\/div><div class=\"w-vwrapper usg_vwrapper_1 align_center valign_middle\"><h2 class=\"w-post-elm post_title usg_post_title_1 entry-title color_link_inherit has_text_color\">Comment faire en cas de fuite de baignoire\u2009?<\/h2><\/div>\t\t<\/div>\r\n\t<\/article>\r\n\t<article class=\"w-grid-item size_1x1 post-6359 page type-page status-publish has-post-thumbnail hentry\" data-id=\"6359\">\r\n\t\t<div class=\"w-grid-item-h\">\r\n\t\t\t\t\t\t\t<a class=\"w-grid-item-anchor\" href=\"https:\/\/www.eldo.com\/guide\/salle-de-bain\/baignoire-vs-douche\/baignoire\/senior\" rel=\"bookmark\" aria-label=\"Pourquoi opter pour une baignoire pour senior\u2009?\"><\/a>\r\n\t\t\t\t\t\t<div class=\"w-post-elm post_image usg_post_image_1 stretched\"><img width=\"1024\" height=\"410\" src=\"https:\/\/www.eldo.com\/guide\/wp-content\/uploads\/2021\/12\/choisir-une-baignoire-a-porte-1024x410.jpg\" class=\"attachment-large size-large wp-post-image\" alt=\"\" srcset=\"https:\/\/www.eldo.com\/guide\/wp-content\/uploads\/2021\/12\/choisir-une-baignoire-a-porte-1024x410.jpg 1024w, https:\/\/www.eldo.com\/guide\/wp-content\/uploads\/2021\/12\/choisir-une-baignoire-a-porte-300x120.jpg 300w, https:\/\/www.eldo.com\/guide\/wp-content\/uploads\/2021\/12\/choisir-une-baignoire-a-porte-600x240.jpg 600w, https:\/\/www.eldo.com\/guide\/wp-content\/uploads\/2021\/12\/choisir-une-baignoire-a-porte-800x320.jpg 800w, https:\/\/www.eldo.com\/guide\/wp-content\/uploads\/2021\/12\/choisir-une-baignoire-a-porte.jpg 512w\" sizes=\"(max-width: 1024px) 100vw, 1024px\" \/><\/div><div class=\"w-vwrapper usg_vwrapper_1 align_center valign_middle\"><h2 class=\"w-post-elm post_title usg_post_title_1 entry-title color_link_inherit has_text_color\">Pourquoi opter pour une baignoire pour senior\u2009?<\/h2><\/div>\t\t<\/div>\r\n\t<\/article>\r\n<\/div><div class=\"w-grid-preloader\"><div class=\"g-preloader type_1\">\r\n\t<div><\/div>\r\n<\/div>\r\n<\/div>\t<div class=\"w-grid-json hidden\" onclick='return {&quot;action&quot;:&quot;us_ajax_grid&quot;,&quot;ajax_url&quot;:&quot;https:\\\/\\\/www.eldo.com\\\/guide\\\/wp-admin\\\/admin-ajax.php&quot;,&quot;infinite_scroll&quot;:0,&quot;max_num_pages&quot;:1,&quot;pagination&quot;:&quot;none&quot;,&quot;permalink_url&quot;:&quot;https:\\\/\\\/www.eldo.com\\\/guide\\\/wp-json\\\/wp\\\/v2\\\/pages\\\/6381&quot;,&quot;template_vars&quot;:{&quot;columns&quot;:&quot;3&quot;,&quot;exclude_items&quot;:&quot;none&quot;,&quot;img_size&quot;:&quot;default&quot;,&quot;ignore_items_size&quot;:false,&quot;items_layout&quot;:&quot;portfolio_3&quot;,&quot;items_offset&quot;:&quot;1&quot;,&quot;load_animation&quot;:&quot;none&quot;,&quot;overriding_link&quot;:&quot;post&quot;,&quot;post_id&quot;:6381,&quot;query_args&quot;:{&quot;ignore_sticky_posts&quot;:1,&quot;post_type&quot;:&quot;any&quot;,&quot;post__in&quot;:[&quot;6392&quot;,&quot;8189&quot;,&quot;6359&quot;],&quot;posts_per_page&quot;:&quot;10&quot;},&quot;orderby_query_args&quot;:{&quot;orderby&quot;:{&quot;date&quot;:&quot;DESC&quot;}},&quot;type&quot;:&quot;grid&quot;,&quot;us_grid_ajax_index&quot;:1,&quot;us_grid_filter_params&quot;:null,&quot;us_grid_index&quot;:1,&quot;_us_grid_post_type&quot;:&quot;ids&quot;}}'><\/div>\r\n\t<\/div><\/div><\/div><\/div><\/div><\/div><\/section><section class=\"l-section wpb_row us_custom_e91755c2 height_auto width_full with_overlay\"><div class=\"l-section-overlay\" style=\"background: #ebebeb\"><\/div><div class=\"l-section-h i-cf\"><div class=\"g-cols vc_row type_boxes valign_middle\"><div class=\"vc_col-sm-12 wpb_column vc_column_container has-fill\"><div class=\"vc_column-inner us_custom_3e343dbc\"><div class=\"wpb_wrapper\"><p class=\"w-itext us_custom_6df4bc3a type_typingChars align_center\" onclick='return {&quot;duration&quot;:300,&quot;delay&quot;:2000,&quot;disablePartAnimation&quot;:false,&quot;dynamicColor&quot;:&quot;#ffffff&quot;,&quot;html_nbsp_char&quot;:true}'>Je\u00a0cherche\u00a0un\u00a0pro\u00a0\u00e0\u00a0<span class=\"w-itext-part changesat_0 changesat_1 changesat_2 changesat_3 changesat_4 dynamic\" style=\"color:#ffffff\" onclick='return [&quot;Bordeaux&quot;,&quot;Toulouse&quot;,&quot;Paris&quot;,&quot;Nantes&quot;,&quot;Marseille&quot;]'><span>Bordeaux<\/span><i class=\"w-itext-cursor\"><\/i><\/span><\/p><div class=\"w-separator size_small\"><\/div><div class=\"w-btn-wrapper width_auto align_center\"><a class=\"w-btn us-btn-style_2\" title=\"Demander un devis\" target=\"_blank\" href=\"https:\/\/devis.eldo.com\/salle-de-bain\/france?utm_source=gmb&amp;utm_medium=SEO&amp;utm_campaign=angle-baignoire\" rel=\"noopener\"><span class=\"w-btn-label\">Trouver un pro de confiance<\/span><\/a><\/div><\/div><\/div><\/div><\/div><\/div><\/section>\n","protected":false},"excerpt":{"rendered":"Pourquoi opter pour une baignoire pour senior\u2009? Guides travauxPages Tout comme dans la cuisine, on passe beaucoup de temps dans nos salles de bains. Avec l\u2019\u00e2ge, entrer et sortir de cette pi\u00e8ce devient de plus en plus dangereux. Les risques d\u2019accidents domestiques sous la douche deviennent monnaie courante. D\u2019o\u00f9 la n\u00e9cessit\u00e9 d\u2019\u00e9viter les petits espaces...","protected":false},"author":5,"featured_media":8194,"parent":6323,"menu_order":0,"comment_status":"closed","ping_status":"closed","template":"","meta":[],"page_tags":[],"_links":{"self":[{"href":"https:\/\/www.eldo.com\/guide\/wp-json\/wp\/v2\/pages\/6381"}],"collection":[{"href":"https:\/\/www.eldo.com\/guide\/wp-json\/wp\/v2\/pages"}],"about":[{"href":"https:\/\/www.eldo.com\/guide\/wp-json\/wp\/v2\/types\/page"}],"author":[{"embeddable":true,"href":"https:\/\/www.eldo.com\/guide\/wp-json\/wp\/v2\/users\/5"}],"replies":[{"embeddable":true,"href":"https:\/\/www.eldo.com\/guide\/wp-json\/wp\/v2\/comments?post=6381"}],"version-history":[{"count":9,"href":"https:\/\/www.eldo.com\/guide\/wp-json\/wp\/v2\/pages\/6381\/revisions"}],"predecessor-version":[{"id":10720,"href":"https:\/\/www.eldo.com\/guide\/wp-json\/wp\/v2\/pages\/6381\/revisions\/10720"}],"up":[{"embeddable":true,"href":"https:\/\/www.eldo.com\/guide\/wp-json\/wp\/v2\/pages\/6323"}],"wp:featuredmedia":[{"embeddable":true,"href":"https:\/\/www.eldo.com\/guide\/wp-json\/wp\/v2\/media\/8194"}],"wp:attachment":[{"href":"https:\/\/www.eldo.com\/guide\/wp-json\/wp\/v2\/media?parent=6381"}],"wp:term":[{"taxonomy":"page_tags","embeddable":true,"href":"https:\/\/www.eldo.com\/guide\/wp-json\/wp\/v2\/page_tags?post=6381"}],"curies":[{"name":"wp","href":"https:\/\/api.w.org\/{rel}","templated":true}]}}