{"id":6359,"date":"2021-12-06T13:29:58","date_gmt":"2021-12-06T13:29:58","guid":{"rendered":"https:\/\/www.eldo.com\/guide\/?page_id=6359"},"modified":"2022-03-30T15:45:28","modified_gmt":"2022-03-30T15:45:28","slug":"pourquoi-opter-pour-une-baignoire-pour-senior%e2%80%89","status":"publish","type":"page","link":"https:\/\/www.eldo.com\/guide\/salle-de-bain\/baignoire-vs-douche\/baignoire\/senior","title":{"rendered":"Pourquoi opter pour une baignoire pour senior\u2009?"},"content":{"rendered":"<section class=\"l-section wpb_row us_custom_e91755c2 height_auto width_full with_overlay\"><div class=\"l-section-overlay\" style=\"background: #ffffff\"><\/div><div class=\"l-section-h i-cf\"><div class=\"g-cols vc_row type_boxes valign_middle gap-10px\"><style>.g-cols.gap-10px{margin:0 -10px}.gap-10px > .vc_column_container {padding:10px}<\/style><div class=\"vc_col-sm-12 wpb_column vc_column_container has-fill has_text_color\"><div class=\"vc_column-inner us_custom_9db47d29\"><div class=\"wpb_wrapper\"><div class=\"wpb_text_column us_custom_89145601 has_text_color\" ><div class=\"wpb_wrapper\"><h1 style=\"text-align: center;\">Pourquoi opter pour une baignoire pour senior\u2009?<\/h1>\n<\/div><\/div><div class=\"w-separator size_medium\"><\/div><ol class=\"g-breadcrumbs us_custom_5c92be9c separator_icon align_left has_text_color\"><li class=\"g-breadcrumbs-item\"><a href=\"https:\/\/www.eldo.com\/guide\/\">Guides travaux<\/a><meta content=\"1\"\/><\/li><li class=\"g-breadcrumbs-separator\"><i class=\"far fa-angle-right\"><\/i><\/li><li class=\"g-breadcrumbs-item\">Pages<\/li><\/ol><\/div><\/div><\/div><\/div><\/div><\/section><section class=\"l-section wpb_row us_custom_e91755c2 height_auto width_full with_overlay\"><div class=\"l-section-overlay\" style=\"background: #ffffff\"><\/div><div class=\"l-section-h i-cf\"><div class=\"g-cols vc_row type_boxes valign_middle gap-10px\"><style>.g-cols.gap-10px{margin:0 -10px}.gap-10px > .vc_column_container {padding:10px}<\/style><div class=\"vc_col-sm-12 wpb_column vc_column_container\"><div class=\"vc_column-inner\"><div class=\"wpb_wrapper\"><div class=\"wpb_text_column us_custom_08d2243f has_text_color\" ><div class=\"wpb_wrapper\">\n<\/div><\/div><div class=\"wpb_text_column us_custom_1eefa3cd has_text_color\" ><div class=\"wpb_wrapper\"><p><span style=\"font-weight: 400;\">Tout comme dans la cuisine, on passe beaucoup de temps dans nos salles de bains. Avec l\u2019\u00e2ge, entrer et sortir de cette pi\u00e8ce devient de plus en plus dangereux. Les risques d\u2019accidents domestiques sous la douche deviennent monnaie courante. D\u2019o\u00f9 la n\u00e9cessit\u00e9 d\u2019\u00e9viter les petits espaces et d\u2019am\u00e9nager une salle spacieuse avec baignoire pour seniors et pour handicap\u00e9s. D\u00e9couvrez donc l\u2019importance de l\u2019am\u00e9nagement de la salle de bain senior.<\/span><\/p>\n<\/div><\/div><div class=\"w-separator size_medium\"><\/div><div class=\"w-image align_center\"><div class=\"w-image-h\"><img width=\"800\" height=\"320\" src=\"https:\/\/www.eldo.com\/guide\/wp-content\/uploads\/2021\/12\/choisir-une-baignoire-a-porte-800x320.jpg\" class=\"attachment-us_800_600 size-us_800_600\" alt=\"\" srcset=\"https:\/\/www.eldo.com\/guide\/wp-content\/uploads\/2021\/12\/choisir-une-baignoire-a-porte-800x320.jpg 800w, https:\/\/www.eldo.com\/guide\/wp-content\/uploads\/2021\/12\/choisir-une-baignoire-a-porte-300x120.jpg 300w, https:\/\/www.eldo.com\/guide\/wp-content\/uploads\/2021\/12\/choisir-une-baignoire-a-porte-1024x410.jpg 1024w, https:\/\/www.eldo.com\/guide\/wp-content\/uploads\/2021\/12\/choisir-une-baignoire-a-porte-600x240.jpg 600w, https:\/\/www.eldo.com\/guide\/wp-content\/uploads\/2021\/12\/choisir-une-baignoire-a-porte.jpg 512w\" sizes=\"(max-width: 800px) 100vw, 800px\" \/><\/div><\/div><\/div><\/div><\/div><\/div><\/div><\/section><section class=\"l-section wpb_row height_auto width_full\"><div class=\"l-section-h i-cf\"><div class=\"g-cols vc_row type_boxes valign_middle gap-10px\"><style>.g-cols.gap-10px{margin:0 -10px}.gap-10px > .vc_column_container {padding:10px}<\/style><div class=\"vc_col-sm-12 wpb_column vc_column_container has-fill\"><div class=\"vc_column-inner us_custom_4fb9e5a3\"><div class=\"wpb_wrapper\"><div \" class=\"faq_question_container\"><h2 class=\"faq_question_title\">Qu\u2019est-ce qu\u2019une baignoire \u00e0 porte et comment fonctionne-t-elle\u2009?<\/h2><div class=\"faq_question_content\"><p><span style=\"font-weight: 400;\">C\u2019est une baignoire acrylique con\u00e7ue pour personnes \u00e0 mobilit\u00e9 r\u00e9duite et\u00a0\u00e0 laquelle une porte \u00e9tanche a \u00e9t\u00e9 ajout\u00e9e. Adapt\u00e9e \u00e0 tous types de cabines de douche, cette porte de douche a \u00e9t\u00e9 fabriqu\u00e9e sp\u00e9cialement pour les seniors et pour personnes handicap\u00e9es.\u00a0<\/span><\/p>\n<p><span style=\"font-weight: 400;\">\u00c0 l\u2019oppos\u00e9 d\u2019une douche \u00e0 l\u2019italienne, elle permet aux seniors de prendre un bain sans l\u2019aide du maintien \u00e0 domicile.<\/span> <span style=\"font-weight: 400;\">L\u2019\u00e9tanch\u00e9it\u00e9 de la petite porte de baignoire offre un acc\u00e8s facile et s\u00e9curis\u00e9 \u00e0 leurs baignoires sans avoir besoin d\u2019enjamber le rebord.<\/span> <span style=\"font-weight: 400;\">Ce qui r\u00e9duit les chutes, m\u00eame s\u2019il y a encore un petit seuil \u00e0\u00a0franchir (le monte-escalier). En effet, l\u2019acc\u00e8s \u00e0 la baignoire se fait pratiquement au ras du sol. La porte de douche et baignoire peut \u00eatre une porte lat\u00e9rale ou une porte frontale. La porte de baignoires et douches est \u00e9quip\u00e9e d\u2019un joint con\u00e7u particuli\u00e8rement pour ce genre de porte.<\/span><\/p>\n<p><span style=\"font-weight: 400;\">Cela lui permet de maintenir l\u2019eau dans la baignoire \u00e0 porte sans risque d\u2019\u00e9coulement. Adapt\u00e9e \u00e0 diff\u00e9rents types de handicaps avec diff\u00e9rentes options et diff\u00e9rents niveaux de s\u00e9curit\u00e9, la baignoire avec porte offre un espace douche s\u00e9curis\u00e9 et ergonomique. \u00c0 la diff\u00e9rence d\u2019une baignoire classique, une douche senior s\u2019\u00e9quipe de\u00a0:<\/span><\/p>\n<ul>\n<li style=\"font-weight: 400;\" aria-level=\"1\"><span style=\"font-weight: 400;\">parois antid\u00e9rapantes\u2009;\u00a0<\/span><\/li>\n<li style=\"font-weight: 400;\" aria-level=\"1\"><span style=\"font-weight: 400;\">assises relevables\u2009;<\/span><\/li>\n<li style=\"font-weight: 400;\" aria-level=\"1\"><span style=\"font-weight: 400;\">barres de soutien\u2009;<\/span><\/li>\n<li style=\"font-weight: 400;\" aria-level=\"1\"><span style=\"font-weight: 400;\">pare-douche\u2009;<\/span><\/li>\n<li style=\"font-weight: 400;\" aria-level=\"1\"><span style=\"font-weight: 400;\">\u00e9tag\u00e8res\u2009;<\/span><\/li>\n<li style=\"font-weight: 400;\" aria-level=\"1\"><span style=\"font-weight: 400;\">si\u00e8ge ergonomique\u2009;<\/span><\/li>\n<li style=\"font-weight: 400;\" aria-level=\"1\"><span style=\"font-weight: 400;\">repose-t\u00eate\u2009;<\/span><\/li>\n<li style=\"font-weight: 400;\" aria-level=\"1\"><span style=\"font-weight: 400;\">pare bain<\/span><\/li>\n<li style=\"font-weight: 400;\" aria-level=\"1\"><span style=\"font-weight: 400;\">pare baignoire\u2026<\/span><\/li>\n<\/ul>\n<p><span style=\"font-weight: 400;\">Le tout combin\u00e9 leur permet de prendre une douche en toute s\u00e9curit\u00e9 et sans effort. Allong\u00e9s ou confortablement install\u00e9s dans une position assise, cette douche accessible rend les seniors autonomes.<\/span> <span style=\"font-weight: 400;\">Ils n\u2019ont plus besoin de l\u2019aide du maintien \u00e0 domicile pour prendre des bains.<\/span> <span style=\"font-weight: 400;\">Malheureusement, il faut d\u2019abord se trouver dans la baignoire et fermer la porte \u00e9tanche avant de la remplir. Bonne nouvelle, il dispose d\u2019un syst\u00e8me qui fait \u00e9vacuer plus vite l\u2019eau.<\/span><\/p>\n<p><span style=\"font-weight: 400;\">Le fonctionnement d\u2019une baignoire \u00e0 porte amovible est \u00e9tabli \u00e0 partir du m\u00eame principe que les baignoires des salles de bains classiques. Dans les deux cas, nous avons une grande cuve combin\u00e9e \u00e0 une arriv\u00e9e d\u2019eau dot\u00e9e d\u2019un bouchon d\u2019\u00e9vacuation. Ce qui permet de la remplir d\u2019eau pour prendre son bain. La seule dissemblance est la pr\u00e9sence de certaines commodit\u00e9s ajout\u00e9es \u00e0 la baignoire \u00e0 porte.<\/span> <span style=\"font-weight: 400;\">Il s\u2019agit de\u00a0:<\/span><\/p>\n<ul>\n<li style=\"font-weight: 400;\" aria-level=\"1\"><span style=\"font-weight: 400;\">syst\u00e8me baln\u00e9oth\u00e9rapie (baln\u00e9o ou baignoire baln\u00e9o) ou chromoth\u00e9rapie\u2009;<\/span><\/li>\n<li style=\"font-weight: 400;\" aria-level=\"1\"><span style=\"font-weight: 400;\">syst\u00e8me d\u2019hydroth\u00e9rapie, d\u2019hydromassage ou de hammam\u2009;<\/span><\/li>\n<li style=\"font-weight: 400;\" aria-level=\"1\"><span style=\"font-weight: 400;\">ouverture de porte ou une d\u00e9coupe qui permet d\u2019incorporer une porte \u00e9tanche\u2009;<\/span><\/li>\n<li style=\"font-weight: 400;\" aria-level=\"1\"><span style=\"font-weight: 400;\">si\u00e8ge de bain r\u00e9glable \u00e0 hauteur\u2009;<\/span><\/li>\n<li style=\"font-weight: 400;\" aria-level=\"1\"><span style=\"font-weight: 400;\">d\u2019un mitigeur thermostatique\u2009;<\/span><\/li>\n<li style=\"font-weight: 400;\" aria-level=\"1\"><span style=\"font-weight: 400;\">douchette\u2009;<\/span><\/li>\n<li style=\"font-weight: 400;\" aria-level=\"1\"><span style=\"font-weight: 400;\">des accoudoirs \u00e0 bonne hauteur pour optimiser le moindre geste.<\/span><\/li>\n<\/ul>\n<p><span style=\"font-weight: 400;\">La baignoire \u00e0 porte est faite pour optimiser l\u2019espace dans votre petite salle, en vous d\u00e9barrassant du tabouret de douche. Il en existe diff\u00e9rents mod\u00e8les. Il y a la baignoire \u00e0 porte coulissante, le mod\u00e8le pivotant. On retrouve de nombreux mod\u00e8les en fibre de verre.<\/span><\/p>\n<\/div><\/div><div class=\"w-separator size_medium\"><\/div><div class=\"w-btn-wrapper width_auto align_center\"><a class=\"w-btn us-btn-style_2\" title=\"Demander un devis\" target=\"_blank\" href=\"https:\/\/devis.eldo.com\/salle-de-bain\/france?utm_source=gmb&amp;utm_medium=SEO&amp;utm_campaign=senior-baignoire\" rel=\"noopener\"><span class=\"w-btn-label\">Demander un devis<\/span><\/a><\/div><div class=\"w-separator size_medium\"><\/div><div class=\"w-image align_center\"><div class=\"w-image-h\"><img width=\"512\" height=\"389\" src=\"https:\/\/www.eldo.com\/guide\/wp-content\/uploads\/2021\/12\/CHAMBORD-768x584-1.jpg\" class=\"attachment-large size-large\" alt=\"\" srcset=\"https:\/\/www.eldo.com\/guide\/wp-content\/uploads\/2021\/12\/CHAMBORD-768x584-1.jpg 512w, https:\/\/www.eldo.com\/guide\/wp-content\/uploads\/2021\/12\/CHAMBORD-768x584-1-300x228.jpg 300w, https:\/\/www.eldo.com\/guide\/wp-content\/uploads\/2021\/12\/CHAMBORD-768x584-1-526x400.jpg 526w\" sizes=\"(max-width: 512px) 100vw, 512px\" \/><\/div><\/div><div class=\"w-separator size_medium\"><\/div><div class=\"wpb_text_column\" ><div class=\"wpb_wrapper\"><h2>La baignoire \u00e0 porte\u00a0: moins d\u2019effort et plus de s\u00e9curit\u00e9 lors de l\u2019acc\u00e8s \u00e0 la baignoire<\/h2>\n<p><span style=\"font-weight: 400;\">Contrairement aux baignoires de salle de bains traditionnelles, la baignoire \u00e0 porte offre une accessibilit\u00e9 plus s\u00e9curis\u00e9e. Le fait que le sol soit extra-plat \u00e9vite aux seniors et personnes \u00e0 mobilit\u00e9 r\u00e9duite d\u2019enjamber la baignoire.<\/span><\/p>\n<p><span style=\"font-weight: 400;\">Ceci r\u00e9duit le risque de chute, augmente la s\u00e9curit\u00e9 et permet de faciliter l\u2019acc\u00e8s au bain. Les seniors assis sur le si\u00e8ge de douche ne sont plus amen\u00e9s \u00e0 fournir beaucoup d\u2019efforts ou \u00e0 attendre une aide avant de prendre leurs bains. La baignoire \u00e0 porte est une douche sur mesure qui change des petites salles de bain. Gr\u00e2ce \u00e0 elle, les personnes en perte d\u2019autonomie prennent leur douche en toute relaxation.<\/span><\/p>\n<h2>La baignoire \u00e0 porte\u00a0: des salles de bains plus s\u00e9curis\u00e9es<\/h2>\n<p><span style=\"font-weight: 400;\">La baignoire \u00e0 porte a le m\u00e9rite d\u2019offrir une douche s\u00e9curis\u00e9e aux personnes \u00e2g\u00e9es et aux personnes en fauteuil roulant. Ce n\u2019est pas le cas avec une petite salle de bain \u00e9quip\u00e9e d\u2019une simple baignoire rectangulaire ou ovale. Elle a des caract\u00e9ristiques et \u00e9quipements tels que\u00a0:<\/span><\/p>\n<ul>\n<li style=\"font-weight: 400;\" aria-level=\"1\"><span style=\"font-weight: 400;\">acc\u00e8s de plain-pied d\u00fb au receveur plat\u2009;<\/span><\/li>\n<li style=\"font-weight: 400;\" aria-level=\"1\"><span style=\"font-weight: 400;\">large ouverture\u2009;<\/span><\/li>\n<li style=\"font-weight: 400;\" aria-level=\"1\"><span style=\"font-weight: 400;\">sol antid\u00e9rapant\u2009;<\/span><\/li>\n<li style=\"font-weight: 400;\" aria-level=\"1\"><span style=\"font-weight: 400;\">si\u00e8ge rabattable\u2009;\u00a0<\/span><\/li>\n<li style=\"font-weight: 400;\" aria-level=\"1\"><span style=\"font-weight: 400;\">un robinet thermostatique.\u00a0<\/span><\/li>\n<\/ul>\n<p><span style=\"font-weight: 400;\">Ces propri\u00e9t\u00e9s font de la baignoire \u00e0 porte une douche s\u00e9curis\u00e9e et sur mesure. Il peut aussi \u00eatre utilis\u00e9 par toute la famille. Une personne \u00e2g\u00e9e peut s\u2019y doucher ou prendre un bon bain, m\u00eame en position allong\u00e9e.<\/span><\/p>\n<\/div><\/div><div class=\"w-separator size_medium\"><\/div><div class=\"w-btn-wrapper width_auto align_center\"><a class=\"w-btn us-btn-style_2\" title=\"Demander un devis\" target=\"_blank\" href=\"https:\/\/devis.eldo.com\/salle-de-bain\/france?utm_source=gmb&amp;utm_medium=SEO&amp;utm_campaign=senior-baignoire\" rel=\"noopener\"><span class=\"w-btn-label\">Expliquer mon projet<\/span><\/a><\/div><div class=\"w-separator size_large\"><\/div><div class=\"w-image align_center\"><div class=\"w-image-h\"><img width=\"600\" height=\"400\" src=\"https:\/\/www.eldo.com\/guide\/wp-content\/uploads\/2021\/12\/26693764-600x400.jpeg\" class=\"attachment-us_600_400 size-us_600_400\" alt=\"\" srcset=\"https:\/\/www.eldo.com\/guide\/wp-content\/uploads\/2021\/12\/26693764-600x400.jpeg 600w, https:\/\/www.eldo.com\/guide\/wp-content\/uploads\/2021\/12\/26693764-300x200.jpeg 300w, https:\/\/www.eldo.com\/guide\/wp-content\/uploads\/2021\/12\/26693764-1024x683.jpeg 1024w, https:\/\/www.eldo.com\/guide\/wp-content\/uploads\/2021\/12\/26693764-800x534.jpeg 800w, https:\/\/www.eldo.com\/guide\/wp-content\/uploads\/2021\/12\/26693764.jpeg 512w\" sizes=\"(max-width: 600px) 100vw, 600px\" \/><\/div><\/div><div class=\"w-separator size_medium\"><\/div><div \" class=\"faq_question_container\"><h2 class=\"faq_question_title\">Pourquoi faire appel \u00e0 un pro de confiance pour l\u2019installation d\u2019une baignoire pour senior\u2009?<\/h2><div class=\"faq_question_content\"><p><span style=\"font-weight: 400;\">Si installer une douche \u00e9tait d\u00e9j\u00e0 difficile et constituait de gros travaux, am\u00e9nager une baignoire senior l\u2019est encore plus.<\/span> <span style=\"font-weight: 400;\">Vu les nombreuses sp\u00e9cificit\u00e9s que pr\u00e9sentent les baignoires \u00e0 porte, un simple bricoleur ne peut s\u2019occuper de son installation.\u00a0<\/span><\/p>\n<p><span style=\"font-weight: 400;\">Pour l\u2019installation d\u2019une douche senior ou pour le remplacement de baignoire d\u00e9j\u00e0 existante, il est mieux de faire appel \u00e0 un installateur professionnel. Il dispose d\u2019outils et de capacit\u00e9s n\u00e9cessaires pour installer une baignoire, r\u00e9nover une salle d\u2019eau ou r\u00e9aliser une pose de porte de douche.<\/span><\/p>\n<p><span style=\"font-weight: 400;\">D\u2019autant plus que les travaux de plomberie comme la pose de votre baignoire et douche doivent respecter une certaine norme, le professionnel s\u2019assure de les respecter. Avec un pro, vous\u00a0pourrez aussi avoir acc\u00e8s aux aides financi\u00e8res et b\u00e9n\u00e9ficier du cr\u00e9dit d\u2019imp\u00f4t pour l\u2019am\u00e9nagement de salle de bain. De plus, vous pourrez faire une demande de devis au professionnel.<\/span><\/p>\n<\/div><\/div><div class=\"w-separator size_small\"><\/div><div class=\"w-btn-wrapper width_auto align_center\"><a class=\"w-btn us-btn-style_2\" title=\"Demander un devis\" target=\"_blank\" href=\"https:\/\/devis.eldo.com\/salle-de-bain\/france?utm_source=gmb&amp;utm_medium=SEO&amp;utm_campaign=senior-baignoire\" rel=\"noopener\"><span class=\"w-btn-label\">Demander conseil<\/span><\/a><\/div><\/div><\/div><\/div><\/div><\/div><\/section><section class=\"l-section wpb_row height_medium\"><div class=\"l-section-h i-cf\"><div class=\"g-cols vc_row type_default valign_top\"><div class=\"vc_col-sm-12 wpb_column vc_column_container\"><div class=\"vc_column-inner\"><div class=\"wpb_wrapper\"><div class=\"w-grid type_grid layout_portfolio_3 cols_3 ratio_1x1\" id=\"us_grid_1\"><style id=\"us_grid_1_css\">#us_grid_1 .w-grid-item{padding:1.5rem}#us_grid_1 .w-grid-list{margin:-1.5rem}.w-grid + #us_grid_1 .w-grid-list{margin-top:1.5rem}@media (max-width:899px){#us_grid_1 .w-grid-item{width:50.0000%}#us_grid_1 .w-grid-item.size_2x1,#us_grid_1 .w-grid-item.size_2x2{width:100.0000%}}@media (max-width:599px){#us_grid_1 .w-grid-list{margin:0}#us_grid_1 .w-grid-item{width:100.0000%;padding:0;margin-bottom:1.5rem}}<\/style><style>.layout_portfolio_3 .w-grid-item-h:before{padding-bottom:100.0000%}@media (min-width:600px){.layout_portfolio_3 .w-grid-item.size_1x2 .w-grid-item-h:before{padding-bottom:calc(200.0000% + 1.5rem + 1.5rem)}.layout_portfolio_3 .w-grid-item.size_2x1 .w-grid-item-h:before{padding-bottom:calc(50.0000% - 1.5rem * 1.0000)}.layout_portfolio_3 .w-grid-item.size_2x2 .w-grid-item-h:before{padding-bottom:calc(100.0000% - 1.5rem * 0)}}.layout_portfolio_3 .w-grid-item-h{}.layout_portfolio_3 .usg_post_image_1{transition-duration:0.4s;transform-origin:50% 50%;transform:scale(1) translate(0,0);opacity:0.25}.layout_portfolio_3 .w-grid-item-h:hover .usg_post_image_1{transform:scale(1) translate(0,0);opacity:1}.layout_portfolio_3 .usg_post_title_1{transition-duration:0.3s;transform-origin:50% 50%;transform:scale(1) translate(0,0)}.layout_portfolio_3 .w-grid-item-h:hover .usg_post_title_1{transform:scale(1) translate(0,-100%);opacity:0}.layout_portfolio_3 .usg_post_taxonomy_1{transition-duration:0.3s;transform-origin:50% 50%;transform:scale(1) translate(0,0)}.layout_portfolio_3 .w-grid-item-h:hover .usg_post_taxonomy_1{transform:scale(1) translate(0,100%);opacity:0}.layout_portfolio_3 .usg_post_image_1{position:absolute!important;top:0!important;right:0!important;bottom:0!important;left:0!important}.layout_portfolio_3 .usg_vwrapper_1{position:absolute!important;top:0!important;right:0!important;bottom:0!important;left:0!important;padding:2rem!important}.layout_portfolio_3 .usg_post_title_1{color:inherit!important;font-size:1.4rem!important}<\/style><div class=\"w-grid-list\" >\t<article class=\"w-grid-item size_1x1 post-8189 page type-page status-publish has-post-thumbnail hentry\" data-id=\"8189\">\r\n\t\t<div class=\"w-grid-item-h\">\r\n\t\t\t\t\t\t\t<a class=\"w-grid-item-anchor\" href=\"https:\/\/www.eldo.com\/guide\/salle-de-bain\/baignoire-vs-douche\/baignoire\/entretien\" rel=\"bookmark\" aria-label=\"Comment entretenir sa baignoire\u2009?\"><\/a>\r\n\t\t\t\t\t\t<div class=\"w-post-elm post_image usg_post_image_1 stretched\"><img width=\"512\" height=\"373\" src=\"https:\/\/www.eldo.com\/guide\/wp-content\/uploads\/2021\/12\/7.jpg\" class=\"attachment-large size-large wp-post-image\" alt=\"\" srcset=\"https:\/\/www.eldo.com\/guide\/wp-content\/uploads\/2021\/12\/7.jpg 512w, https:\/\/www.eldo.com\/guide\/wp-content\/uploads\/2021\/12\/7-300x219.jpg 300w, https:\/\/www.eldo.com\/guide\/wp-content\/uploads\/2021\/12\/7-549x400.jpg 549w\" sizes=\"(max-width: 512px) 100vw, 512px\" \/><\/div><div class=\"w-vwrapper usg_vwrapper_1 align_center valign_middle\"><h2 class=\"w-post-elm post_title usg_post_title_1 entry-title color_link_inherit has_text_color\">Comment entretenir sa baignoire\u2009?<\/h2><\/div>\t\t<\/div>\r\n\t<\/article>\r\n\t<article class=\"w-grid-item size_1x1 post-6392 page type-page status-publish has-post-thumbnail hentry\" data-id=\"6392\">\r\n\t\t<div class=\"w-grid-item-h\">\r\n\t\t\t\t\t\t\t<a class=\"w-grid-item-anchor\" href=\"https:\/\/www.eldo.com\/guide\/salle-de-bain\/baignoire-vs-douche\/baignoire\/fuite\" rel=\"bookmark\" aria-label=\"Comment faire en cas de fuite de baignoire\u2009?\"><\/a>\r\n\t\t\t\t\t\t<div class=\"w-post-elm post_image usg_post_image_1 stretched\"><img width=\"512\" height=\"282\" src=\"https:\/\/www.eldo.com\/guide\/wp-content\/uploads\/2022\/03\/b.png\" class=\"attachment-large size-large wp-post-image\" alt=\"\" srcset=\"https:\/\/www.eldo.com\/guide\/wp-content\/uploads\/2022\/03\/b.png 512w, https:\/\/www.eldo.com\/guide\/wp-content\/uploads\/2022\/03\/b-300x165.png 300w, https:\/\/www.eldo.com\/guide\/wp-content\/uploads\/2022\/03\/b-600x330.png 600w, https:\/\/www.eldo.com\/guide\/wp-content\/uploads\/2022\/03\/b-800x440.png 800w\" sizes=\"(max-width: 512px) 100vw, 512px\" \/><\/div><div class=\"w-vwrapper usg_vwrapper_1 align_center valign_middle\"><h2 class=\"w-post-elm post_title usg_post_title_1 entry-title color_link_inherit has_text_color\">Comment faire en cas de fuite de baignoire\u2009?<\/h2><\/div>\t\t<\/div>\r\n\t<\/article>\r\n\t<article class=\"w-grid-item size_1x1 post-6381 page type-page status-publish has-post-thumbnail hentry\" data-id=\"6381\">\r\n\t\t<div class=\"w-grid-item-h\">\r\n\t\t\t\t\t\t\t<a class=\"w-grid-item-anchor\" href=\"https:\/\/www.eldo.com\/guide\/salle-de-bain\/baignoire-vs-douche\/baignoire\/angle\" rel=\"bookmark\" aria-label=\"Pourquoi faire installer une baignoire d\u2019angle\u2009?\"><\/a>\r\n\t\t\t\t\t\t<div class=\"w-post-elm post_image usg_post_image_1 stretched\"><img width=\"512\" height=\"377\" src=\"https:\/\/www.eldo.com\/guide\/wp-content\/uploads\/2022\/03\/Capture-decran-2022-03-30-173227.png\" class=\"attachment-large size-large wp-post-image\" alt=\"\" srcset=\"https:\/\/www.eldo.com\/guide\/wp-content\/uploads\/2022\/03\/Capture-decran-2022-03-30-173227.png 512w, https:\/\/www.eldo.com\/guide\/wp-content\/uploads\/2022\/03\/Capture-decran-2022-03-30-173227-300x221.png 300w, https:\/\/www.eldo.com\/guide\/wp-content\/uploads\/2022\/03\/Capture-decran-2022-03-30-173227-544x400.png 544w\" sizes=\"(max-width: 512px) 100vw, 512px\" \/><\/div><div class=\"w-vwrapper usg_vwrapper_1 align_center valign_middle\"><h2 class=\"w-post-elm post_title usg_post_title_1 entry-title color_link_inherit has_text_color\">Pourquoi faire installer une baignoire d\u2019angle\u2009?<\/h2><\/div>\t\t<\/div>\r\n\t<\/article>\r\n<\/div><div class=\"w-grid-preloader\"><div class=\"g-preloader type_1\">\r\n\t<div><\/div>\r\n<\/div>\r\n<\/div>\t<div class=\"w-grid-json hidden\" onclick='return {&quot;action&quot;:&quot;us_ajax_grid&quot;,&quot;ajax_url&quot;:&quot;https:\\\/\\\/www.eldo.com\\\/guide\\\/wp-admin\\\/admin-ajax.php&quot;,&quot;infinite_scroll&quot;:0,&quot;max_num_pages&quot;:1,&quot;pagination&quot;:&quot;none&quot;,&quot;permalink_url&quot;:&quot;https:\\\/\\\/www.eldo.com\\\/guide\\\/wp-json\\\/wp\\\/v2\\\/pages\\\/6359&quot;,&quot;template_vars&quot;:{&quot;columns&quot;:&quot;3&quot;,&quot;exclude_items&quot;:&quot;none&quot;,&quot;img_size&quot;:&quot;default&quot;,&quot;ignore_items_size&quot;:false,&quot;items_layout&quot;:&quot;portfolio_3&quot;,&quot;items_offset&quot;:&quot;1&quot;,&quot;load_animation&quot;:&quot;none&quot;,&quot;overriding_link&quot;:&quot;post&quot;,&quot;post_id&quot;:6359,&quot;query_args&quot;:{&quot;ignore_sticky_posts&quot;:1,&quot;post_type&quot;:&quot;any&quot;,&quot;post__in&quot;:[&quot;8189&quot;,&quot;6392&quot;,&quot;6381&quot;],&quot;posts_per_page&quot;:&quot;10&quot;},&quot;orderby_query_args&quot;:{&quot;orderby&quot;:{&quot;date&quot;:&quot;DESC&quot;}},&quot;type&quot;:&quot;grid&quot;,&quot;us_grid_ajax_index&quot;:1,&quot;us_grid_filter_params&quot;:null,&quot;us_grid_index&quot;:1,&quot;_us_grid_post_type&quot;:&quot;ids&quot;}}'><\/div>\r\n\t<\/div><\/div><\/div><\/div><\/div><\/div><\/section><section class=\"l-section wpb_row us_custom_e91755c2 height_auto width_full with_overlay\"><div class=\"l-section-overlay\" style=\"background: #ebebeb\"><\/div><div class=\"l-section-h i-cf\"><div class=\"g-cols vc_row type_boxes valign_middle\"><div class=\"vc_col-sm-12 wpb_column vc_column_container has-fill\"><div class=\"vc_column-inner us_custom_3e343dbc\"><div class=\"wpb_wrapper\"><p class=\"w-itext us_custom_6df4bc3a type_typingChars align_center\" onclick='return {&quot;duration&quot;:300,&quot;delay&quot;:2000,&quot;disablePartAnimation&quot;:false,&quot;dynamicColor&quot;:&quot;#ffffff&quot;,&quot;html_nbsp_char&quot;:true}'>Je\u00a0cherche\u00a0un\u00a0pro\u00a0\u00e0\u00a0<span class=\"w-itext-part changesat_0 changesat_1 changesat_2 changesat_3 changesat_4 dynamic\" style=\"color:#ffffff\" onclick='return [&quot;Bordeaux&quot;,&quot;Toulouse&quot;,&quot;Paris&quot;,&quot;Nantes&quot;,&quot;Marseille&quot;]'><span>Bordeaux<\/span><i class=\"w-itext-cursor\"><\/i><\/span><\/p><div class=\"w-separator size_small\"><\/div><div class=\"w-btn-wrapper width_auto align_center\"><a class=\"w-btn us-btn-style_2\" title=\"Demander un devis\" target=\"_blank\" href=\"https:\/\/devis.eldo.com\/salle-de-bain\/france?utm_source=gmb&amp;utm_medium=SEO&amp;utm_campaign=senior-baignoire\" rel=\"noopener\"><span class=\"w-btn-label\">Trouver un pro de confiance<\/span><\/a><\/div><\/div><\/div><\/div><\/div><\/div><\/section>\n","protected":false},"excerpt":{"rendered":"Pourquoi faire installer une baignoire d\u2019angle\u2009? Guides travauxPages Alliant confort et \u00e9l\u00e9gance, la baignoire d\u2019angle avec ses airs de jacuzzi est sans doute le meilleur choix pour votre salle de bain atypique. Malgr\u00e9 sa forme asym\u00e9trique, elle est pratique et permet d\u2019optimiser l\u2019espace dans votre petite salle d\u2019eau. Elle existe en plusieurs mod\u00e8les et est...","protected":false},"author":5,"featured_media":6371,"parent":6323,"menu_order":0,"comment_status":"closed","ping_status":"closed","template":"","meta":[],"page_tags":[],"_links":{"self":[{"href":"https:\/\/www.eldo.com\/guide\/wp-json\/wp\/v2\/pages\/6359"}],"collection":[{"href":"https:\/\/www.eldo.com\/guide\/wp-json\/wp\/v2\/pages"}],"about":[{"href":"https:\/\/www.eldo.com\/guide\/wp-json\/wp\/v2\/types\/page"}],"author":[{"embeddable":true,"href":"https:\/\/www.eldo.com\/guide\/wp-json\/wp\/v2\/users\/5"}],"replies":[{"embeddable":true,"href":"https:\/\/www.eldo.com\/guide\/wp-json\/wp\/v2\/comments?post=6359"}],"version-history":[{"count":16,"href":"https:\/\/www.eldo.com\/guide\/wp-json\/wp\/v2\/pages\/6359\/revisions"}],"predecessor-version":[{"id":8200,"href":"https:\/\/www.eldo.com\/guide\/wp-json\/wp\/v2\/pages\/6359\/revisions\/8200"}],"up":[{"embeddable":true,"href":"https:\/\/www.eldo.com\/guide\/wp-json\/wp\/v2\/pages\/6323"}],"wp:featuredmedia":[{"embeddable":true,"href":"https:\/\/www.eldo.com\/guide\/wp-json\/wp\/v2\/media\/6371"}],"wp:attachment":[{"href":"https:\/\/www.eldo.com\/guide\/wp-json\/wp\/v2\/media?parent=6359"}],"wp:term":[{"taxonomy":"page_tags","embeddable":true,"href":"https:\/\/www.eldo.com\/guide\/wp-json\/wp\/v2\/page_tags?post=6359"}],"curies":[{"name":"wp","href":"https:\/\/api.w.org\/{rel}","templated":true}]}}