{"id":625,"date":"2020-08-06T14:15:04","date_gmt":"2020-08-06T14:15:04","guid":{"rendered":"https:\/\/www.eldo.com\/guide\/?page_id=625"},"modified":"2023-12-11T14:07:02","modified_gmt":"2023-12-11T14:07:02","slug":"assurance-dommage-ouvrage","status":"publish","type":"page","link":"https:\/\/www.eldo.com\/guide\/construction-de-maison-individuelle\/les-etapes-d-un-projet-de-construction\/assurance-dommage-ouvrage\/","title":{"rendered":"Assurance dommage-ouvrage"},"content":{"rendered":"<section class=\"l-section wpb_row us_custom_e91755c2 height_auto width_full with_overlay\"><div class=\"l-section-overlay\" style=\"background: #ebebeb\"><\/div><div class=\"l-section-h i-cf\"><div class=\"g-cols vc_row type_boxes valign_middle\"><div class=\"vc_col-sm-12 wpb_column vc_column_container has-fill has_text_color\"><div class=\"vc_column-inner us_custom_9b204907\"><div class=\"wpb_wrapper\"><div class=\"wpb_text_column us_custom_db89c552 has_text_color\" ><div class=\"wpb_wrapper\"><h1 style=\"text-align: center;\">Construction de maison individuelle : l&rsquo;assurance dommage-ouvrage<\/h1>\n<p style=\"text-align: center;\">Guide complet : conseils &amp; d\u00e9marches<\/p>\n<\/div><\/div><div class=\"w-separator size_medium\"><\/div><ol class=\"g-breadcrumbs us_custom_964c9e48 separator_icon align_left has_text_color\"><li class=\"g-breadcrumbs-item\"><a href=\"https:\/\/www.eldo.com\/guide\/\">Guides travaux<\/a><meta content=\"1\"\/><\/li><li class=\"g-breadcrumbs-separator\"><i class=\"far fa-angle-right\"><\/i><\/li><li class=\"g-breadcrumbs-item\">Pages<\/li><\/ol><\/div><\/div><\/div><div class=\"vc_col-sm-12 wpb_column vc_column_container has-fill\"><div class=\"vc_column-inner us_custom_0d15be52\"><div class=\"wpb_wrapper\"><div class=\"wpb_text_column\" ><div class=\"wpb_wrapper\">\n<\/div><\/div><div \" class=\"faq_question_container\"><h2 class=\"faq_question_title\">Que garantit l&#039;assurance dommage ouvrage ?<\/h2><div class=\"faq_question_content\"><p>Pour tout chantier de\u00a0construction de maison individuelle, la garantie de parfait ach\u00e8vement fait partie des obligations du constructeur. A r\u00e9ception des travaux de construction, il est donc important de s\u2019assurer de l\u2019int\u00e9grit\u00e9 et de la conformit\u00e9 de l\u2019ensemble.<\/p>\n<p>Dans tous les cas, m\u00eame si des fissures venaient \u00e0 appara\u00eetre dans l\u2019ann\u00e9e apr\u00e8s livraison par exemple, l\u2019assurance d\u00e9cennal obligatoire contract\u00e9e par le constructeur de maison individuelle couvrira ces dommages mat\u00e9riels.<\/p>\n<\/div><\/div><\/div><\/div><\/div><\/div><\/div><\/section><section class=\"l-section wpb_row height_auto width_full\"><div class=\"l-section-h i-cf\"><div class=\"g-cols vc_row type_boxes valign_middle\"><div class=\"vc_col-sm-8 wpb_column vc_column_container has-fill\"><div class=\"vc_column-inner us_custom_4fb9e5a3\"><div class=\"wpb_wrapper\"><div \" class=\"faq_question_container\"><h2 class=\"faq_question_title\">Est-ce que l&#039;assurance dommage-ouvrage est obligatoire ?<\/h2><div class=\"faq_question_content\"><p>Pour chaque\u00a0<a href=\"https:\/\/www.eldo.com\/guide\/construction-de-maison-individuelle\/\">construction de maison individuelle<\/a>\u00a0elle doit \u00eatre obligatoirement souscrite par le ma\u00eetre de l\u2019ouvrage ou le constructeur pour le compte de celui-ci, avant la date d\u2019ouverture du chantier. Cette derni\u00e8re prend effet \u00e0 la r\u00e9ception et couvre le paiement des r\u00e9parations des dommages caus\u00e9s qui rel\u00e8vent de la garantie d\u00e9cennale. Ces d\u00e9sordres devront \u00eatre d\u00e9clar\u00e9s par le ma\u00eetre d\u2019\u0153uvre \u00e0 l\u2019assureur par courrier recommand\u00e9 avec accus\u00e9 de r\u00e9ception.<\/p>\n<p>Toutefois, elle garantit \u00e9galement le paiement des d\u00e9sordres survenus\u00a0:<\/p>\n<ul>\n<li>Avant la r\u00e9ception, lorsque le contrat est r\u00e9sili\u00e9 car l\u2019entrepreneur n\u2019a pas ex\u00e9cut\u00e9 ses obligations.<\/li>\n<li>Dans l\u2019ann\u00e9e qui suit la r\u00e9ception, lorsque l\u2019entrepreneur n\u2019a pas r\u00e9par\u00e9 les d\u00e9sordres relevant de la garantie d\u00e9cennale signal\u00e9s lors de la r\u00e9ception.<\/li>\n<\/ul>\n<p>En clair, tout contrat de construction par un tiers, doit donner lieu \u00e0 un contrat d\u2019assurance dommage. Ce dernier est obligatoire, au m\u00eame titre que l\u2019assurance d\u00e9cennale. Elle prot\u00e8ge ainsi contre tout vice de construction et permet un remboursement des \u00e9ventuels travaux de r\u00e9paration et de mise en conformit\u00e9.<\/p>\n<\/div><\/div><\/div><\/div><\/div><div class=\"vc_col-sm-4 wpb_column vc_column_container\"><div class=\"vc_column-inner\"><div class=\"wpb_wrapper\"><div class=\"w-image style_shadow-1 align_center\"><div class=\"w-image-h\"><img width=\"768\" height=\"1024\" src=\"https:\/\/www.eldo.com\/guide\/wp-content\/uploads\/2020\/08\/pexels-julia-kuzenkov-1974596-768x1024.jpg\" class=\"attachment-large size-large\" alt=\"maison moderne\" srcset=\"https:\/\/www.eldo.com\/guide\/wp-content\/uploads\/2020\/08\/pexels-julia-kuzenkov-1974596-768x1024.jpg 768w, https:\/\/www.eldo.com\/guide\/wp-content\/uploads\/2020\/08\/pexels-julia-kuzenkov-1974596-225x300.jpg 225w, https:\/\/www.eldo.com\/guide\/wp-content\/uploads\/2020\/08\/pexels-julia-kuzenkov-1974596-300x400.jpg 300w, https:\/\/www.eldo.com\/guide\/wp-content\/uploads\/2020\/08\/pexels-julia-kuzenkov-1974596-450x600.jpg 450w, https:\/\/www.eldo.com\/guide\/wp-content\/uploads\/2020\/08\/pexels-julia-kuzenkov-1974596-scaled.jpg 384w\" sizes=\"(max-width: 768px) 100vw, 768px\" \/><\/div><\/div><div class=\"w-separator size_medium\"><\/div><div class=\"w-btn-wrapper width_auto align_center\"><a class=\"w-btn us-btn-style_2\" title=\"Devis gratuit\" target=\"_blank\" href=\"https:\/\/devis.eldo.com\/construction-de-maisons\/france?utm_source=SEO&amp;utm_medium=Guide&amp;utm_campaign=CMI-construction-de-maison-individuelle-les-etapes-d-un-projet-de-construction-assurance-dommage-ouvrage\" rel=\"noopener\"><span class=\"w-btn-label\">Demander un devis gratuit<\/span><\/a><\/div><\/div><\/div><\/div><\/div><\/div><\/section><section class=\"l-section wpb_row height_auto width_full\"><div class=\"l-section-h i-cf\"><div class=\"g-cols vc_row type_boxes valign_middle\"><div class=\"vc_col-sm-12 wpb_column vc_column_container has-fill\"><div class=\"vc_column-inner us_custom_e4eb24e1\"><div class=\"wpb_wrapper\"><div \" class=\"faq_question_container\"><h2 class=\"faq_question_title\">Pour quoi faire construire sa maison individuelle par un constructeur expert ?<\/h2><div class=\"faq_question_content\"><p>Construire une maison est souvent le projet d\u2019une vie. Il en va donc de votre tranquillit\u00e9 de confier sa construction \u00e0 un expert qui vous garantira un travail sans faille. il pourra vous accompagner pour la recherche d\u2019un terrain par l\u2019<a href=\"https:\/\/www.eldo.com\/guide\/construction-de-maison-individuelle\/les-etapes-d-un-projet-de-construction\/etude-et-travaux-sol\/\" target=\"_blank\" rel=\"noopener noreferrer\">\u00e9tude des sols et pour d\u2019\u00e9ventuels travaux d\u2019adaptation<\/a>\u00a0avant de soumettre un tarif pour votre projet de construction. Il vous aidera ensuite \u00e0 rechercher un financement.<\/p>\n<p>A la diff\u00e9rence d\u2019un simple promoteur immobiliers, ou de nombreux professionnels du b\u00e2timent, la construction de maisons individuelles impose la plus grande rigueur. Il en va de la responsabilit\u00e9 du\u00a0<a href=\"https:\/\/www.eldo.com\/guide\/construction-de-maison-individuelle\/les-etapes-d-un-projet-de-construction\/contrat-ccmi\/\" target=\"_blank\" rel=\"noopener noreferrer\">CCMI (Contrat de Construction de Maison Individuelle)<\/a>\u00a0de construire conform\u00e9ment \u00e0 vos attentes, tout en respectant ses engagements contractuels.<\/p>\n<p>Il est donc tenu par obligation l\u00e9gale de souscrire une assurance dommage ouvrage, au m\u00eame titre qu\u2019une assurance responsabilit\u00e9 civile professionnelle. Toute la responsabilit\u00e9 du chantier lui incombant, il en va de son int\u00e9r\u00eat que tout se passe dans les meilleurs d\u00e9lais et les meilleures conditions.<\/p>\n<p>Pour un ach\u00e8vement des travaux conforme au contrat initial, de m\u00eame que pour vous pr\u00e9venir de tous risques de malfa\u00e7ons que ce soit, faire appel \u00e0 un constructeur de maisons individuelles reste l\u2019option la plus tranquillisante pour vous. En cas d\u2019incident, vous aurez la garantie que son assurance professionnelle vous mettra \u00e0 l\u2019abri de toute d\u00e9convenue financi\u00e8re, compte tenu que le co\u00fbt de la construction de votre maison est garanti d\u00e8s le d\u00e9part.<\/p>\n<\/div><\/div><\/div><\/div><\/div><\/div><\/div><\/section><section class=\"l-section wpb_row height_medium\"><div class=\"l-section-h i-cf\"><div class=\"g-cols vc_row type_default valign_top\"><div class=\"vc_col-sm-12 wpb_column vc_column_container\"><div class=\"vc_column-inner\"><div class=\"wpb_wrapper\"><div class=\"w-grid type_grid layout_331 cols_5 overflow_hidden\" id=\"us_grid_1\"><style id=\"us_grid_1_css\">#us_grid_1 .w-grid-item{padding:1.5rem}#us_grid_1 .w-grid-list{margin:-1.5rem}.w-grid + #us_grid_1 .w-grid-list{margin-top:1.5rem}@media (max-width:1199px){#us_grid_1 .w-grid-item{width:33.3333%}}@media (max-width:899px){#us_grid_1 .w-grid-item{width:50.0000%}}@media (max-width:599px){#us_grid_1 .w-grid-list{margin:0}#us_grid_1 .w-grid-item{width:100.0000%;padding:0;margin-bottom:1.5rem}}<\/style><style>.layout_331 .w-grid-item-h{}.layout_331 .usg_post_image_1{width:50%!important}.layout_331 .usg_vwrapper_1{width:50%!important;margin-right:0!important}.layout_331 .usg_post_title_1{color:#000000!important}@media (max-width:599px){.layout_331 .usg_post_title_1{font-size:1.2rem!important;margin-right:0!important;padding-bottom:0!important}}<\/style><div class=\"w-grid-list\" >\t<article class=\"w-grid-item size_1x1 post-639 page type-page status-publish has-post-thumbnail hentry\" data-id=\"639\">\r\n\t\t<div class=\"w-grid-item-h\">\r\n\t\t\t\t\t\t\t<a class=\"w-grid-item-anchor\" href=\"https:\/\/www.eldo.com\/guide\/construction-de-maison-individuelle\/les-etapes-d-un-projet-de-construction\/etude-et-travaux-sol\/\" rel=\"bookmark\" aria-label=\"Etude du sol et travaux d&rsquo;adaptation \u00e9ventuels\"><\/a>\r\n\t\t\t\t\t\t<div class=\"w-vwrapper usg_vwrapper_1 align_left valign_top\"><p class=\"w-post-elm post_title usg_post_title_1 align_center entry-title color_link_inherit has_text_color\"><a href=\"https:\/\/www.eldo.com\/guide\/construction-de-maison-individuelle\/les-etapes-d-un-projet-de-construction\/etude-et-travaux-sol\/\">Etude du sol et travaux d&rsquo;adaptation \u00e9ventuels<\/a><\/p><\/div><div class=\"w-hwrapper usg_hwrapper_1 align_left valign_top\"><div class=\"w-post-elm post_image usg_post_image_1 has_width has_ratio\"><div style=\"padding-bottom:100.0000%\"><\/div><a href=\"https:\/\/www.eldo.com\/guide\/construction-de-maison-individuelle\/les-etapes-d-un-projet-de-construction\/etude-et-travaux-sol\/\" aria-label=\"Etude du sol et travaux d&rsquo;adaptation \u00e9ventuels\"><img width=\"512\" height=\"343\" src=\"https:\/\/www.eldo.com\/guide\/wp-content\/uploads\/2020\/08\/pexels-pixabay-210617-scaled.jpg\" class=\"attachment-us_600_600_crop size-us_600_600_crop wp-post-image\" alt=\"maison\" srcset=\"https:\/\/www.eldo.com\/guide\/wp-content\/uploads\/2020\/08\/pexels-pixabay-210617-scaled.jpg 512w, https:\/\/www.eldo.com\/guide\/wp-content\/uploads\/2020\/08\/pexels-pixabay-210617-300x201.jpg 300w, https:\/\/www.eldo.com\/guide\/wp-content\/uploads\/2020\/08\/pexels-pixabay-210617-1024x686.jpg 1024w, https:\/\/www.eldo.com\/guide\/wp-content\/uploads\/2020\/08\/pexels-pixabay-210617-597x400.jpg 597w, https:\/\/www.eldo.com\/guide\/wp-content\/uploads\/2020\/08\/pexels-pixabay-210617-800x536.jpg 800w\" sizes=\"(max-width: 512px) 100vw, 512px\" \/><\/a><\/div><\/div>\t\t<\/div>\r\n\t<\/article>\r\n\t<article class=\"w-grid-item size_1x1 post-609 page type-page status-publish has-post-thumbnail hentry\" data-id=\"609\">\r\n\t\t<div class=\"w-grid-item-h\">\r\n\t\t\t\t\t\t\t<a class=\"w-grid-item-anchor\" href=\"https:\/\/www.eldo.com\/guide\/construction-de-maison-individuelle\/les-etapes-d-un-projet-de-construction\/contrat-ccmi\/\" rel=\"bookmark\" aria-label=\"Contrat de CCMI\"><\/a>\r\n\t\t\t\t\t\t<div class=\"w-vwrapper usg_vwrapper_1 align_left valign_top\"><p class=\"w-post-elm post_title usg_post_title_1 align_center entry-title color_link_inherit has_text_color\"><a href=\"https:\/\/www.eldo.com\/guide\/construction-de-maison-individuelle\/les-etapes-d-un-projet-de-construction\/contrat-ccmi\/\">Contrat de CCMI<\/a><\/p><\/div><div class=\"w-hwrapper usg_hwrapper_1 align_left valign_top\"><div class=\"w-post-elm post_image usg_post_image_1 has_width has_ratio\"><div style=\"padding-bottom:100.0000%\"><\/div><a href=\"https:\/\/www.eldo.com\/guide\/construction-de-maison-individuelle\/les-etapes-d-un-projet-de-construction\/contrat-ccmi\/\" aria-label=\"Contrat de CCMI\"><img width=\"512\" height=\"341\" src=\"https:\/\/www.eldo.com\/guide\/wp-content\/uploads\/2020\/08\/pexels-binyamin-mellish-1396122-scaled.jpg\" class=\"attachment-us_600_600_crop size-us_600_600_crop wp-post-image\" alt=\"\" srcset=\"https:\/\/www.eldo.com\/guide\/wp-content\/uploads\/2020\/08\/pexels-binyamin-mellish-1396122-scaled.jpg 512w, https:\/\/www.eldo.com\/guide\/wp-content\/uploads\/2020\/08\/pexels-binyamin-mellish-1396122-300x200.jpg 300w, https:\/\/www.eldo.com\/guide\/wp-content\/uploads\/2020\/08\/pexels-binyamin-mellish-1396122-1024x683.jpg 1024w\" sizes=\"(max-width: 512px) 100vw, 512px\" \/><\/a><\/div><\/div>\t\t<\/div>\r\n\t<\/article>\r\n\t<article class=\"w-grid-item size_1x1 post-591 page type-page status-publish has-post-thumbnail hentry\" data-id=\"591\">\r\n\t\t<div class=\"w-grid-item-h\">\r\n\t\t\t\t\t\t\t<a class=\"w-grid-item-anchor\" href=\"https:\/\/www.eldo.com\/guide\/construction-de-maison-individuelle\/\" rel=\"bookmark\" aria-label=\"Construction de maison individuelle\"><\/a>\r\n\t\t\t\t\t\t<div class=\"w-vwrapper usg_vwrapper_1 align_left valign_top\"><p class=\"w-post-elm post_title usg_post_title_1 align_center entry-title color_link_inherit has_text_color\"><a href=\"https:\/\/www.eldo.com\/guide\/construction-de-maison-individuelle\/\">Construction de maison individuelle<\/a><\/p><\/div><div class=\"w-hwrapper usg_hwrapper_1 align_left valign_top\"><div class=\"w-post-elm post_image usg_post_image_1 has_width has_ratio\"><div style=\"padding-bottom:100.0000%\"><\/div><a href=\"https:\/\/www.eldo.com\/guide\/construction-de-maison-individuelle\/\" aria-label=\"Construction de maison individuelle\"><img width=\"512\" height=\"371\" src=\"https:\/\/www.eldo.com\/guide\/wp-content\/uploads\/2020\/08\/pexels-expect-best-323775-1-scaled.jpg\" class=\"attachment-us_600_600_crop size-us_600_600_crop wp-post-image\" alt=\"Construction de maison individuelle\" srcset=\"https:\/\/www.eldo.com\/guide\/wp-content\/uploads\/2020\/08\/pexels-expect-best-323775-1-scaled.jpg 512w, https:\/\/www.eldo.com\/guide\/wp-content\/uploads\/2020\/08\/pexels-expect-best-323775-1-300x217.jpg 300w\" sizes=\"(max-width: 512px) 100vw, 512px\" \/><\/a><\/div><\/div>\t\t<\/div>\r\n\t<\/article>\r\n<\/div><div class=\"w-grid-preloader\"><div class=\"g-preloader type_1\">\r\n\t<div><\/div>\r\n<\/div>\r\n<\/div>\t<div class=\"w-grid-json hidden\" onclick='return {&quot;action&quot;:&quot;us_ajax_grid&quot;,&quot;ajax_url&quot;:&quot;https:\\\/\\\/www.eldo.com\\\/guide\\\/wp-admin\\\/admin-ajax.php&quot;,&quot;infinite_scroll&quot;:0,&quot;max_num_pages&quot;:1,&quot;pagination&quot;:&quot;none&quot;,&quot;permalink_url&quot;:&quot;https:\\\/\\\/www.eldo.com\\\/guide\\\/wp-json\\\/wp\\\/v2\\\/pages\\\/625&quot;,&quot;template_vars&quot;:{&quot;columns&quot;:&quot;5&quot;,&quot;exclude_items&quot;:&quot;none&quot;,&quot;img_size&quot;:&quot;default&quot;,&quot;ignore_items_size&quot;:false,&quot;items_layout&quot;:&quot;331&quot;,&quot;items_offset&quot;:&quot;1&quot;,&quot;load_animation&quot;:&quot;none&quot;,&quot;overriding_link&quot;:&quot;post&quot;,&quot;post_id&quot;:625,&quot;query_args&quot;:{&quot;ignore_sticky_posts&quot;:1,&quot;post_type&quot;:&quot;any&quot;,&quot;post__in&quot;:[&quot;591&quot;,&quot;609&quot;,&quot;639&quot;],&quot;posts_per_page&quot;:&quot;10&quot;},&quot;orderby_query_args&quot;:{&quot;orderby&quot;:{&quot;date&quot;:&quot;DESC&quot;}},&quot;type&quot;:&quot;grid&quot;,&quot;us_grid_ajax_index&quot;:1,&quot;us_grid_filter_params&quot;:null,&quot;us_grid_index&quot;:1,&quot;_us_grid_post_type&quot;:&quot;ids&quot;}}'><\/div>\r\n\t<\/div><\/div><\/div><\/div><\/div><\/div><\/section><section class=\"l-section wpb_row us_custom_e91755c2 height_auto width_full with_overlay\"><div class=\"l-section-overlay\" style=\"background: #ebebeb\"><\/div><div class=\"l-section-h i-cf\"><div class=\"g-cols vc_row type_boxes valign_middle\"><div class=\"vc_col-sm-12 wpb_column vc_column_container has-fill\"><div class=\"vc_column-inner us_custom_d8727e65\"><div class=\"wpb_wrapper\"><p class=\"w-itext us_custom_6df4bc3a type_typingChars align_center\" onclick='return {&quot;duration&quot;:300,&quot;delay&quot;:2000,&quot;disablePartAnimation&quot;:false,&quot;dynamicColor&quot;:&quot;#ffffff&quot;,&quot;html_nbsp_char&quot;:true}'>Je\u00a0cherche\u00a0un\u00a0pro\u00a0\u00e0\u00a0<span class=\"w-itext-part changesat_0 changesat_1 changesat_2 changesat_3 changesat_4 dynamic\" style=\"color:#ffffff\" onclick='return [&quot;Bordeaux&quot;,&quot;Toulouse&quot;,&quot;Paris&quot;,&quot;Nantes&quot;,&quot;Marseille&quot;]'><span>Bordeaux<\/span><i class=\"w-itext-cursor\"><\/i><\/span><\/p><div class=\"w-separator size_small\"><\/div><div class=\"w-btn-wrapper width_auto align_center\"><a class=\"w-btn us-btn-style_2\" title=\"Devis gratuit\" target=\"_blank\" href=\"https:\/\/devis.eldo.com\/construction-de-maisons\/france?utm_source=SEO&amp;utm_medium=Guide&amp;utm_campaign=CMI-construction-de-maison-individuelle-les-etapes-d-un-projet-de-construction-assurance-dommage-ouvrage\" rel=\"noopener\"><span class=\"w-btn-label\">Expliquer mon projet<\/span><\/a><\/div><\/div><\/div><\/div><\/div><\/div><\/section>\n","protected":false},"excerpt":{"rendered":"Comment pr\u00e9parer son projet de construction de maison individuelle ? Guide complet : d\u00e9marche, contrat &amp; assurance Guides travauxPages Comment bien choisir un constructeur de maison ?Le m\u00e9tier \u00e9tant tr\u00e8s technique, et sachant que votre confort d\u00e9pendra de la qualit\u00e9 du travail accompli, il est imp\u00e9ratif que le professionnel en charge de votre projet soit...","protected":false},"author":1,"featured_media":605,"parent":975,"menu_order":0,"comment_status":"closed","ping_status":"closed","template":"","meta":[],"page_tags":[],"_links":{"self":[{"href":"https:\/\/www.eldo.com\/guide\/wp-json\/wp\/v2\/pages\/625"}],"collection":[{"href":"https:\/\/www.eldo.com\/guide\/wp-json\/wp\/v2\/pages"}],"about":[{"href":"https:\/\/www.eldo.com\/guide\/wp-json\/wp\/v2\/types\/page"}],"author":[{"embeddable":true,"href":"https:\/\/www.eldo.com\/guide\/wp-json\/wp\/v2\/users\/1"}],"replies":[{"embeddable":true,"href":"https:\/\/www.eldo.com\/guide\/wp-json\/wp\/v2\/comments?post=625"}],"version-history":[{"count":32,"href":"https:\/\/www.eldo.com\/guide\/wp-json\/wp\/v2\/pages\/625\/revisions"}],"predecessor-version":[{"id":10523,"href":"https:\/\/www.eldo.com\/guide\/wp-json\/wp\/v2\/pages\/625\/revisions\/10523"}],"up":[{"embeddable":true,"href":"https:\/\/www.eldo.com\/guide\/wp-json\/wp\/v2\/pages\/975"}],"wp:featuredmedia":[{"embeddable":true,"href":"https:\/\/www.eldo.com\/guide\/wp-json\/wp\/v2\/media\/605"}],"wp:attachment":[{"href":"https:\/\/www.eldo.com\/guide\/wp-json\/wp\/v2\/media?parent=625"}],"wp:term":[{"taxonomy":"page_tags","embeddable":true,"href":"https:\/\/www.eldo.com\/guide\/wp-json\/wp\/v2\/page_tags?post=625"}],"curies":[{"name":"wp","href":"https:\/\/api.w.org\/{rel}","templated":true}]}}