{"id":5966,"date":"2021-11-02T16:50:10","date_gmt":"2021-11-02T16:50:10","guid":{"rendered":"https:\/\/www.eldo.com\/guide\/?page_id=5966"},"modified":"2023-11-14T16:00:34","modified_gmt":"2023-11-14T16:00:34","slug":"pourquoi-opter-pour-un-plancher-chauffant","status":"publish","type":"page","link":"https:\/\/www.eldo.com\/guide\/chauffage\/plancher-chauffant","title":{"rendered":"Pourquoi opter pour un plancher chauffant ?"},"content":{"rendered":"<section class=\"l-section wpb_row us_custom_e4eb24e1 height_auto width_full with_overlay\"><div class=\"l-section-overlay\" style=\"background: #ebebeb\"><\/div><div class=\"l-section-h i-cf\"><div class=\"g-cols vc_row type_boxes valign_middle\"><div class=\"vc_col-sm-12 wpb_column vc_column_container has-fill has_text_color\"><div class=\"vc_column-inner us_custom_6bc0e568\"><div class=\"wpb_wrapper\"><div class=\"wpb_text_column us_custom_cef92e06 has_text_color\" ><div class=\"wpb_wrapper\"><h1 style=\"text-align: center;\"><span style=\"font-weight: 400;\">Pourquoi opter pour un plancher chauffant ?<\/span><\/h1>\n<\/div><\/div><ol class=\"g-breadcrumbs us_custom_807cd50c separator_icon align_left has_text_color\"><li class=\"g-breadcrumbs-item\"><a href=\"https:\/\/www.eldo.com\/guide\/\">Eldo<\/a><meta content=\"1\"\/><\/li><li class=\"g-breadcrumbs-separator\"><i class=\"far fa-angle-right\"><\/i><\/li><li class=\"g-breadcrumbs-item\">Pages<\/li><\/ol><\/div><\/div><\/div><div class=\"vc_col-sm-12 wpb_column vc_column_container has-fill with_overlay\"><div class=\"vc_column-inner us_custom_e4eb24e1\"><div class=\"vc_column-overlay\" style=\"background:#fff\"><\/div><div class=\"wpb_wrapper\"><div class=\"wpb_text_column\" ><div class=\"wpb_wrapper\">\n<\/div><\/div><div class=\"w-separator size_medium\"><\/div><div class=\"wpb_text_column us_custom_ae99f6aa has_text_color\" ><div class=\"wpb_wrapper\"><p><span style=\"font-weight: 400;\">Malgr\u00e9 la mauvaise presse dont il fait objet, le chauffage au sol est tr\u00e8s souvent pr\u00e9f\u00e9r\u00e9 lorsqu\u2019il s\u2019agit de <a href=\"https:\/\/www.eldo.com\/guide\/chauffage\/choisir-son-chauffage\">choisir un syst\u00e8me de chauffage<\/a> d\u2019appoint. Cela est principalement d\u00fb aux nombreux avantages qu\u2019il pr\u00e9sente.<\/span><\/p>\n<p><span style=\"font-weight: 400;\">Le mode de chauffage au sol le plus appr\u00e9ci\u00e9 est le plancher chauffant, qui permet de grandement optimiser l\u2019espace int\u00e9rieur, tout en apportant une chaleur douce. Ainsi, vous garantirez, dans chaque pi\u00e8ce de votre maison, un confort thermique agr\u00e9able en saison de basse temp\u00e9rature sans vous encombrer d\u2019\u00e9quipements prenant trop de place.<\/span><\/p>\n<p><span style=\"font-weight: 400;\">Que ce soit pour des travaux de r\u00e9novation ou pour l\u2019installation d\u2019un nouveau syst\u00e8me de chauffage central, voici les bonnes raisons pour pr\u00e9f\u00e9rer un plancher chauffant.<\/span><\/p>\n<\/div><\/div><\/div><\/div><\/div><\/div><\/div><\/section><section class=\"l-section wpb_row height_auto width_full\"><div class=\"l-section-h i-cf\"><div class=\"g-cols vc_row type_boxes valign_middle\"><div class=\"vc_col-sm-12 wpb_column vc_column_container has-fill\"><div class=\"vc_column-inner us_custom_4fb9e5a3\"><div class=\"wpb_wrapper\"><div class=\"w-image align_center\"><div class=\"w-image-h\"><img width=\"600\" height=\"350\" src=\"https:\/\/www.eldo.com\/guide\/wp-content\/uploads\/2021\/11\/zb-3-600x350.jpg\" class=\"attachment-us_600_400 size-us_600_400\" alt=\"\" srcset=\"https:\/\/www.eldo.com\/guide\/wp-content\/uploads\/2021\/11\/zb-3-600x350.jpg 600w, https:\/\/www.eldo.com\/guide\/wp-content\/uploads\/2021\/11\/zb-3-300x175.jpg 300w, https:\/\/www.eldo.com\/guide\/wp-content\/uploads\/2021\/11\/zb-3-1024x597.jpg 1024w, https:\/\/www.eldo.com\/guide\/wp-content\/uploads\/2021\/11\/zb-3-800x467.jpg 800w, https:\/\/www.eldo.com\/guide\/wp-content\/uploads\/2021\/11\/zb-3.jpg 512w\" sizes=\"(max-width: 600px) 100vw, 600px\" \/><\/div><\/div><div class=\"w-separator size_medium\"><\/div><div \" class=\"faq_question_container\"><h2 class=\"faq_question_title\">Qu\u2019est-ce qu\u2019un plancher chauffant ?<\/h2><div class=\"faq_question_content\"><p><span style=\"font-weight: 400;\">Le plancher chauffant est un appareil de chauffage d\u2019appoint qui, contrairement \u00e0 un radiateur, est int\u00e9gr\u00e9 au sol de la maison. Tandis que les radiateurs \u00e9mettent, de fa\u00e7on localis\u00e9e, la chaleur, le plancher chauffant distribue la chaleur dans toutes les pi\u00e8ces de fa\u00e7on homog\u00e8ne.<\/span><\/p>\n<p><span style=\"font-weight: 400;\">Il est g\u00e9n\u00e9ralement compos\u00e9 de tuyaux en poly\u00e9thyl\u00e8ne fix\u00e9s sur un isolant en polystyr\u00e8ne. On l\u2019installe entre le plancher en b\u00e9ton de l\u2019habitation et une couche de chape de b\u00e9ton que l\u2019on coule sur les tuyaux. Un large \u00e9ventail de choix est, par la suite, possible pour le rev\u00eatement final du sol, marbre, carrelage, etc. Mais, si vous optez pour une moquette ou un parquet en bois, prenez soin de lire son DTU. Cela vous permettra de prendre en consid\u00e9ration toutes les caract\u00e9ristiques qui pourraient entraver le bon fonctionnement de votre plancher chauffant.<\/span><\/p>\n<p><span style=\"font-weight: 400;\">Fonctionnant soit \u00e0 l\u2019eau chaude soit \u00e0 l\u2019\u00e9lectricit\u00e9, le plancher chauffant respecte un principe simple et efficace. Face aux mod\u00e8les \u00e9lectriques, les types de planchers chauffants fonctionnant \u00e0 l\u2019eau chaude vous permettront de r\u00e9aliser des <a href=\"https:\/\/www.eldo.com\/guide\/chauffage\/mode-de-chauffage-economique\">\u00e9conomies<\/a> sur votre facture d\u2019\u00e9lectricit\u00e9. De plus, ils sont consid\u00e9r\u00e9s comme les plus confortables et les plus fiables.<\/span><\/p>\n<p><span style=\"font-weight: 400;\">En effet, ils permettent de chauffer, \u00e0 basse temp\u00e9rature, le sol de la pi\u00e8ce et l\u2019air ambiant. Cela est possible gr\u00e2ce \u00e0 de l\u2019eau \u00e0 temp\u00e9rature relativement basse circulant \u00e0 travers les tuyaux dans la chape \u00e0 b\u00e9ton. Cette eau emmagasine la chaleur accumul\u00e9e pour la diffuser, par la suite, par rayonnement. De ce fait, la temp\u00e9rature du sol n\u2019est jamais trop froide, ni trop chaude, car votre \u00e9quipement garantira une temp\u00e9rature stable avoisinant les 28 \u00b0C.<\/span><\/p>\n<p><span style=\"font-weight: 400;\">Le plancher chauffant est alors un excellent type de chauffage pour vous \u00e9viter les chocs thermiques \u00e0 votre sortie de lit. Il est vraiment agr\u00e9able de se lever du lit et de mettre le pied sur un sol doux et encore chaud !\u00a0<\/span><\/p>\n<p><span style=\"font-weight: 400;\">Aussi, votre plancher chauffant peut pr\u00e9senter des effets r\u00e9versibles. De la m\u00eame mani\u00e8re, il peut \u00eatre utilis\u00e9 pour chauffer votre maison, vous pourrez l\u2019utiliser en \u00e9t\u00e9 pour baisser la temp\u00e9rature jusqu\u2019\u00e0 5 \u00b0C. Votre mode de chauffage d\u2019appoint peut ainsi se r\u00e9v\u00e9ler comme un appareil de climatisation.<\/span><\/p>\n<\/div><\/div><div class=\"w-separator size_large\"><\/div><div class=\"w-btn-wrapper width_auto align_center\"><a class=\"w-btn us-btn-style_1\" href=\"https:\/\/devis.eldo.com\/chauffage-climatisation-clim\/france?utm_source=gmb&amp;utm_medium=SEO&amp;utm_campaign=chauffage-plancher-chauffant\"><span class=\"w-btn-label\">Demander un devis<\/span><\/a><\/div><div class=\"w-separator size_medium\"><\/div><div \" class=\"faq_question_container\"><h2 class=\"faq_question_title\">O\u00f9 l\u2019installer ?<\/h2><div class=\"faq_question_content\"><p><span style=\"font-weight: 400;\">Le plancher chauffant peut s\u2019installer dans n\u2019importe quel type de sol, tant lorsqu\u2019il s\u2019agit de r\u00e9novation que pour les nouvelles constructions. Il faudra, toutefois, avant la pose du tubage, installer un collecteur afin de raccorder votre plancher chauffant au syst\u00e8me de chauffage central. \u00c9galement, le collecteur permettra de proc\u00e9der au r\u00e9glage de temp\u00e9rature lors de l\u2019utilisation de votre plancher chauffant. De plus, le collecteur doit \u00eatre plac\u00e9 \u00e0 chaque \u00e9tage et de sorte \u00e0 avoir une position centrale.<\/span><\/p>\n<\/div><\/div><div class=\"w-separator size_medium\"><\/div><div class=\"w-btn-wrapper width_auto align_center\"><a class=\"w-btn us-btn-style_1\" title=\"Porte en bois : quels sont les avantages\" href=\"https:\/\/devis.eldo.com\/chauffage-climatisation-clim\/france?utm_source=gmb&amp;utm_medium=SEO&amp;utm_campaign=chauffage-plancher-chauffant\"><span class=\"w-btn-label\">Demander conseil<\/span><\/a><\/div><div class=\"w-separator size_medium\"><\/div><div \" class=\"faq_question_container\"><h2 class=\"faq_question_title\">Quel type de plancher chauffant choisir ?<\/h2><div class=\"faq_question_content\"><p><span style=\"font-weight: 400;\">Le plancher au sol \u00e9lectrique ou le plancher \u00e0 eau encore appel\u00e9 hydraulique apportent chacun, des sp\u00e9cificit\u00e9s pour un confort thermique propre \u00e0 votre mode de chauffage.<\/span><\/p>\n<h3><span style=\"font-weight: 400;\">Le plancher chauffant hydraulique<\/span><\/h3>\n<p><span style=\"font-weight: 400;\">Bien que plus cher lors de l\u2019installation, le plancher chauffant hydraulique vous permettra, sur le long terme, de r\u00e9aliser une \u00e9conomie consid\u00e9rable. Il n\u00e9cessite, n\u00e9anmoins, plus de soins d\u2019entretien qu\u2019un plancher chauffant \u00e9lectrique. En principe, vous devez contr\u00f4ler son fonctionnement tous les 5 ans.<img class=\"size-medium wp-image-5974 alignleft\" src=\"https:\/\/www.eldo.com\/guide\/wp-content\/uploads\/2021\/11\/zd-300x200.jpg\" alt=\"\" width=\"300\" height=\"200\" srcset=\"https:\/\/www.eldo.com\/guide\/wp-content\/uploads\/2021\/11\/zd-300x200.jpg 300w, https:\/\/www.eldo.com\/guide\/wp-content\/uploads\/2021\/11\/zd.jpg 400w\" sizes=\"(max-width: 300px) 100vw, 300px\" \/><\/span><span style=\"font-weight: 400;\"> Reli\u00e9 \u00e0 votre chauffage central par des tubes, le plancher chauffant hydraulique est le type de chauffage d\u2019appoint \u00e0 choisir pour une construction neuve. Ces tubes sont destin\u00e9s \u00e0 faciliter la circulation de l\u2019eau entre les couches de b\u00e9tons. Dans le cadre de travaux de r\u00e9novation de votre logement par contre, l\u2019installation d\u2019un plancher chauffant \u00e0 eau peut entra\u00eener de lourds travaux. En effet, il faudra refaire les sols de chaque pi\u00e8ce o\u00f9 vous envisagez de le placer.<\/span><\/p>\n<p><span style=\"font-weight: 400;\">Enfin, le plancher \u00e0 eau est dot\u00e9 d\u2019un syst\u00e8me r\u00e9versible vous permettant de rafra\u00eechir votre maison durant l\u2019\u00e9t\u00e9. En effet, le liquide caloporteur est capable d\u2019absorber l\u2019exc\u00e8s de temp\u00e9rature afin de le diriger vers un syst\u00e8me de refroidissement.<\/span><\/p>\n<p><span style=\"font-weight: 400;\">Votre plancher chauffant sera ainsi rafra\u00eechissant et gardera une temp\u00e9rature stable tout le long de la p\u00e9riode de chauffe. Il vous faudra effectuer un raccordement de votre plancher chauffant \u00e0 une pompe \u00e0 chaleur ou \u00e0 un groupe d\u2019eau glac\u00e9e afin de lui permettre d\u2019\u00eatre r\u00e9versible. Aussi, se combine-t-il parfaitement avec une chaudi\u00e8re.<\/span><\/p>\n<h3><span style=\"font-weight: 400;\">Le plancher chauffant \u00e9lectrique<\/span><\/h3>\n<p><span style=\"font-weight: 400;\">Solution de chauffage au sol la plus commune, le plancher chauffant \u00e9lectrique est le type de chauffage le plus facile \u00e0 installer et \u00e0 entretenir. Il se pr\u00e9sente comme un c\u00e2ble chauffant que vous disposerez sur toute la superficie du sol de la pi\u00e8ce, dissimul\u00e9 sous un rev\u00eatement. <img class=\" wp-image-5973 alignright\" src=\"https:\/\/www.eldo.com\/guide\/wp-content\/uploads\/2021\/11\/za-4-300x300.jpg\" alt=\"\" width=\"211\" height=\"211\" srcset=\"https:\/\/www.eldo.com\/guide\/wp-content\/uploads\/2021\/11\/za-4-300x300.jpg 300w, https:\/\/www.eldo.com\/guide\/wp-content\/uploads\/2021\/11\/za-4-150x150.jpg 150w, https:\/\/www.eldo.com\/guide\/wp-content\/uploads\/2021\/11\/za-4-400x400.jpg 400w, https:\/\/www.eldo.com\/guide\/wp-content\/uploads\/2021\/11\/za-4.jpg 470w\" sizes=\"(max-width: 211px) 100vw, 211px\" \/>Il est le mieux indiqu\u00e9 \u00e0 installer dans le cadre de travaux de r\u00e9novation de votre logement.<\/span><\/p>\n<p><span style=\"font-weight: 400;\">Moins cher \u00e0 l\u2019achat comparativement au mod\u00e8le hydraulique, il se r\u00e9v\u00e8le, toutefois, beaucoup plus \u00e9nergivore. Aussi, devrez-vous vous assurer de disposer de lignes \u00e9lectriques d\u00e9di\u00e9es avant son installation, \u00e0 cause de la grande puissance qu\u2019elle peut demander.<\/span><\/p>\n<p><span style=\"font-weight: 400;\">Il existe deux types de planchers chauffants \u00e9lectriques, \u00e0 savoir le plancher chauffant rayonnant et le plancher chauffant \u00e9lectrique \u00e0 accumulation.<\/span><\/p>\n<p><span style=\"font-weight: 400;\">Le premier, tr\u00e8s \u00e9conomique, est le plus install\u00e9 et le plus demand\u00e9, tandis que le second, pouvant s\u2019installer \u00e9galement le long des murs, est r\u00e9serv\u00e9 aux r\u00e9gions d\u2019extr\u00eame froid.<\/span><\/p>\n<\/div><\/div><div class=\"w-separator size_medium\"><\/div><div class=\"w-btn-wrapper width_auto align_center\"><a class=\"w-btn us-btn-style_1\" title=\"Porte en bois : quels sont les avantages\" href=\"https:\/\/devis.eldo.com\/chauffage-climatisation-clim\/france?utm_source=gmb&amp;utm_medium=SEO&amp;utm_campaign=chauffage-plancher-chauffant\"><span class=\"w-btn-label\">Trouver un pro de confiance<\/span><\/a><\/div><div class=\"w-separator size_medium\"><\/div><div \" class=\"faq_question_container\"><h2 class=\"faq_question_title\">Quel est le prix moyen d\u2019un plancher chauffant ?<\/h2><div class=\"faq_question_content\"><p><span style=\"font-weight: 400;\">Le prix de l\u2019installation d\u2019un plancher chauffant varie selon\u00a0 son type. Ainsi, la pose proprement dite d\u2019un plancher chauffant \u00e9lectrique pourra vous revenir \u00e0 40 euros par m\u00e8tre carr\u00e9 environ. Quant \u00e0 l\u2019installation d\u2019un plancher chauffant hydraulique, elle peut vous revenir jusqu\u2019\u00e0 100 euros le m\u00e8tre carr\u00e9 en fonction des performances.<\/span><\/p>\n<p><span style=\"font-weight: 400;\">Sur ce co\u00fbt d\u2019installation, vous devez pr\u00e9voir une incidence financi\u00e8re li\u00e9e \u00e0 la consommation \u00e9nerg\u00e9tique li\u00e9e \u00e0 son utilisation. De toutes les mani\u00e8res, sur le moyen et long terme, le plancher chauffant hydraulique se r\u00e9v\u00e8le beaucoup plus rentable que le mod\u00e8le \u00e9lectrique. Ceci, non seulement gr\u00e2ce aux \u00e9conomies que vous r\u00e9aliserez, mais surtout avec la fonction r\u00e9versible qui vous permettra d\u2019avoir deux solutions de temp\u00e9rature en un seul \u00e9quipement.<\/span><\/p>\n<\/div><\/div><div class=\"w-separator size_medium\"><\/div><div class=\"w-btn-wrapper width_auto align_center\"><a class=\"w-btn us-btn-style_1\" href=\"https:\/\/devis.eldo.com\/chauffage-climatisation-clim\/france?utm_source=gmb&amp;utm_medium=SEO&amp;utm_campaign=chauffage-plancher-chauffant\"><span class=\"w-btn-label\">Demander un devis<\/span><\/a><\/div><div class=\"w-separator size_medium\"><\/div><div class=\"w-image align_center\"><div class=\"w-image-h\"><img width=\"512\" height=\"228\" src=\"https:\/\/www.eldo.com\/guide\/wp-content\/uploads\/2021\/11\/za-5.jpg\" class=\"attachment-large size-large\" alt=\"\" srcset=\"https:\/\/www.eldo.com\/guide\/wp-content\/uploads\/2021\/11\/za-5.jpg 512w, https:\/\/www.eldo.com\/guide\/wp-content\/uploads\/2021\/11\/za-5-300x133.jpg 300w, https:\/\/www.eldo.com\/guide\/wp-content\/uploads\/2021\/11\/za-5-600x267.jpg 600w, https:\/\/www.eldo.com\/guide\/wp-content\/uploads\/2021\/11\/za-5-800x356.jpg 800w\" sizes=\"(max-width: 512px) 100vw, 512px\" \/><\/div><\/div><div class=\"w-separator size_medium\"><\/div><div \" class=\"faq_question_container\"><h2 class=\"faq_question_title\">Quels avantages et inconv\u00e9nients ?<\/h2><div class=\"faq_question_content\"><p><span style=\"font-weight: 400;\">La pose de votre plancher chauffant pourra vous apporter bien des avantages, mais comme tout mode de chauffage, il pr\u00e9sente quelques inconv\u00e9nients.<\/span><\/p>\n<h3><span style=\"font-weight: 400;\">Les avantages du plancher chauffant<\/span><\/h3>\n<p><span style=\"font-weight: 400;\">Le principal atout du plancher chauffant est le grand confort qu\u2019il procure lorsqu\u2019il diffuse, par rayonnement, une chaleur douce et homog\u00e8ne dans toute votre pi\u00e8ce. Il garantit \u00e9galement un sol temp\u00e9r\u00e9, m\u00eame en hiver<\/span><span style=\"font-weight: 400;\">\u2009<\/span><span style=\"font-weight: 400;\">; ce qui vous dispensera des chaussons au cours des p\u00e9riodes de basse temp\u00e9rature.<\/span><\/p>\n<p><span style=\"font-weight: 400;\">Aussi, contrairement aux autres appareils de chauffage, le plancher chauffant est compl\u00e8tement compris dans les murs et sols de votre maison. Ce qui vous apporte beaucoup plus de place pour d\u2019autres mobiliers et d\u00e9corations que vous pourrez agencer \u00e0 l\u2019envie. Noy\u00e9 dans une chape de b\u00e9ton, votre plancher chauffant n\u2019occasionnera aucune nuisance sonore. Ce caract\u00e8re silencieux dont il est dot\u00e9 renforce le confort qu\u2019il apporte dans la pi\u00e8ce, car il accro\u00eet la qui\u00e9tude qui peut y r\u00e9gner.<\/span><\/p>\n<p><span style=\"font-weight: 400;\">Enfin, l\u2019installation d\u2019un plancher chauffant constitue un investissement tr\u00e8s rentable, car son utilisation est \u00e9conomique. Gr\u00e2ce \u00e0 sa rentabilit\u00e9, il est fortement conseill\u00e9 d\u2019installer un plancher chauffant dans le cadre de gros travaux de r\u00e9novation ou d\u2019une nouvelle construction.<\/span><\/p>\n<\/div><\/div><div class=\"w-separator size_medium\"><\/div><div class=\"w-btn-wrapper width_auto align_center\"><a class=\"w-btn us-btn-style_1\" title=\"Porte en bois : quels sont les avantages\" href=\"https:\/\/devis.eldo.com\/chauffage-climatisation-clim\/france?utm_source=gmb&amp;utm_medium=SEO&amp;utm_campaign=chauffage-plancher-chauffant\"><span class=\"w-btn-label\">Demander conseil<\/span><\/a><\/div><div class=\"w-separator size_medium\"><\/div><\/div><\/div><\/div><\/div><\/div><\/section><section class=\"l-section wpb_row height_medium\"><div class=\"l-section-h i-cf\"><div class=\"g-cols vc_row type_default valign_top\"><div class=\"vc_col-sm-12 wpb_column vc_column_container\"><div class=\"vc_column-inner\"><div class=\"wpb_wrapper\"><\/div><\/div><\/div><\/div><\/div><\/section><section class=\"l-section wpb_row us_custom_e91755c2 height_auto width_full with_overlay\"><div class=\"l-section-overlay\" style=\"background: #ebebeb\"><\/div><div class=\"l-section-h i-cf\"><div class=\"g-cols vc_row type_boxes valign_middle\"><div class=\"vc_col-sm-12 wpb_column vc_column_container has-fill\"><div class=\"vc_column-inner us_custom_08cfc4a1\"><div class=\"wpb_wrapper\"><p class=\"w-itext us_custom_6df4bc3a type_typingChars align_center\" onclick='return {&quot;duration&quot;:300,&quot;delay&quot;:2000,&quot;disablePartAnimation&quot;:false,&quot;dynamicColor&quot;:&quot;#ffffff&quot;,&quot;html_nbsp_char&quot;:true}'>Je\u00a0cherche\u00a0un\u00a0pro\u00a0\u00e0\u00a0<span class=\"w-itext-part changesat_0 changesat_1 changesat_2 changesat_3 changesat_4 dynamic\" style=\"color:#ffffff\" onclick='return [&quot;Bordeaux&quot;,&quot;Toulouse&quot;,&quot;Paris&quot;,&quot;Nantes&quot;,&quot;Marseille&quot;]'><span>Bordeaux<\/span><i class=\"w-itext-cursor\"><\/i><\/span><\/p><div class=\"w-btn-wrapper width_auto align_center\"><a class=\"w-btn us-btn-style_1\" title=\"Porte en bois : quels sont les avantages\" href=\"https:\/\/devis.eldo.com\/chauffage-climatisation-clim\/france?utm_source=gmb&amp;utm_medium=SEO&amp;utm_campaign=chauffage-plancher-chauffant\"><span class=\"w-btn-label\">Trouver un pro de confiance<\/span><\/a><\/div><\/div><\/div><\/div><\/div><\/div><\/section>\n","protected":false},"excerpt":{"rendered":"Pourquoi opter pour un plancher chauffant ? EldoPages Malgr\u00e9 la mauvaise presse dont il fait objet, le chauffage au sol est tr\u00e8s souvent pr\u00e9f\u00e9r\u00e9 lorsqu\u2019il s\u2019agit de choisir un syst\u00e8me de chauffage d\u2019appoint. Cela est principalement d\u00fb aux nombreux avantages qu\u2019il pr\u00e9sente. Le mode de chauffage au sol le plus appr\u00e9ci\u00e9 est le plancher chauffant,...","protected":false},"author":5,"featured_media":0,"parent":5500,"menu_order":0,"comment_status":"closed","ping_status":"closed","template":"","meta":[],"page_tags":[],"_links":{"self":[{"href":"https:\/\/www.eldo.com\/guide\/wp-json\/wp\/v2\/pages\/5966"}],"collection":[{"href":"https:\/\/www.eldo.com\/guide\/wp-json\/wp\/v2\/pages"}],"about":[{"href":"https:\/\/www.eldo.com\/guide\/wp-json\/wp\/v2\/types\/page"}],"author":[{"embeddable":true,"href":"https:\/\/www.eldo.com\/guide\/wp-json\/wp\/v2\/users\/5"}],"replies":[{"embeddable":true,"href":"https:\/\/www.eldo.com\/guide\/wp-json\/wp\/v2\/comments?post=5966"}],"version-history":[{"count":16,"href":"https:\/\/www.eldo.com\/guide\/wp-json\/wp\/v2\/pages\/5966\/revisions"}],"predecessor-version":[{"id":10520,"href":"https:\/\/www.eldo.com\/guide\/wp-json\/wp\/v2\/pages\/5966\/revisions\/10520"}],"up":[{"embeddable":true,"href":"https:\/\/www.eldo.com\/guide\/wp-json\/wp\/v2\/pages\/5500"}],"wp:attachment":[{"href":"https:\/\/www.eldo.com\/guide\/wp-json\/wp\/v2\/media?parent=5966"}],"wp:term":[{"taxonomy":"page_tags","embeddable":true,"href":"https:\/\/www.eldo.com\/guide\/wp-json\/wp\/v2\/page_tags?post=5966"}],"curies":[{"name":"wp","href":"https:\/\/api.w.org\/{rel}","templated":true}]}}