{"id":5559,"date":"2021-10-27T09:43:21","date_gmt":"2021-10-27T09:43:21","guid":{"rendered":"https:\/\/www.eldo.com\/guide\/?page_id=5559"},"modified":"2023-11-14T15:58:45","modified_gmt":"2023-11-14T15:58:45","slug":"pourquoi-installer-une-pompe-a-chaleur-geothermique","status":"publish","type":"page","link":"https:\/\/www.eldo.com\/guide\/chauffage\/pompe-a-chaleur\/geothermique","title":{"rendered":"Pourquoi installer une pompe \u00e0 chaleur g\u00e9othermique ?"},"content":{"rendered":"<section class=\"l-section wpb_row us_custom_e91755c2 height_auto width_full with_overlay\"><div class=\"l-section-overlay\" style=\"background: #ffffff\"><\/div><div class=\"l-section-h i-cf\"><div class=\"g-cols vc_row type_boxes valign_middle gap-10px\"><style>.g-cols.gap-10px{margin:0 -10px}.gap-10px > .vc_column_container {padding:10px}<\/style><div class=\"vc_col-sm-12 wpb_column vc_column_container has-fill has_text_color\"><div class=\"vc_column-inner us_custom_fc9a8995\"><div class=\"wpb_wrapper\"><div class=\"wpb_text_column us_custom_89145601 has_text_color\" ><div class=\"wpb_wrapper\"><h1 style=\"text-align: center;\">Pourquoi installer une pompe \u00e0 chaleur g\u00e9othermique ?<\/h1>\n<\/div><\/div><ol class=\"g-breadcrumbs us_custom_cef92e06 separator_icon align_left has_text_color\"><li class=\"g-breadcrumbs-item\"><a href=\"https:\/\/www.eldo.com\/guide\/\">Guides travaux<\/a><meta content=\"1\"\/><\/li><li class=\"g-breadcrumbs-separator\"><i class=\"far fa-angle-right\"><\/i><\/li><li class=\"g-breadcrumbs-item\">Pages<\/li><\/ol><\/div><\/div><\/div><\/div><\/div><\/section><section class=\"l-section wpb_row us_custom_e91755c2 height_auto width_full with_overlay\"><div class=\"l-section-overlay\" style=\"background: #ffffff\"><\/div><div class=\"l-section-h i-cf\"><div class=\"g-cols vc_row type_boxes valign_middle gap-10px\"><style>.g-cols.gap-10px{margin:0 -10px}.gap-10px > .vc_column_container {padding:10px}<\/style><div class=\"vc_col-sm-12 wpb_column vc_column_container\"><div class=\"vc_column-inner\"><div class=\"wpb_wrapper\"><div class=\"wpb_text_column us_custom_08d2243f has_text_color\" ><div class=\"wpb_wrapper\">\n<\/div><\/div><div class=\"wpb_text_column us_custom_1eefa3cd has_text_color\" ><div class=\"wpb_wrapper\"><p><span style=\"font-weight: 400;\">Les \u00e9l\u00e9ments qui nous entourent sont dot\u00e9s d\u2019une \u00e9nergie naturelle renouvel\u00e9e \u00e0 l\u2019infini par les rayonnements solaires. Cette \u00e9nergie, emmagasin\u00e9e dans les roches, l\u2019air et l\u2019eau, peut \u00eatre capt\u00e9e pour un usage domestique. Les pompes \u00e0 chaleur captent les calories contenues dans les \u00e9l\u00e9ments pour les transformer en \u00e9nergie thermique afin de chauffer une maison. Elles constituent ainsi un mode de chauffage tr\u00e8s \u00e9cologique et recyclable, car elles utilisent des ressources naturelles et renouvelables. Aussi, vous permettent-elles de faire de consid\u00e9rables \u00e9conomies d\u2019\u00e9nergie. Voici quelques raisons d\u2019installer une pompe \u00e0 chaleur g\u00e9othermique<\/span><\/p>\n<p>&nbsp;<\/p>\n<p><span style=\"font-weight: 400;\"><img class=\" wp-image-5547 aligncenter\" src=\"https:\/\/www.eldo.com\/guide\/wp-content\/uploads\/2021\/10\/240_F_155312214_3btQnaK3ou5nSsdKtC2pKKJhG9b8B3j5.jpg\" alt=\"\" width=\"398\" height=\"323\" \/><\/span><\/p>\n<\/div><\/div><\/div><\/div><\/div><\/div><\/div><\/section><section class=\"l-section wpb_row height_medium\"><div class=\"l-section-h i-cf\"><div class=\"g-cols vc_row type_default valign_top\"><div class=\"vc_col-sm-12 wpb_column vc_column_container\"><div class=\"vc_column-inner\"><div class=\"wpb_wrapper\"><div \" class=\"faq_question_container\"><h2 class=\"faq_question_title\">Quel est son fonctionnement\u2009?<\/h2><div class=\"faq_question_content\"><p><span style=\"font-weight: 400;\">La pompe \u00e0 chaleur g\u00e9othermique, gr\u00e2ce \u00e0 des capteurs disposant d\u2019un liquide caloporteur, capte la chaleur contenue dans la terre. Cette chaleur capt\u00e9e sera transmise, \u00e0 travers le liquide caloporteur, \u00e0 tous vos appareils de chauffage, entre autres radiateurs et plancher chauffant. Ce m\u00e9canisme fonctionne suivant un principe simple et n\u00e9cessite des composants sp\u00e9cifiques.<\/span><\/p>\n<h3>Principe de fonctionnement de la pompe \u00e0 chaleur g\u00e9othermique<\/h3>\n<p><span style=\"font-weight: 400;\">L\u2019\u00e9nergie g\u00e9othermique est concentr\u00e9e dans la terre et peut \u00eatre convertie en \u00e9nergie thermique, r\u00e9cup\u00e9r\u00e9e par la PAC g\u00e9othermique. Cette derni\u00e8re diffusera dans la maison cette \u00e9nergie capt\u00e9e, constituant ainsi une solution naturelle pour le chauffage et m\u00eame la climatisation d\u2019un logement.<\/span><\/p>\n<p><span style=\"font-weight: 400;\">Ainsi, la pompe \u00e0 chaleur g\u00e9othermique capte la chaleur de l\u2019ext\u00e9rieur de la maison pour la modeler et la diffuser \u00e0 l\u2019int\u00e9rieur. En proc\u00e9dant ainsi, elle suit le processus inverse d\u2019un r\u00e9frig\u00e9rateur.<\/span><\/p>\n<h3>Composants et techniques de captage<\/h3>\n<p><span style=\"font-weight: 400;\">Le fonctionnement d\u2019une PAC g\u00e9othermique suit un circuit ferm\u00e9 de capteurs enterr\u00e9s sous la terre. Ces capteurs peuvent \u00eatre horizontaux ou verticaux.<\/span><\/p>\n<p><span style=\"font-weight: 400;\">Dans un circuit \u00e0 capteurs verticaux, ces derniers sont enterr\u00e9s \u00e0 faible profondeur, pas plus d\u2019un m\u00e8tre et demi, mais sur une surface faisant le double de la superficie \u00e0 chauffer.<\/span><\/p>\n<p><span style=\"font-weight: 400;\">En outre, lorsqu\u2019il s\u2019agit de circuit \u00e0 capteurs verticaux, ces derniers se pr\u00e9sentent comme une paire de sondes g\u00e9othermiques longues de 75\u00a0m. Elles doivent \u00eatre enterr\u00e9es en laissant un espace d\u2019une dizaine de m\u00e8tres entre elles. Ce type de capteur n\u00e9cessite donc un profond forage, mais r\u00e9duit grandement la surface requise par les capteurs horizontaux.<\/span><\/p>\n<\/div><\/div><div class=\"w-btn-wrapper width_auto align_center\"><a class=\"w-btn us-btn-style_2\" title=\"Demander un devis\" target=\"_blank\" href=\"https:\/\/devis.eldo.com\/chauffage-climatisation-clim\/france?utm_source=gmb&amp;utm_medium=SEO&amp;utm_campaign=chauffage-pompe-a-chaleur-geothermique\" rel=\"noopener\"><span class=\"w-btn-label\">Trouver un pro de confiance<\/span><\/a><\/div><div class=\"w-separator size_medium\"><\/div><div class=\"w-image align_center\"><div class=\"w-image-h\"><img width=\"309\" height=\"240\" src=\"https:\/\/www.eldo.com\/guide\/wp-content\/uploads\/2021\/10\/240_F_155307818_RbZFhDxomGl88nI0hiEjRWvRvy3EvbfD.jpg\" class=\"attachment-large size-large\" alt=\"\" srcset=\"https:\/\/www.eldo.com\/guide\/wp-content\/uploads\/2021\/10\/240_F_155307818_RbZFhDxomGl88nI0hiEjRWvRvy3EvbfD.jpg 309w, https:\/\/www.eldo.com\/guide\/wp-content\/uploads\/2021\/10\/240_F_155307818_RbZFhDxomGl88nI0hiEjRWvRvy3EvbfD-300x233.jpg 300w\" sizes=\"(max-width: 309px) 100vw, 309px\" \/><\/div><\/div><div class=\"w-separator size_medium\"><\/div><div \" class=\"faq_question_container\"><h2 class=\"faq_question_title\">Quelles sont les pr\u00e9rogatives\u2009?<\/h2><div class=\"faq_question_content\"><p><span style=\"font-weight: 400;\">L\u2019installation d\u2019une pompe \u00e0 chaleur g\u00e9othermique assure trois principales fonctions dans votre maison.<\/span><\/p>\n<p><span style=\"font-weight: 400;\">Premi\u00e8rement, sa fonction primaire, c\u2019est le chauffage de la maison. En effet, la pompe \u00e0 chaleur g\u00e9othermique se chargera d\u2019alimenter le circuit de chauffage de votre syst\u00e8me de chauffage. Planchers chauffants, radiateurs et m\u00eame ventilo-convecteur pourront \u00eatre reli\u00e9s \u00e0 votre pompe \u00e0 chaleur g\u00e9othermique pour fonctionner efficacement.<\/span><\/p>\n<\/div><\/div><div class=\"w-separator size_medium\"><\/div><div \" class=\"faq_question_container\"><h2 class=\"faq_question_title\">Dans quel cas choisir un PAC \u00e0 g\u00e9othermie\u2009?<\/h2><div class=\"faq_question_content\"><p><span style=\"font-weight: 400;\">Bien que la pompe \u00e0 chaleur g\u00e9othermique soit plus avantageuse qu\u2019une PAC <a href=\"https:\/\/www.eldo.com\/guide\/chauffage\/pompe-a-chaleur\/air-air\">air-air<\/a> sur certains aspects, son installation d\u00e9pend grandement du terrain et du type de construction.<\/span><\/p>\n<h3>Installation d\u2019une PAC g\u00e9othermique dans le cadre d\u2019une nouvelle construction<\/h3>\n<p><span style=\"font-weight: 400;\">Pour une construction neuve, vous avez plus de latitude en amont dans le choix du type de capteurs. C\u2019est alors la configuration de votre terrain qui d\u00e9terminera le meilleur choix de capteurs g\u00e9othermiques.\u00a0<\/span><\/p>\n<p><span style=\"font-weight: 400;\">En effet, des capteurs horizontaux n\u00e9cessiteront au minimum un espace de 200\u00a0m<\/span><span style=\"font-weight: 400;\">2<\/span><span style=\"font-weight: 400;\"> pour une habitation r\u00e9pondant \u00e0 la norme moyenne. Vous devrez alors pr\u00e9voir un terrain de 300\u00a0m<\/span><span style=\"font-weight: 400;\">2 <\/span><span style=\"font-weight: 400;\">au minimum pour occuper \u00e0 peine 100\u00a0m<\/span><span style=\"font-weight: 400;\">2<\/span><span style=\"font-weight: 400;\">. De plus, des racines d\u2019arbre et des roches en sous-sol constituent des obstacles \u00e0 l\u2019installation de ce type de capteur.<\/span><\/p>\n<p><span style=\"font-weight: 400;\">C\u2019est pourquoi il est souvent recommand\u00e9 l\u2019installation de capteurs verticaux, mais cela n\u00e9cessitera des travaux de forage et les autorisations administratives y aff\u00e9rentes. Ce forage devra atteindre au minimum 50\u00a0m de profondeur.<\/span><\/p>\n<p><span style=\"font-weight: 400;\">Pr\u00e9f\u00e9rer une PAC g\u00e9othermique en lieu et place des PAC hydrothermiques peut se montrer \u00eatre un choix judicieux. En effet, capter la chaleur de la terre pour la restituer en \u00e9nergie est une bonne alternative pour les r\u00e9gions s\u00e8ches o\u00f9 les nappes phr\u00e9atiques sont faibles.<\/span><\/p>\n<h3>Installation d\u2019une PAC en remplacement d\u2019un syst\u00e8me de chauffage<\/h3>\n<p><span style=\"font-weight: 400;\">Avant d\u2019opter pour une pompe \u00e0 chaleur g\u00e9othermique en remplacement d\u2019un syst\u00e8me de chauffage pr\u00e9existant, il faudra imp\u00e9rativement v\u00e9rifier l\u2019isolation thermique du b\u00e2timent. De mani\u00e8re plus pouss\u00e9e, on pourra vous demander d\u2019\u00e9valuer la performance thermique du b\u00e2timent afin d\u2019avoir une id\u00e9e globale des besoins en vue d\u2019apporter un meilleur confort thermique.<\/span><\/p>\n<p><span style=\"font-weight: 400;\">En raison de toutes les contraintes li\u00e9es au besoin de performance thermique, remplacer un syst\u00e8me de chauffage pr\u00e9existant par une pompe \u00e0 chaleur g\u00e9othermique peut s\u2019av\u00e9rer extr\u00eamement co\u00fbteux.<\/span><\/p>\n<\/div><\/div><div class=\"w-separator size_medium\"><\/div><div class=\"w-btn-wrapper width_auto align_center\"><a class=\"w-btn us-btn-style_2\" title=\"Demander un devis\" target=\"_blank\" href=\"https:\/\/devis.eldo.com\/chauffage-climatisation-clim\/france?utm_source=gmb&amp;utm_medium=SEO&amp;utm_campaign=chauffage-pompe-a-chaleur-geothermique\" rel=\"noopener\"><span class=\"w-btn-label\">Demander un devis<\/span><\/a><\/div><\/div><\/div><\/div><\/div><\/div><\/section><section class=\"l-section wpb_row height_auto width_full\"><div class=\"l-section-h i-cf\"><div class=\"g-cols vc_row type_boxes valign_middle gap-10px\"><style>.g-cols.gap-10px{margin:0 -10px}.gap-10px > .vc_column_container {padding:10px}<\/style><div class=\"vc_col-sm-6 wpb_column vc_column_container has-fill\"><div class=\"vc_column-inner us_custom_4fb9e5a3\"><div class=\"wpb_wrapper\"><div class=\"w-separator size_small\"><\/div><div \" class=\"faq_question_container\"><h2 class=\"faq_question_title\">Est-ce un syst\u00e8me \u00e9conomique\u2009?<\/h2><div class=\"faq_question_content\"><p><span style=\"font-weight: 400;\">Bien que les co\u00fbts d\u2019installation d\u2019une pompe \u00e0 chaleur g\u00e9othermique peuvent sembler \u00e9normes, il existe beaucoup d\u2019aides et subventions qui vous permettront de faire des \u00e9conomies.<\/span><\/p>\n<p><span style=\"font-weight: 400;\">En effet, la PAC g\u00e9othermique figure dans la liste des mat\u00e9riels \u00e9ligibles pour l\u2019aide MaPrimR\u00e9nov. Par cette aide, vous pourrez b\u00e9n\u00e9ficier de cr\u00e9dit d\u2019imp\u00f4t dans le cadre de vos travaux de r\u00e9novation. Il faut, toutefois, pr\u00e9ciser que le b\u00e9n\u00e9fice de cette prime est r\u00e9serv\u00e9 aux m\u00e9nages \u00e0 revenus modestes et interm\u00e9diaires.<\/span><\/p>\n<p><img class=\" wp-image-5546\" src=\"https:\/\/www.eldo.com\/guide\/wp-content\/uploads\/2021\/10\/istockphoto-1174994801-612x612-1-300x206.jpg\" alt=\"\" width=\"354\" height=\"243\" srcset=\"https:\/\/www.eldo.com\/guide\/wp-content\/uploads\/2021\/10\/istockphoto-1174994801-612x612-1-300x206.jpg 300w, https:\/\/www.eldo.com\/guide\/wp-content\/uploads\/2021\/10\/istockphoto-1174994801-612x612-1-581x400.jpg 581w, https:\/\/www.eldo.com\/guide\/wp-content\/uploads\/2021\/10\/istockphoto-1174994801-612x612-1.jpg 512w\" sizes=\"(max-width: 354px) 100vw, 354px\" \/><\/p>\n<\/div><\/div><\/div><\/div><\/div><div class=\"vc_col-sm-6 wpb_column vc_column_container\"><div class=\"vc_column-inner\"><div class=\"wpb_wrapper\"><div \" class=\"faq_question_container\"><h2 class=\"faq_question_title\">Pourquoi choisir un installateur et du mat\u00e9riel fiable ?<\/h2><div class=\"faq_question_content\"><p><span style=\"font-weight: 400;\">Compte tenu des exigences techniques, l\u2019installation de la pompe \u00e0 chaleur g\u00e9othermique doit se faire par un installateur professionnel. En effet, contrairement \u00e0 la PAC <a href=\"https:\/\/www.eldo.com\/guide\/chauffage\/pompe-a-chaleur\/air-eau\">air-eau<\/a> qui peut simplement se raccorder \u00e0 l\u2019arriv\u00e9e d\u2019eau sanitaire, la PAC g\u00e9othermique n\u00e9cessite des \u00e9tudes pr\u00e9alables.\u00a0<\/span><\/p>\n<p><span style=\"font-weight: 400;\">C\u2019est pourquoi il est recommand\u00e9 de faire appel \u00e0 des entreprises certifi\u00e9es RGE pour l\u2019installation de votre pompe \u00e0 chaleur g\u00e9othermique. L\u2019installation de la PAC g\u00e9othermique par une entreprise certifi\u00e9e RGE est m\u00eame une condition obligatoire pour b\u00e9n\u00e9ficier des aides.<\/span><\/p>\n<p><span style=\"font-weight: 400;\">De plus, cet installateur vous garantit l\u2019utilisation de mat\u00e9riels de qualit\u00e9 pour apporter une performance thermique optimale \u00e0 votre b\u00e2timent et un meilleur confort thermique. Il pourra \u00e9galement se charger de l\u2019entretien PAC et vous initier aux indicateurs de performance de votre PAC comme le coefficient de performance et la puissance thermique.<\/span><\/p>\n<\/div><\/div><\/div><\/div><\/div><\/div><\/div><\/section><section class=\"l-section wpb_row height_medium\"><div class=\"l-section-h i-cf\"><div class=\"g-cols vc_row type_default valign_top\"><div class=\"vc_col-sm-12 wpb_column vc_column_container\"><div class=\"vc_column-inner\"><div class=\"wpb_wrapper\"><div class=\"w-grid type_grid layout_331 cols_5 overflow_hidden\" id=\"us_grid_1\"><style id=\"us_grid_1_css\">#us_grid_1 .w-grid-item{padding:1.5rem}#us_grid_1 .w-grid-list{margin:-1.5rem}.w-grid + #us_grid_1 .w-grid-list{margin-top:1.5rem}@media (max-width:1199px){#us_grid_1 .w-grid-item{width:33.3333%}}@media (max-width:899px){#us_grid_1 .w-grid-item{width:50.0000%}}@media (max-width:599px){#us_grid_1 .w-grid-list{margin:0}#us_grid_1 .w-grid-item{width:100.0000%;padding:0;margin-bottom:1.5rem}}<\/style><style>.layout_331 .w-grid-item-h{}.layout_331 .usg_post_image_1{width:50%!important}.layout_331 .usg_vwrapper_1{width:50%!important;margin-right:0!important}.layout_331 .usg_post_title_1{color:#000000!important}@media (max-width:599px){.layout_331 .usg_post_title_1{font-size:1.2rem!important;margin-right:0!important;padding-bottom:0!important}}<\/style><div class=\"w-grid-list\" >\t<article class=\"w-grid-item size_1x1 post-5537 page type-page status-publish has-post-thumbnail hentry\" data-id=\"5537\">\r\n\t\t<div class=\"w-grid-item-h\">\r\n\t\t\t\t\t\t\t<a class=\"w-grid-item-anchor\" href=\"https:\/\/www.eldo.com\/guide\/chauffage\/pompe-a-chaleur\/entretien\" rel=\"bookmark\" aria-label=\"Pourquoi faire l&rsquo;entretien de sa pompe \u00e0 chaleur\"><\/a>\r\n\t\t\t\t\t\t<div class=\"w-vwrapper usg_vwrapper_1 align_left valign_top\"><p class=\"w-post-elm post_title usg_post_title_1 align_center entry-title color_link_inherit has_text_color\"><a href=\"https:\/\/www.eldo.com\/guide\/chauffage\/pompe-a-chaleur\/entretien\">Pourquoi faire l&rsquo;entretien de sa pompe \u00e0 chaleur<\/a><\/p><\/div><div class=\"w-hwrapper usg_hwrapper_1 align_left valign_top\"><div class=\"w-post-elm post_image usg_post_image_1 has_width has_ratio\"><div style=\"padding-bottom:100.0000%\"><\/div><a href=\"https:\/\/www.eldo.com\/guide\/chauffage\/pompe-a-chaleur\/entretien\" aria-label=\"Pourquoi faire l&rsquo;entretien de sa pompe \u00e0 chaleur\"><img width=\"512\" height=\"341\" src=\"https:\/\/www.eldo.com\/guide\/wp-content\/uploads\/2021\/10\/istockphoto-1131170449-612x612-1.jpg\" class=\"attachment-us_600_600_crop size-us_600_600_crop wp-post-image\" alt=\"\" srcset=\"https:\/\/www.eldo.com\/guide\/wp-content\/uploads\/2021\/10\/istockphoto-1131170449-612x612-1.jpg 512w, https:\/\/www.eldo.com\/guide\/wp-content\/uploads\/2021\/10\/istockphoto-1131170449-612x612-1-300x200.jpg 300w, https:\/\/www.eldo.com\/guide\/wp-content\/uploads\/2021\/10\/istockphoto-1131170449-612x612-1-600x400.jpg 600w\" sizes=\"(max-width: 512px) 100vw, 512px\" \/><\/a><\/div><\/div>\t\t<\/div>\r\n\t<\/article>\r\n\t<article class=\"w-grid-item size_1x1 post-5463 page type-page status-publish has-post-thumbnail hentry\" data-id=\"5463\">\r\n\t\t<div class=\"w-grid-item-h\">\r\n\t\t\t\t\t\t\t<a class=\"w-grid-item-anchor\" href=\"https:\/\/www.eldo.com\/guide\/chauffage\/pompe-a-chaleur\/air-air\" rel=\"bookmark\" aria-label=\"Pourquoi choisir la pompe \u00e0 chaleur air-air (PAC)\u2009?\"><\/a>\r\n\t\t\t\t\t\t<div class=\"w-vwrapper usg_vwrapper_1 align_left valign_top\"><p class=\"w-post-elm post_title usg_post_title_1 align_center entry-title color_link_inherit has_text_color\"><a href=\"https:\/\/www.eldo.com\/guide\/chauffage\/pompe-a-chaleur\/air-air\">Pourquoi choisir la pompe \u00e0 chaleur air-air (PAC)\u2009?<\/a><\/p><\/div><div class=\"w-hwrapper usg_hwrapper_1 align_left valign_top\"><div class=\"w-post-elm post_image usg_post_image_1 has_width has_ratio\"><div style=\"padding-bottom:100.0000%\"><\/div><a href=\"https:\/\/www.eldo.com\/guide\/chauffage\/pompe-a-chaleur\/air-air\" aria-label=\"Pourquoi choisir la pompe \u00e0 chaleur air-air (PAC)\u2009?\"><img width=\"509\" height=\"339\" src=\"https:\/\/www.eldo.com\/guide\/wp-content\/uploads\/2021\/10\/clim.jpg\" class=\"attachment-us_600_600_crop size-us_600_600_crop wp-post-image\" alt=\"\" srcset=\"https:\/\/www.eldo.com\/guide\/wp-content\/uploads\/2021\/10\/clim.jpg 509w, https:\/\/www.eldo.com\/guide\/wp-content\/uploads\/2021\/10\/clim-300x200.jpg 300w\" sizes=\"(max-width: 509px) 100vw, 509px\" \/><\/a><\/div><\/div>\t\t<\/div>\r\n\t<\/article>\r\n\t<article class=\"w-grid-item size_1x1 post-5441 page type-page status-publish has-post-thumbnail hentry\" data-id=\"5441\">\r\n\t\t<div class=\"w-grid-item-h\">\r\n\t\t\t\t\t\t\t<a class=\"w-grid-item-anchor\" href=\"https:\/\/www.eldo.com\/guide\/chauffage\/pompe-a-chaleur\/air-eau\" rel=\"bookmark\" aria-label=\"Pourquoi opter pour une installation de pompe \u00e0 chaleur air-eau (PAC)\u2009?\"><\/a>\r\n\t\t\t\t\t\t<div class=\"w-vwrapper usg_vwrapper_1 align_left valign_top\"><p class=\"w-post-elm post_title usg_post_title_1 align_center entry-title color_link_inherit has_text_color\"><a href=\"https:\/\/www.eldo.com\/guide\/chauffage\/pompe-a-chaleur\/air-eau\">Pourquoi opter pour une installation de pompe \u00e0 chaleur air-eau (PAC)\u2009?<\/a><\/p><\/div><div class=\"w-hwrapper usg_hwrapper_1 align_left valign_top\"><div class=\"w-post-elm post_image usg_post_image_1 has_width has_ratio\"><div style=\"padding-bottom:100.0000%\"><\/div><a href=\"https:\/\/www.eldo.com\/guide\/chauffage\/pompe-a-chaleur\/air-eau\" aria-label=\"Pourquoi opter pour une installation de pompe \u00e0 chaleur air-eau (PAC)\u2009?\"><img width=\"217\" height=\"240\" src=\"https:\/\/www.eldo.com\/guide\/wp-content\/uploads\/2021\/10\/boil1.jpg\" class=\"attachment-us_600_600_crop size-us_600_600_crop wp-post-image\" alt=\"\" \/><\/a><\/div><\/div>\t\t<\/div>\r\n\t<\/article>\r\n<\/div><div class=\"w-grid-preloader\"><div class=\"g-preloader type_1\">\r\n\t<div><\/div>\r\n<\/div>\r\n<\/div>\t<div class=\"w-grid-json hidden\" onclick='return {&quot;action&quot;:&quot;us_ajax_grid&quot;,&quot;ajax_url&quot;:&quot;https:\\\/\\\/www.eldo.com\\\/guide\\\/wp-admin\\\/admin-ajax.php&quot;,&quot;infinite_scroll&quot;:0,&quot;max_num_pages&quot;:1,&quot;pagination&quot;:&quot;none&quot;,&quot;permalink_url&quot;:&quot;https:\\\/\\\/www.eldo.com\\\/guide\\\/wp-json\\\/wp\\\/v2\\\/pages\\\/5559&quot;,&quot;template_vars&quot;:{&quot;columns&quot;:&quot;5&quot;,&quot;exclude_items&quot;:&quot;none&quot;,&quot;img_size&quot;:&quot;default&quot;,&quot;ignore_items_size&quot;:false,&quot;items_layout&quot;:&quot;331&quot;,&quot;items_offset&quot;:&quot;1&quot;,&quot;load_animation&quot;:&quot;none&quot;,&quot;overriding_link&quot;:&quot;post&quot;,&quot;post_id&quot;:5559,&quot;query_args&quot;:{&quot;ignore_sticky_posts&quot;:1,&quot;post_type&quot;:&quot;any&quot;,&quot;post__in&quot;:[&quot;5463&quot;,&quot;5441&quot;,&quot;5537&quot;],&quot;posts_per_page&quot;:&quot;10&quot;},&quot;orderby_query_args&quot;:{&quot;orderby&quot;:{&quot;date&quot;:&quot;DESC&quot;}},&quot;type&quot;:&quot;grid&quot;,&quot;us_grid_ajax_index&quot;:1,&quot;us_grid_filter_params&quot;:null,&quot;us_grid_index&quot;:1,&quot;_us_grid_post_type&quot;:&quot;ids&quot;}}'><\/div>\r\n\t<\/div><\/div><\/div><\/div><\/div><\/div><\/section><section class=\"l-section wpb_row us_custom_e91755c2 height_auto width_full with_overlay\"><div class=\"l-section-overlay\" style=\"background: #ebebeb\"><\/div><div class=\"l-section-h i-cf\"><div class=\"g-cols vc_row type_boxes valign_middle\"><div class=\"vc_col-sm-12 wpb_column vc_column_container has-fill\"><div class=\"vc_column-inner us_custom_6aa2a883\"><div class=\"wpb_wrapper\"><p class=\"w-itext us_custom_6df4bc3a type_typingChars align_center\" onclick='return {&quot;duration&quot;:300,&quot;delay&quot;:2000,&quot;disablePartAnimation&quot;:false,&quot;dynamicColor&quot;:&quot;#ffffff&quot;,&quot;html_nbsp_char&quot;:true}'>Je\u00a0cherche\u00a0un\u00a0pro\u00a0\u00e0\u00a0<span class=\"w-itext-part changesat_0 changesat_1 changesat_2 changesat_3 changesat_4 dynamic\" style=\"color:#ffffff\" onclick='return [&quot;Bordeaux&quot;,&quot;Toulouse&quot;,&quot;Paris&quot;,&quot;Nantes&quot;,&quot;Marseille&quot;]'><span>Bordeaux<\/span><i class=\"w-itext-cursor\"><\/i><\/span><\/p><div class=\"w-separator size_small\"><\/div><div class=\"w-btn-wrapper width_auto align_center\"><a class=\"w-btn us-btn-style_2\" title=\"Demander un devis\" target=\"_blank\" href=\"https:\/\/devis.eldo.com\/chauffage-climatisation-clim\/france?utm_source=gmb&amp;utm_medium=SEO&amp;utm_campaign=chauffage-pompe-a-chaleur-geothermique\" rel=\"noopener\"><span class=\"w-btn-label\">Trouver un pro de confiance<\/span><\/a><\/div><\/div><\/div><\/div><\/div><\/div><\/section>\n","protected":false},"excerpt":{"rendered":"Pourquoi opter pour une installation de pompe \u00e0 chaleur air-eau (PAC)\u2009? Guides travauxPages PAC air-air, Pompe \u00e0 chaleur air eau et PAC g\u00e9othermique utilisent, toutes, une \u00e9nergie renouvelable pour am\u00e9liorer votre efficacit\u00e9 \u00e9nerg\u00e9tique. La PAC air-eau est compos\u00e9e de deux unit\u00e9s li\u00e9es par un fluide frigorig\u00e8ne. L\u2019unit\u00e9 ext\u00e9rieure plac\u00e9e hors de la maison capte les...","protected":false},"author":5,"featured_media":8126,"parent":5422,"menu_order":0,"comment_status":"closed","ping_status":"closed","template":"","meta":[],"page_tags":[],"_links":{"self":[{"href":"https:\/\/www.eldo.com\/guide\/wp-json\/wp\/v2\/pages\/5559"}],"collection":[{"href":"https:\/\/www.eldo.com\/guide\/wp-json\/wp\/v2\/pages"}],"about":[{"href":"https:\/\/www.eldo.com\/guide\/wp-json\/wp\/v2\/types\/page"}],"author":[{"embeddable":true,"href":"https:\/\/www.eldo.com\/guide\/wp-json\/wp\/v2\/users\/5"}],"replies":[{"embeddable":true,"href":"https:\/\/www.eldo.com\/guide\/wp-json\/wp\/v2\/comments?post=5559"}],"version-history":[{"count":10,"href":"https:\/\/www.eldo.com\/guide\/wp-json\/wp\/v2\/pages\/5559\/revisions"}],"predecessor-version":[{"id":10519,"href":"https:\/\/www.eldo.com\/guide\/wp-json\/wp\/v2\/pages\/5559\/revisions\/10519"}],"up":[{"embeddable":true,"href":"https:\/\/www.eldo.com\/guide\/wp-json\/wp\/v2\/pages\/5422"}],"wp:featuredmedia":[{"embeddable":true,"href":"https:\/\/www.eldo.com\/guide\/wp-json\/wp\/v2\/media\/8126"}],"wp:attachment":[{"href":"https:\/\/www.eldo.com\/guide\/wp-json\/wp\/v2\/media?parent=5559"}],"wp:term":[{"taxonomy":"page_tags","embeddable":true,"href":"https:\/\/www.eldo.com\/guide\/wp-json\/wp\/v2\/page_tags?post=5559"}],"curies":[{"name":"wp","href":"https:\/\/api.w.org\/{rel}","templated":true}]}}