{"id":5463,"date":"2021-10-25T09:53:41","date_gmt":"2021-10-25T09:53:41","guid":{"rendered":"https:\/\/www.eldo.com\/guide\/?page_id=5463"},"modified":"2023-11-14T15:41:30","modified_gmt":"2023-11-14T15:41:30","slug":"pourquoi-choisir-la-pompe-a-chaleur-air-air-pac%e2%80%89-2","status":"publish","type":"page","link":"https:\/\/www.eldo.com\/guide\/chauffage\/pompe-a-chaleur\/air-air","title":{"rendered":"Pourquoi choisir la pompe \u00e0 chaleur air-air (PAC)\u2009?"},"content":{"rendered":"<section class=\"l-section wpb_row us_custom_e91755c2 height_auto width_full with_overlay\"><div class=\"l-section-overlay\" style=\"background: #ffffff\"><\/div><div class=\"l-section-h i-cf\"><div class=\"g-cols vc_row type_boxes valign_middle gap-10px\"><style>.g-cols.gap-10px{margin:0 -10px}.gap-10px > .vc_column_container {padding:10px}<\/style><div class=\"vc_col-sm-12 wpb_column vc_column_container has-fill has_text_color\"><div class=\"vc_column-inner us_custom_4f484036\"><div class=\"wpb_wrapper\"><div class=\"wpb_text_column us_custom_89145601 has_text_color\" ><div class=\"wpb_wrapper\"><h1 style=\"text-align: center;\">Pourquoi choisir la pompe \u00e0 chaleur air-air (PAC)\u2009?<\/h1>\n<\/div><\/div><div class=\"w-separator size_medium\"><\/div><ol class=\"g-breadcrumbs us_custom_5c92be9c separator_icon align_left has_text_color\"><li class=\"g-breadcrumbs-item\"><a href=\"https:\/\/www.eldo.com\/guide\/\">Guides travaux<\/a><meta content=\"1\"\/><\/li><li class=\"g-breadcrumbs-separator\"><i class=\"far fa-angle-right\"><\/i><\/li><li class=\"g-breadcrumbs-item\">Pages<\/li><\/ol><\/div><\/div><\/div><\/div><\/div><\/section><section class=\"l-section wpb_row us_custom_e91755c2 height_auto width_full with_overlay\"><div class=\"l-section-overlay\" style=\"background: #ffffff\"><\/div><div class=\"l-section-h i-cf\"><div class=\"g-cols vc_row type_boxes valign_middle gap-10px\"><style>.g-cols.gap-10px{margin:0 -10px}.gap-10px > .vc_column_container {padding:10px}<\/style><div class=\"vc_col-sm-12 wpb_column vc_column_container\"><div class=\"vc_column-inner\"><div class=\"wpb_wrapper\"><div class=\"wpb_text_column us_custom_08d2243f has_text_color\" ><div class=\"wpb_wrapper\">\n<\/div><\/div><div class=\"wpb_text_column us_custom_1eefa3cd has_text_color\" ><div class=\"wpb_wrapper\"><p><span style=\"font-weight: 400;\">Encore appel\u00e9e thermopompe, la pompe \u00e0 chaleur est un m\u00e9canisme qui permet le transfert de l\u2019\u00e9nergie thermique d\u2019un milieu \u00e0 temp\u00e9rature faible vers un milieu \u00e0 temp\u00e9rature \u00e9lev\u00e9e. Il existe plusieurs types de pompes \u00e0 chaleur\u00a0: <a href=\"https:\/\/www.eldo.com\/guide\/chauffage\/pompe-a-chaleur\/air-eau\">PAC air-eau<\/a>, pompe \u00e0 chaleur air-air, PAC eau-eau,<a href=\"https:\/\/www.eldo.com\/guide\/chauffage\/pompe-a-chaleur\/geothermique\"> PAC g\u00e9othermique<\/a>. Chacune poss\u00e8de des avantages, mais aussi des inconv\u00e9nients. D\u00e9couvrez pourquoi opter pour une pompe \u00e0 chaleur air-air.<\/span><\/p>\n<\/div><\/div><div class=\"w-separator size_small\"><\/div><div class=\"w-image align_center\"><div class=\"w-image-h\"><img width=\"512\" height=\"341\" src=\"https:\/\/www.eldo.com\/guide\/wp-content\/uploads\/2021\/10\/istockphoto-1075473032-612x612-1.jpg\" class=\"attachment-large size-large\" alt=\"\" srcset=\"https:\/\/www.eldo.com\/guide\/wp-content\/uploads\/2021\/10\/istockphoto-1075473032-612x612-1.jpg 512w, https:\/\/www.eldo.com\/guide\/wp-content\/uploads\/2021\/10\/istockphoto-1075473032-612x612-1-300x200.jpg 300w, https:\/\/www.eldo.com\/guide\/wp-content\/uploads\/2021\/10\/istockphoto-1075473032-612x612-1-600x400.jpg 600w\" sizes=\"(max-width: 512px) 100vw, 512px\" \/><\/div><\/div><\/div><\/div><\/div><\/div><\/div><\/section><section class=\"l-section wpb_row height_auto width_full\"><div class=\"l-section-h i-cf\"><div class=\"g-cols vc_row type_boxes valign_middle gap-10px\"><style>.g-cols.gap-10px{margin:0 -10px}.gap-10px > .vc_column_container {padding:10px}<\/style><div class=\"vc_col-sm-12 wpb_column vc_column_container has-fill\"><div class=\"vc_column-inner us_custom_4fb9e5a3\"><div class=\"wpb_wrapper\"><div \" class=\"faq_question_container\"><h2 class=\"faq_question_title\">Quel est son fonctionnement\u2009?<\/h2><div class=\"faq_question_content\"><p><span style=\"font-weight: 400;\">Pour transformer les calories de l\u2019air ambiant en air chaud, un \u00e9l\u00e9ment est indispensable. Il s\u2019agit du fluide frigorig\u00e8ne. La transformation se d\u00e9roule en quatre \u00e9tapes.<\/span><\/p>\n<p><span style=\"font-weight: 400;\">En premier lieu, il y a r\u00e9cup\u00e9ration des calories contenues dans l\u2019air ambiant par le fluide frigorig\u00e8ne qui se trouve \u00e0 l\u2019\u00e9tat liquide. Sous l\u2019effet de l\u2019\u00e9nergie r\u00e9cup\u00e9r\u00e9e, le fluide subit une augmentation de temp\u00e9rature et se change en gaz, puis s\u2019\u00e9vapore.<\/span><\/p>\n<p><span style=\"font-weight: 400;\">En second lieu, le fluide sous haute pression \u00e0 l\u2019\u00e9tat gazeux et chaud se fait aspirer et compresser par le compresseur. Ce dernier est aliment\u00e9 par un moteur \u00e9lectrique. C\u2019est l\u00e0 que commence la condensation du fluide frigorig\u00e8ne. Celui-ci, tout en se condensant, transf\u00e8re sa chaleur \u00e0 l\u2019air de la pi\u00e8ce \u00e0 chauffer. \u00c0 la sortie du condenseur, il redevient liquide.<\/span><\/p>\n<p><span style=\"font-weight: 400;\">Pour finir, un d\u00e9tendeur permet la chute de la pression du fluide et le pr\u00e9pare pour la phase d\u2019\u00e9vaporation. C\u2019est en \u00e9tant dans l\u2019\u00e9vaporateur que le fluide pr\u00e9l\u00e8ve encore l\u2019\u00e9nergie contenue dans l\u2019air ambiant, puis le cycle reprend.<\/span><\/p>\n<\/div><\/div><div class=\"w-separator size_small\"><\/div><div class=\"w-btn-wrapper width_auto align_center\"><a class=\"w-btn us-btn-style_2\" title=\"Demander un devis\" target=\"_blank\" href=\"https:\/\/devis.eldo.com\/chauffage-climatisation-clim\/france?utm_source=gmb&amp;utm_medium=SEO&amp;utm_campaign=chauffage-pompe-a-chaleur-air-air\" rel=\"noopener\"><span class=\"w-btn-label\">Expliquer mon projet<\/span><\/a><\/div><\/div><\/div><\/div><\/div><\/div><\/section><section class=\"l-section wpb_row height_auto width_full\"><div class=\"l-section-h i-cf\"><div class=\"g-cols vc_row type_boxes valign_middle gap-10px\"><style>.g-cols.gap-10px{margin:0 -10px}.gap-10px > .vc_column_container {padding:10px}<\/style><div class=\"vc_col-sm-6 wpb_column vc_column_container has-fill\"><div class=\"vc_column-inner us_custom_4fb9e5a3\"><div class=\"wpb_wrapper\"><div \" class=\"faq_question_container\"><h2 class=\"faq_question_title\">Quels sont les avantages\u2009?<\/h2><div class=\"faq_question_content\"><p><span style=\"font-weight: 400;\">La pompe \u00e0 chaleur air-air dispose de plusieurs avantages qui font qu\u2019elle est express\u00e9ment recommand\u00e9e.<\/span><\/p>\n<h3>Un dispositif \u00e9cologique<\/h3>\n<p><span style=\"font-weight: 400;\">La ressource utilis\u00e9e par le PAC air-air n\u2019est rien d\u2019autre que l\u2019air. Elle est \u00e0 la fois \u00e9cologique et illimit\u00e9e. Par ailleurs, avec certains mod\u00e8les, les d\u00e9penses inutiles d\u2019\u00e9nergies sont r\u00e9duites. Ils adaptent, effectivement, le chauffage au besoin de la pi\u00e8ce concern\u00e9e. Ce qui am\u00e9liore l\u2019efficacit\u00e9 \u00e9nerg\u00e9tique.<\/span><\/p>\n<h3>Des \u00e9conomies d\u2019\u00e9nergie \u00e0 r\u00e9aliser<\/h3>\n<p><span style=\"font-weight: 400;\">La PAC air-air est le type de pompe \u00e0 chaleur le plus accessible en termes de co\u00fbt \u00e0 l\u2019achat. De plus, il dispose d\u2019un tr\u00e8s bon rendement \u00e9nerg\u00e9tique. Ce qui favorise l\u2019amortissement rapide du prix d\u2019achat. Le coefficient de performance (COP) d\u2019une PAC est excellent. Gr\u00e2ce \u00e0 cela, la consommation d\u2019\u00e9nergie peut \u00eatre divis\u00e9e par 3. Votre facture de chauffage s\u2019en trouve r\u00e9duite.<\/span><\/p>\n<p><span style=\"font-weight: 400;\">En outre, les aides financi\u00e8res accord\u00e9es par le gouvernement permettent d\u2019amortir rapidement\u00a0 l\u2019achat effectu\u00e9. Il faut noter que le COP est le rapport entre l\u2019\u00e9nergie que l\u2019appareil restitue et celle qu\u2019il consomme.<\/span><\/p>\n<h3>Une utilisation pendant toute l\u2019ann\u00e9e<\/h3>\n<p><span style=\"font-weight: 400;\">La majorit\u00e9 des PAC servent \u00e0 produire autant l\u2019air chaud que l\u2019air froid. Elles sont r\u00e9versibles. La pompe \u00e0 chaleur air-air peut donc r\u00e9chauffer votre maison dans les moments de basse temp\u00e9rature et servir \u00e0 la rafra\u00eechir par temps de haute temp\u00e9rature.<\/span><\/p>\n<h3>Facile \u00e0 utiliser<\/h3>\n<p><span style=\"font-weight: 400;\">L\u2019installation d\u2019une PAC air-air est relativement simple. Elle s\u2019adapte particuli\u00e8rement bien \u00e0 un syst\u00e8me de chauffage existant. Elle peut facilement \u00eatre install\u00e9e au c\u00f4t\u00e9 de convecteurs \u00e9lectriques. Ces derniers serviront de chauffage d\u2019appoint par des moments de grand froid.<\/span><\/p>\n<\/div><\/div><\/div><\/div><\/div><div class=\"vc_col-sm-6 wpb_column vc_column_container\"><div class=\"vc_column-inner\"><div class=\"wpb_wrapper\"><div \" class=\"faq_question_container\"><h2 class=\"faq_question_title\">Quels sont les inconv\u00e9nients\u2009?<\/h2><div class=\"faq_question_content\"><p><span style=\"font-weight: 400;\">La PAC air-air a une tr\u00e8s grande utilit\u00e9, mais il poss\u00e8de quelques inconv\u00e9nients.<\/span><\/p>\n<h3>Mauvais fonctionnement de la pompe dans des r\u00e9gions trop froides<\/h3>\n<p><span style=\"font-weight: 400;\">La PAC air-air convient beaucoup plus aux milieux temp\u00e9r\u00e9s. Effectivement, dans des conditions de temp\u00e9ratures extr\u00eamement basses, un dispositif de chauffage alternatif est n\u00e9cessaire. L\u2019unit\u00e9 ext\u00e9rieure de la PAC est g\u00e9n\u00e9ralement couverte de givre dans les r\u00e9gions trop froides et trop humides. Ce faisant, les performances de l\u2019ensemble du syst\u00e8me diminuent.<\/span><\/p>\n<p><span style=\"font-weight: 400;\">Les fabricants ont instaur\u00e9 diff\u00e9rents proc\u00e9d\u00e9s pour r\u00e9duire le temps de d\u00e9givrage et \u00e9viter la baisse du rendement. Le taux de brassage d\u2019air a \u00e9t\u00e9 augment\u00e9, la batterie ext\u00e9rieure a \u00e9t\u00e9 surdimensionn\u00e9e, le pas des ailettes a \u00e9t\u00e9 optimis\u00e9. Aucun de ces proc\u00e9d\u00e9s n\u2019est venu \u00e0 bout du probl\u00e8me. Le d\u00e9givrage se r\u00e9alise alors par inversion de cycles, et c\u2019est cela qui est la source de la baisse du rendement.<\/span><\/p>\n<h3>Installation encombrante<\/h3>\n<p><span style=\"font-weight: 400;\">Installer une pompe \u00e0 chaleur \u00e0 l\u2019ext\u00e9rieur de la maison requiert assez de place. Il en est de m\u00eame pour l\u2019unit\u00e9 int\u00e9rieure. Il faut noter qu\u2019il peut parfois s\u2019agir de plusieurs unit\u00e9s int\u00e9rieures. Vous serez peut-\u00eatre dans l\u2019obligation de revoir l\u2019am\u00e9nagement de vos pi\u00e8ces.<\/span><\/p>\n<p><span style=\"font-weight: 400;\">Par ailleurs, le dispositif g\u00e9n\u00e8re un bruit perceptible jusqu\u2019\u00e0 5 m\u00e8tres environ. Pour r\u00e9duire la nuisance sonore, l\u2019id\u00e9al serait de ne pas installer une pompe pr\u00e8s des fen\u00eatres des voisins ou des v\u00f4tres.<\/span><\/p>\n<h3>Incapable de g\u00e9rer l\u2019eau chaude sanitaire<\/h3>\n<p><span style=\"font-weight: 400;\">L\u2019eau chaude utilis\u00e9e \u00e0 la salle de bain ou pour faire la vaisselle n\u2019est pas g\u00e9rable par la PAC. Il faudra en tenir lors de son utilisation.<\/span><\/p>\n<\/div><\/div><div class=\"w-separator size_small\"><\/div><\/div><\/div><\/div><\/div><\/div><\/section><section class=\"l-section wpb_row height_medium\"><div class=\"l-section-h i-cf\"><div class=\"g-cols vc_row type_default valign_top\"><div class=\"vc_col-sm-12 wpb_column vc_column_container\"><div class=\"vc_column-inner\"><div class=\"wpb_wrapper\"><div class=\"w-btn-wrapper width_auto align_center\"><a class=\"w-btn us-btn-style_2\" title=\"Demander un devis\" target=\"_blank\" href=\"https:\/\/devis.eldo.com\/chauffage-climatisation-clim\/france?utm_source=gmb&amp;utm_medium=SEO&amp;utm_campaign=chauffage-pompe-a-chaleur-air-air\" rel=\"noopener\"><span class=\"w-btn-label\">Demander un devis<\/span><\/a><\/div><div class=\"w-separator size_small\"><\/div><div \" class=\"faq_question_container\"><h2 class=\"faq_question_title\">Pourquoi faire appel \u00e0 un professionnel pour son installation\u2009?<\/h2><div class=\"faq_question_content\"><p><span style=\"font-weight: 400;\">Une PAC est un syst\u00e8me de chauffage \u00e0 part enti\u00e8re. Partant de l\u00e0, seul un installateur professionnel est habilit\u00e9 \u00e0 la manipuler. En plus, le sp\u00e9cialiste peut faire la pose de pompe tout en respectant les normes. Il dispose aussi des techniques et comp\u00e9tences pour optimiser votre chauffage. Par ailleurs, il poss\u00e8de le mat\u00e9riel n\u00e9cessaire pour l\u2019installation d\u2019une pompe. Il s\u2019occupe aussi de l\u2019entretien PAC.<\/span><\/p>\n<\/div><\/div><\/div><\/div><\/div><\/div><\/div><\/section><section class=\"l-section wpb_row height_medium\"><div class=\"l-section-h i-cf\"><div class=\"g-cols vc_row type_default valign_top\"><div class=\"vc_col-sm-12 wpb_column vc_column_container\"><div class=\"vc_column-inner\"><div class=\"wpb_wrapper\"><div class=\"w-grid type_grid layout_331 cols_5 valign_center overflow_hidden\" id=\"us_grid_1\"><style id=\"us_grid_1_css\">#us_grid_1 .w-grid-item{padding:1.5rem}#us_grid_1 .w-grid-list{margin:-1.5rem}.w-grid + #us_grid_1 .w-grid-list{margin-top:1.5rem}@media (max-width:1199px){#us_grid_1 .w-grid-item{width:33.3333%}}@media (max-width:899px){#us_grid_1 .w-grid-item{width:50.0000%}}@media (max-width:599px){#us_grid_1 .w-grid-list{margin:0}#us_grid_1 .w-grid-item{width:100.0000%;padding:0;margin-bottom:1.5rem}}<\/style><style>.layout_331 .w-grid-item-h{}.layout_331 .usg_post_image_1{width:50%!important}.layout_331 .usg_vwrapper_1{width:50%!important;margin-right:0!important}.layout_331 .usg_post_title_1{color:#000000!important}@media (max-width:599px){.layout_331 .usg_post_title_1{font-size:1.2rem!important;margin-right:0!important;padding-bottom:0!important}}<\/style><div class=\"w-grid-list\" >\t<article class=\"w-grid-item size_1x1 post-5559 page type-page status-publish has-post-thumbnail hentry\" data-id=\"5559\">\r\n\t\t<div class=\"w-grid-item-h\">\r\n\t\t\t\t\t\t\t<a class=\"w-grid-item-anchor\" href=\"https:\/\/www.eldo.com\/guide\/chauffage\/pompe-a-chaleur\/geothermique\" rel=\"bookmark\" aria-label=\"Pourquoi installer une pompe \u00e0 chaleur g\u00e9othermique ?\"><\/a>\r\n\t\t\t\t\t\t<div class=\"w-vwrapper usg_vwrapper_1 align_left valign_top\"><p class=\"w-post-elm post_title usg_post_title_1 align_center entry-title color_link_inherit has_text_color\"><a href=\"https:\/\/www.eldo.com\/guide\/chauffage\/pompe-a-chaleur\/geothermique\">Pourquoi installer une pompe \u00e0 chaleur g\u00e9othermique ?<\/a><\/p><\/div><div class=\"w-hwrapper usg_hwrapper_1 align_left valign_top\"><div class=\"w-post-elm post_image usg_post_image_1 has_width has_ratio\"><div style=\"padding-bottom:100.0000%\"><\/div><a href=\"https:\/\/www.eldo.com\/guide\/chauffage\/pompe-a-chaleur\/geothermique\" aria-label=\"Pourquoi installer une pompe \u00e0 chaleur g\u00e9othermique ?\"><img width=\"300\" height=\"168\" src=\"https:\/\/www.eldo.com\/guide\/wp-content\/uploads\/2022\/03\/telechargement.jpg\" class=\"attachment-us_600_600_crop size-us_600_600_crop wp-post-image\" alt=\"\" \/><\/a><\/div><\/div>\t\t<\/div>\r\n\t<\/article>\r\n\t<article class=\"w-grid-item size_1x1 post-5537 page type-page status-publish has-post-thumbnail hentry\" data-id=\"5537\">\r\n\t\t<div class=\"w-grid-item-h\">\r\n\t\t\t\t\t\t\t<a class=\"w-grid-item-anchor\" href=\"https:\/\/www.eldo.com\/guide\/chauffage\/pompe-a-chaleur\/entretien\" rel=\"bookmark\" aria-label=\"Pourquoi faire l&rsquo;entretien de sa pompe \u00e0 chaleur\"><\/a>\r\n\t\t\t\t\t\t<div class=\"w-vwrapper usg_vwrapper_1 align_left valign_top\"><p class=\"w-post-elm post_title usg_post_title_1 align_center entry-title color_link_inherit has_text_color\"><a href=\"https:\/\/www.eldo.com\/guide\/chauffage\/pompe-a-chaleur\/entretien\">Pourquoi faire l&rsquo;entretien de sa pompe \u00e0 chaleur<\/a><\/p><\/div><div class=\"w-hwrapper usg_hwrapper_1 align_left valign_top\"><div class=\"w-post-elm post_image usg_post_image_1 has_width has_ratio\"><div style=\"padding-bottom:100.0000%\"><\/div><a href=\"https:\/\/www.eldo.com\/guide\/chauffage\/pompe-a-chaleur\/entretien\" aria-label=\"Pourquoi faire l&rsquo;entretien de sa pompe \u00e0 chaleur\"><img width=\"512\" height=\"341\" src=\"https:\/\/www.eldo.com\/guide\/wp-content\/uploads\/2021\/10\/istockphoto-1131170449-612x612-1.jpg\" class=\"attachment-us_600_600_crop size-us_600_600_crop wp-post-image\" alt=\"\" srcset=\"https:\/\/www.eldo.com\/guide\/wp-content\/uploads\/2021\/10\/istockphoto-1131170449-612x612-1.jpg 512w, https:\/\/www.eldo.com\/guide\/wp-content\/uploads\/2021\/10\/istockphoto-1131170449-612x612-1-300x200.jpg 300w, https:\/\/www.eldo.com\/guide\/wp-content\/uploads\/2021\/10\/istockphoto-1131170449-612x612-1-600x400.jpg 600w\" sizes=\"(max-width: 512px) 100vw, 512px\" \/><\/a><\/div><\/div>\t\t<\/div>\r\n\t<\/article>\r\n\t<article class=\"w-grid-item size_1x1 post-5441 page type-page status-publish has-post-thumbnail hentry\" data-id=\"5441\">\r\n\t\t<div class=\"w-grid-item-h\">\r\n\t\t\t\t\t\t\t<a class=\"w-grid-item-anchor\" href=\"https:\/\/www.eldo.com\/guide\/chauffage\/pompe-a-chaleur\/air-eau\" rel=\"bookmark\" aria-label=\"Pourquoi opter pour une installation de pompe \u00e0 chaleur air-eau (PAC)\u2009?\"><\/a>\r\n\t\t\t\t\t\t<div class=\"w-vwrapper usg_vwrapper_1 align_left valign_top\"><p class=\"w-post-elm post_title usg_post_title_1 align_center entry-title color_link_inherit has_text_color\"><a href=\"https:\/\/www.eldo.com\/guide\/chauffage\/pompe-a-chaleur\/air-eau\">Pourquoi opter pour une installation de pompe \u00e0 chaleur air-eau (PAC)\u2009?<\/a><\/p><\/div><div class=\"w-hwrapper usg_hwrapper_1 align_left valign_top\"><div class=\"w-post-elm post_image usg_post_image_1 has_width has_ratio\"><div style=\"padding-bottom:100.0000%\"><\/div><a href=\"https:\/\/www.eldo.com\/guide\/chauffage\/pompe-a-chaleur\/air-eau\" aria-label=\"Pourquoi opter pour une installation de pompe \u00e0 chaleur air-eau (PAC)\u2009?\"><img width=\"217\" height=\"240\" src=\"https:\/\/www.eldo.com\/guide\/wp-content\/uploads\/2021\/10\/boil1.jpg\" class=\"attachment-us_600_600_crop size-us_600_600_crop wp-post-image\" alt=\"\" \/><\/a><\/div><\/div>\t\t<\/div>\r\n\t<\/article>\r\n<\/div><div class=\"w-grid-preloader\"><div class=\"g-preloader type_1\">\r\n\t<div><\/div>\r\n<\/div>\r\n<\/div>\t<div class=\"w-grid-json hidden\" onclick='return {&quot;action&quot;:&quot;us_ajax_grid&quot;,&quot;ajax_url&quot;:&quot;https:\\\/\\\/www.eldo.com\\\/guide\\\/wp-admin\\\/admin-ajax.php&quot;,&quot;infinite_scroll&quot;:0,&quot;max_num_pages&quot;:1,&quot;pagination&quot;:&quot;none&quot;,&quot;permalink_url&quot;:&quot;https:\\\/\\\/www.eldo.com\\\/guide\\\/wp-json\\\/wp\\\/v2\\\/pages\\\/5463&quot;,&quot;template_vars&quot;:{&quot;columns&quot;:&quot;5&quot;,&quot;exclude_items&quot;:&quot;none&quot;,&quot;img_size&quot;:&quot;default&quot;,&quot;ignore_items_size&quot;:false,&quot;items_layout&quot;:&quot;331&quot;,&quot;items_offset&quot;:&quot;1&quot;,&quot;load_animation&quot;:&quot;none&quot;,&quot;overriding_link&quot;:&quot;post&quot;,&quot;post_id&quot;:5463,&quot;query_args&quot;:{&quot;ignore_sticky_posts&quot;:1,&quot;post_type&quot;:&quot;any&quot;,&quot;post__in&quot;:[&quot;5441&quot;,&quot;5559&quot;,&quot;5537&quot;],&quot;posts_per_page&quot;:&quot;10&quot;},&quot;orderby_query_args&quot;:{&quot;orderby&quot;:{&quot;date&quot;:&quot;DESC&quot;}},&quot;type&quot;:&quot;grid&quot;,&quot;us_grid_ajax_index&quot;:1,&quot;us_grid_filter_params&quot;:null,&quot;us_grid_index&quot;:1,&quot;_us_grid_post_type&quot;:&quot;ids&quot;}}'><\/div>\r\n\t<\/div><\/div><\/div><\/div><\/div><\/div><\/section><section class=\"l-section wpb_row us_custom_e91755c2 height_auto width_full with_overlay\"><div class=\"l-section-overlay\" style=\"background: #ebebeb\"><\/div><div class=\"l-section-h i-cf\"><div class=\"g-cols vc_row type_boxes valign_middle\"><div class=\"vc_col-sm-12 wpb_column vc_column_container has-fill\"><div class=\"vc_column-inner us_custom_c9c6d5ba\"><div class=\"wpb_wrapper\"><p class=\"w-itext us_custom_6df4bc3a type_typingChars align_center\" onclick='return {&quot;duration&quot;:300,&quot;delay&quot;:2000,&quot;disablePartAnimation&quot;:false,&quot;dynamicColor&quot;:&quot;#ffffff&quot;,&quot;html_nbsp_char&quot;:true}'>Je\u00a0cherche\u00a0un\u00a0pro\u00a0\u00e0\u00a0<span class=\"w-itext-part changesat_0 changesat_1 changesat_2 changesat_3 changesat_4 dynamic\" style=\"color:#ffffff\" onclick='return [&quot;Bordeaux&quot;,&quot;Toulouse&quot;,&quot;Paris&quot;,&quot;Nantes&quot;,&quot;Marseille&quot;]'><span>Bordeaux<\/span><i class=\"w-itext-cursor\"><\/i><\/span><\/p><div class=\"w-separator size_small\"><\/div><div class=\"w-btn-wrapper width_auto align_center\"><a class=\"w-btn us-btn-style_2\" title=\"Demander un devis\" target=\"_blank\" href=\"https:\/\/devis.eldo.com\/chauffage-climatisation-clim\/france?utm_source=gmb&amp;utm_medium=SEO&amp;utm_campaign=chauffage-pompe-a-chaleur-air-air\" rel=\"noopener\"><span class=\"w-btn-label\">Trouver un pro de confiance<\/span><\/a><\/div><\/div><\/div><\/div><\/div><\/div><\/section>\n","protected":false},"excerpt":{"rendered":"Pourquoi opter pour une installation de pompe \u00e0 chaleur air-eau (PAC)\u2009? Guides travauxPages PAC air-air, Pompe \u00e0 chaleur air eau et PAC g\u00e9othermique utilisent, toutes, une \u00e9nergie renouvelable pour am\u00e9liorer votre efficacit\u00e9 \u00e9nerg\u00e9tique. La PAC air-eau est compos\u00e9e de deux unit\u00e9s li\u00e9es par un fluide frigorig\u00e8ne. L\u2019unit\u00e9 ext\u00e9rieure plac\u00e9e hors de la maison capte les...","protected":false},"author":5,"featured_media":5794,"parent":5422,"menu_order":0,"comment_status":"closed","ping_status":"closed","template":"","meta":[],"page_tags":[],"_links":{"self":[{"href":"https:\/\/www.eldo.com\/guide\/wp-json\/wp\/v2\/pages\/5463"}],"collection":[{"href":"https:\/\/www.eldo.com\/guide\/wp-json\/wp\/v2\/pages"}],"about":[{"href":"https:\/\/www.eldo.com\/guide\/wp-json\/wp\/v2\/types\/page"}],"author":[{"embeddable":true,"href":"https:\/\/www.eldo.com\/guide\/wp-json\/wp\/v2\/users\/5"}],"replies":[{"embeddable":true,"href":"https:\/\/www.eldo.com\/guide\/wp-json\/wp\/v2\/comments?post=5463"}],"version-history":[{"count":13,"href":"https:\/\/www.eldo.com\/guide\/wp-json\/wp\/v2\/pages\/5463\/revisions"}],"predecessor-version":[{"id":10096,"href":"https:\/\/www.eldo.com\/guide\/wp-json\/wp\/v2\/pages\/5463\/revisions\/10096"}],"up":[{"embeddable":true,"href":"https:\/\/www.eldo.com\/guide\/wp-json\/wp\/v2\/pages\/5422"}],"wp:featuredmedia":[{"embeddable":true,"href":"https:\/\/www.eldo.com\/guide\/wp-json\/wp\/v2\/media\/5794"}],"wp:attachment":[{"href":"https:\/\/www.eldo.com\/guide\/wp-json\/wp\/v2\/media?parent=5463"}],"wp:term":[{"taxonomy":"page_tags","embeddable":true,"href":"https:\/\/www.eldo.com\/guide\/wp-json\/wp\/v2\/page_tags?post=5463"}],"curies":[{"name":"wp","href":"https:\/\/api.w.org\/{rel}","templated":true}]}}