{"id":5009,"date":"2021-08-10T09:24:15","date_gmt":"2021-08-10T09:24:15","guid":{"rendered":"https:\/\/www.eldo.com\/guide\/?page_id=5009"},"modified":"2023-11-14T10:53:05","modified_gmt":"2023-11-14T10:53:05","slug":"comment-faire-en-cas-de-fuite-de-toiture","status":"publish","type":"page","link":"https:\/\/www.eldo.com\/guide\/conseils-expert\/fuite-toiture","title":{"rendered":"Comment faire en cas de fuite de toiture ?"},"content":{"rendered":"<section class=\"l-section wpb_row us_custom_b51f0e30 height_auto width_full with_overlay\"><div class=\"l-section-overlay\" style=\"background: #ebebeb\"><\/div><div class=\"l-section-h i-cf\"><div class=\"g-cols vc_row type_boxes valign_middle\"><div class=\"vc_col-sm-12 wpb_column vc_column_container has-fill has_text_color\"><div class=\"vc_column-inner us_custom_d42efb54\"><div class=\"wpb_wrapper\"><div class=\"wpb_text_column\" ><div class=\"wpb_wrapper\"><h1 class=\"page-merci-title\" style=\"text-align: center;\">Comment faire en cas de fuite de toiture ?<\/h1>\n<p style=\"text-align: center;\">Les conseils d&rsquo;expert en vid\u00e9o<\/p>\n<\/div><\/div><div class=\"w-separator size_medium\"><\/div><ol class=\"g-breadcrumbs us_custom_6556ef4c separator_icon align_left has_text_color\"><li class=\"g-breadcrumbs-item\"><a href=\"https:\/\/www.eldo.com\/guide\/\">Guides travaux<\/a><meta content=\"1\"\/><\/li><li class=\"g-breadcrumbs-separator\"><i class=\"far fa-angle-right\"><\/i><\/li><li class=\"g-breadcrumbs-item\">Pages<\/li><\/ol><\/div><\/div><\/div><\/div><\/div><\/section><section class=\"l-section wpb_row height_auto width_full\"><div class=\"l-section-h i-cf\"><div class=\"g-cols vc_row type_boxes valign_middle\"><div class=\"vc_col-sm-12 wpb_column vc_column_container\"><div class=\"vc_column-inner\"><div class=\"wpb_wrapper\"><div class=\"w-video align_center ratio_16x9\"><div class=\"w-video-h\"><iframe src=\"\/\/www.youtube.com\/embed\/7CGHIoSY41Q?autoplay=0&controls=1&origin=https%3A%2F%2Fwww.eldo.com%2Fguide\" allowfullscreen=\"1\"><\/iframe><\/div><div class=\"w-video-icon\" style=\"font-size:1.5rem;background:rgba(0,0,0,0.5);color:#fff;\"><\/div><\/div><div class=\"w-separator size_medium\"><\/div><div class=\"wpb_text_column\" ><div class=\"wpb_wrapper\">\n<\/div><\/div><div class=\"w-separator size_medium\"><\/div><div class=\"wpb_text_column\" ><div class=\"wpb_wrapper\"><p class=\"page-merci-title QSN\"><strong>Fuite de toiture<\/strong>\u00a0: comment les diagnostiquer ? Comment \u00e9viter un d\u00e9g\u00e2t des eaux caus\u00e9 par une\u00a0<strong>fuite sur la couverture<\/strong>\u00a0? A quel artisan\u00a0<strong>couvreur<\/strong>\u00a0confier la\u00a0<strong>r\u00e9novation de sa toiture<\/strong>\u00a0et \u00e0 quel\u00a0<strong>prix<\/strong>\u00a0?<br \/>\nLaurent, des Couvreurs Occitans nous donne ses\u00a0<strong>trois conseils d&rsquo;expert<\/strong>\u00a0pour\u00a0<strong>entretenir sa toiture<\/strong>\u00a0et la r\u00e9parer au prix juste en cas de fuite.<\/p>\n<\/div><\/div><div class=\"w-separator size_medium\"><\/div><div class=\"w-btn-wrapper width_auto align_center\"><a class=\"w-btn us-btn-style_2\" title=\"Demander un devis\" target=\"_blank\" href=\"https:\/\/devis.eldo.com\/charpente-couverture\/france?utm_source=gmb&amp;utm_medium=SEO&amp;utm_campaign=charpente-fuite-toiture\" rel=\"noopener\"><span class=\"w-btn-label\">Demander un devis<\/span><\/a><\/div><\/div><\/div><\/div><\/div><\/div><\/section><section class=\"l-section wpb_row us_custom_e4eb24e1 height_auto width_full\"><div class=\"l-section-h i-cf\"><div class=\"g-cols vc_row type_boxes valign_middle\"><div class=\"vc_col-sm-12 wpb_column vc_column_container has-fill\"><div class=\"vc_column-inner us_custom_4fb9e5a3\"><div class=\"wpb_wrapper\"><div class=\"wpb_text_column\" ><div class=\"wpb_wrapper\"><h2 class=\"page-merci-title QSN\">Conseil n\u00b01 : faire un diagnostic de toiture<\/h2>\n<div class=\"page-merci-text QSN\">En cas de\u00a0fuite de toiture, s&rsquo;il pleut dans la maison, il faut d&rsquo;abord r\u00e9aliser un diagnostic pour identifier d&rsquo;o\u00f9 vient le probl\u00e8me. La fuite d&rsquo;eau peut provenir d&rsquo;un probl\u00e8me r\u00e9current (orages violents, temp\u00eates, intemp\u00e9ries) qui cause une infiltration d\u2019<strong>eau dans le toit<\/strong>. Mais elle peut \u00eatre due au vieillissement de la couverture ou de certains \u00e9l\u00e9ments de la toiture (<strong>Velux qui fuit, menuiseries en mauvais \u00e9tat, tuile cass\u00e9e ou fendue, goutti\u00e8re<\/strong>\u00a0\u2026). Il faut donc d\u2019abord faire diagnostiquer la fuite par un professionnel qualifi\u00e9 de la\u00a0<strong>charpente et de la couverture<\/strong>.<br \/>\nLe diagnostic est gratuit, puisqu\u2019il est du devoir du charpentier-couvreur de faire un \u00e9tat des lieux. Pour chiffrer le montant des r\u00e9parations de toiture, il r\u00e9alisera un devis gratuit \u00e9galement. Vous pouvez demander imm\u00e9diatement votre devis en ligne pour trouver un artisan qualifi\u00e9 pr\u00e8s de chez vous. Si n\u00e9cessaire, le couvreur pourra r\u00e9aliser une intervention d\u2019urgence afin d\u2019\u00e9viter un d\u00e9g\u00e2t des eaux ou la d\u00e9gradation de vos combles.<\/div>\n<\/div><\/div><div class=\"w-separator size_medium\"><\/div><div class=\"wpb_text_column\" ><div class=\"wpb_wrapper\"><h2 class=\"page-merci-title QSN\">Conseil n\u00b02 : appeler son assurance en cas de fuite de toiture<\/h2>\n<div class=\"page-merci-text QSN\">Si la fuite de toiture cr\u00e9e un d\u00e9g\u00e2t des eaux, les dommages peuvent \u00eatre pris en charge par votre compagnie d\u2019assurance. Appeler votre assureur doit donc \u00eatre un r\u00e9flexe en cas d\u2019<strong>infiltration<\/strong>\u00a0d\u2019eau venant du toit. Mais attention : le montant des travaux est limit\u00e9 ! Si votre toiture, votre couverture ou votre charpente sont en mauvais \u00e9tat, l\u2019assurance ne financera pas un toit tout neuf ! En effet, l\u2019<strong>\u00e9tanch\u00e9it\u00e9<\/strong>\u00a0de la toiture est de la responsabilit\u00e9 du propri\u00e9taire. Il faut donc faire\u00a0<a href=\"https:\/\/www.eldo.com\/guide\/conseils-expert\/entretien-toiture\">entretenir sa toiture<\/a>\u00a0r\u00e9guli\u00e8rement (<strong>nettoyage de toiture, d\u00e9moussage, traitement hydrofuge<\/strong>\u00a0etc.) et si possible par un artisan qualifi\u00e9. Proc\u00e9dez r\u00e9guli\u00e8rement aux petites r\u00e9parations sur les tuiles et ardoises f\u00eal\u00e9es ou ab\u00eem\u00e9es. Cela vous \u00e9vitera de devoir refaire int\u00e9gralement votre toiture.<\/div>\n<\/div><\/div><div class=\"w-separator size_medium\"><\/div><div class=\"w-btn-wrapper width_auto align_center\"><a class=\"w-btn us-btn-style_2\" title=\"Demander un devis\" target=\"_blank\" href=\"https:\/\/devis.eldo.com\/charpente-couverture\/france?utm_source=gmb&amp;utm_medium=SEO&amp;utm_campaign=charpente-fuite-toiture\" rel=\"noopener\"><span class=\"w-btn-label\">Demander un devis<\/span><\/a><\/div><div class=\"w-separator size_medium\"><\/div><div class=\"wpb_text_column\" ><div class=\"wpb_wrapper\"><div class=\"page-merci-text QSN\">\n<h2 class=\"page-merci-title QSN\">Conseil n\u00b03 : conna\u00eetre l\u2019esp\u00e9rance de vie de sa toiture<\/h2>\n<div class=\"page-merci-text QSN\">\n<p>Les diff\u00e9rents types de toitures ne vieillissent pas de la m\u00eame mani\u00e8re (<strong>tuile terre cuite, ardoise naturelle, toiture v\u00e9g\u00e9talis\u00e9e, toit terrasse<\/strong>\u00a0\u2026).<br \/>\nL\u2019\u00e9tat du toit d\u00e9pend \u00e9galement de la p\u00e9riode de r\u00e9alisation de la toiture. Beaucoup de travaux de construction ont eu lieu dans les ann\u00e9es 70-80, les fabricants de tuiles ont \u00e9t\u00e9 moins exigeants sur la qualit\u00e9 des mat\u00e9riaux employ\u00e9s \u2026 En g\u00e9n\u00e9ral, si on refait sa toiture aujourd\u2019hui, elle a une\u00a0<strong>dur\u00e9e de vie de 50 \u00e0 60 ans<\/strong>. Les\u00a0<strong>tuiles sont garanties minimum 30 ans<\/strong>.<br \/>\nDans tous les cas, il faut \u00e9viter d\u2019engager de gros travaux de\u00a0<a href=\"https:\/\/www.eldo.com\/guide\/conseils-expert\/entretien-toiture\" target=\"_blank\" rel=\"noopener\">r\u00e9novation de toiture<\/a>\u00a0si la couverture arrive en fin de vie. C\u2019est pourquoi, il faut pouvoir faire confiance \u00e0 un\u00a0<strong>artisan<\/strong>\u00a0couvreur, qui pourra vous guider honn\u00eatement dans vos travaux de\u00a0<strong>r\u00e9fection de toiture<\/strong>. Contactez imp\u00e9rativement une entreprise de couverture\u00a0<strong>labellis\u00e9e RGE<\/strong>\u00a0(Reconnu Garant de l\u2019Environnement) pour pouvoir b\u00e9n\u00e9ficier des\u00a0<strong>aides \u00e0 la r\u00e9novation \u00e9nerg\u00e9tique<\/strong>.<br \/>\nLe\u00a0<strong>prix<\/strong>\u00a0d\u2019une toiture varie selon les travaux \u00e0 faire : goutti\u00e8res, traitement de charpente, remplacement de certains \u00e9l\u00e9ments de charpente, type de mat\u00e9riaux de couverture (tuiles, ardoises \u2026). Entre la d\u00e9pose de l&rsquo;ancienne toiture, la repose avec un \u00e9cran sous-toiture ou membrane d\u2019\u00e9tanch\u00e9it\u00e9, le prix de d\u00e9part est de\u00a0<strong>100 euros par m\u00b2<\/strong>\u00a0pour refaire une toiture. Soit\u00a0<strong>12 000 euros pour une maison de 120 m\u00b2<\/strong>.<br \/>\nSi on ajoute une isolation de toiture (pas une isolation de combles), c\u2019est-\u00e0-dire des panneaux de sarking, le prix de la r\u00e9novation de toit d\u00e9marre \u00e0 180 euros par m\u00b2.<\/p>\n<p>Demandez votre devis de r\u00e9paration de toiture :<\/p>\n<\/div>\n<\/div>\n<\/div><\/div><\/div><\/div><\/div><\/div><\/div><\/section><section class=\"l-section wpb_row us_custom_e91755c2 height_auto width_full with_overlay\"><div class=\"l-section-overlay\" style=\"background: #ebebeb\"><\/div><div class=\"l-section-h i-cf\"><div class=\"g-cols vc_row type_boxes valign_middle\"><div class=\"vc_col-sm-12 wpb_column vc_column_container has-fill\"><div class=\"vc_column-inner us_custom_27943e4a\"><div class=\"wpb_wrapper\"><p class=\"w-itext us_custom_6df4bc3a type_typingChars align_center\" onclick='return {&quot;duration&quot;:300,&quot;delay&quot;:2000,&quot;disablePartAnimation&quot;:false,&quot;dynamicColor&quot;:&quot;#ffffff&quot;,&quot;html_nbsp_char&quot;:true}'>Je\u00a0cherche\u00a0un\u00a0pro\u00a0\u00e0\u00a0<span class=\"w-itext-part changesat_0 changesat_1 changesat_2 changesat_3 changesat_4 dynamic\" style=\"color:#ffffff\" onclick='return [&quot;Bordeaux&quot;,&quot;Toulouse&quot;,&quot;Paris&quot;,&quot;Nantes&quot;,&quot;Marseille&quot;]'><span>Bordeaux<\/span><i class=\"w-itext-cursor\"><\/i><\/span><\/p><div class=\"w-separator size_small\"><\/div><div class=\"w-btn-wrapper width_auto align_center\"><a class=\"w-btn us-btn-style_2\" title=\"Demander un devis\" target=\"_blank\" href=\"https:\/\/devis.eldo.com\/charpente-couverture\/france?utm_source=gmb&amp;utm_medium=SEO&amp;utm_campaign=charpente-fuite-toiture\" rel=\"noopener\"><span class=\"w-btn-label\">Expliquer mon projet<\/span><\/a><\/div><\/div><\/div><\/div><\/div><\/div><\/section>\n","protected":false},"excerpt":{"rendered":"Comment faire en cas de fuite de toiture ? Les conseils d&rsquo;expert en vid\u00e9o Guides travauxPages Fuite de toiture\u00a0: comment les diagnostiquer ? Comment \u00e9viter un d\u00e9g\u00e2t des eaux caus\u00e9 par une\u00a0fuite sur la couverture\u00a0? A quel artisan\u00a0couvreur\u00a0confier la\u00a0r\u00e9novation de sa toiture\u00a0et \u00e0 quel\u00a0prix\u00a0? Laurent, des Couvreurs Occitans nous donne ses\u00a0trois conseils d&rsquo;expert\u00a0pour\u00a0entretenir sa toiture\u00a0et...","protected":false},"author":3,"featured_media":4622,"parent":4996,"menu_order":0,"comment_status":"closed","ping_status":"closed","template":"","meta":[],"page_tags":[],"_links":{"self":[{"href":"https:\/\/www.eldo.com\/guide\/wp-json\/wp\/v2\/pages\/5009"}],"collection":[{"href":"https:\/\/www.eldo.com\/guide\/wp-json\/wp\/v2\/pages"}],"about":[{"href":"https:\/\/www.eldo.com\/guide\/wp-json\/wp\/v2\/types\/page"}],"author":[{"embeddable":true,"href":"https:\/\/www.eldo.com\/guide\/wp-json\/wp\/v2\/users\/3"}],"replies":[{"embeddable":true,"href":"https:\/\/www.eldo.com\/guide\/wp-json\/wp\/v2\/comments?post=5009"}],"version-history":[{"count":7,"href":"https:\/\/www.eldo.com\/guide\/wp-json\/wp\/v2\/pages\/5009\/revisions"}],"predecessor-version":[{"id":10054,"href":"https:\/\/www.eldo.com\/guide\/wp-json\/wp\/v2\/pages\/5009\/revisions\/10054"}],"up":[{"embeddable":true,"href":"https:\/\/www.eldo.com\/guide\/wp-json\/wp\/v2\/pages\/4996"}],"wp:featuredmedia":[{"embeddable":true,"href":"https:\/\/www.eldo.com\/guide\/wp-json\/wp\/v2\/media\/4622"}],"wp:attachment":[{"href":"https:\/\/www.eldo.com\/guide\/wp-json\/wp\/v2\/media?parent=5009"}],"wp:term":[{"taxonomy":"page_tags","embeddable":true,"href":"https:\/\/www.eldo.com\/guide\/wp-json\/wp\/v2\/page_tags?post=5009"}],"curies":[{"name":"wp","href":"https:\/\/api.w.org\/{rel}","templated":true}]}}