{"id":4875,"date":"2021-08-02T13:57:02","date_gmt":"2021-08-02T13:57:02","guid":{"rendered":"https:\/\/www.eldo.com\/guide\/?page_id=4875"},"modified":"2022-02-07T14:35:19","modified_gmt":"2022-02-07T14:35:19","slug":"renovation-les-avantages-dun-groupement-dartisans","status":"publish","type":"page","link":"https:\/\/www.eldo.com\/guide\/conseils-expert\/renovation-groupement-artisans","title":{"rendered":"R\u00e9novation : les avantages d\u2019un groupement d\u2019artisans"},"content":{"rendered":"<section class=\"l-section wpb_row us_custom_b51f0e30 height_auto width_full with_overlay\"><div class=\"l-section-overlay\" style=\"background: #ebebeb\"><\/div><div class=\"l-section-h i-cf\"><div class=\"g-cols vc_row type_boxes valign_middle\"><div class=\"vc_col-sm-12 wpb_column vc_column_container has-fill has_text_color\"><div class=\"vc_column-inner us_custom_c635cc40\"><div class=\"wpb_wrapper\"><div class=\"wpb_text_column\" ><div class=\"wpb_wrapper\"><h1 class=\"page-merci-title\" style=\"text-align: center;\">R\u00e9novation : les avantages d\u2019un groupement d\u2019artisans<\/h1>\n<p style=\"text-align: center;\">Les conseils d&rsquo;expert en vid\u00e9o<\/p>\n<\/div><\/div><div class=\"w-separator size_medium\"><\/div><ol class=\"g-breadcrumbs us_custom_6556ef4c separator_icon align_left has_text_color\"><li class=\"g-breadcrumbs-item\"><a href=\"https:\/\/www.eldo.com\/guide\/\">Guides travaux<\/a><meta content=\"1\"\/><\/li><li class=\"g-breadcrumbs-separator\"><i class=\"far fa-angle-right\"><\/i><\/li><li class=\"g-breadcrumbs-item\">Pages<\/li><\/ol><\/div><\/div><\/div><\/div><\/div><\/section><section class=\"l-section wpb_row height_auto width_full\"><div class=\"l-section-h i-cf\"><div class=\"g-cols vc_row type_boxes valign_middle\"><div class=\"vc_col-sm-12 wpb_column vc_column_container has-fill\"><div class=\"vc_column-inner us_custom_4fb9e5a3\"><div class=\"wpb_wrapper\"><div class=\"w-video align_center ratio_16x9\"><div class=\"w-video-h\"><iframe src=\"\/\/www.youtube.com\/embed\/5qrCBlOuP_s?autoplay=0&controls=1&origin=https%3A%2F%2Fwww.eldo.com%2Fguide\" allowfullscreen=\"1\"><\/iframe><\/div><div class=\"w-video-icon\" style=\"font-size:1.5rem;background:rgba(0,0,0,0.5);color:#fff;\"><\/div><\/div><\/div><\/div><\/div><\/div><\/div><\/section><section class=\"l-section wpb_row height_auto width_full\"><div class=\"l-section-h i-cf\"><div class=\"g-cols vc_row type_boxes valign_middle\"><div class=\"vc_col-sm-12 wpb_column vc_column_container\"><div class=\"vc_column-inner\"><div class=\"wpb_wrapper\"><div class=\"wpb_text_column\" ><div class=\"wpb_wrapper\"><p class=\"page-merci-title QSN\">Vous voulez effectuer des travaux dans votre maison. Il est rare de n\u2019avoir \u00e0 faire appel qu\u2019\u00e0 un corps de m\u00e9tier. G\u00e9n\u00e9ralement, selon vos travaux, vous aurez besoin d\u2019un menuisier, d\u2019un \u00e9lectricien, etc. Or, nous ne pensons pas toujours \u00e0 chercher tous les artisans. Faire des travaux engendre pas mal de complications, si vous devez chercher 5 artisans diff\u00e9rents, comment pouvez \u00eatre s\u00fbr de choisir le meilleur ? Le groupement d\u2019artisans est ainsi fait pour vous faciliter la t\u00e2che. Des professionnels du b\u00e2timent se r\u00e9unissent pour travailler ensemble.<\/p>\n<\/div><\/div><div class=\"w-separator size_medium\"><\/div><div class=\"w-btn-wrapper width_auto align_center\"><a class=\"w-btn us-btn-style_2\" title=\"Demander un devis\" target=\"_blank\" href=\"https:\/\/www.eldo.com\/demande-devis?utm_source=google&amp;utm_medium=guide&amp;utm_campaign=groupement-artisant&amp;utm_term=renovation&amp;via=guide-renovation&amp;idc=39\" rel=\"noopener\"><span class=\"w-btn-label\">Demander un devis<\/span><\/a><\/div><\/div><\/div><\/div><\/div><\/div><\/section><section class=\"l-section wpb_row us_custom_e4eb24e1 height_auto width_full\"><div class=\"l-section-h i-cf\"><div class=\"g-cols vc_row type_boxes valign_middle\"><div class=\"vc_col-sm-12 wpb_column vc_column_container has-fill\"><div class=\"vc_column-inner us_custom_4fb9e5a3\"><div class=\"wpb_wrapper\"><div class=\"wpb_text_column\" ><div class=\"wpb_wrapper\"><h2 class=\"page-merci-title QSN\">Pourquoi faire appel \u00e0 un groupement d\u2019artisans ?<\/h2>\n<div class=\"page-merci-text QSN\">Un groupement d\u2019artisans c\u2019est un groupement de professionnels qualifi\u00e9s qui se font confiance les uns aux autres. Pour des travaux de r\u00e9novation ou de construction, la liste des artisans est souvent longue. <a href=\"https:\/\/www.synerciel.fr\/\">Les groupements d\u2019artisans<\/a> sont des entreprises partenaires qui ont le m\u00eame \u00e9tat d\u2019esprit. Il n\u2019y a pas d\u2019int\u00e9r\u00eat financier pour ces artisans du b\u00e2timent, ils se rendent service tout en vous rendant service, un gage de qualit\u00e9.<\/div>\n<\/div><\/div><div class=\"w-separator size_medium\"><\/div><div class=\"wpb_text_column\" ><div class=\"wpb_wrapper\"><h2 class=\"page-merci-title QSN\">Les avantages sont nombreux pour vous !<\/h2>\n<div class=\"page-merci-text QSN\">Vous souhaitez r\u00e9aliser une r\u00e9novation appartement ou une\u00a0<a href=\"https:\/\/www.eldo.com\/guide\/conseils-expert\/reussir-renovation\">r\u00e9novation maison 100% reussi<\/a>\u00a0et souhaitez \u00eatre serein sur la r\u00e9alisation des travaux ? Les \u00e9quipes d\u2019un groupement d\u2019artisans se connaissent, elles ont donc une coordination fluide. Les artisans se respectent et respectent le client. Le nettoyage du chantier est fait dans l\u2019harmonie, comme tous les travaux. C\u2019est b\u00e9n\u00e9fique \u00e0 chacun, pour vous c\u2019est plus complexe et eux se connaissent et aiment travailler ensemble, c\u2019est donc aussi plus simple pour eux.<br \/>\nLes entreprises de b\u00e2timent ont toutes des garanties d\u00e9cennales \u00e0 jour.De plus, ce sont toutes des entreprises de qualit\u00e9. Elles peuvent aussi vous aider au financement de vos travaux : eco pr\u00eat, cr\u00e9dit d\u2019imp\u00f4t, taux de tva, Ptz (pr\u00eat \u00e0 taux z\u00e9ro) il n\u2019est pas toujours facile de conna\u00eetre nos droit. Ces entreprises proposent un accompagnement sur le chantier, mais aussi un accompagnement financier. Vous choisissez un groupement d\u2019artisans pour faire des \u00e9conomies et \u00e9viter toutes les malfa\u00e7ons<\/div>\n<\/div><\/div><div class=\"w-separator size_medium\"><\/div><div class=\"w-btn-wrapper width_auto align_center\"><a class=\"w-btn us-btn-style_2\" title=\"Demander un devis\" target=\"_blank\" href=\"https:\/\/www.eldo.com\/demande-devis?utm_source=google&amp;utm_medium=guide&amp;utm_campaign=groupement-artisant&amp;utm_term=renovation&amp;via=guide-renovation&amp;idc=39\" rel=\"noopener\"><span class=\"w-btn-label\">Demander un devis<\/span><\/a><\/div><div class=\"w-separator size_medium\"><\/div><div class=\"wpb_text_column\" ><div class=\"wpb_wrapper\"><div class=\"page-merci-text QSN\">\n<h2 class=\"page-merci-title QSN\">Faire appel aux meilleurs artisans pour tous vos travaux<\/h2>\n<div class=\"page-merci-text QSN\">\n<p>Vous pouvez faire appel \u00e0 des groupements d\u2019artisans pour tous vos travaux :<\/p>\n<p>&#8211; Am\u00e9nagement des combles.<br \/>\n&#8211; Travaux d\u2019isolation.<br \/>\n&#8211; Sur\u00e9l\u00e9vation.<br \/>\n&#8211; Ravalement de fa\u00e7ade.<br \/>\n&#8211; Agrandissement.<br \/>\n&#8211; R\u00e9novation de toiture.<br \/>\n&#8211; Isolation des combles.<br \/>\n&#8211; Rev\u00eatement de sol.<br \/>\n&#8211; Ma\u00e7onnerie.<br \/>\n&#8211; Pl\u00e2trerie.<br \/>\n&#8211; Travaux de peinture.<br \/>\n&#8211; R\u00e9novation salle de bains.<br \/>\n&#8211; Charpente.<br \/>\n&#8211; Installation \u00e9lectrique.<br \/>\n&#8211; Isolation des murs.<br \/>\n&#8211; Syst\u00e8me de chauffage.<br \/>\n&#8211; Pose de parquet.<br \/>\n&#8211; Pose de carrelage.<br \/>\n&#8211; Travaux de plomberie.<\/p>\n<p>Les diff\u00e9rents corps de m\u00e9tier sont r\u00e9unis pour vous simplifier la t\u00e2che et vous garantir un travail de qualit\u00e9. Une maison ou appartement, pour tous vos travaux, l\u2019essentiel est de trouver les bons artisans.<\/p>\n<\/div>\n<\/div>\n<\/div><\/div><\/div><\/div><\/div><\/div><\/div><\/section><section class=\"l-section wpb_row us_custom_e91755c2 height_auto width_full with_overlay\"><div class=\"l-section-overlay\" style=\"background: #ebebeb\"><\/div><div class=\"l-section-h i-cf\"><div class=\"g-cols vc_row type_boxes valign_middle\"><div class=\"vc_col-sm-12 wpb_column vc_column_container has-fill\"><div class=\"vc_column-inner us_custom_f43256d4\"><div class=\"wpb_wrapper\"><p class=\"w-itext us_custom_6df4bc3a type_typingChars align_center\" onclick='return {&quot;duration&quot;:300,&quot;delay&quot;:2000,&quot;disablePartAnimation&quot;:false,&quot;dynamicColor&quot;:&quot;#ffffff&quot;,&quot;html_nbsp_char&quot;:true}'>Je\u00a0cherche\u00a0un\u00a0pro\u00a0\u00e0\u00a0<span class=\"w-itext-part changesat_0 changesat_1 changesat_2 changesat_3 changesat_4 dynamic\" style=\"color:#ffffff\" onclick='return [&quot;Bordeaux&quot;,&quot;Toulouse&quot;,&quot;Paris&quot;,&quot;Nantes&quot;,&quot;Marseille&quot;]'><span>Bordeaux<\/span><i class=\"w-itext-cursor\"><\/i><\/span><\/p><div class=\"w-separator size_small\"><\/div><div class=\"w-btn-wrapper width_auto align_center\"><a class=\"w-btn us-btn-style_2\" title=\"Demander un devis\" target=\"_blank\" href=\"https:\/\/www.eldo.com\/demande-devis?utm_source=google&amp;utm_medium=guide&amp;utm_campaign=groupement-artisant&amp;utm_term=renovation&amp;via=guide-renovation&amp;idc=39\" rel=\"noopener\"><span class=\"w-btn-label\">Expliquer mon projet<\/span><\/a><\/div><\/div><\/div><\/div><\/div><\/div><\/section>\n","protected":false},"excerpt":{"rendered":"R\u00e9novation : les avantages d\u2019un groupement d\u2019artisans Les conseils d&rsquo;expert en vid\u00e9o Guides travauxPagesVous voulez effectuer des travaux dans votre maison. Il est rare de n\u2019avoir \u00e0 faire appel qu\u2019\u00e0 un corps de m\u00e9tier. G\u00e9n\u00e9ralement, selon vos travaux, vous aurez besoin d\u2019un menuisier, d\u2019un \u00e9lectricien, etc. Or, nous ne pensons pas toujours \u00e0 chercher tous...","protected":false},"author":3,"featured_media":4876,"parent":4996,"menu_order":0,"comment_status":"closed","ping_status":"closed","template":"","meta":[],"page_tags":[],"_links":{"self":[{"href":"https:\/\/www.eldo.com\/guide\/wp-json\/wp\/v2\/pages\/4875"}],"collection":[{"href":"https:\/\/www.eldo.com\/guide\/wp-json\/wp\/v2\/pages"}],"about":[{"href":"https:\/\/www.eldo.com\/guide\/wp-json\/wp\/v2\/types\/page"}],"author":[{"embeddable":true,"href":"https:\/\/www.eldo.com\/guide\/wp-json\/wp\/v2\/users\/3"}],"replies":[{"embeddable":true,"href":"https:\/\/www.eldo.com\/guide\/wp-json\/wp\/v2\/comments?post=4875"}],"version-history":[{"count":5,"href":"https:\/\/www.eldo.com\/guide\/wp-json\/wp\/v2\/pages\/4875\/revisions"}],"predecessor-version":[{"id":6995,"href":"https:\/\/www.eldo.com\/guide\/wp-json\/wp\/v2\/pages\/4875\/revisions\/6995"}],"up":[{"embeddable":true,"href":"https:\/\/www.eldo.com\/guide\/wp-json\/wp\/v2\/pages\/4996"}],"wp:featuredmedia":[{"embeddable":true,"href":"https:\/\/www.eldo.com\/guide\/wp-json\/wp\/v2\/media\/4876"}],"wp:attachment":[{"href":"https:\/\/www.eldo.com\/guide\/wp-json\/wp\/v2\/media?parent=4875"}],"wp:term":[{"taxonomy":"page_tags","embeddable":true,"href":"https:\/\/www.eldo.com\/guide\/wp-json\/wp\/v2\/page_tags?post=4875"}],"curies":[{"name":"wp","href":"https:\/\/api.w.org\/{rel}","templated":true}]}}