{"id":4870,"date":"2021-07-30T14:35:50","date_gmt":"2021-07-30T14:35:50","guid":{"rendered":"https:\/\/www.eldo.com\/guide\/?page_id=4870"},"modified":"2021-08-09T14:53:56","modified_gmt":"2021-08-09T14:53:56","slug":"comment-renover-sa-gouttiere","status":"publish","type":"page","link":"https:\/\/www.eldo.com\/guide\/conseils-expert\/renovation-gouttiere","title":{"rendered":"Comment r\u00e9nover sa goutti\u00e8re ?"},"content":{"rendered":"<section class=\"l-section wpb_row us_custom_b51f0e30 height_auto width_full with_overlay\"><div class=\"l-section-overlay\" style=\"background: #ebebeb\"><\/div><div class=\"l-section-h i-cf\"><div class=\"g-cols vc_row type_boxes valign_middle\"><div class=\"vc_col-sm-12 wpb_column vc_column_container has-fill has_text_color\"><div class=\"vc_column-inner us_custom_a1a21cad\"><div class=\"wpb_wrapper\"><div class=\"wpb_text_column\" ><div class=\"wpb_wrapper\"><h1 class=\"page-merci-title\" style=\"text-align: center;\">Comment r\u00e9nover sa goutti\u00e8re ?<\/h1>\n<p style=\"text-align: center;\">Les conseils d&rsquo;expert en vid\u00e9o<\/p>\n<\/div><\/div><div class=\"w-separator size_medium\"><\/div><ol class=\"g-breadcrumbs us_custom_6556ef4c separator_icon align_left has_text_color\"><li class=\"g-breadcrumbs-item\"><a href=\"https:\/\/www.eldo.com\/guide\/\">Guides travaux<\/a><meta content=\"1\"\/><\/li><li class=\"g-breadcrumbs-separator\"><i class=\"far fa-angle-right\"><\/i><\/li><li class=\"g-breadcrumbs-item\">Pages<\/li><\/ol><\/div><\/div><\/div><\/div><\/div><\/section><section class=\"l-section wpb_row height_auto width_full\"><div class=\"l-section-h i-cf\"><div class=\"g-cols vc_row type_boxes valign_middle\"><div class=\"vc_col-sm-12 wpb_column vc_column_container has-fill\"><div class=\"vc_column-inner us_custom_4fb9e5a3\"><div class=\"wpb_wrapper\"><div class=\"w-video align_center ratio_16x9\"><div class=\"w-video-h\"><iframe src=\"\/\/www.youtube.com\/embed\/AFwZ49GkeKQ?autoplay=0&controls=1&origin=https%3A%2F%2Fwww.eldo.com%2Fguide\" allowfullscreen=\"1\"><\/iframe><\/div><div class=\"w-video-icon\" style=\"font-size:1.5rem;background:rgba(0,0,0,0.5);color:#fff;\"><\/div><\/div><\/div><\/div><\/div><\/div><\/div><\/section><section class=\"l-section wpb_row height_auto width_full\"><div class=\"l-section-h i-cf\"><div class=\"g-cols vc_row type_boxes valign_middle\"><div class=\"vc_col-sm-12 wpb_column vc_column_container\"><div class=\"vc_column-inner\"><div class=\"wpb_wrapper\"><div class=\"wpb_text_column\" ><div class=\"wpb_wrapper\"><p class=\"page-merci-title QSN\">La goutti\u00e8re va participer \u00e0 l\u2019\u00e9vacuation des eaux pluviales \u00e0 l\u2019ext\u00e9rieur de votre maison. L\u2019\u00e9vacuation des eaux pluviales peut \u00eatre tr\u00e8s importante pour le bien-\u00eatre dans votre maison, elle participe \u00e0 l\u2019assainissement et \u00e9vite les risques d\u2019inondations. La goutti\u00e8re sert de r\u00e9cup\u00e9rateur d\u2019eau pour ensuite l\u2019\u00e9vacuer vers des syst\u00e8mes adapt\u00e9s. Poser une goutti\u00e8re doit \u00eatre r\u00e9alis\u00e9 par des professionnels.<\/p>\n<\/div><\/div><div class=\"w-separator size_medium\"><\/div><div class=\"w-btn-wrapper width_auto align_center\"><a class=\"w-btn us-btn-style_2\" title=\"Demander un devis\" target=\"_blank\" href=\"https:\/\/www.eldo.com\/demande-devis?utm_source=google&amp;utm_medium=guide&amp;utm_campaign=goutiere?via=guide-gouttiere\" rel=\"noopener\"><span class=\"w-btn-label\">Demander un devis<\/span><\/a><\/div><\/div><\/div><\/div><\/div><\/div><\/section><section class=\"l-section wpb_row us_custom_e4eb24e1 height_auto width_full\"><div class=\"l-section-h i-cf\"><div class=\"g-cols vc_row type_boxes valign_middle\"><div class=\"vc_col-sm-12 wpb_column vc_column_container has-fill\"><div class=\"vc_column-inner us_custom_4fb9e5a3\"><div class=\"wpb_wrapper\"><div class=\"wpb_text_column\" ><div class=\"wpb_wrapper\"><h2 class=\"page-merci-title QSN\">Quelles goutti\u00e8res existent ?<\/h2>\n<div class=\"page-merci-text QSN\">II existe plusieurs styles de goutti\u00e8re, celle-ci participe \u00e0 l\u2019\u00e9vacuation des eaux de pluie, mais aussi \u00e0 l\u2019esth\u00e9tique de la maison. Un coup de c\u0153ur sur une maison se fait dans les 3 secondes \u00e0 l\u2019ext\u00e9rieur de la maison. L\u2019ext\u00e9rieur ne doit donc pas \u00eatre n\u00e9glig\u00e9. Une pose de goutti\u00e8re peut faire partie d\u2019un ravalement de fa\u00e7ade. Les goutti\u00e8res sont les premi\u00e8res \u00e0 subir les intemp\u00e9ries, celles-ci doivent \u00eatre de bonne qualit\u00e9 pour \u00e9viter le d\u00e9bordement et les probl\u00e8mes d\u2019\u00e9coulement.<br \/>\nIl existe donc plusieurs types de goutti\u00e8re :<br \/>\nGoutti\u00e8re aluminium.<br \/>\nGoutti\u00e8re zinc.<br \/>\nGoutti\u00e8re PVC.<br \/>\nGoutti\u00e8re cuivre.<br \/>\nL\u2019entreprise DAL\u2019Alu concept propose des goutti\u00e8re alu de super qualit\u00e9.<\/div>\n<\/div><\/div><div class=\"w-separator size_medium\"><\/div><div class=\"wpb_text_column\" ><div class=\"wpb_wrapper\"><h2 class=\"page-merci-title QSN\">Quand r\u00e9nover sa goutti\u00e8re ?<\/h2>\n<div class=\"page-merci-text QSN\">Vous pouvez faire installer une goutti\u00e8re lors d\u2019une construction de maison,\u00a0<a href=\"https:\/\/www.eldo.com\/conseils-expert\/reussir-sa-renovation\">une r\u00e9novation<\/a>\u00a0ou lors d\u2019une extension. Il faut savoir que la goutti\u00e8re ne sera pas en partie changer. L\u2019ensemble de la goutti\u00e8re sera remplac\u00e9 pour vos travaux. Avec une goutti\u00e8re en Alu, aujourd\u2019hui vous n\u2019aurez plus besoin d\u2019entretien, ce sont des goutti\u00e8res garanties sur plus 30 ans, qui garantissent une esth\u00e9tique adapt\u00e9e \u00e0 votre fa\u00e7ade et une r\u00e9cup\u00e9ration d\u2019eau hors norme. L\u2019entretien de la goutti\u00e8re alu se fera en m\u00eame temps que l\u2019entretien toiture, plus besoin d\u2019un nettoyage de goutti\u00e8re r\u00e9gulier.<\/div>\n<\/div><\/div><div class=\"w-separator size_medium\"><\/div><div class=\"w-btn-wrapper width_auto align_center\"><a class=\"w-btn us-btn-style_2\" title=\"Demander un devis\" target=\"_blank\" href=\"https:\/\/www.eldo.com\/demande-devis?utm_source=google&amp;utm_medium=guide&amp;utm_campaign=goutiere?via=guide-gouttiere\" rel=\"noopener\"><span class=\"w-btn-label\">Demander un devis<\/span><\/a><\/div><div class=\"w-separator size_medium\"><\/div><div class=\"wpb_text_column\" ><div class=\"wpb_wrapper\"><div class=\"page-merci-text QSN\">\n<h2 class=\"page-merci-title QSN\">A qui faire appel ?<\/h2>\n<div class=\"page-merci-text QSN\">Il faut faire appel \u00e0 des professionnels. Ils sauront comment vous conseiller au mieux. La qualit\u00e9 de l\u2019aluminium ici participe \u00e0 la valorisation de votre patrimoine. La goutti\u00e8re fait partie de l\u2019ext\u00e9rieur de votre maison, elle \u00e0 autant d\u2019importance que tous les \u00e9l\u00e9ments ext\u00e9rieurs. Le co\u00fbt de revient de l\u2019alu devient aujourd\u2019hui tr\u00e8s interessant. L\u2019entreprise vient directement sur place et con\u00e7oit votre goutti\u00e8re sur le moment.<br \/>\nUn r\u00e9cup\u00e9rateur d\u2019eau de pluie peut aussi aujourd\u2019hui recycler cette eau pour qu\u2019elle serve \u00e0 l\u2019arrosage.<\/div>\n<\/div>\n<\/div><\/div><\/div><\/div><\/div><\/div><\/div><\/section><section class=\"l-section wpb_row us_custom_e91755c2 height_auto width_full with_overlay\"><div class=\"l-section-overlay\" style=\"background: #ebebeb\"><\/div><div class=\"l-section-h i-cf\"><div class=\"g-cols vc_row type_boxes valign_middle\"><div class=\"vc_col-sm-12 wpb_column vc_column_container has-fill\"><div class=\"vc_column-inner us_custom_62215c9c\"><div class=\"wpb_wrapper\"><p class=\"w-itext us_custom_6df4bc3a type_typingChars align_center\" onclick='return {&quot;duration&quot;:300,&quot;delay&quot;:2000,&quot;disablePartAnimation&quot;:false,&quot;dynamicColor&quot;:&quot;#ffffff&quot;,&quot;html_nbsp_char&quot;:true}'>Je\u00a0cherche\u00a0un\u00a0pro\u00a0\u00e0\u00a0<span class=\"w-itext-part changesat_0 changesat_1 changesat_2 changesat_3 changesat_4 dynamic\" style=\"color:#ffffff\" onclick='return [&quot;Bordeaux&quot;,&quot;Toulouse&quot;,&quot;Paris&quot;,&quot;Nantes&quot;,&quot;Marseille&quot;]'><span>Bordeaux<\/span><i class=\"w-itext-cursor\"><\/i><\/span><\/p><div class=\"w-separator size_small\"><\/div><div class=\"w-btn-wrapper width_auto align_center\"><a class=\"w-btn us-btn-style_2\" title=\"Demander un devis\" target=\"_blank\" href=\"https:\/\/www.eldo.com\/demande-devis?utm_source=google&amp;utm_medium=guide&amp;utm_campaign=goutiere?via=guide-gouttiere\" rel=\"noopener\"><span class=\"w-btn-label\">Expliquer mon projet<\/span><\/a><\/div><\/div><\/div><\/div><\/div><\/div><\/section>\n","protected":false},"excerpt":{"rendered":"Comment r\u00e9nover sa goutti\u00e8re ? Les conseils d&rsquo;expert en vid\u00e9o Guides travauxPagesLa goutti\u00e8re va participer \u00e0 l\u2019\u00e9vacuation des eaux pluviales \u00e0 l\u2019ext\u00e9rieur de votre maison. L\u2019\u00e9vacuation des eaux pluviales peut \u00eatre tr\u00e8s importante pour le bien-\u00eatre dans votre maison, elle participe \u00e0 l\u2019assainissement et \u00e9vite les risques d\u2019inondations. La goutti\u00e8re sert de r\u00e9cup\u00e9rateur d\u2019eau pour...","protected":false},"author":3,"featured_media":4871,"parent":4996,"menu_order":0,"comment_status":"closed","ping_status":"closed","template":"","meta":[],"page_tags":[],"_links":{"self":[{"href":"https:\/\/www.eldo.com\/guide\/wp-json\/wp\/v2\/pages\/4870"}],"collection":[{"href":"https:\/\/www.eldo.com\/guide\/wp-json\/wp\/v2\/pages"}],"about":[{"href":"https:\/\/www.eldo.com\/guide\/wp-json\/wp\/v2\/types\/page"}],"author":[{"embeddable":true,"href":"https:\/\/www.eldo.com\/guide\/wp-json\/wp\/v2\/users\/3"}],"replies":[{"embeddable":true,"href":"https:\/\/www.eldo.com\/guide\/wp-json\/wp\/v2\/comments?post=4870"}],"version-history":[{"count":4,"href":"https:\/\/www.eldo.com\/guide\/wp-json\/wp\/v2\/pages\/4870\/revisions"}],"predecessor-version":[{"id":10729,"href":"https:\/\/www.eldo.com\/guide\/wp-json\/wp\/v2\/pages\/4870\/revisions\/10729"}],"up":[{"embeddable":true,"href":"https:\/\/www.eldo.com\/guide\/wp-json\/wp\/v2\/pages\/4996"}],"wp:featuredmedia":[{"embeddable":true,"href":"https:\/\/www.eldo.com\/guide\/wp-json\/wp\/v2\/media\/4871"}],"wp:attachment":[{"href":"https:\/\/www.eldo.com\/guide\/wp-json\/wp\/v2\/media?parent=4870"}],"wp:term":[{"taxonomy":"page_tags","embeddable":true,"href":"https:\/\/www.eldo.com\/guide\/wp-json\/wp\/v2\/page_tags?post=4870"}],"curies":[{"name":"wp","href":"https:\/\/api.w.org\/{rel}","templated":true}]}}