{"id":4866,"date":"2021-07-30T14:26:45","date_gmt":"2021-07-30T14:26:45","guid":{"rendered":"https:\/\/www.eldo.com\/guide\/?page_id=4866"},"modified":"2023-11-30T15:00:19","modified_gmt":"2023-11-30T15:00:19","slug":"comment-faire-construire-sa-piscine-6-conseils-dexpert","status":"publish","type":"page","link":"https:\/\/www.eldo.com\/guide\/conseils-expert\/construire-piscine","title":{"rendered":"Comment faire construire sa piscine : 6 conseils d\u2019expert !"},"content":{"rendered":"<section class=\"l-section wpb_row us_custom_b51f0e30 height_auto width_full with_overlay\"><div class=\"l-section-overlay\" style=\"background: #ebebeb\"><\/div><div class=\"l-section-h i-cf\"><div class=\"g-cols vc_row type_boxes valign_middle\"><div class=\"vc_col-sm-12 wpb_column vc_column_container has-fill has_text_color\"><div class=\"vc_column-inner us_custom_574b1526\"><div class=\"wpb_wrapper\"><div class=\"wpb_text_column\" ><div class=\"wpb_wrapper\"><h1 class=\"page-merci-title\" style=\"text-align: center;\">Comment faire construire sa piscine : 6 conseils d\u2019expert !<\/h1>\n<p style=\"text-align: center;\">Les conseils d&rsquo;expert en vid\u00e9o<\/p>\n<\/div><\/div><div class=\"w-separator size_medium\"><\/div><ol class=\"g-breadcrumbs us_custom_6556ef4c separator_icon align_left has_text_color\"><li class=\"g-breadcrumbs-item\"><a href=\"https:\/\/www.eldo.com\/guide\/\">Guides travaux<\/a><meta content=\"1\"\/><\/li><li class=\"g-breadcrumbs-separator\"><i class=\"far fa-angle-right\"><\/i><\/li><li class=\"g-breadcrumbs-item\">Pages<\/li><\/ol><\/div><\/div><\/div><\/div><\/div><\/section><section class=\"l-section wpb_row height_auto width_full\"><div class=\"l-section-h i-cf\"><div class=\"g-cols vc_row type_boxes valign_middle\"><div class=\"vc_col-sm-12 wpb_column vc_column_container has-fill\"><div class=\"vc_column-inner us_custom_4fb9e5a3\"><div class=\"wpb_wrapper\"><div class=\"w-video align_center ratio_16x9\"><div class=\"w-video-h\"><iframe src=\"\/\/www.youtube.com\/embed\/2c6VcF9NMhw?autoplay=0&controls=1&origin=https%3A%2F%2Fwww.eldo.com%2Fguide\" allowfullscreen=\"1\"><\/iframe><\/div><div class=\"w-video-icon\" style=\"font-size:1.5rem;background:rgba(0,0,0,0.5);color:#fff;\"><\/div><\/div><\/div><\/div><\/div><\/div><\/div><\/section><section class=\"l-section wpb_row height_auto width_full\"><div class=\"l-section-h i-cf\"><div class=\"g-cols vc_row type_boxes valign_middle\"><div class=\"vc_col-sm-12 wpb_column vc_column_container\"><div class=\"vc_column-inner\"><div class=\"wpb_wrapper\"><div class=\"wpb_text_column\" ><div class=\"wpb_wrapper\"><p class=\"page-merci-title QSN\">Construire une piscine n\u2019est pas une d\u00e9cision que l\u2019on prend \u00e0 la l\u00e9g\u00e8re. La construction piscine est complexe et demande une certaine pr\u00e9paration. Cette experte va nous donner 6 conseils pour pouvoir pr\u00e9parer au mieux l\u2019\u00e9t\u00e9 \u00e0 venir !<\/p>\n<\/div><\/div><div class=\"w-separator size_medium\"><\/div><div class=\"w-btn-wrapper width_auto align_center\"><a class=\"w-btn us-btn-style_2\" title=\"Demander un devis\" target=\"_blank\" href=\"https:\/\/devis.eldo.com\/piscine-new\/france?utm_source=gmb&amp;utm_medium=SEO&amp;utm_campaign=piscine-conseils-expert-construire-piscine\" rel=\"noopener\"><span class=\"w-btn-label\">Demander un devis<\/span><\/a><\/div><\/div><\/div><\/div><\/div><\/div><\/section><section class=\"l-section wpb_row us_custom_e4eb24e1 height_auto width_full\"><div class=\"l-section-h i-cf\"><div class=\"g-cols vc_row type_boxes valign_middle\"><div class=\"vc_col-sm-12 wpb_column vc_column_container has-fill\"><div class=\"vc_column-inner us_custom_4fb9e5a3\"><div class=\"wpb_wrapper\"><div class=\"wpb_text_column\" ><div class=\"wpb_wrapper\"><h2 class=\"page-merci-title QSN\">Le professionnel<\/h2>\n<div class=\"page-merci-text QSN\">Faire appel \u00e0 un professionnel qualifi\u00e9 est crucial. Il n\u2019y a pas de r\u00e9elle qualification de piscinistes, par contre, il peut faire partie de la f\u00e9d\u00e9ration professionnelle de la piscine ou avoir le label Propiscine. Ensuite, il doit avoir son assurance d\u00e9cennale \u00e0 jour et une responsabilit\u00e9 civile professionnelle.<\/div>\n<\/div><\/div><div class=\"w-separator size_medium\"><\/div><div class=\"w-btn-wrapper width_auto align_center\"><a class=\"w-btn us-btn-style_2\" title=\"Demander un devis\" target=\"_blank\" href=\"https:\/\/devis.eldo.com\/piscine-new\/france?utm_source=gmb&amp;utm_medium=SEO&amp;utm_campaign=piscine-conseils-expert-construire-piscine\" rel=\"noopener\"><span class=\"w-btn-label\">Demander un devis<\/span><\/a><\/div><div class=\"w-separator size_medium\"><\/div><div class=\"wpb_text_column\" ><div class=\"wpb_wrapper\"><h2 class=\"page-merci-title QSN\">La faisabilit\u00e9 du projet<\/h2>\n<div class=\"page-merci-text QSN\">Pour une surface inf\u00e9rieure \u00e0 100 m\u00e8tres carr\u00e9, vous devez effectuer une d\u00e9claration de travaux, pour une surface sup\u00e9rieure \u00e0 100 m\u00e8tre carr\u00e9, il faudra faire une demande de permis de construire. Dans les deux cas, il faut compter environ un mois pour l\u2019approbation une fois que le dossier \u00e0 \u00e9t\u00e9 fait. Il faut ensuite vous renseigner sur les distances de propri\u00e9t\u00e9 vis-\u00e0-vis des voisins, les distances changent selon les villes et parfois m\u00eame les quartiers. De plus, v\u00e9rifier que vous n\u2019\u00eates pas dans une Zone B\u00e2timents de France, car les contraintes d\u2019installation piscine ne seront pas les m\u00eames.<\/div>\n<\/div><\/div><div class=\"w-separator size_medium\"><\/div><div class=\"wpb_text_column\" ><div class=\"wpb_wrapper\"><div class=\"page-merci-text QSN\">\n<h2 class=\"page-merci-title QSN\">La s\u00e9curit\u00e9 piscine<\/h2>\n<div class=\"page-merci-text QSN\">\n<p>Depuis la loi 2003-9, il y a une obligation d\u2019\u00e9quiper sa piscine d\u2019un dispositif de s\u00e9curit\u00e9 homologu\u00e9. C\u2019est la loi s\u00e9curit\u00e9 pour prot\u00e9ger entre autre contre la noyade. Il existe diff\u00e9rents syst\u00e8mes de s\u00e9curit\u00e9 :<\/p>\n<p>&#8211; Couverture de s\u00e9curit\u00e9.<br \/>\n&#8211; Alarme.<br \/>\n&#8211; Barri\u00e8re.<\/p>\n<\/div>\n<\/div>\n<\/div><\/div><div class=\"w-separator size_medium\"><\/div><div class=\"w-btn-wrapper width_auto align_center\"><a class=\"w-btn us-btn-style_2\" title=\"Demander un devis\" target=\"_blank\" href=\"https:\/\/devis.eldo.com\/piscine-new\/france?utm_source=gmb&amp;utm_medium=SEO&amp;utm_campaign=piscine-conseils-expert-construire-piscine\" rel=\"noopener\"><span class=\"w-btn-label\">Demander un devis<\/span><\/a><\/div><div class=\"w-separator size_medium\"><\/div><div class=\"wpb_text_column\" ><div class=\"wpb_wrapper\"><div class=\"page-merci-text QSN\">\n<h2 class=\"page-merci-title QSN\">Les caract\u00e9ristiques souhait\u00e9es<\/h2>\n<div class=\"page-merci-text QSN\">\n<p>Il faut ensuite r\u00e9fl\u00e9chir aux caract\u00e9ristiques de votre piscine,\u00a0<a href=\"https:\/\/www.eldo.com\/guide\/conseils-expert\/choisir-piscine\">le choix qui s\u2019offre \u00e0 vous est tr\u00e8s large<\/a>\u00a0:<\/p>\n<p>&#8211; Piscine b\u00e9ton.<br \/>\n&#8211; Piscine traditionnelle.<br \/>\n&#8211; Piscine creus\u00e9e.<br \/>\n&#8211; Piscine naturelle.<br \/>\n&#8211; Piscine \u00e0 d\u00e9bordement.<br \/>\n&#8211; Coque polyester.<br \/>\n&#8211; Semi-enterr\u00e9e.<br \/>\n&#8211; Piscine bois.<br \/>\n&#8211; Piscine hors-sol.<br \/>\n&#8211; Piscine rectangulaire.<br \/>\n&#8211; Piscine ronde.<br \/>\n&#8211; Liner<\/p>\n<p>Le choix aujourd\u2019hui peut-\u00eatre tr\u00e8s vaste, avec les piscines sur-mesure, presque tout est r\u00e9alisable.<br \/>\nIl faut d\u00e9finir vos envies. Si vous avez envie d\u2019un couloir de nage, si vous avez envie de plonger ou plut\u00f4t de bronzer, cela va aussi d\u00e9terminer la profondeur de votre piscine. Tout est \u00e0 prendre en compte.<\/p>\n<\/div>\n<\/div>\n<\/div><\/div><div class=\"w-separator size_medium\"><\/div><div class=\"wpb_text_column\" ><div class=\"wpb_wrapper\"><div class=\"page-merci-text QSN\">\n<h2 class=\"page-merci-title QSN\">Le budget<\/h2>\n<div class=\"page-merci-text QSN\">Le budget d\u2019une piscine n\u2019est pas seulement le bassin. Des budgets annexes qu\u2019il faut prendre en compte viennent s\u2019ajouter dans le budget global. Si vous devez faire construire un local technique, il faudra aussi faire intervenir un \u00e9lectricien.. Tous ces d\u00e9tails sont \u00e0 prendre en compte pour le budget final. La piscine va faire partie de votre jardin.<br \/>\nFaire construire une piscine veut aussi dire\u00a0<a href=\"https:\/\/www.eldo.com\/guide\/conseils-expert\/renover-piscine-granulat-marbre\">faire construire un environnement autour de votre piscine<\/a>, un pool house, une terrasse en bois, des dalles en b\u00e9ton\u2026 Un terrassier peut s\u2019entendre avec votre pisciniste pour les travaux soient effectu\u00e9s en m\u00eame temps.<\/div>\n<\/div>\n<\/div><\/div><\/div><\/div><\/div><\/div><\/div><\/section><section class=\"l-section wpb_row us_custom_e91755c2 height_auto width_full with_overlay\"><div class=\"l-section-overlay\" style=\"background: #ebebeb\"><\/div><div class=\"l-section-h i-cf\"><div class=\"g-cols vc_row type_boxes valign_middle\"><div class=\"vc_col-sm-12 wpb_column vc_column_container has-fill\"><div class=\"vc_column-inner us_custom_e0e988d0\"><div class=\"wpb_wrapper\"><p class=\"w-itext us_custom_6df4bc3a type_typingChars align_center\" onclick='return {&quot;duration&quot;:300,&quot;delay&quot;:2000,&quot;disablePartAnimation&quot;:false,&quot;dynamicColor&quot;:&quot;#ffffff&quot;,&quot;html_nbsp_char&quot;:true}'>Je\u00a0cherche\u00a0un\u00a0pro\u00a0\u00e0\u00a0<span class=\"w-itext-part changesat_0 changesat_1 changesat_2 changesat_3 changesat_4 dynamic\" style=\"color:#ffffff\" onclick='return [&quot;Bordeaux&quot;,&quot;Toulouse&quot;,&quot;Paris&quot;,&quot;Nantes&quot;,&quot;Marseille&quot;]'><span>Bordeaux<\/span><i class=\"w-itext-cursor\"><\/i><\/span><\/p><div class=\"w-separator size_small\"><\/div><div class=\"w-btn-wrapper width_auto align_center\"><a class=\"w-btn us-btn-style_2\" title=\"Demander un devis\" target=\"_blank\" href=\"https:\/\/devis.eldo.com\/piscine-new\/france?utm_source=gmb&amp;utm_medium=SEO&amp;utm_campaign=piscine-conseils-expert-construire-piscine\" rel=\"noopener\"><span class=\"w-btn-label\">Expliquer mon projet<\/span><\/a><\/div><\/div><\/div><\/div><\/div><\/div><\/section>\n","protected":false},"excerpt":{"rendered":"Comment faire construire sa piscine : 6 conseils d\u2019expert ! Les conseils d&rsquo;expert en vid\u00e9o Guides travauxPagesConstruire une piscine n\u2019est pas une d\u00e9cision que l\u2019on prend \u00e0 la l\u00e9g\u00e8re. La construction piscine est complexe et demande une certaine pr\u00e9paration. Cette experte va nous donner 6 conseils pour pouvoir pr\u00e9parer au mieux l\u2019\u00e9t\u00e9 \u00e0 venir !...","protected":false},"author":3,"featured_media":4867,"parent":4996,"menu_order":0,"comment_status":"closed","ping_status":"closed","template":"","meta":[],"page_tags":[],"_links":{"self":[{"href":"https:\/\/www.eldo.com\/guide\/wp-json\/wp\/v2\/pages\/4866"}],"collection":[{"href":"https:\/\/www.eldo.com\/guide\/wp-json\/wp\/v2\/pages"}],"about":[{"href":"https:\/\/www.eldo.com\/guide\/wp-json\/wp\/v2\/types\/page"}],"author":[{"embeddable":true,"href":"https:\/\/www.eldo.com\/guide\/wp-json\/wp\/v2\/users\/3"}],"replies":[{"embeddable":true,"href":"https:\/\/www.eldo.com\/guide\/wp-json\/wp\/v2\/comments?post=4866"}],"version-history":[{"count":7,"href":"https:\/\/www.eldo.com\/guide\/wp-json\/wp\/v2\/pages\/4866\/revisions"}],"predecessor-version":[{"id":10390,"href":"https:\/\/www.eldo.com\/guide\/wp-json\/wp\/v2\/pages\/4866\/revisions\/10390"}],"up":[{"embeddable":true,"href":"https:\/\/www.eldo.com\/guide\/wp-json\/wp\/v2\/pages\/4996"}],"wp:featuredmedia":[{"embeddable":true,"href":"https:\/\/www.eldo.com\/guide\/wp-json\/wp\/v2\/media\/4867"}],"wp:attachment":[{"href":"https:\/\/www.eldo.com\/guide\/wp-json\/wp\/v2\/media?parent=4866"}],"wp:term":[{"taxonomy":"page_tags","embeddable":true,"href":"https:\/\/www.eldo.com\/guide\/wp-json\/wp\/v2\/page_tags?post=4866"}],"curies":[{"name":"wp","href":"https:\/\/api.w.org\/{rel}","templated":true}]}}