{"id":4844,"date":"2021-07-30T13:37:25","date_gmt":"2021-07-30T13:37:25","guid":{"rendered":"https:\/\/www.eldo.com\/guide\/?page_id=4844"},"modified":"2023-11-30T15:12:12","modified_gmt":"2023-11-30T15:12:12","slug":"comment-reussir-sa-piscine","status":"publish","type":"page","link":"https:\/\/www.eldo.com\/guide\/conseils-expert\/reussir-piscine","title":{"rendered":"Comment r\u00e9ussir sa piscine ?"},"content":{"rendered":"<section class=\"l-section wpb_row us_custom_b51f0e30 height_auto width_full with_overlay\"><div class=\"l-section-overlay\" style=\"background: #ebebeb\"><\/div><div class=\"l-section-h i-cf\"><div class=\"g-cols vc_row type_boxes valign_middle\"><div class=\"vc_col-sm-12 wpb_column vc_column_container has-fill has_text_color\"><div class=\"vc_column-inner us_custom_4965a750\"><div class=\"wpb_wrapper\"><div class=\"wpb_text_column\" ><div class=\"wpb_wrapper\"><h1 class=\"page-merci-title\" style=\"text-align: center;\">Comment r\u00e9ussir sa piscine ?<\/h1>\n<p style=\"text-align: center;\">Les conseils d&rsquo;expert en vid\u00e9o<\/p>\n<\/div><\/div><div class=\"w-separator size_medium\"><\/div><ol class=\"g-breadcrumbs us_custom_6556ef4c separator_icon align_left has_text_color\"><li class=\"g-breadcrumbs-item\"><a href=\"https:\/\/www.eldo.com\/guide\/\">Guides travaux<\/a><meta content=\"1\"\/><\/li><li class=\"g-breadcrumbs-separator\"><i class=\"far fa-angle-right\"><\/i><\/li><li class=\"g-breadcrumbs-item\">Pages<\/li><\/ol><\/div><\/div><\/div><\/div><\/div><\/section><section class=\"l-section wpb_row height_auto width_full\"><div class=\"l-section-h i-cf\"><div class=\"g-cols vc_row type_boxes valign_middle\"><div class=\"vc_col-sm-12 wpb_column vc_column_container has-fill\"><div class=\"vc_column-inner us_custom_4fb9e5a3\"><div class=\"wpb_wrapper\"><div class=\"w-video align_center ratio_16x9\"><div class=\"w-video-h\"><iframe src=\"\/\/www.youtube.com\/embed\/6Nu0cRD4dkc?autoplay=0&controls=1&origin=https%3A%2F%2Fwww.eldo.com%2Fguide\" allowfullscreen=\"1\"><\/iframe><\/div><div class=\"w-video-icon\" style=\"font-size:1.5rem;background:rgba(0,0,0,0.5);color:#fff;\"><\/div><\/div><\/div><\/div><\/div><\/div><\/div><\/section><section class=\"l-section wpb_row height_auto width_full\"><div class=\"l-section-h i-cf\"><div class=\"g-cols vc_row type_boxes valign_middle\"><div class=\"vc_col-sm-12 wpb_column vc_column_container\"><div class=\"vc_column-inner\"><div class=\"wpb_wrapper\"><div class=\"wpb_text_column\" ><div class=\"wpb_wrapper\"><p class=\"page-merci-title QSN\">Un projet piscine peut \u00eatre aussi important que n\u2019importe quel projet au sein de votre maison. Le moment de choisir sa piscine est toujours complexe. Acheter une piscine co\u00fbte un certain prix et les options sont grandes, vous n\u2019avez pas envie de vous tromper. On oublie la piscine gonflable et on passe dans la cour des grands avec une piscine sur mesure.<br \/>\nPiscine creus\u00e9e ? Piscine hors sol bois ? Piscine enterr\u00e9e ? Piscine semi enterr\u00e9e ? Piscine polyester ? Piscine en kit ? Piscine en b\u00e9ton ? Piscine naturelle ? Piscine traditionnelle ? Piscine \u00e0 d\u00e9bordement ? Faire appel \u00e0 un constructeur de piscines est la meilleure d\u00e9cision. Il saura vous conseiller pour savoir quelle piscine va \u00eatre adapt\u00e9e \u00e0 votre terrain.<\/p>\n<\/div><\/div><div class=\"w-separator size_medium\"><\/div><div class=\"w-btn-wrapper width_auto align_center\"><a class=\"w-btn us-btn-style_2\" title=\"Demander un devis\" target=\"_blank\" href=\"https:\/\/devis.eldo.com\/piscine-new\/france?utm_source=gmb&amp;utm_medium=SEO&amp;utm_campaign=piscine-conseils-expert-reussir-piscine\" rel=\"noopener\"><span class=\"w-btn-label\">Demander un devis<\/span><\/a><\/div><\/div><\/div><\/div><\/div><\/div><\/section><section class=\"l-section wpb_row us_custom_e4eb24e1 height_auto width_full\"><div class=\"l-section-h i-cf\"><div class=\"g-cols vc_row type_boxes valign_middle\"><div class=\"vc_col-sm-12 wpb_column vc_column_container has-fill\"><div class=\"vc_column-inner us_custom_4fb9e5a3\"><div class=\"wpb_wrapper\"><div class=\"wpb_text_column\" ><div class=\"wpb_wrapper\"><h2 class=\"page-merci-title QSN\">Pourquoi faire appel \u00e0 des professionnels pour construire une piscine ?<\/h2>\n<div class=\"page-merci-text QSN\">Les professionnels sont r\u00e9pertori\u00e9s \u00e0 l\u2019AFPP. Ils sont donc comp\u00e9tents dans l\u2019ensemble des domaines de la piscine. Le syst\u00e8me de s\u00e9curit\u00e9, la d\u00e9claration des travaux, les travaux de terrassement, les professionnels sont \u00e0 m\u00eame de r\u00e9pondre \u00e0 toutes vos attentes.\u00a0<a href=\"https:\/\/www.eldo.com\/guide\/conseils-expert\/construire-piscine\">Faire construire sa piscine<\/a>\u00a0par un ma\u00e7on peut \u00eatre une option \u00e0 bas co\u00fbt. Par contre le ma\u00e7on ne va pas savoir anticiper toutes les contraintes du g\u00e9nie civil. Installer une piscine est un am\u00e9nagement que l\u2019on esp\u00e8re voir durer toute la vie. En fonction de\u00a0<a href=\"https:\/\/www.eldo.com\/guide\/conseils-expert\/choisir-piscine\">vos choix de piscine<\/a>, les professionnels sauront choisir la structure la plus adapt\u00e9e \u00e0 votre terrain.<\/div>\n<\/div><\/div><div class=\"w-separator size_medium\"><\/div><div class=\"wpb_text_column\" ><div class=\"wpb_wrapper\"><h2 class=\"page-merci-title QSN\">Une piscine va avec un environnement, comment le choisir ?<\/h2>\n<div class=\"page-merci-text QSN\">\n<p>Le professionnel va vous donner diff\u00e9rents conseils. Des conseils sur la piscine en elle-m\u00eame, la forme libre que l\u2019on peut adapter, l\u2019environnement dans lequel elle va \u00eatre, etc. Faire construire sa piscine c\u2019est aussi faire construire une terrasse, une plage, un jardin, une pool house.. Le professionnel va permettre que tout cela soit englob\u00e9 dans le m\u00eame pack. Vous vous entretenez avec lui, et lui traitera ensuite avec le conducteur de travaux, l\u2019architecte si besoin, le paysagiste, etc. Votre piscine va \u00eatre visible 365 jours par an dans votre jardin, il faut qu\u2019elle fasse partie du d\u00e9cor.<\/p>\n<p>Il faut qu\u2019elle soit mise en sc\u00e8ne pour que vous puissiez l\u2019appr\u00e9cier chaque jour de l\u2019ann\u00e9e. Des lumi\u00e8res, un fond bleu turquoise, un fond bleu ardoise\u2026 Les options sont grandes pour que vous ayez la piscine de vos r\u00eaves.<br \/>\nSelon votre situation familiale, votre piscine peut \u00eatre un danger, le risque de noyade infantile est un inconv\u00e9nient auquel on ne pense pas toujours. Un pisciniste saura vous donner les conseils pour que vous n\u2019ayez plus \u00e0 vous soucier de cet aspect !<\/p>\n<\/div>\n<\/div><\/div><div class=\"w-separator size_medium\"><\/div><div class=\"w-btn-wrapper width_auto align_center\"><a class=\"w-btn us-btn-style_2\" title=\"Demander un devis\" target=\"_blank\" href=\"https:\/\/devis.eldo.com\/piscine-new\/france?utm_source=gmb&amp;utm_medium=SEO&amp;utm_campaign=piscine-conseils-expert-reussir-piscine\" rel=\"noopener\"><span class=\"w-btn-label\">Demander un devis<\/span><\/a><\/div><div class=\"w-separator size_medium\"><\/div><div class=\"wpb_text_column\" ><div class=\"wpb_wrapper\"><div class=\"page-merci-text QSN\">\n<h2 class=\"page-merci-title QSN\">La corv\u00e9e du nettoyage de piscine est-elle indispensable ?<\/h2>\n<div class=\"page-merci-text QSN\">Quand on pense piscine, on pense beaux jours et bronzage. Puis on parle avec des propri\u00e9taires de piscines qui ne parlent que de syst\u00e8me de filtration, de produits piscine, de pompe de filtration, du robot piscine\u2026 Ils parlent plus de leur local technique que des bienfaits qu\u2019ils en tirent. Or, aujourd\u2019hui, DIFFAZUR Piscine propose des piscines sans entretien. Le bonheur de ne penser qu\u2019\u00e0 se baigner et pas au nettoyage piscine\u2026 Il existe des piscines autonettoyantes. Des syst\u00e8mes de buses sont mis en place. Ces buses sont soufflantes et permettent de nettoyer la piscine \u00e0 360\u00b0. Le nettoyage de piscine devient donc automatique. L\u2019entretien de votre piscine ne sera plus une corv\u00e9e.<br \/>\nA la diff\u00e9rence d\u2019une coque polyester, DIFFAZUR Piscine propose un syst\u00e8me de construction en b\u00e9ton projet\u00e9. C\u2019est une solution min\u00e9rale \u00e9tanche qui promet une meilleure isolation. Ces piscines permettent d\u2019avoir une investissement patrimonial. La piscine \u00e0 besoin d\u2019entretien tous les 15 ans. En dehors de \u00e7a, c\u2019est un investissement \u00e0 vie.<\/div>\n<\/div>\n<\/div><\/div><\/div><\/div><\/div><\/div><\/div><\/section><section class=\"l-section wpb_row us_custom_e91755c2 height_auto width_full with_overlay\"><div class=\"l-section-overlay\" style=\"background: #ebebeb\"><\/div><div class=\"l-section-h i-cf\"><div class=\"g-cols vc_row type_boxes valign_middle\"><div class=\"vc_col-sm-12 wpb_column vc_column_container has-fill\"><div class=\"vc_column-inner us_custom_9ff71cb1\"><div class=\"wpb_wrapper\"><p class=\"w-itext us_custom_6df4bc3a type_typingChars align_center\" onclick='return {&quot;duration&quot;:300,&quot;delay&quot;:2000,&quot;disablePartAnimation&quot;:false,&quot;dynamicColor&quot;:&quot;#ffffff&quot;,&quot;html_nbsp_char&quot;:true}'>Je\u00a0cherche\u00a0un\u00a0pro\u00a0\u00e0\u00a0<span class=\"w-itext-part changesat_0 changesat_1 changesat_2 changesat_3 changesat_4 dynamic\" style=\"color:#ffffff\" onclick='return [&quot;Bordeaux&quot;,&quot;Toulouse&quot;,&quot;Paris&quot;,&quot;Nantes&quot;,&quot;Marseille&quot;]'><span>Bordeaux<\/span><i class=\"w-itext-cursor\"><\/i><\/span><\/p><div class=\"w-separator size_small\"><\/div><div class=\"w-btn-wrapper width_auto align_center\"><a class=\"w-btn us-btn-style_2\" title=\"Demander un devis\" target=\"_blank\" href=\"https:\/\/devis.eldo.com\/piscine-new\/france?utm_source=gmb&amp;utm_medium=SEO&amp;utm_campaign=piscine-conseils-expert-reussir-piscine\" rel=\"noopener\"><span class=\"w-btn-label\">Expliquer mon projet<\/span><\/a><\/div><\/div><\/div><\/div><\/div><\/div><\/section>\n","protected":false},"excerpt":{"rendered":"Comment r\u00e9ussir sa piscine ? Les conseils d&rsquo;expert en vid\u00e9o Guides travauxPagesUn projet piscine peut \u00eatre aussi important que n\u2019importe quel projet au sein de votre maison. Le moment de choisir sa piscine est toujours complexe. Acheter une piscine co\u00fbte un certain prix et les options sont grandes, vous n\u2019avez pas envie de vous tromper....","protected":false},"author":3,"featured_media":4845,"parent":4996,"menu_order":0,"comment_status":"closed","ping_status":"closed","template":"","meta":[],"page_tags":[],"_links":{"self":[{"href":"https:\/\/www.eldo.com\/guide\/wp-json\/wp\/v2\/pages\/4844"}],"collection":[{"href":"https:\/\/www.eldo.com\/guide\/wp-json\/wp\/v2\/pages"}],"about":[{"href":"https:\/\/www.eldo.com\/guide\/wp-json\/wp\/v2\/types\/page"}],"author":[{"embeddable":true,"href":"https:\/\/www.eldo.com\/guide\/wp-json\/wp\/v2\/users\/3"}],"replies":[{"embeddable":true,"href":"https:\/\/www.eldo.com\/guide\/wp-json\/wp\/v2\/comments?post=4844"}],"version-history":[{"count":8,"href":"https:\/\/www.eldo.com\/guide\/wp-json\/wp\/v2\/pages\/4844\/revisions"}],"predecessor-version":[{"id":10395,"href":"https:\/\/www.eldo.com\/guide\/wp-json\/wp\/v2\/pages\/4844\/revisions\/10395"}],"up":[{"embeddable":true,"href":"https:\/\/www.eldo.com\/guide\/wp-json\/wp\/v2\/pages\/4996"}],"wp:featuredmedia":[{"embeddable":true,"href":"https:\/\/www.eldo.com\/guide\/wp-json\/wp\/v2\/media\/4845"}],"wp:attachment":[{"href":"https:\/\/www.eldo.com\/guide\/wp-json\/wp\/v2\/media?parent=4844"}],"wp:term":[{"taxonomy":"page_tags","embeddable":true,"href":"https:\/\/www.eldo.com\/guide\/wp-json\/wp\/v2\/page_tags?post=4844"}],"curies":[{"name":"wp","href":"https:\/\/api.w.org\/{rel}","templated":true}]}}