{"id":4836,"date":"2021-07-30T13:23:19","date_gmt":"2021-07-30T13:23:19","guid":{"rendered":"https:\/\/www.eldo.com\/guide\/?page_id=4836"},"modified":"2021-08-10T07:21:18","modified_gmt":"2021-08-10T07:21:18","slug":"comment-choisir-son-gazon-synthetique","status":"publish","type":"page","link":"https:\/\/www.eldo.com\/guide\/conseils-expert\/gazon-synthetique","title":{"rendered":"Comment choisir son gazon synth\u00e9tique ?"},"content":{"rendered":"<section class=\"l-section wpb_row us_custom_b51f0e30 height_auto width_full with_overlay\"><div class=\"l-section-overlay\" style=\"background: #ebebeb\"><\/div><div class=\"l-section-h i-cf\"><div class=\"g-cols vc_row type_boxes valign_middle\"><div class=\"vc_col-sm-12 wpb_column vc_column_container has-fill has_text_color\"><div class=\"vc_column-inner us_custom_89971c33\"><div class=\"wpb_wrapper\"><div class=\"wpb_text_column\" ><div class=\"wpb_wrapper\"><h1 class=\"page-merci-title\" style=\"text-align: center;\">Comment choisir son gazon synth\u00e9tique ?<\/h1>\n<p style=\"text-align: center;\">Les conseils d&rsquo;expert en vid\u00e9o<\/p>\n<\/div><\/div><div class=\"w-separator size_medium\"><\/div><ol class=\"g-breadcrumbs us_custom_6556ef4c separator_icon align_left has_text_color\"><li class=\"g-breadcrumbs-item\"><a href=\"https:\/\/www.eldo.com\/guide\/\">Guides travaux<\/a><meta content=\"1\"\/><\/li><li class=\"g-breadcrumbs-separator\"><i class=\"far fa-angle-right\"><\/i><\/li><li class=\"g-breadcrumbs-item\">Pages<\/li><\/ol><\/div><\/div><\/div><\/div><\/div><\/section><section class=\"l-section wpb_row height_auto width_full\"><div class=\"l-section-h i-cf\"><div class=\"g-cols vc_row type_boxes valign_middle\"><div class=\"vc_col-sm-12 wpb_column vc_column_container has-fill\"><div class=\"vc_column-inner us_custom_4fb9e5a3\"><div class=\"wpb_wrapper\"><div class=\"w-video align_center ratio_16x9\"><div class=\"w-video-h\"><iframe src=\"\/\/www.youtube.com\/embed\/p0zXXOb_YqM?autoplay=0&controls=1&origin=https%3A%2F%2Fwww.eldo.com%2Fguide\" allowfullscreen=\"1\"><\/iframe><\/div><div class=\"w-video-icon\" style=\"font-size:1.5rem;background:rgba(0,0,0,0.5);color:#fff;\"><\/div><\/div><\/div><\/div><\/div><\/div><\/div><\/section><section class=\"l-section wpb_row height_auto width_full\"><div class=\"l-section-h i-cf\"><div class=\"g-cols vc_row type_boxes valign_middle\"><div class=\"vc_col-sm-12 wpb_column vc_column_container\"><div class=\"vc_column-inner\"><div class=\"wpb_wrapper\"><div class=\"wpb_text_column\" ><div class=\"wpb_wrapper\"><p class=\"page-merci-title QSN\">Vous aimez \u00eatre pieds nus, mais vous n&rsquo;aimez pas entretenir votre jardin. Et si vous pensiez au gazon synth\u00e9tique ? Il a peut-\u00eatre beaucoup plus d&rsquo;avantages que vous ne le pensiez.<\/p>\n<\/div><\/div><div class=\"w-separator size_medium\"><\/div><div class=\"w-btn-wrapper width_auto align_center\"><a class=\"w-btn us-btn-style_2\" title=\"Demander un devis\" target=\"_blank\" href=\"https:\/\/www.eldo.com\/demande-devis?utm_source=google&amp;utm_medium=guide&amp;utm_campaign&amp;utm_term=jardin?via=guide-jardin&amp;idc=48\" rel=\"noopener\"><span class=\"w-btn-label\">Demander un devis<\/span><\/a><\/div><\/div><\/div><\/div><\/div><\/div><\/section><section class=\"l-section wpb_row us_custom_e4eb24e1 height_auto width_full\"><div class=\"l-section-h i-cf\"><div class=\"g-cols vc_row type_boxes valign_middle\"><div class=\"vc_col-sm-12 wpb_column vc_column_container has-fill\"><div class=\"vc_column-inner us_custom_4fb9e5a3\"><div class=\"wpb_wrapper\"><div class=\"wpb_text_column\" ><div class=\"wpb_wrapper\"><h2 class=\"page-merci-title QSN\">Quels sont les diff\u00e9rents gazons ?<\/h2>\n<div class=\"page-merci-text QSN\">\n<p>Il existe une multitude de gazons, avec des tarifs diff\u00e9rents et des garanties diff\u00e9rentes. L&rsquo;imitation gazon premier prix n&rsquo;est pas une bonne solution pour votre jardin.<\/p>\n<p>Le brin du gazon est plus ou moins \u00e9pais, lisse ou fris\u00e9, qui donne finalement diff\u00e9rentes textures et hauteurs de gazon. Les brins sont cousus au latex pour rendre le gazon r\u00e9aliste dans votre jardin. Avec un gazon \u00e0 brin court, la m\u00e9moire de forme est meilleure (fa\u00e7on dont les brins se remettent en place).<\/p>\n<p>Il est mieux de faire appel \u00e0 un paysagiste sp\u00e9cialis\u00e9 en gazon synth\u00e9tique pour qu&rsquo;il vous conseille. La pose de gazon synth\u00e9tique est aussi importante que le choix du gazon, car le gazon est fix\u00e9 avec des clous tous les 20cm. Si le gazon est mal pos\u00e9, il se peut qu&rsquo;il vieillisse mal.<\/p>\n<\/div>\n<\/div><\/div><div class=\"w-separator size_medium\"><\/div><div class=\"wpb_text_column\" ><div class=\"wpb_wrapper\"><div class=\"page-merci-text QSN\">\n<h2 class=\"page-merci-title QSN\">Pourquoi choisir un faux gazon pour l&rsquo;am\u00e9nagement du jardin ?<\/h2>\n<div class=\"page-merci-text QSN\">\n<p>Le gazon synth\u00e9tique peut s&rsquo;installer sur diff\u00e9rents supports, \u00e0 savoir :<\/p>\n<p>&#8211; Une terrasse.<br \/>\n&#8211; Un balcon.<br \/>\n&#8211; Un dallage.<br \/>\n&#8211; Un caillebotis.<br \/>\n&#8211; Dalle b\u00e9ton.<br \/>\n&#8211; Dalle PVC.<br \/>\n&#8211; Gazon naturel.<br \/>\n&#8211; Tour de piscine.<\/p>\n<p>Le gazon peut se poser sur pratiquement tous les supports. Pour les terrains naturels, il faudra pr\u00e9parer le sol avec du sable calcaire et une b\u00e2che de sol pour \u00e9viter la pousse de mauvaises herbes.<\/p>\n<\/div>\n<\/div>\n<\/div><\/div><div class=\"w-separator size_medium\"><\/div><div class=\"w-btn-wrapper width_auto align_center\"><a class=\"w-btn us-btn-style_2\" title=\"Demander un devis\" target=\"_blank\" href=\"https:\/\/www.eldo.com\/demande-devis?utm_source=google&amp;utm_medium=guide&amp;utm_campaign&amp;utm_term=jardin?via=guide-jardin&amp;idc=48\" rel=\"noopener\"><span class=\"w-btn-label\">Demander un devis<\/span><\/a><\/div><div class=\"w-separator size_medium\"><\/div><div class=\"wpb_text_column\" ><div class=\"wpb_wrapper\"><div class=\"page-merci-text QSN\">\n<h2 class=\"page-merci-title QSN\">Quels sont les avantages du gazon synth\u00e9tique ?<\/h2>\n<div class=\"page-merci-text QSN\">\n<p>Le gazon synth\u00e9tique va \u00eatre tr\u00e8s r\u00e9aliste. Son aspect naturel permet \u00e0 votre jardin d&rsquo;avoir un beau gazon en toutes saisons sans avoir besoin de tondre. L&rsquo;eau de pluie le traverse. Il est r\u00e9sistant \u00e0 tous les produits chimiques mais aussi aux besoins des animaux. Dot\u00e9 d&rsquo;une grande perm\u00e9abilit\u00e9, il est test\u00e9 en usine pour \u00eatre le plus r\u00e9sistant possible.<\/p>\n<p>Il est drainant et r\u00e9siste aux intemp\u00e9ries. Il demande donc tr\u00e8s peu d&rsquo;entretien. Vous nettoierez votre gazon artificiel comme vous nettoyez votre balcon-terrasse. L&rsquo;entretien sera court et agr\u00e9able. Plus besoin d&rsquo;arrosage automatique pour entretenir son gazon. Ces espaces verts derni\u00e8re g\u00e9n\u00e9ration sont la solution d&rsquo;<a href=\"https:\/\/www.eldo.com\/guide\/amenagement-du-jardin\">am\u00e9nagement parfaite pour un jardin<\/a>\u00a0sans entretien plus vrai que nature. Le pi\u00e9tinement sur ces herbes synth\u00e9tiques est agr\u00e9able.<\/p>\n<p>Le prix du gazon synth\u00e9tique est \u00e9lev\u00e9, mais selon une \u00e9tude, le gazon artificiel devient rentable au bout de 3 ans. Vous oubliez la tonte, les engrais, l&rsquo;arrosage automatique, le d\u00e9sherbant, et toutes les corv\u00e9es qu&rsquo;un gazon naturel demande. N\u00e9anmoins vous aurez quand m\u00eame un gazon dense et esth\u00e9tique. L&rsquo;entretien du gazon est quasiment inexistant.<\/p>\n<p>Le gazon synth\u00e9tique est diff\u00e9rent d&rsquo;une pelouse artificielle. Poser du gazon synth\u00e9tique est complexe, il vaut toujours mieux avoir des conseils de pose, ou mieux encore, de le faire poser par un professionnel. Le gazon synth\u00e9tique pas cher peut vous causer quelques soucis. Vous voulez une belle pelouse munie d&rsquo;un grand r\u00e9alisme, faites confiance au gazon fran\u00e7ais EasyTurf.<\/p>\n<\/div>\n<\/div>\n<\/div><\/div><\/div><\/div><\/div><\/div><\/div><\/section><section class=\"l-section wpb_row us_custom_e91755c2 height_auto width_full with_overlay\"><div class=\"l-section-overlay\" style=\"background: #ebebeb\"><\/div><div class=\"l-section-h i-cf\"><div class=\"g-cols vc_row type_boxes valign_middle\"><div class=\"vc_col-sm-12 wpb_column vc_column_container has-fill\"><div class=\"vc_column-inner us_custom_98785278\"><div class=\"wpb_wrapper\"><p class=\"w-itext us_custom_6df4bc3a type_typingChars align_center\" onclick='return {&quot;duration&quot;:300,&quot;delay&quot;:2000,&quot;disablePartAnimation&quot;:false,&quot;dynamicColor&quot;:&quot;#ffffff&quot;,&quot;html_nbsp_char&quot;:true}'>Je\u00a0cherche\u00a0un\u00a0pro\u00a0\u00e0\u00a0<span class=\"w-itext-part changesat_0 changesat_1 changesat_2 changesat_3 changesat_4 dynamic\" style=\"color:#ffffff\" onclick='return [&quot;Bordeaux&quot;,&quot;Toulouse&quot;,&quot;Paris&quot;,&quot;Nantes&quot;,&quot;Marseille&quot;]'><span>Bordeaux<\/span><i class=\"w-itext-cursor\"><\/i><\/span><\/p><div class=\"w-separator size_small\"><\/div><div class=\"w-btn-wrapper width_auto align_center\"><a class=\"w-btn us-btn-style_2\" title=\"Demander un devis\" target=\"_blank\" href=\"https:\/\/www.eldo.com\/demande-devis?utm_source=google&amp;utm_medium=guide&amp;utm_campaign&amp;utm_term=jardin?via=guide-jardin&amp;idc=48\" rel=\"noopener\"><span class=\"w-btn-label\">Expliquer mon projet<\/span><\/a><\/div><\/div><\/div><\/div><\/div><\/div><\/section>\n","protected":false},"excerpt":{"rendered":"Comment choisir son gazon synth\u00e9tique ? Les conseils d&rsquo;expert en vid\u00e9o Guides travauxPagesVous aimez \u00eatre pieds nus, mais vous n&rsquo;aimez pas entretenir votre jardin. Et si vous pensiez au gazon synth\u00e9tique ? Il a peut-\u00eatre beaucoup plus d&rsquo;avantages que vous ne le pensiez. Demander un devisQuels sont les diff\u00e9rents gazons ? Il existe une multitude...","protected":false},"author":3,"featured_media":4837,"parent":4996,"menu_order":0,"comment_status":"closed","ping_status":"closed","template":"","meta":[],"page_tags":[],"_links":{"self":[{"href":"https:\/\/www.eldo.com\/guide\/wp-json\/wp\/v2\/pages\/4836"}],"collection":[{"href":"https:\/\/www.eldo.com\/guide\/wp-json\/wp\/v2\/pages"}],"about":[{"href":"https:\/\/www.eldo.com\/guide\/wp-json\/wp\/v2\/types\/page"}],"author":[{"embeddable":true,"href":"https:\/\/www.eldo.com\/guide\/wp-json\/wp\/v2\/users\/3"}],"replies":[{"embeddable":true,"href":"https:\/\/www.eldo.com\/guide\/wp-json\/wp\/v2\/comments?post=4836"}],"version-history":[{"count":4,"href":"https:\/\/www.eldo.com\/guide\/wp-json\/wp\/v2\/pages\/4836\/revisions"}],"predecessor-version":[{"id":10764,"href":"https:\/\/www.eldo.com\/guide\/wp-json\/wp\/v2\/pages\/4836\/revisions\/10764"}],"up":[{"embeddable":true,"href":"https:\/\/www.eldo.com\/guide\/wp-json\/wp\/v2\/pages\/4996"}],"wp:featuredmedia":[{"embeddable":true,"href":"https:\/\/www.eldo.com\/guide\/wp-json\/wp\/v2\/media\/4837"}],"wp:attachment":[{"href":"https:\/\/www.eldo.com\/guide\/wp-json\/wp\/v2\/media?parent=4836"}],"wp:term":[{"taxonomy":"page_tags","embeddable":true,"href":"https:\/\/www.eldo.com\/guide\/wp-json\/wp\/v2\/page_tags?post=4836"}],"curies":[{"name":"wp","href":"https:\/\/api.w.org\/{rel}","templated":true}]}}