{"id":4824,"date":"2021-07-30T12:51:42","date_gmt":"2021-07-30T12:51:42","guid":{"rendered":"https:\/\/www.eldo.com\/guide\/?page_id=4824"},"modified":"2022-12-30T02:03:11","modified_gmt":"2022-12-30T02:03:11","slug":"comment-choisir-son-abri-de-piscine","status":"publish","type":"page","link":"https:\/\/www.eldo.com\/guide\/conseils-expert\/terrasses-bois","title":{"rendered":"Les diff\u00e9rentes terrasses en bois : Comment choisir ?"},"content":{"rendered":"<section class=\"l-section wpb_row us_custom_b51f0e30 height_auto width_full with_overlay\"><div class=\"l-section-overlay\" style=\"background: #ebebeb\"><\/div><div class=\"l-section-h i-cf\"><div class=\"g-cols vc_row type_boxes valign_middle\"><div class=\"vc_col-sm-12 wpb_column vc_column_container has-fill has_text_color\"><div class=\"vc_column-inner us_custom_17fe9c6e\"><div class=\"wpb_wrapper\"><div class=\"wpb_text_column\" ><div class=\"wpb_wrapper\"><h1 class=\"page-merci-title\" style=\"text-align: center;\">Les diff\u00e9rentes terrasses en bois : Comment choisir ?<\/h1>\n<p style=\"text-align: center;\">Les conseils d&rsquo;expert en vid\u00e9o<\/p>\n<\/div><\/div><div class=\"w-separator size_medium\"><\/div><ol class=\"g-breadcrumbs us_custom_6556ef4c separator_icon align_left has_text_color\"><li class=\"g-breadcrumbs-item\"><a href=\"https:\/\/www.eldo.com\/guide\/\">Guides travaux<\/a><meta content=\"1\"\/><\/li><li class=\"g-breadcrumbs-separator\"><i class=\"far fa-angle-right\"><\/i><\/li><li class=\"g-breadcrumbs-item\">Pages<\/li><\/ol><\/div><\/div><\/div><\/div><\/div><\/section><section class=\"l-section wpb_row height_auto width_full\"><div class=\"l-section-h i-cf\"><div class=\"g-cols vc_row type_boxes valign_middle\"><div class=\"vc_col-sm-12 wpb_column vc_column_container has-fill\"><div class=\"vc_column-inner us_custom_4fb9e5a3\"><div class=\"wpb_wrapper\"><div class=\"w-video align_center ratio_16x9\"><div class=\"w-video-h\"><iframe src=\"\/\/www.youtube.com\/embed\/DsCAW9D2-5Q?autoplay=0&controls=1&origin=https%3A%2F%2Fwww.eldo.com%2Fguide\" allowfullscreen=\"1\"><\/iframe><\/div><div class=\"w-video-icon\" style=\"font-size:1.5rem;background:rgba(0,0,0,0.5);color:#fff;\"><\/div><\/div><\/div><\/div><\/div><\/div><\/div><\/section><section class=\"l-section wpb_row height_auto width_full\"><div class=\"l-section-h i-cf\"><div class=\"g-cols vc_row type_boxes valign_middle\"><div class=\"vc_col-sm-12 wpb_column vc_column_container\"><div class=\"vc_column-inner\"><div class=\"wpb_wrapper\"><div class=\"wpb_text_column\" ><div class=\"wpb_wrapper\"><p class=\"page-merci-title QSN\">L&rsquo;am\u00e9nagement ext\u00e9rieur est un peu \u00e0 l&rsquo;abandon, vous avez votre jardin, mais vous ne l&rsquo;utilisez pas assez ? Construire une terrasse peut \u00eatre une tr\u00e8s bonne option pour pouvoir passer les beaux jours dehors.<\/p>\n<\/div><\/div><div class=\"w-separator size_medium\"><\/div><div class=\"w-btn-wrapper width_auto align_center\"><a class=\"w-btn us-btn-style_2\" title=\"Demander un devis\" target=\"_blank\" href=\"https:\/\/devis.eldo.com\/terrasses\/france?utm_source=gmb&amp;utm_medium=SEO&amp;utm_campaign=terrasse\" rel=\"noopener\"><span class=\"w-btn-label\">Demander un devis<\/span><\/a><\/div><\/div><\/div><\/div><\/div><\/div><\/section><section class=\"l-section wpb_row us_custom_e4eb24e1 height_auto width_full\"><div class=\"l-section-h i-cf\"><div class=\"g-cols vc_row type_boxes valign_middle\"><div class=\"vc_col-sm-12 wpb_column vc_column_container has-fill\"><div class=\"vc_column-inner us_custom_4fb9e5a3\"><div class=\"wpb_wrapper\"><div class=\"wpb_text_column\" ><div class=\"wpb_wrapper\"><h2 class=\"page-merci-title QSN\">Quels bois choisir ?<\/h2>\n<div class=\"page-merci-text QSN\">Pour faire une terrasse, il faut choisir son type de bois. Celle-ci peut devenir une terrasse en bois exotique ou de bois de pin classique. Les bois sont trait\u00e9s pour \u00eatre des bois adapt\u00e9s aux terrasses. Ils sont adapt\u00e9s \u00e0 l&rsquo;ext\u00e9rieur et sont donc imputrescibles et r\u00e9sistent aux diff\u00e9rentes intemp\u00e9ries. Elle va ensuite devoir \u00eatre entretenue de mani\u00e8re habituelle. Le bois exotique ou bois naturel est meilleur march\u00e9 que le bois composite.<\/div>\n<\/div><\/div><div class=\"w-separator size_medium\"><\/div><div class=\"wpb_text_column\" ><div class=\"wpb_wrapper\"><div class=\"page-merci-text QSN\">\n<h2 class=\"page-merci-title QSN\">Peut-elle \u00eatre install\u00e9e sur tout type de sols ?<\/h2>\n<div class=\"page-merci-text QSN\">Les terrasses sont pos\u00e9es sur le syst\u00e8me TERASTEEL. C&rsquo;est une structure en acier galvanis\u00e9. Cette structure permet d&rsquo;assurer \u00e0 l&rsquo;acheteur une grande durabilit\u00e9, stabilit\u00e9 et solidit\u00e9 de la terrasse. Ces terrasses ont une dur\u00e9e de vie d&rsquo;environ 25 ans. La structure facilite la pose pour les professionnels. En effet, la structure peut se poser sur tout type de sol et les fixations invisibles sont faites pour que votre terrasse soit aussi jolie qu&rsquo;isol\u00e9e. La structure va permettre de construire une terrasse en bois isol\u00e9e.<\/div>\n<\/div>\n<\/div><\/div><div class=\"w-separator size_medium\"><\/div><div class=\"w-btn-wrapper width_auto align_center\"><a class=\"w-btn us-btn-style_2\" title=\"Demander un devis\" target=\"_blank\" href=\"https:\/\/devis.eldo.com\/terrasses\/france?utm_source=gmb&amp;utm_medium=SEO&amp;utm_campaign=terrasse\" rel=\"noopener\"><span class=\"w-btn-label\">Demander un devis<\/span><\/a><\/div><div class=\"w-separator size_medium\"><\/div><div class=\"wpb_text_column\" ><div class=\"wpb_wrapper\"><div class=\"page-merci-text QSN\">\n<h2 class=\"page-merci-title QSN\">Comment remplacer sa terrasse ?<\/h2>\n<div class=\"page-merci-text QSN\">La construction d&rsquo;une terrasse r\u00e9alis\u00e9e avec cette structure permet le changement de rev\u00eatement selon vos envies. C&rsquo;est-\u00e0-dire que la structure en acier va rester, mais le rev\u00eatement peut \u00eatre remplac\u00e9. La structure permet d&rsquo;avoir des terrasses modulables et d\u00e9montables. L&rsquo;ossature en acier permet de sur\u00e9lever et isoler votre terrasse ext\u00e9rieure.<\/div>\n<\/div>\n<\/div><\/div><div class=\"w-separator size_medium\"><\/div><div class=\"wpb_text_column\" ><div class=\"wpb_wrapper\"><div class=\"page-merci-text QSN\">\n<h2 class=\"page-merci-title QSN\">La terrasse peut-elle \u00eatre uniquement en bois ?<\/h2>\n<div class=\"page-merci-text QSN\">\n<p>La terrasse bois est en vogue aujourd&rsquo;hui. Si vous n&rsquo;avez pas les m\u00eames go\u00fbts, il est possible de r\u00e9aliser un mixte carrelage\/bois, votre terrasse sera donc en carrelage.<\/p>\n<p>L&rsquo;entretien du bois est indispensable pour assurer sa long\u00e9vit\u00e9. Le bois naturel va \u00eatre r\u00e9sistant \u00e0 l&rsquo;eau de pluie, il va permettre d&rsquo;avoir un espace ext\u00e9rieur agr\u00e9able et durable.\u00a0<a href=\"https:\/\/www.eldo.com\/guide\/conseils-expert\/amenagement-du-jardin\">Un jardin-terrasse va aider \u00e0 utiliser plus souvent ses espaces ext\u00e9rieurs<\/a>.<br \/>\nContrairement \u00e0 la terrasse en b\u00e9ton, la terrasse en bois peut \u00eatre gel\u00e9e en cas de grand froid. Donc, avant de construire une terrasse en bois, il est bon de se renseigner sur les conditions climatiques de la r\u00e9gion.<\/p>\n<p>Les lames de terrasse en bois sont \u00e9galement importantes : plus la lambourde est fine et plus elle risque de se d\u00e9former. La taille ne doit donc pas \u00eatre n\u00e9glig\u00e9e pour avoir un mat\u00e9riau durable. Le bois trait\u00e9 est antid\u00e9rapant. Faire une terrasse en bois va vous faire gagner des m\u00e8tres carr\u00e9s.<\/p>\n<p>Pour poser une terrasse en bois, il faut choisir :<\/p>\n<p>\u2022 L&rsquo;essence de bois.<br \/>\n\u2022 L&rsquo;entretien-terrasse.<br \/>\n\u2022 Lames de terrasse ou dalles bois (platelage de la terrasse).<br \/>\n\u2022 Le prix-terrasse.<\/p>\n<p>Apr\u00e8s \u00e7a, il ne vous restera plus qu&rsquo;\u00e0 l\u2019am\u00e9nager comme bon vous semble. La pose d&rsquo;une belle terrasse en bois n&rsquo;est pas \u00e0 prendre \u00e0 la l\u00e9g\u00e8re, les conseils de pose sont donc pr\u00e9cieux. Cependant la pose de terrasse doit \u00eatre effectu\u00e9e par des professionnels.<\/p>\n<\/div>\n<\/div>\n<\/div><\/div><\/div><\/div><\/div><\/div><\/div><\/section><section class=\"l-section wpb_row us_custom_e91755c2 height_auto width_full with_overlay\"><div class=\"l-section-overlay\" style=\"background: #ebebeb\"><\/div><div class=\"l-section-h i-cf\"><div class=\"g-cols vc_row type_boxes valign_middle\"><div class=\"vc_col-sm-12 wpb_column vc_column_container has-fill\"><div class=\"vc_column-inner us_custom_5e94456c\"><div class=\"wpb_wrapper\"><p class=\"w-itext us_custom_6df4bc3a type_typingChars align_center\" onclick='return {&quot;duration&quot;:300,&quot;delay&quot;:2000,&quot;disablePartAnimation&quot;:false,&quot;dynamicColor&quot;:&quot;#ffffff&quot;,&quot;html_nbsp_char&quot;:true}'>Je\u00a0cherche\u00a0un\u00a0pro\u00a0\u00e0\u00a0<span class=\"w-itext-part changesat_0 changesat_1 changesat_2 changesat_3 changesat_4 dynamic\" style=\"color:#ffffff\" onclick='return [&quot;Bordeaux&quot;,&quot;Toulouse&quot;,&quot;Paris&quot;,&quot;Nantes&quot;,&quot;Marseille&quot;]'><span>Bordeaux<\/span><i class=\"w-itext-cursor\"><\/i><\/span><\/p><div class=\"w-separator size_small\"><\/div><div class=\"w-btn-wrapper width_auto align_center\"><a class=\"w-btn us-btn-style_2\" title=\"Demander un devis\" target=\"_blank\" href=\"https:\/\/devis.eldo.com\/terrasses\/france?utm_source=gmb&amp;utm_medium=SEO&amp;utm_campaign=terrasse\" rel=\"noopener\"><span class=\"w-btn-label\">Expliquer mon projet<\/span><\/a><\/div><\/div><\/div><\/div><\/div><\/div><\/section>\n","protected":false},"excerpt":{"rendered":"Les diff\u00e9rentes terrasses en bois : Comment choisir ? Les conseils d&rsquo;expert en vid\u00e9o Guides travauxPagesL&rsquo;am\u00e9nagement ext\u00e9rieur est un peu \u00e0 l&rsquo;abandon, vous avez votre jardin, mais vous ne l&rsquo;utilisez pas assez ? Construire une terrasse peut \u00eatre une tr\u00e8s bonne option pour pouvoir passer les beaux jours dehors. Demander un devisQuels bois choisir ?...","protected":false},"author":3,"featured_media":4829,"parent":4996,"menu_order":0,"comment_status":"closed","ping_status":"closed","template":"","meta":[],"page_tags":[],"_links":{"self":[{"href":"https:\/\/www.eldo.com\/guide\/wp-json\/wp\/v2\/pages\/4824"}],"collection":[{"href":"https:\/\/www.eldo.com\/guide\/wp-json\/wp\/v2\/pages"}],"about":[{"href":"https:\/\/www.eldo.com\/guide\/wp-json\/wp\/v2\/types\/page"}],"author":[{"embeddable":true,"href":"https:\/\/www.eldo.com\/guide\/wp-json\/wp\/v2\/users\/3"}],"replies":[{"embeddable":true,"href":"https:\/\/www.eldo.com\/guide\/wp-json\/wp\/v2\/comments?post=4824"}],"version-history":[{"count":5,"href":"https:\/\/www.eldo.com\/guide\/wp-json\/wp\/v2\/pages\/4824\/revisions"}],"predecessor-version":[{"id":9528,"href":"https:\/\/www.eldo.com\/guide\/wp-json\/wp\/v2\/pages\/4824\/revisions\/9528"}],"up":[{"embeddable":true,"href":"https:\/\/www.eldo.com\/guide\/wp-json\/wp\/v2\/pages\/4996"}],"wp:featuredmedia":[{"embeddable":true,"href":"https:\/\/www.eldo.com\/guide\/wp-json\/wp\/v2\/media\/4829"}],"wp:attachment":[{"href":"https:\/\/www.eldo.com\/guide\/wp-json\/wp\/v2\/media?parent=4824"}],"wp:term":[{"taxonomy":"page_tags","embeddable":true,"href":"https:\/\/www.eldo.com\/guide\/wp-json\/wp\/v2\/page_tags?post=4824"}],"curies":[{"name":"wp","href":"https:\/\/api.w.org\/{rel}","templated":true}]}}