{"id":4810,"date":"2021-07-30T09:22:50","date_gmt":"2021-07-30T09:22:50","guid":{"rendered":"https:\/\/www.eldo.com\/guide\/?page_id=4810"},"modified":"2023-11-23T11:08:29","modified_gmt":"2023-11-23T11:08:29","slug":"maison-en-pierre-comment-transformer-sa-maison-en-maison-en-pierres","status":"publish","type":"page","link":"https:\/\/www.eldo.com\/guide\/conseils-expert\/reussir-veranda","title":{"rendered":"Comment r\u00e9ussir sa v\u00e9randa"},"content":{"rendered":"<section class=\"l-section wpb_row us_custom_b51f0e30 height_auto width_full with_overlay\"><div class=\"l-section-overlay\" style=\"background: #ebebeb\"><\/div><div class=\"l-section-h i-cf\"><div class=\"g-cols vc_row type_boxes valign_middle\"><div class=\"vc_col-sm-12 wpb_column vc_column_container has-fill has_text_color\"><div class=\"vc_column-inner us_custom_97b9ae45\"><div class=\"wpb_wrapper\"><div class=\"wpb_text_column\" ><div class=\"wpb_wrapper\"><h1 class=\"page-merci-title\" style=\"text-align: center;\">Comment r\u00e9ussir sa v\u00e9randa<\/h1>\n<p style=\"text-align: center;\">Les conseils d&rsquo;expert en vid\u00e9o<\/p>\n<\/div><\/div><div class=\"w-separator size_medium\"><\/div><ol class=\"g-breadcrumbs us_custom_6556ef4c separator_icon align_left has_text_color\"><li class=\"g-breadcrumbs-item\"><a href=\"https:\/\/www.eldo.com\/guide\/\">Guides travaux<\/a><meta content=\"1\"\/><\/li><li class=\"g-breadcrumbs-separator\"><i class=\"far fa-angle-right\"><\/i><\/li><li class=\"g-breadcrumbs-item\">Pages<\/li><\/ol><\/div><\/div><\/div><\/div><\/div><\/section><section class=\"l-section wpb_row height_auto width_full\"><div class=\"l-section-h i-cf\"><div class=\"g-cols vc_row type_boxes valign_middle\"><div class=\"vc_col-sm-12 wpb_column vc_column_container has-fill\"><div class=\"vc_column-inner us_custom_4fb9e5a3\"><div class=\"wpb_wrapper\"><div class=\"w-video align_center ratio_16x9\"><div class=\"w-video-h\"><iframe src=\"\/\/www.youtube.com\/embed\/rb_IXFR_1Ig?autoplay=0&controls=1&origin=https%3A%2F%2Fwww.eldo.com%2Fguide\" allowfullscreen=\"1\"><\/iframe><\/div><div class=\"w-video-icon\" style=\"font-size:1.5rem;background:rgba(0,0,0,0.5);color:#fff;\"><\/div><\/div><\/div><\/div><\/div><\/div><\/div><\/section><section class=\"l-section wpb_row height_auto width_full\"><div class=\"l-section-h i-cf\"><div class=\"g-cols vc_row type_boxes valign_middle\"><div class=\"vc_col-sm-12 wpb_column vc_column_container\"><div class=\"vc_column-inner\"><div class=\"wpb_wrapper\"><div class=\"wpb_text_column\" ><div class=\"wpb_wrapper\"><p class=\"page-merci-title QSN\">Les v\u00e9randas sont pr\u00eates \u00e0 \u00eatre pos\u00e9es dans votre jardin. Ce sont des v\u00e9randas sur mesure fabriqu\u00e9es pour votre maison. Elles sont devenues de vrais espaces de vie. Les anciennes v\u00e9randas sont parfois mal isol\u00e9es. Aujourd&rsquo;hui les v\u00e9randas sont un vrai agrandissement de votre maison.<\/p>\n<\/div><\/div><div class=\"w-separator size_medium\"><\/div><div class=\"w-btn-wrapper width_auto align_center\"><a class=\"w-btn us-btn-style_2\" title=\"Demander un devis\" target=\"_blank\" href=\"https:\/\/devis.eldo.com\/veranda-new\/france?utm_source=gmb&amp;utm_medium=SEO&amp;utm_campaign=veranda-conseils-expert-reussir-veranda\" rel=\"noopener\"><span class=\"w-btn-label\">Demander un devis<\/span><\/a><\/div><\/div><\/div><\/div><\/div><\/div><\/section><section class=\"l-section wpb_row us_custom_e4eb24e1 height_auto width_full\"><div class=\"l-section-h i-cf\"><div class=\"g-cols vc_row type_boxes valign_middle\"><div class=\"vc_col-sm-12 wpb_column vc_column_container has-fill\"><div class=\"vc_column-inner us_custom_4fb9e5a3\"><div class=\"wpb_wrapper\"><div class=\"wpb_text_column\" ><div class=\"wpb_wrapper\"><h2 class=\"page-merci-title QSN\">La v\u00e9randa a-t-elle \u00e9volu\u00e9 ?<\/h2>\n<div class=\"page-merci-text QSN\">Le profil, la structure, les mat\u00e9riaux, tout a \u00e9volu\u00e9. Bien loin de la simple verri\u00e8re ou de la pergola, la v\u00e9randa est \u00e0 pr\u00e9sent tr\u00e8s performante au niveau de l&rsquo;isolation thermique. La bonne isolation permet de pouvoir profiter de sa v\u00e9randa en toutes saisons. Le support doit \u00eatre r\u00e9sistant pour permettre \u00e0 la v\u00e9randa de durer dans le temps. Celle-ci est toujours \u00e9quip\u00e9e de double vitrage et de rupture de ponts thermiques. Elle poss\u00e8de aussi bien des fen\u00eatres, qu\u2019une baie vitr\u00e9e, \u00e0 vous de voir. La v\u00e9randa est \u00e9galement \u00e9tanche \u00e0 l&rsquo;eau, contrairement \u00e0 la v\u00e9randa en aluminium o\u00f9 la condensation \u00e9t\u00e9 visible tr\u00e8s r\u00e9guli\u00e8rement.<\/div>\n<\/div><\/div><div class=\"w-separator size_medium\"><\/div><div class=\"wpb_text_column\" ><div class=\"wpb_wrapper\"><div class=\"page-merci-text QSN\">\n<h2 class=\"page-merci-title QSN\">Les toitures sont-elles maintenant plus isolantes ?<\/h2>\n<div class=\"page-merci-text QSN\">Les toitures pr\u00e9sentent aujourd&rsquo;hui une meilleure performance \u00e9nerg\u00e9tique qu\u2019avant, aussi bien au niveau de l&rsquo;isolation thermique, de la protection solaire ou de l&rsquo;isolation phonique. \u00c9quip\u00e9e de l\u2019ultra-phonique, la v\u00e9randa reste viable malgr\u00e9 les intemp\u00e9ries. Vous ne serez d\u00e9rang\u00e9 ni par le bruit du vent ni celui de la pluie. Gr\u00e2ce \u00e0 la toiture de v\u00e9randa, votre v\u00e9randa va devenir votre jardin d&rsquo;hiver.<\/div>\n<\/div>\n<\/div><\/div><div class=\"w-separator size_medium\"><\/div><div class=\"w-btn-wrapper width_auto align_center\"><a class=\"w-btn us-btn-style_2\" title=\"Demander un devis\" target=\"_blank\" href=\"https:\/\/devis.eldo.com\/veranda-new\/france?utm_source=gmb&amp;utm_medium=SEO&amp;utm_campaign=veranda-conseils-expert-reussir-veranda\" rel=\"noopener\"><span class=\"w-btn-label\">Demander un devis<\/span><\/a><\/div><div class=\"w-separator size_medium\"><\/div><div class=\"wpb_text_column\" ><div class=\"wpb_wrapper\"><div class=\"page-merci-text QSN\">\n<h2 class=\"page-merci-title QSN\">La v\u00e9randa est-elle devenue une nouvelle pi\u00e8ce de vie ?<\/h2>\n<div class=\"page-merci-text QSN\">Certaines v\u00e9randas sont \u00e9quip\u00e9es de volets coulissants pour permettre \u00e0 celles-ci de devenir un nouvel espace de vie. La v\u00e9randa devient parfois une vraie extension de la maison, l&rsquo;habitat \u00e9tant enti\u00e8rement ouvert sur la v\u00e9randa. Les volets roulants garantissent donc une meilleure s\u00e9curit\u00e9 \u00e0 cette nouvelle pi\u00e8ce.<\/div>\n<\/div>\n<\/div><\/div><div class=\"w-separator size_medium\"><\/div><div class=\"wpb_text_column\" ><div class=\"wpb_wrapper\"><div class=\"page-merci-text QSN\">\n<h2 class=\"page-merci-title QSN\">Quelles sont les options propos\u00e9es pour une v\u00e9randa actuelle ?<\/h2>\n<div class=\"page-merci-text QSN\">Les stores ext\u00e9rieurs peuvent \u00eatre une tr\u00e8s bonne option pour la protection solaire. Ces derniers laissent passer la lumi\u00e8re sans laisser entrer la chaleur. Aujourd&rsquo;hui construire sa v\u00e9randa est synonyme d&rsquo;agrandir sa maison.<br \/>\nUn \u00e9clairage \u00e0 LED peut \u00eatre int\u00e9gr\u00e9 dans la v\u00e9randa. Des stores int\u00e9rieurs ou ext\u00e9rieurs peuvent permettre de la prot\u00e9ger. La v\u00e9randa peut aussi \u00eatre cr\u00e9\u00e9e autour du spa, dans ce cas-l\u00e0, c&rsquo;est une cr\u00e9ation d&rsquo;un vrai espace spa.<br \/>\nLa v\u00e9randa permet de faire gagner des m\u00e8tres carr\u00e9s \u00e0 notre maison. \u00c9quip\u00e9e de baies vitr\u00e9es, elle laisse place \u00e0 des puits de lumi\u00e8re tout \u00e0 fait exceptionnels. Agrandir la maison avec un espace que l&rsquo;on peut utiliser tout au long de l&rsquo;ann\u00e9e et dot\u00e9 d&rsquo;une grande performance thermique, c&rsquo;est une vraie plus-value.<br \/>\nUn projet de construction pour une v\u00e9randa ? Profitez de ce projet pour effectuer un agrandissement de maison. Vous allez faire construire une pi\u00e8ce \u00e0 part enti\u00e8re, qui va amener beaucoup de luminosit\u00e9 \u00e0 votre habitat. Gr\u00e2ce \u00e0 la rupture des ponts thermiques, la pose de v\u00e9randa vous garantira un vrai confort thermique.\u00a0<a href=\"https:\/\/www.eldo.com\/guide\/conseils-expert\/amenagement-du-jardin\">L&rsquo;am\u00e9nagement ext\u00e9rieur de votre maison<\/a>\u00a0est important, une extension de maison au prix d&rsquo;une v\u00e9randa peut \u00eatre une tr\u00e8s bonne option. Une surface habitable de plus pour cr\u00e9er un nouveau\u00a0<a href=\"https:\/\/www.eldo.com\/guide\/conseils-expert\/salon-jardin\">salon de jardin<\/a>. Attention, elle n\u00e9cessite un permis de construire.<\/div>\n<\/div>\n<\/div><\/div><\/div><\/div><\/div><\/div><\/div><\/section><section class=\"l-section wpb_row us_custom_e91755c2 height_auto width_full with_overlay\"><div class=\"l-section-overlay\" style=\"background: #ebebeb\"><\/div><div class=\"l-section-h i-cf\"><div class=\"g-cols vc_row type_boxes valign_middle\"><div class=\"vc_col-sm-12 wpb_column vc_column_container has-fill\"><div class=\"vc_column-inner us_custom_e766c619\"><div class=\"wpb_wrapper\"><p class=\"w-itext us_custom_6df4bc3a type_typingChars align_center\" onclick='return {&quot;duration&quot;:300,&quot;delay&quot;:2000,&quot;disablePartAnimation&quot;:false,&quot;dynamicColor&quot;:&quot;#ffffff&quot;,&quot;html_nbsp_char&quot;:true}'>Je\u00a0cherche\u00a0un\u00a0pro\u00a0\u00e0\u00a0<span class=\"w-itext-part changesat_0 changesat_1 changesat_2 changesat_3 changesat_4 dynamic\" style=\"color:#ffffff\" onclick='return [&quot;Bordeaux&quot;,&quot;Toulouse&quot;,&quot;Paris&quot;,&quot;Nantes&quot;,&quot;Marseille&quot;]'><span>Bordeaux<\/span><i class=\"w-itext-cursor\"><\/i><\/span><\/p><div class=\"w-separator size_small\"><\/div><div class=\"w-btn-wrapper width_auto align_center\"><a class=\"w-btn us-btn-style_2\" title=\"Demander un devis\" target=\"_blank\" href=\"https:\/\/devis.eldo.com\/veranda-new\/france?utm_source=gmb&amp;utm_medium=SEO&amp;utm_campaign=veranda-conseils-expert-reussir-veranda\" rel=\"noopener\"><span class=\"w-btn-label\">Expliquer mon projet<\/span><\/a><\/div><\/div><\/div><\/div><\/div><\/div><\/section>\n","protected":false},"excerpt":{"rendered":"Comment r\u00e9ussir sa v\u00e9randa Les conseils d&rsquo;expert en vid\u00e9o Guides travauxPagesLes v\u00e9randas sont pr\u00eates \u00e0 \u00eatre pos\u00e9es dans votre jardin. Ce sont des v\u00e9randas sur mesure fabriqu\u00e9es pour votre maison. Elles sont devenues de vrais espaces de vie. Les anciennes v\u00e9randas sont parfois mal isol\u00e9es. Aujourd&rsquo;hui les v\u00e9randas sont un vrai agrandissement de votre maison....","protected":false},"author":3,"featured_media":4815,"parent":4996,"menu_order":0,"comment_status":"closed","ping_status":"closed","template":"","meta":[],"page_tags":[],"_links":{"self":[{"href":"https:\/\/www.eldo.com\/guide\/wp-json\/wp\/v2\/pages\/4810"}],"collection":[{"href":"https:\/\/www.eldo.com\/guide\/wp-json\/wp\/v2\/pages"}],"about":[{"href":"https:\/\/www.eldo.com\/guide\/wp-json\/wp\/v2\/types\/page"}],"author":[{"embeddable":true,"href":"https:\/\/www.eldo.com\/guide\/wp-json\/wp\/v2\/users\/3"}],"replies":[{"embeddable":true,"href":"https:\/\/www.eldo.com\/guide\/wp-json\/wp\/v2\/comments?post=4810"}],"version-history":[{"count":7,"href":"https:\/\/www.eldo.com\/guide\/wp-json\/wp\/v2\/pages\/4810\/revisions"}],"predecessor-version":[{"id":10282,"href":"https:\/\/www.eldo.com\/guide\/wp-json\/wp\/v2\/pages\/4810\/revisions\/10282"}],"up":[{"embeddable":true,"href":"https:\/\/www.eldo.com\/guide\/wp-json\/wp\/v2\/pages\/4996"}],"wp:featuredmedia":[{"embeddable":true,"href":"https:\/\/www.eldo.com\/guide\/wp-json\/wp\/v2\/media\/4815"}],"wp:attachment":[{"href":"https:\/\/www.eldo.com\/guide\/wp-json\/wp\/v2\/media?parent=4810"}],"wp:term":[{"taxonomy":"page_tags","embeddable":true,"href":"https:\/\/www.eldo.com\/guide\/wp-json\/wp\/v2\/page_tags?post=4810"}],"curies":[{"name":"wp","href":"https:\/\/api.w.org\/{rel}","templated":true}]}}