{"id":4802,"date":"2021-07-30T08:47:46","date_gmt":"2021-07-30T08:47:46","guid":{"rendered":"https:\/\/www.eldo.com\/guide\/?page_id=4802"},"modified":"2023-11-30T13:57:41","modified_gmt":"2023-11-30T13:57:41","slug":"comment-choisir-sa-piscine","status":"publish","type":"page","link":"https:\/\/www.eldo.com\/guide\/conseils-expert\/choisir-piscine","title":{"rendered":"Comment choisir sa piscine ?"},"content":{"rendered":"<section class=\"l-section wpb_row us_custom_b51f0e30 height_auto width_full with_overlay\"><div class=\"l-section-overlay\" style=\"background: #ebebeb\"><\/div><div class=\"l-section-h i-cf\"><div class=\"g-cols vc_row type_boxes valign_middle\"><div class=\"vc_col-sm-12 wpb_column vc_column_container has-fill has_text_color\"><div class=\"vc_column-inner us_custom_ff392793\"><div class=\"wpb_wrapper\"><div class=\"wpb_text_column\" ><div class=\"wpb_wrapper\"><h1 class=\"page-merci-title\" style=\"text-align: center;\">Comment choisir sa piscine ?<\/h1>\n<p style=\"text-align: center;\">Les conseils d&rsquo;expert en vid\u00e9o<\/p>\n<\/div><\/div><div class=\"w-separator size_medium\"><\/div><ol class=\"g-breadcrumbs us_custom_6556ef4c separator_icon align_left has_text_color\"><li class=\"g-breadcrumbs-item\"><a href=\"https:\/\/www.eldo.com\/guide\/\">Guides travaux<\/a><meta content=\"1\"\/><\/li><li class=\"g-breadcrumbs-separator\"><i class=\"far fa-angle-right\"><\/i><\/li><li class=\"g-breadcrumbs-item\">Pages<\/li><\/ol><\/div><\/div><\/div><\/div><\/div><\/section><section class=\"l-section wpb_row height_auto width_full\"><div class=\"l-section-h i-cf\"><div class=\"g-cols vc_row type_boxes valign_middle\"><div class=\"vc_col-sm-12 wpb_column vc_column_container has-fill\"><div class=\"vc_column-inner us_custom_4fb9e5a3\"><div class=\"wpb_wrapper\"><div class=\"w-video align_center ratio_16x9\"><div class=\"w-video-h\"><iframe src=\"\/\/www.youtube.com\/embed\/wVI-LcbLIks?autoplay=0&controls=1&origin=https%3A%2F%2Fwww.eldo.com%2Fguide\" allowfullscreen=\"1\"><\/iframe><\/div><div class=\"w-video-icon\" style=\"font-size:1.5rem;background:rgba(0,0,0,0.5);color:#fff;\"><\/div><\/div><\/div><\/div><\/div><\/div><\/div><\/section><section class=\"l-section wpb_row height_auto width_full\"><div class=\"l-section-h i-cf\"><div class=\"g-cols vc_row type_boxes valign_middle\"><div class=\"vc_col-sm-12 wpb_column vc_column_container\"><div class=\"vc_column-inner\"><div class=\"wpb_wrapper\"><div class=\"wpb_text_column\" ><div class=\"wpb_wrapper\"><p class=\"page-merci-title QSN\">Tout d\u2019abord, il faut choisir entre :<\/p>\n<ul>\n<li>Une piscine.<\/li>\n<li>Une piscine et un spa.<\/li>\n<li>Un spa de nage.<\/li>\n<li>Une piscine et un spa de nage.<\/li>\n<\/ul>\n<p class=\"page-merci-title QSN\">Parce qu&rsquo;aujourd&rsquo;hui le spa peut remplacer une piscine.<br \/>\nFaut-il aussi construire une v\u00e9randa ? Un jardin-terrasse ? O\u00f9 placer la piscine dans votre jardin ? Faut-il un abri de piscine ? Une pataugeoire ? Grand terrain donc grande piscine ? Quel syst\u00e8me de filtration choisir ? Acheter une petite piscine permet de la nettoyer moins souvent ? Profonde ou peu profonde ? Ma piscine sera-t-elle compliqu\u00e9e \u00e0 entretenir ?<br \/>\nPour construire sa piscine il faut faire le bon choix, d&rsquo;une part pour que l&rsquo;entretien ne soit pas trop contraignant, et d&rsquo;autre part pour que votre piscine soit adapt\u00e9e \u00e0 votre jardin.<\/p>\n<\/div><\/div><div class=\"w-separator size_medium\"><\/div><div class=\"w-btn-wrapper width_auto align_center\"><a class=\"w-btn us-btn-style_2\" title=\"Demander un devis\" target=\"_blank\" href=\"https:\/\/devis.eldo.com\/piscine-new\/france?utm_source=gmb&amp;utm_medium=SEO&amp;utm_campaign=piscine-conseils-expert-choisir-piscine\" rel=\"noopener\"><span class=\"w-btn-label\">Demander un devis<\/span><\/a><\/div><\/div><\/div><\/div><\/div><\/div><\/section><section class=\"l-section wpb_row us_custom_e4eb24e1 height_auto width_full\"><div class=\"l-section-h i-cf\"><div class=\"g-cols vc_row type_boxes valign_middle\"><div class=\"vc_col-sm-12 wpb_column vc_column_container has-fill\"><div class=\"vc_column-inner us_custom_4fb9e5a3\"><div class=\"wpb_wrapper\"><div class=\"wpb_text_column\" ><div class=\"wpb_wrapper\"><h2 class=\"page-merci-title QSN\">La piscine est-elle proportionnelle \u00e0 votre jardin ?<\/h2>\n<div class=\"page-merci-text QSN\">L&rsquo;am\u00e9nagement de votre ext\u00e9rieur doit \u00eatre analys\u00e9. Bien s\u00fbr, il faudra demander un permis de construire, mais il faut aussi analyser les contraintes d\u2019acc\u00e8s. L&rsquo;installation va d\u00e9pendre de la nature de votre sol, car il existe des sols compliqu\u00e9s pour l&rsquo;implantation, comme les sols argileux. La coque polyester est adapt\u00e9e au terrain difficile. Equip\u00e9e d&rsquo;une tuyauterie souple qui suit les mouvements, les piscines peuvent \u00eatre install\u00e9es \u00e0 peu pr\u00e8s partout. Le liner piscine laisse place \u00e0 la coque de polyester pour plus de praticit\u00e9 et une meilleure solidit\u00e9. Installer une piscine dans un grand jardin cela ne veut pas forc\u00e9ment dire installer une grande piscine. L&rsquo;essentiel est de savoir quel usage vous comptez en faire.<\/div>\n<\/div><\/div><div class=\"w-separator size_medium\"><\/div><div class=\"wpb_text_column\" ><div class=\"wpb_wrapper\"><div class=\"page-merci-text QSN\">\n<h2 class=\"page-merci-title QSN\">Quelles sont les contraintes techniques ?<\/h2>\n<div class=\"page-merci-text QSN\">Toutes les techniques d&rsquo;installation de piscine sont bonnes, du moment que le cahier des charges est bien respect\u00e9. Est-ce que toute la famille va se baigner ? Combien de temps comptent-ils utiliser leur piscine dans l&rsquo;ann\u00e9e ? Uniquement aux beaux jours ou tout le long de l&rsquo;ann\u00e9e ? Quels est l&rsquo;\u00e2ge des baigneurs ? Toutes ses questions doivent \u00eatre pos\u00e9es avant de choisir la piscine de vos r\u00eaves.<br \/>\nUne piscine peut \u00eatre polyvalente. Dans ce cas on oublie le fond plat et on opte pour le fond progressif. La piscine va donc devenir un espace d\u00e9tente o\u00f9 on peut s&rsquo;immerger tout en ayant pied. La surface de nage va varier selon que vous ayez de jeunes enfants, ou si vous \u00eates plut\u00f4t grand nageur (couloir de nage). Si le bassin est familial, la profondeur va \u00eatre plus importante pour plonger en toute s\u00e9curit\u00e9 par exemple.<\/div>\n<\/div>\n<\/div><\/div><div class=\"w-separator size_medium\"><\/div><div class=\"w-btn-wrapper width_auto align_center\"><a class=\"w-btn us-btn-style_2\" title=\"Demander un devis\" target=\"_blank\" href=\"https:\/\/devis.eldo.com\/piscine-new\/france?utm_source=gmb&amp;utm_medium=SEO&amp;utm_campaign=piscine-conseils-expert-choisir-piscine\" rel=\"noopener\"><span class=\"w-btn-label\">Demander un devis<\/span><\/a><\/div><div class=\"w-separator size_medium\"><\/div><div class=\"wpb_text_column\" ><div class=\"wpb_wrapper\"><div class=\"page-merci-text QSN\">\n<h2 class=\"page-merci-title QSN\">Comment chauffer sa piscine ?<\/h2>\n<div class=\"page-merci-text QSN\"><a href=\"https:\/\/www.eldo.com\/guide\/conseils-expert\/construire-piscine\">Construire une piscine<\/a>, c&rsquo;est oublier la piscine en kit et la piscine gonflable, on entre dans la cour des grands en construisant une piscine creus\u00e9e.<br \/>\nPour les plus frileux, chauffer le bassin est une chose possible. Il suffit d&rsquo;installer une pompe \u00e0 chaleur \u00e0 l&rsquo;int\u00e9rieur de sa piscine. La pompe \u00e0 chaleur va r\u00e9cup\u00e9rer les calories dans l&rsquo;air, l&rsquo;air ne doit pas donc pas \u00eatre trop froid. Couvrir sa piscine avec une b\u00e2che de protection est aussi une bonne option pour la chauffer.<\/div>\n<\/div>\n<\/div><\/div><div class=\"w-separator size_medium\"><\/div><div class=\"wpb_text_column\" ><div class=\"wpb_wrapper\"><div class=\"page-merci-text QSN\">\n<h2 class=\"page-merci-title QSN\">Quelles sont les normes de s\u00e9curisation ?<\/h2>\n<div class=\"page-merci-text QSN\">\n<p>La s\u00e9curisation va de pair avec l&rsquo;isolation de la piscine. La b\u00e2che \u00e0 bulle ou rideau flottant vont contribuer \u00e0 s\u00e9curiser la piscine tout en l&rsquo;isolant du froid. La loi impose 4 normes de s\u00e9curit\u00e9 depuis 2004, \u00e0 savoir :<\/p>\n<ul>\n<li>Les alarmes.<\/li>\n<li>Rideaux ou b\u00e2che piscine.<\/li>\n<li><a href=\"https:\/\/www.eldo.com\/guide\/conseils-expert\/abri-de-piscine\">Abris<\/a>.<\/li>\n<li>Barri\u00e8re.<\/li>\n<\/ul>\n<p>Lorsqu&rsquo;on investit dans une piscine, il est imp\u00e9ratif d&rsquo;\u00eatre en possession d&rsquo;un de ces quatre produits normalis\u00e9s. La b\u00e2che reste la plus efficace, elle va prot\u00e9ger la piscine du froid, des salissures et de la noyade.<br \/>\nL&rsquo;habillage de la piscine doit aussi \u00eatre pens\u00e9 en aval.<\/p>\n<\/div>\n<\/div>\n<\/div><\/div><div class=\"w-separator size_medium\"><\/div><div class=\"wpb_text_column\" ><div class=\"wpb_wrapper\"><div class=\"page-merci-text QSN\">\n<h2 class=\"page-merci-title QSN\">Quelles innovations voient le jour ?<\/h2>\n<div class=\"page-merci-text QSN\">Une fois le dispositif de s\u00e9curit\u00e9 respect\u00e9, la surface de nage d\u00e9finie et l&rsquo;esth\u00e9tique choisie, comment entretenir votre piscine ?<br \/>\nVous pouvez investir dans un robot piscine (ou autres accessoires de piscine), qui nettoiera votre piscine presque tout seul. La b\u00e2che est aussi pr\u00e9sente pour que votre bassin garde l&rsquo;eau plus nette. Les accessoires de piscine sont donc indispensables.<br \/>\nIl \u00e0 pr\u00e9sent possible de g\u00e9rer le dosage des produits chimiques et la temp\u00e9rature de l&rsquo;eau de la piscine, depuis votre smartphone. Une sonde est pr\u00e9sente dans la piscine pour analyser tous les param\u00e8tres. Tout peut aujourd&rsquo;hui s&rsquo;anticiper pour que vous puissiez nager \u00e0 bonne temp\u00e9rature. Les pompes peuvent permettre de faire des \u00e9conomies et peuvent \u00eatre aussi command\u00e9es \u00e0 distance. Les piscines nouvelle g\u00e9n\u00e9ration offrent plus de plaisir, et moins de consommation.<\/div>\n<\/div>\n<\/div><\/div><\/div><\/div><\/div><\/div><\/div><\/section><section class=\"l-section wpb_row us_custom_e91755c2 height_auto width_full with_overlay\"><div class=\"l-section-overlay\" style=\"background: #ebebeb\"><\/div><div class=\"l-section-h i-cf\"><div class=\"g-cols vc_row type_boxes valign_middle\"><div class=\"vc_col-sm-12 wpb_column vc_column_container has-fill\"><div class=\"vc_column-inner us_custom_a3420541\"><div class=\"wpb_wrapper\"><p class=\"w-itext us_custom_6df4bc3a type_typingChars align_center\" onclick='return {&quot;duration&quot;:300,&quot;delay&quot;:2000,&quot;disablePartAnimation&quot;:false,&quot;dynamicColor&quot;:&quot;#ffffff&quot;,&quot;html_nbsp_char&quot;:true}'>Je\u00a0cherche\u00a0un\u00a0pro\u00a0\u00e0\u00a0<span class=\"w-itext-part changesat_0 changesat_1 changesat_2 changesat_3 changesat_4 dynamic\" style=\"color:#ffffff\" onclick='return [&quot;Bordeaux&quot;,&quot;Toulouse&quot;,&quot;Paris&quot;,&quot;Nantes&quot;,&quot;Marseille&quot;]'><span>Bordeaux<\/span><i class=\"w-itext-cursor\"><\/i><\/span><\/p><div class=\"w-separator size_small\"><\/div><div class=\"w-btn-wrapper width_auto align_center\"><a class=\"w-btn us-btn-style_2\" title=\"Demander un devis\" target=\"_blank\" href=\"https:\/\/devis.eldo.com\/piscine-new\/france?utm_source=gmb&amp;utm_medium=SEO&amp;utm_campaign=piscine-conseils-expert-choisir-piscine\" rel=\"noopener\"><span class=\"w-btn-label\">Expliquer mon projet<\/span><\/a><\/div><\/div><\/div><\/div><\/div><\/div><\/section>\n","protected":false},"excerpt":{"rendered":"Comment choisir sa piscine ? Les conseils d&rsquo;expert en vid\u00e9o Guides travauxPagesTout d\u2019abord, il faut choisir entre : Une piscine. Une piscine et un spa. Un spa de nage. Une piscine et un spa de nage. Parce qu&rsquo;aujourd&rsquo;hui le spa peut remplacer une piscine. Faut-il aussi construire une v\u00e9randa ? Un jardin-terrasse ? O\u00f9 placer...","protected":false},"author":3,"featured_media":4803,"parent":4996,"menu_order":0,"comment_status":"closed","ping_status":"closed","template":"","meta":[],"page_tags":[],"_links":{"self":[{"href":"https:\/\/www.eldo.com\/guide\/wp-json\/wp\/v2\/pages\/4802"}],"collection":[{"href":"https:\/\/www.eldo.com\/guide\/wp-json\/wp\/v2\/pages"}],"about":[{"href":"https:\/\/www.eldo.com\/guide\/wp-json\/wp\/v2\/types\/page"}],"author":[{"embeddable":true,"href":"https:\/\/www.eldo.com\/guide\/wp-json\/wp\/v2\/users\/3"}],"replies":[{"embeddable":true,"href":"https:\/\/www.eldo.com\/guide\/wp-json\/wp\/v2\/comments?post=4802"}],"version-history":[{"count":7,"href":"https:\/\/www.eldo.com\/guide\/wp-json\/wp\/v2\/pages\/4802\/revisions"}],"predecessor-version":[{"id":10391,"href":"https:\/\/www.eldo.com\/guide\/wp-json\/wp\/v2\/pages\/4802\/revisions\/10391"}],"up":[{"embeddable":true,"href":"https:\/\/www.eldo.com\/guide\/wp-json\/wp\/v2\/pages\/4996"}],"wp:featuredmedia":[{"embeddable":true,"href":"https:\/\/www.eldo.com\/guide\/wp-json\/wp\/v2\/media\/4803"}],"wp:attachment":[{"href":"https:\/\/www.eldo.com\/guide\/wp-json\/wp\/v2\/media?parent=4802"}],"wp:term":[{"taxonomy":"page_tags","embeddable":true,"href":"https:\/\/www.eldo.com\/guide\/wp-json\/wp\/v2\/page_tags?post=4802"}],"curies":[{"name":"wp","href":"https:\/\/api.w.org\/{rel}","templated":true}]}}