{"id":4798,"date":"2021-07-30T08:34:03","date_gmt":"2021-07-30T08:34:03","guid":{"rendered":"https:\/\/www.eldo.com\/guide\/?page_id=4798"},"modified":"2021-08-09T14:31:06","modified_gmt":"2021-08-09T14:31:06","slug":"comment-choisir-son-salon-de-jardin","status":"publish","type":"page","link":"https:\/\/www.eldo.com\/guide\/conseils-expert\/salon-jardin","title":{"rendered":"Comment choisir son salon de jardin ?"},"content":{"rendered":"<section class=\"l-section wpb_row us_custom_b51f0e30 height_auto width_full with_overlay\"><div class=\"l-section-overlay\" style=\"background: #ebebeb\"><\/div><div class=\"l-section-h i-cf\"><div class=\"g-cols vc_row type_boxes valign_middle\"><div class=\"vc_col-sm-12 wpb_column vc_column_container has-fill has_text_color\"><div class=\"vc_column-inner us_custom_5db5649d\"><div class=\"wpb_wrapper\"><div class=\"wpb_text_column\" ><div class=\"wpb_wrapper\"><h1 class=\"page-merci-title\" style=\"text-align: center;\">Comment choisir son salon de jardin ?<\/h1>\n<p style=\"text-align: center;\">Les conseils d&rsquo;expert en vid\u00e9o<\/p>\n<\/div><\/div><div class=\"w-separator size_medium\"><\/div><ol class=\"g-breadcrumbs us_custom_6556ef4c separator_icon align_left has_text_color\"><li class=\"g-breadcrumbs-item\"><a href=\"https:\/\/www.eldo.com\/guide\/\">Guides travaux<\/a><meta content=\"1\"\/><\/li><li class=\"g-breadcrumbs-separator\"><i class=\"far fa-angle-right\"><\/i><\/li><li class=\"g-breadcrumbs-item\">Pages<\/li><\/ol><\/div><\/div><\/div><\/div><\/div><\/section><section class=\"l-section wpb_row height_auto width_full\"><div class=\"l-section-h i-cf\"><div class=\"g-cols vc_row type_boxes valign_middle\"><div class=\"vc_col-sm-12 wpb_column vc_column_container has-fill\"><div class=\"vc_column-inner us_custom_4fb9e5a3\"><div class=\"wpb_wrapper\"><div class=\"w-video align_center ratio_16x9\"><div class=\"w-video-h\"><iframe src=\"\/\/www.youtube.com\/embed\/kI7s49W92-4?autoplay=0&controls=1&origin=https%3A%2F%2Fwww.eldo.com%2Fguide\" allowfullscreen=\"1\"><\/iframe><\/div><div class=\"w-video-icon\" style=\"font-size:1.5rem;background:rgba(0,0,0,0.5);color:#fff;\"><\/div><\/div><\/div><\/div><\/div><\/div><\/div><\/section><section class=\"l-section wpb_row height_auto width_full\"><div class=\"l-section-h i-cf\"><div class=\"g-cols vc_row type_boxes valign_middle\"><div class=\"vc_col-sm-12 wpb_column vc_column_container\"><div class=\"vc_column-inner\"><div class=\"wpb_wrapper\"><div class=\"wpb_text_column\" ><div class=\"wpb_wrapper\"><p class=\"page-merci-title QSN\">A l\u2019approche des beaux jours, l\u2019am\u00e9nagement du jardin et des espaces ext\u00e9rieurs prend toute son importance. Aur\u00e9lie et Gr\u00e9gory, du magasin Tables &amp; Chaises \u00e0 Puygouzon, pr\u00e8s d\u2019Albi, vous donnent leurs meilleurs conseils pour bien choisir son salon de jardin.<\/p>\n<p>Sp\u00e9cialistes du mobilier int\u00e9rieur et ext\u00e9rieur, ces deux passionn\u00e9s travaillent exclusivement avec des produits de qualit\u00e9, fabriqu\u00e9s en Europe : tables et chaises sont con\u00e7us pour durer et faire du jardin un v\u00e9ritable espace de vie, aussi beau que confortable.<\/p>\n<\/div><\/div><div class=\"w-separator size_medium\"><\/div><div class=\"w-btn-wrapper width_auto align_center\"><a class=\"w-btn us-btn-style_2\" title=\"Demander un devis\" target=\"_blank\" href=\"https:\/\/www.eldo.com\/demande-devis?utm_source=google&amp;utm_medium=guide&amp;utm_campaign=jardin&amp;via=guide-salon-de-jardin?idc=48\" rel=\"noopener\"><span class=\"w-btn-label\">Demander un devis<\/span><\/a><\/div><\/div><\/div><\/div><\/div><\/div><\/section><section class=\"l-section wpb_row us_custom_e4eb24e1 height_auto width_full\"><div class=\"l-section-h i-cf\"><div class=\"g-cols vc_row type_boxes valign_middle\"><div class=\"vc_col-sm-12 wpb_column vc_column_container has-fill\"><div class=\"vc_column-inner us_custom_4fb9e5a3\"><div class=\"wpb_wrapper\"><div class=\"wpb_text_column\" ><div class=\"wpb_wrapper\"><h2 class=\"page-merci-title QSN\">Choisir son salon de jardin : quels mat\u00e9riaux ?<\/h2>\n<div class=\"page-merci-text QSN\">\n<p>La r\u00e9sine est une bonne alternative au bois, un mat\u00e9riau r\u00e9sistant mais qui demande beaucoup d\u2019entretien. Opter pour un salon de jardin en bois, en tek par exemple, n\u00e9cessite de se poser les bonnes questions.<\/p>\n<p>Pour bien choisir le mobilier ext\u00e9rieur bois, on doit tout d\u2019abord s\u2019assurer que le bois poss\u00e8de le label PEFC. Cette norme indique que le bois produit est issu d\u2019une gestion durable des for\u00eats : arbre replant\u00e9 \u00e0 chaque coupe, s\u00e9lection des arbres utilis\u00e9s pour produire un maximum de produits (lames de terrasse, tables\u2026) avec un minimum de d\u00e9chets.<\/p>\n<p>La r\u00e9sine, en revanche, est particuli\u00e8rement r\u00e9sistante : tables et chaises de jardin peuvent ainsi \u00eatre laiss\u00e9s \u00e0 l\u2019ext\u00e9rieur, sans le couvrir. Un simple nettoyage \u00e0 l\u2019eau suffit pour que votre salon de jardin retrouve ses couleurs d\u2019origine. D\u2019autant plus que les r\u00e9sine de type Durel Top sont r\u00e9sistantes aux UV.<\/p>\n<p>Dans tous les cas, l\u2019int\u00e9r\u00eat est de choisir des mat\u00e9riaux de qualit\u00e9, haut-de-gamme et durables : on pourra alors changer une toile, r\u00e9assortir ou compl\u00e9ter les \u00e9l\u00e9ments au fil du temps.<\/p>\n<\/div>\n<\/div><\/div><div class=\"w-separator size_medium\"><\/div><div class=\"wpb_text_column\" ><div class=\"wpb_wrapper\"><div class=\"page-merci-text QSN\">\n<h2 class=\"page-merci-title QSN\">Am\u00e9nager son salon de jardin : s\u00e9curit\u00e9 et confort<\/h2>\n<div class=\"page-merci-text QSN\">\n<p>Opter pour des \u00e9l\u00e9ments modulables permettra de faire face \u00e0 toutes les situations : il est ainsi possible de choisir des tables \u00e0 rallonges, permettant d\u2019accueillir ponctuellement un plus grand nombre de convives.<\/p>\n<p>C\u00f4t\u00e9 s\u00e9curit\u00e9, n\u2019oubliez pas que le poids est tr\u00e8s important ! Pour les jardins situ\u00e9s dans un environnement expos\u00e9 aux vents, il est pr\u00e9f\u00e9rable de choisir des mat\u00e9riaux lourds et de v\u00e9rifier le leste pour les parasols.<\/p>\n<\/div>\n<\/div>\n<\/div><\/div><div class=\"w-separator size_medium\"><\/div><div class=\"w-btn-wrapper width_auto align_center\"><a class=\"w-btn us-btn-style_2\" title=\"Demander un devis\" target=\"_blank\" href=\"https:\/\/www.eldo.com\/demande-devis?utm_source=google&amp;utm_medium=guide&amp;utm_campaign=jardin&amp;via=guide-salon-de-jardin?idc=48\" rel=\"noopener\"><span class=\"w-btn-label\">Demander un devis<\/span><\/a><\/div><div class=\"w-separator size_medium\"><\/div><div class=\"wpb_text_column\" ><div class=\"wpb_wrapper\"><div class=\"page-merci-text QSN\">\n<h2 class=\"page-merci-title QSN\">Les tendances d\u00e9co du salon de jardin<\/h2>\n<div class=\"page-merci-text QSN\">\n<p>Aujourd\u2019hui, c\u2019est la couleur qui a le vent en poupe ! Qu\u2019il s\u2019agisse de touche de couleurs apport\u00e9es par des accessoires de d\u00e9coration (coussin, plaids, lampe color\u00e9e \u00e0 poser sur la terrasse\u2026) ou de la couleur du mobilier en lui-m\u00eame, le jaune curry et les tons pastel sont au c\u0153ur de la tendance : vert d\u2019eau, bleu clair, rose poudr\u00e9.<\/p>\n<p>Le mobilier ext\u00e9rieur ne se limite pas \u00e0 une table et quelques chaises ! Canap\u00e9, bain de soleil, fauteuils, banquette lounge, table basse sont autant de possibilit\u00e9s pour transformer le jardin en une v\u00e9ritable pi\u00e8ce de vie suppl\u00e9mentaire<\/p>\n<p>Comme en d\u00e9coration int\u00e9rieure, les accessoires sont la touche finale, qui apportent un suppl\u00e9ment d\u2019\u00e2me \u00e0 l\u2019ensemble et permet de transformer une simple terrasse en un salon chaleureux. La tendance est donc aux accessoires : lampes et accessoires connect\u00e9s permettent par exemple de profiter de la musique au bord de la piscine.<\/p>\n<p>Demandez votre devis d&rsquo;am\u00e9nagement pour votre jardin :<\/p>\n<\/div>\n<\/div>\n<\/div><\/div><\/div><\/div><\/div><\/div><\/div><\/section><section class=\"l-section wpb_row us_custom_e91755c2 height_auto width_full with_overlay\"><div class=\"l-section-overlay\" style=\"background: #ebebeb\"><\/div><div class=\"l-section-h i-cf\"><div class=\"g-cols vc_row type_boxes valign_middle\"><div class=\"vc_col-sm-12 wpb_column vc_column_container has-fill\"><div class=\"vc_column-inner us_custom_c0340ecb\"><div class=\"wpb_wrapper\"><p class=\"w-itext us_custom_6df4bc3a type_typingChars align_center\" onclick='return {&quot;duration&quot;:300,&quot;delay&quot;:2000,&quot;disablePartAnimation&quot;:false,&quot;dynamicColor&quot;:&quot;#ffffff&quot;,&quot;html_nbsp_char&quot;:true}'>Je\u00a0cherche\u00a0un\u00a0pro\u00a0\u00e0\u00a0<span class=\"w-itext-part changesat_0 changesat_1 changesat_2 changesat_3 changesat_4 dynamic\" style=\"color:#ffffff\" onclick='return [&quot;Bordeaux&quot;,&quot;Toulouse&quot;,&quot;Paris&quot;,&quot;Nantes&quot;,&quot;Marseille&quot;]'><span>Bordeaux<\/span><i class=\"w-itext-cursor\"><\/i><\/span><\/p><div class=\"w-separator size_small\"><\/div><div class=\"w-btn-wrapper width_auto align_center\"><a class=\"w-btn us-btn-style_2\" title=\"Demander un devis\" target=\"_blank\" href=\"https:\/\/www.eldo.com\/demande-devis?utm_source=google&amp;utm_medium=guide&amp;utm_campaign=jardin&amp;via=guide-salon-de-jardin?idc=48\" rel=\"noopener\"><span class=\"w-btn-label\">Expliquer mon projet<\/span><\/a><\/div><\/div><\/div><\/div><\/div><\/div><\/section>\n","protected":false},"excerpt":{"rendered":"Comment choisir son salon de jardin ? Les conseils d&rsquo;expert en vid\u00e9o Guides travauxPagesA l\u2019approche des beaux jours, l\u2019am\u00e9nagement du jardin et des espaces ext\u00e9rieurs prend toute son importance. Aur\u00e9lie et Gr\u00e9gory, du magasin Tables &amp; Chaises \u00e0 Puygouzon, pr\u00e8s d\u2019Albi, vous donnent leurs meilleurs conseils pour bien choisir son salon de jardin. Sp\u00e9cialistes du...","protected":false},"author":3,"featured_media":4799,"parent":4996,"menu_order":0,"comment_status":"closed","ping_status":"closed","template":"","meta":[],"page_tags":[],"_links":{"self":[{"href":"https:\/\/www.eldo.com\/guide\/wp-json\/wp\/v2\/pages\/4798"}],"collection":[{"href":"https:\/\/www.eldo.com\/guide\/wp-json\/wp\/v2\/pages"}],"about":[{"href":"https:\/\/www.eldo.com\/guide\/wp-json\/wp\/v2\/types\/page"}],"author":[{"embeddable":true,"href":"https:\/\/www.eldo.com\/guide\/wp-json\/wp\/v2\/users\/3"}],"replies":[{"embeddable":true,"href":"https:\/\/www.eldo.com\/guide\/wp-json\/wp\/v2\/comments?post=4798"}],"version-history":[{"count":3,"href":"https:\/\/www.eldo.com\/guide\/wp-json\/wp\/v2\/pages\/4798\/revisions"}],"predecessor-version":[{"id":10765,"href":"https:\/\/www.eldo.com\/guide\/wp-json\/wp\/v2\/pages\/4798\/revisions\/10765"}],"up":[{"embeddable":true,"href":"https:\/\/www.eldo.com\/guide\/wp-json\/wp\/v2\/pages\/4996"}],"wp:featuredmedia":[{"embeddable":true,"href":"https:\/\/www.eldo.com\/guide\/wp-json\/wp\/v2\/media\/4799"}],"wp:attachment":[{"href":"https:\/\/www.eldo.com\/guide\/wp-json\/wp\/v2\/media?parent=4798"}],"wp:term":[{"taxonomy":"page_tags","embeddable":true,"href":"https:\/\/www.eldo.com\/guide\/wp-json\/wp\/v2\/page_tags?post=4798"}],"curies":[{"name":"wp","href":"https:\/\/api.w.org\/{rel}","templated":true}]}}