{"id":4794,"date":"2021-07-30T08:21:06","date_gmt":"2021-07-30T08:21:06","guid":{"rendered":"https:\/\/www.eldo.com\/guide\/?page_id=4794"},"modified":"2023-11-16T10:51:29","modified_gmt":"2023-11-16T10:51:29","slug":"remontees-capillaires-comment-les-traiter","status":"publish","type":"page","link":"https:\/\/www.eldo.com\/guide\/conseils-expert\/remontees-capillaires","title":{"rendered":"Remont\u00e9es capillaires, comment les traiter ?"},"content":{"rendered":"<section class=\"l-section wpb_row us_custom_b51f0e30 height_auto width_full with_overlay\"><div class=\"l-section-overlay\" style=\"background: #ebebeb\"><\/div><div class=\"l-section-h i-cf\"><div class=\"g-cols vc_row type_boxes valign_middle\"><div class=\"vc_col-sm-12 wpb_column vc_column_container has-fill has_text_color\"><div class=\"vc_column-inner us_custom_35f8a3aa\"><div class=\"wpb_wrapper\"><div class=\"wpb_text_column\" ><div class=\"wpb_wrapper\"><h1 class=\"page-merci-title\" style=\"text-align: center;\">Remont\u00e9es capillaires, comment les traiter ?<\/h1>\n<p style=\"text-align: center;\">Les conseils d&rsquo;expert en vid\u00e9o<\/p>\n<\/div><\/div><div class=\"w-separator size_medium\"><\/div><ol class=\"g-breadcrumbs us_custom_6556ef4c separator_icon align_left has_text_color\"><li class=\"g-breadcrumbs-item\"><a href=\"https:\/\/www.eldo.com\/guide\/\">Guides travaux<\/a><meta content=\"1\"\/><\/li><li class=\"g-breadcrumbs-separator\"><i class=\"far fa-angle-right\"><\/i><\/li><li class=\"g-breadcrumbs-item\">Pages<\/li><\/ol><\/div><\/div><\/div><\/div><\/div><\/section><section class=\"l-section wpb_row height_auto width_full\"><div class=\"l-section-h i-cf\"><div class=\"g-cols vc_row type_boxes valign_middle\"><div class=\"vc_col-sm-12 wpb_column vc_column_container has-fill\"><div class=\"vc_column-inner us_custom_4fb9e5a3\"><div class=\"wpb_wrapper\"><div class=\"w-video align_center ratio_16x9\"><div class=\"w-video-h\"><iframe src=\"\/\/www.youtube.com\/embed\/91TDERrdqnk?autoplay=0&controls=1&origin=https%3A%2F%2Fwww.eldo.com%2Fguide\" allowfullscreen=\"1\"><\/iframe><\/div><div class=\"w-video-icon\" style=\"font-size:1.5rem;background:rgba(0,0,0,0.5);color:#fff;\"><\/div><\/div><\/div><\/div><\/div><\/div><\/div><\/section><section class=\"l-section wpb_row height_auto width_full\"><div class=\"l-section-h i-cf\"><div class=\"g-cols vc_row type_boxes valign_middle\"><div class=\"vc_col-sm-12 wpb_column vc_column_container\"><div class=\"vc_column-inner\"><div class=\"wpb_wrapper\"><div class=\"wpb_text_column\" ><div class=\"wpb_wrapper\"><p class=\"page-merci-title QSN\">L\u2019humidit\u00e9 dans la maison est un probl\u00e8me. Une maison humide est une maison o\u00f9 l\u2019air n\u2019est pas sain. Pour lutter contre l\u2019humidit\u00e9, il existe plusieurs solutions. La meilleure \u00e9tant de faire appel \u00e0 un expert en humidit\u00e9 qui vous aidera \u00e0 choisir la bonne m\u00e9thode.<\/p>\n<\/div><\/div><div class=\"w-separator size_medium\"><\/div><div class=\"w-btn-wrapper width_auto align_center\"><a class=\"w-btn us-btn-style_2\" title=\"Demander un devis\" target=\"_blank\" href=\"https:\/\/devis.eldo.com\/humidite-new\/france?utm_source=gmb&amp;utm_medium=SEO&amp;utm_campaign=humidite-remontees-capillaires\" rel=\"noopener\"><span class=\"w-btn-label\">Demander un devis<\/span><\/a><\/div><\/div><\/div><\/div><\/div><\/div><\/section><section class=\"l-section wpb_row us_custom_e4eb24e1 height_auto width_full\"><div class=\"l-section-h i-cf\"><div class=\"g-cols vc_row type_boxes valign_middle\"><div class=\"vc_col-sm-12 wpb_column vc_column_container has-fill\"><div class=\"vc_column-inner us_custom_4fb9e5a3\"><div class=\"wpb_wrapper\"><div class=\"wpb_text_column\" ><div class=\"wpb_wrapper\"><h2 class=\"page-merci-title QSN\">Les remont\u00e9es capillaires, qu\u2019est-ce que c\u2019est ?<\/h2>\n<div class=\"page-merci-text QSN\">C\u2019est l\u2019humidit\u00e9 du sol qui s\u2019infiltre dans les murs. Cela concerne les b\u00e2timents construits avant 1959. Les anciennes normes de construction n\u2019incluaient pas de vide sanitaire. Il n\u2019y a pas de barri\u00e8re \u00e9tanche au sol, l\u2019infiltration d\u2019eau se fait donc plus facilement dans les murs. Si vous avez une maison ancienne, vous pouvez avoir des remont\u00e9es capillaires.<\/div>\n<\/div><\/div><div class=\"w-separator size_medium\"><\/div><div class=\"wpb_text_column\" ><div class=\"wpb_wrapper\"><div class=\"page-merci-text QSN\">\n<h2 class=\"page-merci-title QSN\">Comment voir l\u2019humidit\u00e9 ?<\/h2>\n<div class=\"page-merci-text QSN\">Tout d\u2019abord l\u2019humidit\u00e9 peut \u00eatre pr\u00e9sente sur votre fa\u00e7ade. Vous pouvez apercevoir des franges d\u2019humidit\u00e9, des briques qui s\u2019effritent, de l\u2019enduit qui tombe, ou encore des pierres se colorer selon les r\u00e9gions de France. Si les murs ext\u00e9rieurs pr\u00e9sentent quelques signes de ce type, vous pouvez \u00eatre confront\u00e9 \u00e0 un <a href=\"https:\/\/www.eldo.com\/guide\/conseils-expert\/problemes-humidite\">probl\u00e8me d\u2019humidit\u00e9<\/a>. Cela peut aussi \u00eatre visible sur les murs int\u00e9rieurs, avec un d\u00e9collement de la peinture, un enduit qui cloque, des boursouflures sur les murs, ou encore des fissures\u2026 L\u2019humidit\u00e9 des murs se manifeste, vos pi\u00e8ces sont donc des pi\u00e8ces humides. Il est n\u00e9cessaire de faire un traitement contre l\u2019humidit\u00e9.<\/div>\n<\/div>\n<\/div><\/div><div class=\"w-separator size_medium\"><\/div><div class=\"w-btn-wrapper width_auto align_center\"><a class=\"w-btn us-btn-style_2\" title=\"Demander un devis\" target=\"_blank\" href=\"https:\/\/devis.eldo.com\/humidite-new\/france?utm_source=gmb&amp;utm_medium=SEO&amp;utm_campaign=humidite-remontees-capillaires\" rel=\"noopener\"><span class=\"w-btn-label\">Demander un devis<\/span><\/a><\/div><div class=\"w-separator size_medium\"><\/div><div class=\"wpb_text_column\" ><div class=\"wpb_wrapper\"><div class=\"page-merci-text QSN\">\n<h2 class=\"page-merci-title QSN\">Comment lutter contre un sol humide et des murs humides dans votre maison ?<\/h2>\n<div class=\"page-merci-text QSN\">Ce qu\u2019il faut surtout \u00e9viter de faire, c\u2019est de faire des travaux de r\u00e9novation qui ne serviraient qu\u2019\u00e0 cacher la mis\u00e8re. Enduire sa fa\u00e7ade de ciment, mettre du placo \u00e0 l\u2019int\u00e9rieur, repeindre les murs&#8230; Il faut diagnostiquer. Un diagnostic humidit\u00e9 doit \u00eatre fait par un expert pour choisir le bon traitement des remont\u00e9es capillaires. Il est conseill\u00e9 d\u2019effectuer plusieurs avis techniques, ceux-ci doivent \u00eatre gratuits.<\/div>\n<\/div>\n<\/div><\/div><div class=\"w-separator size_medium\"><\/div><div class=\"wpb_text_column\" ><div class=\"wpb_wrapper\"><div class=\"page-merci-text QSN\">\n<h2 class=\"page-merci-title QSN\">Comment traiter la capillarit\u00e9 ?<\/h2>\n<div class=\"page-merci-text QSN\">Il existe diff\u00e9rents syst\u00e8mes de traitement contre les murs humides :<br \/>\nG\u00e9omagn\u00e9tique.<br \/>\nElectromagn\u00e9tique.<br \/>\nInjection de r\u00e9sine.<br \/>\nChaque diagnostic est diff\u00e9rent et chaque maison a son traitement contre l\u2019humidit\u00e9 qui existe.<br \/>\nL\u2019humidit\u00e9 dans les murs peut causer des probl\u00e8mes de sant\u00e9. Choisir d\u2019effectuer son propre traitement contre l\u2019humidit\u00e9 peut \u00eatre risqu\u00e9. Installer un syst\u00e8me de ventilation, un d\u00e9shumidificateur d\u2019air, ou un absorbeur d\u2019humidit\u00e9 pour assainir votre maison peut \u00eatre une bonne option en surface. De vraies solutions existent pour enlever l\u2019humidit\u00e9 des murs.<br \/>\nUn traitement anti humidit\u00e9 est indispensable pour lutter contre les mauvaises odeurs. Le taux d\u2019humidit\u00e9 de votre maison peut \u00eatre n\u00e9faste pour votre air int\u00e9rieur.<br \/>\nL\u2019humidit\u00e9 de l\u2019air devient un vrai probl\u00e8me car c\u2019est l\u2019air que vous respirez tous les jours. Vous respirez donc de l\u2019humidit\u00e9. Un traitement des murs humides et un traitement anti humidit\u00e9 sont les seules solutions pour v\u00e9ritablement lutter contre ce fl\u00e9au. La qualit\u00e9 de l\u2019air est tr\u00e8s importante, a\u00e9rer tous les jours est une bonne solution. Mais si des moisissure sur les murs sont pr\u00e9sentes, votre sant\u00e9 peut en p\u00e2tir. Un lieu tr\u00e8s humide peut causer bien des d\u00e9g\u00e2ts. Un mur humide, malgr\u00e9 l\u2019a\u00e9ration, peut \u00eatre un signal d\u2019humidit\u00e9 trop \u00e9lev\u00e9e. Faites appel \u00e0 un expert avant qu\u2019il y ait plus de d\u00e9gradation.<\/div>\n<\/div>\n<\/div><\/div><\/div><\/div><\/div><\/div><\/div><\/section><section class=\"l-section wpb_row us_custom_e91755c2 height_auto width_full with_overlay\"><div class=\"l-section-overlay\" style=\"background: #ebebeb\"><\/div><div class=\"l-section-h i-cf\"><div class=\"g-cols vc_row type_boxes valign_middle\"><div class=\"vc_col-sm-12 wpb_column vc_column_container has-fill\"><div class=\"vc_column-inner us_custom_4e953632\"><div class=\"wpb_wrapper\"><p class=\"w-itext us_custom_6df4bc3a type_typingChars align_center\" onclick='return {&quot;duration&quot;:300,&quot;delay&quot;:2000,&quot;disablePartAnimation&quot;:false,&quot;dynamicColor&quot;:&quot;#ffffff&quot;,&quot;html_nbsp_char&quot;:true}'>Je\u00a0cherche\u00a0un\u00a0pro\u00a0\u00e0\u00a0<span class=\"w-itext-part changesat_0 changesat_1 changesat_2 changesat_3 changesat_4 dynamic\" style=\"color:#ffffff\" onclick='return [&quot;Bordeaux&quot;,&quot;Toulouse&quot;,&quot;Paris&quot;,&quot;Nantes&quot;,&quot;Marseille&quot;]'><span>Bordeaux<\/span><i class=\"w-itext-cursor\"><\/i><\/span><\/p><div class=\"w-separator size_small\"><\/div><div class=\"w-btn-wrapper width_auto align_center\"><a class=\"w-btn us-btn-style_2\" title=\"Demander un devis\" target=\"_blank\" href=\"https:\/\/devis.eldo.com\/humidite-new\/france?utm_source=gmb&amp;utm_medium=SEO&amp;utm_campaign=humidite-remontees-capillaires\" rel=\"noopener\"><span class=\"w-btn-label\">Expliquer mon projet<\/span><\/a><\/div><\/div><\/div><\/div><\/div><\/div><\/section>\n","protected":false},"excerpt":{"rendered":"Remont\u00e9es capillaires, comment les traiter ? Les conseils d&rsquo;expert en vid\u00e9o Guides travauxPagesL\u2019humidit\u00e9 dans la maison est un probl\u00e8me. Une maison humide est une maison o\u00f9 l\u2019air n\u2019est pas sain. Pour lutter contre l\u2019humidit\u00e9, il existe plusieurs solutions. La meilleure \u00e9tant de faire appel \u00e0 un expert en humidit\u00e9 qui vous aidera \u00e0 choisir la...","protected":false},"author":3,"featured_media":4795,"parent":4996,"menu_order":0,"comment_status":"closed","ping_status":"closed","template":"","meta":[],"page_tags":[],"_links":{"self":[{"href":"https:\/\/www.eldo.com\/guide\/wp-json\/wp\/v2\/pages\/4794"}],"collection":[{"href":"https:\/\/www.eldo.com\/guide\/wp-json\/wp\/v2\/pages"}],"about":[{"href":"https:\/\/www.eldo.com\/guide\/wp-json\/wp\/v2\/types\/page"}],"author":[{"embeddable":true,"href":"https:\/\/www.eldo.com\/guide\/wp-json\/wp\/v2\/users\/3"}],"replies":[{"embeddable":true,"href":"https:\/\/www.eldo.com\/guide\/wp-json\/wp\/v2\/comments?post=4794"}],"version-history":[{"count":6,"href":"https:\/\/www.eldo.com\/guide\/wp-json\/wp\/v2\/pages\/4794\/revisions"}],"predecessor-version":[{"id":10142,"href":"https:\/\/www.eldo.com\/guide\/wp-json\/wp\/v2\/pages\/4794\/revisions\/10142"}],"up":[{"embeddable":true,"href":"https:\/\/www.eldo.com\/guide\/wp-json\/wp\/v2\/pages\/4996"}],"wp:featuredmedia":[{"embeddable":true,"href":"https:\/\/www.eldo.com\/guide\/wp-json\/wp\/v2\/media\/4795"}],"wp:attachment":[{"href":"https:\/\/www.eldo.com\/guide\/wp-json\/wp\/v2\/media?parent=4794"}],"wp:term":[{"taxonomy":"page_tags","embeddable":true,"href":"https:\/\/www.eldo.com\/guide\/wp-json\/wp\/v2\/page_tags?post=4794"}],"curies":[{"name":"wp","href":"https:\/\/api.w.org\/{rel}","templated":true}]}}