{"id":4762,"date":"2021-07-29T13:45:19","date_gmt":"2021-07-29T13:45:19","guid":{"rendered":"https:\/\/www.eldo.com\/guide\/?page_id=4762"},"modified":"2021-08-09T15:00:09","modified_gmt":"2021-08-09T15:00:09","slug":"vendre-grace-au-home-staging","status":"publish","type":"page","link":"https:\/\/www.eldo.com\/guide\/conseils-expert\/home-staging","title":{"rendered":"Vendre gr\u00e2ce au home staging"},"content":{"rendered":"<section class=\"l-section wpb_row us_custom_b51f0e30 height_auto width_full with_overlay\"><div class=\"l-section-overlay\" style=\"background: #ebebeb\"><\/div><div class=\"l-section-h i-cf\"><div class=\"g-cols vc_row type_boxes valign_middle\"><div class=\"vc_col-sm-12 wpb_column vc_column_container has-fill has_text_color\"><div class=\"vc_column-inner us_custom_dcab9f53\"><div class=\"wpb_wrapper\"><div class=\"wpb_text_column\" ><div class=\"wpb_wrapper\"><h1 class=\"page-merci-title\" style=\"text-align: center;\">Vendre gr\u00e2ce au home staging<\/h1>\n<p style=\"text-align: center;\">Les conseils d&rsquo;expert en vid\u00e9o<\/p>\n<\/div><\/div><div class=\"w-separator size_medium\"><\/div><ol class=\"g-breadcrumbs us_custom_6556ef4c separator_icon align_left has_text_color\"><li class=\"g-breadcrumbs-item\"><a href=\"https:\/\/www.eldo.com\/guide\/\">Guides travaux<\/a><meta content=\"1\"\/><\/li><li class=\"g-breadcrumbs-separator\"><i class=\"far fa-angle-right\"><\/i><\/li><li class=\"g-breadcrumbs-item\">Pages<\/li><\/ol><\/div><\/div><\/div><\/div><\/div><\/section><section class=\"l-section wpb_row height_auto width_full\"><div class=\"l-section-h i-cf\"><div class=\"g-cols vc_row type_boxes valign_middle\"><div class=\"vc_col-sm-12 wpb_column vc_column_container has-fill\"><div class=\"vc_column-inner us_custom_4fb9e5a3\"><div class=\"wpb_wrapper\"><div class=\"w-video align_center ratio_16x9\"><div class=\"w-video-h\"><iframe src=\"\/\/www.youtube.com\/embed\/HVzUBIZ9WFM?autoplay=0&controls=1&origin=https%3A%2F%2Fwww.eldo.com%2Fguide\" allowfullscreen=\"1\"><\/iframe><\/div><div class=\"w-video-icon\" style=\"font-size:1.5rem;background:rgba(0,0,0,0.5);color:#fff;\"><\/div><\/div><\/div><\/div><\/div><\/div><\/div><\/section><section class=\"l-section wpb_row height_auto width_full\"><div class=\"l-section-h i-cf\"><div class=\"g-cols vc_row type_boxes valign_middle\"><div class=\"vc_col-sm-12 wpb_column vc_column_container\"><div class=\"vc_column-inner\"><div class=\"wpb_wrapper\"><div class=\"wpb_text_column\" ><div class=\"wpb_wrapper\"><p class=\"page-merci-title QSN\">L\u2019immovation, ou comment r\u00e9ussir \u00e0 faire du home staging pour r\u00e9ussir \u00e0 vendre sa maison rapidement. Cela vous permettra de vendre votre logement dans les meilleures conditions. Une sorte de relooking pour mettre en valeur votre bien.<\/p>\n<\/div><\/div><div class=\"w-separator size_medium\"><\/div><div class=\"w-btn-wrapper width_auto align_center\"><a class=\"w-btn us-btn-style_2\" title=\"Demander un devis\" target=\"_blank\" href=\"https:\/\/www.eldo.com\/demande-devis?utm_source=google&amp;utm_medium=guide&amp;utm_campaign=vendre-home-staging&amp;utm_term=travaux?via=guide-travaux\" rel=\"noopener\"><span class=\"w-btn-label\">Demander un devis<\/span><\/a><\/div><\/div><\/div><\/div><\/div><\/div><\/section><section class=\"l-section wpb_row us_custom_e4eb24e1 height_auto width_full\"><div class=\"l-section-h i-cf\"><div class=\"g-cols vc_row type_boxes valign_middle\"><div class=\"vc_col-sm-12 wpb_column vc_column_container has-fill\"><div class=\"vc_column-inner us_custom_4fb9e5a3\"><div class=\"wpb_wrapper\"><div class=\"wpb_text_column\" ><div class=\"wpb_wrapper\"><h2 class=\"page-merci-title QSN\">Quelle est la premi\u00e8re chose \u00e0 faire ?<\/h2>\n<div class=\"page-merci-text QSN\">La toute premi\u00e8re chose \u00e0 faire, c\u2019est une d\u00e9personnalisation du bien pour que l\u2019acqu\u00e9reur puisse se projeter dans votre maison. Un rafra\u00eechissement qui permettra \u00e0 l\u2019acqu\u00e9reur de pouvoir d\u00e8s les premi\u00e8res secondes, s\u2019imaginer dans votre bien. D\u00e9personnaliser son bien permet \u00e0 l\u2019acheteur de pouvoir envisager sa vie dans votre maison.<\/div>\n<\/div><\/div><div class=\"w-separator size_medium\"><\/div><div class=\"wpb_text_column\" ><div class=\"wpb_wrapper\"><div class=\"page-merci-text QSN\">\n<h2 class=\"page-merci-title QSN\">Faut-il d\u00e9sencombrer ?<\/h2>\n<div class=\"page-merci-text QSN\">Il est important de d\u00e9sencombrer un bien pour que celui-ci ne soit pas trop charg\u00e9. On enl\u00e8ve 30 \u00e0 40% des meubles, les photos de famille, les bibelots collectionn\u00e9s, pour pouvoir harmoniser les pi\u00e8ces. Cela permet que l\u2019acqu\u00e9reur se rende compte des volumes, de la luminosit\u00e9 et de la circulation dans le bien. Pour vendre votre maison il est essentiel qu\u2019elle soit d\u00e9sencombr\u00e9e.<br \/>\nEnsuite, vous allez rentrer dans le vif du home staging expert, c\u2019est-\u00e0-dire moderniser gr\u00e2ce \u00e0 un r\u00e9am\u00e9nagement. R\u00e9am\u00e9nager pour que chaque pi\u00e8ce ait une vraie utilit\u00e9. Si vous avez 4 chambres par exemple, vous pouvez faire 3 chambres et un bureau pour que la projection soit plus facile. Vous pourrez mettre en sc\u00e8ne une vie familiale pour qu\u2019une famille puisse avoir un coup de c\u0153ur. C\u2019est une valorisation immobili\u00e8re qui va \u00eatre effectu\u00e9e pour votre bien. Pour une maison ou un appartement, une mise en valeur du bien peut plus facilement s\u00e9duire des acheteurs potentiels.<\/div>\n<\/div>\n<\/div><\/div><div class=\"w-separator size_medium\"><\/div><div class=\"w-btn-wrapper width_auto align_center\"><a class=\"w-btn us-btn-style_2\" title=\"Demander un devis\" target=\"_blank\" href=\"https:\/\/www.eldo.com\/demande-devis?utm_source=google&amp;utm_medium=guide&amp;utm_campaign=vendre-home-staging&amp;utm_term=travaux?via=guide-travaux\" rel=\"noopener\"><span class=\"w-btn-label\">Demander un devis<\/span><\/a><\/div><div class=\"w-separator size_medium\"><\/div><div class=\"wpb_text_column\" ><div class=\"wpb_wrapper\"><div class=\"page-merci-text QSN\">\n<h2 class=\"page-merci-title QSN\">Combien \u00e7a co\u00fbte ?<\/h2>\n<div class=\"page-merci-text QSN\">Pour un appartement de 100 m\u00e8tres carr\u00e9s, le prix du home staging va varier entre 1500 et 2000 euros. Ce prix varie selon la grandeur de votre bien, l\u2019am\u00e9nagement int\u00e9rieur, etc\u2026 Un diagnostic immobilier home staging peut \u00eatre r\u00e9alis\u00e9 pour que vous ayez conscience du prix avant de vous lancer. Certaines agences immobili\u00e8res proposent du home staging dans leurs honoraires, auquel cas vous n\u2019aurez rien \u00e0 verser de plus. La vente de biens immobiliers est une chose complexe, le home staging est un coup de pouce pour vendre.<\/div>\n<\/div>\n<\/div><\/div><div class=\"w-separator size_medium\"><\/div><div class=\"wpb_text_column\" ><div class=\"wpb_wrapper\"><div class=\"page-merci-text QSN\">\n<h2 class=\"page-merci-title QSN\">Qu\u2019est ce qui est compris dans le home staging ?<\/h2>\n<div class=\"page-merci-text QSN\">La mise en vente de sa maison est parfois compliqu\u00e9e, elle peut se traduire par quitter 20 ann\u00e9es de vie dans ce bien, et le vendeur n\u2019est pas toujours objectif quant \u00e0 l\u2019\u00e9tat int\u00e9rieur de celle-ci. Faire appel \u00e0 une soci\u00e9t\u00e9 de home staging ou \u00e0 une agence immobili\u00e8re qui va s\u2019occuper du home staging et de la vente de la maison, pour mieux vendre votre bien. L\u2019espace va \u00eatre mis en valeur en d\u00e9sencombrant votre maison. De plus, un photographe professionnel va venir prendre de jolies photos pour que votre maison soit valoris\u00e9e sur les sites d\u2019annonces. Une visite virtuelle \u00e0 360\u00b0 est ensuite disponible pour que l\u2019acqu\u00e9reur puisse voir la totalit\u00e9 de votre bien. La premi\u00e8re impression dans une vente est tr\u00e8s importante. Il ne suffit pas de re-peindre, d\u2019ailleurs la peinture ici n\u2019est pas comprise dans le home staging. Par contre, des accessoires et mobiliers modernes vous seront pr\u00eat\u00e9s jusqu\u2019\u00e0 la vente de votre bien. Si votre prix de vente respecte le prix du march\u00e9, vendre votre maison pourra prendre en moyenne 3 mois.<\/div>\n<\/div>\n<\/div><\/div><\/div><\/div><\/div><\/div><\/div><\/section><section class=\"l-section wpb_row us_custom_e91755c2 height_auto width_full with_overlay\"><div class=\"l-section-overlay\" style=\"background: #ebebeb\"><\/div><div class=\"l-section-h i-cf\"><div class=\"g-cols vc_row type_boxes valign_middle\"><div class=\"vc_col-sm-12 wpb_column vc_column_container has-fill\"><div class=\"vc_column-inner us_custom_95ea5785\"><div class=\"wpb_wrapper\"><p class=\"w-itext us_custom_6df4bc3a type_typingChars align_center\" onclick='return {&quot;duration&quot;:300,&quot;delay&quot;:2000,&quot;disablePartAnimation&quot;:false,&quot;dynamicColor&quot;:&quot;#ffffff&quot;,&quot;html_nbsp_char&quot;:true}'>Je\u00a0cherche\u00a0un\u00a0pro\u00a0\u00e0\u00a0<span class=\"w-itext-part changesat_0 changesat_1 changesat_2 changesat_3 changesat_4 dynamic\" style=\"color:#ffffff\" onclick='return [&quot;Bordeaux&quot;,&quot;Toulouse&quot;,&quot;Paris&quot;,&quot;Nantes&quot;,&quot;Marseille&quot;]'><span>Bordeaux<\/span><i class=\"w-itext-cursor\"><\/i><\/span><\/p><div class=\"w-separator size_small\"><\/div><div class=\"w-btn-wrapper width_auto align_center\"><a class=\"w-btn us-btn-style_2\" title=\"Demander un devis\" target=\"_blank\" href=\"https:\/\/www.eldo.com\/demande-devis?utm_source=google&amp;utm_medium=guide&amp;utm_campaign=vendre-home-staging&amp;utm_term=travaux?via=guide-travaux\" rel=\"noopener\"><span class=\"w-btn-label\">Expliquer mon projet<\/span><\/a><\/div><\/div><\/div><\/div><\/div><\/div><\/section>\n","protected":false},"excerpt":{"rendered":"Vendre gr\u00e2ce au home staging Les conseils d&rsquo;expert en vid\u00e9o Guides travauxPagesL\u2019immovation, ou comment r\u00e9ussir \u00e0 faire du home staging pour r\u00e9ussir \u00e0 vendre sa maison rapidement. Cela vous permettra de vendre votre logement dans les meilleures conditions. Une sorte de relooking pour mettre en valeur votre bien. Demander un devisQuelle est la premi\u00e8re chose...","protected":false},"author":3,"featured_media":4763,"parent":4996,"menu_order":0,"comment_status":"closed","ping_status":"closed","template":"","meta":[],"page_tags":[],"_links":{"self":[{"href":"https:\/\/www.eldo.com\/guide\/wp-json\/wp\/v2\/pages\/4762"}],"collection":[{"href":"https:\/\/www.eldo.com\/guide\/wp-json\/wp\/v2\/pages"}],"about":[{"href":"https:\/\/www.eldo.com\/guide\/wp-json\/wp\/v2\/types\/page"}],"author":[{"embeddable":true,"href":"https:\/\/www.eldo.com\/guide\/wp-json\/wp\/v2\/users\/3"}],"replies":[{"embeddable":true,"href":"https:\/\/www.eldo.com\/guide\/wp-json\/wp\/v2\/comments?post=4762"}],"version-history":[{"count":3,"href":"https:\/\/www.eldo.com\/guide\/wp-json\/wp\/v2\/pages\/4762\/revisions"}],"predecessor-version":[{"id":4946,"href":"https:\/\/www.eldo.com\/guide\/wp-json\/wp\/v2\/pages\/4762\/revisions\/4946"}],"up":[{"embeddable":true,"href":"https:\/\/www.eldo.com\/guide\/wp-json\/wp\/v2\/pages\/4996"}],"wp:featuredmedia":[{"embeddable":true,"href":"https:\/\/www.eldo.com\/guide\/wp-json\/wp\/v2\/media\/4763"}],"wp:attachment":[{"href":"https:\/\/www.eldo.com\/guide\/wp-json\/wp\/v2\/media?parent=4762"}],"wp:term":[{"taxonomy":"page_tags","embeddable":true,"href":"https:\/\/www.eldo.com\/guide\/wp-json\/wp\/v2\/page_tags?post=4762"}],"curies":[{"name":"wp","href":"https:\/\/api.w.org\/{rel}","templated":true}]}}