{"id":4733,"date":"2021-07-29T08:43:02","date_gmt":"2021-07-29T08:43:02","guid":{"rendered":"https:\/\/www.eldo.com\/guide\/?page_id=4733"},"modified":"2023-11-16T16:28:19","modified_gmt":"2023-11-16T16:28:19","slug":"poele-a-bois-et-poele-a-granule-lequel-choisir","status":"publish","type":"page","link":"https:\/\/www.eldo.com\/guide\/conseils-expert\/poele-granule-vs-bois","title":{"rendered":"Po\u00eale \u00e0 bois et po\u00eale \u00e0 granul\u00e9 : lequel choisir ?"},"content":{"rendered":"<section class=\"l-section wpb_row us_custom_b51f0e30 height_auto width_full with_overlay\"><div class=\"l-section-overlay\" style=\"background: #ebebeb\"><\/div><div class=\"l-section-h i-cf\"><div class=\"g-cols vc_row type_boxes valign_middle\"><div class=\"vc_col-sm-12 wpb_column vc_column_container has-fill has_text_color\"><div class=\"vc_column-inner us_custom_c76c05a5\"><div class=\"wpb_wrapper\"><div class=\"wpb_text_column\" ><div class=\"wpb_wrapper\"><h1 class=\"page-merci-title\" style=\"text-align: center;\">Po\u00eale \u00e0 bois et po\u00eale \u00e0 granul\u00e9s : lequel choisir ?<\/h1>\n<p style=\"text-align: center;\">Les conseils d&rsquo;expert en vid\u00e9o<\/p>\n<\/div><\/div><div class=\"w-separator size_medium\"><\/div><ol class=\"g-breadcrumbs us_custom_6556ef4c separator_icon align_left has_text_color\"><li class=\"g-breadcrumbs-item\"><a href=\"https:\/\/www.eldo.com\/guide\/\">Guides travaux<\/a><meta content=\"1\"\/><\/li><li class=\"g-breadcrumbs-separator\"><i class=\"far fa-angle-right\"><\/i><\/li><li class=\"g-breadcrumbs-item\">Pages<\/li><\/ol><\/div><\/div><\/div><\/div><\/div><\/section><section class=\"l-section wpb_row height_auto width_full\"><div class=\"l-section-h i-cf\"><div class=\"g-cols vc_row type_boxes valign_middle\"><div class=\"vc_col-sm-12 wpb_column vc_column_container has-fill\"><div class=\"vc_column-inner us_custom_4fb9e5a3\"><div class=\"wpb_wrapper\"><div class=\"w-video align_center ratio_16x9\"><div class=\"w-video-h\"><iframe src=\"\/\/www.youtube.com\/embed\/mzQQpByttSw?autoplay=0&controls=1&origin=https%3A%2F%2Fwww.eldo.com%2Fguide\" allowfullscreen=\"1\"><\/iframe><\/div><div class=\"w-video-icon\" style=\"font-size:1.5rem;background:rgba(0,0,0,0.5);color:#fff;\"><\/div><\/div><\/div><\/div><\/div><\/div><\/div><\/section><section class=\"l-section wpb_row height_auto width_full\"><div class=\"l-section-h i-cf\"><div class=\"g-cols vc_row type_boxes valign_middle\"><div class=\"vc_col-sm-12 wpb_column vc_column_container\"><div class=\"vc_column-inner\"><div class=\"wpb_wrapper\"><div class=\"wpb_text_column\" ><div class=\"wpb_wrapper\"><p class=\"page-merci-title QSN\">Il existe beaucoup d\u2019appareils de chauffage. Les granul\u00e9s de bois vont \u00eatre un vrai mode de chauffage contrairement \u00e0 un po\u00eale \u00e0 bois qui va \u00eatre un syst\u00e8me de chauffage d\u2019appoint. Le pouvoir calorifique d\u2019un po\u00eale \u00e0 granul\u00e9s est plus puissant que celui d\u2019un po\u00eale \u00e0 bois. Tout d\u00e9pend de vos besoins pour r\u00e9chauffer votre int\u00e9rieur.<\/p>\n<\/div><\/div><div class=\"w-separator size_medium\"><\/div><div class=\"w-btn-wrapper width_auto align_center\"><a class=\"w-btn us-btn-style_2\" title=\"Demander un devis\" target=\"_blank\" href=\"https:\/\/devis.eldo.com\/poele-cheminee-new\/france?utm_source=Guide&amp;utm_medium=SEO&amp;utm_campaign=poele-granules-vs-bois\" rel=\"noopener\"><span class=\"w-btn-label\">Demander un devis<\/span><\/a><\/div><\/div><\/div><\/div><\/div><\/div><\/section><section class=\"l-section wpb_row us_custom_e4eb24e1 height_auto width_full\"><div class=\"l-section-h i-cf\"><div class=\"g-cols vc_row type_boxes valign_middle\"><div class=\"vc_col-sm-12 wpb_column vc_column_container has-fill\"><div class=\"vc_column-inner us_custom_4fb9e5a3\"><div class=\"wpb_wrapper\"><div class=\"wpb_text_column\" ><div class=\"wpb_wrapper\"><h2 class=\"page-merci-title QSN\">Le po\u00eale \u00e0 bois<\/h2>\n<div class=\"page-merci-text QSN\">Le po\u00eale \u00e0 bois va diffuser une chaleur rayonnante. C\u2019est une solution de chauffage qui va durer entre 4 \u00e0 10 heures maximum de chauffe. Le chauffage au bois est un chauffage d\u2019appoint. Il ne remplace pas votre syst\u00e8me de chauffage. La b\u00fbche de bois va par ailleurs co\u00fbter moins cher que les granul\u00e9s. Le chauffeur au bois offre un bon temps de chauffe, l\u2019odeur et l\u2019agr\u00e9ment de la flamme est agr\u00e9able et il est deux fois moins cher qu\u2019un po\u00eale \u00e0 granul\u00e9.\u00a0<a href=\"https:\/\/www.eldo.com\/conseils-expert\/choisir-son-poele-a-bois\">Installer un po\u00eale \u00e0 bois<\/a>\u00a0va co\u00fbter entre 1500 et 2000 \u20ac.<\/div>\n<\/div><\/div><div class=\"w-separator size_medium\"><\/div><div class=\"wpb_text_column\" ><div class=\"wpb_wrapper\"><div class=\"page-merci-text QSN\">\n<h2 class=\"page-merci-title QSN\">Le po\u00eale \u00e0 granul\u00e9<\/h2>\n<div class=\"page-merci-text QSN\">Le po\u00eale \u00e0 granul\u00e9 est un r\u00e9el moyen de chauffage. C\u2019est un syst\u00e8me programmable gr\u00e2ce \u00e0 un thermostat d\u2019ambiance. Il vous offre donc un confort thermique hors norme. Tout comme une chaudi\u00e8re, il s\u2019arr\u00eate lorsqu\u2019il atteint la temp\u00e9rature voulue et augmente tant que celle-ci n\u2019est pas atteinte. Il est autonome. Sa puissance calorifique va rayonner dans la pi\u00e8ce, mais surtout ventiler pour avoir des surfaces de chauffe tr\u00e8s importante. Le temps de chauffe peut aller de 24 heures \u00e0 48 heures. Le po\u00eale \u00e0 granul\u00e9s de bois est tr\u00e8s performant, c\u2019est une installation de chauffage qui peut remplacer votre chauffage \u00e9lectrique. Ce type de chauffage peut donc vous faire b\u00e9n\u00e9ficier d\u2019une prime \u00e9nergie.<\/div>\n<\/div>\n<\/div><\/div><div class=\"w-separator size_medium\"><\/div><div class=\"w-btn-wrapper width_auto align_center\"><a class=\"w-btn us-btn-style_2\" title=\"Demander un devis\" target=\"_blank\" href=\"https:\/\/devis.eldo.com\/poele-cheminee-new\/france?utm_source=Guide&amp;utm_medium=SEO&amp;utm_campaign=poele-granules-vs-bois\" rel=\"noopener\"><span class=\"w-btn-label\">Demander un devis<\/span><\/a><\/div><div class=\"w-separator size_medium\"><\/div><div class=\"wpb_text_column\" ><div class=\"wpb_wrapper\"><div class=\"page-merci-text QSN\">\n<h2 class=\"page-merci-title QSN\">La gestion du bois<\/h2>\n<div class=\"page-merci-text QSN\">La gestion du bois b\u00fbche peut parfois \u00eatre compliqu\u00e9e, ne serait-ce que pour le stocker. Les granul\u00e9s eux se stockent \u00e0 l\u2019int\u00e9rieur par paquet de 16 kilos. Une chaudi\u00e8re \u00e0 granul\u00e9s de bois est un vrai syst\u00e8me de chauffage. Elle peut aussi avoir un raccordement pour chauffer une pi\u00e8ce ext\u00e9rieure \u00e0 la pi\u00e8ce principale. Or, avec un po\u00eale \u00e0 bois, il va falloir ajouter un insert pour pouvoir chauffer une autre pi\u00e8ce.<br \/>\nSe chauffer au bois est \u00e9conomique et \u00e9cologique, associ\u00e9 aux \u00e9nergies renouvelables. En ayant un chauffage \u00e0 granul\u00e9s, vous vous inscrivez dans une d\u00e9marche responsable.<br \/>\nChauffage \u00e0 bois ou \u00e0 granul\u00e9, cela va d\u00e9pendre de vos besoins en chauffage \u00e0 l\u2019int\u00e9rieur de votre maison. Le chauffage \u00e0 granul\u00e9 va servir de chauffage central alors que le po\u00eale \u00e0 bois va \u00eatre un syst\u00e8me d\u2019appoint ajoutant une touche \u00e0 la d\u00e9coration et l\u2019atmosph\u00e8re int\u00e9rieure.<\/div>\n<\/div>\n<\/div><\/div><\/div><\/div><\/div><\/div><\/div><\/section><section class=\"l-section wpb_row us_custom_e91755c2 height_auto width_full with_overlay\"><div class=\"l-section-overlay\" style=\"background: #ebebeb\"><\/div><div class=\"l-section-h i-cf\"><div class=\"g-cols vc_row type_boxes valign_middle\"><div class=\"vc_col-sm-12 wpb_column vc_column_container has-fill\"><div class=\"vc_column-inner us_custom_7b688765\"><div class=\"wpb_wrapper\"><p class=\"w-itext us_custom_6df4bc3a type_typingChars align_center\" onclick='return {&quot;duration&quot;:300,&quot;delay&quot;:2000,&quot;disablePartAnimation&quot;:false,&quot;dynamicColor&quot;:&quot;#ffffff&quot;,&quot;html_nbsp_char&quot;:true}'>Je\u00a0cherche\u00a0un\u00a0pro\u00a0\u00e0\u00a0<span class=\"w-itext-part changesat_0 changesat_1 changesat_2 changesat_3 changesat_4 dynamic\" style=\"color:#ffffff\" onclick='return [&quot;Bordeaux&quot;,&quot;Toulouse&quot;,&quot;Paris&quot;,&quot;Nantes&quot;,&quot;Marseille&quot;]'><span>Bordeaux<\/span><i class=\"w-itext-cursor\"><\/i><\/span><\/p><div class=\"w-separator size_small\"><\/div><div class=\"w-btn-wrapper width_auto align_center\"><a class=\"w-btn us-btn-style_2\" title=\"Demander un devis\" target=\"_blank\" href=\"https:\/\/devis.eldo.com\/poele-cheminee-new\/france?utm_source=Guide&amp;utm_medium=SEO&amp;utm_campaign=poele-granules-vs-bois\" rel=\"noopener\"><span class=\"w-btn-label\">Expliquer mon projet<\/span><\/a><\/div><\/div><\/div><\/div><\/div><\/div><\/section>\n","protected":false},"excerpt":{"rendered":"Po\u00eale \u00e0 bois et po\u00eale \u00e0 granul\u00e9s : lequel choisir ? Les conseils d&rsquo;expert en vid\u00e9o Guides travauxPagesIl existe beaucoup d\u2019appareils de chauffage. Les granul\u00e9s de bois vont \u00eatre un vrai mode de chauffage contrairement \u00e0 un po\u00eale \u00e0 bois qui va \u00eatre un syst\u00e8me de chauffage d\u2019appoint. Le pouvoir calorifique d\u2019un po\u00eale \u00e0 granul\u00e9s...","protected":false},"author":3,"featured_media":4734,"parent":4996,"menu_order":0,"comment_status":"closed","ping_status":"closed","template":"","meta":[],"page_tags":[],"_links":{"self":[{"href":"https:\/\/www.eldo.com\/guide\/wp-json\/wp\/v2\/pages\/4733"}],"collection":[{"href":"https:\/\/www.eldo.com\/guide\/wp-json\/wp\/v2\/pages"}],"about":[{"href":"https:\/\/www.eldo.com\/guide\/wp-json\/wp\/v2\/types\/page"}],"author":[{"embeddable":true,"href":"https:\/\/www.eldo.com\/guide\/wp-json\/wp\/v2\/users\/3"}],"replies":[{"embeddable":true,"href":"https:\/\/www.eldo.com\/guide\/wp-json\/wp\/v2\/comments?post=4733"}],"version-history":[{"count":5,"href":"https:\/\/www.eldo.com\/guide\/wp-json\/wp\/v2\/pages\/4733\/revisions"}],"predecessor-version":[{"id":10197,"href":"https:\/\/www.eldo.com\/guide\/wp-json\/wp\/v2\/pages\/4733\/revisions\/10197"}],"up":[{"embeddable":true,"href":"https:\/\/www.eldo.com\/guide\/wp-json\/wp\/v2\/pages\/4996"}],"wp:featuredmedia":[{"embeddable":true,"href":"https:\/\/www.eldo.com\/guide\/wp-json\/wp\/v2\/media\/4734"}],"wp:attachment":[{"href":"https:\/\/www.eldo.com\/guide\/wp-json\/wp\/v2\/media?parent=4733"}],"wp:term":[{"taxonomy":"page_tags","embeddable":true,"href":"https:\/\/www.eldo.com\/guide\/wp-json\/wp\/v2\/page_tags?post=4733"}],"curies":[{"name":"wp","href":"https:\/\/api.w.org\/{rel}","templated":true}]}}