{"id":4689,"date":"2021-07-28T09:07:02","date_gmt":"2021-07-28T09:07:02","guid":{"rendered":"https:\/\/www.eldo.com\/guide\/?page_id=4689"},"modified":"2023-11-14T14:23:22","modified_gmt":"2023-11-14T14:23:22","slug":"climatisation-design-et-innovation","status":"publish","type":"page","link":"https:\/\/www.eldo.com\/guide\/conseils-expert\/climatisation-design","title":{"rendered":"Climatisation : Design et innovation"},"content":{"rendered":"<section class=\"l-section wpb_row us_custom_b51f0e30 height_auto width_full with_overlay\"><div class=\"l-section-overlay\" style=\"background: #ebebeb\"><\/div><div class=\"l-section-h i-cf\"><div class=\"g-cols vc_row type_boxes valign_middle\"><div class=\"vc_col-sm-12 wpb_column vc_column_container has-fill has_text_color\"><div class=\"vc_column-inner us_custom_1f7cf50a\"><div class=\"wpb_wrapper\"><div class=\"wpb_text_column\" ><div class=\"wpb_wrapper\"><h1 class=\"page-merci-title\" style=\"text-align: center;\">Climatisation : Design et innovation<\/h1>\n<p style=\"text-align: center;\">Les conseils d&rsquo;expert en vid\u00e9o<\/p>\n<\/div><\/div><div class=\"w-separator size_medium\"><\/div><ol class=\"g-breadcrumbs us_custom_6556ef4c separator_icon align_left has_text_color\"><li class=\"g-breadcrumbs-item\"><a href=\"https:\/\/www.eldo.com\/guide\/\">Guides travaux<\/a><meta content=\"1\"\/><\/li><li class=\"g-breadcrumbs-separator\"><i class=\"far fa-angle-right\"><\/i><\/li><li class=\"g-breadcrumbs-item\">Pages<\/li><\/ol><\/div><\/div><\/div><\/div><\/div><\/section><section class=\"l-section wpb_row height_auto width_full\"><div class=\"l-section-h i-cf\"><div class=\"g-cols vc_row type_boxes valign_middle\"><div class=\"vc_col-sm-12 wpb_column vc_column_container has-fill\"><div class=\"vc_column-inner us_custom_4fb9e5a3\"><div class=\"wpb_wrapper\"><div class=\"w-video align_center ratio_16x9\"><div class=\"w-video-h\"><iframe src=\"\/\/www.youtube.com\/embed\/5ZDhxvUc3WA?autoplay=0&controls=1&origin=https%3A%2F%2Fwww.eldo.com%2Fguide\" allowfullscreen=\"1\"><\/iframe><\/div><div class=\"w-video-icon\" style=\"font-size:1.5rem;background:rgba(0,0,0,0.5);color:#fff;\"><\/div><\/div><\/div><\/div><\/div><\/div><\/div><\/section><section class=\"l-section wpb_row height_auto width_full\"><div class=\"l-section-h i-cf\"><div class=\"g-cols vc_row type_boxes valign_middle\"><div class=\"vc_col-sm-12 wpb_column vc_column_container\"><div class=\"vc_column-inner\"><div class=\"wpb_wrapper\"><div class=\"wpb_text_column\" ><div class=\"wpb_wrapper\"><p class=\"page-merci-title QSN\">Aujourd&rsquo;hui, la climatisation \u00e9volue de mani\u00e8re consid\u00e9rable. Elle devient silencieuse, \u00e9cologique et \u00e9conomique. La climatisation r\u00e9versible est de plus en plus utilis\u00e9e (climatisation chauffage). En chauffant en hiver et par refroidissement l&rsquo;\u00e9t\u00e9, le climatiseur r\u00e9versible devient l&rsquo;alliance parfaite entre le climatiseur et le chauffage \u00e9lectrique.<\/p>\n<\/div><\/div><div class=\"w-separator size_medium\"><\/div><div class=\"w-btn-wrapper width_auto align_center\"><a class=\"w-btn us-btn-style_2\" title=\"Demander un devis\" target=\"_blank\" href=\"https:\/\/devis.eldo.com\/chauffage-climatisation-clim\/france?utm_source=gmb&amp;utm_medium=SEO&amp;utm_campaign=climatisation-conseils-expert-design\" rel=\"noopener\"><span class=\"w-btn-label\">Demander un devis<\/span><\/a><\/div><\/div><\/div><\/div><\/div><\/div><\/section><section class=\"l-section wpb_row us_custom_e4eb24e1 height_auto width_full\"><div class=\"l-section-h i-cf\"><div class=\"g-cols vc_row type_boxes valign_middle\"><div class=\"vc_col-sm-12 wpb_column vc_column_container has-fill\"><div class=\"vc_column-inner us_custom_4fb9e5a3\"><div class=\"wpb_wrapper\"><div class=\"wpb_text_column\" ><div class=\"wpb_wrapper\"><h2 class=\"page-merci-title QSN\">Quelles innovations sont pr\u00e9sentes aujourd&rsquo;hui dans les climatisations ?<\/h2>\n<div class=\"page-merci-text QSN\">Le chauffage install\u00e9 dans les climatiseurs permet aujourd&rsquo;hui de chauffer jusqu&rsquo;\u00e0 une temp\u00e9rature ext\u00e9rieure de -25 degr\u00e9s. La climatisation r\u00e9versible (technologie inverter) a vraiment \u00e9volu\u00e9 et promet un confort en \u00e9t\u00e9 comme en hiver. On n&rsquo;a jamais dout\u00e9 de la puissance des syst\u00e8mes de climatisation en \u00e9t\u00e9, mais on pouvait \u00eatre plus m\u00e9fiant \u00e0 l\u2019\u00e9gard d&rsquo;un chauffage climatisation. La technologie a contribu\u00e9 \u00e0 ce que ce proc\u00e9d\u00e9 soit aujourd\u2019hui infaillible.<\/div>\n<\/div><\/div><div class=\"w-separator size_medium\"><\/div><div class=\"w-btn-wrapper width_auto align_center\"><a class=\"w-btn us-btn-style_2\" title=\"Demander un devis\" target=\"_blank\" href=\"https:\/\/devis.eldo.com\/chauffage-climatisation-clim\/france?utm_source=gmb&amp;utm_medium=SEO&amp;utm_campaign=climatisation-conseils-expert-design\" rel=\"noopener\"><span class=\"w-btn-label\">Demander un devis<\/span><\/a><\/div><div class=\"w-separator size_medium\"><\/div><div class=\"wpb_text_column\" ><div class=\"wpb_wrapper\"><div class=\"page-merci-text QSN\">\n<h2 class=\"page-merci-title QSN\">Comment se passent les commandes \u00e0 distance ?<\/h2>\n<div class=\"page-merci-text QSN\">Lancer une commande \u00e0 distance est maintenant faisable dans bien des domaines. Pour un climatiseur fixe aussi, cela fonctionne. Le t\u00e9l\u00e9phone portable va servir de t\u00e9l\u00e9commande, pour que la climatisation puisse \u00eatre r\u00e9gl\u00e9e \u00e0 distance. V\u00e9rifier que les locataires de votre appartement utilisent la clim \u00e0 bon escient ? Lancer le chauffage dans sa maison sur le retour de vacances au ski ? Climatiser votre appartement 10 minutes votre retour ? C&rsquo;est maintenant possible.<\/div>\n<\/div>\n<\/div><\/div><div class=\"w-separator size_medium\"><\/div><div class=\"wpb_text_column\" ><div class=\"wpb_wrapper\"><div class=\"page-merci-text QSN\">\n<h2 class=\"page-merci-title QSN\">Comment la climatisation \u00e9volue-t-elle ?<\/h2>\n<div class=\"page-merci-text QSN\">Les syst\u00e8mes de climatisation sont est plein essor. Des avanc\u00e9s \u00e9tonnantes ont \u00e9t\u00e9 faites ces derni\u00e8res ann\u00e9es (augmentation de la performance \u00e9nerg\u00e9tique, diminution de la consommation d&rsquo;\u00e9nergie, etc&#8230;). La climatisation permet d\u2019acqu\u00e9rir un confort thermique des plus agr\u00e9ables. Les climatiseurs deviennent intelligents et\u00a0s&rsquo;adaptent aux maisons de demain, ils sont capables de d\u00e9tecter la pr\u00e9sence de personnes dans la pi\u00e8ce, et vont donc d\u00e9placer leur soufflerie de mani\u00e8re \u00e0 souffler sans importuner. Ils peuvent aussi d\u00e9tecter des zones froides et les chauffer, c&rsquo;est une solution de chauffage autonome.<\/div>\n<\/div>\n<\/div><\/div><div class=\"w-separator size_medium\"><\/div><div class=\"w-btn-wrapper width_auto align_center\"><a class=\"w-btn us-btn-style_2\" title=\"Demander un devis\" target=\"_blank\" href=\"https:\/\/devis.eldo.com\/chauffage-climatisation-clim\/france?utm_source=gmb&amp;utm_medium=SEO&amp;utm_campaign=climatisation-conseils-expert-design\" rel=\"noopener\"><span class=\"w-btn-label\">Demander un devis<\/span><\/a><\/div><div class=\"w-separator size_medium\"><\/div><div class=\"wpb_text_column\" ><div class=\"wpb_wrapper\"><h2 class=\"page-merci-title QSN\">A quoi ressemblent les nouvelles climatisations ?<\/h2>\n<div class=\"page-merci-text QSN\">L&rsquo;image de la climatisation est souvent mauvaise, on imagine le gros bloc blanc soufflant de l&rsquo;air et bruyant. Or, le design est devenu un argument de vente. Le climatiseur peut \u00eatre discret et fonctionner tout aussi bien. Il est aussi possible de mettre en place des climatisations gainables double flux : des bouches sont install\u00e9es au plafond ou faux plafond, et l&rsquo;appareil n&rsquo;est donc plus visible. Il suffit d&rsquo;un thermostat dans plusieurs pi\u00e8ces et le tour est jou\u00e9. Si vous n&rsquo;\u00eates pas s\u00fbr de votre choix, il est maintenant possible de simuler l&rsquo;installation de la climatisation (avec une tablette ou un ordinateur portable) et de voir le rendu final.<\/div>\n<\/div><\/div><div class=\"w-separator size_medium\"><\/div><div class=\"wpb_text_column\" ><div class=\"wpb_wrapper\"><h2 class=\"page-merci-title QSN\">Quelle \u00e9volution esth\u00e9tique conna\u00eet la climatisation?<\/h2>\n<div class=\"page-merci-text QSN\">\n<p>Au niveau de l&rsquo;esth\u00e9tique, de nouvelles gammes design voient le jour. Des appareils beaucoup plus \u00e9pur\u00e9s qui s&rsquo;adaptent plus facilement aux diff\u00e9rents int\u00e9rieurs. Un large choix de couleurs va \u00eatre disponible dans les climatisations Mitsubishi surtout, pour quelques dizaines d&rsquo;euros de plus, \u00e0 savoir :<\/p>\n<ul>\n<li style=\"list-style-type: none;\">\n<ul>\n<li>Blanc bak\u00e9lite.<\/li>\n<li>Gris perle.<\/li>\n<li>Rouge rubis.<\/li>\n<li>Gris argent\u00e9.<\/li>\n<li>Noir brillant.<\/li>\n<\/ul>\n<\/li>\n<\/ul>\n<ul>Les climatisations peuvent tout \u00e0 fait s&rsquo;harmoniser avec l&rsquo;int\u00e9rieur de votre habitat. C&rsquo;est un investissement sur 10 \u00e0 15 ans, c&rsquo;est donc important que le climatiseur mural devienne un vrai \u00e9l\u00e9ment de d\u00e9coration moderne.<\/ul>\n<\/div>\n<h2 class=\"page-merci-title QSN\"><\/h2>\n<\/div><\/div><div class=\"w-separator size_medium\"><\/div><div class=\"w-btn-wrapper width_auto align_center\"><a class=\"w-btn us-btn-style_2\" title=\"Demander un devis\" target=\"_blank\" href=\"https:\/\/devis.eldo.com\/chauffage-climatisation-clim\/france?utm_source=gmb&amp;utm_medium=SEO&amp;utm_campaign=climatisation-conseils-expert-design\" rel=\"noopener\"><span class=\"w-btn-label\">Demander un devis<\/span><\/a><\/div><div class=\"w-separator size_medium\"><\/div><div class=\"wpb_text_column\" ><div class=\"wpb_wrapper\"><h2 class=\"page-merci-title QSN\">Et si le design changeait tout ?<\/h2>\n<div class=\"page-merci-text QSN\">Jusqu&rsquo;\u00e0 pr\u00e9sent, pour une climatisation mobile, un climatiseur monobloc classique, un climatiseur split ,ou une installation de climatisation conventionnelle, le design est secondaire. Dot\u00e9e d&rsquo;un pouvoir r\u00e9frig\u00e9rant comparable, d&rsquo;un niveau sonore am\u00e9lior\u00e9 (syst\u00e8me plus silencieux), d&rsquo;une ventilation double flux, la clim r\u00e9versible moderne va rafra\u00eechir l&rsquo;air int\u00e9rieur en se fondant dans un d\u00e9cor \u00e9pur\u00e9. La puissance frigorifique, la gestion du flux de ventilation m\u00e9canique et l&rsquo;efficacit\u00e9 \u00e9nerg\u00e9tique sont doubl\u00e9es d&rsquo;une esth\u00e9tique novatrice.<br \/>\nN&rsquo;h\u00e9sitez pas \u00e0 demander conseil \u00e0 votre installateur frigoriste, il vous aidera \u00e0 vous \u00e9quiper.<\/div>\n<\/div><\/div><\/div><\/div><\/div><\/div><\/div><\/section><section class=\"l-section wpb_row us_custom_e91755c2 height_auto width_full with_overlay\"><div class=\"l-section-overlay\" style=\"background: #ebebeb\"><\/div><div class=\"l-section-h i-cf\"><div class=\"g-cols vc_row type_boxes valign_middle\"><div class=\"vc_col-sm-12 wpb_column vc_column_container has-fill\"><div class=\"vc_column-inner us_custom_67f64980\"><div class=\"wpb_wrapper\"><p class=\"w-itext us_custom_6df4bc3a type_typingChars align_center\" onclick='return {&quot;duration&quot;:300,&quot;delay&quot;:2000,&quot;disablePartAnimation&quot;:false,&quot;dynamicColor&quot;:&quot;#ffffff&quot;,&quot;html_nbsp_char&quot;:true}'>Je\u00a0cherche\u00a0un\u00a0pro\u00a0\u00e0\u00a0<span class=\"w-itext-part changesat_0 changesat_1 changesat_2 changesat_3 changesat_4 dynamic\" style=\"color:#ffffff\" onclick='return [&quot;Bordeaux&quot;,&quot;Toulouse&quot;,&quot;Paris&quot;,&quot;Nantes&quot;,&quot;Marseille&quot;]'><span>Bordeaux<\/span><i class=\"w-itext-cursor\"><\/i><\/span><\/p><div class=\"w-separator size_small\"><\/div><div class=\"w-btn-wrapper width_auto align_center\"><a class=\"w-btn us-btn-style_2\" title=\"Demander un devis\" target=\"_blank\" href=\"https:\/\/devis.eldo.com\/chauffage-climatisation-clim\/france?utm_source=gmb&amp;utm_medium=SEO&amp;utm_campaign=climatisation-conseils-expert-design\" rel=\"noopener\"><span class=\"w-btn-label\">Expliquer mon projet<\/span><\/a><\/div><\/div><\/div><\/div><\/div><\/div><\/section>\n","protected":false},"excerpt":{"rendered":"Climatisation : Design et innovation Les conseils d&rsquo;expert en vid\u00e9o Guides travauxPagesAujourd&rsquo;hui, la climatisation \u00e9volue de mani\u00e8re consid\u00e9rable. Elle devient silencieuse, \u00e9cologique et \u00e9conomique. La climatisation r\u00e9versible est de plus en plus utilis\u00e9e (climatisation chauffage). En chauffant en hiver et par refroidissement l&rsquo;\u00e9t\u00e9, le climatiseur r\u00e9versible devient l&rsquo;alliance parfaite entre le climatiseur et le chauffage...","protected":false},"author":3,"featured_media":4690,"parent":4996,"menu_order":0,"comment_status":"closed","ping_status":"closed","template":"","meta":[],"page_tags":[],"_links":{"self":[{"href":"https:\/\/www.eldo.com\/guide\/wp-json\/wp\/v2\/pages\/4689"}],"collection":[{"href":"https:\/\/www.eldo.com\/guide\/wp-json\/wp\/v2\/pages"}],"about":[{"href":"https:\/\/www.eldo.com\/guide\/wp-json\/wp\/v2\/types\/page"}],"author":[{"embeddable":true,"href":"https:\/\/www.eldo.com\/guide\/wp-json\/wp\/v2\/users\/3"}],"replies":[{"embeddable":true,"href":"https:\/\/www.eldo.com\/guide\/wp-json\/wp\/v2\/comments?post=4689"}],"version-history":[{"count":8,"href":"https:\/\/www.eldo.com\/guide\/wp-json\/wp\/v2\/pages\/4689\/revisions"}],"predecessor-version":[{"id":10068,"href":"https:\/\/www.eldo.com\/guide\/wp-json\/wp\/v2\/pages\/4689\/revisions\/10068"}],"up":[{"embeddable":true,"href":"https:\/\/www.eldo.com\/guide\/wp-json\/wp\/v2\/pages\/4996"}],"wp:featuredmedia":[{"embeddable":true,"href":"https:\/\/www.eldo.com\/guide\/wp-json\/wp\/v2\/media\/4690"}],"wp:attachment":[{"href":"https:\/\/www.eldo.com\/guide\/wp-json\/wp\/v2\/media?parent=4689"}],"wp:term":[{"taxonomy":"page_tags","embeddable":true,"href":"https:\/\/www.eldo.com\/guide\/wp-json\/wp\/v2\/page_tags?post=4689"}],"curies":[{"name":"wp","href":"https:\/\/api.w.org\/{rel}","templated":true}]}}